{"id":15100,"date":"2015-03-31T13:59:22","date_gmt":"2015-03-31T13:59:22","guid":{"rendered":"https:\/\/www.sisinternational.com\/?page_id=15100"},"modified":"2026-01-24T21:08:40","modified_gmt":"2026-01-25T02:08:40","slug":"pet-care-market-research","status":"publish","type":"page","link":"https:\/\/www.sisinternational.com\/pl\/ekspertyza\/pet-care-market-research\/","title":{"rendered":"Badania rynku opieki nad zwierz\u0119tami"},"content":{"rendered":"<h1 class=\"wp-block-heading\">Pet Care&nbsp;Market Research<\/h1>\n\n\n\n<figure class=\"gb-block-image gb-block-image-2578a930\"><img loading=\"lazy\" decoding=\"async\" width=\"1456\" height=\"816\" class=\"gb-image gb-image-2578a930\" src=\"https:\/\/www.sisinternational.com\/wp-content\/uploads\/2025\/08\/Pets-dogs-cats-8.jpg\" srcset=\"https:\/\/www.sisinternational.com\/wp-content\/uploads\/2025\/08\/Pets-dogs-cats-8.jpg 1456w, https:\/\/www.sisinternational.com\/wp-content\/uploads\/2025\/08\/Pets-dogs-cats-8-300x168.jpg 300w, https:\/\/www.sisinternational.com\/wp-content\/uploads\/2025\/08\/Pets-dogs-cats-8-1024x574.jpg 1024w, https:\/\/www.sisinternational.com\/wp-content\/uploads\/2025\/08\/Pets-dogs-cats-8-768x430.jpg 768w, https:\/\/www.sisinternational.com\/wp-content\/uploads\/2025\/08\/Pets-dogs-cats-8-18x10.jpg 18w\" sizes=\"auto, (max-width: 1456px) 100vw, 1456px\" alt=\"SIS Mi\u0119dzynarodowe badania rynku i strategia\"><\/figure>\n\n\n\n<p><\/p>\n\n\n\n<p><\/p>\n\n\n\n<h2 class=\"wp-block-heading p1\">People spend an increasing amount of discretionary income on their pets.<\/h2>\n\n\n\n<p class=\"p1\">The pet care industry is booming but it is an extremely competitive market, saturated with new entries that must now go toe-to-toe with big box stores and rising ecommerce competitors which have entered the market.<\/p>\n\n\n\n<p class=\"p1\">Pet-oriented businesses are employing increasingly sophisticated methods to gain an edge over the competition, including social media, apps, targeted sales strategies, new ingredients, mobile technologies and more.<\/p>\n\n\n\n<p class=\"p1\">As the global population ages and single-member households increase, people turn to animals for companionship and for the proven health benefits pets provide (stress relief, lower blood pressure). More people around the world are buying pets \u2013 dogs, cats, fish, birds, spiders, snakes, horses \u2013 evidently we can\u2019t get enough of our furry and feathered friends.<\/p>\n\n\n\n<p class=\"p1\">The avenues of potential profit are numerous within the pet care industry, including \u2013 grooming, obedience training, kennels, premium products, nutrition, vet care, digital monitoring, pet healthcare, pharmaceuticals, pet clothing, weight management, day care, and pet insurance.<\/p>\n\n\n\n<h2 class=\"wp-block-heading\">About Pet Care Market Research<\/h2>\n\n\n\n<p class=\"p1\">SIS Mi\u0119dzynarodowy <a href=\"https:\/\/www.sisinternational.com\/pl\/ekspertyza\/branze\/wound-care-market-research\/\" title=\"Badania rynku opieki nad ranami\"  data-wpil-monitor-id=\"3171\">Research monitors near-term and long-range pet care<\/a> market trends, assisting pet care-related businesses in formulating effective marketing strategies. Our focus groups, quantitative and qualitative studies, online surveys, intercepts, and <a href=\"https:\/\/www.sisinternational.com\/pl\/global-beverage-market\/\" title=\"Global Beverage Market: Market Dynamics, Growth Projections &amp; Consumer Insights\"  data-wpil-monitor-id=\"10773\">global market<\/a> analysis efforts provide invaluable data and insight into the evolving pet care market, and into the minds of your customers. Additionally, our <a href=\"https:\/\/www.sisinternational.com\/pl\/zintegrowana-strategia-marketingowa-dla-innowacyjnej-platformy-handlu-online\/\" title=\"Kampania marketingowa dla innowacyjnej platformy handlu online\"  data-wpil-monitor-id=\"8224\">market intelligence campaigns<\/a> reveal information that can offer our clients a decided competitive edge. Let <a href=\"https:\/\/www.sisinternational.com\/pl\/rozwiazania\/rozwiazania-w-zakresie-brandingu-i-badan-klientow\/badania-rynku-testowanie-produktow\/sis-internationals-degustacja-jedzenia\/\" title=\"Co sprawia, \u017ce SIS International Research jest najlepsz\u0105 firm\u0105 badawcz\u0105 rynku w zakresie testowania smaku \u017cywno\u015bci w Nowym Jorku\"  data-wpil-monitor-id=\"10772\">SIS meet and exceed your marketing research<\/a> needs. We\u2019ll make you our pet project.<\/p>\n\n\n\n<p><\/p>","protected":false},"excerpt":{"rendered":"<p>Badania rynku opieki nad zwierz\u0119tami pomagaj\u0105 firmom rozwija\u0107 si\u0119 za pomoc\u0105 takich metod, jak media spo\u0142eczno\u015bciowe, aplikacje, strategie sprzeda\u017cy, nowe sk\u0142adniki i technologie mobilne.<\/p>","protected":false},"author":1,"featured_media":63857,"parent":14514,"menu_order":13,"comment_status":"open","ping_status":"open","template":"","meta":{"footnotes":""},"class_list":["post-15100","page","type-page","status-publish","has-post-thumbnail"],"_links":{"self":[{"href":"https:\/\/www.sisinternational.com\/pl\/wp-json\/wp\/v2\/pages\/15100","targetHints":{"allow":["GET"]}}],"collection":[{"href":"https:\/\/www.sisinternational.com\/pl\/wp-json\/wp\/v2\/pages"}],"about":[{"href":"https:\/\/www.sisinternational.com\/pl\/wp-json\/wp\/v2\/types\/page"}],"author":[{"embeddable":true,"href":"https:\/\/www.sisinternational.com\/pl\/wp-json\/wp\/v2\/users\/1"}],"replies":[{"embeddable":true,"href":"https:\/\/www.sisinternational.com\/pl\/wp-json\/wp\/v2\/comments?post=15100"}],"version-history":[{"count":8,"href":"https:\/\/www.sisinternational.com\/pl\/wp-json\/wp\/v2\/pages\/15100\/revisions"}],"predecessor-version":[{"id":81766,"href":"https:\/\/www.sisinternational.com\/pl\/wp-json\/wp\/v2\/pages\/15100\/revisions\/81766"}],"up":[{"embeddable":true,"href":"https:\/\/www.sisinternational.com\/pl\/wp-json\/wp\/v2\/pages\/14514"}],"wp:featuredmedia":[{"embeddable":true,"href":"https:\/\/www.sisinternational.com\/pl\/wp-json\/wp\/v2\/media\/63857"}],"wp:attachment":[{"href":"https:\/\/www.sisinternational.com\/pl\/wp-json\/wp\/v2\/media?parent=15100"}],"curies":[{"name":"wp","href":"https:\/\/api.w.org\/{rel}","templated":true}]}}