{"id":14650,"date":"2015-03-15T06:46:09","date_gmt":"2015-03-15T06:46:09","guid":{"rendered":"https:\/\/www.sisinternational.com\/?page_id=14650"},"modified":"2025-09-12T19:20:46","modified_gmt":"2025-09-12T23:20:46","slug":"rozwiazania-w-zakresie-brandingu-i-badan-klientow","status":"publish","type":"page","link":"https:\/\/www.sisinternational.com\/pl\/rozwiazania\/rozwiazania-w-zakresie-brandingu-i-badan-klientow\/","title":{"rendered":"Rozwi\u0105zania w zakresie brandingu i bada\u0144 klient\u00f3w"},"content":{"rendered":"<h1 class=\"wp-block-heading\">Rozwi\u0105zania w zakresie brandingu i bada\u0144 klient\u00f3w<\/h1>\n\n\n\n<figure class=\"gb-block-image gb-block-image-eba6e7ca\"><img loading=\"lazy\" decoding=\"async\" width=\"1456\" height=\"816\" class=\"gb-image gb-image-eba6e7ca\" src=\"https:\/\/www.sisinternational.com\/wp-content\/uploads\/2025\/08\/Desk-research-5.jpg\" alt=\"SIS Mi\u0119dzynarodowe badania rynku i strategia\" title=\"Desk research (5)\" srcset=\"https:\/\/www.sisinternational.com\/wp-content\/uploads\/2025\/08\/Desk-research-5.jpg 1456w, https:\/\/www.sisinternational.com\/wp-content\/uploads\/2025\/08\/Desk-research-5-300x168.jpg 300w, https:\/\/www.sisinternational.com\/wp-content\/uploads\/2025\/08\/Desk-research-5-1024x574.jpg 1024w, https:\/\/www.sisinternational.com\/wp-content\/uploads\/2025\/08\/Desk-research-5-768x430.jpg 768w, https:\/\/www.sisinternational.com\/wp-content\/uploads\/2025\/08\/Desk-research-5-18x10.jpg 18w\" sizes=\"auto, (max-width: 1456px) 100vw, 1456px\"><\/figure>\n\n\n\n<p><\/p>\n\n\n\n<hr class=\"wp-block-separator has-alpha-channel-opacity is-style-dots\"\/>\n\n\n\n<p class=\"p1\">\n<!-- Page-list plugin v.5.9 wordpress.org\/plugins\/page-list\/ -->\n<div class=\"page-list page-list-ext page-list-cols-2\">\n<div class=\"page-list-ext-item\"><div class=\"page-list-ext-image\"><a href=\"https:\/\/www.sisinternational.com\/pl\/rozwiazania\/rozwiazania-w-zakresie-brandingu-i-badan-klientow\/badania-klientow-dotyczace-marki\/\" title=\"Branding i badania klient\u00f3w\"><img decoding=\"async\" src=\"https:\/\/www.sisinternational.com\/wp-content\/uploads\/2025\/08\/Customer-shopping-2-150x150.jpg\" width=\"150\" alt=\"Branding i badania klient\u00f3w\" \/><\/a><\/div> <h3 class=\"page-list-ext-title\"><a href=\"https:\/\/www.sisinternational.com\/pl\/rozwiazania\/rozwiazania-w-zakresie-brandingu-i-badan-klientow\/badania-klientow-dotyczace-marki\/\" title=\"Branding i badania klient\u00f3w\">Branding i badania klient\u00f3w<\/a><\/h3><div class=\"page-list-ext-item-content\">Badania nad mark\u0105 i klientami pozwalaj\u0105 odkry\u0107 nowe spostrze\u017cenia, kt\u00f3re mog\u0105 zwi\u0119kszy\u0107 zaanga\u017cowanie i zysk.<\/div><\/div>\n<div class=\"page-list-ext-item\"><h3 class=\"page-list-ext-title\"><a href=\"https:\/\/www.sisinternational.com\/pl\/rozwiazania\/rozwiazania-w-zakresie-brandingu-i-badan-klientow\/zarzadzanie-cyklem-zycia\/\" title=\"Badania rynku cyklu \u017cycia\">Badania rynku cyklu \u017cycia<\/a><\/h3><div class=\"page-list-ext-item-content\">Zarz\u0105dzanie cyklem \u017cycia polega na zarz\u0105dzaniu elementami produktu lub klienta na r\u00f3\u017cnych etapach rozwoju.<\/div><\/div>\n<div class=\"page-list-ext-item\"><div class=\"page-list-ext-image\"><a href=\"https:\/\/www.sisinternational.com\/pl\/rozwiazania\/rozwiazania-w-zakresie-brandingu-i-badan-klientow\/mapowanie-sciezki-klienta\/\" title=\"Mapowanie \u015bcie\u017cki klienta\"><img decoding=\"async\" src=\"https:\/\/www.sisinternational.com\/wp-content\/uploads\/2025\/08\/Retail-5-150x150.jpg\" width=\"150\" alt=\"Mapowanie \u015bcie\u017cki klienta\" \/><\/a><\/div> <h3 class=\"page-list-ext-title\"><a href=\"https:\/\/www.sisinternational.com\/pl\/rozwiazania\/rozwiazania-w-zakresie-brandingu-i-badan-klientow\/mapowanie-sciezki-klienta\/\" title=\"Mapowanie \u015bcie\u017cki klienta\">Mapowanie \u015bcie\u017cki klienta<\/a><\/h3><div class=\"page-list-ext-item-content\">Journey Mapping identyfikuje mo\u017cliwo\u015bci wzrostu, satysfakcji klienta i lojalno\u015bci klienta. Dowiedz si\u0119 wi\u0119cej o Customer Journey Mapping.<\/div><\/div>\n<div class=\"page-list-ext-item\"><div class=\"page-list-ext-image\"><a href=\"https:\/\/www.sisinternational.com\/pl\/rozwiazania\/rozwiazania-w-zakresie-brandingu-i-badan-klientow\/badania-rynku-detalicznego\/\" title=\"Badania rynku detalicznego | Badania rynku w sklepie\"><img decoding=\"async\" src=\"https:\/\/www.sisinternational.com\/wp-content\/uploads\/2025\/08\/Retail-22-150x150.jpg\" width=\"150\" alt=\"Badania rynku detalicznego | Badania rynku w sklepie\" \/><\/a><\/div> <h3 class=\"page-list-ext-title\"><a href=\"https:\/\/www.sisinternational.com\/pl\/rozwiazania\/rozwiazania-w-zakresie-brandingu-i-badan-klientow\/badania-rynku-detalicznego\/\" title=\"Badania rynku detalicznego | Badania rynku w sklepie\">Badania rynku detalicznego | Badania rynku w sklepie<\/a><\/h3><div class=\"page-list-ext-item-content\">Przeprowadzamy audyty sklep\u00f3w, przechwytywanie sklep\u00f3w, wsp\u00f3lne zakupy i wywiady etnograficzne.<\/div><\/div>\n<div class=\"page-list-ext-item\"><div class=\"page-list-ext-image\"><a href=\"https:\/\/www.sisinternational.com\/pl\/rozwiazania\/rozwiazania-w-zakresie-brandingu-i-badan-klientow\/zakupy-wzdluz-badan\/\" title=\"Badania rynku Shop-Along\"><img decoding=\"async\" src=\"https:\/\/www.sisinternational.com\/wp-content\/uploads\/2025\/08\/Supermarket-5-150x150.jpg\" width=\"150\" alt=\"Badania rynku Shop-Along\" \/><\/a><\/div> <h3 class=\"page-list-ext-title\"><a href=\"https:\/\/www.sisinternational.com\/pl\/rozwiazania\/rozwiazania-w-zakresie-brandingu-i-badan-klientow\/zakupy-wzdluz-badan\/\" title=\"Badania rynku Shop-Along\">Badania rynku Shop-Along<\/a><\/h3><div class=\"page-list-ext-item-content\">Badania rynku Shop-Along polegaj\u0105 na badaniu faktycznych zachowa\u0144 zakupowych, a nie na wspominaniu i raportowaniu zdarze\u0144 po ich zdarzeniu.<\/div><\/div>\n<div class=\"page-list-ext-item\"><div class=\"page-list-ext-image\"><a href=\"https:\/\/www.sisinternational.com\/pl\/rozwiazania\/rozwiazania-w-zakresie-brandingu-i-badan-klientow\/badanie-ukladu-sklepu\/\" title=\"Badania uk\u0142adu sklepu\"><img decoding=\"async\" src=\"https:\/\/www.sisinternational.com\/wp-content\/uploads\/2025\/08\/Retail-26-150x150.jpg\" width=\"150\" alt=\"Badania uk\u0142adu sklepu\" \/><\/a><\/div> <h3 class=\"page-list-ext-title\"><a href=\"https:\/\/www.sisinternational.com\/pl\/rozwiazania\/rozwiazania-w-zakresie-brandingu-i-badan-klientow\/badanie-ukladu-sklepu\/\" title=\"Badania uk\u0142adu sklepu\">Badania uk\u0142adu sklepu<\/a><\/h3><div class=\"page-list-ext-item-content\">Odkryj, w jaki spos\u00f3b mapowanie uk\u0142adu sklepu mo\u017ce zmaksymalizowa\u0107 zyski i zadowolenie klient\u00f3w.<\/div><\/div>\n<div class=\"page-list-ext-item\"><div class=\"page-list-ext-image\"><a href=\"https:\/\/www.sisinternational.com\/pl\/rozwiazania\/rozwiazania-w-zakresie-brandingu-i-badan-klientow\/brand-market-research\/\" title=\"Badania rynku marki\"><img decoding=\"async\" src=\"https:\/\/www.sisinternational.com\/wp-content\/uploads\/2025\/08\/Retail-26-150x150.jpg\" width=\"150\" alt=\"Badania rynku marki\" \/><\/a><\/div> <h3 class=\"page-list-ext-title\"><a href=\"https:\/\/www.sisinternational.com\/pl\/rozwiazania\/rozwiazania-w-zakresie-brandingu-i-badan-klientow\/brand-market-research\/\" title=\"Badania rynku marki\">Badania rynku marki<\/a><\/h3><div class=\"page-list-ext-item-content\">Produkty rozwijaj\u0105 si\u0119 i ewoluuj\u0105, ale marka \u017cyje dalej. Dowiedz si\u0119, jak budowa\u0107 swoj\u0105 mark\u0119 dzi\u0119ki badaniom i strategii. <\/div><\/div>\n<div class=\"page-list-ext-item\"><div class=\"page-list-ext-image\"><a href=\"https:\/\/www.sisinternational.com\/pl\/rozwiazania\/rozwiazania-w-zakresie-brandingu-i-badan-klientow\/badania-etnograficzne-wideo\/\" title=\"Badania etnograficzne wideo\"><img decoding=\"async\" src=\"https:\/\/www.sisinternational.com\/wp-content\/uploads\/2025\/08\/Online-focus-group-11-1-150x150.jpg\" width=\"150\" alt=\"Badania etnograficzne wideo\" \/><\/a><\/div> <h3 class=\"page-list-ext-title\"><a href=\"https:\/\/www.sisinternational.com\/pl\/rozwiazania\/rozwiazania-w-zakresie-brandingu-i-badan-klientow\/badania-etnograficzne-wideo\/\" title=\"Badania etnograficzne wideo\">Badania etnograficzne wideo<\/a><\/h3><div class=\"page-list-ext-item-content\">SIS prowadzi wideoetnografi\u0119 z konsumentami na ca\u0142ym \u015bwiecie. Dzi\u0119ki temu mo\u017cesz szybko otrzymywa\u0107 wywiady wideo i domowe opinie wideo na ca\u0142ym \u015bwiecie. <\/div><\/div>\n<div class=\"page-list-ext-item\"><div class=\"page-list-ext-image\"><a href=\"https:\/\/www.sisinternational.com\/pl\/rozwiazania\/rozwiazania-w-zakresie-brandingu-i-badan-klientow\/rebranding-badania-rynku\/\" title=\"Rebranding bada\u0144 rynkowych\"><img decoding=\"async\" src=\"https:\/\/www.sisinternational.com\/wp-content\/uploads\/2025\/08\/Marketing-45-4-150x150.jpg\" width=\"150\" alt=\"Rebranding bada\u0144 rynkowych\" \/><\/a><\/div> <h3 class=\"page-list-ext-title\"><a href=\"https:\/\/www.sisinternational.com\/pl\/rozwiazania\/rozwiazania-w-zakresie-brandingu-i-badan-klientow\/rebranding-badania-rynku\/\" title=\"Rebranding bada\u0144 rynkowych\">Rebranding bada\u0144 rynkowych<\/a><\/h3><div class=\"page-list-ext-item-content\">Silne marki przewy\u017cszaj\u0105 konkurencyjne marki. Co si\u0119 dzieje, gdy Twoja marka si\u0119 starzeje lub staje si\u0119 przestarza\u0142a? Dostarczamy badania, aby odnowi\u0107 marki. <\/div><\/div>\n<div class=\"page-list-ext-item\"><div class=\"page-list-ext-image\"><a href=\"https:\/\/www.sisinternational.com\/pl\/rozwiazania\/rozwiazania-w-zakresie-brandingu-i-badan-klientow\/badania-rynku-influencerow\/\" title=\"Badania rynku influencer\u00f3w\"><img decoding=\"async\" src=\"https:\/\/www.sisinternational.com\/wp-content\/uploads\/2025\/08\/Social-media-1-150x150.jpg\" width=\"150\" alt=\"Badania rynku influencer\u00f3w\" \/><\/a><\/div> <h3 class=\"page-list-ext-title\"><a href=\"https:\/\/www.sisinternational.com\/pl\/rozwiazania\/rozwiazania-w-zakresie-brandingu-i-badan-klientow\/badania-rynku-influencerow\/\" title=\"Badania rynku influencer\u00f3w\">Badania rynku influencer\u00f3w<\/a><\/h3><div class=\"page-list-ext-item-content\">Influencerzy to liderzy spo\u0142eczni, kt\u00f3rzy buduj\u0105 du\u017ce grono obserwuj\u0105cych i spo\u0142eczno\u015bci. Dowiedz si\u0119 wi\u0119cej o tym, jak \u0142\u0105czymy Ci\u0119 z Influencerami na ca\u0142ym \u015bwiecie.<\/div><\/div>\n<div class=\"page-list-ext-item\"><div class=\"page-list-ext-image\"><a href=\"https:\/\/www.sisinternational.com\/pl\/rozwiazania\/rozwiazania-w-zakresie-brandingu-i-badan-klientow\/badania-rynku-wielokanalowego\/\" title=\"Badania rynku wielokana\u0142owego\"><img decoding=\"async\" src=\"https:\/\/www.sisinternational.com\/wp-content\/uploads\/2025\/08\/Smarrtphone-5g-11-150x150.jpg\" width=\"150\" alt=\"Badania rynku wielokana\u0142owego\" \/><\/a><\/div> <h3 class=\"page-list-ext-title\"><a href=\"https:\/\/www.sisinternational.com\/pl\/rozwiazania\/rozwiazania-w-zakresie-brandingu-i-badan-klientow\/badania-rynku-wielokanalowego\/\" title=\"Badania rynku wielokana\u0142owego\">Badania rynku wielokana\u0142owego<\/a><\/h3><div class=\"page-list-ext-item-content\">Optymalizacja wielu punkt\u00f3w styku z klientem otwiera nowe mo\u017cliwo\u015bci w zakresie zaanga\u017cowania klienta i rentowno\u015bci.<\/div><\/div>\n<div class=\"page-list-ext-item\"><div class=\"page-list-ext-image\"><a href=\"https:\/\/www.sisinternational.com\/pl\/rozwiazania\/rozwiazania-w-zakresie-brandingu-i-badan-klientow\/badania-rynku-odkrywczego-klientow\/\" title=\"Badania rynku w zakresie odkrywania klient\u00f3w\"><img decoding=\"async\" src=\"https:\/\/www.sisinternational.com\/wp-content\/uploads\/2025\/08\/Customer-shopping-1-150x150.jpg\" width=\"150\" alt=\"Badania rynku w zakresie odkrywania klient\u00f3w\" \/><\/a><\/div> <h3 class=\"page-list-ext-title\"><a href=\"https:\/\/www.sisinternational.com\/pl\/rozwiazania\/rozwiazania-w-zakresie-brandingu-i-badan-klientow\/badania-rynku-odkrywczego-klientow\/\" title=\"Badania rynku w zakresie odkrywania klient\u00f3w\">Badania rynku w zakresie odkrywania klient\u00f3w<\/a><\/h3><div class=\"page-list-ext-item-content\">Zajmujemy si\u0119 badaniami rynku opartymi na odkrywaniu klient\u00f3w, aby pom\u00f3c Ci znale\u017a\u0107 nowych klient\u00f3w i zwi\u0119kszy\u0107 sprzeda\u017c.<\/div><\/div>\n<div class=\"page-list-ext-item\"><div class=\"page-list-ext-image\"><a href=\"https:\/\/www.sisinternational.com\/pl\/rozwiazania\/rozwiazania-w-zakresie-brandingu-i-badan-klientow\/badania-rynku-opowiadania-historii\/\" title=\"Badania rynku opowiadania historii\"><img decoding=\"async\" src=\"https:\/\/www.sisinternational.com\/wp-content\/uploads\/2025\/08\/Interview-3-150x150.jpg\" width=\"150\" alt=\"Badania rynku opowiadania historii\" \/><\/a><\/div> <h3 class=\"page-list-ext-title\"><a href=\"https:\/\/www.sisinternational.com\/pl\/rozwiazania\/rozwiazania-w-zakresie-brandingu-i-badan-klientow\/badania-rynku-opowiadania-historii\/\" title=\"Badania rynku opowiadania historii\">Badania rynku opowiadania historii<\/a><\/h3><div class=\"page-list-ext-item-content\">Odkryj, w jaki spos\u00f3b analiza rynku oparta na opowiadaniu historii mo\u017ce poprawi\u0107 Twoje wyniki.<\/div><\/div>\n<div class=\"page-list-ext-item\"><div class=\"page-list-ext-image\"><a href=\"https:\/\/www.sisinternational.com\/pl\/rozwiazania\/rozwiazania-w-zakresie-brandingu-i-badan-klientow\/badania-rynku-zorientowane-na-klienta\/\" title=\"Badania rynku zorientowane na klienta\"><img decoding=\"async\" src=\"https:\/\/www.sisinternational.com\/wp-content\/uploads\/2025\/08\/Digital-Customer-Experience-2-150x150.jpg\" width=\"150\" alt=\"Badania rynku zorientowane na klienta\" \/><\/a><\/div> <h3 class=\"page-list-ext-title\"><a href=\"https:\/\/www.sisinternational.com\/pl\/rozwiazania\/rozwiazania-w-zakresie-brandingu-i-badan-klientow\/badania-rynku-zorientowane-na-klienta\/\" title=\"Badania rynku zorientowane na klienta\">Badania rynku zorientowane na klienta<\/a><\/h3><div class=\"page-list-ext-item-content\">Odkryj, w jaki spos\u00f3b badania rynku zorientowane na klienta mog\u0105 odmieni\u0107 Twoj\u0105 firm\u0119.<\/div><\/div>\n<div class=\"page-list-ext-item\"><div class=\"page-list-ext-image\"><a href=\"https:\/\/www.sisinternational.com\/pl\/rozwiazania\/rozwiazania-w-zakresie-brandingu-i-badan-klientow\/co-to-jest-marketing-influencerski\/\" title=\"Czym jest Influencer Marketing? Marketing w mediach spo\u0142eczno\u015bciowych?\"><img decoding=\"async\" src=\"https:\/\/www.sisinternational.com\/wp-content\/uploads\/2025\/08\/Optimizing-Multi-Channel-Marketing-Strategies-3-150x150.jpg\" width=\"150\" alt=\"Czym jest Influencer Marketing? Marketing w mediach spo\u0142eczno\u015bciowych?\" \/><\/a><\/div> <h3 class=\"page-list-ext-title\"><a href=\"https:\/\/www.sisinternational.com\/pl\/rozwiazania\/rozwiazania-w-zakresie-brandingu-i-badan-klientow\/co-to-jest-marketing-influencerski\/\" title=\"Czym jest Influencer Marketing? Marketing w mediach spo\u0142eczno\u015bciowych?\">Czym jest Influencer Marketing? Marketing w mediach spo\u0142eczno\u015bciowych?<\/a><\/h3><div class=\"page-list-ext-item-content\">Skontaktuj si\u0119 z nami ju\u017c dzi\u015b, aby wcieli\u0107 w \u017cycie swoj\u0105 kampani\u0119 marketingu influencerskiego i nawi\u0105za\u0107 kontakt z odbiorcami, kt\u00f3rzy najbardziej ceni\u0105 Twoje produkty.<\/div><\/div>\n<div class=\"page-list-ext-item\"><div class=\"page-list-ext-image\"><a href=\"https:\/\/www.sisinternational.com\/pl\/rozwiazania\/rozwiazania-w-zakresie-brandingu-i-badan-klientow\/badania-rynku-opakowan\/\" title=\"Badania rynku opakowa\u0144\"><img decoding=\"async\" src=\"https:\/\/www.sisinternational.com\/wp-content\/uploads\/2025\/08\/Food-packaging-2-150x150.jpg\" width=\"150\" alt=\"Badania rynku opakowa\u0144\" \/><\/a><\/div> <h3 class=\"page-list-ext-title\"><a href=\"https:\/\/www.sisinternational.com\/pl\/rozwiazania\/rozwiazania-w-zakresie-brandingu-i-badan-klientow\/badania-rynku-opakowan\/\" title=\"Badania rynku opakowa\u0144\">Badania rynku opakowa\u0144<\/a><\/h3><div class=\"page-list-ext-item-content\">\nPackaging Market Research \n\n\n\n \n\n\n\n \n\n\n\n \n\n\n\nPackaging is also known as the packing function. Another way to look at it is as the art of placing and protecting products for storage, sale, delivery, and use. In other words, packaging prepares products...<\/div><\/div>\n<div class=\"page-list-ext-item\"><div class=\"page-list-ext-image\"><a href=\"https:\/\/www.sisinternational.com\/pl\/rozwiazania\/rozwiazania-w-zakresie-brandingu-i-badan-klientow\/badania-rynku-roznicowania-marki\/\" title=\"Badania rynku r\u00f3\u017cnicowania marek\"><img decoding=\"async\" src=\"https:\/\/www.sisinternational.com\/wp-content\/uploads\/2025\/08\/Strategy-consulting-10-150x150.jpg\" width=\"150\" alt=\"Badania rynku r\u00f3\u017cnicowania marek\" \/><\/a><\/div> <h3 class=\"page-list-ext-title\"><a href=\"https:\/\/www.sisinternational.com\/pl\/rozwiazania\/rozwiazania-w-zakresie-brandingu-i-badan-klientow\/badania-rynku-roznicowania-marki\/\" title=\"Badania rynku r\u00f3\u017cnicowania marek\">Badania rynku r\u00f3\u017cnicowania marek<\/a><\/h3><div class=\"page-list-ext-item-content\">Najwi\u0119ksz\u0105 zalet\u0105 bada\u0144 rynku Brand Differentiation jest postrzeganie cen. Marki mog\u0105 znieczula\u0107 swoich klient\u00f3w na wy\u017csze ceny.<\/div><\/div>\n<div class=\"page-list-ext-item\"><div class=\"page-list-ext-image\"><a href=\"https:\/\/www.sisinternational.com\/pl\/rozwiazania\/rozwiazania-w-zakresie-brandingu-i-badan-klientow\/badania-rynku-pozycjonowania-marki\/\" title=\"Badania rynku pozycjonowania marki\"><img decoding=\"async\" src=\"https:\/\/www.sisinternational.com\/wp-content\/uploads\/2025\/08\/Strategy-consulting-11-150x150.jpg\" width=\"150\" alt=\"Badania rynku pozycjonowania marki\" \/><\/a><\/div> <h3 class=\"page-list-ext-title\"><a href=\"https:\/\/www.sisinternational.com\/pl\/rozwiazania\/rozwiazania-w-zakresie-brandingu-i-badan-klientow\/badania-rynku-pozycjonowania-marki\/\" title=\"Badania rynku pozycjonowania marki\">Badania rynku pozycjonowania marki<\/a><\/h3><div class=\"page-list-ext-item-content\">Pozycjonowanie marki odnosi si\u0119 do unikalnej warto\u015bci, jak\u0105 marka prezentuje swojemu klientowi. Pokazuje, co wyr\u00f3\u017cnia Twoj\u0105 mark\u0119 na tle konkurencji.<\/div><\/div>\n<div class=\"page-list-ext-item\"><div class=\"page-list-ext-image\"><a href=\"https:\/\/www.sisinternational.com\/pl\/rozwiazania\/rozwiazania-w-zakresie-brandingu-i-badan-klientow\/brand-tracking-market-research\/\" title=\"Badania rynku \u015bledzenia marki\"><img decoding=\"async\" src=\"https:\/\/www.sisinternational.com\/wp-content\/uploads\/2025\/08\/Marketing-45-3-150x150.jpg\" width=\"150\" alt=\"Badania rynku \u015bledzenia marki\" \/><\/a><\/div> <h3 class=\"page-list-ext-title\"><a href=\"https:\/\/www.sisinternational.com\/pl\/rozwiazania\/rozwiazania-w-zakresie-brandingu-i-badan-klientow\/brand-tracking-market-research\/\" title=\"Badania rynku \u015bledzenia marki\">Badania rynku \u015bledzenia marki<\/a><\/h3><div class=\"page-list-ext-item-content\">Badania rynku \u015bledz\u0105ce mark\u0119 pomagaj\u0105 markom prowadzi\u0107 dzia\u0142alno\u015b\u0107 poprzez przeprowadzanie ankiet, wywiad\u00f3w oraz stosowanie jako\u015bciowych i ilo\u015bciowych metod badawczych.<\/div><\/div>\n<div class=\"page-list-ext-item\"><div class=\"page-list-ext-image\"><a href=\"https:\/\/www.sisinternational.com\/pl\/rozwiazania\/rozwiazania-w-zakresie-brandingu-i-badan-klientow\/brand-extension-market-research\/\" title=\"Badania rynku rozszerzenia marki\"><img decoding=\"async\" src=\"https:\/\/www.sisinternational.com\/wp-content\/uploads\/2025\/09\/Branding-4-150x150.jpg\" width=\"150\" alt=\"Badania rynku rozszerzenia marki\" \/><\/a><\/div> <h3 class=\"page-list-ext-title\"><a href=\"https:\/\/www.sisinternational.com\/pl\/rozwiazania\/rozwiazania-w-zakresie-brandingu-i-badan-klientow\/brand-extension-market-research\/\" title=\"Badania rynku rozszerzenia marki\">Badania rynku rozszerzenia marki<\/a><\/h3><div class=\"page-list-ext-item-content\">Przedsi\u0119biorstwa mog\u0105 uzyska\u0107 cenne informacje na temat ekspansji na inne regiony, przeprowadzaj\u0105c kompleksowe badania rynku w zakresie rozszerzania marki.<\/div><\/div>\n<div class=\"page-list-ext-item\"><div class=\"page-list-ext-image\"><a href=\"https:\/\/www.sisinternational.com\/pl\/rozwiazania\/rozwiazania-w-zakresie-brandingu-i-badan-klientow\/brand-measurement-market-research\/\" title=\"Badania rynku pomiaru marki\"><img decoding=\"async\" src=\"https:\/\/www.sisinternational.com\/wp-content\/uploads\/2025\/09\/Branding-2-150x150.jpg\" width=\"150\" alt=\"Badania rynku pomiaru marki\" \/><\/a><\/div> <h3 class=\"page-list-ext-title\"><a href=\"https:\/\/www.sisinternational.com\/pl\/rozwiazania\/rozwiazania-w-zakresie-brandingu-i-badan-klientow\/brand-measurement-market-research\/\" title=\"Badania rynku pomiaru marki\">Badania rynku pomiaru marki<\/a><\/h3><div class=\"page-list-ext-item-content\">Badania rynku polegaj\u0105ce na pomiarze marki odgrywaj\u0105 kluczow\u0105 rol\u0119 w poprawie postrzegania marki i budowaniu lojalno\u015bci klient\u00f3w, co nap\u0119dza rozw\u00f3j firmy.<\/div><\/div>\n<div class=\"page-list-ext-item\"><div class=\"page-list-ext-image\"><a href=\"https:\/\/www.sisinternational.com\/pl\/rozwiazania\/rozwiazania-w-zakresie-brandingu-i-badan-klientow\/badanie-rynku-oparte-na-modelu-kapitalu-marki-klienta\/\" title=\"Model kapita\u0142u marki oparty na klientach Badania rynku\"><img decoding=\"async\" src=\"https:\/\/www.sisinternational.com\/wp-content\/uploads\/2025\/08\/Retail-18-150x150.jpg\" width=\"150\" alt=\"Model kapita\u0142u marki oparty na klientach Badania rynku\" \/><\/a><\/div> <h3 class=\"page-list-ext-title\"><a href=\"https:\/\/www.sisinternational.com\/pl\/rozwiazania\/rozwiazania-w-zakresie-brandingu-i-badan-klientow\/badanie-rynku-oparte-na-modelu-kapitalu-marki-klienta\/\" title=\"Model kapita\u0142u marki oparty na klientach Badania rynku\">Model kapita\u0142u marki oparty na klientach Badania rynku<\/a><\/h3><div class=\"page-list-ext-item-content\">\nBadania rynku modelu kapita\u0142u marki opartego na kliencie W jaki spos\u00f3b marki mog\u0105 zapewni\u0107, \u017ce naprawd\u0119 rezonuj\u0105 ze swoimi klientami? Sukces ka\u017cdej marki zale\u017cy od tego, jak dobrze rezonuje ona ze swoimi klientami \u2013 model kapita\u0142u marki opartego na kliencie (CBBE) badanie rynku...<\/div><\/div>\n\n<\/div><\/p>","protected":false},"excerpt":{"rendered":"<p>Establishing a unique brand identity is essential.  We provide insights, tools and strategies to build your brand.<\/p>","protected":false},"author":1,"featured_media":62802,"parent":14457,"menu_order":6,"comment_status":"open","ping_status":"open","template":"","meta":{"footnotes":""},"class_list":["post-14650","page","type-page","status-publish","has-post-thumbnail"],"_links":{"self":[{"href":"https:\/\/www.sisinternational.com\/pl\/wp-json\/wp\/v2\/pages\/14650","targetHints":{"allow":["GET"]}}],"collection":[{"href":"https:\/\/www.sisinternational.com\/pl\/wp-json\/wp\/v2\/pages"}],"about":[{"href":"https:\/\/www.sisinternational.com\/pl\/wp-json\/wp\/v2\/types\/page"}],"author":[{"embeddable":true,"href":"https:\/\/www.sisinternational.com\/pl\/wp-json\/wp\/v2\/users\/1"}],"replies":[{"embeddable":true,"href":"https:\/\/www.sisinternational.com\/pl\/wp-json\/wp\/v2\/comments?post=14650"}],"version-history":[{"count":7,"href":"https:\/\/www.sisinternational.com\/pl\/wp-json\/wp\/v2\/pages\/14650\/revisions"}],"predecessor-version":[{"id":63437,"href":"https:\/\/www.sisinternational.com\/pl\/wp-json\/wp\/v2\/pages\/14650\/revisions\/63437"}],"up":[{"embeddable":true,"href":"https:\/\/www.sisinternational.com\/pl\/wp-json\/wp\/v2\/pages\/14457"}],"wp:featuredmedia":[{"embeddable":true,"href":"https:\/\/www.sisinternational.com\/pl\/wp-json\/wp\/v2\/media\/62802"}],"wp:attachment":[{"href":"https:\/\/www.sisinternational.com\/pl\/wp-json\/wp\/v2\/media?parent=14650"}],"curies":[{"name":"wp","href":"https:\/\/api.w.org\/{rel}","templated":true}]}}