{"id":14459,"date":"2015-02-25T16:34:06","date_gmt":"2015-02-25T16:34:06","guid":{"rendered":"https:\/\/www.sisinternational.com\/?page_id=14459"},"modified":"2025-09-07T19:43:27","modified_gmt":"2025-09-07T23:43:27","slug":"innowacja","status":"publish","type":"page","link":"https:\/\/www.sisinternational.com\/pl\/rozwiazania\/innowacja\/","title":{"rendered":"Badania innowacyjne"},"content":{"rendered":"<h1 class=\"wp-block-heading\">Badania innowacyjne<\/h1>\n\n\n\n<figure class=\"gb-block-image gb-block-image-687c103c\"><img loading=\"lazy\" decoding=\"async\" width=\"1456\" height=\"816\" class=\"gb-image gb-image-687c103c\" src=\"https:\/\/www.sisinternational.com\/wp-content\/uploads\/2025\/08\/Tech-19.jpg\" alt=\"SIS Mi\u0119dzynarodowe badania rynku i strategia\" title=\"Tech (19)\" srcset=\"https:\/\/www.sisinternational.com\/wp-content\/uploads\/2025\/08\/Tech-19.jpg 1456w, https:\/\/www.sisinternational.com\/wp-content\/uploads\/2025\/08\/Tech-19-300x168.jpg 300w, https:\/\/www.sisinternational.com\/wp-content\/uploads\/2025\/08\/Tech-19-1024x574.jpg 1024w, https:\/\/www.sisinternational.com\/wp-content\/uploads\/2025\/08\/Tech-19-768x430.jpg 768w, https:\/\/www.sisinternational.com\/wp-content\/uploads\/2025\/08\/Tech-19-18x10.jpg 18w\" sizes=\"auto, (max-width: 1456px) 100vw, 1456px\"><\/figure>\n\n\n\n<p><\/p>\n\n\n\n<h2 class=\"wp-block-heading\">Nasze rozwi\u0105zania<\/h2>\n\n\n\n<p class=\"p1\">\n<!-- Page-list plugin v.5.9 wordpress.org\/plugins\/page-list\/ -->\n<div class=\"page-list page-list-ext page-list-cols-2\">\n<div class=\"page-list-ext-item\"><div class=\"page-list-ext-image\"><a href=\"https:\/\/www.sisinternational.com\/pl\/rozwiazania\/innowacja\/technology-intelligence\/\" title=\"Badania rynku technologii i IT\"><img decoding=\"async\" src=\"https:\/\/www.sisinternational.com\/wp-content\/uploads\/2025\/08\/Tech-6-150x150.jpg\" width=\"150\" alt=\"Badania rynku technologii i IT\" \/><\/a><\/div> <h3 class=\"page-list-ext-title\"><a href=\"https:\/\/www.sisinternational.com\/pl\/rozwiazania\/innowacja\/technology-intelligence\/\" title=\"Badania rynku technologii i IT\">Badania rynku technologii i IT<\/a><\/h3><div class=\"page-list-ext-item-content\">Badania rynku technologicznego analizuj\u0105 szanse i zagro\u017cenia, kt\u00f3re maj\u0105 wp\u0142yw na rozw\u00f3j i przetrwanie Twojej firmy.<\/div><\/div>\n<div class=\"page-list-ext-item\"><div class=\"page-list-ext-image\"><a href=\"https:\/\/www.sisinternational.com\/pl\/rozwiazania\/innowacja\/warsztaty-ideacyjne\/\" title=\"Badania nad ideacj\u0105\"><img decoding=\"async\" src=\"https:\/\/www.sisinternational.com\/wp-content\/uploads\/2025\/08\/Desk-research-3-150x150.jpg\" width=\"150\" alt=\"Badania nad ideacj\u0105\" \/><\/a><\/div> <h3 class=\"page-list-ext-title\"><a href=\"https:\/\/www.sisinternational.com\/pl\/rozwiazania\/innowacja\/warsztaty-ideacyjne\/\" title=\"Badania nad ideacj\u0105\">Badania nad ideacj\u0105<\/a><\/h3><div class=\"page-list-ext-item-content\">Ideacja Badania prowadz\u0105 do rozwoju ulepszonych i wcze\u015bniej niewyobra\u017calnych nowych produkt\u00f3w. Uczestnicy zapewniaj\u0105 najnowocze\u015bniejsze spostrze\u017cenia.<\/div><\/div>\n<div class=\"page-list-ext-item\"><div class=\"page-list-ext-image\"><a href=\"https:\/\/www.sisinternational.com\/pl\/rozwiazania\/innowacja\/design-thinking\/\" title=\"Design Thinking Badania rynku\"><img decoding=\"async\" src=\"https:\/\/www.sisinternational.com\/wp-content\/uploads\/2025\/08\/Creativity-22-150x150.jpg\" width=\"150\" alt=\"Design Thinking Badania rynku\" \/><\/a><\/div> <h3 class=\"page-list-ext-title\"><a href=\"https:\/\/www.sisinternational.com\/pl\/rozwiazania\/innowacja\/design-thinking\/\" title=\"Design Thinking Badania rynku\">Design Thinking Badania rynku<\/a><\/h3><div class=\"page-list-ext-item-content\">My\u015blenie projektowe rozpoczyna si\u0119 od precyzyjnego celu, jakim jest rozwi\u0105zanie problemu klienta. <\/div><\/div>\n<div class=\"page-list-ext-item\"><div class=\"page-list-ext-image\"><a href=\"https:\/\/www.sisinternational.com\/pl\/rozwiazania\/innowacja\/non-customer-market-research\/\" title=\"Badania rynku nieklienckiego\"><img decoding=\"async\" src=\"https:\/\/www.sisinternational.com\/wp-content\/uploads\/2025\/08\/Customer-goods-1-150x150.jpg\" width=\"150\" alt=\"Badania rynku nieklienckiego\" \/><\/a><\/div> <h3 class=\"page-list-ext-title\"><a href=\"https:\/\/www.sisinternational.com\/pl\/rozwiazania\/innowacja\/non-customer-market-research\/\" title=\"Badania rynku nieklienckiego\">Badania rynku nieklienckiego<\/a><\/h3><div class=\"page-list-ext-item-content\">Zajmujemy si\u0119 badaniami rynku niezale\u017cnego od klient\u00f3w, dostarczaj\u0105c najnowocze\u015bniejszych informacji na potrzeby innowacji.<\/div><\/div>\n<div class=\"page-list-ext-item\"><div class=\"page-list-ext-image\"><a href=\"https:\/\/www.sisinternational.com\/pl\/rozwiazania\/innowacja\/agile-market-research\/\" title=\"Zwinne badania rynku\"><img decoding=\"async\" src=\"https:\/\/www.sisinternational.com\/wp-content\/uploads\/2025\/08\/Strategy-consulting-36-150x150.jpg\" width=\"150\" alt=\"Zwinne badania rynku\" \/><\/a><\/div> <h3 class=\"page-list-ext-title\"><a href=\"https:\/\/www.sisinternational.com\/pl\/rozwiazania\/innowacja\/agile-market-research\/\" title=\"Zwinne badania rynku\">Zwinne badania rynku<\/a><\/h3><div class=\"page-list-ext-item-content\">Dowiedz si\u0119, jak zwi\u0119kszy\u0107 elastyczno\u015b\u0107 swojej firmy dzi\u0119ki badaniom i danym.<\/div><\/div>\n<div class=\"page-list-ext-item\"><div class=\"page-list-ext-image\"><a href=\"https:\/\/www.sisinternational.com\/pl\/rozwiazania\/innowacja\/how-to-scale-a-business\/\" title=\"Jak skalowa\u0107 biznes | Osi\u0105ganie wzrostu wyk\u0142adniczego\"><img decoding=\"async\" src=\"https:\/\/www.sisinternational.com\/wp-content\/uploads\/2025\/08\/CEO-woman-business-woman-10-150x150.jpg\" width=\"150\" alt=\"Jak skalowa\u0107 biznes | Osi\u0105ganie wzrostu wyk\u0142adniczego\" \/><\/a><\/div> <h3 class=\"page-list-ext-title\"><a href=\"https:\/\/www.sisinternational.com\/pl\/rozwiazania\/innowacja\/how-to-scale-a-business\/\" title=\"Jak skalowa\u0107 biznes | Osi\u0105ganie wzrostu wyk\u0142adniczego\">Jak skalowa\u0107 biznes | Osi\u0105ganie wzrostu wyk\u0142adniczego<\/a><\/h3><div class=\"page-list-ext-item-content\">Oto 16 sposob\u00f3w na skalowanie swojego biznesu. Rozwijaj sw\u00f3j biznes i prosperuj.<\/div><\/div>\n<div class=\"page-list-ext-item\"><div class=\"page-list-ext-image\"><a href=\"https:\/\/www.sisinternational.com\/pl\/rozwiazania\/innowacja\/behavior-economics-in-market-research\/\" title=\"Ekonomia behawioralna w badaniach rynku\"><img decoding=\"async\" src=\"https:\/\/www.sisinternational.com\/wp-content\/uploads\/2025\/08\/Statistics-3-150x150.jpg\" width=\"150\" alt=\"Ekonomia behawioralna w badaniach rynku\" \/><\/a><\/div> <h3 class=\"page-list-ext-title\"><a href=\"https:\/\/www.sisinternational.com\/pl\/rozwiazania\/innowacja\/behavior-economics-in-market-research\/\" title=\"Ekonomia behawioralna w badaniach rynku\">Ekonomia behawioralna w badaniach rynku<\/a><\/h3><div class=\"page-list-ext-item-content\">Odkryj, w jaki spos\u00f3b badania rynku oparte na ekonomii behawioralnej mog\u0105 poprawi\u0107 Twoje wyniki.<\/div><\/div>\n<div class=\"page-list-ext-item\"><div class=\"page-list-ext-image\"><a href=\"https:\/\/www.sisinternational.com\/pl\/rozwiazania\/innowacja\/deep-learning-market-research\/\" title=\"Badania rynku g\u0142\u0119bokiego uczenia si\u0119\"><img decoding=\"async\" src=\"https:\/\/www.sisinternational.com\/wp-content\/uploads\/2025\/08\/Deep-learning-machine-learning-42-150x150.jpg\" width=\"150\" alt=\"Badania rynku g\u0142\u0119bokiego uczenia si\u0119\" \/><\/a><\/div> <h3 class=\"page-list-ext-title\"><a href=\"https:\/\/www.sisinternational.com\/pl\/rozwiazania\/innowacja\/deep-learning-market-research\/\" title=\"Badania rynku g\u0142\u0119bokiego uczenia si\u0119\">Badania rynku g\u0142\u0119bokiego uczenia si\u0119<\/a><\/h3><div class=\"page-list-ext-item-content\">\nDeep Learning Market Research \n\n\n\n \n\n\n\n \n\n\n\nWhat is Deep Learning? \n\n\n\nDeep Learning is part of Machine Learning. The goal of Deep Learning is to make Artificial Intelligence smarter. It does this by copying the way that the human brain learns. The human...<\/div><\/div>\n<div class=\"page-list-ext-item\"><div class=\"page-list-ext-image\"><a href=\"https:\/\/www.sisinternational.com\/pl\/rozwiazania\/innowacja\/genetics-market-research\/\" title=\"Badania rynku genetycznego\"><img decoding=\"async\" src=\"https:\/\/www.sisinternational.com\/wp-content\/uploads\/2025\/09\/DNA-Genetics-27-150x150.jpg\" width=\"150\" alt=\"Badania rynku genetycznego\" \/><\/a><\/div> <h3 class=\"page-list-ext-title\"><a href=\"https:\/\/www.sisinternational.com\/pl\/rozwiazania\/innowacja\/genetics-market-research\/\" title=\"Badania rynku genetycznego\">Badania rynku genetycznego<\/a><\/h3><div class=\"page-list-ext-item-content\">\nGenetics Market Research \n\n\n\n \n\n\n\n \n\n\n\nWhat Is Genetics? \n\n\n\nGenetics is an area of biology that studies all life forms. It includes DNA, how genes form, and how plants and animals inherit those genes. It looks at how organisms pass genes and traits...<\/div><\/div>\n\n<\/div><\/p>","protected":false},"excerpt":{"rendered":"<p>Innovation Research involves looking for solutions \u2013 either to known, or sometimes to undefined needs.<\/p>","protected":false},"author":1,"featured_media":62736,"parent":14457,"menu_order":4,"comment_status":"open","ping_status":"open","template":"","meta":{"footnotes":""},"class_list":["post-14459","page","type-page","status-publish","has-post-thumbnail"],"_links":{"self":[{"href":"https:\/\/www.sisinternational.com\/pl\/wp-json\/wp\/v2\/pages\/14459","targetHints":{"allow":["GET"]}}],"collection":[{"href":"https:\/\/www.sisinternational.com\/pl\/wp-json\/wp\/v2\/pages"}],"about":[{"href":"https:\/\/www.sisinternational.com\/pl\/wp-json\/wp\/v2\/types\/page"}],"author":[{"embeddable":true,"href":"https:\/\/www.sisinternational.com\/pl\/wp-json\/wp\/v2\/users\/1"}],"replies":[{"embeddable":true,"href":"https:\/\/www.sisinternational.com\/pl\/wp-json\/wp\/v2\/comments?post=14459"}],"version-history":[{"count":9,"href":"https:\/\/www.sisinternational.com\/pl\/wp-json\/wp\/v2\/pages\/14459\/revisions"}],"predecessor-version":[{"id":67345,"href":"https:\/\/www.sisinternational.com\/pl\/wp-json\/wp\/v2\/pages\/14459\/revisions\/67345"}],"up":[{"embeddable":true,"href":"https:\/\/www.sisinternational.com\/pl\/wp-json\/wp\/v2\/pages\/14457"}],"wp:featuredmedia":[{"embeddable":true,"href":"https:\/\/www.sisinternational.com\/pl\/wp-json\/wp\/v2\/media\/62736"}],"wp:attachment":[{"href":"https:\/\/www.sisinternational.com\/pl\/wp-json\/wp\/v2\/media?parent=14459"}],"curies":[{"name":"wp","href":"https:\/\/api.w.org\/{rel}","templated":true}]}}