{"id":14285,"date":"2015-02-13T10:58:33","date_gmt":"2015-02-13T10:58:33","guid":{"rendered":"https:\/\/www.sisinternational.com\/?page_id=14285"},"modified":"2025-09-05T22:14:32","modified_gmt":"2025-09-06T02:14:32","slug":"dental-market-research","status":"publish","type":"page","link":"https:\/\/www.sisinternational.com\/pl\/ekspertyza\/dental-market-research\/","title":{"rendered":"Badania rynku stomatologicznego"},"content":{"rendered":"<h1 class=\"wp-block-heading\">Badania rynku stomatologicznego<\/h1>\n\n\n\n<figure class=\"gb-block-image gb-block-image-2b3124a0\"><img loading=\"lazy\" decoding=\"async\" width=\"1456\" height=\"816\" class=\"gb-image gb-image-2b3124a0\" src=\"https:\/\/www.sisinternational.com\/wp-content\/uploads\/2025\/08\/Pharmaceutical-25.jpg\" alt=\"SIS Mi\u0119dzynarodowe badania rynku i strategia\" title=\"Pharmaceutical (25)\" srcset=\"https:\/\/www.sisinternational.com\/wp-content\/uploads\/2025\/08\/Pharmaceutical-25.jpg 1456w, https:\/\/www.sisinternational.com\/wp-content\/uploads\/2025\/08\/Pharmaceutical-25-300x168.jpg 300w, https:\/\/www.sisinternational.com\/wp-content\/uploads\/2025\/08\/Pharmaceutical-25-1024x574.jpg 1024w, https:\/\/www.sisinternational.com\/wp-content\/uploads\/2025\/08\/Pharmaceutical-25-768x430.jpg 768w, https:\/\/www.sisinternational.com\/wp-content\/uploads\/2025\/08\/Pharmaceutical-25-18x10.jpg 18w\" sizes=\"auto, (max-width: 1456px) 100vw, 1456px\"><\/figure>\n\n\n\n<p><\/p>\n\n\n\n<h2 class=\"wp-block-heading p1\">The global dental industry represents a multi-billion dollar industry.<\/h2>\n\n\n\n<p class=\"p1\">Economies in many parts of the world are rebounding, and the dental industry is too, driven by an ageing global population, heightened knowledge of oral health, and an increasing demand for cosmetic dentistry.<\/p>\n\n\n\n<p class=\"p1\">As people have more to spend, it\u2019s only natural that they are returning to their dentists, who in turn need more supplies, equipment and lab services for their practices.<\/p>\n\n\n\n<h2 class=\"wp-block-heading p1\">Opportunities in the Dental Market<\/h2>\n\n\n\n<p class=\"p1\">Dental Supply businesses are focusing on new global markets (Asia-Pacific is of prime interest), innovative products for pain alleviation, and orthodontic applications that increase revenues. New dental materials and computer-assisted manufacturing technologies are also showing profit-generating potential. In dental practices, mobile optimization, heightened social media presence, and citations are increasingly important for appointment booking. In addition, the creation of premium web content and placement in local internet directories are also critical in maintaining a profitable practice in the <a href=\"https:\/\/www.sisinternational.com\/pl\/rynek-reklamy-cyfrowej\/\" title=\"Marketing i reklama w erze cyfrowej\"  data-wpil-monitor-id=\"9023\">digital marketing age<\/a>.<\/p>\n\n\n\n<h2 class=\"wp-block-heading\">Metody bada\u0144 rynku<\/h2>\n\n\n\n<p>SIS conducts Dental Market Research, particularly in-person or video ethnographic interviews with consumers worldwide.&nbsp; The benefits are rapid, cost effective <a href=\"https:\/\/www.sisinternational.com\/pl\/global-beverage-market\/\" title=\"Global Beverage Market: Market Dynamics, Growth Projections &amp; Consumer Insights\"  data-wpil-monitor-id=\"9030\">insights in High Growth<\/a> Emerging Economies.&nbsp; We <a href=\"https:\/\/www.sisinternational.com\/pl\/rozwiazania\/badania-rynku-w-grupie-fokusowej\/how-to-conduct-a-focus-group\/\" title=\"Jak przeprowadzi\u0107 grup\u0119 fokusow\u0105\"  data-wpil-monitor-id=\"9026\">conduct Focus Groups<\/a>, Online Communities, Surveys and In-Depth Interviews with Dental professionals.<\/p>\n\n\n\n<p><strong>We conduct research with a variety of Decision Makers:<\/strong><\/p>\n\n\n\n<ul class=\"wp-block-list\">\n<li>Pacjenci<\/li>\n\n\n\n<li>Dentists<\/li>\n\n\n\n<li>Hygienists<\/li>\n\n\n\n<li>Lab Technicians<\/li>\n\n\n\n<li>Dental Assistants<\/li>\n\n\n\n<li>Oral and Maxillofacial Surgeons<\/li>\n\n\n\n<li>Dental Laboratory Technicians<\/li>\n\n\n\n<li>Dental Hygienists<\/li>\n\n\n\n<li>Office Managers<\/li>\n\n\n\n<li>Office Staff<\/li>\n\n\n\n<li>Orthodontists<\/li>\n\n\n\n<li>Periodontists<\/li>\n\n\n\n<li>Manufacturers<\/li>\n<\/ul>\n\n\n\n<h2 class=\"wp-block-heading\">About Dental Market Research<\/h2>\n\n\n\n<p><a href=\"https:\/\/www.sisinternational.com\/pl\/skontaktuj-sie-z-nami\/\" title=\"Skontaktuj si\u0119 z nami\"  data-wpil-monitor-id=\"9018\">SIS Mi\u0119dzynarodowe Badania<\/a> makes it our business to remain aware of important trends in the global dental industry. We\u2019ve studied dental programs worldwide, interviewing patients, dentists, manufacturers, and insurance interests regarding practices, products, and industry innovations. Our intelligence efforts reveal invaluable information that helps our clients remain <a href=\"https:\/\/www.sisinternational.com\/pl\/the-need-for-competitive-intelligence-in-this-recession\/\" title=\"Potrzeba wywiadu konkurencyjnego w czasach recesji\"  data-wpil-monitor-id=\"9031\">competitive<\/a> and profitable. In addition, we conduct <a href=\"https:\/\/www.sisinternational.com\/pl\/rozwiazania\/grupy-fokusowe\/grupy-fokusowe-w-nowym-jorku-testujace-produkty-dla-generacji-z\/\" title=\"Wykorzystanie grup fokusowych w Nowym Jorku do testowania produkt\u00f3w dla pokolenia Z\"  data-wpil-monitor-id=\"9029\">Grupy fokusowe<\/a> and surveys that zero-in on product performance, consumer attitudes, the opinions of professionals, and the mindsets of manufacturers that define the dental industry. Make an appointment to speak with us soon.<\/p>\n\n\n\n<p><\/p>","protected":false},"excerpt":{"rendered":"<p>W ramach bada\u0144 rynku us\u0142ug stomatologicznych SIS rozmawia z pacjentami, dentystami i producentami, a tak\u017ce bada ubezpieczenia, produkty i innowacje.<\/p>","protected":false},"author":1,"featured_media":62745,"parent":14514,"menu_order":12,"comment_status":"open","ping_status":"closed","template":"","meta":{"footnotes":""},"class_list":["post-14285","page","type-page","status-publish","has-post-thumbnail"],"_links":{"self":[{"href":"https:\/\/www.sisinternational.com\/pl\/wp-json\/wp\/v2\/pages\/14285","targetHints":{"allow":["GET"]}}],"collection":[{"href":"https:\/\/www.sisinternational.com\/pl\/wp-json\/wp\/v2\/pages"}],"about":[{"href":"https:\/\/www.sisinternational.com\/pl\/wp-json\/wp\/v2\/types\/page"}],"author":[{"embeddable":true,"href":"https:\/\/www.sisinternational.com\/pl\/wp-json\/wp\/v2\/users\/1"}],"replies":[{"embeddable":true,"href":"https:\/\/www.sisinternational.com\/pl\/wp-json\/wp\/v2\/comments?post=14285"}],"version-history":[{"count":6,"href":"https:\/\/www.sisinternational.com\/pl\/wp-json\/wp\/v2\/pages\/14285\/revisions"}],"predecessor-version":[{"id":68403,"href":"https:\/\/www.sisinternational.com\/pl\/wp-json\/wp\/v2\/pages\/14285\/revisions\/68403"}],"up":[{"embeddable":true,"href":"https:\/\/www.sisinternational.com\/pl\/wp-json\/wp\/v2\/pages\/14514"}],"wp:featuredmedia":[{"embeddable":true,"href":"https:\/\/www.sisinternational.com\/pl\/wp-json\/wp\/v2\/media\/62745"}],"wp:attachment":[{"href":"https:\/\/www.sisinternational.com\/pl\/wp-json\/wp\/v2\/media?parent=14285"}],"curies":[{"name":"wp","href":"https:\/\/api.w.org\/{rel}","templated":true}]}}