{"id":14175,"date":"2015-02-10T14:12:03","date_gmt":"2015-02-10T14:12:03","guid":{"rendered":"https:\/\/www.sisinternational.com\/?page_id=14175"},"modified":"2026-01-24T00:47:51","modified_gmt":"2026-01-24T05:47:51","slug":"home-appliance-market-research","status":"publish","type":"page","link":"https:\/\/www.sisinternational.com\/pl\/ekspertyza\/home-appliance-market-research\/","title":{"rendered":"Badania rynku urz\u0105dze\u0144 gospodarstwa domowego"},"content":{"rendered":"<h1 class=\"wp-block-heading\">Household Appliance Market Research<\/h1>\n\n\n\n<figure class=\"gb-block-image gb-block-image-255ce65e\"><img loading=\"lazy\" decoding=\"async\" width=\"1456\" height=\"816\" class=\"gb-image gb-image-255ce65e\" src=\"https:\/\/www.sisinternational.com\/wp-content\/uploads\/2025\/08\/Consumer-electronics-1.jpg\" alt=\"SIS Mi\u0119dzynarodowe badania rynku i strategia\" title=\"Consumer electronics (1)\" srcset=\"https:\/\/www.sisinternational.com\/wp-content\/uploads\/2025\/08\/Consumer-electronics-1.jpg 1456w, https:\/\/www.sisinternational.com\/wp-content\/uploads\/2025\/08\/Consumer-electronics-1-300x168.jpg 300w, https:\/\/www.sisinternational.com\/wp-content\/uploads\/2025\/08\/Consumer-electronics-1-1024x574.jpg 1024w, https:\/\/www.sisinternational.com\/wp-content\/uploads\/2025\/08\/Consumer-electronics-1-768x430.jpg 768w, https:\/\/www.sisinternational.com\/wp-content\/uploads\/2025\/08\/Consumer-electronics-1-18x10.jpg 18w\" sizes=\"auto, (max-width: 1456px) 100vw, 1456px\"><\/figure>\n\n\n\n<p><\/p>\n\n\n\n<h2 class=\"wp-block-heading p1\">The Household Appliance market is back and growing.<\/h2>\n\n\n\n<p class=\"p1\">It&#8217;s rebounding from a period of decline and spurred on by an improved housing market and the bolstered confidence of consumers. It\u2019s a time of great opportunity, and SIS can be integral in helping firms to capitalize and thrive.<\/p>\n\n\n\n<p class=\"p1\">The rise of technology and mobile devices presents significant opportunities and changes in how consumers behave at home.&nbsp; We provide expert <a href=\"https:\/\/www.sisinternational.com\/pl\/rozwiazania\/rozwiazania-w-zakresie-badan-jakosciowych-i-ilosciowych\/chaid-analysis-market-research\/\" title=\"Analiza CHAID Badania rynku\"  data-wpil-monitor-id=\"9607\">market and data analysis<\/a> that yields critical information our clients demand, such as customer purchasing, usability, preferences and behavioral insights.<\/p>\n\n\n\n<p class=\"p1\">Customer <a href=\"https:\/\/www.sisinternational.com\/pl\/rozwiazania\/badania-rynku-w-grupie-fokusowej\/\" title=\"Badania rynku w grupie fokusowej\"  data-wpil-monitor-id=\"9604\">Research and Focus Groups<\/a> provide insight on the attitudes and opinions of end-users.&nbsp; Other <a href=\"https:\/\/www.sisinternational.com\/pl\/alternatywne-metody-badawcze-i-wizyty-domowe\/\" title=\"Alternatywne metody badawcze i wizyty domowe\u00a0\"  data-wpil-monitor-id=\"848\">methods such as home visits<\/a>, mall intercepts, lifestyle research and street surveys explore customer impressions and effectively gauge brand awareness levels.<\/p>\n\n\n\n<p class=\"p1\">We are also a leader of In-Home and Video Ethnography, allowing our clients to see how customers interact with and use their products.&nbsp; Gang surveys are popular with some manufacturers who need data to support decision-making.&nbsp; Lastly, co-creation sessions between product developers and end users can also be helpful in new product development.<\/p>\n\n\n\n<h2 class=\"wp-block-heading p1\">With manufacturing centers shifting and new channels of global commerce emerging, SIS International\u2019s experience in international markets makes a difference.<\/h2>\n\n\n\n<p class=\"p1\">We understand the cultural differences and complexities that impact the purchasing of household appliances and home-related products. We\u2019re ever vigilant; evaluating marketing <a href=\"https:\/\/www.sisinternational.com\/pl\/future-trends-in-qualitative-market-research\/\" title=\"Future Trends in Qualitative Market Research\"  data-wpil-monitor-id=\"9606\">trends and anticipating future<\/a> market movements. We make it our business to make your business better.<\/p>\n\n\n\n<p>Zapewniamy:<\/p>\n\n\n\n<ul class=\"wp-block-list\">\n<li>Grupy fokusowe<\/li>\n\n\n\n<li>Wywiady z klientami<\/li>\n\n\n\n<li>Home and Video Ethnography<\/li>\n\n\n\n<li>Wsp\u00f3\u0142tworzenie<\/li>\n\n\n\n<li>Ankiety<\/li>\n\n\n\n<li>Analiza konkurencji<\/li>\n\n\n\n<li>Market Opportunity, <a href=\"https:\/\/www.sisinternational.com\/pl\/rozwiazania\/doradztwo-strategiczne\/badania-wejscia-na-rynek\/\" title=\"Badania wej\u015bcia na rynek\"  data-wpil-monitor-id=\"9609\">Entry &amp; Sizing Research<\/a><\/li>\n\n\n\n<li>Badania strategiczne<\/li>\n<\/ul>\n\n\n\n<p><\/p>","protected":false},"excerpt":{"rendered":"<p>SIS jest liderem w dziedzinie bada\u0144 rynku urz\u0105dze\u0144 gospodarstwa domowego, oferuj\u0105cym jako\u015bciowe, ilo\u015bciowe i strategiczne rozwi\u0105zania u\u0142atwiaj\u0105ce podejmowanie decyzji. <\/p>","protected":false},"author":1,"featured_media":64245,"parent":14514,"menu_order":4,"comment_status":"open","ping_status":"closed","template":"","meta":{"footnotes":""},"class_list":["post-14175","page","type-page","status-publish","has-post-thumbnail"],"_links":{"self":[{"href":"https:\/\/www.sisinternational.com\/pl\/wp-json\/wp\/v2\/pages\/14175","targetHints":{"allow":["GET"]}}],"collection":[{"href":"https:\/\/www.sisinternational.com\/pl\/wp-json\/wp\/v2\/pages"}],"about":[{"href":"https:\/\/www.sisinternational.com\/pl\/wp-json\/wp\/v2\/types\/page"}],"author":[{"embeddable":true,"href":"https:\/\/www.sisinternational.com\/pl\/wp-json\/wp\/v2\/users\/1"}],"replies":[{"embeddable":true,"href":"https:\/\/www.sisinternational.com\/pl\/wp-json\/wp\/v2\/comments?post=14175"}],"version-history":[{"count":9,"href":"https:\/\/www.sisinternational.com\/pl\/wp-json\/wp\/v2\/pages\/14175\/revisions"}],"predecessor-version":[{"id":81602,"href":"https:\/\/www.sisinternational.com\/pl\/wp-json\/wp\/v2\/pages\/14175\/revisions\/81602"}],"up":[{"embeddable":true,"href":"https:\/\/www.sisinternational.com\/pl\/wp-json\/wp\/v2\/pages\/14514"}],"wp:featuredmedia":[{"embeddable":true,"href":"https:\/\/www.sisinternational.com\/pl\/wp-json\/wp\/v2\/media\/64245"}],"wp:attachment":[{"href":"https:\/\/www.sisinternational.com\/pl\/wp-json\/wp\/v2\/media?parent=14175"}],"curies":[{"name":"wp","href":"https:\/\/api.w.org\/{rel}","templated":true}]}}