{"id":12926,"date":"2015-01-18T14:38:14","date_gmt":"2015-01-18T14:38:14","guid":{"rendered":"https:\/\/www.sisinternational.com\/?page_id=12926"},"modified":"2026-03-12T21:35:57","modified_gmt":"2026-03-13T01:35:57","slug":"badania-rynku-testowanie-produktow","status":"publish","type":"page","link":"https:\/\/www.sisinternational.com\/pl\/ekspertyza\/badania-rynku-testowanie-produktow\/","title":{"rendered":"Badania rynku testowania produkt\u00f3w"},"content":{"rendered":"<h1 class=\"wp-block-heading\">Badania rynku testowania produkt\u00f3w<\/h1>\n\n\n\n<p><\/p>\n\n\n\n<figure class=\"gb-block-image gb-block-image-32cb63f2\"><img loading=\"lazy\" decoding=\"async\" width=\"1350\" height=\"736\" class=\"gb-image gb-image-32cb63f2\" src=\"https:\/\/www.sisinternational.com\/wp-content\/uploads\/2025\/09\/Sensory-testing-1.1.jpg\" alt=\"SIS Mi\u0119dzynarodowe badania rynku i strategia\" title=\"Sensory testing (1).1\" srcset=\"https:\/\/www.sisinternational.com\/wp-content\/uploads\/2025\/09\/Sensory-testing-1.1.jpg 1350w, https:\/\/www.sisinternational.com\/wp-content\/uploads\/2025\/09\/Sensory-testing-1.1-300x164.jpg 300w, https:\/\/www.sisinternational.com\/wp-content\/uploads\/2025\/09\/Sensory-testing-1.1-1024x558.jpg 1024w, https:\/\/www.sisinternational.com\/wp-content\/uploads\/2025\/09\/Sensory-testing-1.1-768x419.jpg 768w, https:\/\/www.sisinternational.com\/wp-content\/uploads\/2025\/09\/Sensory-testing-1.1-18x10.jpg 18w\" sizes=\"auto, (max-width: 1350px) 100vw, 1350px\"><\/figure>\n\n\n\n<h2 class=\"wp-block-heading p1\">Przeprowadzenie produktu przez faz\u0119 koncepcyjn\u0105 mo\u017ce okaza\u0107 si\u0119 trudnym procesem na z\u0142o\u017conym i ci\u0105gle zmieniaj\u0105cym si\u0119 rynku.<\/h2>\n\n\n\n<p>Conducting comprehensive and insight-rich testing with targeted stakeholders and consumers is crucial to mitigating the risks associated with launching a new product.&nbsp;We take a unique and innovative approach to conducting product tests and delivering critical pre-launch consumer analysis to clients.<\/p>\n\n\n\n<h2 class=\"wp-block-heading\">Czym jest badanie rynku w formie test\u00f3w produkt\u00f3w?<\/h2>\n\n\n\n<p>Badania rynku testowania produkt\u00f3w s\u0105 istotnym elementem rozwoju produktu. Poprzez zbieranie spostrze\u017ce\u0144 i danych od potencjalnych klient\u00f3w firmy mog\u0105 dowiedzie\u0107 si\u0119 wi\u0119cej o wydajno\u015bci, u\u017cyteczno\u015bci i po\u017c\u0105daniu produktu.<\/p>\n\n\n\n<p>With these findings, companies have the information necessary to make wise decisions about their products, increasing <a href=\"https:\/\/www.sisinternational.com\/pl\/improving-customer-relations\/\" title=\"Jak poprawi\u0107 zadowolenie klienta i zadowoli\u0107 niezadowolonych klient\u00f3w\"  data-wpil-monitor-id=\"10718\">customer satisfaction while simultaneously improving<\/a> sales.<\/p>\n\n\n\n<h2 class=\"wp-block-heading p5\">Dlaczego badania rynku w zakresie testowania produkt\u00f3w s\u0105 tak wa\u017cne?<\/h2>\n\n\n\n<p class=\"p3\">Product testing market research is critical for making sure the products truly matter to customers. This is because you can study market trends and current consumer preferences that may change from year to year depending on the <a href=\"https:\/\/www.sisinternational.com\/pl\/przewoznicy-niskokosztowi-w-branzy-lotniczej\/\" title=\"Badania rynku tanich linii lotniczych\"  data-wpil-monitor-id=\"10713\">\u015bwiatowy<\/a> market and its trends.<\/p>\n\n\n\n<p class=\"p3\">Dlatego przedsi\u0119biorstwa powinny przeprowadza\u0107 badania rynku testowego produkt\u00f3w, aby zrozumie\u0107, jak potencjalni klienci postrzegaj\u0105 ich produkty, odkry\u0107 wszelkie problemy lub obawy, jakie mog\u0105 mie\u0107 konsumenci, i odpowiednio je zmodyfikowa\u0107. Bez tych bada\u0144 firmy ryzykuj\u0105 wprowadzeniem na rynek produkt\u00f3w, kt\u00f3re nie spe\u0142niaj\u0105 oczekiwa\u0144 klient\u00f3w <span class=\"s1\">\u2013<\/span> a to mo\u017ce prowadzi\u0107 do spadku sprzeda\u017cy i nadszarpni\u0119cia reputacji marki.<\/p>\n\n\n\n<p class=\"p3\">Ponadto dzi\u0119ki tej wiedzy firmy mog\u0105 opracowa\u0107 udoskonalone strategie dotycz\u0105ce swoich produkt\u00f3w, kt\u00f3re pozwol\u0105 im wyr\u00f3\u017cni\u0107 si\u0119 na tle konkurencji, zapewniaj\u0105c przedsi\u0119biorstwom przewag\u0119 konkurencyjn\u0105.<\/p>\n\n\n\n<h2 class=\"wp-block-heading p5\">Mo\u017cliwo\u015bci i wyzwania bada\u0144 rynku testowania produkt\u00f3w<\/h2>\n\n\n\n<p class=\"p6\">Badania rynku testowania produkt\u00f3w otwieraj\u0105 przed firmami ogromne mo\u017cliwo\u015bci. Nale\u017cy jednak wzi\u0105\u0107 pod uwag\u0119, \u017ce badanie to stawia pewne wyzwania do pokonania w celu uzyskania dok\u0142adnego obrazu gust\u00f3w konsument\u00f3w na okre\u015blonym rynku.<\/p>\n\n\n\n<h3 class=\"wp-block-heading p6\">Mo\u017cliwo\u015bci<\/h3>\n\n\n\n<ul class=\"wp-block-list ul1\">\n<li><b>Innowacja<\/b>: Product testing <a href=\"https:\/\/www.sisinternational.com\/pl\/rozwiazania\/rozwiazania-w-zakresie-badan-jakosciowych-i-ilosciowych\/wine-taste-testing\/\" title=\"Wine Taste Testing\"  data-wpil-monitor-id=\"1245\">badania rynku<\/a> delivers valuable insights into customer demands and tastes, helping companies identify potential areas for innovation and differentiate their products from those of their competitors.<\/li>\n\n\n\n<li><b>Personalizacja<\/b>: Firmy mog\u0105 zwi\u0119kszy\u0107 lojalno\u015b\u0107 i zadowolenie klient\u00f3w, tworz\u0105c produkty, kt\u00f3re bezpo\u015brednio odpowiadaj\u0105 potrzebom klient\u00f3w. Wykorzystuj\u0105c to, co nap\u0119dza ich preferencje, firmy zbuduj\u0105 zaufanie, jednocze\u015bnie tworz\u0105c dostosowane rozwi\u0105zania, kt\u00f3re spe\u0142niaj\u0105 ka\u017cde unikalne wymaganie.<\/li>\n\n\n\n<li><b>Branding<\/b>:Badania rynku testowania produkt\u00f3w dostarczaj\u0105 ogromnego wgl\u0105du w to, jak konsumenci postrzegaj\u0105 produkty firmy. Pozwalaj\u0105 zespo\u0142owi decyzyjnemu dopracowa\u0107 to\u017csamo\u015b\u0107 marki.<\/li>\n\n\n\n<li><b>Redukcja koszt\u00f3w<\/b>:Firmy mog\u0105 obni\u017cy\u0107 koszty udoskonalania produkt\u00f3w po wprowadzeniu ich na rynek, rozwi\u0105zuj\u0105c problemy jeszcze przed premier\u0105, co przek\u0142ada si\u0119 na wi\u0119ksz\u0105 wydajno\u015b\u0107 i wy\u017csze zyski.<\/li>\n\n\n\n<li><b>Ekspansja rynku<\/b>: <a href=\"https:\/\/www.sisinternational.com\/pl\/publikacje\/scalable-business-market-research-7-ways-to-build-a-scalable-business\/\" title=\"Skalowalne badania rynku biznesowego: 7 sposob\u00f3w na zbudowanie skalowalnego biznesu\"  data-wpil-monitor-id=\"10720\">Badania rynku<\/a> can uncover untapped potential for businesses, unveiling fresh and unexplored market opportunities that could lead to expansive growth.<\/li>\n\n\n\n<li><b><a href=\"https:\/\/www.sisinternational.com\/pl\/kampania-marketingowa-wielokanalowa\/\" title=\"Optymalizacja strategii marketingu wielokana\u0142owego w celu zwi\u0119kszenia penetracji rynku\"  data-wpil-monitor-id=\"10717\">Ulepszone strategie marketingowe<\/a><\/b>:Wykorzystuj\u0105c opinie klient\u00f3w, firmy mog\u0105 czerpa\u0107 korzy\u015bci z dog\u0142\u0119bnych analiz, kt\u00f3re pomog\u0105 im dostosowa\u0107 strategie marketingowe i dotrze\u0107 do szerszego grona odbiorc\u00f3w oraz wi\u0119kszej liczby potencjalnych klient\u00f3w.<\/li>\n<\/ul>\n\n\n\n<h3 class=\"wp-block-heading p8\">Wyzwania<\/h3>\n\n\n\n<p class=\"p3\">Badania rynku polegaj\u0105ce na testowaniu produkt\u00f3w mog\u0105 by\u0107 korzystne dla firm, jednak przeprowadzanie tego typu bada\u0144 wi\u0105\u017ce si\u0119 z kilkoma wyzwaniami:<\/p>\n\n\n\n<ul class=\"wp-block-list ul1\">\n<li>Przeprowadzanie bada\u0144 rynku testowania produkt\u00f3w mo\u017ce by\u0107 d\u0142ugotrwa\u0142e i kosztowne, je\u015bli firma chce przetestowa\u0107 kilka produkt\u00f3w lub planuje wej\u015b\u0107 na wiele rynk\u00f3w w tym samym czasie. Firmy musz\u0105 zainwestowa\u0107 niezb\u0119dny czas i fundusze, aby mie\u0107 pewno\u015b\u0107, \u017ce badania zostan\u0105 przeprowadzone dok\u0142adnie.<\/li>\n\n\n\n<li>Znalezienie odpowiednich uczestnik\u00f3w bada\u0144 mo\u017ce by\u0107 trudne, w zale\u017cno\u015bci od szczeg\u00f3lnych cech grupy docelowej rynku.<\/li>\n\n\n\n<li>Firmy musz\u0105 zagwarantowa\u0107, \u017ce wielko\u015b\u0107 pr\u00f3by ich bada\u0144 jest wystarczaj\u0105ca, aby uzyska\u0107 wa\u017cne wyniki. W przeciwnym razie nie b\u0119d\u0105 w stanie wyci\u0105gn\u0105\u0107 wiarygodnych wniosk\u00f3w z zebranych danych.<\/li>\n\n\n\n<li>Firmy konsultingowe musz\u0105 \u0142agodzi\u0107 stronniczo\u015b\u0107 podczas testowania produkt\u00f3w i bada\u0144 rynku. Je\u015bli moderator nie poprosi uczestnik\u00f3w o rozwini\u0119cie swoich odpowiedzi, uczestnicy mog\u0105 poczu\u0107 presj\u0119 spo\u0142eczn\u0105 i udzieli\u0107 podobnych odpowiedzi.<\/li>\n\n\n\n<li>Interpreting the research results may be a complex task if there are multiple <a href=\"https:\/\/www.sisinternational.com\/pl\/zasieg\/badania-rynku-afryka\/market-research-cameroon\/\" title=\"Badania rynku w Kamerunie\"  data-wpil-monitor-id=\"5275\">products<\/a> for different market segments. Companies must carefully evaluate the data they receive and use it to make effective product development decisions.<\/li>\n<\/ul>\n\n\n\n<h2 class=\"wp-block-heading p1\">Nasze podej\u015bcie<\/h2>\n\n\n\n<p><\/p>\n\n\n\n<figure class=\"gb-block-image gb-block-image-1622b002\"><img loading=\"lazy\" decoding=\"async\" width=\"1456\" height=\"816\" class=\"gb-image gb-image-1622b002\" src=\"https:\/\/www.sisinternational.com\/wp-content\/uploads\/2025\/09\/Sensory-testing-3.jpg\" alt=\"SIS Mi\u0119dzynarodowe badania rynku i strategia\" title=\"Sensory testing (3)\" srcset=\"https:\/\/www.sisinternational.com\/wp-content\/uploads\/2025\/09\/Sensory-testing-3.jpg 1456w, https:\/\/www.sisinternational.com\/wp-content\/uploads\/2025\/09\/Sensory-testing-3-300x168.jpg 300w, https:\/\/www.sisinternational.com\/wp-content\/uploads\/2025\/09\/Sensory-testing-3-1024x574.jpg 1024w, https:\/\/www.sisinternational.com\/wp-content\/uploads\/2025\/09\/Sensory-testing-3-768x430.jpg 768w, https:\/\/www.sisinternational.com\/wp-content\/uploads\/2025\/09\/Sensory-testing-3-18x10.jpg 18w\" sizes=\"auto, (max-width: 1456px) 100vw, 1456px\"><\/figure>\n\n\n\n<p class=\"p1\">Nasze wielowarstwowe techniki testowania koncepcji skupiaj\u0105 si\u0119 na identyfikacji relacji konsumenckich, \u017ar\u00f3de\u0142 po\u0142\u0105cze\u0144 emocjonalnych, niezaspokojonych potrzeb i preferencji produktowych. Najlepsze i najskuteczniejsze testy koncepcji cz\u0119sto wykorzystuj\u0105 hybrydow\u0105 metodologi\u0119, wykorzystuj\u0105c zar\u00f3wno jako\u015bciowe dyskusje, jak i ilo\u015bciowe badania ankietowe na wi\u0119ksz\u0105 skal\u0119. Ostatecznie nasze rozwi\u0105zania dostarczaj\u0105 naszym klientom bogatych warstw u\u017cytecznych danych, kt\u00f3re nap\u0119dzaj\u0105 wyniki ich nowych produkt\u00f3w na rynku.<\/p>\n\n\n\n<h2 class=\"wp-block-heading\">Studium przypadku: Testowanie produktu na obiektywach aparat\u00f3w DSLR<\/h2>\n\n\n\n<h3 class=\"wp-block-heading\">T\u0142o i cele badawcze<\/h3>\n\n\n\n<p>Klient, producent obiektyw\u00f3w do aparat\u00f3w DSLR, chcia\u0142 zrozumie\u0107 powody, dla kt\u00f3rych ameryka\u0144scy konsumenci maj\u0105 opinie na temat element\u00f3w estetycznych obiektyw\u00f3w DSLR ze \u015bredniej i wysokiej p\u00f3\u0142ki. Zainteresowanie dotyczy\u0142o w szczeg\u00f3lno\u015bci aspekt\u00f3w wizualnych, dotykowych i s\u0142uchowych obiektyw\u00f3w, a nie jako\u015bci zdj\u0119\u0107, jakie produkowa\u0142y. Postawy konsument\u00f3w wobec wygl\u0105du, odczu\u0107 i struktury obiektyw\u00f3w by\u0142y nieco pomijane w poprzednich badaniach w tej dziedzinie, kt\u00f3re koncentrowa\u0142y si\u0119 g\u0142\u00f3wnie na funkcjonalnych aspektach jako\u015bci obiektyw\u00f3w.<\/p>\n\n\n\n<p><strong>Metodologia<\/strong><\/p>\n\n\n\n<p>Wybrano 23 respondent\u00f3w na podstawie trzech g\u0142\u00f3wnych kryteri\u00f3w:<\/p>\n\n\n\n<ol class=\"wp-block-list\">\n<li>Posiadanie wysokiej i \u015bredniej klasy aparat\u00f3w cyfrowych Canon i Nikon<\/li>\n\n\n\n<li>Posiadanie co najmniej 3 obiektyw\u00f3w do aparatu DSLR<\/li>\n\n\n\n<li>Robienie zdj\u0119\u0107 lustrzank\u0105 cyfrow\u0105 co najmniej pi\u0119\u0107 razy w tygodniu.<\/li>\n<\/ol>\n\n\n\n<p>These respondents were invited to a Manhattan photo studio where they provided their in-depth opinions on 14 different DSLR camera lenses. The lenses, each from different manufacturers, were selected to represent different aesthetic styles and choices that designers make, e.g. the location of labels and controls on the lens, the ease or difficulty with which the focus and zoom rings can be turned, and the feeling of the material the lens is made of. Each respondent completed one hand-written survey per lens, which included both scale-ranking questions as well as open-ended, qualitative questions. The results of these surveys were then analyzed on both a quantitative and <a href=\"https:\/\/www.sisinternational.com\/pl\/future-trends-in-qualitative-market-research\/\" title=\"Future Trends in Qualitative Market Research\"  data-wpil-monitor-id=\"10719\">qualitative level to uncover market trends<\/a>.<\/p>\n\n\n\n<p><strong>Wnioski i wnioski<\/strong><\/p>\n\n\n\n<p>Analiza tych kwestionariuszy przynios\u0142a kilka kluczowych ustale\u0144, w tym:<\/p>\n\n\n\n<p>Klient dostrzeg\u0142 szans\u0119, jak\u0105 daje produkcja pier\u015bcieni zoomu i ostro\u015bci, kt\u00f3re wymagaj\u0105 minimalnego wysi\u0142ku przy regulacji, a jednocze\u015bnie zachowuj\u0105 poczucie precyzji i solidno\u015bci. Wynika\u0142o to z zaskakuj\u0105cego odkrycia, \u017ce by\u0142 to najwi\u0119kszy czynnik decyduj\u0105cy o og\u00f3lnej jako\u015bci obiektywu. Pog\u0142\u0119bione wywiady z wybranymi respondentami ujawni\u0142y potrzeb\u0119 posiadania obiektyw\u00f3w, kt\u00f3re wydaj\u0105 jak najmniej ha\u0142asu podczas pracy w profesjonalnych \u015brodowiskach, aby nie rozprasza\u0107 fotografowanych os\u00f3b, co stanowi\u0142o okazj\u0119 do wprowadzenia na rynek cichych obiektyw\u00f3w profesjonalnych fotograf\u00f3w. Analiza ankiety wykaza\u0142a, \u017ce waga obiektywu jest silnym czynnikiem determinuj\u0105cym jego og\u00f3lne poczucie trwa\u0142o\u015bci. Poniewa\u017c obiektywy te stanowi\u0105 znaczn\u0105 inwestycj\u0119 \u2013 wiele wysokiej klasy obiektyw\u00f3w sprzedaje si\u0119 za ponad $1000 \u2013 konsumenci chc\u0105 mie\u0107 poczucie, \u017ce kupuj\u0105 produkt, kt\u00f3ry b\u0119dzie trwa\u0142y. Klient by\u0142 w stanie rozpozna\u0107 warto\u015b\u0107 w przes\u0142aniu o mocnym, trwa\u0142ym obiektywie, kt\u00f3ry przetrwa ca\u0142e \u017cycie.<\/p>\n\n\n\n<h2 class=\"wp-block-heading\">O SIS Product Testing Market Research<\/h2>\n\n\n\n<p><a href=\"https:\/\/twitter.com\/SISIntlResearch\" target=\"_blank\" rel=\"noopener\"><span style=\"font-weight: 400;\">SIS<\/span><\/a> jest wiod\u0105c\u0105 firm\u0105 bada\u0144 rynku. Przeprowadzili\u015bmy tysi\u0105ce test\u00f3w w Stanach Zjednoczonych i na ca\u0142ym \u015bwiecie. Testy produkt\u00f3w s\u0105 zorientowane na szczeg\u00f3\u0142y i wymagaj\u0105 do\u015bwiadczenia, aby zapewni\u0107 ich skuteczne przeprowadzenie. My zapewniamy to do\u015bwiadczenie.<\/p>\n\n\n\n<h3 class=\"wp-block-heading\">Nasze rozwi\u0105zania w zakresie bada\u0144 produkt\u00f3w obejmuj\u0105:<\/h3>\n\n\n\n<ul class=\"wp-block-list\">\n<li>Sekwencyjne testy produkt\u00f3w monadycznych<\/li>\n\n\n\n<li>Testy produkt\u00f3w monadycznych<\/li>\n\n\n\n<li>Etnografia<\/li>\n\n\n\n<li>Testy u\u017cytkowania w domu<\/li>\n\n\n\n<li><a href=\"https:\/\/www.sisinternational.com\/pl\/rozwiazania\/rozwiazania-w-zakresie-badan-jakosciowych-i-ilosciowych\/testy-lokalizacji-centralnej-kontra-grupy-fokusowe\/\" title=\"Testy Centralnej Lokalizacji kontra Grupy Fokusowe\" data-wpil-monitor-id=\"10715\">Testy lokalizacji centralnej<\/a><\/li>\n\n\n\n<li>Grupy fokusowe<\/li>\n\n\n\n<li>Mobilna etnografia<\/li>\n<\/ul>\n\n\n\n<p><a href=\"https:\/\/www.linkedin.com\/company\/sisinternationalresearch\/\" target=\"_blank\" rel=\"noopener\"><span style=\"font-weight: 400;\">SIS Mi\u0119dzynarodowy<\/span><\/a> offers Quantitative, Qualitative, and Strategy Research. We provide data, tools, strategies, reports, and insights for decision-making. We also conduct interviews, surveys, focus groups, and many other <a href=\"https:\/\/www.sisinternational.com\/pl\/quantitative-market-research-methods-and-techniques\/\" title=\"Quantitative Market Research Methods and Techniques\" data-wpil-monitor-id=\"10714\">Market Research methods<\/a> and approaches. Contact us for your <a href=\"https:\/\/www.sisinternational.com\/pl\/ekspertyza\/branze\/next-generation-technologies-market-research\/\" title=\"Badania rynku technologii nowej generacji\" data-wpil-monitor-id=\"10716\">next Market Research<\/a> project.<\/p>","protected":false},"excerpt":{"rendered":"<p>SIS jest wiod\u0105c\u0105 firm\u0105 bada\u0144 rynku. Badania rynku testowania produkt\u00f3w dostarczaj\u0105 spostrze\u017ce\u0144 i danych firmom wprowadzaj\u0105cym nowe produkty.<\/p>","protected":false},"author":1,"featured_media":66987,"parent":14514,"menu_order":1,"comment_status":"closed","ping_status":"closed","template":"","meta":{"footnotes":""},"class_list":["post-12926","page","type-page","status-publish","has-post-thumbnail"],"_links":{"self":[{"href":"https:\/\/www.sisinternational.com\/pl\/wp-json\/wp\/v2\/pages\/12926","targetHints":{"allow":["GET"]}}],"collection":[{"href":"https:\/\/www.sisinternational.com\/pl\/wp-json\/wp\/v2\/pages"}],"about":[{"href":"https:\/\/www.sisinternational.com\/pl\/wp-json\/wp\/v2\/types\/page"}],"author":[{"embeddable":true,"href":"https:\/\/www.sisinternational.com\/pl\/wp-json\/wp\/v2\/users\/1"}],"replies":[{"embeddable":true,"href":"https:\/\/www.sisinternational.com\/pl\/wp-json\/wp\/v2\/comments?post=12926"}],"version-history":[{"count":8,"href":"https:\/\/www.sisinternational.com\/pl\/wp-json\/wp\/v2\/pages\/12926\/revisions"}],"predecessor-version":[{"id":81756,"href":"https:\/\/www.sisinternational.com\/pl\/wp-json\/wp\/v2\/pages\/12926\/revisions\/81756"}],"up":[{"embeddable":true,"href":"https:\/\/www.sisinternational.com\/pl\/wp-json\/wp\/v2\/pages\/14514"}],"wp:featuredmedia":[{"embeddable":true,"href":"https:\/\/www.sisinternational.com\/pl\/wp-json\/wp\/v2\/media\/66987"}],"wp:attachment":[{"href":"https:\/\/www.sisinternational.com\/pl\/wp-json\/wp\/v2\/media?parent=12926"}],"curies":[{"name":"wp","href":"https:\/\/api.w.org\/{rel}","templated":true}]}}