{"id":11829,"date":"2014-11-28T18:19:52","date_gmt":"2014-11-28T18:19:52","guid":{"rendered":"https:\/\/www.sisinternational.com\/?page_id=11829"},"modified":"2026-03-12T23:50:03","modified_gmt":"2026-03-13T03:50:03","slug":"badanie-mozliwosci-wejscia-na-rynek","status":"publish","type":"page","link":"https:\/\/www.sisinternational.com\/pl\/market-entry-intelligence-page\/badanie-mozliwosci-wejscia-na-rynek\/","title":{"rendered":"Badania wej\u015bcia na rynek i mo\u017cliwo\u015bci"},"content":{"rendered":"<h1 class=\"wp-block-heading entry-title\">Market Entry &amp; Opportunity Research<\/h1>\n\n\n\n<p><\/p>\n\n\n\n<figure class=\"gb-block-image gb-block-image-c87852c5\"><img loading=\"lazy\" decoding=\"async\" width=\"1456\" height=\"816\" class=\"gb-image gb-image-c87852c5\" src=\"https:\/\/www.sisinternational.com\/wp-content\/uploads\/2025\/09\/Market-Entry-Consulting-in-China-1.jpg\" srcset=\"https:\/\/www.sisinternational.com\/wp-content\/uploads\/2025\/09\/Market-Entry-Consulting-in-China-1.jpg 1456w, https:\/\/www.sisinternational.com\/wp-content\/uploads\/2025\/09\/Market-Entry-Consulting-in-China-1-300x168.jpg 300w, https:\/\/www.sisinternational.com\/wp-content\/uploads\/2025\/09\/Market-Entry-Consulting-in-China-1-1024x574.jpg 1024w, https:\/\/www.sisinternational.com\/wp-content\/uploads\/2025\/09\/Market-Entry-Consulting-in-China-1-768x430.jpg 768w, https:\/\/www.sisinternational.com\/wp-content\/uploads\/2025\/09\/Market-Entry-Consulting-in-China-1-18x10.jpg 18w\" sizes=\"auto, (max-width: 1456px) 100vw, 1456px\" alt=\"SIS Mi\u0119dzynarodowe badania rynku i strategia\"><\/figure>\n\n\n\n<p><\/p>\n\n\n\n<h2 class=\"wp-block-heading p1\">SIS Strategy can help you explore opportunities in new geographies and industry verticals.<\/h2>\n\n\n\n<p class=\"p1\">With Market Entry and Opportunity Research, we start by understanding your objectives, then the context of your business within the local or global trends most impacting your decisions. Through our research arm, SIS can further tap into the \u201cVoice of the Customer,\u201d exploring the impact and appetite towards your product or service. Our Competitive Intelligence services will further help you glean insight into the competitive landscape, including possible market adjustments or even investment\/divestment opportunities.&nbsp;Working closely with our local offices\u2014Shanghai, Manila, Seoul, London, and Frankfurt, to name a few\u2014as well as our extensive database of local <a href=\"https:\/\/www.sisinternational.com\/pl\/badanie-mozliwosci-wejscia-na-rynek-chiny\/\" title=\"Badania wej\u015bcia na rynek i mo\u017cliwo\u015bci w Chinach\"  data-wpil-monitor-id=\"3606\">market entry and Opportunity<\/a> knowledge, we connect you with incisive intelligence to rapidly capture new opportunities in the marketplace.<\/p>\n\n\n\n<p>From your objectives to the Market Context, we continue to develop the on-the-ground intelligence that matters most. This intelligence is then used to generate the key insights and recommendations\u2014along with the Make\/Partner\/Buy and Go\/No-Go decisions you need to explore when thinking through entry into new, or extension of existing product lines.<\/p>\n\n\n\n<h2 class=\"wp-block-heading\">Market Opportunity and Entry Topics<\/h2>\n\n\n\n<ul class=\"wp-block-list\">\n<li>Market Landscape \u2013 Does the market offer enough unit and sales volume for market entry?<\/li>\n\n\n\n<li>Market Size&nbsp;\u2013 units and revenue volume<\/li>\n\n\n\n<li>Competitive landscape \u2013 who are the major competitors?<\/li>\n\n\n\n<li>Channels of Distribution<\/li>\n\n\n\n<li>OEMs \u2013 Who are the major OEMs and can you develop a relationship with them?<\/li>\n\n\n\n<li>Social, Political and Legal Barriers to entry<\/li>\n\n\n\n<li>Domestic met needs by local and international suppliers<\/li>\n\n\n\n<li>Unmet market needs<\/li>\n\n\n\n<li>Pricing strategy<\/li>\n\n\n\n<li>Promotional strategy<\/li>\n\n\n\n<li>Areas of Market Opportunity<\/li>\n\n\n\n<li>Conclusions\/Recommendations<\/li>\n<\/ul>\n\n\n\n<h4 class=\"wp-block-heading\">Through our research arm, SIS can further tap into the \u201cVoice of the Customer\u201d, exploring the impact and appetite towards your product or service.&nbsp; Our Competitive Intelligence services will further help you glean insight into the competitive landscape, including possible market adjustments or even investment\/divestment opportunities.<\/h4>\n\n\n\n<h2 class=\"wp-block-heading\"><\/h2>\n\n\n\n<h2 class=\"wp-block-heading\">What is Market Opportunity Research?<\/h2>\n\n\n\n<p>A market opportunity (MO) is a potential product or service that consumers may want. In fact, if other companies don\u2019t supply it, therein lies the opportunity. Thus, it\u2019s essential to gain as many details as you can about it so you can benefit from a new market. That\u2019s where market research comes in. Market research allows a business to gain further info about the demand in new markets. When carrying out your MO research, there are some key areas of note:<\/p>\n\n\n\n<h3 class=\"wp-block-heading\">1. Research your customers and competition.<\/h3>\n\n\n\n<p>Use Market Research to understand your customer and rivals in-depth. It will help you to see whether the demand for the product\/service is genuine and if it\u2019s even worth the risk for your company to expand into a new market.<\/p>\n\n\n\n<h3 class=\"wp-block-heading\">2. Get a high-level view of the market.<\/h3>\n\n\n\n<p>When doing research, it\u2019s essential to get an insightful view of the market. For example, you need to ask:<\/p>\n\n\n\n<ul class=\"wp-block-list\">\n<li>What\u2019s the size of the market?<\/li>\n\n\n\n<li>How fast is it expanding or contracting?<\/li>\n\n\n\n<li>How many buyers are there?<\/li>\n\n\n\n<li>How intense is the competition?<\/li>\n<\/ul>\n\n\n\n<h3 class=\"wp-block-heading\">3. Explore other opportunities.<\/h3>\n\n\n\n<p>It also makes sense to look at other options. Many businesses with a proven track record of success keep this in mind. Another key point is that with a finger on the pulse of the market, it will allow you to find new ways to expand your brand. It will also enable you to outdo your rivals.<\/p>\n\n\n\n<h4 class=\"wp-block-heading\">4. Understand the business environment.<\/h4>\n\n\n\n<p>Many things can affect how businesses operate. Examples are tech development, economic indicators, as well as geopolitical shifts. For example, Brexit in the UK, where the nation left the EU, caused many issues. The UK\u2019s exit from the EU increased stress on supply chains going out of the country. By the same token, getting goods out to the rest of Europe became a challenge.<\/p>\n\n\n\n<h2 class=\"wp-block-heading\">Why is Market Opportunity Research Important?<\/h2>\n\n\n\n<p>A market opportunity is a chance for any growing business to set itself up in a new market, for example, with many different types of smartphones. In the early days of the phone industry, smartphones existed. But, none of them had an intuitive touch screen display. That was until Apple realized there was demand. So, they made an intuitive handheld phone with many features. And in response, they released the iPhone in June 2007. The opportunity, coupled with Apple\u2019s reaction to it, changed the landscape of the market forever after.<\/p>\n\n\n\n<h2 class=\"wp-block-heading\">Kluczowe stanowiska<\/h2>\n\n\n\n<p>There are notable jobs in Market Opportunity <a href=\"https:\/\/www.sisinternational.com\/pl\/the-social-network-treasury-of-data-for-marketing-researchers\/\" title=\"Badania rynku medi\u00f3w spo\u0142eczno\u015bciowych: szanse i wyzwania\"  data-wpil-monitor-id=\"2710\">Badania rynku<\/a>.<\/p>\n\n\n\n<ul class=\"wp-block-list\">\n<li>Market Research Analyst<\/li>\n\n\n\n<li>Data Research Analyst<\/li>\n\n\n\n<li>Marketing Manager<\/li>\n<\/ul>\n\n\n\n<h2 class=\"wp-block-heading\">Why Businesses Need Market Opportunity Research<\/h2>\n\n\n\n<p>For a firm to survive and thrive, it needs to take advantage of market opportunities. And to do so, it needs relevant info on the market, which it can only gain from good market research. In cases like these, it\u2019s good to remember the phrase \u201cIf you don\u2019t, somebody will.\u201d It\u2019s better that you set up yourself in a new market first. Better that than have somebody else move in before you and raise the barriers to entry.<\/p>\n\n\n\n<h2 class=\"wp-block-heading\">Kluczowe czynniki sukcesu<\/h2>\n\n\n\n<p>For a business is to be successful, it needs to be timely. It needs to be able to work with the most current info. It must also be able to find out the best <a href=\"https:\/\/www.sisinternational.com\/pl\/zmieniajacy-sie-rynek-afrykanski\/\" title=\"Badania mo\u017cliwo\u015bci rynkowych w Afryce\"  data-wpil-monitor-id=\"7247\">opportunities in the market<\/a>. Also, it needs to be thorough. A business that wants to move into a new market or expand must inform itself well. If not, that mistake can allow the competition to take hold of that new market for themselves.<\/p>\n\n\n\n<h2 class=\"wp-block-heading\">About Market Opportunity Research<\/h2>\n\n\n\n<p>When doing your market research, use all the tools at your disposal. Many online databases already exist to provide a broad look at the state of the market. These will have a good layout report of the Quantitative and Qualitative findings. Keep in mind that niche markets will need specific data. In addition, it\u2019s easy to get the information if you commission a custom market research project. These may use many techniques, including Surveys, interviews, and Focus Groups. These are excellent primary sources that you can use to increase the collection of valuable data.<\/p>\n\n\n\n<p><\/p>\n\n\n\n<p><\/p>\n\n\n\n<p><\/p>","protected":false},"excerpt":{"rendered":"<p>SIS jest wiod\u0105c\u0105 globaln\u0105 firm\u0105 zajmuj\u0105c\u0105 si\u0119 badaniami rynku i doradztwem strategicznym, oferuj\u0105c\u0105 kompleksowe strategie wykorzystania szans rynkowych i wej\u015bcia na rynek.<\/p>","protected":false},"author":1,"featured_media":65573,"parent":84510,"menu_order":1,"comment_status":"closed","ping_status":"closed","template":"","meta":{"footnotes":""},"class_list":["post-11829","page","type-page","status-publish","has-post-thumbnail"],"_links":{"self":[{"href":"https:\/\/www.sisinternational.com\/pl\/wp-json\/wp\/v2\/pages\/11829","targetHints":{"allow":["GET"]}}],"collection":[{"href":"https:\/\/www.sisinternational.com\/pl\/wp-json\/wp\/v2\/pages"}],"about":[{"href":"https:\/\/www.sisinternational.com\/pl\/wp-json\/wp\/v2\/types\/page"}],"author":[{"embeddable":true,"href":"https:\/\/www.sisinternational.com\/pl\/wp-json\/wp\/v2\/users\/1"}],"replies":[{"embeddable":true,"href":"https:\/\/www.sisinternational.com\/pl\/wp-json\/wp\/v2\/comments?post=11829"}],"version-history":[{"count":9,"href":"https:\/\/www.sisinternational.com\/pl\/wp-json\/wp\/v2\/pages\/11829\/revisions"}],"predecessor-version":[{"id":80895,"href":"https:\/\/www.sisinternational.com\/pl\/wp-json\/wp\/v2\/pages\/11829\/revisions\/80895"}],"up":[{"embeddable":true,"href":"https:\/\/www.sisinternational.com\/pl\/wp-json\/wp\/v2\/pages\/84510"}],"wp:featuredmedia":[{"embeddable":true,"href":"https:\/\/www.sisinternational.com\/pl\/wp-json\/wp\/v2\/media\/65573"}],"wp:attachment":[{"href":"https:\/\/www.sisinternational.com\/pl\/wp-json\/wp\/v2\/media?parent=11829"}],"curies":[{"name":"wp","href":"https:\/\/api.w.org\/{rel}","templated":true}]}}