{"id":11312,"date":"2014-11-05T01:56:14","date_gmt":"2014-11-05T01:56:14","guid":{"rendered":"https:\/\/www.sisinternational.com\/upgrade\/?page_id=11312"},"modified":"2026-01-24T17:20:22","modified_gmt":"2026-01-24T22:20:22","slug":"eastern-europe-market-research","status":"publish","type":"page","link":"https:\/\/www.sisinternational.com\/pl\/zasieg\/europa\/eastern-europe-market-research\/","title":{"rendered":"Badania rynku Europy Wschodniej"},"content":{"rendered":"<h1 class=\"wp-block-heading\">Badania rynku Europy Wschodniej<\/h1>\n\n\n\n<figure class=\"gb-block-image gb-block-image-d67a954e\"><img loading=\"lazy\" decoding=\"async\" width=\"1456\" height=\"816\" class=\"gb-image gb-image-d67a954e\" src=\"https:\/\/www.sisinternational.com\/wp-content\/uploads\/2025\/09\/Eastern-Europe-market-research-3.jpg\" srcset=\"https:\/\/www.sisinternational.com\/wp-content\/uploads\/2025\/09\/Eastern-Europe-market-research-3.jpg 1456w, https:\/\/www.sisinternational.com\/wp-content\/uploads\/2025\/09\/Eastern-Europe-market-research-3-300x168.jpg 300w, https:\/\/www.sisinternational.com\/wp-content\/uploads\/2025\/09\/Eastern-Europe-market-research-3-1024x574.jpg 1024w, https:\/\/www.sisinternational.com\/wp-content\/uploads\/2025\/09\/Eastern-Europe-market-research-3-768x430.jpg 768w, https:\/\/www.sisinternational.com\/wp-content\/uploads\/2025\/09\/Eastern-Europe-market-research-3-18x10.jpg 18w\" sizes=\"auto, (max-width: 1456px) 100vw, 1456px\" alt=\"SIS Mi\u0119dzynarodowe badania rynku i strategia\"><\/figure>\n\n\n\n<p><\/p>\n\n\n\n<hr class=\"wp-block-separator has-alpha-channel-opacity is-style-dots\"\/>\n\n\n\n<p>Central and Eastern European countries are close in proximity to Western Europe, but have important differences from other countries.<\/p>\n\n\n\n<p class=\"p1\">Most of them are small in size, with relatively open economies, dependent on exports. They have different languages and different cultural norms.<\/p>\n\n\n\n<p class=\"p1\">The CEE region represents 11 countries.&nbsp; In the Baltic region, the countries include Estonia, Latvia and Lithuania.&nbsp; Central European countries consist of Poland, Czech Republic, Slovakia and Hungary.&nbsp; The Balkan region includes Croatia, Slovenia, Serbia, Montenegro, Bosnia, Herzegovina, Macedonia, Kosovo, Romania and Bulgaria.<\/p>\n\n\n\n<h2 class=\"wp-block-heading p1\">Eastern Europe is a bright spot of economic growth.<\/h2>\n\n\n\n<p class=\"p1\">CEE countries are categorized by\u00a0global investors as\u00a0a\u00a0region with high growth potential and high attractiveness to establish company operations. Major growing economies include Poland, the Czech Republic, and\u00a0Romania.<\/p>\n\n\n\n<p class=\"p1\">The Automotive Industry is strong,\u00a0especially in the Czech Republic (\u0160koda), Slovakia (Kia, Citroen), Hungary (Mercedes-Benz), and Romania (Ford). Simultaneously, high sales growth comes from car distribution, the food industry, and wholesale trade. Other major industries include Biotechnology, Education, and the Consumer Goods sectors.<\/p>\n\n\n\n<p class=\"p1\">Eastern European countries also benefit from their proximity to\u00a0Turkey and Russia, which are becoming new powerhouses in terms of economic growth, new business opportunities, and investments.<\/p>\n\n\n\n<p>Numerous Manufacturing opportunities abound as a result of lower production costs and lower costs of living.&nbsp; Eastern European economies are part of the European Union and can avoid import duties.&nbsp; With the free movement of goods and services in the EU, Eastern Europe has become a manufacturing hub for European countries.<\/p>\n\n\n\n<h2 class=\"wp-block-heading\">Opportunities in Technology<\/h2>\n\n\n\n<p class=\"p1\">Ten <a href=\"https:\/\/www.sisinternational.com\/pl\/ekspertyza\/branze\/food-beverage-technology-market-research-food-tech\/\" title=\"Badania rynku technologii \u017cywno\u015bci i napoj\u00f3w | Food Tech\"  data-wpil-monitor-id=\"10809\">markets have opportunities in high technology<\/a> sectors as a result of educated workforces, multilingual staff, competitive cost of living and access to Western Europe.&nbsp; This regional advantage provides the opportunity for businesses to lead <a href=\"https:\/\/www.sisinternational.com\/pl\/sis-wprowadza-nowe-cyfrowe-rozwiazania-badawcze\/\" title=\"SIS wprowadza nowe rozwi\u0105zania Digital Research\"  data-wpil-monitor-id=\"10803\">innovation and Digital<\/a> Disruption.<\/p>\n\n\n\n<p class=\"p1\">The increased presence of mobile devices and technology availability may lead to higher demand for certain products and services.&nbsp; <a href=\"https:\/\/www.sisinternational.com\/pl\/rozwiazania\/doradztwo-strategiczne-fintech-badania\/regulation-technology-research\/\" title=\"Regulation Technology Market Research\"  data-wpil-monitor-id=\"10811\">Technology adoption in these markets<\/a> can also them to play a creative role in re-inventing consumption patterns.<\/p>\n\n\n\n<p class=\"p1\">Given that Europe consists of many states with their own culture and traditions it can be helpful to also focus on <i>psychological variables<\/i>&nbsp;which tend to be stronger than demographic ones and on <i>cultural heritage<\/i> that may induce unique consumers&nbsp;perceptions and reactions.<\/p>\n\n\n\n<h2 class=\"wp-block-heading\">Market Entry Strategy Considerations<\/h2>\n\n\n\n<p class=\"p1\">Before entering a new <a href=\"https:\/\/www.sisinternational.com\/pl\/ekspertyza\/cv-z-doswiadczeniem\/badania-rynku-produktow-do-pielegnacji-osobistej\/\" title=\"Badania rynku produkt\u00f3w do piel\u0119gnacji osobistej\"  data-wpil-monitor-id=\"10814\">market with a new product<\/a>, technology, or services, it is important to get to know the critical business variables, customer perceptions and economic, political, or cultural differences of a particular country.\u00a0 <a href=\"https:\/\/www.sisinternational.com\/pl\/studium-przypadku-sis-wglad-w-sklep-na-calym-swiecie\/\" title=\"Wgl\u0105d w zachowania klient\u00f3w w sklepie \u2014 studium przypadku badania rynku\"  data-wpil-monitor-id=\"10807\">Market Research uncovers these insights<\/a> and can help you develop a Go To Market strategy.<\/p>\n\n\n\n<h2 class=\"wp-block-heading\">Market Research in Eastern Europe<\/h2>\n\n\n\n<p><a href=\"https:\/\/www.sisinternational.com\/pl\/ekspertyza\/branze\/training-data-market-research\/\" title=\"Dane szkoleniowe Badania rynku\"  data-wpil-monitor-id=\"10805\">Market Research uncovers data<\/a> and insight on customers.&nbsp; Qualitative <a href=\"https:\/\/www.sisinternational.com\/pl\/rozwiazania\/innowacja\/behavior-economics-in-market-research\/\" title=\"Ekonomia behawioralna w badaniach rynku\"  data-wpil-monitor-id=\"10816\">Research uncovers the reasons behind behavior<\/a> and preferences.&nbsp; <a href=\"https:\/\/www.sisinternational.com\/pl\/top-5-benefits-of-conducting-quantitative-market-research\/\" title=\"Top 5 Benefits of Conducting Quantitative Market Research\"  data-wpil-monitor-id=\"10802\">Ilo\u015bciowe badania rynku<\/a> measures the extent of phenomena.&nbsp; Strategy <a href=\"https:\/\/www.sisinternational.com\/pl\/wejscie-na-rynek-europy-wschodniej\/\" title=\"Badania wej\u015bcia na rynek Europy Wschodniej\"  data-wpil-monitor-id=\"2621\">Research analyzes the Market<\/a> Opportunities, Market Entry considerations and Competitive Dynamics in your industry.<\/p>\n\n\n\n<p>SIS has over 40+ years of experience in conducting <a href=\"https:\/\/www.sisinternational.com\/pl\/trends-in-wellness-and-health-market-in-europe\/\" title=\"Badania rynku opieki zdrowotnej i dobrego samopoczucia w Europie\"  data-wpil-monitor-id=\"1712\">research in Eastern Europe<\/a>.\u00a0 We conduct:<\/p>\n\n\n\n<ul class=\"wp-block-list\">\n<li>Grupy fokusowe<\/li>\n\n\n\n<li>Wywiady z klientami<\/li>\n\n\n\n<li>Ankiety<\/li>\n\n\n\n<li>Analiza konkurencji<\/li>\n\n\n\n<li>Market Opportunity, Entry &amp; Sizing Assessments<\/li>\n<\/ul>\n\n\n\n<h2 class=\"wp-block-heading\">Growing economies in Eastern Europe present numerous opportunities.<\/h2>\n\n\n\n<h2 class=\"wp-block-heading\">&nbsp;<\/h2>","protected":false},"excerpt":{"rendered":"<p>SIS jest liderem w dziedzinie bada\u0144 rynku w Europie Wschodniej, oferuj\u0105cym rozwi\u0105zania z zakresu bada\u0144 jako\u015bciowych i ilo\u015bciowych wspomagaj\u0105ce podejmowanie strategicznych decyzji.<\/p>","protected":false},"author":1,"featured_media":66165,"parent":14510,"menu_order":0,"comment_status":"closed","ping_status":"closed","template":"","meta":{"footnotes":""},"class_list":["post-11312","page","type-page","status-publish","has-post-thumbnail"],"_links":{"self":[{"href":"https:\/\/www.sisinternational.com\/pl\/wp-json\/wp\/v2\/pages\/11312","targetHints":{"allow":["GET"]}}],"collection":[{"href":"https:\/\/www.sisinternational.com\/pl\/wp-json\/wp\/v2\/pages"}],"about":[{"href":"https:\/\/www.sisinternational.com\/pl\/wp-json\/wp\/v2\/types\/page"}],"author":[{"embeddable":true,"href":"https:\/\/www.sisinternational.com\/pl\/wp-json\/wp\/v2\/users\/1"}],"replies":[{"embeddable":true,"href":"https:\/\/www.sisinternational.com\/pl\/wp-json\/wp\/v2\/comments?post=11312"}],"version-history":[{"count":6,"href":"https:\/\/www.sisinternational.com\/pl\/wp-json\/wp\/v2\/pages\/11312\/revisions"}],"predecessor-version":[{"id":81774,"href":"https:\/\/www.sisinternational.com\/pl\/wp-json\/wp\/v2\/pages\/11312\/revisions\/81774"}],"up":[{"embeddable":true,"href":"https:\/\/www.sisinternational.com\/pl\/wp-json\/wp\/v2\/pages\/14510"}],"wp:featuredmedia":[{"embeddable":true,"href":"https:\/\/www.sisinternational.com\/pl\/wp-json\/wp\/v2\/media\/66165"}],"wp:attachment":[{"href":"https:\/\/www.sisinternational.com\/pl\/wp-json\/wp\/v2\/media?parent=11312"}],"curies":[{"name":"wp","href":"https:\/\/api.w.org\/{rel}","templated":true}]}}