{"id":11123,"date":"2014-11-01T16:15:59","date_gmt":"2014-11-01T16:15:59","guid":{"rendered":"https:\/\/www.sisinternational.com\/upgrade\/?page_id=11123"},"modified":"2026-01-26T18:12:33","modified_gmt":"2026-01-26T23:12:33","slug":"badania-rynku-etnograficznego","status":"publish","type":"page","link":"https:\/\/www.sisinternational.com\/pl\/rozwiazania\/rozwiazania-w-zakresie-badan-jakosciowych-i-ilosciowych\/badania-rynku-etnograficznego\/","title":{"rendered":"Badania rynku etnograficznego"},"content":{"rendered":"<h1 class=\"wp-block-heading\"><span class=\"s1\">Badania rynku etnograficznego<\/span><\/h1>\n\n\n\n<figure class=\"gb-block-image gb-block-image-63d83034\"><img loading=\"lazy\" decoding=\"async\" width=\"1456\" height=\"816\" class=\"gb-image gb-image-63d83034\" src=\"https:\/\/www.sisinternational.com\/wp-content\/uploads\/2025\/09\/Etnography-market-research-3-1.jpg\" alt=\"SIS Mi\u0119dzynarodowe badania rynku i strategia\" title=\"Etnography market research (3)\" srcset=\"https:\/\/www.sisinternational.com\/wp-content\/uploads\/2025\/09\/Etnography-market-research-3-1.jpg 1456w, https:\/\/www.sisinternational.com\/wp-content\/uploads\/2025\/09\/Etnography-market-research-3-1-300x168.jpg 300w, https:\/\/www.sisinternational.com\/wp-content\/uploads\/2025\/09\/Etnography-market-research-3-1-1024x574.jpg 1024w, https:\/\/www.sisinternational.com\/wp-content\/uploads\/2025\/09\/Etnography-market-research-3-1-768x430.jpg 768w, https:\/\/www.sisinternational.com\/wp-content\/uploads\/2025\/09\/Etnography-market-research-3-1-18x10.jpg 18w\" sizes=\"auto, (max-width: 1456px) 100vw, 1456px\"><\/figure>\n\n\n\n<blockquote class=\"wp-block-quote is-layout-flow wp-block-quote-is-layout-flow\">\n<p>Etnografia to jako\u015bciowa metoda badania rynku, w kt\u00f3rej moderator i niewielki zesp\u00f3\u0142 badawczy przeprowadzaj\u0105 wywiady z respondentami w ich domach lub biurach, aby uzyska\u0107 informacje na temat ich stylu \u017cycia i codziennych zachowa\u0144.<\/p>\n<\/blockquote>\n\n\n\n<p>Znaczenie zrozumienia zwyczaj\u00f3w konsument\u00f3w w celu opracowania skutecznych strategii marketingowych i kreatywnych produkt\u00f3w staje si\u0119 coraz wa\u017cniejsze \u2013 a badania etnograficzne rynku staj\u0105 si\u0119 \u017ar\u00f3d\u0142em informacji.<\/p>\n\n\n\n<p>Podej\u015bcie to polega na tym, \u017ce badacze zanurzaj\u0105 si\u0119 w codziennym otoczeniu klienta, aby zbada\u0107 i zinterpretowa\u0107 jego zachowanie. Zbli\u017caj\u0105c si\u0119 do klient\u00f3w, firmy mog\u0105 uzyska\u0107 bezcenny wgl\u0105d w kulturowe i spo\u0142eczne wp\u0142ywy swoich klient\u00f3w oraz udoskonali\u0107 swoje produkty i us\u0142ugi.<\/p>\n\n\n\n<h2 class=\"wp-block-heading\">Czym s\u0105 badania rynku etnograficznego?<\/h2>\n\n\n\n<p>Badania rynku etnograficznego to wzbogacaj\u0105ca, jako\u015bciowa metoda maj\u0105ca na celu odkrywanie niuans\u00f3w konsument\u00f3w. Korzystaj\u0105c z bada\u0144 rynku etnograficznego, firmy mog\u0105 odkrywa\u0107 zachowania, postawy, przekonania i praktyki kulturowe, kt\u00f3re wyja\u015bniaj\u0105, dlaczego konsumenci kupuj\u0105 okre\u015blone produkty lub us\u0142ugi. Pozwala to przedsi\u0119biorstwom uzyska\u0107 bezcenne informacje na temat tego, jak powinny<span class=\"Apple-converted-space\">&nbsp; <\/span>dostosowywa\u0107 komunikaty marketingowe do okre\u015blonych grup.<\/p>\n\n\n\n<p>Zag\u0142\u0119bia si\u0119 tak\u017ce w umys\u0142y konsument\u00f3w, ujawniaj\u0105c ukryte aspekty, kt\u00f3rych nie da si\u0119 wykry\u0107 za pomoc\u0105 ankiet ani typowych sesji grup fokusowych.<\/p>\n\n\n\n<p>Z tego powodu wyniki s\u0105 nieocenione i mog\u0105 prowadzi\u0107 do tworzenia innowacyjnych produkt\u00f3w, udanych kampanii marketingowych, a nawet bardziej znacz\u0105cych przekaz\u00f3w marki, kt\u00f3re trafiaj\u0105 bezpo\u015brednio do umys\u0142\u00f3w klient\u00f3w.<\/p>\n\n\n\n<h3 class=\"wp-block-heading\">Znaczenie bada\u0144 rynku etnograficznego w zrozumieniu zachowa\u0144 konsument\u00f3w<\/h3>\n\n\n\n<p><a href=\"https:\/\/www.sisinternational.com\/pl\/ekspertyza\/cv-z-doswiadczeniem\/cv-ze-stazem-w-zakresie-studiow-etnograficznych\/\" title=\"Do\u015bwiadczenie w badaniach rynku etnograficznego\"  data-wpil-monitor-id=\"6353\">Ethnography market research<\/a> allows researchers to better understand the cultural and social elements that shape consumers&#8217; choices. It enables researchers to view customers&#8217; behaviors in their natural setting \u2013 offering deeper comprehension of consumer preferences.<\/p>\n\n\n\n<p>Dlatego firmy korzystaj\u0105 z etnograficznych bada\u0144 rynku i zyskuj\u0105 wgl\u0105d w potrzeby, pragnienia, postawy, przekonania, nawyki i motywacje swojej grupy docelowej.<\/p>\n\n\n\n<p>These insights are critical for creating new products and tailoring marketing campaigns that truly connect with consumers on an emotional level. Additionally, <a href=\"https:\/\/www.sisinternational.com\/pl\/rozwiazania\/rozwiazania-w-zakresie-brandingu-i-badan-klientow\/badania-etnograficzne-wideo\/\" title=\"Badania etnograficzne wideo\"  data-wpil-monitor-id=\"6794\">badania rynku etnograficznego<\/a> lets businesses spot unmet consumer needs, especially, in international markets where culture-driven factors affect sales.<\/p>\n\n\n\n<p>Poprzez badania obserwacyjne badacze s\u0105 w stanie uzyska\u0107 wgl\u0105d w naturalne zachowanie uczestnik\u00f3w, obserwuj\u0105c ich w ich w\u0142asnym otoczeniu. To odr\u0119bne podej\u015bcie pozwala na zrozumienie spontanicznych i autentycznych reakcji, kt\u00f3re mog\u0105 nie zosta\u0107 zidentyfikowane w ustrukturyzowanym \u015brodowisku laboratoryjnym.<\/p>\n\n\n\n<figure class=\"gb-block-image gb-block-image-f178cd1a\"><img loading=\"lazy\" decoding=\"async\" width=\"1456\" height=\"816\" class=\"gb-image gb-image-f178cd1a\" src=\"https:\/\/www.sisinternational.com\/wp-content\/uploads\/2025\/09\/Etnography-market-research-2.jpg\" alt=\"SIS Mi\u0119dzynarodowe badania rynku i strategia\" title=\"Etnography market research (2)\" srcset=\"https:\/\/www.sisinternational.com\/wp-content\/uploads\/2025\/09\/Etnography-market-research-2.jpg 1456w, https:\/\/www.sisinternational.com\/wp-content\/uploads\/2025\/09\/Etnography-market-research-2-300x168.jpg 300w, https:\/\/www.sisinternational.com\/wp-content\/uploads\/2025\/09\/Etnography-market-research-2-1024x574.jpg 1024w, https:\/\/www.sisinternational.com\/wp-content\/uploads\/2025\/09\/Etnography-market-research-2-768x430.jpg 768w, https:\/\/www.sisinternational.com\/wp-content\/uploads\/2025\/09\/Etnography-market-research-2-18x10.jpg 18w\" sizes=\"auto, (max-width: 1456px) 100vw, 1456px\"><\/figure>\n\n\n\n<p><\/p>\n\n\n\n<h3 class=\"wp-block-heading\">Korzy\u015bci z bada\u0144 rynku etnograficznego<\/h3>\n\n\n\n<p>Ta metodologia oferuje kluczowe zalety w por\u00f3wnaniu z bardziej tradycyjnymi podej\u015bciami do bada\u0144 jako\u015bciowych, takimi jak grupy fokusowe lub wywiady pog\u0142\u0119bione, kt\u00f3re odbywaj\u0105 si\u0119 w o\u015brodku badawczym. Kiedy respondent zostaje usuni\u0119ty ze \u015brodowiska, w kt\u00f3rym normalnie wchodzi w interakcj\u0119 z przedmiotem badania, jest zmuszony oprze\u0107 swoje stwierdzenia na wcze\u015bniejszych do\u015bwiadczeniach, wystawiaj\u0105c swoje spostrze\u017cenia na zawodno\u015b\u0107 ludzkiej pami\u0119ci i wp\u0142ywy innych opinii w grupie, czyli \u201emy\u015blenie grupowe\u201d.<\/p>\n\n\n\n<p><span class=\"s2\">Podej\u015bcie do bada\u0144 rynku etnograficznego w domu oferuje znacznie ja\u015bniejszy i bardziej holistyczny pogl\u0105d na to, jak produkt wpisuje si\u0119 w styl \u017cycia konsumenta. Podczas przeprowadzania bada\u0144 etnograficznych w domu badacz mo\u017ce zaobserwowa\u0107 z pierwszej r\u0119ki, jak konsument wchodzi w interakcj\u0119 z produktem i u\u017cywa go w kontek\u015bcie swojego praktycznego, codziennego \u017cycia, co pozwala na znacznie bardziej zniuansowane zrozumienie potencjalnych obszar\u00f3w udoskonalenia produktu i szersze og\u00f3lne zrozumienie tego, kim naprawd\u0119 s\u0105 docelowi konsumenci. Mo\u017cemy zbiera\u0107 \u201eartefakty\u201d lub zadania domowe za zgod\u0105 konsumenta, aby uzyska\u0107 g\u0142\u0119bsze zrozumienie. Ta metoda pomaga naszym klientom zrozumie\u0107 zachowania i przekonania z perspektywy klient\u00f3w.<\/span><\/p>\n\n\n\n<p>Prawdziwa warto\u015b\u0107 bada\u0144 etnograficznych cz\u0119sto pojawia si\u0119 w formie subtelnej obserwacji zachowania respondenta podczas interakcji z badanym obiektem. Co sprawia, \u017ce \u201eroz\u015bwietlaj\u0105 si\u0119\u201d, gdy m\u00f3wi\u0105 o produkcie? Co ich w nim frustruje? Czy u\u017cywaj\u0105 produktu do cel\u00f3w, kt\u00f3re nie by\u0142y pierwotnie zamierzone lub wymy\u015blone? Badania etnograficzne mog\u0105 ujawni\u0107 odpowiedzi na te pytania i ostatecznie dostarczy\u0107 marketerom i tw\u00f3rcom produkt\u00f3w bezcennych spostrze\u017ce\u0144 na temat ich bazy klient\u00f3w.<\/p>\n\n\n\n<p>W zwi\u0105zku z tym badania rynku etnograficznego, ze wzgl\u0119du na ich szeroki potencja\u0142 w r\u00f3\u017cnych bran\u017cach, oferuj\u0105 szereg korzy\u015bci, kt\u00f3re warto wzi\u0105\u0107 pod uwag\u0119, w tym:<\/p>\n\n\n\n<ul class=\"wp-block-list\">\n<li><b>G\u0142\u0119bokie zrozumienie zachowa\u0144 konsument\u00f3w<\/b>:Dzi\u0119ki etnograficznym badaniom rynku firmy mog\u0105 uzyska\u0107 g\u0142\u0119bsze zrozumienie nawyk\u00f3w i decyzji konsument\u00f3w. Poprzez dok\u0142adne badanie klient\u00f3w w ich otoczeniu badacze maj\u0105 mo\u017cliwo\u015b\u0107 zidentyfikowania motyw\u00f3w stoj\u0105cych za lojalno\u015bci\u0105 wobec marki lub u\u017cytkowaniem produktu. Ta forma gromadzenia danych pomaga firmom okre\u015bli\u0107, co nap\u0119dza zachowanie klient\u00f3w i w jaki spos\u00f3b mog\u0105 wykorzysta\u0107 te informacje do udoskonalenia dzia\u0142a\u0144 marketingowych.<\/li>\n\n\n\n<li><b>Projektowanie i rozw\u00f3j produktu<\/b>: Wykorzystuj\u0105c badania rynku etnograficznego, projektanci produkt\u00f3w mog\u0105 uzyska\u0107 cenne informacje na temat potrzeb i pragnie\u0144 konsument\u00f3w, aby tworzy\u0107 produkty, kt\u00f3re s\u0105 przyjazne dla u\u017cytkownika i estetycznie wyj\u0105tkowe. Dzi\u0119ki tej metodologii badawczej tw\u00f3rcy produkt\u00f3w maj\u0105 wi\u0119ksz\u0105 zdolno\u015b\u0107 tworzenia rozwi\u0105za\u0144, kt\u00f3re spe\u0142niaj\u0105 oczekiwania klient\u00f3w. Ta praktyka umo\u017cliwia bardziej usprawniony proces projektowania, co skutkuje intuicyjnymi produktami, kt\u00f3re uzupe\u0142niaj\u0105 styl \u017cycia u\u017cytkownik\u00f3w.<\/li>\n\n\n\n<li><b>Rozw\u00f3j strategii marketingowej<\/b>:Firmy mog\u0105 tworzy\u0107 bardziej celowe strategie i kampanie marketingowe, wykorzystuj\u0105c badania rynku etnograficznego. Pomagaj\u0105 one firmom zrozumie\u0107 podstawowe czynniki kulturowe i spo\u0142eczne, kt\u00f3re wp\u0142ywaj\u0105 na zachowanie konsument\u00f3w, a badacze mog\u0105 zrozumie\u0107, w jaki spos\u00f3b klienci korzystaj\u0105 z produkt\u00f3w i us\u0142ug, wprowadzaj\u0105c ulepszenia do kampanii marketingowych.<\/li>\n<\/ul>\n\n\n\n<h3 class=\"wp-block-heading\">Wyzwania bada\u0144 rynku etnograficznego<\/h3>\n\n\n\n<p>Though ethnographic market <a href=\"https:\/\/www.sisinternational.com\/pl\/ekspertyza\/branze\/buyer-intent-market-research\/\" title=\"Badania rynku intencji kupuj\u0105cych\"  data-wpil-monitor-id=\"7154\">badania<\/a> offers a wealth of knowledge about buyer activities, there are many drawbacks involved with this approach.<\/p>\n\n\n\n<ul class=\"wp-block-list\">\n<li>Badania rynku etnograficznego wymagaj\u0105 uwa\u017cnej obserwacji i badania reprezentatywnej pr\u00f3by uczestnik\u00f3w, co mo\u017ce ograniczy\u0107 ekstrapolacj\u0119 wynik\u00f3w. Dlatego badacze musz\u0105 by\u0107 \u015bwiadomi, aby nie formu\u0142owa\u0107 twierdze\u0144 na temat rozszerzonej populacji na podstawie nieistotnie ma\u0142ej wielko\u015bci pr\u00f3by.<\/li>\n\n\n\n<li>Wymaga to intensywnych inwestycji zar\u00f3wno w czasie, jak i zasobach. Aby naprawd\u0119 zrozumie\u0107 do\u015bwiadczenia uczestnik\u00f3w, badacze musz\u0105 ich obserwowa\u0107 w ich naturalnym \u015brodowisku \u2013 proces, kt\u00f3ry mo\u017ce by\u0107 kosztowny i d\u0142ugotrwa\u0142y.<\/li>\n\n\n\n<li>W pewnych okoliczno\u015bciach uzyskanie zgody od uczestnik\u00f3w mo\u017ce by\u0107 trudne. Mog\u0105 oni nie chcie\u0107, aby badacz obserwowa\u0142 ich w ich otoczeniu lub mog\u0105 czu\u0107 si\u0119 niekomfortowo, ujawniaj\u0105c prywatne szczeg\u00f3\u0142y.<\/li>\n\n\n\n<li>Badania rynku etnograficznego wymagaj\u0105 ostro\u017cnego rozwa\u017cenia osobistych perspektyw badacza i potencjalnych uprzedze\u0144. W du\u017cej mierze zale\u017cy to od tego, jak interpretowane s\u0105 informacje, a obserwatorzy musz\u0105 zachowa\u0107 szczeg\u00f3ln\u0105 ostro\u017cno\u015b\u0107, aby nie pozwoli\u0107, aby ich w\u0142asne pogl\u0105dy zniekszta\u0142ci\u0142y zebrane dane.<\/li>\n\n\n\n<li>Badania rynku etnograficznego mog\u0105 przynie\u015b\u0107 ogromne ilo\u015bci danych. Jednak niezwykle wa\u017cne jest, aby analizowa\u0107 informacje z dok\u0142adno\u015bci\u0105 i precyzj\u0105, aby zapewni\u0107 dok\u0142adno\u015b\u0107 wynik\u00f3w.<\/li>\n<\/ul>\n\n\n\n<h4 class=\"wp-block-heading\">O SIS Ethnography Market Research<\/h4>\n\n\n\n<p>SIS jest wiod\u0105c\u0105 firm\u0105 bada\u0144 rynku. Dostarczamy etnograficzne badania rynku na ca\u0142ym \u015bwiecie. Przeprowadzamy:<\/p>\n\n\n\n<ul class=\"wp-block-list\">\n<li><strong>Etnografia domowa<\/strong><\/li>\n\n\n\n<li><strong>Etnografia w sklepie<\/strong><\/li>\n\n\n\n<li><strong>Etnografia w biurze<\/strong><\/li>\n\n\n\n<li><strong>Etnografia w pojazdach<\/strong><\/li>\n\n\n\n<li><strong>Etnografia mobilna i internetowa<\/strong><\/li>\n<\/ul>\n\n\n\n<p>Mamy mo\u017cliwo\u015bci w Stanach Zjednoczonych, Europie, Chinach i Azji. Nasz\u0105 r\u00f3\u017cnic\u0105 jest jako\u015b\u0107 wgl\u0105du, zasi\u0119g rynku globalnego, wieloj\u0119zyczne wywiady, ca\u0142odobowa obs\u0142uga klienta i nasze szerokie mo\u017cliwo\u015bci analizy jako\u015bciowej.<\/p>\n\n\n\n<p>SIS International oferuje badania ilo\u015bciowe, jako\u015bciowe i strategiczne. Dostarczamy dane, narz\u0119dzia, strategie, raporty i spostrze\u017cenia do podejmowania decyzji. Przeprowadzamy wywiady, ankiety, grupy fokusowe i wiele innych metod i podej\u015b\u0107 bada\u0144 rynku. Skontaktuj si\u0119 z nami w sprawie swojego kolejnego projektu bada\u0144 rynku.<\/p>\n\n\n\n<p><\/p>","protected":false},"excerpt":{"rendered":"<p>Badania rynku etnograficznego odkrywaj\u0105 wgl\u0105d w klient\u00f3w i zachowania. Prowadzimy etnografi\u0119 domow\u0105, sklepow\u0105 i biurow\u0105 na ca\u0142ym \u015bwiecie. Dowiedz si\u0119 wi\u0119cej.<\/p>","protected":false},"author":1,"featured_media":67284,"parent":14660,"menu_order":0,"comment_status":"closed","ping_status":"closed","template":"","meta":{"footnotes":""},"class_list":["post-11123","page","type-page","status-publish","has-post-thumbnail"],"_links":{"self":[{"href":"https:\/\/www.sisinternational.com\/pl\/wp-json\/wp\/v2\/pages\/11123","targetHints":{"allow":["GET"]}}],"collection":[{"href":"https:\/\/www.sisinternational.com\/pl\/wp-json\/wp\/v2\/pages"}],"about":[{"href":"https:\/\/www.sisinternational.com\/pl\/wp-json\/wp\/v2\/types\/page"}],"author":[{"embeddable":true,"href":"https:\/\/www.sisinternational.com\/pl\/wp-json\/wp\/v2\/users\/1"}],"replies":[{"embeddable":true,"href":"https:\/\/www.sisinternational.com\/pl\/wp-json\/wp\/v2\/comments?post=11123"}],"version-history":[{"count":8,"href":"https:\/\/www.sisinternational.com\/pl\/wp-json\/wp\/v2\/pages\/11123\/revisions"}],"predecessor-version":[{"id":80716,"href":"https:\/\/www.sisinternational.com\/pl\/wp-json\/wp\/v2\/pages\/11123\/revisions\/80716"}],"up":[{"embeddable":true,"href":"https:\/\/www.sisinternational.com\/pl\/wp-json\/wp\/v2\/pages\/14660"}],"wp:featuredmedia":[{"embeddable":true,"href":"https:\/\/www.sisinternational.com\/pl\/wp-json\/wp\/v2\/media\/67284"}],"wp:attachment":[{"href":"https:\/\/www.sisinternational.com\/pl\/wp-json\/wp\/v2\/media?parent=11123"}],"curies":[{"name":"wp","href":"https:\/\/api.w.org\/{rel}","templated":true}]}}