{"id":54219,"date":"2024-11-23T05:06:50","date_gmt":"2024-11-23T10:06:50","guid":{"rendered":"https:\/\/www.sisinternational.com\/?page_id=54219"},"modified":"2026-03-05T23:08:05","modified_gmt":"2026-03-06T04:08:05","slug":"momenten-van-de-waarheid-marktonderzoek","status":"publish","type":"page","link":"https:\/\/www.sisinternational.com\/nl\/expertise\/momenten-van-de-waarheid-marktonderzoek\/","title":{"rendered":"Moments of Truth Marktonderzoek"},"content":{"rendered":"<h1 class=\"wp-block-heading\">Moments of Truth Marktonderzoek<\/h1>\n\n\n\n<p><\/p>\n\n\n\n<figure class=\"gb-block-image gb-block-image-cf1baa2d\"><img loading=\"lazy\" decoding=\"async\" width=\"1456\" height=\"816\" class=\"gb-image gb-image-cf1baa2d\" src=\"https:\/\/www.sisinternational.com\/wp-content\/uploads\/2025\/08\/Retail-6.jpg\" alt=\"SIS Internationaal Marktonderzoek &amp; Strategie\" title=\"Retail (6)\" srcset=\"https:\/\/www.sisinternational.com\/wp-content\/uploads\/2025\/08\/Retail-6.jpg 1456w, https:\/\/www.sisinternational.com\/wp-content\/uploads\/2025\/08\/Retail-6-300x168.jpg 300w, https:\/\/www.sisinternational.com\/wp-content\/uploads\/2025\/08\/Retail-6-1024x574.jpg 1024w, https:\/\/www.sisinternational.com\/wp-content\/uploads\/2025\/08\/Retail-6-768x430.jpg 768w, https:\/\/www.sisinternational.com\/wp-content\/uploads\/2025\/08\/Retail-6-18x10.jpg 18w\" sizes=\"auto, (max-width: 1456px) 100vw, 1456px\"><\/figure>\n\n\n\n<hr class=\"wp-block-separator has-alpha-channel-opacity is-style-dots\"\/>\n\n\n\n<h3 class=\"wp-block-heading\">Deze onderzoeksaanpak stelt bedrijven in staat om tijdige, impactvolle beslissingen te nemen door de exacte momenten te bepalen waarop de perceptie van consumenten verandert. De expertise van SIS International zorgt ervoor dat inzichten worden afgestemd op de nieuwste behoeften en verwachtingen van de markt.<\/h3>\n\n\n\n<p>Wat is er nodig om impactvolle, realtime beslissingen te nemen in de huidige snelle markt? Moments of truth-marktonderzoek is de oplossing waarop topmerken vertrouwen wanneer precisie en inzicht essentieel zijn. Deze gerichte aanpak helpt bedrijven om kritieke besluitvormingsmomenten vast te leggen, of het nu gaat om het betreden van nieuwe markten of het optimaliseren van huidige strategie\u00ebn.<\/p>\n\n\n\n<h2 class=\"wp-block-heading\"><strong>Wat is Moments of Truth-marktonderzoek?<\/strong><\/h2>\n\n\n\n<p>Marktonderzoek naar momenten van waarheid richt zich op het begrijpen van de cruciale momenten waarop consumenten beslissingen nemen die hun ervaring met een merk defini\u00ebren. Deze &#039;momenten van waarheid&#039; zijn de kritieke punten in de customer journey die loyaliteit, tevredenheid en betrokkenheid op de lange termijn vormgeven. Deze aanpak is vooral waardevol voor bedrijven die te maken hebben met intense concurrentie, waarbij het herkennen van subtiele verschuivingen in klantgedrag essentieel is om relevant te blijven. Door deze momenten te analyseren, biedt SIS International klanten uitvoerbare strategie\u00ebn die aansluiten bij de realtime marktbehoeften.<\/p>\n\n\n\n<h2 class=\"wp-block-heading\"><strong>Waarom hebben bedrijven Moments of Truth-marktonderzoek nodig?<\/strong><\/h2>\n\n\n\n<figure class=\"gb-block-image gb-block-image-0132acc8\"><img loading=\"lazy\" decoding=\"async\" width=\"1456\" height=\"816\" class=\"gb-image gb-image-0132acc8\" src=\"https:\/\/www.sisinternational.com\/wp-content\/uploads\/2025\/08\/Retail-15.jpg\" alt=\"SIS Internationaal Marktonderzoek &amp; Strategie\" title=\"Retail (15)\" srcset=\"https:\/\/www.sisinternational.com\/wp-content\/uploads\/2025\/08\/Retail-15.jpg 1456w, https:\/\/www.sisinternational.com\/wp-content\/uploads\/2025\/08\/Retail-15-300x168.jpg 300w, https:\/\/www.sisinternational.com\/wp-content\/uploads\/2025\/08\/Retail-15-1024x574.jpg 1024w, https:\/\/www.sisinternational.com\/wp-content\/uploads\/2025\/08\/Retail-15-768x430.jpg 768w, https:\/\/www.sisinternational.com\/wp-content\/uploads\/2025\/08\/Retail-15-18x10.jpg 18w\" sizes=\"auto, (max-width: 1456px) 100vw, 1456px\"><\/figure>\n\n\n\n<p><\/p>\n\n\n\n<p>Begrijpen wanneer en waarom klanten cruciale beslissingen nemen, kan bedrijven een aanzienlijk voordeel opleveren. Daarom helpt marktonderzoek naar momenten van de waarheid bedrijven deze kritieke momenten te identificeren, waardoor ze effectief kunnen reageren op de behoeften van de consument en de vraag van de markt.&nbsp;<\/p>\n\n\n\n<p>Voor branches met zeer competitieve landschappen, zoals retail, technologie en financi\u00ebn, kan \u00e9\u00e9n enkel &quot;moment van de waarheid&quot; bepalen of een klant bij een merk blijft of alternatieven onderzoekt. In de technologie bijvoorbeeld worden klanten vaak overweldigd door keuzes, en hun loyaliteit kan afhangen van hoe goed een merk hun behoeften op specifieke momenten anticipeert en eraan voldoet.&nbsp;<\/p>\n\n\n\n<p>Furthermore, this research approach is invaluable for companies operating in diverse global <a href=\"https:\/\/www.sisinternational.com\/nl\/dekking\/amerika\/marktonderzoek-latijns-amerika\/marktonderzoek-bolivia\/\" title=\"Marktonderzoek in Bolivia\"  data-wpil-monitor-id=\"4570\">markets<\/a>, where consumer behaviors and expectations vary significantly by region. Moments of truth market research allows businesses to adjust their strategies to resonate with local customer preferences.&nbsp;<\/p>\n\n\n\n<h2 class=\"wp-block-heading\"><strong>Onze huidige marktbeoordeling en aanbevelingen<\/strong><\/h2>\n\n\n\n<p>Bij SIS International erkennen we dat merken tijdige inzichten in deze momenten nodig hebben om hun strategie\u00ebn effectief vorm te geven. Onze analyse toont aan dat bedrijven die actief prioriteit geven aan het begrijpen van deze kritieke momenten, een hogere klantretentie, sterkere merkloyaliteit en een verbeterde concurrentiepositie hebben. Wij geloven dat dit merken in staat kan stellen om op data gebaseerde beslissingen te nemen die diep resoneren met hun publiek, wat leidt tot loyaliteit op de lange termijn.<\/p>\n\n\n\n<h2 class=\"wp-block-heading\"><strong>Grootste groeiende segmenten<\/strong><\/h2>\n\n\n\n<p>In het marktonderzoek naar momenten van de waarheid ervaren verschillende segmenten een snelle groei als gevolg van verschuivingen in consumentengedrag, technologische vooruitgang en de toenemende behoefte aan gepersonaliseerde betrokkenheid. Deze segmenten worden gedefinieerd door hun vermogen om kritische consumenteninteracties effectief vast te leggen en te analyseren, waardoor merken zich kunnen aanpassen in een dynamische markt.<\/p>\n\n\n<div class=\"wp-block-image\">\n<figure class=\"aligncenter is-resized\"><img decoding=\"async\" src=\"https:\/\/lh7-rt.googleusercontent.com\/docsz\/AD_4nXfw_4bMQc_p31zcmefRTIACprdJle68geUfXxgmTvxwSgMNXvtxeLfPnDMqBV_-ctQJw3tLgh0ToppI6WhK_oN7bkRAK-_kzzXOzKuZZ5fuip_a9vjwuVEW0-q-Lli4z9FLz8qLHQ?key=d2pIYbKk51A57OV7aLKAXom3\" alt=\"SIS Internationaal Marktonderzoek &amp; Strategie\" style=\"width:687px;height:auto\"><\/figure>\n<\/div>\n\n\n<ol class=\"wp-block-list\">\n<li><strong>Klantervaringsanalyse<\/strong> \u2013 Bedrijven investeren fors in hulpmiddelen om klantinteracties te begrijpen, waardoor dit een van de snelst groeiende segmenten is.<\/li>\n\n\n\n<li><strong>Kunstmatige intelligentie en machinaal leren<\/strong> \u2013 AI-gestuurde analyse van klantgegevens verbetert de precisie bij het identificeren van \u2018momenten van de waarheid\u2019.<\/li>\n\n\n\n<li><strong>Personalisatieoplossingen<\/strong> \u2013 Gepersonaliseerde marketing en klantenservice zijn essentieel om cruciale momenten vast te leggen, vooral in sectoren die vooral digitaal gericht zijn.<\/li>\n\n\n\n<li><strong>Gedragssegmentatie<\/strong> \u2013 Door genuanceerde gedragskenmerken te begrijpen, kunnen merken de specifieke behoeften van hun doelgroepen identificeren.<\/li>\n\n\n\n<li><strong>Voorspellende analyse<\/strong> \u2013 Het benutten van historische gegevens om consumentenbeslissingen te voorspellen is een krachtig hulpmiddel voor merken die proactief willen blijven.<\/li>\n\n\n\n<li><strong>Voice of Customer-programma&#039;s<\/strong> \u2013 Met programma\u2019s voor het verzamelen van feedback van klanten kunnen bedrijven zich richten op realtime inzichten uit directe interacties.<\/li>\n\n\n\n<li><strong>Klantreis in kaart brengen<\/strong> \u2013 Met dit segment kunnen bedrijven belangrijke beslissingsmomenten in kaart brengen en pijnpunten effectief aanpakken.<\/li>\n\n\n\n<li><strong>Omnichannel-betrokkenheidshulpmiddelen<\/strong> \u2013 Het garanderen van een naadloze ervaring op meerdere platforms wordt steeds belangrijker voor merken.<\/li>\n\n\n\n<li><strong>Modellen voor het voorspellen van verloop<\/strong> Bedrijven gebruiken deze modellen om risicoklanten te identificeren, zodat ze ontevredenheid vroegtijdig kunnen aanpakken.<\/li>\n\n\n\n<li><strong>Sentimentanalyse<\/strong> \u2013 Door het consumentensentiment te analyseren krijgen merken dieper inzicht in emotionele motivatoren op momenten van de waarheid.<\/li>\n<\/ol>\n\n\n\n<h2 class=\"wp-block-heading\"><strong>Regionale inzichten<\/strong><\/h2>\n\n\n\n<p>In <strong>Noord-Amerika<\/strong>, consumentenverwachtingen zijn vaak gericht op gemak en personalisatie. Merken moeten prioriteit geven aan momenten die de customer journey stroomlijnen, met name in e-commerce, waar snelle service en maatwerk hoog gewaardeerd worden. Daarnaast wordt duurzaamheid een belangrijke beslissingsfactor, met name onder jongere consumenten.<\/p>\n\n\n\n<p>In <strong>Europa<\/strong>, is er een sterke focus op transparantie en ethische praktijken, waarbij klanten veel waarde hechten aan de milieu- en sociale verantwoordelijkheid van bedrijven. Voor merken die in Europa actief zijn, kan marktonderzoek naar momenten van waarheid benadrukken hoe deze waarden consumentenbeslissingen be\u00efnvloeden, waardoor bedrijven hun strategie\u00ebn kunnen afstemmen op een meer gewetensvol publiek.<\/p>\n\n\n\n<p><strong>Azi\u00eb-Pacific<\/strong> vertegenwoordigt een van de meest dynamische regio&#039;s, met snelle digitale adoptie en een steeds meer technologisch onderlegde consumentenbasis. Mobielgestuurde momenten van de waarheid zijn hier essentieel, vooral omdat consumenten sterk afhankelijk zijn van sociale media en mobiele apps voor winkelen en merkbetrokkenheid.&nbsp;<\/p>\n\n\n\n<p>In <strong>Latijns-Amerika<\/strong>, economic factors often play a larger role in consumer decision-making moments. Price sensitivity and value-based purchasing are crucial in these markets, making Moments of Truth <a href=\"https:\/\/www.sisinternational.com\/nl\/oplossingen\/fintech-strategie-consulting-onderzoek\/commodity-pricing-market-research\/\" title=\"Marktonderzoek naar grondstoffenprijzen\"  data-wpil-monitor-id=\"5493\">Market Research vital for understanding price<\/a> perception and its influence on brand loyalty.<\/p>\n\n\n\n<h2 class=\"wp-block-heading\"><strong>Kansen voor bedrijven<\/strong><\/h2>\n\n\n\n<figure class=\"gb-block-image gb-block-image-361d6fb0\"><img loading=\"lazy\" decoding=\"async\" width=\"1456\" height=\"816\" class=\"gb-image gb-image-361d6fb0\" src=\"https:\/\/www.sisinternational.com\/wp-content\/uploads\/2025\/09\/Quantitative-research-19.jpg\" alt=\"SIS Internationaal Marktonderzoek &amp; Strategie\" title=\"Quantitative research (19)\" srcset=\"https:\/\/www.sisinternational.com\/wp-content\/uploads\/2025\/09\/Quantitative-research-19.jpg 1456w, https:\/\/www.sisinternational.com\/wp-content\/uploads\/2025\/09\/Quantitative-research-19-300x168.jpg 300w, https:\/\/www.sisinternational.com\/wp-content\/uploads\/2025\/09\/Quantitative-research-19-1024x574.jpg 1024w, https:\/\/www.sisinternational.com\/wp-content\/uploads\/2025\/09\/Quantitative-research-19-768x430.jpg 768w, https:\/\/www.sisinternational.com\/wp-content\/uploads\/2025\/09\/Quantitative-research-19-18x10.jpg 18w\" sizes=\"auto, (max-width: 1456px) 100vw, 1456px\"><\/figure>\n\n\n\n<p><\/p>\n\n\n\n<p>Moments of truth-marktonderzoek biedt bedrijven unieke kansen om hun begrip van klantgedrag te vergroten en hun strategie\u00ebn te verfijnen. Door inzichten uit deze cruciale momenten te benutten, kunnen bedrijven deuren openen naar groei, loyaliteit en marktdifferentiatie.<\/p>\n\n\n\n<ul class=\"wp-block-list\">\n<li><strong>Klantloyaliteit vergroten<\/strong> \u2013 Bedrijven kunnen ervaringen cre\u00ebren die diepere loyaliteit bevorderen door kritieke beslissingspunten te identificeren. Wanneer bedrijven herkennen wat herhaalaankopen stimuleert, kunnen ze langetermijnrelaties koesteren die leiden tot merkvoorspraak.<\/li>\n\n\n\n<li><strong>Personaliseren van de klantreis<\/strong> \u2013 Moments of truth <a href=\"https:\/\/www.sisinternational.com\/nl\/wat-is-public-relations\/\" title=\"Public Relations en Marktonderzoek\"  data-wpil-monitor-id=\"2241\">market research allows brands<\/a> to create personalized interactions that resonate with individual customers. Personalized engagement builds stronger connections, increasing the likelihood of conversions and repeat interactions.<\/li>\n\n\n\n<li><strong>Nieuwe inkomstenstromen identificeren<\/strong> \u2013 Het begrijpen van momenten van de waarheid kan onvervulde klantbehoeften blootleggen, wat bedrijven helpt nieuwe producten of diensten te ontwikkelen die deze hiaten opvullen. Deze aanpak opent kansen voor gediversifieerde inkomstenkanalen en marktuitbreiding.<\/li>\n\n\n\n<li><strong>Verbetering van klantenbehoud<\/strong> \u2013 Onderzoek naar momenten van de waarheid helpt bedrijven proactief potenti\u00eble pijnpunten aan te pakken en klantverloop te verminderen. Bedrijven kunnen de tevredenheid en retentiepercentages verbeteren door effectief te reageren op belangrijke beslissingsmomenten.<\/li>\n\n\n\n<li><strong>Concurrentievoordeel behalen<\/strong> \u2013 In concurrerende markten bieden momenten van de waarheid inzichten waarmee merken zich kunnen onderscheiden. Door zich te richten op deze beslissende momenten, kunnen bedrijven unieke waardeproposities bieden die hen onderscheiden van concurrenten.<\/li>\n\n\n\n<li><strong>Marketingstrategie\u00ebn optimaliseren<\/strong> \u2013 Marktonderzoek naar momenten van waarheid informeert marketinginspanningen door de meest effectieve berichten en kanalen te benadrukken. Door campagnes af te stemmen op beslissingsmomenten van klanten, kunnen bedrijven de impact van hun marketinginitiatieven maximaliseren.<\/li>\n\n\n\n<li><strong>Verbetering van de merkperceptie<\/strong> \u2013 Positieve interacties op belangrijke momenten kunnen een significante impact hebben op hoe klanten een merk waarnemen. Momenten van de waarheid stellen bedrijven in staat om deze percepties gunstig vorm te geven, vertrouwen en een positieve reputatie op te bouwen.<\/li>\n<\/ul>\n\n\n\n<h2 class=\"wp-block-heading\"><strong>Wat maakt SIS International tot een toonaangevend marktonderzoeksbureau?<\/strong><\/h2>\n\n\n\n<p><a href=\"https:\/\/www.linkedin.com\/company\/sisinternationalresearch\/\" target=\"_blank\" rel=\"noopener\">SIS Internationaal<\/a> staat bekend als een leider in marktonderzoek op het gebied van het moment van de waarheid, en biedt onge\u00ebvenaarde expertise en middelen om merken te helpen slagen in complexe en concurrerende markten. Hier zijn 10 elementen die SIS International onderscheiden:<\/p>\n\n\n\n<ul class=\"wp-block-list\">\n<li><strong>Wereldwijd bereik<\/strong> \u2013 Met een aanwezigheid in belangrijke markten wereldwijd bieden wij inzichten die uiteenlopende regionale trends en culturele nuances weerspiegelen.<\/li>\n\n\n\n<li><strong>Diepe kennis van de industrie<\/strong> \u2013 Ons team is gespecialiseerd in meerdere sectoren, van technologie en financi\u00ebn tot consumptiegoederen en gezondheidszorg, en biedt op maat gemaakte inzichten voor elke sector.<\/li>\n\n\n\n<li><strong>Geavanceerde analysetools<\/strong> \u2013 Wij maken gebruik van geavanceerde hulpmiddelen en technologie om klantgedrag vast te leggen en te analyseren, waardoor onze inzichten gedetailleerd en bruikbaar zijn.<\/li>\n\n\n\n<li><strong>Ervaren team van experts<\/strong> \u2013 Ons team bestaat uit ervaren onderzoekers, analisten en strategen die hoogwaardige begeleiding bieden op basis van jarenlange ervaring.<\/li>\n\n\n\n<li><strong>Klantgerichte aanpak<\/strong> \u2013 Wij geven prioriteit aan het begrijpen van de unieke behoeften van onze klanten en het cre\u00ebren van onderzoeksoplossingen die aansluiten bij hun specifieke doelen en uitdagingen.<\/li>\n\n\n\n<li><strong>Innovatieve onderzoekstechnieken<\/strong> \u2013 <a href=\"https:\/\/medium.com\/@sisinternational\/sis-international-c17160da8fac\" target=\"_blank\" rel=\"noopener\">SIS<\/a> maakt gebruik van innovatieve methodologie\u00ebn, waaronder voorspellende analyses en sentimentanalyse, om belangrijke momenten van de waarheid vast te leggen.<\/li>\n\n\n\n<li><strong>Toewijding aan gegevensprivacy<\/strong> \u2013 Wij houden ons aan strikte normen voor gegevensbescherming, zodat ons onderzoek ethisch verantwoord is en voldoet aan de huidige regelgeving.<\/li>\n\n\n\n<li><strong>Uitgebreide rapportage<\/strong> \u2013 Onze rapporten zijn zo ontworpen dat ze duidelijk, beknopt en bruikbaar zijn, zodat klanten met vertrouwen weloverwogen beslissingen kunnen nemen.<\/li>\n\n\n\n<li><strong>Nadruk op realtime inzichten<\/strong> \u2013 SIS International richt zich op realtime data, waardoor merken kunnen inspelen op de actuele marktomstandigheden en -verschuivingen.<\/li>\n\n\n\n<li><strong>Bewezen staat van dienst<\/strong> \u2013 Dankzij een geschiedenis van succesvolle partnerschappen en impactvol onderzoek wordt SIS International door topmerken wereldwijd vertrouwd om zinvolle inzichten te leveren.<\/li>\n<\/ul>\n\n\n\n<h2 class=\"wp-block-heading\">Over SIS Internationaal<\/h2>\n\n\n\n<p><a href=\"https:\/\/www.sisinternational.com\/nl\/\">SIS Internationaal<\/a> biedt kwantitatief, kwalitatief en strategisch onderzoek. Wij bieden data, tools, strategie\u00ebn, rapporten en inzichten voor besluitvorming. Wij voeren ook interviews, enqu\u00eates, focusgroepen en andere marktonderzoeksmethoden en -benaderingen uit.<a href=\"https:\/\/www.sisinternational.com\/nl\/over-sis-internationaal-onderzoek\/contact-sis-international-market-research\/\"> Neem contact met ons op<\/a> voor uw volgende marktonderzoeksproject.<\/p>\n\n\n\n<hr class=\"wp-block-separator has-alpha-channel-opacity\"\/>","protected":false},"excerpt":{"rendered":"<p>Moments of Truth Market Research This research approach empowers businesses to make timely, impactful decisions by pinpointing the exact moments when consumer perceptions shift. SIS International\u2019s expertise ensures that insights are aligned with the market\u2019s latest needs and expectations. What does it take to make impactful, real-time decisions in today\u2019s fast-paced market? Moments of truth &#8230; <a title=\"Moments of Truth Marktonderzoek\" class=\"read-more\" href=\"https:\/\/www.sisinternational.com\/nl\/expertise\/momenten-van-de-waarheid-marktonderzoek\/\" aria-label=\"Lees meer over Moments of Truth Market Research\">Lees meer<\/a><\/p>","protected":false},"author":1,"featured_media":62509,"parent":14514,"menu_order":472,"comment_status":"closed","ping_status":"closed","template":"","meta":{"footnotes":""},"class_list":["post-54219","page","type-page","status-publish","has-post-thumbnail"],"_links":{"self":[{"href":"https:\/\/www.sisinternational.com\/nl\/wp-json\/wp\/v2\/pages\/54219","targetHints":{"allow":["GET"]}}],"collection":[{"href":"https:\/\/www.sisinternational.com\/nl\/wp-json\/wp\/v2\/pages"}],"about":[{"href":"https:\/\/www.sisinternational.com\/nl\/wp-json\/wp\/v2\/types\/page"}],"author":[{"embeddable":true,"href":"https:\/\/www.sisinternational.com\/nl\/wp-json\/wp\/v2\/users\/1"}],"replies":[{"embeddable":true,"href":"https:\/\/www.sisinternational.com\/nl\/wp-json\/wp\/v2\/comments?post=54219"}],"version-history":[{"count":9,"href":"https:\/\/www.sisinternational.com\/nl\/wp-json\/wp\/v2\/pages\/54219\/revisions"}],"predecessor-version":[{"id":79266,"href":"https:\/\/www.sisinternational.com\/nl\/wp-json\/wp\/v2\/pages\/54219\/revisions\/79266"}],"up":[{"embeddable":true,"href":"https:\/\/www.sisinternational.com\/nl\/wp-json\/wp\/v2\/pages\/14514"}],"wp:featuredmedia":[{"embeddable":true,"href":"https:\/\/www.sisinternational.com\/nl\/wp-json\/wp\/v2\/media\/62509"}],"wp:attachment":[{"href":"https:\/\/www.sisinternational.com\/nl\/wp-json\/wp\/v2\/media?parent=54219"}],"curies":[{"name":"wp","href":"https:\/\/api.w.org\/{rel}","templated":true}]}}