{"id":54215,"date":"2024-11-22T05:03:22","date_gmt":"2024-11-22T10:03:22","guid":{"rendered":"https:\/\/www.sisinternational.com\/?page_id=54215"},"modified":"2026-03-05T23:13:04","modified_gmt":"2026-03-06T04:13:04","slug":"top-marketingstrategiebedrijf","status":"publish","type":"page","link":"https:\/\/www.sisinternational.com\/nl\/oplossingen\/strategieconsulting\/top-marketingstrategiebedrijf\/","title":{"rendered":"Top Marketing Strategie Bedrijf"},"content":{"rendered":"<h1 class=\"wp-block-heading\">Top Marketing Strategie Bedrijf<\/h1>\n\n\n\n<p><\/p>\n\n\n\n<figure class=\"gb-block-image gb-block-image-3ca30460\"><img loading=\"lazy\" decoding=\"async\" width=\"1456\" height=\"816\" class=\"gb-image gb-image-3ca30460\" src=\"https:\/\/www.sisinternational.com\/wp-content\/uploads\/2025\/08\/Strategy-consulting-20.jpg\" alt=\"SIS Internationaal Marktonderzoek &amp; Strategie\" title=\"Strategy consulting (20)\" srcset=\"https:\/\/www.sisinternational.com\/wp-content\/uploads\/2025\/08\/Strategy-consulting-20.jpg 1456w, https:\/\/www.sisinternational.com\/wp-content\/uploads\/2025\/08\/Strategy-consulting-20-300x168.jpg 300w, https:\/\/www.sisinternational.com\/wp-content\/uploads\/2025\/08\/Strategy-consulting-20-1024x574.jpg 1024w, https:\/\/www.sisinternational.com\/wp-content\/uploads\/2025\/08\/Strategy-consulting-20-768x430.jpg 768w, https:\/\/www.sisinternational.com\/wp-content\/uploads\/2025\/08\/Strategy-consulting-20-18x10.jpg 18w\" sizes=\"auto, (max-width: 1456px) 100vw, 1456px\"><\/figure>\n\n\n\n<hr class=\"wp-block-separator has-alpha-channel-opacity is-style-dots\"\/>\n\n\n\n<h3 class=\"wp-block-heading\">Een goed gedefinieerde marketingstrategie is de basis van elk succesvol bedrijf. Als een toonaangevend marketingstrategiebureau werkt SIS International samen met bedrijven om datagedreven strategie\u00ebn te cre\u00ebren die meetbare resultaten opleveren.<\/h3>\n\n\n\n<p>Wat onderscheidt succesvolle merken van merken die worstelen? Het antwoord ligt in het hebben van een duidelijke en effectieve marketingstrategie. SIS International, een toonaangevend marketingstrategiebureau, biedt de inzichten en planning die nodig zijn om contact te maken met doelgroepen en groei te stimuleren.<\/p>\n\n\n\n<h2 class=\"wp-block-heading\">Waarom is marketingstrategie essentieel in het huidige mondiale bedrijfsleven?<\/h2>\n\n\n\n<p><a href=\"https:\/\/www.sisinternational.com\/nl\/top-b2b-go-to-marketstrategiebedrijf\/\" title=\"Top B2B Go To Market-strategiebedrijf\"  data-wpil-monitor-id=\"1361\">Marketing strategy defines how a company<\/a> reaches its target audience, communicates its value proposition, and drives sales and growth. That\u2019s why companies need a comprehensive marketing strategy to ensure that their messages are heard, their brands are recognized, and their products resonate with consumers.<\/p>\n\n\n\n<p>Whether a company is launching a new product, entering a new market, or rebranding, having a robust <a href=\"https:\/\/www.sisinternational.com\/nl\/what-to-expect-in-your-first-year-entering-a-new-market-5-essential-strategies\/\" title=\"What to Expect in Your First Year Entering a New Market: 5 Essential Strategies\"  data-wpil-monitor-id=\"1082\">marketing strategy is essential<\/a> to navigating challenges and seizing opportunities. A <a href=\"https:\/\/www.sisinternational.com\/nl\/topbedrijf-voor-de-evaluatie-van-bedrijfsstrategieen\/\" title=\"Topbedrijf voor evaluatie van bedrijfsstrategie\"  data-wpil-monitor-id=\"1490\">top marketing strategy firm<\/a> provides the expertise to craft tailored strategies that resonate with consumers, create meaningful connections, and drive long-term success.<\/p>\n\n\n\n<h2 class=\"wp-block-heading\">Diensten die u van een toonaangevend marketingstrategiebedrijf kunt verwachten<\/h2>\n\n\n\n<figure class=\"gb-block-image gb-block-image-d54be9ae\"><img loading=\"lazy\" decoding=\"async\" width=\"1456\" height=\"816\" class=\"gb-image gb-image-d54be9ae\" src=\"https:\/\/www.sisinternational.com\/wp-content\/uploads\/2025\/08\/Strategy-consulting-25.jpg\" alt=\"SIS Internationaal Marktonderzoek &amp; Strategie\" title=\"Strategy consulting (25)\" srcset=\"https:\/\/www.sisinternational.com\/wp-content\/uploads\/2025\/08\/Strategy-consulting-25.jpg 1456w, https:\/\/www.sisinternational.com\/wp-content\/uploads\/2025\/08\/Strategy-consulting-25-300x168.jpg 300w, https:\/\/www.sisinternational.com\/wp-content\/uploads\/2025\/08\/Strategy-consulting-25-1024x574.jpg 1024w, https:\/\/www.sisinternational.com\/wp-content\/uploads\/2025\/08\/Strategy-consulting-25-768x430.jpg 768w, https:\/\/www.sisinternational.com\/wp-content\/uploads\/2025\/08\/Strategy-consulting-25-18x10.jpg 18w\" sizes=\"auto, (max-width: 1456px) 100vw, 1456px\"><\/figure>\n\n\n\n<p><\/p>\n\n\n\n<p>A <a href=\"https:\/\/www.sisinternational.com\/nl\/oplossingen\/legal-market-research\/mock-jury-market-research-3\/\" title=\"Top Mock Jury Marktonderzoeksbedrijf\"  data-wpil-monitor-id=\"934\">top marketing strategy<\/a> firm offers a <strong>marktonderzoek en analyse<\/strong>, waarbij gegevens worden verzameld en geanalyseerd om consumentengedrag, markttrends en concurrentiedynamiek te begrijpen. Deze informatie vormt de basis voor het cre\u00ebren van ge\u00efnformeerde marketingstrategie\u00ebn die aansluiten op marktkansen en consumentenbehoeften.<\/p>\n\n\n\n<p><strong>Ontwikkeling van merkstrategie<\/strong> is een andere essenti\u00eble service, gericht op het defini\u00ebren van de identiteit, waarden en positionering van een merk. Een sterke merkstrategie helpt bedrijven een unieke aanwezigheid in de markt te vestigen, merkloyaliteit op te bouwen en zich te onderscheiden van concurrenten.&nbsp;<\/p>\n\n\n\n<p><strong>Campagneplanning en -uitvoering<\/strong> are critical <a href=\"https:\/\/www.sisinternational.com\/nl\/marketing-strategy-in-education-services\/\" title=\"Marketingstrategie in onderwijsdiensten\"  data-wpil-monitor-id=\"2089\">services top marketing strategy<\/a> firms provide. From digital marketing to traditional media, these firms help businesses plan and execute marketing campaigns that reach the right audiences at the right time.&nbsp;<\/p>\n\n\n\n<h3 class=\"wp-block-heading\">Belangrijkste diensten geleverd door een toonaangevend marketingstrategiebedrijf:<\/h3>\n\n\n\n<p><\/p>\n\n\n<div class=\"wp-block-image\">\n<figure class=\"aligncenter size-full is-resized\"><img loading=\"lazy\" decoding=\"async\" width=\"819\" height=\"685\" src=\"https:\/\/www.sisinternational.com\/wp-content\/uploads\/2024\/11\/Top-Marketing-Strategy-Company.png\" alt=\"SIS Internationaal Marktonderzoek &amp; Strategie\" class=\"wp-image-54216\" style=\"width:694px;height:auto\" srcset=\"https:\/\/www.sisinternational.com\/wp-content\/uploads\/2024\/11\/Top-Marketing-Strategy-Company.png 819w, https:\/\/www.sisinternational.com\/wp-content\/uploads\/2024\/11\/Top-Marketing-Strategy-Company-300x251.png 300w, https:\/\/www.sisinternational.com\/wp-content\/uploads\/2024\/11\/Top-Marketing-Strategy-Company-768x642.png 768w, https:\/\/www.sisinternational.com\/wp-content\/uploads\/2024\/11\/Top-Marketing-Strategy-Company-14x12.png 14w\" sizes=\"auto, (max-width: 819px) 100vw, 819px\" \/><\/figure>\n<\/div>\n\n\n<p><\/p>\n\n\n\n<ul class=\"wp-block-list\">\n<li><strong>Marktonderzoek en analyse:<\/strong> Het uitvoeren van diepgaand onderzoek om markttrends, consumentengedrag en concurrentiedynamiek te begrijpen.<\/li>\n\n\n\n<li><strong>Ontwikkeling van merkstrategie:<\/strong> Het cre\u00ebren van een unieke merkidentiteit en positionering die aanslaat bij de doelgroep en merkloyaliteit opbouwt.<\/li>\n\n\n\n<li><strong>Campagneplanning en -uitvoering:<\/strong> Het ontwikkelen en uitvoeren van marketingcampagnes die doelgroepen effectief bereiken en betrekken via meerdere kanalen.<\/li>\n\n\n\n<li><strong>Klantensegmentatie en targeting:<\/strong> Identificeren van belangrijke klantsegmenten en afstemmen van marketinginspanningen op hun unieke behoeften en voorkeuren.<\/li>\n\n\n\n<li><strong>Digitale marketingstrategie:<\/strong> Het cre\u00ebren van digitale marketingstrategie\u00ebn die gebruikmaken van online kanalen, zoals sociale media, SEO en betaalde advertenties, om de naamsbekendheid en betrokkenheid van het merk te vergroten.<\/li>\n\n\n\n<li><strong>Contentmarketing en storytelling:<\/strong> Het ontwikkelen van overtuigende content die het verhaal van het merk vertelt en emotioneel contact maakt met consumenten.<\/li>\n\n\n\n<li><strong>Prestatiemeting en optimalisatie:<\/strong> Het meten van de effectiviteit van marketingcampagnes en het doorvoeren van datagestuurde aanpassingen om de ROI te maximaliseren.<\/li>\n<\/ul>\n\n\n\n<h2 class=\"wp-block-heading\">Wat zijn de voordelen van samenwerken met een toonaangevend marketingstrategiebedrijf?<\/h2>\n\n\n\n<p>Working with a <a href=\"https:\/\/www.sisinternational.com\/nl\/top-wereldwijde-focusgroepbedrijf\/\" title=\"Top Global Focus Group-bedrijf\"  data-wpil-monitor-id=\"1042\">top marketing strategy<\/a> firm provides numerous advantages significantly enhancing a company&#8217;s ability to compete in the global marketplace. These firms bring expertise, resources, and insights that help businesses craft effective marketing strategies and achieve their business goals.<\/p>\n\n\n\n<ul class=\"wp-block-list\">\n<li><strong>Strategische expertise:<\/strong> U krijgt toegang tot experts uit de sector die inzicht hebben in de marktdynamiek, het consumentengedrag en effectieve marketingtactieken.<\/li>\n\n\n\n<li><strong>Datagestuurde besluitvorming:<\/strong> De beste marketingstrategiebureaus gebruiken data en inzichten om marketingstrategie\u00ebn te cre\u00ebren die aansluiten op marktkansen en de behoeften van de consument.<\/li>\n\n\n\n<li><strong>Merkdifferentiatie:<\/strong> Ze ontwikkelen een sterke merkidentiteit die opvalt in een drukke markt en die aanslaat bij de doelgroep.<\/li>\n\n\n\n<li><strong>Ontwikkeling van gelokaliseerde strategie:<\/strong> Deze bedrijven helpen u bij het aanpassen van marketingstrategie\u00ebn aan de culturele en sociale verschillen in verschillende regio&#039;s, waardoor de betrokkenheid van de consument wordt vergroot.<\/li>\n\n\n\n<li><strong>Continue optimalisatie:<\/strong> Ze helpen u bij het meten van de campagneprestaties en voeren op gegevens gebaseerde aanpassingen door om de effectiviteit te verbeteren en bedrijfsdoelstellingen te behalen.<\/li>\n<\/ul>\n\n\n\n<h2 class=\"wp-block-heading\">Hoe stimuleert marketingstrategie bedrijfsgroei en innovatie?<\/h2>\n\n\n\n<p><\/p>\n\n\n\n<figure class=\"gb-block-image gb-block-image-cfc4777c\"><img decoding=\"async\" class=\"gb-image gb-image-cfc4777c\" src=\"https:\/\/www.sisinternational.com\/wp-content\/uploads\/2024\/11\/B2B-1-1.jpg\" alt=\"SIS Internationaal Marktonderzoek &amp; Strategie\" title=\"B2B 1 (1)\"><\/figure>\n\n\n\n<p><\/p>\n\n\n\n<p>Marketingstrategie\u00ebn helpen bedrijven hun doelen te bereiken en te floreren in een concurrerende omgeving. Ze bieden een duidelijk stappenplan voor het bereiken van doelgroepen, het communiceren van waarde en het onderscheiden van concurrenten.<\/p>\n\n\n\n<p><strong>Identificeren van marktkansen en consumentenbehoeften<\/strong><\/p>\n\n\n\n<p>A <a href=\"https:\/\/www.sisinternational.com\/nl\/topbedrijf-voor-industrieanalyse-in-new-york\/\" title=\"Topbedrijf voor brancheanalyse in NY\"  data-wpil-monitor-id=\"1117\">top marketing strategy<\/a> firm helps businesses identify market opportunities and consumer needs by conducting in-depth research and analysis. These insights help companies create products, services, and campaigns that address specific consumer needs and provide value to their target audiences. For example, <a href=\"https:\/\/www.linkedin.com\/pulse\/how-market-research-enables-growth-ruth-stanat-phekf\/\" target=\"_blank\" rel=\"noopener\">marktonderzoek<\/a> kan een segment van consumenten blootleggen dat onvoldoende wordt bediend en wiens behoeften niet worden vervuld.&nbsp;<\/p>\n\n\n\n<p><strong>Begeleiding van productontwikkeling en marktpositionering<\/strong><\/p>\n\n\n\n<p>Marketing strategy is instrumental in guiding product development and market positioning. A <a href=\"https:\/\/www.sisinternational.com\/nl\/top-concurrent-benchmarking-bedrijf\/\" title=\"Top Concurrent Benchmarking Bedrijf\" data-wpil-monitor-id=\"1198\">top marketing strategy firm helps companies<\/a> define their unique value proposition and communicate it in a way that resonates with consumers.<\/p>\n\n\n\n<p>In addition to product development, <a href=\"https:\/\/www.sisinternational.com\/nl\/becoming-a-hidden-champion-in-niche-marketing\/\" title=\"Hidden Champions Marketing Strategy and Niche Marketing\" data-wpil-monitor-id=\"1976\">marketing strategy is crucial in brand<\/a> positioning. By defining a brand&#8217;s identity, values, and messaging, businesses can create a strong brand presence that differentiates them from competitors and builds lasting relationships with consumers.<\/p>\n\n\n\n<p><strong>Ondersteuning van strategische bedrijfsbeslissingen<\/strong><\/p>\n\n\n\n<p>Marketingstrategie ondersteunt ook bredere strategische bedrijfsbeslissingen, zoals markttoetreding, uitbreiding en rebranding. Een topmarketingstrategiebureau levert de inzichten die nodig zijn om weloverwogen beslissingen te nemen over welke markten te betreden, hoe een merk te positioneren en hoe marketinginspanningen aan te passen aan verschillende regio&#039;s.&nbsp;<\/p>\n\n\n\n<h2 class=\"wp-block-heading\">Wat maakt SIS International tot een toonaangevend marketingstrategiebedrijf?<\/h2>\n\n\n\n<p><a href=\"https:\/\/www.linkedin.com\/company\/sisinternationalresearch\/\" target=\"_blank\" rel=\"noopener\">SIS Internationaal<\/a> heeft een unieke aanpak, wereldwijde expertise en toewijding om bruikbare inzichten te leveren. Ons vermogen om marktdynamiek en consumentengedrag te begrijpen en deze te vertalen naar strategische kansen maakt ons een vertrouwde partner voor bedrijven die succesvol willen zijn in een steeds complexere wereldwijde markt.<\/p>\n\n\n\n<ul class=\"wp-block-list\">\n<li><strong>Op maat gemaakte marketingstrategie\u00ebn:<\/strong> Wij ontwerpen marketingstrategie\u00ebn die aansluiten bij de behoeften van elke klant. Zo zorgen we ervoor dat onze inzichten zinvol en bruikbaar zijn.<\/li>\n\n\n\n<li><strong>Wereldwijde en lokale expertise:<\/strong> Ons team van experts uit de sector biedt wereldwijde perspectieven en lokale inzichten, waarmee we bedrijven helpen de nuances van verschillende markten te doorgronden.<\/li>\n\n\n\n<li><strong>Uitgebreid marktonderzoek:<\/strong> Wij voeren diepgaand onderzoek uit om markttrends, consumentengedrag en concurrentiedynamiek te begrijpen. Zo leggen we de basis voor effectieve marketingstrategie\u00ebn.<\/li>\n\n\n\n<li><strong>Innovatieve campagneplanning:<\/strong> <a href=\"https:\/\/twitter.com\/SISIntlResearch\" target=\"_blank\" rel=\"noopener\">SIS<\/a> Omdat International zich inzet voor innovatie, gebruiken we de nieuwste hulpmiddelen en technologie\u00ebn om marketingcampagnes te ontwikkelen en uit te voeren die consumenten aanspreken en resultaten opleveren.<\/li>\n\n\n\n<li><strong>Datagestuurde inzichten:<\/strong> Van klantsegmentatie tot campagneoptimalisatie: wij bieden datagestuurde inzichten waarmee onze klanten weloverwogen strategische beslissingen kunnen nemen.<\/li>\n\n\n\n<li><strong>Deskundige begeleiding en ondersteuning:<\/strong> Ons team biedt deskundige begeleiding en ondersteuning gedurende het gehele marketingproces, van strategieontwikkeling tot uitvoering en optimalisatie.<\/li>\n\n\n\n<li><strong>Effectieve cross-channel integratie:<\/strong> Wij zorgen ervoor dat marketingstrategie\u00ebn naadloos op meerdere kanalen worden ge\u00efntegreerd, zodat consumenten een consistente merkervaring hebben.<\/li>\n\n\n\n<li><strong>Uitvoerbare aanbevelingen:<\/strong> Onze inzichten zijn niet alleen informatief, ze zijn ook bruikbaar en bieden onze klanten duidelijke stappen om de effectiviteit van hun marketing te verbeteren.<\/li>\n\n\n\n<li><strong>Verbeterde merkzichtbaarheid:<\/strong> Onze strategie\u00ebn zijn erop gericht de zichtbaarheid en herkenning van merken te vergroten en ervoor te zorgen dat de merken van onze klanten top-of-mind zijn bij hun doelgroepen.<\/li>\n<\/ul>\n\n\n\n<h2 class=\"wp-block-heading\">Over SIS Internationaal<\/h2>\n\n\n\n<p><a href=\"https:\/\/www.sisinternational.com\/nl\/\">SIS Internationaal<\/a> biedt kwantitatief, kwalitatief en strategisch onderzoek. Wij bieden data, tools, strategie\u00ebn, rapporten en inzichten voor besluitvorming. Wij voeren ook interviews, enqu\u00eates, focusgroepen en andere marktonderzoeksmethoden en -benaderingen uit.<a href=\"https:\/\/www.sisinternational.com\/nl\/over-sis-internationaal-onderzoek\/contact-sis-international-market-research\/\"> Neem contact met ons op<\/a> voor uw volgende marktonderzoeksproject.<\/p>\n\n\n\n<hr class=\"wp-block-separator has-alpha-channel-opacity\"\/>","protected":false},"excerpt":{"rendered":"<p>Top Marketing Strategy Company A well-defined marketing strategy is the foundation of any successful business. As a top marketing strategy firm, SIS International works with companies to create data-driven strategies that achieve measurable results. What differentiates successful brands from those that struggle? The answer lies in having a clear and effective marketing strategy. SIS International, &#8230; <a title=\"Top Marketing Strategie Bedrijf\" class=\"read-more\" href=\"https:\/\/www.sisinternational.com\/nl\/oplossingen\/strategieconsulting\/top-marketingstrategiebedrijf\/\" aria-label=\"Lees meer over Top Marketing Strategy Company\">Lees meer<\/a><\/p>","protected":false},"author":1,"featured_media":62554,"parent":14567,"menu_order":51,"comment_status":"closed","ping_status":"closed","template":"","meta":{"footnotes":""},"class_list":["post-54215","page","type-page","status-publish","has-post-thumbnail"],"_links":{"self":[{"href":"https:\/\/www.sisinternational.com\/nl\/wp-json\/wp\/v2\/pages\/54215","targetHints":{"allow":["GET"]}}],"collection":[{"href":"https:\/\/www.sisinternational.com\/nl\/wp-json\/wp\/v2\/pages"}],"about":[{"href":"https:\/\/www.sisinternational.com\/nl\/wp-json\/wp\/v2\/types\/page"}],"author":[{"embeddable":true,"href":"https:\/\/www.sisinternational.com\/nl\/wp-json\/wp\/v2\/users\/1"}],"replies":[{"embeddable":true,"href":"https:\/\/www.sisinternational.com\/nl\/wp-json\/wp\/v2\/comments?post=54215"}],"version-history":[{"count":15,"href":"https:\/\/www.sisinternational.com\/nl\/wp-json\/wp\/v2\/pages\/54215\/revisions"}],"predecessor-version":[{"id":76455,"href":"https:\/\/www.sisinternational.com\/nl\/wp-json\/wp\/v2\/pages\/54215\/revisions\/76455"}],"up":[{"embeddable":true,"href":"https:\/\/www.sisinternational.com\/nl\/wp-json\/wp\/v2\/pages\/14567"}],"wp:featuredmedia":[{"embeddable":true,"href":"https:\/\/www.sisinternational.com\/nl\/wp-json\/wp\/v2\/media\/62554"}],"wp:attachment":[{"href":"https:\/\/www.sisinternational.com\/nl\/wp-json\/wp\/v2\/media?parent=54215"}],"curies":[{"name":"wp","href":"https:\/\/api.w.org\/{rel}","templated":true}]}}