{"id":54090,"date":"2024-11-20T05:54:28","date_gmt":"2024-11-20T10:54:28","guid":{"rendered":"https:\/\/www.sisinternational.com\/?page_id=54090"},"modified":"2026-03-05T23:14:18","modified_gmt":"2026-03-06T04:14:18","slug":"top-wereldwijd-kwalitatief-onderzoeksbedrijf","status":"publish","type":"page","link":"https:\/\/www.sisinternational.com\/nl\/oplossingen\/kwalitatieve-kwantitatieve-onderzoeksoplossingen\/top-wereldwijd-kwalitatief-onderzoeksbedrijf\/","title":{"rendered":"Top wereldwijd kwalitatief onderzoeksbedrijf"},"content":{"rendered":"<h1 class=\"wp-block-heading\">Top wereldwijd kwalitatief onderzoeksbedrijf<\/h1>\n\n\n\n<figure class=\"gb-block-image gb-block-image-95f12ab5\"><img decoding=\"async\" class=\"gb-image gb-image-95f12ab5\" src=\"https:\/\/www.sisinternational.com\/wp-content\/uploads\/2025\/07\/How-to-Design-Effective-Surveys-for-Quantitative-Research-1.jpg\" alt=\"How to Design Effective Surveys for Quantitative Research\" title=\"How to Design Effective Surveys for Quantitative Research (1)\"\/><\/figure>\n\n\n\n<p><\/p>\n\n\n\n<h3 class=\"wp-block-heading\">Top Global Kwalitative Research Company \u2013 Voor bedrijven die op de wereldmarkt actief zijn, zorgt een samenwerking met een top wereldwijd kwalitatief onderzoeksbureau zoals SIS International ervoor dat ze de inzichten krijgen die nodig zijn om zinvolle consumentenrelaties op te bouwen.<\/h3>\n\n\n\n<p>Hoe begrijpt u echt wat consumentengedrag in een wereldwijde marktplaats drijft? Kwalitatief onderzoek is de sleutel tot het blootleggen van de emoties, motivaties en percepties achter klantbeslissingen. Als toonaangevend wereldwijd kwalitatief onderzoeksbureau helpt SIS International bedrijven deze cruciale inzichten te ontsluiten om effectieve strategie\u00ebn vorm te geven.<\/p>\n\n\n\n<h2 class=\"wp-block-heading\">Waarom kwalitatief marktonderzoek zo belangrijk is in de mondiale zakelijke omgeving<\/h2>\n\n\n\n<p>Kwalitatief <a href=\"https:\/\/www.linkedin.com\/pulse\/how-market-research-enables-growth-ruth-stanat-phekf\/\" target=\"_blank\" rel=\"noopener\">marktonderzoek<\/a> is essentieel om het &#039;waarom&#039; achter consumentengedrag, motivaties en houdingen te begrijpen. Het biedt een rijker, genuanceerder begrip van consumentenperspectieven en marktdynamiek, waardoor bedrijven beter begrijpen wat consumenten doen en waarom ze bepaalde keuzes maken, hoe ze merken waarnemen en welke emotionele drijfveren hun beslissingen be\u00efnvloeden.<\/p>\n\n\n\n<p>A <a href=\"https:\/\/www.sisinternational.com\/nl\/top-wereldwijd-kwantitatief-marktonderzoeksbedrijf\/\" title=\"Top wereldwijd kwantitatief marktonderzoeksbedrijf\" data-wpil-monitor-id=\"1051\">top global qualitative research<\/a> firm, such as SIS International, employs advanced qualitative methodologies to explore these underlying motivations. This type of research involves tools such as in-depth interviews, focus, and online communities to gather insights directly from consumers in their environments, providing a clearer view of their experiences and attitudes.<\/p>\n\n\n\n<p>So, by uncovering what truly matters to customers, <a href=\"https:\/\/www.sisinternational.com\/nl\/large-scale-research-for-small-companies\/\" title=\"Large-scale Research for Small Companies\" data-wpil-monitor-id=\"2339\">companies can develop strategies<\/a> that resonate with their target audience on an emotional level. These insights help craft effective messaging, improve product development, and enhance the customer experience.<\/p>\n\n\n\n<h2 class=\"wp-block-heading\">Welke diensten biedt een toonaangevend wereldwijd kwalitatief onderzoeksbureau?<\/h2>\n\n\n\n<figure class=\"gb-block-image gb-block-image-a3af59ad\"><img loading=\"lazy\" decoding=\"async\" width=\"1456\" height=\"816\" class=\"gb-image gb-image-a3af59ad\" src=\"https:\/\/www.sisinternational.com\/wp-content\/uploads\/2025\/09\/Quantitative-research-14.jpg\" alt=\"SIS Internationaal Marktonderzoek &amp; Strategie\" title=\"Quantitative research (14)\" srcset=\"https:\/\/www.sisinternational.com\/wp-content\/uploads\/2025\/09\/Quantitative-research-14.jpg 1456w, https:\/\/www.sisinternational.com\/wp-content\/uploads\/2025\/09\/Quantitative-research-14-300x168.jpg 300w, https:\/\/www.sisinternational.com\/wp-content\/uploads\/2025\/09\/Quantitative-research-14-1024x574.jpg 1024w, https:\/\/www.sisinternational.com\/wp-content\/uploads\/2025\/09\/Quantitative-research-14-768x430.jpg 768w, https:\/\/www.sisinternational.com\/wp-content\/uploads\/2025\/09\/Quantitative-research-14-18x10.jpg 18w\" sizes=\"auto, (max-width: 1456px) 100vw, 1456px\"><\/figure>\n\n\n\n<p><\/p>\n\n\n\n<p>Een van de kerndiensten is diepgaande interviews, waarbij onderzoekers \u00e9\u00e9n-op-\u00e9\u00e9n gesprekken voeren met consumenten om hun gedachten, gevoelens en motivaties gedetailleerd te onderzoeken. Deze methode is met name handig voor het begrijpen van complexe besluitvormingsprocessen en het blootleggen van verborgen emoties die het gedrag van consumenten be\u00efnvloeden.<\/p>\n\n\n\n<p>Een ander belangrijk aanbod zijn focusgroepen. Focusgroepen stellen onderzoekers in staat om groepsdynamiek te observeren en gemeenschappelijke thema&#039;s, verschillende perspectieven en de emotionele triggers die gedrag aansturen te identificeren. Deze aanpak helpt bedrijven te begrijpen hoe consumenten hun producten en diensten waarnemen en hoe ze deze kunnen verbeteren om beter aan de behoeften van klanten te voldoen.<\/p>\n\n\n\n<h2 class=\"wp-block-heading\">Het belang van regionale nuances bij strategieontwikkeling<\/h2>\n\n\n\n<p>Understanding regional nuances is crucial for developing effective market entry strategies, product positioning, and marketing campaigns. A <a href=\"https:\/\/www.sisinternational.com\/nl\/top-5-benefits-of-qualitative-market-research-for-businesses\/\" title=\"Top 5 Benefits of Qualitative Market Research for Businesses\" data-wpil-monitor-id=\"1848\">top global qualitative research<\/a> firm like SIS International helps businesses identify the cultural, economic, and social factors that impact consumer behavior in each region.<\/p>\n\n\n\n<p>Het begrijpen van regionale nuances is cruciaal voor succes bij het lanceren van een nieuw product, rebranding of het betreden van een nieuwe markt. De expertise van SIS International in het vastleggen van deze nuances stelt bedrijven in staat om weloverwogen beslissingen te nemen, cultureel relevante campagnes te cre\u00ebren en duurzame relaties op te bouwen met consumenten in verschillende markten.<\/p>\n\n\n\n<h2 class=\"wp-block-heading\">Dus\u2026 Wat zijn de voordelen van samenwerken met een toonaangevend wereldwijd kwalitatief onderzoeksbureau?<\/h2>\n\n\n\n<p>Working with a <a href=\"https:\/\/www.sisinternational.com\/nl\/oplossingen\/legal-market-research\/mock-jury-market-research-3\/\" title=\"Top Mock Jury Marktonderzoeksbedrijf\" data-wpil-monitor-id=\"928\">top global qualitative research<\/a> firm provides businesses many benefits beyond traditional market analysis. These firms offer deep, contextually rich insights that help businesses create meaningful connections with consumers and make informed strategic decisions.<\/p>\n\n\n<div class=\"wp-block-image\">\n<figure class=\"aligncenter size-full\"><img loading=\"lazy\" decoding=\"async\" width=\"792\" height=\"445\" src=\"https:\/\/www.sisinternational.com\/wp-content\/uploads\/2024\/11\/Top-Global-Qualitative-Research-Company.png\" alt=\"SIS Internationaal Marktonderzoek &amp; Strategie\" class=\"wp-image-54091\" srcset=\"https:\/\/www.sisinternational.com\/wp-content\/uploads\/2024\/11\/Top-Global-Qualitative-Research-Company.png 792w, https:\/\/www.sisinternational.com\/wp-content\/uploads\/2024\/11\/Top-Global-Qualitative-Research-Company-300x169.png 300w, https:\/\/www.sisinternational.com\/wp-content\/uploads\/2024\/11\/Top-Global-Qualitative-Research-Company-768x432.png 768w, https:\/\/www.sisinternational.com\/wp-content\/uploads\/2024\/11\/Top-Global-Qualitative-Research-Company-18x10.png 18w\" sizes=\"auto, (max-width: 792px) 100vw, 792px\" \/><\/figure>\n<\/div>\n\n\n<p><\/p>\n\n\n\n<ul class=\"wp-block-list\">\n<li><strong>Diepgaand inzicht in de consument:<\/strong> Krijg inzicht in de emoties, motivaties en houdingen die het consumentengedrag sturen.<\/li>\n\n\n\n<li><strong>Culturele gevoeligheid en lokalisatie:<\/strong> Ontwikkel cultureel relevante strategie\u00ebn door inzicht te krijgen in de unieke sociale en culturele factoren die de voorkeuren van consumenten be\u00efnvloeden.<\/li>\n\n\n\n<li><strong>Verbeterde productontwikkeling:<\/strong> Gebruik feedback van consumenten om productontwikkeling te ondersteunen en ervoor te zorgen dat het aanbod voldoet aan de behoeften en verwachtingen van de doelgroep.<\/li>\n\n\n\n<li><strong>Verbeterde merkboodschap:<\/strong> Cre\u00eber overtuigende berichten die consumenten aanspreken door te begrijpen wat er voor hen echt toe doet.<\/li>\n\n\n\n<li><strong>Betere klantervaring:<\/strong> Breng de customer journey in kaart om knelpunten en verbeterpunten te identificeren. Zo krijgt u een meer bevredigende klantervaring.<\/li>\n\n\n\n<li><strong>Strategische markttoetreding:<\/strong> Betreed nieuwe markten met vertrouwen door inzicht te hebben in regionale nuances en de verwachtingen van consumenten.<\/li>\n<\/ul>\n\n\n\n<h2 class=\"wp-block-heading\">Hoe kwalitatief onderzoek innovatie en strategische beslissingen stimuleert<\/h2>\n\n\n\n<p>Kwalitatief onderzoek is een belangrijke motor voor innovatie en strategische besluitvorming, omdat het diepgaande, verhaalgedreven inzichten oplevert waarmee bedrijven hun klanten op een persoonlijk niveau kunnen begrijpen.<\/p>\n\n\n\n<h3 class=\"wp-block-heading\">Het identificeren van consumentenbehoeften en marktlacunes<\/h3>\n\n\n\n<p>Kwalitatief onderzoek is cruciaal bij het identificeren van onvervulde consumentenbehoeften en marktlacunes. Deze inzichten helpen bedrijven om kansen voor innovatie te identificeren en producten te ontwikkelen die specifieke pijnpunten aanpakken, waardoor waarde wordt gecre\u00eberd voor zowel het bedrijf als de consument.<\/p>\n\n\n\n<p>For instance, a <a href=\"https:\/\/www.sisinternational.com\/nl\/expertise\/cvs-van-ervaring\/brand-research\/\" title=\"Merkonderzoek Bedrijf\" data-wpil-monitor-id=\"6301\">company might use ethnographic research<\/a> to observe how consumers use a particular product daily. This type of research can reveal usability issues, unmet needs, or opportunities for improvement that may not be apparent through quantitative data alone.&nbsp;<\/p>\n\n\n\n<h3 class=\"wp-block-heading\">Product- en service-innovatie stimuleren<\/h3>\n\n\n\n<p><a href=\"https:\/\/www.sisinternational.com\/nl\/sampling-techniques-in-qualitative-research-the-complete-guide-to-choosing-the-right-method\/\" title=\"Sampling Techniques in Qualitative Research: The Complete Guide to Choosing the Right Method\" data-wpil-monitor-id=\"1471\">Qualitative research guides<\/a> the product development process, from ideation to launch. It involves consumers in concept testing and co-creation workshops, businesses can gather valuable feedback that informs the design and functionality of new products. This collaborative approach ensures that products are designed with the end-user in mind, increasing the likelihood of market success.<\/p>\n\n\n\n<h3 class=\"wp-block-heading\">Ondersteuning van strategische bedrijfsbeslissingen<\/h3>\n\n\n\n<p>Naast productontwikkeling biedt kwalitatief onderzoek de inzichten die nodig zijn om strategische zakelijke beslissingen te nemen. Of het nu gaat om het betreden van een nieuwe markt, een rebranding of het lanceren van een nieuwe marketingcampagne, kwalitatief onderzoek helpt bedrijven de context te begrijpen waarin ze opereren.&nbsp;<\/p>\n\n\n\n<h2 class=\"wp-block-heading\">Wat maakt SIS International tot een toonaangevend wereldwijd kwalitatief onderzoeksbedrijf?<\/h2>\n\n\n\n<p><a href=\"https:\/\/www.linkedin.com\/company\/sisinternationalresearch\/\" target=\"_blank\" rel=\"noopener\">SIS Internationaal<\/a> wordt gezien als een van de beste wereldwijde kwalitatieve onderzoeksbureaus vanwege zijn unieke aanpak, wereldwijde expertise en toewijding om bruikbare inzichten te leveren. Ons vermogen om de complexiteit van consumentengedrag te begrijpen en deze te vertalen naar strategische kansen, maakt ons een vertrouwde partner voor bedrijven die succesvol willen zijn in een steeds complexere wereldwijde markt.<\/p>\n\n\n\n<ul class=\"wp-block-list\">\n<li><strong>Tailored <\/strong><a href=\"https:\/\/www.sisinternational.com\/nl\/oplossingen\/kwalitatieve-kwantitatieve-onderzoeksoplossingen\/wanneer-kwalitatief-onderzoek-gebruiken\/\" title=\"Wanneer moet je kwalitatief onderzoek gebruiken?\" data-wpil-monitor-id=\"1516\">Qualitative Methodologies: We design our research<\/a> to meet each client&#8217;s needs, ensuring our insights are meaningful and actionable.<\/li>\n\n\n\n<li><strong>Wereldwijde en lokale expertise:<\/strong> Ons team van ervaren onderzoekers biedt een wereldwijd perspectief en lokale inzichten, waarmee we bedrijven helpen de nuances van verschillende markten te begrijpen.<\/li>\n\n\n\n<li><strong>Rijke consumenteninzichten:<\/strong> <a href=\"https:\/\/medium.com\/@sisinternational\/sis-international-c17160da8fac\" target=\"_blank\" rel=\"noopener\">SIS<\/a> maakt gebruik van geavanceerde kwalitatieve technieken om de emoties, motivaties en houdingen te achterhalen die het consumentengedrag sturen. Zo krijgen klanten een beter inzicht in hun doelgroep.<\/li>\n\n\n\n<li><strong>Samenwerkingsgerichte aanpak:<\/strong> Wij werken gedurende het hele onderzoeksproces samen met onze klanten en zorgen ervoor dat de verzamelde inzichten aansluiten bij hun strategische doelen.<\/li>\n\n\n\n<li><strong>Alomvattend marktinzicht:<\/strong> Van het in kaart brengen van de customer journey tot merkperceptieonderzoeken: wij bieden een compleet overzicht van het marktlandschap, zodat onze klanten weloverwogen strategische beslissingen kunnen nemen.<\/li>\n\n\n\n<li><strong>Innovatieve onderzoeksoplossingen:<\/strong> Onze toewijding aan innovatie betekent dat we de nieuwste hulpmiddelen en technologie\u00ebn gebruiken om hoogwaardige inzichten te leveren waarmee onze klanten een voorsprong op de concurrentie kunnen behouden.<\/li>\n<\/ul>\n\n\n\n<h2 class=\"wp-block-heading\">Over SIS Internationaal<\/h2>\n\n\n\n<p><a href=\"https:\/\/www.sisinternational.com\/nl\/\">SIS Internationaal<\/a> biedt kwantitatief, kwalitatief en strategisch onderzoek. Wij bieden data, tools, strategie\u00ebn, rapporten en inzichten voor besluitvorming. Wij voeren ook interviews, enqu\u00eates, focusgroepen en andere marktonderzoeksmethoden en -benaderingen uit.<a href=\"https:\/\/www.sisinternational.com\/nl\/over-sis-internationaal-onderzoek\/contact-sis-international-market-research\/\"> Neem contact met ons op<\/a> voor uw volgende marktonderzoeksproject.<\/p>\n\n\n\n<hr class=\"wp-block-separator has-alpha-channel-opacity\"\/>\n\n\n\n<p><\/p>","protected":false},"excerpt":{"rendered":"<p>Top Global Qualitative Research Company Top Global Qualitative Research Company &#8211; For businesses operating in the global market, partnering with a top global qualitative research firm like SIS International ensures they gain the insights needed to build meaningful consumer connections. How do you truly understand what drives consumer behavior in a global marketplace? Qualitative research &#8230; <a title=\"Top wereldwijd kwalitatief onderzoeksbedrijf\" class=\"read-more\" href=\"https:\/\/www.sisinternational.com\/nl\/oplossingen\/kwalitatieve-kwantitatieve-onderzoeksoplossingen\/top-wereldwijd-kwalitatief-onderzoeksbedrijf\/\" aria-label=\"Lees meer over Top Global Qualitative Research Company\">Lees meer<\/a><\/p>","protected":false},"author":1,"featured_media":0,"parent":14660,"menu_order":59,"comment_status":"closed","ping_status":"closed","template":"","meta":{"footnotes":""},"class_list":["post-54090","page","type-page","status-publish"],"_links":{"self":[{"href":"https:\/\/www.sisinternational.com\/nl\/wp-json\/wp\/v2\/pages\/54090","targetHints":{"allow":["GET"]}}],"collection":[{"href":"https:\/\/www.sisinternational.com\/nl\/wp-json\/wp\/v2\/pages"}],"about":[{"href":"https:\/\/www.sisinternational.com\/nl\/wp-json\/wp\/v2\/types\/page"}],"author":[{"embeddable":true,"href":"https:\/\/www.sisinternational.com\/nl\/wp-json\/wp\/v2\/users\/1"}],"replies":[{"embeddable":true,"href":"https:\/\/www.sisinternational.com\/nl\/wp-json\/wp\/v2\/comments?post=54090"}],"version-history":[{"count":12,"href":"https:\/\/www.sisinternational.com\/nl\/wp-json\/wp\/v2\/pages\/54090\/revisions"}],"predecessor-version":[{"id":79884,"href":"https:\/\/www.sisinternational.com\/nl\/wp-json\/wp\/v2\/pages\/54090\/revisions\/79884"}],"up":[{"embeddable":true,"href":"https:\/\/www.sisinternational.com\/nl\/wp-json\/wp\/v2\/pages\/14660"}],"wp:attachment":[{"href":"https:\/\/www.sisinternational.com\/nl\/wp-json\/wp\/v2\/media?parent=54090"}],"curies":[{"name":"wp","href":"https:\/\/api.w.org\/{rel}","templated":true}]}}