{"id":53943,"date":"2024-11-11T06:08:33","date_gmt":"2024-11-11T11:08:33","guid":{"rendered":"https:\/\/www.sisinternational.com\/?page_id=53943"},"modified":"2026-03-05T23:18:09","modified_gmt":"2026-03-06T04:18:09","slug":"top-concurrerende-inlichtingenbedrijf","status":"publish","type":"page","link":"https:\/\/www.sisinternational.com\/nl\/oplossingen\/strategieconsulting\/top-concurrerende-inlichtingenbedrijf\/","title":{"rendered":"Top Competitive Intelligence-bedrijf"},"content":{"rendered":"<h1 class=\"wp-block-heading\">Top Competitive Intelligence-bedrijf<\/h1>\n\n\n\n<p><\/p>\n\n\n\n<figure class=\"gb-block-image gb-block-image-c9eea16e\"><img loading=\"lazy\" decoding=\"async\" width=\"1456\" height=\"816\" class=\"gb-image gb-image-c9eea16e\" src=\"https:\/\/www.sisinternational.com\/wp-content\/uploads\/2025\/09\/Quantitative-research-17.jpg\" alt=\"SIS Internationaal Marktonderzoek &amp; Strategie\" title=\"Quantitative research (17)\" srcset=\"https:\/\/www.sisinternational.com\/wp-content\/uploads\/2025\/09\/Quantitative-research-17.jpg 1456w, https:\/\/www.sisinternational.com\/wp-content\/uploads\/2025\/09\/Quantitative-research-17-300x168.jpg 300w, https:\/\/www.sisinternational.com\/wp-content\/uploads\/2025\/09\/Quantitative-research-17-1024x574.jpg 1024w, https:\/\/www.sisinternational.com\/wp-content\/uploads\/2025\/09\/Quantitative-research-17-768x430.jpg 768w, https:\/\/www.sisinternational.com\/wp-content\/uploads\/2025\/09\/Quantitative-research-17-18x10.jpg 18w\" sizes=\"auto, (max-width: 1456px) 100vw, 1456px\"><\/figure>\n\n\n\n<p><\/p>\n\n\n\n<h3 class=\"wp-block-heading\">Top Competitive Intelligence Company: Om voorop te blijven lopen in een concurrerende markt, is het belangrijk om op het juiste moment over de juiste informatie te beschikken.<\/h3>\n\n\n\n<p>Bedrijven worden tegenwoordig geconfronteerd met constante concurrentie en snelle marktveranderingen. Competitieve intelligentie is de oplossing om op de hoogte te blijven, uw concurrentielandschap te begrijpen en groeikansen te grijpen. Een toonaangevend competitief intelligentiebedrijf, zoals SIS International, kan de expertise en inzichten bieden die nodig zijn om uw bedrijf te laten floreren.<\/p>\n\n\n\n<h2 class=\"wp-block-heading\">Wat is concurrentie-intelligentie?<\/h2>\n\n\n\n<p>Competitieve intelligentie omvat het onderzoeken van concurrenten, marktdynamiek en industrietrends om strategische zakelijke beslissingen te informeren. Dit inzicht helpt bedrijven hun concurrentielandschap te beoordelen, groeikansen te identificeren en potenti\u00eble risico&#039;s te beperken.<\/p>\n\n\n\n<p>A top competitive intelligence firm, like SIS International, helps companies understand what their competitors are doing, how the market is evolving, and what strategies are needed to thrive. Competitive <a href=\"https:\/\/www.sisinternational.com\/nl\/oplossingen\/strategieconsulting\/competitive-intelligence-training-and-strategy\/\" title=\"Training en strategie voor concurrentie-intelligentie\"  data-wpil-monitor-id=\"6723\">intelligence<\/a> allows businesses to understand external factors that could impact their success and develop proactive strategies to address them.<\/p>\n\n\n\n<h2 class=\"wp-block-heading\">Dus... Waarom zou u samenwerken met een toonaangevend concurrentie-informatiebureau?<\/h2>\n\n\n\n<p>Samenwerken met een toonaangevend concurrentie-informatiebureau biedt verschillende voordelen, waaronder toegang tot deskundige analyses, strategische inzichten en bruikbare aanbevelingen. Deze bedrijven gebruiken geavanceerde technologie\u00ebn, bedrijfseigen data en ervaren analisten om bedrijven te voorzien van nauwkeurige en tijdige informatie.<\/p>\n\n\n\n<p>A <a href=\"https:\/\/www.sisinternational.com\/nl\/topbedrijf-voor-de-evaluatie-van-bedrijfsstrategieen\/\" title=\"Topbedrijf voor evaluatie van bedrijfsstrategie\"  data-wpil-monitor-id=\"1505\">top competitive intelligence<\/a> firm helps businesses gather and analyze data to create effective competitive strategies. By providing insights into industry trends, competitor strategies, and market conditions, SIS International enables companies to make informed decisions and minimize risks. Our extensive global reach and superior B2B market expertise have been helping businesses\u2014ranging from small start-ups to Fortune 500 companies\u2014achieve sustainable growth for 40 years.<\/p>\n\n\n\n<p>Bovendien brengt een partnerschap met een top competitief inlichtingenbureau een objectief perspectief naar strategische planning. Met toegang tot eigen data en geavanceerde analytische tools kunnen deze bedrijven bedrijven helpen inzichten te ontdekken die intern misschien niet zichtbaar zijn.&nbsp;<\/p>\n\n\n\n<h2 class=\"wp-block-heading\">Belangrijkste diensten aangeboden door toonaangevende concurrerende inlichtingenbureaus<\/h2>\n\n\n\n<p>Top competitieve inlichtingenbedrijven zoals SIS International bieden verschillende diensten aan die zijn ontworpen om bedrijven te helpen een concurrentievoordeel te behalen. Enkele van de belangrijkste diensten zijn:<\/p>\n\n\n\n<p><\/p>\n\n\n\n<figure class=\"gb-block-image gb-block-image-64a0d633\"><img loading=\"lazy\" decoding=\"async\" width=\"804\" height=\"445\" class=\"gb-image gb-image-64a0d633\" src=\"https:\/\/www.sisinternational.com\/wp-content\/uploads\/2024\/11\/Strategic-business-analysis.png\" alt=\"SIS Internationaal Marktonderzoek &amp; Strategie\" title=\"Strategische bedrijfsanalyse\" srcset=\"https:\/\/www.sisinternational.com\/wp-content\/uploads\/2024\/11\/Strategic-business-analysis.png 804w, https:\/\/www.sisinternational.com\/wp-content\/uploads\/2024\/11\/Strategic-business-analysis-300x166.png 300w, https:\/\/www.sisinternational.com\/wp-content\/uploads\/2024\/11\/Strategic-business-analysis-768x425.png 768w, https:\/\/www.sisinternational.com\/wp-content\/uploads\/2024\/11\/Strategic-business-analysis-18x10.png 18w\" sizes=\"auto, (max-width: 804px) 100vw, 804px\"><\/figure>\n\n\n\n<p><\/p>\n\n\n\n<ul class=\"wp-block-list\">\n<li><strong>Concurrentieanalyse<\/strong>:Het beoordelen van de sterke en zwakke punten van concurrenten, zodat bedrijven inzicht krijgen in hun positie op de markt en hoe ze zichzelf effectief kunnen positioneren.<\/li>\n\n\n\n<li><strong>Identificatie van markttrends<\/strong>: Het identificeren van belangrijke markttrends die van invloed kunnen zijn op de bedrijfsprestaties, zodat bedrijven hun strategie\u00ebn hierop kunnen aanpassen.<\/li>\n\n\n\n<li><strong>Benchmarken<\/strong>:De prestaties van een bedrijf vergelijken met de industrienormen en concurrenten om verbeterpunten te identificeren en realistische doelen te stellen.<\/li>\n\n\n\n<li><strong>SWOT-analyse<\/strong>: Het evalueren van de sterke en zwakke punten, kansen en bedreigingen die van invloed kunnen zijn op de strategische richting van een bedrijf.<\/li>\n\n\n\n<li><strong>Strategische aanbevelingen<\/strong>: Het bieden van bruikbare aanbevelingen op basis van concurrentie-informatie, zodat bedrijven kansen kunnen benutten en uitdagingen effectief kunnen aanpakken.<\/li>\n<\/ul>\n\n\n\n<h2 class=\"wp-block-heading\">Wat onderscheidt de beste concurrerende inlichtingenbureaus?<\/h2>\n\n\n\n<p>Top competitive intelligence firms worden gekenmerkt door hun branchespecifieke expertise, toegang tot bedrijfseigen data en geavanceerde analytische tools. SIS International heeft bijvoorbeeld projecten uitgevoerd in meer dan 120 landen en meer dan 70% van de Fortune 500 bediend, wat ons een uniek voordeel geeft in deze ruimte.<\/p>\n\n\n\n<p>Wat SIS International speciaal maakt, is ons wereldwijde bereik en onze superieure B2B-marktexpertise. Met een team van meer dan 150 werknemers en medewerkers bieden we diepgaande analyses waarbij we menselijke expertise en technologie combineren om bruikbare inzichten te leveren. Onze geavanceerde technologie\u00ebn zoals AI, blockchain en PowerBi-dashboards zorgen ervoor dat onze klanten de meest nauwkeurige en tijdige informatie ontvangen.<\/p>\n\n\n\n<h2 class=\"wp-block-heading\">Hoe concurrentie-intelligentie het succes van bedrijven bevordert<\/h2>\n\n\n\n<figure class=\"gb-block-image gb-block-image-40f19b93\"><img loading=\"lazy\" decoding=\"async\" width=\"1456\" height=\"816\" class=\"gb-image gb-image-40f19b93\" src=\"https:\/\/www.sisinternational.com\/wp-content\/uploads\/2025\/09\/Research-7.jpg\" alt=\"SIS Internationaal Marktonderzoek &amp; Strategie\" title=\"Research (7)\" srcset=\"https:\/\/www.sisinternational.com\/wp-content\/uploads\/2025\/09\/Research-7.jpg 1456w, https:\/\/www.sisinternational.com\/wp-content\/uploads\/2025\/09\/Research-7-300x168.jpg 300w, https:\/\/www.sisinternational.com\/wp-content\/uploads\/2025\/09\/Research-7-1024x574.jpg 1024w, https:\/\/www.sisinternational.com\/wp-content\/uploads\/2025\/09\/Research-7-768x430.jpg 768w, https:\/\/www.sisinternational.com\/wp-content\/uploads\/2025\/09\/Research-7-18x10.jpg 18w\" sizes=\"auto, (max-width: 1456px) 100vw, 1456px\"><\/figure>\n\n\n\n<p><\/p>\n\n\n\n<p>Competitieve intelligentie is essentieel voor het succes van bedrijven. Het helpt bedrijven om marktveranderingen te anticiperen, de bewegingen van concurrenten te begrijpen en proactieve beslissingen te nemen. Door inzichten van een toonaangevend competitief intelligentiebedrijf als SIS International te benutten, kunnen bedrijven zich beter voorbereiden op marktverschuivingen en strategie\u00ebn ontwikkelen om voorop te blijven lopen.<\/p>\n\n\n\n<p>SIS International heeft bijvoorbeeld bedrijven in verschillende sectoren geholpen om te innoveren, hun marktpositie te optimaliseren en strategische groei te stimuleren. Door tijdige en nauwkeurige concurrentie-informatie te verstrekken, stellen we onze klanten in staat om de sterke en zwakke punten van hun concurrenten te begrijpen en te profiteren van kansen die leiden tot een hogere winstgevendheid en marktaandeel.<\/p>\n\n\n\n<h2 class=\"wp-block-heading\">Hulpmiddelen en methodologie\u00ebn in concurrentie-intelligentie<\/h2>\n\n\n\n<p>Competitieve intelligentie is afhankelijk van een mix van geavanceerde tools en bewezen methodologie\u00ebn om data uit verschillende bronnen te verzamelen, analyseren en interpreteren. Een toonaangevend bedrijf voor concurrerende intelligentie gebruikt geavanceerde technologie\u00ebn naast beproefde frameworks om bruikbare inzichten te leveren die bedrijven in staat stellen om ge\u00efnformeerde, strategische beslissingen te nemen. Hier zijn enkele van de belangrijkste tools en methodologie\u00ebn die worden gebruikt in concurrerende intelligentie.<\/p>\n\n\n\n<p><strong>Data-analyse- en visualisatietools<\/strong><strong><br><\/strong>Data-analyseplatforms, zoals Tableau, PowerBI en Google Analytics, stellen bedrijven in staat om grote hoeveelheden data te analyseren, patronen te identificeren en trends te detecteren die van invloed zijn op het concurrentielandschap. Datavisualisatietools zetten complexe datasets om in gemakkelijk te verteren grafieken en dashboards, waardoor bedrijven snel informatie kunnen interpreteren en strategische beslissingen kunnen nemen.&nbsp;<\/p>\n\n\n\n<p><strong>Monitoring van sociale media en sentimentanalyse<\/strong><strong><br><\/strong>Social media monitoring tools zoals Hootsuite, Brandwatch en Sprout Social stellen concurrerende intelligentiebedrijven in staat om merkvermeldingen te volgen, campagnes van concurrenten te monitoren en reacties van klanten te meten. Sentimentanalyse, die gebruikmaakt van natuurlijke taalverwerking om positieve, negatieve of neutrale sentimenten in online discussies te beoordelen, biedt waardevolle inzichten in de publieke perceptie en helpt bedrijven de houding van klanten ten opzichte van concurrenten te begrijpen.<\/p>\n\n\n\n<p><strong>Concurrerende benchmarking<\/strong><strong><br><\/strong>Deze aanpak helpt bedrijven hun positie te begrijpen met betrekking tot prijzen, marktaandeel, klanttevredenheid en andere belangrijke prestatie-indicatoren. Een toonaangevend concurrentie-informatiebureau gebruikt benchmarkingtools en -methodologie\u00ebn om hiaten en kansen te identificeren, waardoor klanten een duidelijker beeld krijgen van hun sterke punten en verbeterpunten. Benchmarking stelt bedrijven in staat realistische doelen te stellen en hun voortgang ten opzichte van de concurrentie bij te houden.<\/p>\n\n\n\n<p><strong>SWOT-analyse (Sterke punten, zwakke punten, kansen, bedreigingen)<\/strong><strong><br><\/strong>SWOT analysis is a foundational framework used in <a href=\"https:\/\/www.sisinternational.com\/nl\/topbedrijf-voor-industrieanalyse-in-new-york\/\" title=\"Topbedrijf voor brancheanalyse in NY\"  data-wpil-monitor-id=\"1119\">competitive intelligence to evaluate a company\u2019s<\/a> position within the market. Businesses gain a balanced view of their competitive landscape by identifying internal strengths and weaknesses alongside external opportunities and threats. This structured approach offers a straightforward yet comprehensive view of where a business stands relative to its competitors.<\/p>\n\n\n\n<p><strong>Klantenonderzoeken<\/strong><strong><br><\/strong>Enqu\u00eates zijn een directe methode om inzichten te verzamelen van klanten en concurrenten. Door enqu\u00eates uit te voeren, verzamelen bedrijven voor concurrentie-informatie informatie uit de eerste hand over klantvoorkeuren, aankoopgedrag en percepties van concurrenten. Deze inzichten geven bedrijven een dieper inzicht in de behoeften van hun klanten en de sterke punten van concurrenten.&nbsp;<\/p>\n\n\n\n<p><strong>Scenarioplanning en voorspellende modellering<\/strong><strong><br><\/strong>Scenario planning and predictive modeling are advanced methodologies allowing companies to anticipate potential scenarios and plan accordingly. Scenario planning involves developing various hypothetical situations (e.g., new competitor entry, regulatory changes) and assessing their potential impact on the business. Predictive <a href=\"https:\/\/www.sisinternational.com\/nl\/oplossingen\/kwalitatieve-kwantitatieve-onderzoeksoplossingen\/statistical-modeling-tools\/\" title=\"Statistical Modeling Tools\"  data-wpil-monitor-id=\"1192\">modeling uses historical data and statistical<\/a> algorithms to forecast market trends and customer behaviors. A <a href=\"https:\/\/www.sisinternational.com\/nl\/top-concurrent-benchmarking-bedrijf\/\" title=\"Top Concurrent Benchmarking Bedrijf\"  data-wpil-monitor-id=\"1191\">top competitive intelligence<\/a> firm leverages these methodologies to help companies prepare for uncertainties, ensuring they remain agile and adaptable in a dynamic market.<\/p>\n\n\n<div class=\"wp-block-image\">\n<figure class=\"aligncenter size-full\"><img decoding=\"async\" src=\"https:\/\/www.sisinternational.com\/wp-content\/uploads\/2021\/01\/Competitive-Intelligence-in-China.jpg\" alt=\"Concurrentie-informatie in China - Top Concurrentie-informatiebureau\" class=\"wp-image-36562\"\/><\/figure>\n<\/div>\n\n\n<p><\/p>\n\n\n\n<h2 class=\"wp-block-heading\">Hoe concurrentie-informatie de bedrijfsstrategie en innovatie be\u00efnvloedt<\/h2>\n\n\n\n<p>Door samen te werken met een toonaangevend concurrentie-informatiebureau kunnen bedrijven hun strategie afstemmen op de marktdynamiek, hun productaanbod verfijnen en zich uiteindelijk positioneren voor groei op de lange termijn.&nbsp;<\/p>\n\n\n\n<p><strong>Strategische planning verbeteren met datagestuurde inzichten<\/strong><strong><br><\/strong><strong><br><\/strong><a href=\"https:\/\/www.sisinternational.com\/nl\/global-competitive-intelligence-blueprint-by-ruth-stanat-competitive-intelligence-magazine\/\" title=\"Global Competitive Intelligence Company\"  data-wpil-monitor-id=\"2168\">Competitive intelligence empowers companies<\/a> to develop strategies based on concrete, data-driven insights rather than assumptions. By analyzing competitors\u2019 moves, market conditions, and customer preferences, competitive intelligence allows companies to proactively adjust their strategic direction.&nbsp;<\/p>\n\n\n\n<p><strong>Ondersteuning van productontwikkeling en innovatie<\/strong><strong><br><\/strong><strong><br><\/strong>Competitieve intelligentie biedt inzicht in de productlijnen van concurrenten, technologische vooruitgang en functiehiaten. Door te begrijpen waar concurrenten tekortschieten of waar de markt onvervulde behoeften heeft, kunnen bedrijven kansen voor innovatie identificeren die hun aanbod onderscheiden. Als competitieve intelligentie bijvoorbeeld een groeiende vraag naar milieuvriendelijke oplossingen aangeeft, kan een bedrijf duurzame functies in zijn productroadmap prioriteren.&nbsp;<\/p>\n\n\n\n<p><strong>Versterking van marktpositionering en merkdifferentiatie<\/strong><strong><br><\/strong><strong><br><\/strong>Competitieve intelligentie stelt bedrijven in staat hun marktpositionering te verfijnen om specifieke sterke punten te benadrukken, in te spelen op pijnpunten van klanten en aan te sluiten bij toekomstige trends. Een toonaangevend bedrijf in concurrerende intelligentie gebruikt geavanceerde analyses om te bepalen waar een bedrijf zich kan onderscheiden, en ondersteunt positioneringsstrategie\u00ebn die een sterkere merkherkenning en klantloyaliteit opbouwen.<\/p>\n\n\n\n<p><strong>Risico&#039;s beperken en voorbereiden op marktveranderingen<br><br><\/strong>Een van de belangrijkste voordelen van concurrentie-informatie is het vermogen om potenti\u00eble risico&#039;s te identificeren, zoals verschuivingen in de vraag op de markt, veranderingen in de regelgeving of nieuwe concurrerende toetreders. Door deze factoren al vroeg te begrijpen, kunnen bedrijven hun strategie\u00ebn proactief aanpassen om negatieve gevolgen te minimaliseren. Als concurrentie-informatie bijvoorbeeld aangeeft dat een concurrent van plan is om een nieuw product te lanceren, kan een bedrijf een concurrerende reactie voorbereiden door de productlancering te versnellen of de marketinginspanningen te verbeteren.&nbsp;<\/p>\n\n\n\n<p><strong>Optimaliseren van marketing- en verkoopstrategie\u00ebn<\/strong><strong><br><\/strong><strong><br><\/strong>Competitieve intelligentie informeert ook marketing- en verkoopstrategie\u00ebn door inzicht te bieden in de prijzen van concurrenten, klantbetrokkenheid en kanaaldistributietactieken. Een top competitief intelligentiebedrijf volgt deze ontwikkelingen, waardoor bedrijven hun marketing- en verkoopstrategie\u00ebn kunnen optimaliseren om te voldoen aan veranderende klantverwachtingen en meer marktaandeel te veroveren.<\/p>\n\n\n\n<h2 class=\"wp-block-heading\">Waarom SIS International het beste concurrentie-informatiebureau voor uw bedrijf is<\/h2>\n\n\n\n<p>Samenwerken met het juiste concurrentie-informatiebureau kan de sleutel zijn tot het verkrijgen van een strategische voorsprong in de markt. <a href=\"https:\/\/www.linkedin.com\/company\/sisinternationalresearch\/\" target=\"_blank\" rel=\"noopener\">SIS Internationaal<\/a>, met zijn uitgebreide ervaring, wereldwijde bereik en superieure marktkennis, is uniek gepositioneerd om bedrijven te helpen navigeren door het competitieve landschap. Dit is waarom SIS International de beste keuze is voor competitieve intelligentie.<\/p>\n\n\n<p>\n\n\n<\/p>\n<h4 class=\"wp-block-heading\" style=\"padding-left: 40px;\"><strong>Aangepast onderzoek en inzichten<\/strong><\/h4>\n<p style=\"padding-left: 40px;\">\n\n\n\n<\/p>\n<p style=\"padding-left: 40px;\"><a href=\"https:\/\/twitter.com\/SISIntlResearch\" target=\"_blank\" rel=\"noopener\">SIS<\/a> biedt op maat gemaakt onderzoek en inzichten om specifieke uitdagingen en kansen aan te pakken. Onze expertise zorgt ervoor dat uw bedrijf relevante en bruikbare informatie ontvangt.<\/p>\n<p style=\"padding-left: 40px;\">\n\n\n\n<\/p>\n<h4 class=\"wp-block-heading\" style=\"padding-left: 40px;\"><strong>Expertise in diverse sectoren<\/strong><\/h4>\n<p style=\"padding-left: 40px;\">\n\n\n\n<\/p>\n<p style=\"padding-left: 40px;\">Onze ervaring beslaat meerdere branches, waaronder technologie, consumptiegoederen, gezondheidszorg en financi\u00ebn. De brede sectorexpertise van SIS International stelt ons in staat om concurrerende informatie te leveren die specifiek is voor de branche en aansluit bij de unieke dynamiek van uw markt.<\/p>\n<p style=\"padding-left: 40px;\">\n\n\n\n<\/p>\n<h4 class=\"wp-block-heading\" style=\"padding-left: 40px;\"><strong>Toewijding aan het succes van de klant<\/strong><\/h4>\n<p style=\"padding-left: 40px;\">\n\n\n\n<\/p>\n<p style=\"padding-left: 40px;\"><a href=\"https:\/\/medium.com\/@sisinternational\/sis-international-c17160da8fac\" target=\"_blank\" rel=\"noopener\">SIS<\/a> is toegewijd aan het succes van onze klanten. Ons team werkt nauw samen met elke klant om ervoor te zorgen dat onze intelligence-oplossingen praktisch en resultaatgericht zijn, en biedt voortdurende ondersteuning om bedrijven te helpen zich aan te passen aan veranderende marktomstandigheden.<\/p>\n<p style=\"padding-left: 40px;\">\n\n\n\n<\/p>\n<h4 class=\"wp-block-heading\" style=\"padding-left: 40px;\"><strong>Uitgebreide wereldwijde ervaring en branche-expertise<\/strong><\/h4>\n<p style=\"padding-left: 40px;\">\n\n\n\n<\/p>\n<p style=\"padding-left: 40px;\">In onze 40+ jaar ervaring heeft SIS International projecten uitgevoerd in meer dan 120 landen, waarbij we enkele van &#039;s werelds grootste en meest invloedrijke bedrijven hebben bediend. Deze uitgebreide wereldwijde ervaring stelt ons in staat om unieke inzichten te bieden in verschillende industrie\u00ebn, waardoor bedrijven weloverwogen beslissingen kunnen nemen en hun concurrenten voor kunnen blijven.<\/p>\n<p style=\"padding-left: 40px;\">\n\n\n\n<\/p>\n<h4 class=\"wp-block-heading\" style=\"padding-left: 40px;\"><strong>Op maat gemaakte oplossingen voor concurrerende positionering<\/strong><\/h4>\n<p style=\"padding-left: 40px;\">\n\n\n\n<\/p>\n<p style=\"padding-left: 40px;\">Bij SIS International begrijpen we dat elk bedrijf uniek is. Onze oplossingen zijn afgestemd op de specifieke uitdagingen en kansen van elke klant. Of het nu gaat om concurrentieanalyse, markttoetredingsstrategie\u00ebn of strategische aanbevelingen, onze diensten zijn ontworpen om uw concurrentiepositie te verbeteren en succes op de lange termijn te garanderen.<\/p>\n<p>\n\n\n<\/p>\n\n\n<h2 class=\"wp-block-heading\">Over SIS Internationaal<\/h2>\n\n\n\n<p><a href=\"https:\/\/www.sisinternational.com\/nl\/\">SIS Internationaal<\/a> biedt kwantitatief, kwalitatief en strategisch onderzoek. Wij bieden data, tools, strategie\u00ebn, rapporten en inzichten voor besluitvorming. Wij voeren ook interviews, enqu\u00eates, focusgroepen en andere marktonderzoeksmethoden en -benaderingen uit.<a href=\"https:\/\/www.sisinternational.com\/nl\/over-sis-internationaal-onderzoek\/contact-sis-international-market-research\/\"> Neem contact met ons op<\/a> voor uw volgende marktonderzoeksproject.<\/p>\n\n\n\n<hr class=\"wp-block-separator has-alpha-channel-opacity\"\/>\n\n\n\n<p><br><\/p>","protected":false},"excerpt":{"rendered":"<p>Top Competitive Intelligence Company Top Competitive Intelligence Company, The key to staying ahead in a competitive market is having the right information at the right time. Businesses today face constant competition and rapid market changes. Competitive intelligence is the solution to staying informed, understanding your competitive landscape, and seizing growth opportunities. A top competitive intelligence &#8230; <a title=\"Top Competitive Intelligence-bedrijf\" class=\"read-more\" href=\"https:\/\/www.sisinternational.com\/nl\/oplossingen\/strategieconsulting\/top-concurrerende-inlichtingenbedrijf\/\" aria-label=\"Lees meer over Top Competitive Intelligence Company\">Lees meer<\/a><\/p>","protected":false},"author":1,"featured_media":67030,"parent":14567,"menu_order":49,"comment_status":"closed","ping_status":"closed","template":"","meta":{"footnotes":""},"class_list":["post-53943","page","type-page","status-publish","has-post-thumbnail"],"_links":{"self":[{"href":"https:\/\/www.sisinternational.com\/nl\/wp-json\/wp\/v2\/pages\/53943","targetHints":{"allow":["GET"]}}],"collection":[{"href":"https:\/\/www.sisinternational.com\/nl\/wp-json\/wp\/v2\/pages"}],"about":[{"href":"https:\/\/www.sisinternational.com\/nl\/wp-json\/wp\/v2\/types\/page"}],"author":[{"embeddable":true,"href":"https:\/\/www.sisinternational.com\/nl\/wp-json\/wp\/v2\/users\/1"}],"replies":[{"embeddable":true,"href":"https:\/\/www.sisinternational.com\/nl\/wp-json\/wp\/v2\/comments?post=53943"}],"version-history":[{"count":13,"href":"https:\/\/www.sisinternational.com\/nl\/wp-json\/wp\/v2\/pages\/53943\/revisions"}],"predecessor-version":[{"id":80304,"href":"https:\/\/www.sisinternational.com\/nl\/wp-json\/wp\/v2\/pages\/53943\/revisions\/80304"}],"up":[{"embeddable":true,"href":"https:\/\/www.sisinternational.com\/nl\/wp-json\/wp\/v2\/pages\/14567"}],"wp:featuredmedia":[{"embeddable":true,"href":"https:\/\/www.sisinternational.com\/nl\/wp-json\/wp\/v2\/media\/67030"}],"wp:attachment":[{"href":"https:\/\/www.sisinternational.com\/nl\/wp-json\/wp\/v2\/media?parent=53943"}],"curies":[{"name":"wp","href":"https:\/\/api.w.org\/{rel}","templated":true}]}}