{"id":53937,"date":"2024-11-07T05:56:29","date_gmt":"2024-11-07T10:56:29","guid":{"rendered":"https:\/\/www.sisinternational.com\/?page_id=53937"},"modified":"2026-03-25T01:02:16","modified_gmt":"2026-03-25T05:02:16","slug":"topbedrijf-voor-de-evaluatie-van-bedrijfsstrategieen","status":"publish","type":"page","link":"https:\/\/www.sisinternational.com\/nl\/oplossingen\/strategieconsulting\/topbedrijf-voor-de-evaluatie-van-bedrijfsstrategieen\/","title":{"rendered":"Topbedrijf voor evaluatie van bedrijfsstrategie"},"content":{"rendered":"<h1 class=\"wp-block-heading\">Topbedrijf voor evaluatie van bedrijfsstrategie<br><\/h1>\n\n\n\n<figure class=\"gb-block-image gb-block-image-c4a5bbe9\"><img decoding=\"async\" class=\"gb-image gb-image-c4a5bbe9\" src=\"https:\/\/www.sisinternational.com\/wp-content\/uploads\/2025\/09\/New-York-11.jpg\" alt=\"SIS Internationaal Marktonderzoek &amp; Strategie\" title=\"New York (11)\"><\/figure>\n\n\n\n<p><\/p>\n\n\n\n<h3 class=\"wp-block-heading\">Door een toonaangevend bureau voor bedrijfsstrategie-evaluatie in te schakelen, kunnen bedrijven zich aanpassen aan marktveranderingen, middelen optimaal benutten en een concurrentievoordeel in hun sector behouden.<\/h3>\n\n\n\n<p><strong><br><\/strong>De effectiviteit van een bedrijfsstrategie kan een bedrijf maken of breken. Door samen te werken met een topbedrijf voor de evaluatie van bedrijfsstrategie\u00ebn, kunt u ervoor zorgen dat uw strategische initiatieven aansluiten bij uw doelen en de basis vormen voor groei op de lange termijn.<\/p>\n\n\n\n<h2 class=\"wp-block-heading\">Wat is een bedrijfsstrategie-evaluatiebureau?<\/h2>\n\n\n\n<p>Een evaluatiebureau voor bedrijfsstrategie\u00ebn is gespecialiseerd in het beoordelen van de effectiviteit van de strategische initiatieven van een bedrijf. Deze bedrijven bieden een objectieve analyse van de vraag of de strategie\u00ebn van een bedrijf aansluiten bij de bedrijfsdoelen, identificeren verbeterpunten en bevelen veranderingen aan om de prestaties te optimaliseren.&nbsp;<\/p>\n\n\n\n<p>Corporate <a href=\"https:\/\/www.sisinternational.com\/nl\/oplossingen\/legal-market-research\/client-retention-strategies-in-law-firms\/\" title=\"Client Retention Strategies in Law Firms\u00a0\u00a0\"  data-wpil-monitor-id=\"922\">strategy evaluation firms<\/a> use data-driven methodologies to analyze the impact of current strategies, focusing on performance metrics and market positioning. They help businesses understand what works well and what is not, providing actionable insights that drive growth and profitability.&nbsp;<\/p>\n\n\n\n<h2 class=\"wp-block-heading\">Waarom uw bedrijf een toonaangevend bedrijf voor bedrijfsstrategie-evaluatie nodig heeft<\/h2>\n\n\n\n<p>Samenwerken met een topbedrijf voor de evaluatie van bedrijfsstrategie\u00ebn helpt u hiaten in uw bestaande strategie\u00ebn te identificeren, zodat u uw aanpak kunt verfijnen voordat problemen escaleren. Deze bedrijven helpen bedrijven ook om veelvoorkomende valkuilen te vermijden door inzichten te bieden op basis van bewezen methodologie\u00ebn en uitgebreide kennis van de sector.<\/p>\n\n\n\n<p>Een belangrijk voordeel van het werken met een strategie-evaluatiebureau is het externe perspectief dat het biedt. Interne teams missen mogelijk de objectiviteit die nodig is om hun eigen strategie\u00ebn kritisch te evalueren. Een onafhankelijke beoordeling van een toonaangevend corporate strategy evaluation bureau zorgt ervoor dat alle aspecten van de strategie van een bedrijf zonder vooroordelen worden onderzocht. Deze aanpak helpt bedrijven zich aan te passen aan veranderende marktomstandigheden, nieuwe kansen te identificeren en hun concurrentiepositie te versterken.<\/p>\n\n\n\n<h2 class=\"wp-block-heading\">Belangrijkste diensten aangeboden door toonaangevende bedrijven voor de evaluatie van bedrijfsstrategie\u00ebn<\/h2>\n\n\n\n<p>Top corporate strategy evaluation firms bieden een breed scala aan diensten die ontworpen zijn om de strategische richting van een bedrijf te verbeteren. Hier is een diepgaande blik op enkele kritieke diensten die worden geleverd:<\/p>\n\n\n\n<ul class=\"wp-block-list\">\n<li><strong>Strategische audits<\/strong>: Een uitgebreide beoordeling van bestaande strategie\u00ebn om hun effectiviteit en afstemming op algemene bedrijfsdoelen te beoordelen. Strategieaudits helpen bedrijven te begrijpen of hun strategische initiatieven hen naar hun gewenste doelen leiden, en identificeren hiaten en verbeterpunten.<\/li>\n\n\n\n<li><strong>Prestatiebeoordelingen<\/strong>: Een evaluatie van de uitkomsten van strategische initiatieven, met de focus op key performance indicators (KPI&#039;s) om succes te meten. Prestatiebeoordelingen zijn essentieel om te bepalen of de huidige strategie de verwachte resultaten oplevert en bedrijfsdoelen behaalt.<\/li>\n\n\n\n<li><strong>Benchmarking van concurrenten<\/strong>: Analyseren hoe de prestaties en strategie\u00ebn van een bedrijf zich verhouden tot die van belangrijke concurrenten. Dit omvat het identificeren van gebieden waar verbeteringen kunnen worden doorgevoerd en het benutten van best practices van leiders in de industrie om een concurrentievoordeel te behalen.<\/li>\n\n\n\n<li><strong>Groeipotentieelanalyse<\/strong>: Marktkansen beoordelen om de meest levensvatbare paden voor bedrijfsuitbreiding en diversificatie te bepalen. Analyse van groeipotentieel helpt nieuwe kansen in de markt te identificeren, waaronder opkomende trends, ongebruikte klantsegmenten en potenti\u00eble partnerschappen die uitbreiding kunnen stimuleren.<\/li>\n\n\n\n<li><strong>Risicobeoordeling en -beperking<\/strong>: Potenti\u00eble risico&#039;s evalueren die samenhangen met bestaande strategie\u00ebn en aanbevelingen doen voor risicobeperking. Door potenti\u00eble valkuilen te begrijpen, kunnen bedrijven proactieve stappen ondernemen om verstoringen te minimaliseren en veerkracht te vergroten.<\/li>\n\n\n\n<li><strong>Optimalisatie van de toewijzing van middelen<\/strong>: De huidige toewijzing van middelen beoordelen om ervoor te zorgen dat ze effici\u00ebnt worden gebruikt. Dit omvat financi\u00eble middelen, personeel en technologie en helpt bedrijven hun activiteiten te optimaliseren om strategische doelen effectiever te bereiken.<\/li>\n\n\n\n<li><strong>Markttoetredingsstrategie<\/strong>: Voor bedrijven die willen uitbreiden naar nieuwe markten, kunnen corporate strategy evaluation firms helpen bij het ontwikkelen en implementeren van effectieve markttoetredingsstrategie\u00ebn. Dit omvat het beoordelen van marktomstandigheden en wettelijke vereisten en het identificeren van de beste toetredingsmethode, zoals joint ventures, partnerschappen of directe investeringen.<\/li>\n<\/ul>\n\n\n\n<h2 class=\"wp-block-heading\">Wat onderscheidt de beste bedrijven die bedrijfsstrategie evalueren?<\/h2>\n\n\n\n<p>Een toonaangevend bedrijf voor de evaluatie van bedrijfsstrategie\u00ebn zoals SIS International onderscheidt zich door zijn gespecialiseerde kennis van de sector, datagedreven inzichten en bewezen methodologie\u00ebn. Zijn diepgaande begrip van verschillende sectoren stelt het in staat om op maat gemaakte aanbevelingen te doen die aansluiten bij de unieke uitdagingen en kansen van elke sector.<\/p>\n\n\n\n<p>Deze bedrijven gebruiken ook geavanceerde analytische tools en frameworks om strategie\u00ebn te evalueren. Het benutten van geavanceerde data-analyse biedt bruikbare en gefundeerde inzichten in empirisch bewijs. Deze datagedreven aanpak zorgt ervoor dat aanbevelingen strategisch maar ook realistisch en haalbaar zijn, waardoor bedrijven de beste kans op succes hebben.<\/p>\n\n\n\n<figure class=\"gb-block-image gb-block-image-c4f3f178\"><img loading=\"lazy\" decoding=\"async\" width=\"1456\" height=\"816\" class=\"gb-image gb-image-c4f3f178\" src=\"https:\/\/www.sisinternational.com\/wp-content\/uploads\/2025\/08\/Business-17.jpg\" alt=\"SIS Internationaal Marktonderzoek &amp; Strategie\" title=\"Business (17)\" srcset=\"https:\/\/www.sisinternational.com\/wp-content\/uploads\/2025\/08\/Business-17.jpg 1456w, https:\/\/www.sisinternational.com\/wp-content\/uploads\/2025\/08\/Business-17-300x168.jpg 300w, https:\/\/www.sisinternational.com\/wp-content\/uploads\/2025\/08\/Business-17-1024x574.jpg 1024w, https:\/\/www.sisinternational.com\/wp-content\/uploads\/2025\/08\/Business-17-768x430.jpg 768w, https:\/\/www.sisinternational.com\/wp-content\/uploads\/2025\/08\/Business-17-18x10.jpg 18w\" sizes=\"auto, (max-width: 1456px) 100vw, 1456px\"><\/figure>\n\n\n\n<p><\/p>\n\n\n\n<h2 class=\"wp-block-heading\">Hoe een toonaangevend bedrijf voor de evaluatie van bedrijfsstrategie\u00ebn waarde toevoegt<\/h2>\n\n\n\n<p>Een topbedrijf voor de evaluatie van bedrijfsstrategie\u00ebn levert organisaties aanzienlijke waarde door een objectieve, datagestuurde beoordeling van hun strategische richting te bieden. Door middel van deskundige analyses en op maat gemaakte aanbevelingen stellen deze bedrijven bedrijven in staat om sterke punten te identificeren, verbeterpunten te ontdekken en te profiteren van groeikansen.<\/p>\n\n\n\n<p><\/p>\n\n\n\n<p><strong>Onpartijdige analyse voor objectieve besluitvorming<\/strong><strong><br><\/strong>Een van de belangrijkste voordelen van het werken met een topbedrijf voor de evaluatie van bedrijfsstrategie\u00ebn is het objectieve perspectief dat ze bieden. Interne evaluaties kunnen onbedoeld worden be\u00efnvloed door vooroordelen of organisatorische silo&#039;s, wat strategische besluitvorming kan vertroebelen. Een extern bedrijf beoordeelt objectief de strategie van een bedrijf en zorgt ervoor dat beslissingen uitsluitend op gegevens, markttrends en prestatiemetingen zijn gebaseerd.&nbsp;<\/p>\n\n\n\n<p><strong>Toegang tot gespecialiseerde tools en analytische frameworks<\/strong><strong><br><\/strong>Topbedrijven voor de evaluatie van bedrijfsstrategie\u00ebn gebruiken geavanceerde tools en frameworks, zoals SWOT-analyse, balanced scorecards en scenarioplanning, om strategische effectiviteit te analyseren en meten. Deze bedrijven passen bewezen methodologie\u00ebn toe om bruikbare inzichten te onthullen, waardoor bedrijven prestaties kunnen benchmarken, voortgang naar doelen kunnen meten en tactieken kunnen aanpassen op basis van uitgebreide analyses.&nbsp;<\/p>\n\n\n\n<p><strong>Branche-expertise en marktinzicht<\/strong><strong><br><\/strong>Een topbedrijf voor de evaluatie van bedrijfsstrategie\u00ebn brengt diepgaande branchekennis mee, die inzicht biedt in marktdynamiek, strategie\u00ebn van concurrenten en opkomende trends. Deze branchekennis stelt het bedrijf in staat de prestaties van een bedrijf te vergelijken met best practices en nieuwe kansen voor differentiatie te identificeren.&nbsp;<\/p>\n\n\n\n<p><strong>Identificatie van groeimogelijkheden en risicobeperking<\/strong><strong><br><\/strong>Effectieve strategie-evaluatie beoordeelt de huidige prestaties en identificeert toekomstige groeimogelijkheden en potenti\u00eble risico&#039;s. Gespecialiseerde bedrijven zoals SIS evalueren de haalbaarheid van het betreden van nieuwe markten, het diversifi\u00ebren van productaanbiedingen of het verbeteren van operationele effici\u00ebntie. Tegelijkertijd analyseren ze risicofactoren die van invloed kunnen zijn op succes op de lange termijn, zoals regelgevende uitdagingen of verschuivingen in de vraag van klanten.&nbsp;<\/p>\n\n\n\n<p><strong>Verbeterde strategische afstemming en verantwoording<\/strong><strong><br><\/strong>Samenwerken met een deskundig bedrijf zorgt ervoor dat de strategische doelstellingen van een bedrijf nauw aansluiten bij de dagelijkse activiteiten, wat een cultuur van verantwoording op alle niveaus bevordert. Een topbedrijf voor de evaluatie van bedrijfsstrategie\u00ebn kan helpen bij het stellen van duidelijke, meetbare doelen die gekoppeld zijn aan individuele en afdelings-KPI&#039;s, zodat iedereen binnen de organisatie op \u00e9\u00e9n lijn zit met de overkoepelende visie van het bedrijf.&nbsp;<\/p>\n\n\n\n<h2 class=\"wp-block-heading\">Hoe kiest u het beste bedrijf voor de evaluatie van bedrijfsstrategie\u00ebn?<\/h2>\n\n\n\n<p>Choosing the right corporate <a href=\"https:\/\/www.sisinternational.com\/nl\/sociale-media-in-het-kleinbedrijf\/\" title=\"Sociale mediastrategie\u00ebn voor kleine bedrijven\"  data-wpil-monitor-id=\"2230\">strategy evaluation firm<\/a> is a critical decision that can impact your business. Here are some key factors to consider:<\/p>\n\n\n\n<p><\/p>\n\n\n\n<figure class=\"gb-block-image gb-block-image-62530ce5\"><img loading=\"lazy\" decoding=\"async\" width=\"1456\" height=\"816\" class=\"gb-image gb-image-62530ce5\" src=\"https:\/\/www.sisinternational.com\/wp-content\/uploads\/2025\/09\/New-York-9.jpg\" alt=\"SIS Internationaal Marktonderzoek &amp; Strategie\" title=\"New York (9)\" srcset=\"https:\/\/www.sisinternational.com\/wp-content\/uploads\/2025\/09\/New-York-9.jpg 1456w, https:\/\/www.sisinternational.com\/wp-content\/uploads\/2025\/09\/New-York-9-300x168.jpg 300w, https:\/\/www.sisinternational.com\/wp-content\/uploads\/2025\/09\/New-York-9-1024x574.jpg 1024w, https:\/\/www.sisinternational.com\/wp-content\/uploads\/2025\/09\/New-York-9-768x430.jpg 768w, https:\/\/www.sisinternational.com\/wp-content\/uploads\/2025\/09\/New-York-9-18x10.jpg 18w\" sizes=\"auto, (max-width: 1456px) 100vw, 1456px\"><\/figure>\n\n\n\n<p><\/p>\n\n\n\n<ul class=\"wp-block-list\">\n<li><strong>Ervaring<\/strong>: Zoek een bedrijf met uitgebreide ervaring in uw branche. Hun kennis van het marktlandschap stelt hen in staat om relevantere en praktischere aanbevelingen te doen.<\/li>\n\n\n\n<li><strong>Getuigenissen van klanten<\/strong>: Getuigenissen en succesverhalen van klanten kunnen waardevolle inzichten bieden in de capaciteiten van het bedrijf en de resultaten die het voor andere bedrijven heeft behaald.<\/li>\n\n\n\n<li><strong>Branche-expertise<\/strong>Topbedrijven beschikken over gespecialiseerde expertise in verschillende sectoren, waardoor ze op maat gemaakte aanbevelingen kunnen doen die aansluiten bij de behoeften van uw sector.<\/li>\n\n\n\n<li><strong>Aangepaste serviceaanbiedingen<\/strong>:De beste bureaus voor het evalueren van bedrijfsstrategie\u00ebn bieden op maat gemaakte oplossingen, omdat ze erkennen dat elk bedrijf uniek is en een aanpak op maat vereist.<\/li>\n<\/ul>\n\n\n\n<h2 class=\"wp-block-heading\">Waarom SIS International het beste bedrijf is voor de evaluatie van bedrijfsstrategie\u00ebn voor uw bedrijf<\/h2>\n\n\n\n<p>Het kan een uitdaging zijn om de juiste partner te vinden die u kan helpen bij het evalueren en verfijnen van uw bedrijfsstrategie\u00ebn in een drukke markt. <a href=\"https:\/\/www.linkedin.com\/company\/sisinternationalresearch\/\" target=\"_blank\" rel=\"noopener\">SIS Internationaal<\/a> onderscheidt zich als het beste bureau voor de evaluatie van bedrijfsstrategie\u00ebn vanwege de unieke aanpak die diepgaande kennis van de sector, betaalbare oplossingen op maat en uitgebreide marktinzichten combineert.&nbsp;<\/p>\n\n\n<p>\n\n\n<\/p>\n<h4 class=\"wp-block-heading\" style=\"padding-left: 40px;\"><strong>Uitgebreide ervaring en kennis van de sector<\/strong><\/h4>\n<p style=\"padding-left: 40px;\">\n\n\n\n<\/p>\n<p style=\"padding-left: 40px;\">Bij <a href=\"https:\/\/twitter.com\/SISIntlResearch\" target=\"_blank\" rel=\"noopener\">SIS<\/a>, we brengen tientallen jaren ervaring mee in diverse branches. Ons team van experts heeft een diepgaand begrip van diverse sectoren, waardoor we zeer relevante inzichten kunnen bieden in uw zakelijke behoeften.\u00a0<\/p>\n<p style=\"padding-left: 40px;\">\n\n\n\n<\/p>\n<h4 class=\"wp-block-heading\" style=\"padding-left: 40px;\"><strong>Betaalbare en op maat gemaakte oplossingen<\/strong><\/h4>\n<p style=\"padding-left: 40px;\">\n\n\n\n<\/p>\n<p style=\"padding-left: 40px;\">SIS International biedt op maat gemaakte oplossingen die betaalbaar zijn zonder in te leveren op kwaliteit. Onze prijsmodellen zijn transparant en onze services zijn ontworpen om binnen uw budget te passen en tegelijkertijd maximale waarde te leveren. We werken nauw met u samen om effectieve en financieel haalbare strategie\u00ebn te ontwikkelen, waarmee u uw bedrijfsdoelstellingen kunt bereiken zonder uw middelen te overbelasten.<\/p>\n<p style=\"padding-left: 40px;\">\n\n\n\n<\/p>\n<h4 class=\"wp-block-heading\" style=\"padding-left: 40px;\"><strong>Uitgebreide marktinzichten<\/strong><\/h4>\n<p style=\"padding-left: 40px;\">\n\n\n\n<\/p>\n<p style=\"padding-left: 40px;\">Wij maken gebruik van geavanceerde data-analyses en diepgaand onderzoek om u een duidelijk inzicht te geven in uw marktpositie. Door markttrends, consumentengedrag en activiteiten van concurrenten te analyseren, helpen wij u weloverwogen beslissingen te nemen die uw strategische richting verbeteren.\u00a0<\/p>\n<p style=\"padding-left: 40px;\">\n\n\n\n<\/p>\n<h4 class=\"wp-block-heading\" style=\"padding-left: 40px;\"><strong>Bewezen methodologie\u00ebn voor strategisch succes<\/strong><\/h4>\n<p style=\"padding-left: 40px;\">\n\n\n\n<\/p>\n<p style=\"padding-left: 40px;\">SIS International maakt gebruik van bewezen methodologie\u00ebn die zijn verfijnd door jarenlange ervaring. Onze strategieaudits, prestatiebeoordelingen en analyses van groeipotentieel zijn ontworpen om bruikbare inzichten te bieden die leiden tot meetbare verbeteringen.\u00a0<\/p>\n<p style=\"padding-left: 40px;\">\n\n\n\n<\/p>\n<h4 class=\"wp-block-heading\" style=\"padding-left: 40px;\"><strong>Klantgerichte aanpak<\/strong><\/h4>\n<p style=\"padding-left: 40px;\">\n\n\n\n<\/p>\n<p style=\"padding-left: 40px;\">Bij SIS International hanteren we een klantgerichte aanpak, waarbij we ervoor zorgen dat alle aanbevelingen aansluiten bij uw unieke zakelijke behoeften. We erkennen dat geen twee bedrijven hetzelfde zijn en onze oplossingen zijn afgestemd op uw specifieke uitdagingen en kansen. We werken nauw samen met uw team om praktische, uitvoerbare en ontworpen strategie\u00ebn te ontwikkelen om succes te stimuleren.<\/p>\n<p style=\"padding-left: 40px;\">\n\n\n\n<\/p>\n<h4 class=\"wp-block-heading\" style=\"padding-left: 40px;\"><strong>Langdurige ondersteuning en partnerschap<\/strong><\/h4>\n<p style=\"padding-left: 40px;\">\n\n\n\n<\/p>\n<p style=\"padding-left: 40px;\"><a href=\"https:\/\/medium.com\/@sisinternational\/sis-international-c17160da8fac\" target=\"_blank\" rel=\"noopener\">SIS<\/a> biedt voortdurende ondersteuning om ervoor te zorgen dat uw bedrijfsstrategie\u00ebn effectief en aanpasbaar blijven aan veranderende marktdynamieken. We begrijpen dat de zakelijke omgeving voortdurend verandert en we zijn toegewijd om u te helpen navigeren door deze veranderingen. Onze aanpak van langetermijnpartnerschap betekent dat we altijd beschikbaar zijn om begeleiding te bieden, aanpassingen te maken en ervoor te zorgen dat uw strategie\u00ebn resultaten blijven opleveren.\u00a0<\/p>\n<p>\n\n\n<\/p>\n\n\n<h2 class=\"wp-block-heading\">Over SIS Internationaal<\/h2>\n\n\n\n<p><a href=\"https:\/\/www.sisinternational.com\/nl\/\">SIS Internationaal<\/a> biedt kwantitatief, kwalitatief en strategisch onderzoek. Wij bieden data, tools, strategie\u00ebn, rapporten en inzichten voor besluitvorming. Wij voeren ook interviews, enqu\u00eates, focusgroepen en andere marktonderzoeksmethoden en -benaderingen uit.<a href=\"https:\/\/www.sisinternational.com\/nl\/over-sis-internationaal-onderzoek\/contact-sis-international-market-research\/\"> Neem contact met ons op<\/a> voor uw volgende marktonderzoeksproject.<\/p>\n\n\n\n<p><br><\/p>\n\n\n\n<p><\/p>","protected":false},"excerpt":{"rendered":"<p>Top Corporate Strategy Evaluation Firm Engaging a top corporate strategy evaluation firm helps businesses adapt to market changes, optimize resources, and maintain a competitive edge in their industry. The effectiveness of a corporate strategy can make or break a business. By working with a top corporate strategy evaluation firm, you can ensure that your strategic &#8230; <a title=\"Topbedrijf voor evaluatie van bedrijfsstrategie\" class=\"read-more\" href=\"https:\/\/www.sisinternational.com\/nl\/oplossingen\/strategieconsulting\/topbedrijf-voor-de-evaluatie-van-bedrijfsstrategieen\/\" aria-label=\"Lees meer over Top Corporate Strategy Evaluation Firm\">Lees meer<\/a><\/p>","protected":false},"author":1,"featured_media":66478,"parent":14567,"menu_order":46,"comment_status":"closed","ping_status":"closed","template":"","meta":{"footnotes":""},"class_list":["post-53937","page","type-page","status-publish","has-post-thumbnail"],"_links":{"self":[{"href":"https:\/\/www.sisinternational.com\/nl\/wp-json\/wp\/v2\/pages\/53937","targetHints":{"allow":["GET"]}}],"collection":[{"href":"https:\/\/www.sisinternational.com\/nl\/wp-json\/wp\/v2\/pages"}],"about":[{"href":"https:\/\/www.sisinternational.com\/nl\/wp-json\/wp\/v2\/types\/page"}],"author":[{"embeddable":true,"href":"https:\/\/www.sisinternational.com\/nl\/wp-json\/wp\/v2\/users\/1"}],"replies":[{"embeddable":true,"href":"https:\/\/www.sisinternational.com\/nl\/wp-json\/wp\/v2\/comments?post=53937"}],"version-history":[{"count":10,"href":"https:\/\/www.sisinternational.com\/nl\/wp-json\/wp\/v2\/pages\/53937\/revisions"}],"predecessor-version":[{"id":76590,"href":"https:\/\/www.sisinternational.com\/nl\/wp-json\/wp\/v2\/pages\/53937\/revisions\/76590"}],"up":[{"embeddable":true,"href":"https:\/\/www.sisinternational.com\/nl\/wp-json\/wp\/v2\/pages\/14567"}],"wp:featuredmedia":[{"embeddable":true,"href":"https:\/\/www.sisinternational.com\/nl\/wp-json\/wp\/v2\/media\/66478"}],"wp:attachment":[{"href":"https:\/\/www.sisinternational.com\/nl\/wp-json\/wp\/v2\/media?parent=53937"}],"curies":[{"name":"wp","href":"https:\/\/api.w.org\/{rel}","templated":true}]}}