{"id":41580,"date":"2023-02-14T18:37:15","date_gmt":"2023-02-14T18:37:15","guid":{"rendered":"https:\/\/www.sisinternational.com\/?page_id=41580"},"modified":"2026-01-24T18:46:26","modified_gmt":"2026-01-24T23:46:26","slug":"marktonderzoek-voor-kleine-en-middelgrote-ondernemingen","status":"publish","type":"page","link":"https:\/\/www.sisinternational.com\/nl\/expertise\/marktonderzoek-voor-kleine-en-middelgrote-ondernemingen\/","title":{"rendered":"Marktonderzoek voor kleine en middelgrote ondernemingen"},"content":{"rendered":"<h1 class=\"wp-block-heading p1\">Marktonderzoek voor kleine en middelgrote ondernemingen<\/h1>\n\n\n\n<figure class=\"gb-block-image gb-block-image-e70ed3cd\"><img loading=\"lazy\" decoding=\"async\" width=\"1456\" height=\"816\" class=\"gb-image gb-image-e70ed3cd\" src=\"https:\/\/www.sisinternational.com\/wp-content\/uploads\/2025\/08\/Small-and-Medium-Enterprise-7.jpg\" alt=\"SIS Internationaal Marktonderzoek &amp; Strategie\" title=\"Small and Medium Enterprise (7)\" srcset=\"https:\/\/www.sisinternational.com\/wp-content\/uploads\/2025\/08\/Small-and-Medium-Enterprise-7.jpg 1456w, https:\/\/www.sisinternational.com\/wp-content\/uploads\/2025\/08\/Small-and-Medium-Enterprise-7-300x168.jpg 300w, https:\/\/www.sisinternational.com\/wp-content\/uploads\/2025\/08\/Small-and-Medium-Enterprise-7-1024x574.jpg 1024w, https:\/\/www.sisinternational.com\/wp-content\/uploads\/2025\/08\/Small-and-Medium-Enterprise-7-768x430.jpg 768w, https:\/\/www.sisinternational.com\/wp-content\/uploads\/2025\/08\/Small-and-Medium-Enterprise-7-18x10.jpg 18w\" sizes=\"auto, (max-width: 1456px) 100vw, 1456px\"><\/figure>\n\n\n\n<p><\/p>\n\n\n\n<p class=\"p3\">Kleine en middelgrote ondernemingen zijn de motor van veel economie\u00ebn en hebben een aanzienlijke impact op de economische expansie. Om concurrerend te blijven in de voortdurend veranderende markt, moeten kleine en middelgrote ondernemingen hun klanten, concurrentie en industri\u00eble tendensen volledig begrijpen.<span class=\"Apple-converted-space\">&nbsp;<\/span><\/p>\n\n\n\n<p class=\"p4\">Daarom biedt marktonderzoek voor kleine en middelgrote ondernemingen een platform voor bedrijven om cruciale gegevens en kennis te verkrijgen die zij kunnen gebruiken bij hun besluitvorming en om succesvolle plannen voor hun groei te bedenken.<\/p>\n\n\n\n<h2 class=\"wp-block-heading p5\">Belang en voordelen van marktonderzoek voor kleine en middelgrote ondernemingen voor de besluitvorming van bedrijven<\/h2>\n\n\n\n<p class=\"p3\">Conducting small and medium enterprise market research is a vital step to understanding their customers, industry, and competitors. It enables companies to gain <a href=\"https:\/\/www.sisinternational.com\/nl\/oplossingen\/customer-insights\/\" title=\"Klantinzichten\"  data-wpil-monitor-id=\"8223\">insights into customer<\/a> needs and preferences, recognize market opportunities, assess the competition, and uncover potential for growth.<span class=\"Apple-converted-space\">&nbsp;<\/span><\/p>\n\n\n\n<p class=\"p3\">It is of paramount importance to be aware of the limited resources, high operational costs, and changing customer needs that small and medium enterprises face \u2013 through market research, they can make informed decisions and <a href=\"https:\/\/www.sisinternational.com\/nl\/oplossingen\/strategieconsulting\/strategy-development-execution-consulting\/\" title=\"Strategieontwikkeling en uitvoeringsadvies\"  data-wpil-monitor-id=\"8221\">develop effective strategies<\/a> to manage these challenges.<\/p>\n\n\n\n<h3 class=\"wp-block-heading p3\">Enkele van de belangrijkste voordelen van marktonderzoek voor kleine en middelgrote ondernemingen bij het nemen van zakelijke beslissingen zijn de volgende:<\/h3>\n\n\n\n<figure class=\"gb-block-image gb-block-image-9b965e78\"><img loading=\"lazy\" decoding=\"async\" width=\"1456\" height=\"816\" class=\"gb-image gb-image-9b965e78\" src=\"https:\/\/www.sisinternational.com\/wp-content\/uploads\/2025\/08\/Small-and-Medium-Enterprise-3.jpg\" alt=\"SIS Internationaal Marktonderzoek &amp; Strategie\" title=\"Small and Medium Enterprise (3)\" srcset=\"https:\/\/www.sisinternational.com\/wp-content\/uploads\/2025\/08\/Small-and-Medium-Enterprise-3.jpg 1456w, https:\/\/www.sisinternational.com\/wp-content\/uploads\/2025\/08\/Small-and-Medium-Enterprise-3-300x168.jpg 300w, https:\/\/www.sisinternational.com\/wp-content\/uploads\/2025\/08\/Small-and-Medium-Enterprise-3-1024x574.jpg 1024w, https:\/\/www.sisinternational.com\/wp-content\/uploads\/2025\/08\/Small-and-Medium-Enterprise-3-768x430.jpg 768w, https:\/\/www.sisinternational.com\/wp-content\/uploads\/2025\/08\/Small-and-Medium-Enterprise-3-18x10.jpg 18w\" sizes=\"auto, (max-width: 1456px) 100vw, 1456px\"><\/figure>\n\n\n\n<ul class=\"wp-block-list\">\n<li>Bedrijven kunnen de behoeften, voorkeuren en het gedrag van klanten begrijpen. Met deze gegevens kunnen kleine en middelgrote bedrijven hun producten en diensten afstemmen op de behoeften van de klant en effectieve marketingtactieken cre\u00ebren om hun doelmarkt te bereiken.<\/li>\n\n\n\n<li>By conducting small and medium enterprise market research, organizations can gain valuable insights into potential business opportunities. Through leveraging emerging trends, exploring untapped customer segments, and evaluating potential partnerships, they can <a href=\"https:\/\/www.sisinternational.com\/nl\/expertise\/industrieen\/restaurant-food-menu-optimization-market-research\/\" title=\"Marktonderzoek naar optimalisatie van restaurant- en voedselmenu&#039;s\"  data-wpil-monitor-id=\"8222\">optimize their market<\/a> share and drive sustained growth.<\/li>\n\n\n\n<li>Enterprises can leverage small and medium enterprise market research to gain insights into the competitive landscape, and understand their own competitive advantages and disadvantages compared to other players. With this knowledge, small and <a href=\"https:\/\/www.sisinternational.com\/nl\/large-scale-research-for-small-companies\/\" title=\"Large-scale Research for Small Companies\"  data-wpil-monitor-id=\"2331\">medium companies can create and execute strategies<\/a> to differentiate themselves and effectively position themselves in a crowded market.<\/li>\n\n\n\n<li>Kleine en middelgrote ondernemingen kunnen marktonderzoek inzetten om inzicht te krijgen van klanten in de prestaties van hun producten en diensten. Via deze gegevens kunnen ze verbeterpunten ontdekken en hun aanbod updaten om beter te voldoen aan de verwachtingen van klanten.<\/li>\n\n\n\n<li>Met marktonderzoek voor kleine en middelgrote ondernemingen kunnen bedrijven beslissingen nemen op basis van feitelijke gegevens. Hierdoor vergroten ze hun kans op succes en toekomstige groei.<\/li>\n<\/ul>\n\n\n\n<h2 class=\"wp-block-heading p5\">Beste praktijken en doelstellingen van marktonderzoek voor kleine en middelgrote ondernemingen<\/h2>\n\n\n\n<p class=\"p3\">Om een succesvol marktonderzoek te cre\u00ebren, is het noodzakelijk om een duidelijk onderzoeksprobleem te cre\u00ebren dat aansluit bij de bedrijfsdoelen. Bepaal vervolgens de meest geschikte onderzoeksmethode (enqu\u00eates, focusgroepen, interviews, enzovoort) en de doelpopulatie en steekproefomvang.<\/p>\n\n\n\n<p class=\"p3\">This approach allows consulting firms to <a href=\"https:\/\/www.sisinternational.com\/nl\/dekking\/europa\/market-research-liverpool-uk\/\" title=\"Marktonderzoek in Liverpool | Focusgroepen en gegevensverzameling in het VK\"  data-wpil-monitor-id=\"8210\">collect the required data<\/a> and draw conclusions based on facts. On the other hand, small and medium enterprises often leverage market research to reach their goals <span class=\"s1\">\u2013<b> <\/b><\/span>en hun meest voorkomende doelen zijn:<\/p>\n\n\n\n<ul class=\"wp-block-list\">\n<li>Zorg dat u de behoeften en voorkeuren van uw klanten goed begrijpt, zodat u producten en diensten kunt ontwikkelen die aan hun verwachtingen voldoen.<\/li>\n\n\n\n<li>Identify and <a href=\"https:\/\/www.sisinternational.com\/nl\/dekking\/marktonderzoek-azie\/asia-market-opportunities-assessments\/\" title=\"Beoordelingen van kansen op de Aziatische markt\"  data-wpil-monitor-id=\"8207\">assess potential market opportunities<\/a> to remain competitive and expand their operations.<\/li>\n\n\n\n<li>Verkrijg een concurrentievoordeel door gegevens te verzamelen die waardevolle inzichten bieden in de sterke en zwakke punten van uw concurrenten. Zo kunnen kleine en middelgrote ondernemingen het concurrentielandschap beoordelen en potenti\u00eble kansen effectief identificeren.<\/li>\n\n\n\n<li>Beoordeel de prestaties van hun producten en diensten om mogelijke verbeterpunten te identificeren en hun aanbod te verfijnen om beter aan de behoeften van de klant te voldoen.<\/li>\n<\/ul>\n\n\n\n<h2 class=\"wp-block-heading p5\">Kansen voor marktonderzoek voor kleine en middelgrote ondernemingen<\/h2>\n\n\n\n<ul class=\"wp-block-list\">\n<li>Businesses can benefit from small and medium enterprise market research to identify untapped market segments. By gaining an understanding of the distinct needs and preferences of various consumer segments, companies can craft their <a href=\"https:\/\/www.sisinternational.com\/nl\/oplossingen\/focusgroep-marktonderzoek\/\" title=\"Focusgroep Marktonderzoek\"  data-wpil-monitor-id=\"8213\">marketing plans to target specific groups<\/a> effectively.<\/li>\n\n\n\n<li>Het uitvoeren van marktonderzoek is een essentieel onderdeel van het introduceren van nieuwe producten of diensten. Het stelt kleine en middelgrote ondernemingen in staat om potenti\u00eble prospects voor nieuwe producten te detecteren. Door de wensen van consumenten te analyseren, kunnen bedrijven artikelen of diensten produceren die nauwkeurig voldoen aan de eisen van hun doelgroep. Marktonderzoek kan bedrijven waardevolle inzichten bieden in klanttevredenheid. Door feedback van klanten te verzamelen, kunnen bedrijven verbetermogelijkheden identificeren en aanpassingen maken aan hun producten, diensten of klantenservicepraktijken om beter aan te sluiten op de behoeften van hun klanten.<\/li>\n\n\n\n<li>Het uitvoeren van marktonderzoek voor kleine en middelgrote ondernemingen levert een goed beeld op van het concurrentielandschap. Het helpt organisaties zich te onderscheiden en plannen te bedenken om een voorsprong te krijgen op de markt.<\/li>\n\n\n\n<li>Bedrijven kunnen risico&#039;s beperken door marktonderzoek te gebruiken om op de hoogte te blijven van de huidige markttrends en consumentenvoorkeuren.<span class=\"Apple-converted-space\">\u00a0<\/span><\/li>\n<\/ul>\n\n\n\n<h2 class=\"wp-block-heading p5\">Uitdagingen en beperkingen van marktonderzoek voor kleine en middelgrote ondernemingen<\/h2>\n\n\n\n<figure class=\"gb-block-image gb-block-image-ce1b03a0\"><img loading=\"lazy\" decoding=\"async\" width=\"1456\" height=\"816\" class=\"gb-image gb-image-ce1b03a0\" src=\"https:\/\/www.sisinternational.com\/wp-content\/uploads\/2025\/08\/Small-and-Medium-Enterprise-2.jpg\" alt=\"SIS Internationaal Marktonderzoek &amp; Strategie\" title=\"Small and Medium Enterprise (2)\" srcset=\"https:\/\/www.sisinternational.com\/wp-content\/uploads\/2025\/08\/Small-and-Medium-Enterprise-2.jpg 1456w, https:\/\/www.sisinternational.com\/wp-content\/uploads\/2025\/08\/Small-and-Medium-Enterprise-2-300x168.jpg 300w, https:\/\/www.sisinternational.com\/wp-content\/uploads\/2025\/08\/Small-and-Medium-Enterprise-2-1024x574.jpg 1024w, https:\/\/www.sisinternational.com\/wp-content\/uploads\/2025\/08\/Small-and-Medium-Enterprise-2-768x430.jpg 768w, https:\/\/www.sisinternational.com\/wp-content\/uploads\/2025\/08\/Small-and-Medium-Enterprise-2-18x10.jpg 18w\" sizes=\"auto, (max-width: 1456px) 100vw, 1456px\"><\/figure>\n\n\n\n<ul class=\"wp-block-list ul1\">\n<li>Kleine en middelgrote ondernemingen hebben vaak te maken met beperkte middelen, waardoor ze niet in staat zijn om uitgebreid marktonderzoek uit te voeren.<\/li>\n\n\n\n<li>Kleine en middelgrote bedrijven beschikken mogelijk niet over dezelfde expertise en kennis van marktonderzoek als grote organisaties.<\/li>\n\n\n\n<li>Bedrijven beschikken mogelijk niet over dezelfde financi\u00eble middelen als grotere ondernemingen om aan marktonderzoek te besteden.<\/li>\n\n\n\n<li>Omdat de steekproefomvang te klein kan zijn, kan het voor kleine en middelgrote ondernemingen lastig zijn om statistisch significante resultaten te verkrijgen.<\/li>\n\n\n\n<li>Small enterprises may find it difficult to compete with larger companies that possess greater <a href=\"https:\/\/www.sisinternational.com\/nl\/expertise\/industrieen\/natural-resources-market-research\/\" title=\"Marktonderzoek naar natuurlijke hulpbronnen\"  data-wpil-monitor-id=\"8217\">resources and information for market<\/a> analysis.<\/li>\n<\/ul>\n\n\n\n<h2 class=\"wp-block-heading p5\">Toekomstige trends en overwegingen voor marktonderzoek voor kleine en middelgrote ondernemingen<\/h2>\n\n\n\n<ul class=\"wp-block-list\">\n<li>Naarmate de wereldeconomie evolueert, groeit het belang van kleine en middelgrote ondernemingen. Om concurrerend te blijven, moeten bedrijven daarom toegang hebben tot nauwkeurig marktonderzoek om hen te helpen weloverwogen beslissingen te nemen. Gezien dit zal de vraag naar marktonderzoek voor kleine en middelgrote ondernemingen waarschijnlijk toenemen.<\/li>\n\n\n\n<li>De opkomst van big data en analyseoplossingen heeft de deur geopend voor kleine en middelgrote ondernemingen om toegang te krijgen tot uitgebreidere marktonderzoekstechnieken. Deze tools kunnen bedrijven voorzien van beter inzicht in de tendensen, voorkeuren en koopgedragingen van klanten.<\/li>\n\n\n\n<li>Naarmate de concurrentie op de markt toeneemt, zijn kleine en middelgrote ondernemingen zich bewust geworden van de voordelen van samenwerking met elkaar. Deze bedrijven kunnen hun middelen en expertise bundelen om marktonderzoek te doen en een uitgebreider inzicht te krijgen in hun klanten en de markt.<\/li>\n\n\n\n<li>Strategically-directed small and medium enterprise market research can provide businesses with the valuable insights they need to identify and capitalize on customer preferences, behaviors, and conversations on social media. By leveraging these insights, companies can effectively tailor their <a href=\"https:\/\/www.sisinternational.com\/nl\/expertise\/industrieen\/food-beverage-voice-of-the-customer-market-research\/\" title=\"Marktonderzoek naar de stem van de klant in de voedings- en drankensector\"  data-wpil-monitor-id=\"8220\">marketing campaigns for greater customer<\/a> engagement.<\/li>\n\n\n\n<li>Kunstmatige intelligentie (AI) en machine learning (ML) kunnen de productiviteit van kleine en middelgrote ondernemingen verhogen en ze concurrerender maken. Als gevolg hiervan wordt verwacht dat zelfs kleine bedrijven AI en ML zullen gebruiken om de productiviteit te verhogen en hun activiteiten uit te breiden.<\/li>\n<\/ul>\n\n\n\n<p class=\"p3\">SIS International biedt kwantitatief, kwalitatief en strategisch onderzoek. Wij leveren data, tools, strategie\u00ebn, rapporten en inzichten voor besluitvorming. Wij voeren interviews, enqu\u00eates, focusgroepen en vele andere marktonderzoeksmethoden en -benaderingen uit. Neem contact met ons op voor uw volgende marktonderzoeksproject.<\/p>","protected":false},"excerpt":{"rendered":"<p>Het uitvoeren van marktonderzoek voor kleine en middelgrote ondernemingen is een belangrijke stap om hun klanten, sector en concurrenten te begrijpen.<\/p>","protected":false},"author":1,"featured_media":64551,"parent":14514,"menu_order":187,"comment_status":"closed","ping_status":"closed","template":"","meta":{"footnotes":""},"class_list":["post-41580","page","type-page","status-publish","has-post-thumbnail"],"_links":{"self":[{"href":"https:\/\/www.sisinternational.com\/nl\/wp-json\/wp\/v2\/pages\/41580","targetHints":{"allow":["GET"]}}],"collection":[{"href":"https:\/\/www.sisinternational.com\/nl\/wp-json\/wp\/v2\/pages"}],"about":[{"href":"https:\/\/www.sisinternational.com\/nl\/wp-json\/wp\/v2\/types\/page"}],"author":[{"embeddable":true,"href":"https:\/\/www.sisinternational.com\/nl\/wp-json\/wp\/v2\/users\/1"}],"replies":[{"embeddable":true,"href":"https:\/\/www.sisinternational.com\/nl\/wp-json\/wp\/v2\/comments?post=41580"}],"version-history":[{"count":5,"href":"https:\/\/www.sisinternational.com\/nl\/wp-json\/wp\/v2\/pages\/41580\/revisions"}],"predecessor-version":[{"id":81381,"href":"https:\/\/www.sisinternational.com\/nl\/wp-json\/wp\/v2\/pages\/41580\/revisions\/81381"}],"up":[{"embeddable":true,"href":"https:\/\/www.sisinternational.com\/nl\/wp-json\/wp\/v2\/pages\/14514"}],"wp:featuredmedia":[{"embeddable":true,"href":"https:\/\/www.sisinternational.com\/nl\/wp-json\/wp\/v2\/media\/64551"}],"wp:attachment":[{"href":"https:\/\/www.sisinternational.com\/nl\/wp-json\/wp\/v2\/media?parent=41580"}],"curies":[{"name":"wp","href":"https:\/\/api.w.org\/{rel}","templated":true}]}}