{"id":41568,"date":"2023-02-13T04:01:17","date_gmt":"2023-02-13T04:01:17","guid":{"rendered":"https:\/\/www.sisinternational.com\/?page_id=41568"},"modified":"2026-01-24T21:27:18","modified_gmt":"2026-01-25T02:27:18","slug":"marktonderzoek-plantaardige-olie","status":"publish","type":"page","link":"https:\/\/www.sisinternational.com\/nl\/expertise\/marktonderzoek-plantaardige-olie\/","title":{"rendered":"Marktonderzoek naar plantaardige olie"},"content":{"rendered":"<h1 class=\"wp-block-heading\">Marktonderzoek naar plantaardige olie<\/h1>\n\n\n\n<figure class=\"gb-block-image gb-block-image-61d16bc2\"><img loading=\"lazy\" decoding=\"async\" width=\"1456\" height=\"816\" class=\"gb-image gb-image-61d16bc2\" src=\"https:\/\/www.sisinternational.com\/wp-content\/uploads\/2025\/08\/Palm-oiil-2.jpg\" alt=\"SIS Internationaal Marktonderzoek &amp; Strategie\" title=\"Palm oiil (2)\" srcset=\"https:\/\/www.sisinternational.com\/wp-content\/uploads\/2025\/08\/Palm-oiil-2.jpg 1456w, https:\/\/www.sisinternational.com\/wp-content\/uploads\/2025\/08\/Palm-oiil-2-300x168.jpg 300w, https:\/\/www.sisinternational.com\/wp-content\/uploads\/2025\/08\/Palm-oiil-2-1024x574.jpg 1024w, https:\/\/www.sisinternational.com\/wp-content\/uploads\/2025\/08\/Palm-oiil-2-768x430.jpg 768w, https:\/\/www.sisinternational.com\/wp-content\/uploads\/2025\/08\/Palm-oiil-2-18x10.jpg 18w\" sizes=\"auto, (max-width: 1456px) 100vw, 1456px\"><\/figure>\n\n\n\n<p><\/p>\n\n\n\n<h2 class=\"wp-block-heading\">Wat is plantaardige olie?<\/h2>\n\n\n\n<p>Plantaardige olie is afkomstig van plantaardige oli\u00ebn die niet alleen uit groenten worden gewonnen, maar ook uit zaden, noten, granen of sommige soorten fruit. Het kent een grote verscheidenheid, maar elk is extreem veelzijdig en dient verschillende doeleinden in de keuken, zoals koken, frituren, sauteren, bakken en aankleden. Het doel ervan eindigt niet in de keuken of de voedingsindustrie. Plantaardige olie is een belangrijk ingredi\u00ebnt voor veel andere industri\u00eble toepassingen en vee.<\/p>\n\n\n\n<h2 class=\"wp-block-heading\">Hoe wordt plantaardige olie gemaakt?<\/h2>\n\n\n\n<p>Moderne extractietechnieken kunnen tot 98% van de olie-inhoud in sommige planten extraheren, in tegenstelling tot de methoden die beschikbaar waren in de vroege tijden, waar tot slechts 10% olie kon worden ge\u00ebxtraheerd. Dergelijke technieken maken olie-extractie uit noten en zaden effici\u00ebnter en zorgen ervoor dat verschillende soorten plantaardige oli\u00ebn op de markt verkrijgbaar zijn.<\/p>\n\n\n\n<h2 class=\"wp-block-heading\">Het winnen van plantaardige oli\u00ebn omvat een proces dat uit vier stappen bestaat en het volgende omvat:<\/h2>\n\n\n\n<h3 class=\"wp-block-heading\">Schoonmaak<\/h3>\n\n\n\n<p>De zaden of noten moeten grondig worden gereinigd en vervolgens met magneten worden overreden om metaalsporen te verwijderen. De schil wordt verwijderd en vervolgens mechanisch vermalen voordat deze wordt verhit.<\/p>\n\n\n\n<h3 class=\"wp-block-heading\">Drukken<\/h3>\n\n\n\n<p>De verhitte, geplette zaden of noten worden mechanisch geperst, waardoor de olie eruit komt.<\/p>\n\n\n\n<h3 class=\"wp-block-heading\">Oplosmiddelextractie<\/h3>\n\n\n\n<p>Voor effici\u00ebntere extractie wordt een oplosmiddel toegevoegd aan de opgeloste olie nadat de &quot;oliekoek&quot; is verwijderd. En dan wordt het gedestilleerd om het oplosmiddel te verwijderen.<\/p>\n\n\n\n<h3 class=\"wp-block-heading\">Verfijnen<\/h3>\n\n\n\n<p>Het raffinageproces omvat het verhitten van de olie tot 85 \u00b0C en het mengen ervan met een alkalische substantie. Daarna wordt de olie behandeld met water of zuur om het te ontgommen. De oli\u00ebn worden vervolgens gebleekt om de natuurlijke kleuren te verwijderen. Ten slotte worden de oli\u00ebn met stoom ontgeurd en wordt er een kleine hoeveelheid citroenzuur toegevoegd om sporenmaterialen te verwijderen die de houdbaarheid van de olie kunnen verkorten.<\/p>\n\n\n\n<h2 class=\"wp-block-heading\">Gezondheidsvoordelen<\/h2>\n\n\n\n<p>Some of the common vegetable <a href=\"https:\/\/www.sisinternational.com\/nl\/expertise\/industrieen\/oil-and-gas-market-research\/\" title=\"Olie- en gasmarktonderzoek\"  data-wpil-monitor-id=\"3088\">oils in the market<\/a> include sunflower oil, palm oil, canola oil, hazelnut oil, soybean oil, almond oil, and olive oil, to mention a few. These are known for providing many health benefits, particularly in controlling heart health.<\/p>\n\n\n\n<p>Plantaardige oli\u00ebn bevatten triglyceriden zoals die in dierlijke vetten zoals boter en reuzel. Maar wanneer ze in gezonde hoeveelheden worden geconsumeerd, kunnen ze helpen bij het reguleren van het cholesterolgehalte in het bloed, de bloedsuikerspiegel en de bloeddruk, waardoor het risico op hart- en vaatziekten afneemt.<\/p>\n\n\n\n<p>Sommige plantaardige oli\u00ebn zijn rijk aan vitamine E, een antioxidant die de immuniteit bevordert en het lichaam helpt vrije radicalen te bestrijden. Daarnaast kunnen plantaardige oli\u00ebn ook het risico op borstkanker verminderen als ze regelmatig worden gebruikt. Andere gezondheidsvoordelen van plantaardige oli\u00ebn kunnen zijn: het verbeteren van de stofwisseling, het bevorderen van celgroei en -herstel, het verbeteren van stemmingen, het voorkomen van osteoporose en nog veel meer.<\/p>\n\n\n\n<h2 class=\"wp-block-heading\">Voedingsindustrie<\/h2>\n\n\n\n<p>Veel restaurants en voedingsbedrijven gebruiken plantaardige oli\u00ebn om te koken en te frituren. Deze oli\u00ebn zijn bestand tegen koken op hoge temperaturen, wat niet leidt tot roken en een bittere, verbrande smaak aan het eten geeft. Bovendien hebben deze oli\u00ebn slechts een milde tot geen smaak, wat de smaak van saladedressings, brood, cakes en andere gebakken producten niet be\u00efnvloedt. Hierdoor zijn plantaardige oli\u00ebn gewild in de voedingsindustrie.<\/p>\n\n\n\n<h2 class=\"wp-block-heading\">Andere industri\u00eble toepassingen<\/h2>\n\n\n\n<figure class=\"gb-block-image gb-block-image-bc6b5ff4\"><img loading=\"lazy\" decoding=\"async\" width=\"1456\" height=\"816\" class=\"gb-image gb-image-bc6b5ff4\" src=\"https:\/\/www.sisinternational.com\/wp-content\/uploads\/2025\/08\/Palm-oiil-1.jpg\" alt=\"SIS Internationaal Marktonderzoek &amp; Strategie\" title=\"Palm oiil (1)\" srcset=\"https:\/\/www.sisinternational.com\/wp-content\/uploads\/2025\/08\/Palm-oiil-1.jpg 1456w, https:\/\/www.sisinternational.com\/wp-content\/uploads\/2025\/08\/Palm-oiil-1-300x168.jpg 300w, https:\/\/www.sisinternational.com\/wp-content\/uploads\/2025\/08\/Palm-oiil-1-1024x574.jpg 1024w, https:\/\/www.sisinternational.com\/wp-content\/uploads\/2025\/08\/Palm-oiil-1-768x430.jpg 768w, https:\/\/www.sisinternational.com\/wp-content\/uploads\/2025\/08\/Palm-oiil-1-18x10.jpg 18w\" sizes=\"auto, (max-width: 1456px) 100vw, 1456px\"><\/figure>\n\n\n\n<p><\/p>\n\n\n\n<p>Plantaardige oli\u00ebn zijn belangrijke ingredi\u00ebnten voor de productie van zeep, schoonmaakmiddelen, huidverzorgingsproducten, kaarsen, parfums en andere producten voor persoonlijke verzorging.<\/p>\n\n\n\n<p>Sommige plantaardige oli\u00ebn worden ook gebruikt in verfformules en houtbehandelingsproducten. Deze worden ook gebruikt als grondstoffen voor de productie van biobrandstoffen. De productie van plantaardige oli\u00ebn levert ook veevoer op als bijproduct.<\/p>\n\n\n\n<h2 class=\"wp-block-heading\">Belangrijkste functienamen<\/h2>\n\n\n\n<p>De plantaardige olie-industrie heeft behoefte aan verschillende vaardigheden die gespecialiseerd zijn in landbouw en tuinbouw en -beheer. Mensen met een gerenommeerde achtergrond in techniek, wetenschap en technologie en aanverwante vakgebieden kunnen ook een carri\u00e8repad vinden in dit vakgebied. Naarmate de industrie groeit, zullen er meer functienamen beschikbaar zijn.<\/p>\n\n\n\n<h3 class=\"wp-block-heading\">Hieronder staan enkele van de belangrijkste functienamen:<\/h3>\n\n\n\n<ul class=\"wp-block-list\">\n<li>Tuinbouwer<\/li>\n\n\n\n<li>Grondstoffenanalist<\/li>\n\n\n\n<li>Laboratoriumtechnicus<\/li>\n\n\n\n<li>Extractiemanager<\/li>\n\n\n\n<li>Manager van de fabrieksactiviteiten<\/li>\n\n\n\n<li>Algemeen directeur van de plantage<\/li>\n\n\n\n<li>Procesoperator<\/li>\n\n\n\n<li>Boerderij-exploitant<\/li>\n\n\n\n<li>Fabrieksingenieur<\/li>\n\n\n\n<li>Onderhoudsmonteur<\/li>\n<\/ul>\n\n\n\n<h2 class=\"wp-block-heading\">Waarom hebben bedrijven marktonderzoek naar plantaardige olie nodig?<\/h2>\n\n\n\n<p>Vanwege de grote veelzijdigheid, lage productiekosten en brede beschikbaarheid van plantaardige oli\u00ebn, neemt de vraag ernaar op de markt voortdurend toe.<\/p>\n\n\n\n<p>Plantaardige oli\u00ebn bevatten triglyceriden, beter bekend als vetten, die een goede vervanger kunnen zijn voor dierlijke vetten en petrochemicali\u00ebn voor food- en non-foodtoepassingen. In lijn hiermee breidt de voedingsindustrie zich voortdurend uit, samen met verschillende fabrikanten die werken aan verschillende productinnovaties.<\/p>\n\n\n\n<p>Om deze redenen blijft de markt voor plantaardige oli\u00ebn groeien. Bovendien zijn veel klanten overgestapt op plantaardige oli\u00ebn vanwege hun gezondheidsvoordelen.<\/p>\n\n\n\n<p>Vegetable <a href=\"https:\/\/www.sisinternational.com\/nl\/oplossingen\/oil-and-gas-pipeline-market-research\/\" title=\"Oil and Gas Pipeline Market Research\"  data-wpil-monitor-id=\"2156\">oil market research<\/a> can help businesses gain valuable information from the current market conditions, consumers&#8217; insights and preferences, competitors&#8217; strategies, and industry trends.<\/p>\n\n\n\n<p>Deze kunnen bedrijven helpen bij het nemen van strategische beslissingen om hun product, prijzen en marketing te verbeteren. Ook kunnen ze hiermee potenti\u00eble groei- en uitbreidingsmogelijkheden identificeren om concurrerend te blijven in de sector.<\/p>\n\n\n\n<h2 class=\"wp-block-heading\">Belangrijkste succesfactoren<\/h2>\n\n\n\n<p>Marktonderzoek is essentieel om factoren te identificeren die bedrijven helpen groeien en concurrerend te blijven. Bedrijven moeten zich richten op het verzamelen van gegevens uit betrouwbare bronnen en deze analyseren met behulp van geschikte statistische technieken.<\/p>\n\n\n\n<p>Een inzichtelijke analyse zal bedrijven helpen een diepgaand begrip te krijgen van de huidige omstandigheden en trends in de plantaardige olie-industrie. Niet alleen dat, maar bedrijven moeten ook hun specifieke doelen identificeren om potenti\u00eble risico&#039;s en groei te bepalen en de voorkeuren van elke klant te begrijpen.<\/p>\n\n\n\n<p>Om strategische beslissingen te kunnen nemen, is het van cruciaal belang dat er tijdig onderzoek wordt gedaan naar de aanbevelingen die bedrijven kunnen doen om strategische beslissingen te nemen.<\/p>\n\n\n\n<p>With the influence of technology in the cultivation, production, and distribution of vegetable oils, research can help evaluate its impact on the market. Most importantly, research can also help businesses understand the attitudes and preferences of customers towards <a href=\"https:\/\/www.sisinternational.com\/nl\/expertise\/industrieen\/palm-oil-market-research\/\" title=\"Palmoliemarktonderzoek\"  data-wpil-monitor-id=\"3462\">vegetable<\/a> oils.<\/p>\n\n\n\n<h2 class=\"wp-block-heading\">Over marktonderzoek naar plantaardige olie<\/h2>\n\n\n\n<figure class=\"gb-block-image gb-block-image-bd68a6d6\"><img loading=\"lazy\" decoding=\"async\" width=\"1456\" height=\"816\" class=\"gb-image gb-image-bd68a6d6\" src=\"https:\/\/www.sisinternational.com\/wp-content\/uploads\/2025\/08\/Palm-oiil-4.jpg\" alt=\"SIS Internationaal Marktonderzoek &amp; Strategie\" title=\"Palm oiil (4)\" srcset=\"https:\/\/www.sisinternational.com\/wp-content\/uploads\/2025\/08\/Palm-oiil-4.jpg 1456w, https:\/\/www.sisinternational.com\/wp-content\/uploads\/2025\/08\/Palm-oiil-4-300x168.jpg 300w, https:\/\/www.sisinternational.com\/wp-content\/uploads\/2025\/08\/Palm-oiil-4-1024x574.jpg 1024w, https:\/\/www.sisinternational.com\/wp-content\/uploads\/2025\/08\/Palm-oiil-4-768x430.jpg 768w, https:\/\/www.sisinternational.com\/wp-content\/uploads\/2025\/08\/Palm-oiil-4-18x10.jpg 18w\" sizes=\"auto, (max-width: 1456px) 100vw, 1456px\"><\/figure>\n\n\n\n<p><\/p>\n\n\n\n<p>Omdat de groentemarkt voortdurend groeit, is het belangrijk om de huidige omstandigheden en trends te kennen door nauwkeurige gegevensverzameling en -analyse. Zo kunnen we verschillende factoren identificeren die van invloed kunnen zijn op bedrijven en hen helpen concurrerend te blijven in de sector.<\/p>\n\n\n\n<p>SIS International biedt kwantitatief, kwalitatief en strategisch onderzoek. Wij leveren data, tools, strategie\u00ebn, rapporten en inzichten voor besluitvorming. Wij voeren interviews, enqu\u00eates, focusgroepen en vele andere marktonderzoeksmethoden en -benaderingen uit. Neem contact met ons op voor uw volgende marktonderzoeksproject.<\/p>","protected":false},"excerpt":{"rendered":"<p>Vanwege de grote veelzijdigheid, lage productiekosten en algehele beschikbaarheid van plantaardige oli\u00ebn, is de vraag ernaar op de markt voortdurend toegenomen.<\/p>","protected":false},"author":1,"featured_media":64224,"parent":14514,"menu_order":185,"comment_status":"closed","ping_status":"closed","template":"","meta":{"footnotes":""},"class_list":["post-41568","page","type-page","status-publish","has-post-thumbnail"],"_links":{"self":[{"href":"https:\/\/www.sisinternational.com\/nl\/wp-json\/wp\/v2\/pages\/41568","targetHints":{"allow":["GET"]}}],"collection":[{"href":"https:\/\/www.sisinternational.com\/nl\/wp-json\/wp\/v2\/pages"}],"about":[{"href":"https:\/\/www.sisinternational.com\/nl\/wp-json\/wp\/v2\/types\/page"}],"author":[{"embeddable":true,"href":"https:\/\/www.sisinternational.com\/nl\/wp-json\/wp\/v2\/users\/1"}],"replies":[{"embeddable":true,"href":"https:\/\/www.sisinternational.com\/nl\/wp-json\/wp\/v2\/comments?post=41568"}],"version-history":[{"count":6,"href":"https:\/\/www.sisinternational.com\/nl\/wp-json\/wp\/v2\/pages\/41568\/revisions"}],"predecessor-version":[{"id":77674,"href":"https:\/\/www.sisinternational.com\/nl\/wp-json\/wp\/v2\/pages\/41568\/revisions\/77674"}],"up":[{"embeddable":true,"href":"https:\/\/www.sisinternational.com\/nl\/wp-json\/wp\/v2\/pages\/14514"}],"wp:featuredmedia":[{"embeddable":true,"href":"https:\/\/www.sisinternational.com\/nl\/wp-json\/wp\/v2\/media\/64224"}],"wp:attachment":[{"href":"https:\/\/www.sisinternational.com\/nl\/wp-json\/wp\/v2\/media?parent=41568"}],"curies":[{"name":"wp","href":"https:\/\/api.w.org\/{rel}","templated":true}]}}