{"id":39896,"date":"2022-02-28T19:28:37","date_gmt":"2022-02-28T19:28:37","guid":{"rendered":"https:\/\/www.sisinternational.com\/?page_id=39896"},"modified":"2025-09-23T20:41:42","modified_gmt":"2025-09-24T00:41:42","slug":"republiek-kiribati","status":"publish","type":"page","link":"https:\/\/www.sisinternational.com\/nl\/dekking\/marktonderzoek-azie\/republiek-kiribati\/","title":{"rendered":"Marktonderzoek in de Republiek Kiribati"},"content":{"rendered":"<h1 class=\"wp-block-heading\">Marktonderzoek in de Republiek Kiribati<\/h1>\n\n\n\n<figure class=\"gb-block-image gb-block-image-4b3a7670\"><img loading=\"lazy\" decoding=\"async\" width=\"1456\" height=\"816\" class=\"gb-image gb-image-4b3a7670\" src=\"https:\/\/www.sisinternational.com\/wp-content\/uploads\/2025\/09\/Kiribati-4.jpg\" alt=\"SIS Internationaal Marktonderzoek &amp; Strategie\" title=\"Kiribati (4)\" srcset=\"https:\/\/www.sisinternational.com\/wp-content\/uploads\/2025\/09\/Kiribati-4.jpg 1456w, https:\/\/www.sisinternational.com\/wp-content\/uploads\/2025\/09\/Kiribati-4-300x168.jpg 300w, https:\/\/www.sisinternational.com\/wp-content\/uploads\/2025\/09\/Kiribati-4-1024x574.jpg 1024w, https:\/\/www.sisinternational.com\/wp-content\/uploads\/2025\/09\/Kiribati-4-768x430.jpg 768w, https:\/\/www.sisinternational.com\/wp-content\/uploads\/2025\/09\/Kiribati-4-18x10.jpg 18w\" sizes=\"auto, (max-width: 1456px) 100vw, 1456px\"><\/figure>\n\n\n\n<p><\/p>\n\n\n\n<p>De Republiek Kiribati (Ki. ri. bas) is een eilandstaat in de Stille Oceaan. Het bestaat uit 33 eilanden. Maar mensen wonen er maar op 20. Mensen wonen op de 16 Gilberteilanden en de 3 Line-eilanden. De Line-eilanden zijn voor het grootste deel riffen en atollen.<\/p>\n\n\n\n<h2 class=\"wp-block-heading\">Buurten<\/h2>\n\n\n\n<p>De hoofdstad van Kiribati is Tarawa. Het is een reeks eilanden die met elkaar verbonden zijn door verhoogde wegen en een weg. Tarawa is het meest ontwikkelde gebied van de eilanden. Daarom verhuizen veel mensen van de andere eilanden naar de hoofdstad.<\/p>\n\n\n\n<p>In the urban areas, the people <a href=\"https:\/\/www.sisinternational.com\/nl\/expertise\/industrieen\/green-building-materials-market-research\/\" title=\"Marktonderzoek naar groene bouwmaterialen\"  data-wpil-monitor-id=\"10295\">build their houses with materials<\/a> such as blocks and concrete. But in the villages, the houses have thatched roofs and raised floors. There are also Western-style churches and hospitals throughout the island.<\/p>\n\n\n\n<h2 class=\"wp-block-heading\">Belangrijke industrie\u00ebn<\/h2>\n\n\n\n<p>Landbouw is een belangrijke industrie op de eilanden. Enkele van de belangrijkste gewassen die op de eilanden worden verbouwd, zijn kopra, broodvrucht en zoete aardappel.<\/p>\n\n\n\n<p>Fishing is also one of the country&#8217;s most important jobs. In the Pacific Ocean, Kiribati is one of the best tuna sources. Finally, <a href=\"https:\/\/www.sisinternational.com\/nl\/oplossingen\/ai-marktonderzoek-en-strategieconsulting\/ai-adoption-travel-hospitality-tourism-industry-consulting\/\" title=\"AI-adoptie in de reis-, horeca- en toerisme-industrie Consulting\"  data-wpil-monitor-id=\"10296\">tourism is a major industry<\/a>. It creates thousands of jobs.<\/p>\n\n\n\n<p>Export helpt de economie te ondersteunen. De overheid is bijvoorbeeld eigenaar van het meest prominente agrarische bedrijf op het eiland. Kopra is hun grootste exportgewas. Enkele van de landen waarnaar ze exporteren zijn Taiwan, Australi\u00eb en Marokko.<\/p>\n\n\n\n<p>Het is ook essentieel om naar import te kijken. Het land importeert veel voedsel. Olie, rijst en voertuigen zijn enkele van de populairste items. Ze importeren uit landen als Australi\u00eb, Japan en Singapore.<\/p>\n\n\n\n<h2 class=\"wp-block-heading\">Trends<\/h2>\n\n\n\n<p>Kiribati gebruikt de Australische munteenheid. Er was een sterke fiscale groei in de afgelopen jaren, gevolgd door een daling. De economie is weer in opkomst.<\/p>\n\n\n\n<p>De toegenomen bevolking heeft een grotere beroepsbevolking gecre\u00eberd. Toch verhindert de smalle economische basis van het land het cre\u00ebren van banen, wat resulteert in veel werklozen.<\/p>\n\n\n\n<p>Bovendien ligt het land vlak bij de evenaar, waardoor het een goede plek is voor satelliettelemetrie en de lancering van ruimtevaartuigen. Nationale en transnationale ruimtevaartbedrijven investeren in ruimtevaartprojecten, die banen en kapitaal naar het land brengen.<\/p>\n\n\n\n<h2 class=\"wp-block-heading\">Voordelen en sterke punten in de markt<\/h2>\n\n\n\n<figure class=\"gb-block-image gb-block-image-fb63ddf6\"><img loading=\"lazy\" decoding=\"async\" width=\"1456\" height=\"816\" class=\"gb-image gb-image-fb63ddf6\" src=\"https:\/\/www.sisinternational.com\/wp-content\/uploads\/2025\/09\/Kiribati-1.jpg\" alt=\"SIS Internationaal Marktonderzoek &amp; Strategie\" title=\"Kiribati (1)\" srcset=\"https:\/\/www.sisinternational.com\/wp-content\/uploads\/2025\/09\/Kiribati-1.jpg 1456w, https:\/\/www.sisinternational.com\/wp-content\/uploads\/2025\/09\/Kiribati-1-300x168.jpg 300w, https:\/\/www.sisinternational.com\/wp-content\/uploads\/2025\/09\/Kiribati-1-1024x574.jpg 1024w, https:\/\/www.sisinternational.com\/wp-content\/uploads\/2025\/09\/Kiribati-1-768x430.jpg 768w, https:\/\/www.sisinternational.com\/wp-content\/uploads\/2025\/09\/Kiribati-1-18x10.jpg 18w\" sizes=\"auto, (max-width: 1456px) 100vw, 1456px\"><\/figure>\n\n\n\n<p><\/p>\n\n\n\n<p>Voor investeerders zijn de toerisme-, ambachts- en visserijsector de beste instapmogelijkheden.<\/p>\n\n\n\n<p>Sommige van de particuliere sector entiteiten op het eiland zijn klein. Met meer investeringen zullen de kleding-, meubel- en drankenindustrie\u00ebn groeien. Dit zal ook geschoolde mensen in dienst nemen en meer banen cre\u00ebren.<\/p>\n\n\n\n<p>Investeringen in de hoofdstad zullen de ontwikkeling van de andere eilanden bevorderen. Het zal ook leiden tot betere industrie\u00ebn en meer export. Burgers zullen commerci\u00eble betrokkenheid in de publieke sector verwelkomen. Het zal mensen meer opties geven en gezonde concurrentie cre\u00ebren.<\/p>\n\n\n\n<h2 class=\"wp-block-heading\">Consumentenbasis<\/h2>\n\n\n\n<p>Kiribati is a lower-middle-income country. The island&#8217;s economy is reviving, and the government plans to <a href=\"https:\/\/www.sisinternational.com\/nl\/oplossingen\/reizen-toerisme-gastvrijheid-consulting\/tourism-development-consulting\/\" title=\"Advies over toeristische ontwikkeling\"  data-wpil-monitor-id=\"10298\">develop the tourism<\/a> sector.<\/p>\n\n\n\n<p>Toch leeft bijna een kwart van de mensen onder de armoedegrens. Het land heeft weinig werkgelegenheidsvooruitzichten. Veel mensen met een baan zijn echter een stedelijke levensstijl gaan leiden, waardoor de kosten van levensonderhoud stijgen.<\/p>\n\n\n\n<h2 class=\"wp-block-heading\">Redenen om uw bedrijf te laten groeien<\/h2>\n\n\n\n<p>Kiribati has a large labor force for tourism investors. Furthermore, the islands in the chain bring all kinds of tourist attractions. There is a <a href=\"https:\/\/www.sisinternational.com\/nl\/becoming-a-hidden-champion-in-niche-marketing\/\" title=\"Hidden Champions Marketing Strategy and Niche Marketing\"  data-wpil-monitor-id=\"10297\">market for both niche<\/a> and more common commercial attractions. The government is also raising the people&#8217;s education levels. This project will create a better workforce for investors.<\/p>\n\n\n\n<p>Ten slotte is er behoefte aan langetermijninvesteringen. Zulke investeringen zullen meer banen cre\u00ebren, het armoedeniveau verlagen en de ontwikkeling van het eiland vergroten.<\/p>\n\n\n\n<h2 class=\"wp-block-heading\"><strong>Over SIS Internationaal<\/strong><\/h2>\n\n\n\n<p><a href=\"https:\/\/www.sisinternational.com\/nl\/\"><span style=\"font-weight: 400;\">SIS Internationaal<\/span><\/a><span style=\"font-weight: 400;\"> offers Quantitative, Qualitative, and Strategy Research. We provide data, tools, strategies, reports, and insights for decision-making. We also conduct interviews, surveys, focus groups, and other <a href=\"https:\/\/www.sisinternational.com\/nl\/quantitative-market-research-methods-and-techniques\/\" title=\"Quantitative Market Research Methods and Techniques\"  data-wpil-monitor-id=\"10294\">Market Research methods<\/a> and approaches.<\/span><a href=\"https:\/\/www.sisinternational.com\/nl\/over-sis-internationaal-onderzoek\/contact-sis-international-market-research\/\"><span style=\"font-weight: 400;\"> Neem contact met ons op<\/span><\/a><span style=\"font-weight: 400;\"> voor uw volgende marktonderzoeksproject.<\/span><\/p>\n\n\n\n<p><\/p>","protected":false},"excerpt":{"rendered":"<p>Market Research in the Republic of Kiribati The Republic of Kiribati (Ki. ri. bas) is an island nation in the Pacific Ocean. It consists of 33 islands. But people only live on 20 of them. People live on the 16 Gilbert Islands and the 3 of the Line Islands. The Line Islands are, for the &#8230; <a title=\"Marktonderzoek in de Republiek Kiribati\" class=\"read-more\" href=\"https:\/\/www.sisinternational.com\/nl\/dekking\/marktonderzoek-azie\/republiek-kiribati\/\" aria-label=\"Lees meer over Market Research in the Republic of Kiribati\">Lees meer<\/a><\/p>","protected":false},"author":1,"featured_media":65691,"parent":14508,"menu_order":37,"comment_status":"closed","ping_status":"closed","template":"","meta":{"footnotes":""},"class_list":["post-39896","page","type-page","status-publish","has-post-thumbnail"],"_links":{"self":[{"href":"https:\/\/www.sisinternational.com\/nl\/wp-json\/wp\/v2\/pages\/39896","targetHints":{"allow":["GET"]}}],"collection":[{"href":"https:\/\/www.sisinternational.com\/nl\/wp-json\/wp\/v2\/pages"}],"about":[{"href":"https:\/\/www.sisinternational.com\/nl\/wp-json\/wp\/v2\/types\/page"}],"author":[{"embeddable":true,"href":"https:\/\/www.sisinternational.com\/nl\/wp-json\/wp\/v2\/users\/1"}],"replies":[{"embeddable":true,"href":"https:\/\/www.sisinternational.com\/nl\/wp-json\/wp\/v2\/comments?post=39896"}],"version-history":[{"count":4,"href":"https:\/\/www.sisinternational.com\/nl\/wp-json\/wp\/v2\/pages\/39896\/revisions"}],"predecessor-version":[{"id":81699,"href":"https:\/\/www.sisinternational.com\/nl\/wp-json\/wp\/v2\/pages\/39896\/revisions\/81699"}],"up":[{"embeddable":true,"href":"https:\/\/www.sisinternational.com\/nl\/wp-json\/wp\/v2\/pages\/14508"}],"wp:featuredmedia":[{"embeddable":true,"href":"https:\/\/www.sisinternational.com\/nl\/wp-json\/wp\/v2\/media\/65691"}],"wp:attachment":[{"href":"https:\/\/www.sisinternational.com\/nl\/wp-json\/wp\/v2\/media?parent=39896"}],"curies":[{"name":"wp","href":"https:\/\/api.w.org\/{rel}","templated":true}]}}