{"id":39523,"date":"2021-12-14T21:38:19","date_gmt":"2021-12-14T21:38:19","guid":{"rendered":"https:\/\/www.sisinternational.com\/?page_id=39523"},"modified":"2026-01-24T14:08:41","modified_gmt":"2026-01-24T19:08:41","slug":"marktonderzoek-bolivia","status":"publish","type":"page","link":"https:\/\/www.sisinternational.com\/nl\/dekking\/latin-america\/marktonderzoek-latijns-amerika\/marktonderzoek-bolivia\/","title":{"rendered":"Marktonderzoek in Bolivia"},"content":{"rendered":"<h1 class=\"wp-block-heading\">Marktonderzoek in Bolivia<\/h1>\n\n\n\n<figure class=\"gb-block-image gb-block-image-18e1348b\"><img loading=\"lazy\" decoding=\"async\" width=\"1456\" height=\"816\" class=\"gb-image gb-image-18e1348b\" src=\"https:\/\/www.sisinternational.com\/wp-content\/uploads\/2025\/09\/Bolivia-3.jpg\" alt=\"SIS Internationaal Marktonderzoek &amp; Strategie\" title=\"Bolivia (3)\" srcset=\"https:\/\/www.sisinternational.com\/wp-content\/uploads\/2025\/09\/Bolivia-3.jpg 1456w, https:\/\/www.sisinternational.com\/wp-content\/uploads\/2025\/09\/Bolivia-3-300x168.jpg 300w, https:\/\/www.sisinternational.com\/wp-content\/uploads\/2025\/09\/Bolivia-3-1024x574.jpg 1024w, https:\/\/www.sisinternational.com\/wp-content\/uploads\/2025\/09\/Bolivia-3-768x430.jpg 768w, https:\/\/www.sisinternational.com\/wp-content\/uploads\/2025\/09\/Bolivia-3-18x10.jpg 18w\" sizes=\"auto, (max-width: 1456px) 100vw, 1456px\"><\/figure>\n\n\n\n<p><\/p>\n\n\n\n<p>Bolivia is in west-central South America. Sucre is the capital city, but the financial capital is La Paz. Bolivia went through some financial troubles in the 20th century. It has now bounced back better than ever. With rising GDP and falling rates of poverty, it is enjoying an economic boom. But good data is essential for the country to make good use of this new prosperity. Good knowledge of the <a href=\"https:\/\/www.sisinternational.com\/nl\/publicaties\/scalable-business-market-research-7-ways-to-build-a-scalable-business\/\" title=\"Schaalbaar bedrijfsmarktonderzoek: 7 manieren om een schaalbaar bedrijf op te bouwen\"  data-wpil-monitor-id=\"8686\">market is a boon in any business<\/a> starting up there.<\/p>\n\n\n\n<h2 class=\"wp-block-heading\">Belangrijkste industrie\u00ebn<\/h2>\n\n\n\n<p>Landbouw, productie en diensten zijn de belangrijkste sectoren van het land. Diensten vormen het grootste deel van het BBP van het land vanwege de recente groei in de financi\u00eble sector. De productiesector is de op \u00e9\u00e9n na belangrijkste. Deze industrie omvat de productie van textiel, kleding en geraffineerde aardolie. Een van de belangrijkste exportgewassen van Bolivia is coca. Het is &#039;s werelds derde grootste exporteur van het gewas. Maar de belangrijkste export van het land is de afgelopen jaren soja geweest. Enkele andere opmerkelijke gewassen zijn suikerriet, ma\u00efs, aardappelen en bananen.<\/p>\n\n\n\n<h2 class=\"wp-block-heading\">Buurten<\/h2>\n\n\n\n<p>Omdat Bolivia ingesloten is, is het grootste deel van de handel met zijn naaste buren. Die buren zijn Chili, Peru en Brazili\u00eb. De regio&#039;s in Bolivia hebben veel verschillende klimaten:<\/p>\n\n\n\n<ul class=\"wp-block-list\">\n<li>Regio Llanos: Vochtig en tropisch<\/li>\n\n\n\n<li>Altiplano-regio: woestijn en poolgebied<\/li>\n\n\n\n<li>Vallei en Yungas-regio&#039;s: Gematigd<\/li>\n\n\n\n<li>Chaco-regio: subtropisch en semi-aride<\/li>\n<\/ul>\n\n\n\n<p>Die verscheidenheid zorgt ervoor dat er in het land veel verschillende gewassen kunnen worden verbouwd.<\/p>\n\n\n\n<p>De meeste mensen in Bolivia leven in de laaglanden. Hoe dichter men bij de Andes komt, hoe dunner de bevolking wordt.<\/p>\n\n\n\n<h2 class=\"wp-block-heading\">Trends<\/h2>\n\n\n\n<p>De grote mix van mensen cre\u00ebert een diverse cultuur binnen Bolivia. De cultuur is anders dan in andere landen in Zuid-Amerika. De mensen hebben bijvoorbeeld een nieuw soort architectuur gecre\u00eberd, genaamd &quot;Mestizo Baroque&quot;. Ook heeft het schilders voortgebracht zoals P\u00e9rez de Holgu\u00edn, Flores en anderen, die wereldwijd bekend zijn. De folklore van het land is ook behoorlijk rijk. Er zijn bijvoorbeeld de &quot;Duivelsdansen&quot; op het jaarlijkse Oruro Carnaval. Er is ook het meer obscure Trabuco Carnaval.<\/p>\n\n\n\n<h2 class=\"wp-block-heading\">Voordelen en sterke punten in de markt<\/h2>\n\n\n\n<figure class=\"gb-block-image gb-block-image-26e4f48f\"><img loading=\"lazy\" decoding=\"async\" width=\"1456\" height=\"816\" class=\"gb-image gb-image-26e4f48f\" src=\"https:\/\/www.sisinternational.com\/wp-content\/uploads\/2025\/09\/Bolivia-2.jpg\" alt=\"SIS Internationaal Marktonderzoek &amp; Strategie\" title=\"Bolivia (2)\" srcset=\"https:\/\/www.sisinternational.com\/wp-content\/uploads\/2025\/09\/Bolivia-2.jpg 1456w, https:\/\/www.sisinternational.com\/wp-content\/uploads\/2025\/09\/Bolivia-2-300x168.jpg 300w, https:\/\/www.sisinternational.com\/wp-content\/uploads\/2025\/09\/Bolivia-2-1024x574.jpg 1024w, https:\/\/www.sisinternational.com\/wp-content\/uploads\/2025\/09\/Bolivia-2-768x430.jpg 768w, https:\/\/www.sisinternational.com\/wp-content\/uploads\/2025\/09\/Bolivia-2-18x10.jpg 18w\" sizes=\"auto, (max-width: 1456px) 100vw, 1456px\"><\/figure>\n\n\n\n<p><\/p>\n\n\n\n<p>The country tends to export more than it imports, so it has low debt. Bolivia has many financial services. These <a href=\"https:\/\/www.sisinternational.com\/nl\/oplossingen\/consumentenmarktonderzoek\/\" title=\"Consumer Market Research Services for Smarter Business Decisions\"  data-wpil-monitor-id=\"8692\">services would boost any business<\/a> trying to work there. The population is well-educated and the country has a literacy rate of 100%. The skilled service industry there makes trade across the nation stress-free. Not only that, but they may even <a href=\"https:\/\/www.sisinternational.com\/nl\/publicaties\/japans-mid-market-exporting\/\" title=\"Uw bedrijf laten groeien in Japan\"  data-wpil-monitor-id=\"8689\">grow your business<\/a>.<\/p>\n\n\n\n<h2 class=\"wp-block-heading\">Consumentenbasis<\/h2>\n\n\n\n<p>Bolivia is the fifth largest country in South America with many residents. The people there are of European, Asian, and indigenous descent. Most people speak Spanish, but there are some lesser-known dialects there. When it comes to development, the low-lying valleys are more urban than the rural highlands. In total, two-thirds of the citizens live in urban areas, with the rest in rural regions. One thing of note is that Bolivia has a young population. Most residents are between the ages of 15 and 59.<\/p>\n\n\n\n<h2 class=\"wp-block-heading\">Reasons to Grow Your Business in the Bolivian Market<\/h2>\n\n\n\n<p>Bolivia&#039;s lage armoedecijfer en lage werkloosheidscijfer maken het een geweldige plek om te investeren. Het heeft veel handelspartners vanwege het grote aantal hulpbronnen. Enkele opvallende handelspartners zijn bijvoorbeeld Japan, de VS, Argentini\u00eb en Brazili\u00eb. Het doet het grootste deel van zijn handel met Argentini\u00eb en Brazili\u00eb.<\/p>\n\n\n\n<p>The country has also become more urban. The rapid development of the country makes it easy for new businesses to move in. That ease of entry means one less concern for you. With that out of the way, you can focus on profit and growth.<\/p>\n\n\n\n<h2 class=\"wp-block-heading\">Over marktonderzoek in Bolivia<\/h2>\n\n\n\n<p>It\u2019s essential to use many different techniques to get the most helpful info. <a href=\"https:\/\/www.sisinternational.com\/nl\/oplossingen\/kwalitatieve-kwantitatieve-onderzoeksoplossingen\/field-service-market-research\/\" title=\"Marktonderzoek voor velddiensten\"  data-wpil-monitor-id=\"8691\">Research in the field<\/a> is the best approach. It lets you get the most up-to-date information. That current info will let you make better and more correct predictions. <a href=\"https:\/\/www.sisinternational.com\/nl\/oplossingen\/kwalitatieve-kwantitatieve-onderzoeksoplossingen\/qualitative-research-recruiting\/\" title=\"Werving van kwalitatief onderzoek\"  data-wpil-monitor-id=\"8683\">Qualitative and Quantitative research<\/a> is excellent for this. Those can help determine what works and what doesn\u2019t. Also, some other suitable <a href=\"https:\/\/www.sisinternational.com\/nl\/quantitative-market-research-methods-and-techniques\/\" title=\"Quantitative Market Research Methods and Techniques\"  data-wpil-monitor-id=\"8684\">methods include Strategy Research<\/a>, Focus Groups, and Surveys. They can give you a good idea of what is going on in consumers\u2019 heads.<\/p>\n\n\n\n<p>De <a href=\"https:\/\/www.sisinternational.com\/nl\/beauty-market-research-in-the-us\/\" title=\"Beauty Market Research in the US\"  data-wpil-monitor-id=\"893\">beauty of Market Research<\/a> is that it lets you be ahead of the curve in the market. That prior knowledge will put you ahead of your competitors so that you can beat them without a sweat.<\/p>\n\n\n\n<p><\/p>","protected":false},"excerpt":{"rendered":"<p>Market Research in Bolivia Bolivia is in west-central South America. Sucre is the capital city, but the financial capital is La Paz. Bolivia went through some financial troubles in the 20th century. It has now bounced back better than ever. With rising GDP and falling rates of poverty, it is enjoying an economic boom. But &#8230; <a title=\"Marktonderzoek in Bolivia\" class=\"read-more\" href=\"https:\/\/www.sisinternational.com\/nl\/dekking\/latin-america\/marktonderzoek-latijns-amerika\/marktonderzoek-bolivia\/\" aria-label=\"Lees meer over Market Research in Bolivia\">Lees meer<\/a><\/p>","protected":false},"author":1,"featured_media":66214,"parent":14351,"menu_order":20,"comment_status":"closed","ping_status":"closed","template":"","meta":{"footnotes":""},"class_list":["post-39523","page","type-page","status-publish","has-post-thumbnail"],"_links":{"self":[{"href":"https:\/\/www.sisinternational.com\/nl\/wp-json\/wp\/v2\/pages\/39523","targetHints":{"allow":["GET"]}}],"collection":[{"href":"https:\/\/www.sisinternational.com\/nl\/wp-json\/wp\/v2\/pages"}],"about":[{"href":"https:\/\/www.sisinternational.com\/nl\/wp-json\/wp\/v2\/types\/page"}],"author":[{"embeddable":true,"href":"https:\/\/www.sisinternational.com\/nl\/wp-json\/wp\/v2\/users\/1"}],"replies":[{"embeddable":true,"href":"https:\/\/www.sisinternational.com\/nl\/wp-json\/wp\/v2\/comments?post=39523"}],"version-history":[{"count":4,"href":"https:\/\/www.sisinternational.com\/nl\/wp-json\/wp\/v2\/pages\/39523\/revisions"}],"predecessor-version":[{"id":81457,"href":"https:\/\/www.sisinternational.com\/nl\/wp-json\/wp\/v2\/pages\/39523\/revisions\/81457"}],"up":[{"embeddable":true,"href":"https:\/\/www.sisinternational.com\/nl\/wp-json\/wp\/v2\/pages\/14351"}],"wp:featuredmedia":[{"embeddable":true,"href":"https:\/\/www.sisinternational.com\/nl\/wp-json\/wp\/v2\/media\/66214"}],"wp:attachment":[{"href":"https:\/\/www.sisinternational.com\/nl\/wp-json\/wp\/v2\/media?parent=39523"}],"curies":[{"name":"wp","href":"https:\/\/api.w.org\/{rel}","templated":true}]}}