{"id":39342,"date":"2021-11-22T15:14:23","date_gmt":"2021-11-22T15:14:23","guid":{"rendered":"https:\/\/www.sisinternational.com\/?page_id=39342"},"modified":"2026-03-12T11:36:41","modified_gmt":"2026-03-12T15:36:41","slug":"marktonderzoek-industriele-automatisering","status":"publish","type":"page","link":"https:\/\/www.sisinternational.com\/nl\/expertise\/industrieel-marktonderzoek\/marktonderzoek-industriele-automatisering\/","title":{"rendered":"Marktonderzoek industri\u00eble automatisering"},"content":{"rendered":"<h1 class=\"wp-block-heading\">Marktonderzoek industri\u00eble automatisering<\/h1>\n\n\n\n<figure class=\"gb-block-image gb-block-image-ee40b39f\"><img loading=\"lazy\" decoding=\"async\" width=\"1456\" height=\"816\" class=\"gb-image gb-image-ee40b39f\" src=\"https:\/\/www.sisinternational.com\/wp-content\/uploads\/2025\/08\/Industrial-5-1.jpg\" alt=\"SIS Internationaal Marktonderzoek &amp; Strategie\" title=\"Industrial (5)\" srcset=\"https:\/\/www.sisinternational.com\/wp-content\/uploads\/2025\/08\/Industrial-5-1.jpg 1456w, https:\/\/www.sisinternational.com\/wp-content\/uploads\/2025\/08\/Industrial-5-1-300x168.jpg 300w, https:\/\/www.sisinternational.com\/wp-content\/uploads\/2025\/08\/Industrial-5-1-1024x574.jpg 1024w, https:\/\/www.sisinternational.com\/wp-content\/uploads\/2025\/08\/Industrial-5-1-768x430.jpg 768w, https:\/\/www.sisinternational.com\/wp-content\/uploads\/2025\/08\/Industrial-5-1-18x10.jpg 18w\" sizes=\"auto, (max-width: 1456px) 100vw, 1456px\"><\/figure>\n\n\n\n<p><\/p>\n\n\n\n<h2 class=\"wp-block-heading\">Wat is industri\u00eble automatisering?<\/h2>\n\n\n\n<p>Bij industri\u00eble automatisering worden robots en IT-systemen gebruikt voor het beheer van machines en processen, ter vervanging van mensen.<\/p>\n\n\n\n<p>In eerste instantie was het doel om de kosten van menselijke werknemers te verlagen. Bedrijven gebruikten het ook om de output te verhogen. Tegenwoordig is de focus echter verschoven. Bedrijven gebruiken het nu om zich aan te passen aan verandering. Ze gebruiken het ook om de kwaliteit van het productieproces te verbeteren.<\/p>\n\n\n\n<p>Automatisering is in bijna alle fabrieken en werkplaatsen van vandaag de dag aanwezig. Het is moeilijk om een productielijn zonder te bedenken. We kunnen het in drie klassen verdelen:<\/p>\n\n\n\n<ol class=\"wp-block-list\">\n<li><strong>Vast<\/strong>: Bedrijven gebruiken dit type vaak voor vervelende taken. Het maakt het proces effici\u00ebnt en verbetert de doorvoersnelheid.<\/li>\n\n\n\n<li><strong>Programmeerbaar<\/strong>: Dit type is het meest geschikt voor batches waarbij de instructies in de loop van de tijd veranderen.<\/li>\n\n\n\n<li><strong>Flexibele<\/strong>: Met dit type kan het bedrijf ook omschakelingen via het besturingssysteem doorgeven. Ze zijn dus snel en automatisch. Er is ook geen noodzaak om apparatuur tussen batches aan te passen.<\/li>\n<\/ol>\n\n\n\n<p>Industri\u00eble automatisering omvat het gebruik van moderne technologie om de automatisering van productieprocessen en -bewerkingen in industri\u00eble omgevingen te stimuleren. Deze markt zal naar verwachting de komende jaren een aanzienlijke groei doormaken, aangewakkerd door de toenemende acceptatie van geavanceerde technologische ontwikkelingen zoals kunstmatige intelligentie (AI), robotica en IoT in industri\u00eble processen.<\/p>\n\n\n\n<p>This means that industrial <a href=\"https:\/\/www.sisinternational.com\/nl\/automatisering-in-marktonderzoek\/\" title=\"Automatisering in marktonderzoek\"  data-wpil-monitor-id=\"2523\">automation market research<\/a> is a rapidly expanding area because the tools of this sector are being continuously upgraded, and researchers must implement new strategies to keep pace with the industry, readjusting the approach of market analysts.<\/p>\n\n\n\n<h2 class=\"wp-block-heading\">Waarom is industri\u00eble automatisering belangrijk?<\/h2>\n\n\n\n<p><a href=\"https:\/\/www.sisinternational.com\/nl\/expertise\/industrieen\/photography-industry-market-research\/\" title=\"Marktonderzoek fotografie-industrie\"  data-wpil-monitor-id=\"3209\">Industrial automation market research<\/a> is a crucial element for the growth of today&#8217;s manufacturing industries, and a detailed study of this sector enables us to explore or create:<\/p>\n\n\n\n<ul class=\"wp-block-list\">\n<li>Nieuwe marktkansen<\/li>\n\n\n\n<li>Strategie\u00ebn voor markttoetreding<\/li>\n\n\n\n<li>Mogelijke productlanceringen<\/li>\n\n\n\n<li>Bruikbaarheidstesten<\/li>\n\n\n\n<li>Analyse van concurrenten<\/li>\n\n\n\n<li>Diepgaande voorspelling<\/li>\n\n\n\n<li>Verkoop- en inkoopstrategie\u00ebn<\/li>\n\n\n\n<li>En nog veel meer.<\/li>\n<\/ul>\n\n\n\n<p>Bovendien zijn er, gezien de verspreiding van nieuwe technologie\u00ebn, belangrijke groeimotoren waarmee rekening moet worden gehouden in deze studies, zoals de toenemende acceptatie van data-analyse om gegevens te verwerken, bedrijfsprocessen te optimaliseren en besluitvorming te verbeteren.<\/p>\n\n\n\n<p>Elke industrie wordt geconfronteerd met verandering en moet ermee omgaan. Deze veranderingen hebben de vraag naar hoogwaardige producten en diensten juist doen toenemen. Omdat de vraag hoog is, moet de productie toenemen om hieraan te voldoen.<\/p>\n\n\n\n<p>Industri\u00eble automatisering is belangrijk omdat het de productie stimuleert. Het vermindert ook de directe arbeidskosten en andere uitgaven. Een ander voordeel is dat het de productkwaliteit verbetert. Het maakt het product uniformer. Bovendien verhoogt het de snelheid naar de markt en verbetert het de veiligheid van werknemers. Bovendien leidt het tot effici\u00ebnt gebruik van materialen. Het maakt kortere werkweken voor arbeid mogelijk en verkort de doorlooptijden van de fabriek.<\/p>\n\n\n\n<p>Het grootste nadeel is dat het werknemers kan verdringen, wat een bron van stress kan zijn. Ze moeten mogelijk nieuwe vaardigheden leren voor hun nieuwe rollen. Werknemers moeten mogelijk ook hun gezinnen ontwortelen om nieuw werk te vinden. Een ander nadeel is de hoeveelheid kapitaal die nodig is om het op te zetten. Het vereist ook meer onderhoud dan handmatige handelingen.<\/p>\n\n\n\n<h2 class=\"wp-block-heading\">Belangrijkste functienamen<\/h2>\n\n\n\n<p>Enkele banen in dit vakgebied zijn:<\/p>\n\n\n\n<ul class=\"wp-block-list\">\n<li>Projectmanager<\/li>\n\n\n\n<li>Productmanager<\/li>\n\n\n\n<li>Regeltechnieker<\/li>\n\n\n\n<li>Verkoopingenieur<\/li>\n\n\n\n<li>Field Systems Engineer<\/li>\n\n\n\n<li>Automatiseringsapplicatie-ingenieur<\/li>\n\n\n\n<li>Technicus<\/li>\n\n\n\n<li>PLC-programmeur<\/li>\n<\/ul>\n\n\n\n<h2 class=\"wp-block-heading\">Waarom bedrijven industri\u00eble automatisering nodig hebben<\/h2>\n\n\n\n<p>Bedrijven hebben automatisering nodig om hun processen te stroomlijnen. Ze kunnen profiteren van robots en andere controlesystemen. Deze systemen verminderen menselijke fouten en besparen geld. Arbeidsintensieve, saaie taken kunnen ervoor zorgen dat werknemers zich vervelen en afgeleid raken. Automatisering geeft hen respijt van die taken. Het stelt hen in staat om hun aandacht en vaardigheden ergens anders op te richten.<\/p>\n\n\n\n<h2 class=\"wp-block-heading\">Belangrijkste succesfactoren<\/h2>\n\n\n\n<ol class=\"wp-block-list\">\n<li>Ontwerp: Om optimaal te profiteren van industri\u00eble automatisering, hebt u een eersteklas productontwerp nodig.<\/li>\n\n\n\n<li>Toeleveringsketen: Een toeleveringsketen die goed en tegen zo laag mogelijke kosten functioneert, is een aanwinst.<\/li>\n\n\n\n<li>Locatie: Veel industri\u00eble automatiseringsproducten zijn groot van formaat. Een locatie dicht bij de eindklant kan dus kosten verlagen.<\/li>\n\n\n\n<li>Processen: U hebt robuuste processen nodig. Deze behoefte neemt toe naarmate assemblages complexer worden.<\/li>\n\n\n\n<li>Kwaliteitscontroles: Uw bedrijf moet kwaliteit in de cultuur verankeren. Elke werknemer moet weten waarom zijn of haar rol in het proces cruciaal is.<\/li>\n\n\n\n<li>Aftermarket Services: U moet ook aftermarket services op maat maken. Deze services moeten aansluiten op uw behoeften en die van uw klanten.<\/li>\n<\/ol>\n\n\n\n<h2 class=\"wp-block-heading\">Over marktonderzoek industri\u00eble automatisering<\/h2>\n\n\n\n<p>De wereldwijde opleving van e-commerce is nu pas begonnen. Online winkelen zal de komende jaren blijven groeien. Zorg ervoor dat u kwantitatief onderzoek gebruikt om er het maximale uit te halen. Kwalitatief onderzoek kan u hierbij helpen. U hebt ook strategisch onderzoek nodig voor langetermijnplanning. Betrek uw toekomstige klanten via interviews, enqu\u00eates en focusgroepen. Het resultaat zal de groei van uw bedrijf en een toename van de winst zijn.<\/p>\n\n\n\n<h2 class=\"wp-block-heading\">Voordelen van marktonderzoek naar industri\u00eble automatisering voor het besluitvormingsproces<\/h2>\n\n\n\n<p>Het uitvoeren van marktonderzoek naar industri\u00eble automatisering speelt een cruciale rol bij het verkrijgen van inzicht in de huidige marktsituatie, het ontdekken van trends en kansen en het nemen van weloverwogen beslissingen met betrekking tot productontwikkeling en investeringen.<\/p>\n\n\n\n<p>Tegelijkertijd kunnen bedrijven hiermee technologische ontwikkelingen en de acties van concurrenten in de gaten houden en concurrerend blijven. Dit kan zeer nuttig zijn voor de planning en budgettering op de lange termijn.<\/p>\n\n\n\n<p>Thus, this sector is widely studied and growing, and increasing numbers of analysts are researching it in depth to provide their clients with precise and accurate data.<\/p>\n\n\n\n<h2 class=\"wp-block-heading\">Trends and opportunities in the industrial automation market research<\/h2>\n\n\n\n<figure class=\"gb-block-image gb-block-image-d8322473\"><img loading=\"lazy\" decoding=\"async\" width=\"1456\" height=\"816\" class=\"gb-image gb-image-d8322473\" src=\"https:\/\/www.sisinternational.com\/wp-content\/uploads\/2025\/08\/Industrial-1.jpg\" alt=\"SIS Internationaal Marktonderzoek &amp; Strategie\" title=\"Industrial (1)\" srcset=\"https:\/\/www.sisinternational.com\/wp-content\/uploads\/2025\/08\/Industrial-1.jpg 1456w, https:\/\/www.sisinternational.com\/wp-content\/uploads\/2025\/08\/Industrial-1-300x168.jpg 300w, https:\/\/www.sisinternational.com\/wp-content\/uploads\/2025\/08\/Industrial-1-1024x574.jpg 1024w, https:\/\/www.sisinternational.com\/wp-content\/uploads\/2025\/08\/Industrial-1-768x430.jpg 768w, https:\/\/www.sisinternational.com\/wp-content\/uploads\/2025\/08\/Industrial-1-18x10.jpg 18w\" sizes=\"auto, (max-width: 1456px) 100vw, 1456px\"><\/figure>\n\n\n\n<p><\/p>\n\n\n\n<p><a href=\"https:\/\/www.sisinternational.com\/nl\/islamic-banking-opportunities-and-obstacles-for-the-u-s-financial-industry\/\" title=\"Islamitisch bankieren: kansen en obstakels voor de Amerikaanse financi\u00eble sector\"  data-wpil-monitor-id=\"7022\">Industrial automation<\/a> is in a constant process of evolution with new business opportunities based on technologies such as artificial intelligence and the internet of things that are gradually changing the landscape and processes of industrial automation.<\/p>\n\n\n\n<p>Deze tools zorgen voor een betere connectiviteit, productiviteit, effici\u00ebntie en kosteneffectiviteit voor industri\u00eble automatisering.<\/p>\n\n\n\n<ul class=\"wp-block-list\">\n<li>Even technologies with a longer time in the <a href=\"https:\/\/www.sisinternational.com\/nl\/oplossingen\/ai-marktonderzoek-en-strategieconsulting\/computer-vision-ai-market-research\/\" title=\"Computer Vision AI Market Research\"  data-wpil-monitor-id=\"6913\">market such as cloud computing<\/a> are being massively adopted to improve the quality and security of industrial automation data. It ensures customers and relevant data are highlighted by analysts in their reports.<\/li>\n\n\n\n<li>Cybersecurity is ongetwijfeld een groeiende zorg, aangezien industri\u00eble automatiseringssystemen steeds meer verbonden en complexer worden. Als gevolg hiervan investeren meer bedrijven in beveiligingsoplossingen om hun systemen en gegevens te beschermen.<\/li>\n\n\n\n<li>The ever-growing prominence of robotics is also projected to drive the overall growth of the <a href=\"https:\/\/www.sisinternational.com\/nl\/expertise\/industrieen\/robotics-market-research\/\" title=\"Marktonderzoek robotica\"  data-wpil-monitor-id=\"5954\">industrial automation<\/a> market. Robotics entails the engineering, manufacturing, and operation of intelligent machines to aid human operators. It is increasingly being implemented in industrial automation processes to handle a variety of machinery and operations in the industry to boost efficiency, substitute manual labor, and increase overall performance and speed.<\/li>\n<\/ul>\n\n\n\n<p>Daarom moeten adviesbureaus alle veranderingen die plaatsvinden in de industri\u00eble automatiseringsindustrie benadrukken om nauwkeurige rapporten te leveren waarmee ze toekomstgerichte strategie\u00ebn kunnen maken. Ook zal het gebruik van nieuwe technologie\u00ebn de groei bevorderen en het bedrijfslandschap veranderen, omdat processen minder afhankelijk zullen zijn van menselijke analyse en meer van het gebruik van technologie\u00ebn.<\/p>\n\n\n\n<h2 class=\"wp-block-heading\">Kritische succesfactoren in marktonderzoek naar industri\u00eble automatisering<\/h2>\n\n\n\n<ul class=\"wp-block-list\">\n<li>Diepgaand inzicht in de markt en haar trends<\/li>\n\n\n\n<li>Identificatie van belangrijke spelers in de industrie<\/li>\n\n\n\n<li>Inzicht in de regelgevende en juridische omgeving<\/li>\n\n\n\n<li>Continue updates in technologische ontwikkelingen<\/li>\n\n\n\n<li>Het uitvoeren van klantenonderzoek<\/li>\n<\/ul>\n\n\n\n<h2 class=\"wp-block-heading\"><span style=\"font-weight: 400;\"><strong>Inzicht in marktonderzoek naar industri\u00eble automatisering<\/strong><\/span><\/h2>\n\n\n\n<p><span style=\"font-weight: 400;\">Industri\u00eble automatisering omvat het gebruik van moderne technologie om de automatisering van productieprocessen en -bewerkingen in industri\u00eble omgevingen te stimuleren. Deze markt zal naar verwachting de komende jaren een aanzienlijke groei doormaken, aangewakkerd door de toenemende acceptatie van geavanceerde technologische ontwikkelingen zoals kunstmatige intelligentie (AI), robotica en IoT in industri\u00eble processen.<\/span><\/p>\n\n\n\n<p><span style=\"font-weight: 400;\">Dit betekent dat marktonderzoek naar industri\u00eble automatisering een snelgroeiend gebied is, omdat de hulpmiddelen van deze sector voortdurend worden verbeterd en onderzoekers nieuwe strategie\u00ebn moeten implementeren om gelijke tred te houden met de ontwikkelingen in de sector. Hierdoor moeten ze de aanpak van marktanalisten aanpassen.<\/span><\/p>\n\n\n\n<h2 class=\"wp-block-heading\"><span style=\"font-weight: 400;\"><strong>Het belang van marktonderzoek naar industri\u00eble automatisering<\/strong><\/span><\/h2>\n\n\n\n<p><span style=\"font-weight: 400;\">Marktonderzoek naar industri\u00eble automatisering is van cruciaal belang voor de groei van de huidige maakindustrie. Een gedetailleerde studie van deze sector stelt ons in staat om het volgende te onderzoeken of te cre\u00ebren:<\/span><\/p>\n\n\n\n<ul class=\"wp-block-list\">\n<li><span style=\"font-weight: 400;\">Nieuwe marktkansen<\/span><\/li>\n\n\n\n<li><span style=\"font-weight: 400;\">Strategie\u00ebn voor markttoetreding<\/span><\/li>\n\n\n\n<li><span style=\"font-weight: 400;\">Mogelijke productlanceringen<\/span><\/li>\n\n\n\n<li><span style=\"font-weight: 400;\">Bruikbaarheidstesten<\/span><\/li>\n\n\n\n<li><span style=\"font-weight: 400;\">Analyse van concurrenten<\/span><\/li>\n\n\n\n<li><span style=\"font-weight: 400;\">Diepgaande voorspelling<\/span><\/li>\n\n\n\n<li><span style=\"font-weight: 400;\">Verkoop- en inkoopstrategie\u00ebn<\/span><\/li>\n\n\n\n<li><span style=\"font-weight: 400;\">En nog veel meer.<\/span><\/li>\n<\/ul>\n\n\n\n<p><span style=\"font-weight: 400;\">Bovendien zijn er, gezien de verspreiding van nieuwe technologie\u00ebn, belangrijke groeimotoren waarmee rekening moet worden gehouden in deze studies, zoals de toenemende acceptatie van data-analyse om gegevens te verwerken, bedrijfsprocessen te optimaliseren en besluitvorming te verbeteren.<\/span><\/p>\n\n\n\n<h2 class=\"wp-block-heading\"><span style=\"font-weight: 400;\"><strong>Voordelen van marktonderzoek naar industri\u00eble automatisering voor het besluitvormingsproces<\/strong><\/span><\/h2>\n\n\n\n<p><span style=\"font-weight: 400;\">Het uitvoeren van marktonderzoek naar industri\u00eble automatisering speelt een cruciale rol bij het verkrijgen van inzicht in de huidige marktsituatie, het ontdekken van trends en kansen en het nemen van weloverwogen beslissingen met betrekking tot productontwikkeling en investeringen.&nbsp;<\/span><\/p>\n\n\n\n<p><span style=\"font-weight: 400;\">Tegelijkertijd kunnen bedrijven hiermee technologische ontwikkelingen en de acties van concurrenten in de gaten houden en concurrerend blijven. Dit kan zeer nuttig zijn voor de planning en budgettering op de lange termijn.&nbsp;<\/span><\/p>\n\n\n\n<p><span style=\"font-weight: 400;\">Thus, this sector is widely studied and growing, and increasing numbers of analysts are researching it in depth to provide their clients with precise and accurate data.<\/span><\/p>\n\n\n\n<h2 class=\"wp-block-heading\"><span style=\"font-weight: 400;\"><strong>Trends and opportunities in the industrial automation market research\u00a0<\/strong><\/span><\/h2>\n\n\n\n<p><span style=\"font-weight: 400;\">Industri\u00eble automatisering is voortdurend in ontwikkeling en biedt nieuwe zakelijke kansen op basis van technologie\u00ebn zoals kunstmatige intelligentie en het internet der dingen. Deze technologie\u00ebn veranderen geleidelijk het landschap en de processen van industri\u00eble automatisering.<\/span><\/p>\n\n\n\n<p><span style=\"font-weight: 400;\">Deze tools zorgen voor een betere connectiviteit, productiviteit, effici\u00ebntie en kosteneffectiviteit voor industri\u00eble automatisering.&nbsp;<\/span><\/p>\n\n\n\n<ul class=\"wp-block-list\">\n<li><span style=\"font-weight: 400;\">Zelfs technologie\u00ebn die al langer op de markt zijn, zoals cloud computing, worden massaal geadopteerd om de kwaliteit en veiligheid van industri\u00eble automatiseringsdata te verbeteren. Het zorgt ervoor dat klanten en relevante data door analisten in hun rapporten worden benadrukt.\u00a0<\/span><\/li>\n\n\n\n<li><span style=\"font-weight: 400;\">Cybersecurity is ongetwijfeld een groeiende zorg, aangezien industri\u00eble automatiseringssystemen steeds meer verbonden en complexer worden. Als gevolg hiervan investeren meer bedrijven in beveiligingsoplossingen om hun systemen en gegevens te beschermen.\u00a0<\/span><\/li>\n\n\n\n<li><span style=\"font-weight: 400;\">The ever-growing prominence of robotics is also projected to drive the overall growth of the <a href=\"https:\/\/www.sisinternational.com\/nl\/expertise\/industrieen\/surgical-robot-market-research\/\" title=\"Marktonderzoek naar chirurgische robots\"  data-wpil-monitor-id=\"6617\">industrial automation<\/a> market. Robotics entails the engineering, manufacturing, and operation of intelligent machines to aid human operators. It is increasingly being implemented in industrial automation processes to handle a variety of machinery and operations in the industry to boost efficiency, substitute manual labor, and increase overall performance and speed.<\/span><\/li>\n<\/ul>\n\n\n\n<p><span style=\"font-weight: 400;\">Daarom moeten adviesbureaus alle veranderingen die plaatsvinden in de industri\u00eble automatiseringsindustrie benadrukken om nauwkeurige rapporten te leveren waarmee ze toekomstgerichte strategie\u00ebn kunnen maken. Ook zal het gebruik van nieuwe technologie\u00ebn de groei bevorderen en het bedrijfslandschap veranderen, omdat processen minder afhankelijk zullen zijn van menselijke analyse en meer van het gebruik van technologie\u00ebn.<\/span><\/p>\n\n\n\n<h2 class=\"wp-block-heading\"><span style=\"font-weight: 400;\"><strong>Kritische succesfactoren in marktonderzoek naar industri\u00eble automatisering<\/strong><\/span><\/h2>\n\n\n\n<ul class=\"wp-block-list\">\n<li><span style=\"font-weight: 400;\">Diepgaand inzicht in de markt en haar trends<\/span><\/li>\n\n\n\n<li><span style=\"font-weight: 400;\">Identificatie van belangrijke spelers in de industrie<\/span><\/li>\n\n\n\n<li><span style=\"font-weight: 400;\">Inzicht in de regelgevende en juridische omgeving<\/span><\/li>\n\n\n\n<li><span style=\"font-weight: 400;\">Continue updates in technologische ontwikkelingen<\/span><\/li>\n\n\n\n<li><span style=\"font-weight: 400;\">Het uitvoeren van klantenonderzoek<\/span><\/li>\n<\/ul>\n\n\n\n<h2 class=\"wp-block-heading\"><span style=\"font-weight: 400;\"><strong>Methodologies for conducting industrial automation market research\u00a0<\/strong><\/span><\/h2>\n\n\n\n<figure class=\"gb-block-image gb-block-image-c17ac629\"><img loading=\"lazy\" decoding=\"async\" width=\"1456\" height=\"816\" class=\"gb-image gb-image-c17ac629\" src=\"https:\/\/www.sisinternational.com\/wp-content\/uploads\/2025\/08\/Utilities-4.jpg\" alt=\"SIS Internationaal Marktonderzoek &amp; Strategie\" title=\"Utilities (4)\" srcset=\"https:\/\/www.sisinternational.com\/wp-content\/uploads\/2025\/08\/Utilities-4.jpg 1456w, https:\/\/www.sisinternational.com\/wp-content\/uploads\/2025\/08\/Utilities-4-300x168.jpg 300w, https:\/\/www.sisinternational.com\/wp-content\/uploads\/2025\/08\/Utilities-4-1024x574.jpg 1024w, https:\/\/www.sisinternational.com\/wp-content\/uploads\/2025\/08\/Utilities-4-768x430.jpg 768w, https:\/\/www.sisinternational.com\/wp-content\/uploads\/2025\/08\/Utilities-4-18x10.jpg 18w\" sizes=\"auto, (max-width: 1456px) 100vw, 1456px\"><\/figure>\n\n\n\n<p><\/p>\n\n\n\n<p><span style=\"font-weight: 400;\">Research assists strategists need to fully comprehending the values and feelings of their customers. It enables analysts to explore and elucidate the underlying reasons people feel the way they do and understand customers&#8217; perceptions of a product or service.\u00a0<\/span><\/p>\n\n\n\n<p><span style=\"font-weight: 400;\">Door diepgaande interviews met experts uit de sector, enqu\u00eates onder belangrijke belanghebbenden en focusgroepen kunnen bedrijven waardevolle inzichten en gegevens verkrijgen over de aankopen van klanten, gedragspatronen en reputatie op de markt, naast andere interessante gegevens.&nbsp;<\/span><\/p>\n\n\n\n<p><span style=\"font-weight: 400;\">In ieder geval is het belangrijk om rekening te houden met een aantal belangrijke succesfactoren voor een marktonderzoeksproject voor industri\u00eble automatisering, zoals:<\/span><\/p>\n\n\n\n<ul class=\"wp-block-list\">\n<li><b>Nauwkeurige onderzoeksdoelen met concrete voordelen<\/b><span style=\"font-weight: 400;\">. Keeping clear goals will lead the research to have clear data and, above all, findings that will straightforwardly facilitate decision-making for businesses.<\/span><\/li>\n\n\n\n<li><b>Betrouwbare bronnen met nauwkeurige gegevens<\/b><span style=\"font-weight: 400;\">Het hebben van kwalitatieve bronnen en het verzamelen van accurate data maakt het verschil tussen een slecht rapport en kwalitatief hoogstaand onderzoek dat volledig bruikbaar is voor de belangrijkste spelers in de industrie.<\/span><\/li>\n\n\n\n<li><b>Team met robuuste analytische capaciteiten<\/b><span style=\"font-weight: 400;\">Ondanks de introductie van kunstmatige intelligentie voor massamarktonderzoek, is het nog steeds van vitaal belang om analisten met uitgebreide analytische expertise in dienst te houden om de meest betekenisvolle inzichten en belangrijkste conclusies uit elk rapport te halen.<\/span><\/li>\n\n\n\n<li><b>Goede timing<\/b><span style=\"font-weight: 400;\">. To conduct industrial automation market research, it is often vital to adjust to new market trends as market circumstances vary greatly from year to year. The market is rapidly evolving, and timing is relevant for decision-making. For this reason, each report must be updated frequently to keep up with the latest technologies that are reshaping the landscape of this sector.<\/span><\/li>\n<\/ul>\n\n\n\n<h2 class=\"wp-block-heading\"><span style=\"font-weight: 400;\"><strong>Grote uitdagingen voor de industri\u00eble automatiseringssector<\/strong><\/span><\/h2>\n\n\n\n<p><span style=\"font-weight: 400;\">Ondanks alle voordelen die deze industrie kan hebben, brengt het ook enkele potenti\u00eble risico&#039;s met zich mee vanwege de constante generatie van nieuwe technologie\u00ebn die geen langetermijn-werkprotocollen toestaan. En dan hebben we het nog niet eens over het feit dat het verkrijgen van state-of-the-art technologie kostbaar kan zijn en een grote investering in de vroege stadia van het proces kan vereisen.&nbsp;<\/span><\/p>\n\n\n\n<p><span style=\"font-weight: 400;\">Deze sector zal daarom met de volgende uitdagingen te maken krijgen:<\/span><\/p>\n\n\n\n<ul class=\"wp-block-list\">\n<li><b>Stijgende kosten<\/b><span style=\"font-weight: 400;\">: The industrial automation industry relies on highly advanced technologies with sophisticated features. It leads to an increase in the cost of industrial operations, even if it is a cost-effective strategy in the medium and long term.<\/span><\/li>\n\n\n\n<li><b>Onvoldoende kennis<\/b><span style=\"font-weight: 400;\">: There is a gap in the knowledge of emerging technologies developed for industrial automation. Improved technologies in machinery and equipment require a profound understanding to perform the task, and a lack of knowledge can halt the growth of the industrial automation market.\u00a0<\/span><\/li>\n\n\n\n<li><b>Geen gestandaardiseerde protocollen en procedures<\/b><span style=\"font-weight: 400;\">: Without protocols to deal with rising technologies and the increasing pace of technological growth, companies can be challenged and hinder the advances of the industry.<\/span><\/li>\n<\/ul>\n\n\n\n<p><\/p>","protected":false},"excerpt":{"rendered":"<p>Industri\u00eble automatisering automatiseert productieprocessen in industri\u00eble omgevingen. De markt groeit door AI, robotica en IoT-adoptie.<\/p>","protected":false},"author":1,"featured_media":63184,"parent":14181,"menu_order":84,"comment_status":"closed","ping_status":"closed","template":"","meta":{"footnotes":""},"class_list":["post-39342","page","type-page","status-publish","has-post-thumbnail"],"_links":{"self":[{"href":"https:\/\/www.sisinternational.com\/nl\/wp-json\/wp\/v2\/pages\/39342","targetHints":{"allow":["GET"]}}],"collection":[{"href":"https:\/\/www.sisinternational.com\/nl\/wp-json\/wp\/v2\/pages"}],"about":[{"href":"https:\/\/www.sisinternational.com\/nl\/wp-json\/wp\/v2\/types\/page"}],"author":[{"embeddable":true,"href":"https:\/\/www.sisinternational.com\/nl\/wp-json\/wp\/v2\/users\/1"}],"replies":[{"embeddable":true,"href":"https:\/\/www.sisinternational.com\/nl\/wp-json\/wp\/v2\/comments?post=39342"}],"version-history":[{"count":9,"href":"https:\/\/www.sisinternational.com\/nl\/wp-json\/wp\/v2\/pages\/39342\/revisions"}],"predecessor-version":[{"id":80589,"href":"https:\/\/www.sisinternational.com\/nl\/wp-json\/wp\/v2\/pages\/39342\/revisions\/80589"}],"up":[{"embeddable":true,"href":"https:\/\/www.sisinternational.com\/nl\/wp-json\/wp\/v2\/pages\/14181"}],"wp:featuredmedia":[{"embeddable":true,"href":"https:\/\/www.sisinternational.com\/nl\/wp-json\/wp\/v2\/media\/63184"}],"wp:attachment":[{"href":"https:\/\/www.sisinternational.com\/nl\/wp-json\/wp\/v2\/media?parent=39342"}],"curies":[{"name":"wp","href":"https:\/\/api.w.org\/{rel}","templated":true}]}}