{"id":39257,"date":"2021-11-03T17:54:06","date_gmt":"2021-11-03T17:54:06","guid":{"rendered":"https:\/\/www.sisinternational.com\/?page_id=39257"},"modified":"2025-09-14T22:17:15","modified_gmt":"2025-09-15T02:17:15","slug":"marktonderzoek-in-haiti","status":"publish","type":"page","link":"https:\/\/www.sisinternational.com\/nl\/dekking\/marktonderzoek-in-het-caribisch-gebied\/marktonderzoek-in-haiti\/","title":{"rendered":"Marktonderzoek in Ha\u00efti"},"content":{"rendered":"<h1 class=\"wp-block-heading\">Marktonderzoek in Ha\u00efti<\/h1>\n\n\n\n<p><\/p>\n\n\n\n<figure class=\"gb-block-image gb-block-image-24b59cfb\"><img loading=\"lazy\" decoding=\"async\" width=\"1456\" height=\"816\" class=\"gb-image gb-image-24b59cfb\" src=\"https:\/\/www.sisinternational.com\/wp-content\/uploads\/2025\/09\/Haiti-3.jpg\" alt=\"SIS Internationaal Marktonderzoek &amp; Strategie\" title=\"Haiti (3)\" srcset=\"https:\/\/www.sisinternational.com\/wp-content\/uploads\/2025\/09\/Haiti-3.jpg 1456w, https:\/\/www.sisinternational.com\/wp-content\/uploads\/2025\/09\/Haiti-3-300x168.jpg 300w, https:\/\/www.sisinternational.com\/wp-content\/uploads\/2025\/09\/Haiti-3-1024x574.jpg 1024w, https:\/\/www.sisinternational.com\/wp-content\/uploads\/2025\/09\/Haiti-3-768x430.jpg 768w, https:\/\/www.sisinternational.com\/wp-content\/uploads\/2025\/09\/Haiti-3-18x10.jpg 18w\" sizes=\"auto, (max-width: 1456px) 100vw, 1456px\"><\/figure>\n\n\n\n<p><\/p>\n\n\n\n<p>Ha\u00efti is een land in het Caribisch gebied, gelegen op een groot eiland genaamd Hispaniola. Het beslaat het westelijke derde deel van het eiland, met de Dominicaanse Republiek aan de oostkant. Het is het derde grootste land in het Caribisch gebied qua oppervlakte en heeft in totaal 11,5 miljoen inwoners. Daarmee heeft het Cuba ingehaald als het meest bevolkte land van het Caribisch gebied. Port-au-Prince is de hoofdstad. Ha\u00eftiaans Creools is als Frans en het is het populairste dialect van het land.<\/p>\n\n\n\n<h2 class=\"wp-block-heading\">Belangrijkste industrie\u00ebn<\/h2>\n\n\n\n<p>Ha\u00efti heeft een vrijemarkteconomie met goedkope arbeidskosten. Veel Ha\u00eftianen zijn voor hun levensonderhoud afhankelijk van landbouw. Het land heeft ook een agrarische exportsector. Landbouw, bosbouw en visserij zijn goed voor ongeveer een kwart van het jaarlijkse BBP van Ha\u00efti. Deze industrie\u00ebn bieden werk aan meer dan twee derde van de beroepsbevolking. Ha\u00efti heeft ook een robuuste mijnbouwsector. Mijnwerkers graven naar mineralen zoals bauxiet, koper, calciumcarbonaat en goud.<\/p>\n\n\n\n<h2 class=\"wp-block-heading\">Buurten<\/h2>\n\n\n\n<p>In Ha\u00efti is criminaliteit in alle vormen gebruikelijk. Toch lijkt P\u00e9tion-Ville de veiligste optie. P\u00e9tion-Ville is een deel van de stad Port-au-Prince, gelegen op de oostelijke heuvels van het Massif de la Selle. De wijk dient als thuishaven en toeristische trekpleister. Bijna 100.000 nieuwe mensen hebben zich er de afgelopen twintig jaar gevestigd. De bevolking bedraagt nu 377.000. Ook in P\u00e9tion-Ville doen veel gezanten, eigenaren van buitenlandse bedrijven en rijke mensen zaken en wonen ze.<\/p>\n\n\n\n<h2 class=\"wp-block-heading\">Trends<\/h2>\n\n\n\n<p>De aardbeving van 2010 verwoestte veel huizen en kantoorgebouwen. Als gevolg daarvan zijn de prijzen van huizen en onroerend goed enorm gestegen. In deze &quot;ramp-economie&quot; is er een drang om immense rijkdommen te vergaren door hoge huren te vragen. Sommige Ha\u00eftianen hebben het geluk dat ze nog steeds een huis in goede staat bezitten. Zij hebben natuurlijk een voordeel.<\/p>\n\n\n\n<h2 class=\"wp-block-heading\">Voordelen en sterke punten op de markt<\/h2>\n\n\n\n<p>Een van de meest gewaardeerde activa van Ha\u00efti is de vaak tweetalige arbeid. De bevolking van het land is ook relatief jong, met een sterke behoefte aan werk. Bovendien is de regionale en lokale energievoorziening een van de opkomende bedrijven in Ha\u00efti.<\/p>\n\n\n\n<p>This country has several hoops to get over. Still, there are chances for small-to-medium-sized US <a href=\"https:\/\/www.sisinternational.com\/nl\/expertise\/industrieen\/design-firm-market-research\/\" title=\"Marktonderzoek voor ontwerpbureaus\"  data-wpil-monitor-id=\"7836\">firms in the Haitian market<\/a>. The cosmetics, grains, poultry, devices, and transportation <a href=\"https:\/\/www.sisinternational.com\/nl\/venezuela-oil-mining-industry-potential-strategic-forecast-2026-2036\/\" title=\"Venezuela Oil &amp; Mining Industry Potential: Strategic Forecast 2026-2036\"  data-wpil-monitor-id=\"7838\">industries have the export potential<\/a> for US companies.<\/p>\n\n\n\n<h2 class=\"wp-block-heading\">Consumentenbasis<\/h2>\n\n\n\n<p>A recent study on Haitian buyer preference was in part related to online shopping. The researchers <a href=\"https:\/\/www.sisinternational.com\/nl\/oplossingen\/online-enquete-steekproef-marktonderzoeksbedrijf\/\" title=\"Online Enqu\u00eate Bemonstering Marktonderzoek Bedrijf\"  data-wpil-monitor-id=\"7840\">surveyed<\/a> to find out whether Haitians buy online. The <a href=\"https:\/\/www.sisinternational.com\/nl\/sampling-techniques-in-qualitative-research-the-complete-guide-to-choosing-the-right-method\/\" title=\"Sampling Techniques in Qualitative Research: The Complete Guide to Choosing the Right Method\"  data-wpil-monitor-id=\"7846\">sample<\/a> consisted of people reached via the \u201csnowball\u201d method. The study showed that Haitians still hold a dim view of online shopping. They still seem to prefer traditional shopping. The study shows that various social metrics have an impact on online buying in Haiti. These metrics include gender, income, and education.<\/p>\n\n\n\n<h2 class=\"wp-block-heading\">Redenen om zaken te doen in Ha\u00efti<\/h2>\n\n\n\n<ul class=\"wp-block-list\">\n<li>Haiti has preferential access to the <a href=\"https:\/\/www.sisinternational.com\/nl\/expertise\/industrieen\/frontier-market-country-market-research\/\" title=\"Grensmarkt Land Marktonderzoek\"  data-wpil-monitor-id=\"7835\">markets of 17 developed countries<\/a>.<\/li>\n\n\n\n<li>Dankzij de wetgeving HOPE II en HELP heeft de kledingsector belastingvrije toegang tot de Amerikaanse markt.<\/li>\n\n\n\n<li>Bovendien is er een brede mobiele dekking en connectiviteit beschikbaar.<\/li>\n\n\n\n<li>Het land heeft een grote beroepsbevolking van mensen die bereid zijn om te werken. Meer dan 50 procent van de beroepsbevolking is jonger dan 30, en Ha\u00efti heeft een grote groep Engels-, Frans- en Spaanstaligen.<\/li>\n\n\n\n<li>Er zijn dagelijkse vluchten van de Verenigde Staten naar Port-au-Prince en Cap Haitien. U kunt ook binnenlandse vluchten krijgen.<\/li>\n<\/ul>\n\n\n\n<h2 class=\"wp-block-heading\">Marktonderzoek in Ha\u00efti<\/h2>\n\n\n\n<p>Doing quantitative, qualitative, and strategic research is critical. Other <a href=\"https:\/\/www.sisinternational.com\/nl\/oplossingen\/kwalitatieve-kwantitatieve-onderzoeksoplossingen\/centrale-locatietesten-versus-focusgroepen\/\" title=\"Centrale locatietesten versus focusgroepen\"  data-wpil-monitor-id=\"7834\">central needs are focus groups<\/a>, interviews, and surveys. These tools can expose the customer\u2019s true feelings. and thoughts. Also, in Haiti, the step of <a href=\"https:\/\/www.sisinternational.com\/nl\/oplossingen\/strategieconsulting\/onderzoek-naar-mogelijkheden-voor-markttoetreding\/the-effectiveness-of-product-testing-in-nyc-for-entering-the-american-market\/\" title=\"The Effectiveness of Product testing in NYC for Entering the American Market\"  data-wpil-monitor-id=\"7844\">entering the market<\/a> is like that of many other countries. To begin, you must first go to the country. During a visit, your <a href=\"https:\/\/www.sisinternational.com\/nl\/expertise\/cvs-van-ervaring\/cv-van-ervaring-in-de-automobielindustrie\/\" title=\"Marktonderzoeksbedrijf voor de automobielindustrie\"  data-wpil-monitor-id=\"7842\">company can create valuable industry<\/a> ties. These relations may be helpful to aid you in succeeding in the market.<\/p>\n\n\n\n<p><\/p>","protected":false},"excerpt":{"rendered":"<p>Marktonderzoek in Ha\u00efti Ha\u00efti is een land in het Caribisch gebied, gelegen op een groot eiland genaamd Hispaniola. Het beslaat het westelijke derde deel van het eiland, met de Dominicaanse Republiek aan de oostkant. Het is het derde grootste land in het Caribisch gebied qua oppervlakte en heeft in totaal 11,5 miljoen inwoners. Het \u2026 <a title=\"Marktonderzoek in Ha\u00efti\" class=\"read-more\" href=\"https:\/\/www.sisinternational.com\/nl\/dekking\/marktonderzoek-in-het-caribisch-gebied\/marktonderzoek-in-haiti\/\" aria-label=\"Lees meer over Market Research In Haiti\">Lees meer<\/a><\/p>","protected":false},"author":1,"featured_media":66128,"parent":33287,"menu_order":0,"comment_status":"closed","ping_status":"closed","template":"","meta":{"footnotes":""},"class_list":["post-39257","page","type-page","status-publish","has-post-thumbnail"],"_links":{"self":[{"href":"https:\/\/www.sisinternational.com\/nl\/wp-json\/wp\/v2\/pages\/39257","targetHints":{"allow":["GET"]}}],"collection":[{"href":"https:\/\/www.sisinternational.com\/nl\/wp-json\/wp\/v2\/pages"}],"about":[{"href":"https:\/\/www.sisinternational.com\/nl\/wp-json\/wp\/v2\/types\/page"}],"author":[{"embeddable":true,"href":"https:\/\/www.sisinternational.com\/nl\/wp-json\/wp\/v2\/users\/1"}],"replies":[{"embeddable":true,"href":"https:\/\/www.sisinternational.com\/nl\/wp-json\/wp\/v2\/comments?post=39257"}],"version-history":[{"count":5,"href":"https:\/\/www.sisinternational.com\/nl\/wp-json\/wp\/v2\/pages\/39257\/revisions"}],"predecessor-version":[{"id":81323,"href":"https:\/\/www.sisinternational.com\/nl\/wp-json\/wp\/v2\/pages\/39257\/revisions\/81323"}],"up":[{"embeddable":true,"href":"https:\/\/www.sisinternational.com\/nl\/wp-json\/wp\/v2\/pages\/33287"}],"wp:featuredmedia":[{"embeddable":true,"href":"https:\/\/www.sisinternational.com\/nl\/wp-json\/wp\/v2\/media\/66128"}],"wp:attachment":[{"href":"https:\/\/www.sisinternational.com\/nl\/wp-json\/wp\/v2\/media?parent=39257"}],"curies":[{"name":"wp","href":"https:\/\/api.w.org\/{rel}","templated":true}]}}