{"id":39193,"date":"2021-10-28T22:45:19","date_gmt":"2021-10-28T22:45:19","guid":{"rendered":"https:\/\/www.sisinternational.com\/?page_id=39193"},"modified":"2025-09-14T22:12:52","modified_gmt":"2025-09-15T02:12:52","slug":"marktonderzoek-in-ontario","status":"publish","type":"page","link":"https:\/\/www.sisinternational.com\/nl\/dekking\/north-america\/marktonderzoek-canada\/marktonderzoek-in-ontario\/","title":{"rendered":"Marktonderzoek in Ontario"},"content":{"rendered":"<h1 class=\"wp-block-heading\">Marktonderzoek in Ontario<\/h1>\n\n\n\n<figure class=\"gb-block-image gb-block-image-af9ff401\"><img loading=\"lazy\" decoding=\"async\" width=\"1456\" height=\"816\" class=\"gb-image gb-image-af9ff401\" src=\"https:\/\/www.sisinternational.com\/wp-content\/uploads\/2025\/08\/Toronto-3.jpg\" alt=\"SIS Internationaal Marktonderzoek &amp; Strategie\" title=\"Toronto (3)\" srcset=\"https:\/\/www.sisinternational.com\/wp-content\/uploads\/2025\/08\/Toronto-3.jpg 1456w, https:\/\/www.sisinternational.com\/wp-content\/uploads\/2025\/08\/Toronto-3-300x168.jpg 300w, https:\/\/www.sisinternational.com\/wp-content\/uploads\/2025\/08\/Toronto-3-1024x574.jpg 1024w, https:\/\/www.sisinternational.com\/wp-content\/uploads\/2025\/08\/Toronto-3-768x430.jpg 768w, https:\/\/www.sisinternational.com\/wp-content\/uploads\/2025\/08\/Toronto-3-18x10.jpg 18w\" sizes=\"auto, (max-width: 1456px) 100vw, 1456px\"><\/figure>\n\n\n\n<p><\/p>\n\n\n\n<h3 class=\"wp-block-heading\"><span style=\"font-weight: 400;\">Ontario biedt talloze mogelijkheden voor bedrijven die bereid zijn te investeren in marktkennis.<\/span><\/h3>\n\n\n\n<p><span style=\"font-weight: 400;\">Ontario is Canada&#039;s economische grootmacht, aangestuurd door belangrijke industrie\u00ebn zoals technologie, financi\u00ebn, productie en gezondheidszorg. Dus helpt marktonderzoek in Ontario bedrijven door dit complexe landschap te navigeren door essenti\u00eble inzichten te bieden in lokale markttrends, industri\u00eble dynamiek en consumentenvoorkeuren.<\/span><\/p>\n\n\n\n<h2 class=\"wp-block-heading\"><strong>Wat is marktonderzoek in Ontario? Waarom is het belangrijk?<\/strong><\/h2>\n\n\n\n<p><span style=\"font-weight: 400;\">Marktonderzoek in Ontario omvat het verzamelen, analyseren en interpreteren van gegevens over de marktomgeving van de provincie om inzicht te krijgen in het lokale consumentengedrag, trends in de sector en concurrentiedynamiek. Zo kunnen ze weloverwogen beslissingen nemen die zijn afgestemd op de unieke marktomstandigheden in Ontario.<\/span><\/p>\n\n\n\n<p><span style=\"font-weight: 400;\">One critical reason for conducting market research in Ontario is to stay competitive in the province\u2019s fast-paced technology and financial sectors. Toronto\u2019s status as Canada\u2019s financial hub and the rapid growth of tech ecosystems in areas like Kitchener-Waterloo make these industries particularly dynamic. That\u2019s why <a href=\"https:\/\/www.sisinternational.com\/nl\/expertise\/cvs-van-ervaring\/cv-van-ervaring-in-de-automobielindustrie\/\" title=\"Marktonderzoeksbedrijf voor de automobielindustrie\"  data-wpil-monitor-id=\"11230\">market research helps companies<\/a> understand local market trends, identify market gaps, and tailor their products and services to meet the evolving needs of Ontario\u2019s business-savvy consumer base.<\/span><\/p>\n\n\n\n<p><span style=\"font-weight: 400;\">Additionally, market research in Ontario is vital for businesses in manufacturing and healthcare, where local regulations, technological advancements, and supply chain complexities play a significant role. The province\u2019s manufacturing sector, which includes automotive and advanced manufacturing, requires detailed <a href=\"https:\/\/www.sisinternational.com\/nl\/global-beverage-market\/\" title=\"Global Beverage Market: Market Dynamics, Growth Projections &amp; Consumer Insights\"  data-wpil-monitor-id=\"11234\">insights into global market<\/a> conditions, consumer demand, and innovation trends.&nbsp;<\/span><\/p>\n\n\n\n<h2 class=\"wp-block-heading\"><strong>Voordelen van marktonderzoek in Ontario<\/strong><\/h2>\n\n\n\n<p><span style=\"font-weight: 400;\">Marktonderzoek in Ontario biedt verschillende belangrijke voordelen die cruciaal zijn voor bedrijven die succesvol willen zijn in deze dynamische markt:<\/span><\/p>\n\n\n\n<ul class=\"wp-block-list\">\n<li><b>Diepgaand inzicht in de dynamiek van de lokale markt:<\/b><span style=\"font-weight: 400;\"> Marktonderzoek in Ontario biedt inzicht in het diverse economische landschap van Ontario, inclusief de belangrijkste sectoren, zoals technologie, financi\u00ebn, productie en gezondheidszorg.\u00a0<\/span><\/li>\n\n\n\n<li><b>Verbeterde strategische besluitvorming:<\/b><span style=\"font-weight: 400;\"> <a href=\"https:\/\/www.sisinternational.com\/nl\/expertise\/industrieen\/chief-information-officer-cio-market-research\/\" title=\"Chief Information Officer (CIO) Marktonderzoek\"  data-wpil-monitor-id=\"11232\">Market research supports informed<\/a> decision-making by offering data on consumer behavior, market trends, and competitive landscapes.\u00a0<\/span><\/li>\n\n\n\n<li><b>Risicobeperking en aanpassing aan marktveranderingen:<\/b><span style=\"font-weight: 400;\"> Marktonderzoek in Ontario brengt mogelijke uitdagingen voor de markt in kaart, zoals wetswijzigingen, economische verschuivingen of technologische ontwrichtingen.\u00a0<\/span><\/li>\n\n\n\n<li><b><a href=\"https:\/\/www.sisinternational.com\/nl\/top-b2b-sales-optimalisatiebedrijf\/\" title=\"Top B2B Sales Optimalisatie Bedrijf\"  data-wpil-monitor-id=\"11222\">Optimized Marketing and Sales<\/a> Strategies:<\/b><span style=\"font-weight: 400;\"> Het helpt om de voorkeuren van de diverse consumentengroep van Ontario te begrijpen en stelt bedrijven in staat om gerichte marketingcampagnes te cre\u00ebren die aansluiten bij hun doelgroep.\u00a0<\/span><\/li>\n\n\n\n<li><b>Verbeterde concurrentiepositie:<\/b><span style=\"font-weight: 400;\"> Marktonderzoek in Ontario biedt inzicht in de strategie\u00ebn van concurrenten, waardoor bedrijven hun unieke sterke punten kunnen identificeren en zichzelf effectiever op de markt kunnen positioneren.<\/span><\/li>\n<\/ul>\n\n\n\n<h2 class=\"wp-block-heading\"><strong>Belangrijkste industrie\u00ebn in Ontario<\/strong><\/h2>\n\n\n\n<ul class=\"wp-block-list\">\n<li><b>Technologie en innovatie:<\/b><span style=\"font-weight: 400;\"> Ontario is een toonaangevend tech-centrum, met Toronto en Kitchener-Waterloo aan de voorhoede van de Canadese technologie- en innovatiesectoren. De provincie herbergt een bloeiend ecosysteem van startups, scale-ups en gevestigde techgiganten die gespecialiseerd zijn in softwareontwikkeling, AI, fintech en cybersecurity.\u00a0<\/span><\/li>\n\n\n\n<li><b>Financi\u00ebn en bankieren:<\/b><span style=\"font-weight: 400;\"> As Canada\u2019s financial capital, Toronto hosts major banks, investment firms, and fintech companies that drive Ontario\u2019s economy. The city\u2019s financial district is a key player in the <a href=\"https:\/\/www.sisinternational.com\/nl\/low-cost-carriers-in-de-luchtvaartindustrie\/\" title=\"Marktonderzoek naar goedkope luchtvaartmaatschappijen\"  data-wpil-monitor-id=\"11224\">global financial market<\/a>, influencing trends in banking, investment, and financial technology.\u00a0<\/span><\/li>\n\n\n\n<li><b>Productie:<\/b><span style=\"font-weight: 400;\"> De productiesector van Ontario, met name de automobiel- en geavanceerde productiesector, is een hoeksteen van de economie van de provincie. Van autoassemblagefabrieken tot geavanceerde robotica, de industrie staat bekend om zijn innovatie en exportcapaciteit.\u00a0<\/span><\/li>\n\n\n\n<li><b>Gezondheidszorg en levenswetenschappen:<\/b><span style=\"font-weight: 400;\"> De gezondheidszorg- en life sciencessector van Ontario breidt zich snel uit, aangestuurd door ontwikkelingen in digitale gezondheid, biotechnologie en medische apparatuur. De provincie is een hub voor innovatie in de gezondheidszorg, met talloze onderzoeksinstellingen en ziekenhuizen die vooroplopen.\u00a0<\/span><\/li>\n<\/ul>\n\n\n\n<h2 class=\"wp-block-heading\"><strong>Toonaangevende spelers in Ontario<\/strong><\/h2>\n\n\n\n<p><span style=\"font-weight: 400;\">Ontario is de thuisbasis van diverse toonaangevende spelers die een grote impact hebben op belangrijke sectoren, met name op het gebied van technologie, financi\u00ebn en productie.<\/span><\/p>\n\n\n\n<ul class=\"wp-block-list\">\n<li><b>Winkelen:<\/b><span style=\"font-weight: 400;\"> Shopify, met het hoofdkantoor in Ottawa, is een wereldwijd e-commerceplatform dat miljoenen online winkels wereldwijd aanstuurt. Als een van de meest vooraanstaande techbedrijven van Ontario, heeft Shopify zich gericht op het versterken van ondernemers en bedrijven met eenvoudig te gebruiken digitale tools, waardoor het een leider is geworden in de techindustrie.\u00a0<\/span><\/li>\n\n\n\n<li><b>Koninklijke Bank van Canada (RBC):<\/b><span style=\"font-weight: 400;\"> As one of the largest banks in Canada, RBC plays a critical role in Ontario\u2019s financial sector. With a strong presence in Toronto\u2019s financial district, RBC provides a wide range of banking, investment, and <a href=\"https:\/\/www.sisinternational.com\/nl\/financial-services-consulting\/ultra-high-net-worth-wealth-management-services\/\" title=\"Ultra High Net Worth Wealth Management Services\"  data-wpil-monitor-id=\"11228\">wealth management services<\/a>.\u00a0<\/span><\/li>\n\n\n\n<li><b>Sun Life Financieel:<\/b><span style=\"font-weight: 400;\"> Als toonaangevend verzekerings- en financi\u00eble dienstverlener is Sun Life een belangrijke speler in het financi\u00eble landschap van Ontario. Het bedrijf biedt een scala aan producten, waaronder levensverzekeringen, ziektekostenverzekeringen en beleggingsdiensten, voor zowel particuliere als zakelijke klanten.\u00a0<\/span><\/li>\n<\/ul>\n\n\n\n<h2 class=\"wp-block-heading\"><strong>Regionale inzichten over Ontario<\/strong><\/h2>\n\n\n\n<figure class=\"gb-block-image gb-block-image-fa1ca0da\"><img loading=\"lazy\" decoding=\"async\" width=\"1456\" height=\"816\" class=\"gb-image gb-image-fa1ca0da\" src=\"https:\/\/www.sisinternational.com\/wp-content\/uploads\/2025\/08\/Toronto-1.jpg\" alt=\"SIS Internationaal Marktonderzoek &amp; Strategie\" title=\"Toronto (1)\" srcset=\"https:\/\/www.sisinternational.com\/wp-content\/uploads\/2025\/08\/Toronto-1.jpg 1456w, https:\/\/www.sisinternational.com\/wp-content\/uploads\/2025\/08\/Toronto-1-300x168.jpg 300w, https:\/\/www.sisinternational.com\/wp-content\/uploads\/2025\/08\/Toronto-1-1024x574.jpg 1024w, https:\/\/www.sisinternational.com\/wp-content\/uploads\/2025\/08\/Toronto-1-768x430.jpg 768w, https:\/\/www.sisinternational.com\/wp-content\/uploads\/2025\/08\/Toronto-1-18x10.jpg 18w\" sizes=\"auto, (max-width: 1456px) 100vw, 1456px\"><\/figure>\n\n\n\n<p><\/p>\n\n\n\n<p><span style=\"font-weight: 400;\">De regionale diversiteit in Ontario speelt een belangrijke rol bij de dynamiek van de markt en biedt bedrijven in de hele provincie zowel specifieke kansen als uitdagingen.<\/span><\/p>\n\n\n\n<p><b>Groot Toronto gebied (GTA):<\/b><span style=\"font-weight: 400;\">&nbsp;<\/span><\/p>\n\n\n\n<p><span style=\"font-weight: 400;\">De GTA, met Toronto, Mississauga en Brampton, is de economische grootmacht van Ontario. De diverse economie omvat financi\u00ebn, technologie, productie en entertainment. Toronto, de grootste stad van Canada, is een wereldwijd financieel knooppunt en een magneet voor technologische innovatie.&nbsp;<\/span><\/p>\n\n\n\n<p><b>Kitchener-Waterloo en Guelph:<\/b><span style=\"font-weight: 400;\">&nbsp;<\/span><\/p>\n\n\n\n<p><span style=\"font-weight: 400;\">De regio Kitchener-Waterloo is een belangrijk centrum voor technologie en innovatie. Met een sterke aanwezigheid van startups, onderzoeksinstellingen en techgiganten is dit gebied een broedplaats voor AI, fintech en geavanceerde productie.&nbsp;<\/span><\/p>\n\n\n\n<p><b>Zuidwestelijk Ontario:<\/b><span style=\"font-weight: 400;\">&nbsp;<\/span><\/p>\n\n\n\n<p><span style=\"font-weight: 400;\">Zuidwestelijk Ontario, met steden als London en Windsor, is een belangrijke regio voor autoproductie en landbouw. De nabijheid van Windsor tot de Amerikaanse grens maakt het een strategische locatie voor autoproductie, met name voor onderdelen en assemblage.&nbsp;<\/span><\/p>\n\n\n\n<p><b>Noord-Ontario:<\/b><span style=\"font-weight: 400;\">&nbsp;<\/span><\/p>\n\n\n\n<p><span style=\"font-weight: 400;\">Deze regio is rijk aan natuurlijke hulpbronnen, waaronder mijnbouw, bosbouw en energie. Deze industrie\u00ebn hebben een grote invloed op de economie van Noord-Ontario en er zijn aanzienlijke kansen in duurzame mijnbouw en groene energieprojecten.&nbsp;<\/span><\/p>\n\n\n\n<h2 class=\"wp-block-heading\"><strong>Belangrijkste toeristische attracties in Ontario<\/strong><\/h2>\n\n\n\n<p><span style=\"font-weight: 400;\">Ontario heeft een breed scala aan toeristische attracties, van bruisende stadscentra tot serene natuurlandschappen. Toerisme levert dan ook een belangrijke bijdrage aan de economie van de provincie.<\/span><\/p>\n\n\n\n<ul class=\"wp-block-list\">\n<li><b>Niagara watervallen:<\/b><span style=\"font-weight: 400;\"> Een van de beroemdste natuurlijke attracties ter wereld, Niagara Falls, trekt elk jaar miljoenen bezoekers. De adembenemende watervallen, gecombineerd met een verscheidenheid aan attracties zoals boottochten, casino&#039;s en entertainmentlocaties, maken het een must-see bestemming.\u00a0<\/span><\/li>\n\n\n\n<li><b>CN Tower en Toronto&#039;s Waterfront:<\/b><span style=\"font-weight: 400;\"> De CN Tower biedt een panoramisch uitzicht over de stad en Lake Ontario. Naast de CN Tower trekt de bruisende waterkant van Toronto, met zijn parken, stranden en culturele locaties, zowel locals als toeristen.\u00a0<\/span><\/li>\n\n\n\n<li><b>Provinciaal park Algonquin:<\/b><span style=\"font-weight: 400;\"> Algonquin Park is een topbestemming voor outdoorliefhebbers, met activiteiten zoals wandelen, kano\u00ebn en kamperen. De natuurlijke schoonheid en biodiversiteit van het park maken het een populaire plek voor ecotoerisme.\u00a0<\/span><\/li>\n\n\n\n<li><b>Parlementsheuvel van Ottawa:<\/b><span style=\"font-weight: 400;\"> Ottawa is de thuisbasis van talloze nationale bezienswaardigheden, waarvan Parliament Hill de meest iconische is. De locatie herbergt overheidsgebouwen, historische architectuur en seizoensgebonden evenementen zoals de wisseling van de wacht.\u00a0<\/span><\/li>\n<\/ul>\n\n\n\n<h2 class=\"wp-block-heading\"><strong>Marktonderzoek in Ontario:&nbsp;<\/strong>Buurten<\/h2>\n\n\n\n<p>Toronto ligt aan de noordwestelijke oever van Lake Ontario. Het is een levendige plek met hoogbouw in het hart, overschaduwd door de iconische vrijstaande CN-toren. Evenzo is Toronto een zaken-, financieel, artistiek en cultureel centrum. Om deze reden beschouwen veel mensen het als een van de meest diverse steden ter wereld.<\/p>\n\n\n\n<p>West Queen West is een hippe wijk met galerie\u00ebn en eigenzinnige indiewinkels die kunstenaars en andere creatievelingen aantrekken. Mensen zijn er dol op vanwege de Graffiti Alley-muurschilderingen en hippie-straatmode. Er zijn ook drukke pubs, caf\u00e9s en bistro&#039;s. Het Trinity Bellwoods Park is een populaire ontmoetingsplaats voor gezinnen en hondenbezitters, terwijl de Drake en Gladstone &quot;kunsthotels&quot; vaak concerten en andere evenementen houden.<\/p>\n\n\n\n<h2 class=\"wp-block-heading\"><strong>Marktdrivers in Ontario<\/strong><\/h2>\n\n\n\n<figure class=\"gb-block-image gb-block-image-a4429bb5\"><img loading=\"lazy\" decoding=\"async\" width=\"1456\" height=\"816\" class=\"gb-image gb-image-a4429bb5\" src=\"https:\/\/www.sisinternational.com\/wp-content\/uploads\/2025\/08\/Toronto-2.jpg\" alt=\"SIS Internationaal Marktonderzoek &amp; Strategie\" title=\"Toronto (2)\" srcset=\"https:\/\/www.sisinternational.com\/wp-content\/uploads\/2025\/08\/Toronto-2.jpg 1456w, https:\/\/www.sisinternational.com\/wp-content\/uploads\/2025\/08\/Toronto-2-300x168.jpg 300w, https:\/\/www.sisinternational.com\/wp-content\/uploads\/2025\/08\/Toronto-2-1024x574.jpg 1024w, https:\/\/www.sisinternational.com\/wp-content\/uploads\/2025\/08\/Toronto-2-768x430.jpg 768w, https:\/\/www.sisinternational.com\/wp-content\/uploads\/2025\/08\/Toronto-2-18x10.jpg 18w\" sizes=\"auto, (max-width: 1456px) 100vw, 1456px\"><\/figure>\n\n\n\n<p><\/p>\n\n\n\n<p><span style=\"font-weight: 400;\">Verschillende belangrijke marktfactoren stimuleren de groei in Ontario, waardoor het een van de meest dynamische provincies van Canada is voor bedrijven en investeringen.<\/span><\/p>\n\n\n\n<ul class=\"wp-block-list\">\n<li><b>Technologische innovatie:<\/b><span style=\"font-weight: 400;\"> Ontario loopt voorop in technologische innovatie in Canada. Het bloeiende tech-ecosysteem van de provincie, ondersteund door een sterke talentenpool en toegang tot durfkapitaal, stimuleert groei in sectoren zoals AI, fintech en digitale gezondheid.\u00a0<\/span><\/li>\n\n\n\n<li><b>Diverse economische basis:<\/b><span style=\"font-weight: 400;\"> De diverse economie van Ontario, die technologie, financi\u00ebn, productie, landbouw en natuurlijke hulpbronnen omvat, biedt veerkracht tegen economische schommelingen. Deze brede economische basis trekt bedrijven uit verschillende sectoren aan, wat een competitieve omgeving bevordert en de algehele groei stimuleert.\u00a0<\/span><\/li>\n\n\n\n<li><b>Strategische ligging en handelstoegang:<\/b><span style=\"font-weight: 400;\"> De strategische ligging van Ontario, met de nabijheid van belangrijke Amerikaanse markten en toegang tot belangrijke handelsroutes, maakt het een ideale uitvalsbasis voor bedrijven die internationaal willen uitbreiden. De sterke logistieke infrastructuur van de provincie, met inbegrip van grote havens, luchthavens en snelwegen, faciliteert effici\u00ebnte handels- en toeleveringsketenoperaties.\u00a0<\/span><\/li>\n\n\n\n<li><b>Focus op duurzaamheid en groene technologie:<\/b><span style=\"font-weight: 400;\"> Ontario&#039;s toewijding aan duurzaamheid stimuleert de groei van groene technologie, hernieuwbare energie en duurzame productie. De provincie investeert in schone energieprojecten, infrastructuur voor elektrische voertuigen en initiatieven voor afvalvermindering, waardoor er kansen ontstaan voor bedrijven die betrokken zijn bij groene technologie.\u00a0<\/span><\/li>\n<\/ul>\n\n\n\n<h2 class=\"wp-block-heading\"><strong>Marktbeperkingen in Ontario<\/strong><\/h2>\n\n\n\n<p><span style=\"font-weight: 400;\">Ondanks de vele mogelijkheden kampt Ontario met een aantal marktbeperkingen waar bedrijven mee te maken krijgen om succesvol te zijn in de provincie.<\/span><\/p>\n\n\n\n<ul class=\"wp-block-list\">\n<li><b>Hoge kosten voor levensonderhoud en zakelijke activiteiten:<\/b><span style=\"font-weight: 400;\"> Ontario, en met name Toronto, heeft een aantal van de hoogste kosten voor levensonderhoud en bedrijfsvoering in Canada. Dit kan een uitdaging vormen voor bedrijven, met name startups en kleine bedrijven, aangezien hoge vastgoedprijzen, lonen en operationele kosten de winstgevendheid kunnen be\u00efnvloeden.\u00a0<\/span><\/li>\n\n\n\n<li><b>Uitdagingen op het gebied van regelgeving en naleving:<\/b><span style=\"font-weight: 400;\"> De diverse industrie\u00ebn van Ontario zijn onderhevig aan complexe regelgevingskaders, met name in sectoren als financi\u00ebn, gezondheidszorg en productie. Het navigeren door deze regelgeving kan kostbaar en tijdrovend zijn, met name voor bedrijven die niet bekend zijn met de lokale wettelijke vereisten.\u00a0<\/span><\/li>\n\n\n\n<li><b>Knelpunten in infrastructuur en transport:<\/b><span style=\"font-weight: 400;\"> De groeiende bevolking en economische activiteit in Ontario zetten de infrastructuur van de provincie onder druk. Dit leidt tot verkeersopstoppingen en transportproblemen, vooral in stedelijke centra zoals Toronto.\u00a0<\/span><\/li>\n<\/ul>\n\n\n\n<h2 class=\"wp-block-heading\"><strong>Hoe SIS International&#039;s marktonderzoek in Ontario bedrijven helpt<\/strong><\/h2>\n\n\n\n<p><span style=\"font-weight: 400;\">Bij <\/span><a href=\"https:\/\/www.linkedin.com\/company\/sisinternationalresearch\/\" target=\"_blank\" rel=\"noopener\"><span style=\"font-weight: 400;\">SIS Internationaal<\/span><\/a><span style=\"font-weight: 400;\">, ons marktonderzoek in Ontario biedt bedrijven de essenti\u00eble inzichten die ze nodig hebben om door deze diverse en competitieve markt te navigeren. Onze marktonderzoeksaanpak in Ontario richt zich op het leveren van datagestuurde strategie\u00ebn die bedrijven helpen de lokale marktdynamiek te begrijpen, groeimogelijkheden te identificeren en weloverwogen beslissingen te nemen die aansluiten bij de unieke economische omgeving van Ontario.<\/span><\/p>\n\n\n\n<p><b>Verbeterde strategische planning:<\/b><span style=\"font-weight: 400;\">&nbsp;<\/span><\/p>\n\n\n\n<p><span style=\"font-weight: 400;\">Ons <a href=\"https:\/\/www.linkedin.com\/pulse\/how-market-research-enables-growth-ruth-stanat-phekf\/\" target=\"_blank\" rel=\"noopener\">marktonderzoek<\/a> in Ontario voorziet bedrijven van een uitgebreid begrip van de belangrijkste industrie\u00ebn van de provincie, waaronder technologie, financi\u00ebn, productie en gezondheidszorg. Door deze inzichten te benutten, kunnen bedrijven op maat gemaakte strategie\u00ebn ontwikkelen die aansluiten bij lokale trends, de marktpositie verbeteren en groei stimuleren in de evoluerende economie van de provincie.<\/span><\/p>\n\n\n\n<p><b>Hogere inkomsten en een hoger rendement op uw investering:<\/b><span style=\"font-weight: 400;\">&nbsp;<\/span><\/p>\n\n\n\n<p><span style=\"font-weight: 400;\">We help businesses identify high-potential sectors and emerging opportunities, such as fintech, advanced manufacturing, and green technology. Our detailed analysis ensures that businesses can effectively <a href=\"https:\/\/www.sisinternational.com\/nl\/oplossingen\/fintech-strategie-consulting-onderzoek\/kapitaalmarkten-marktonderzoek\/\" title=\"Kapitaalmarkten Marktonderzoek\" data-wpil-monitor-id=\"11236\">capitalize on Ontario\u2019s dynamic market<\/a>.<\/span><\/p>\n\n\n\n<p><b>Risicoreductie en verbeterde operationele effici\u00ebntie:<\/b><span style=\"font-weight: 400;\">&nbsp;<\/span><\/p>\n\n\n\n<p><span style=\"font-weight: 400;\">Ons marktonderzoek in Ontario identificeert potenti\u00eble marktbeperkingen, zoals wettelijke hindernissen, tekorten aan vaardigheden en infrastructuuruitdagingen. Wij helpen bedrijven om deze problemen proactief aan te pakken, hun activiteiten te optimaliseren en risico&#039;s te verminderen die samenhangen met marktveranderingen, waardoor stabiliteit op de lange termijn in de concurrerende omgeving van Ontario wordt gewaarborgd.<\/span><\/p>\n\n\n\n<p><b>Versnelde groei en innovatie:<\/b><span style=\"font-weight: 400;\">&nbsp;<\/span><\/p>\n\n\n\n<p><span style=\"font-weight: 400;\">Ontario&#039;s nadruk op innovatie zorgt ervoor dat bedrijven voorop blijven lopen op trends in de industrie. Ons marktonderzoek in Ontario helpt bedrijven om de innovatieve sectoren van de provincie aan te boren, nieuwe productontwikkeling te stimuleren en kansen te verkennen die duurzame groei bevorderen.<\/span><\/p>\n\n\n\n<h2 class=\"wp-block-heading\">Over marktonderzoek in Ontario<\/h2>\n\n\n\n<p>Wilt u een bedrijf starten in Ontario? Dan bent u bij ons aan het juiste adres. Wij richten focusgroepen op in verschillende bedrijfsgebieden in Canada. Ook kunnen wij kwantitatief, kwalitatief en strategisch onderzoek voor u uitvoeren. Onderzoek is een essenti\u00eble stap voorwaarts voor het zakendoen in deze provincie. Wij verzamelen de benodigde elementen voor u en uw bedrijf. Wij doen ook enqu\u00eates, interviews en ander marktonderzoek, wat het succes van uw bedrijf zal verzekeren.<\/p>\n\n\n\n<h2 class=\"wp-block-heading\"><strong>Over SIS Internationaal<\/strong><\/h2>\n\n\n\n<p><a href=\"https:\/\/www.sisinternational.com\/nl\/\"><span style=\"font-weight: 400;\">SIS Internationaal<\/span><\/a><span style=\"font-weight: 400;\"> offers Quantitative, Qualitative, and Strategy Research. We provide data, tools, strategies, reports, and insights for decision-making. We also conduct interviews, surveys, focus groups, and other <a href=\"https:\/\/www.sisinternational.com\/nl\/quantitative-market-research-methods-and-techniques\/\" title=\"Quantitative Market Research Methods and Techniques\" data-wpil-monitor-id=\"11227\">Market Research methods<\/a> and approaches.<\/span><a href=\"https:\/\/www.sisinternational.com\/nl\/over-sis-internationaal-onderzoek\/contact-sis-international-market-research\/\"><span style=\"font-weight: 400;\"> Neem contact met ons op<\/span><\/a><span style=\"font-weight: 400;\"> voor uw volgende marktonderzoeksproject.<\/span><\/p>\n\n\n\n<p><\/p>","protected":false},"excerpt":{"rendered":"<p>Market Research in Ontario Ontario offers numerous opportunities for businesses willing to invest in market understanding. Ontario is Canada\u2019s economic powerhouse, driven by key industries such as technology, finance, manufacturing, and healthcare. So, market research in Ontario helps businesses navigate this complex landscape by providing essential insights into local market trends, industry dynamics, and consumer &#8230; <a title=\"Marktonderzoek in Ontario\" class=\"read-more\" href=\"https:\/\/www.sisinternational.com\/nl\/dekking\/north-america\/marktonderzoek-canada\/marktonderzoek-in-ontario\/\" aria-label=\"Lees meer over Market Research in Ontario\">Lees meer<\/a><\/p>","protected":false},"author":1,"featured_media":65357,"parent":16507,"menu_order":9,"comment_status":"closed","ping_status":"closed","template":"","meta":{"footnotes":""},"class_list":["post-39193","page","type-page","status-publish","has-post-thumbnail"],"_links":{"self":[{"href":"https:\/\/www.sisinternational.com\/nl\/wp-json\/wp\/v2\/pages\/39193","targetHints":{"allow":["GET"]}}],"collection":[{"href":"https:\/\/www.sisinternational.com\/nl\/wp-json\/wp\/v2\/pages"}],"about":[{"href":"https:\/\/www.sisinternational.com\/nl\/wp-json\/wp\/v2\/types\/page"}],"author":[{"embeddable":true,"href":"https:\/\/www.sisinternational.com\/nl\/wp-json\/wp\/v2\/users\/1"}],"replies":[{"embeddable":true,"href":"https:\/\/www.sisinternational.com\/nl\/wp-json\/wp\/v2\/comments?post=39193"}],"version-history":[{"count":6,"href":"https:\/\/www.sisinternational.com\/nl\/wp-json\/wp\/v2\/pages\/39193\/revisions"}],"predecessor-version":[{"id":81831,"href":"https:\/\/www.sisinternational.com\/nl\/wp-json\/wp\/v2\/pages\/39193\/revisions\/81831"}],"up":[{"embeddable":true,"href":"https:\/\/www.sisinternational.com\/nl\/wp-json\/wp\/v2\/pages\/16507"}],"wp:featuredmedia":[{"embeddable":true,"href":"https:\/\/www.sisinternational.com\/nl\/wp-json\/wp\/v2\/media\/65357"}],"wp:attachment":[{"href":"https:\/\/www.sisinternational.com\/nl\/wp-json\/wp\/v2\/media?parent=39193"}],"curies":[{"name":"wp","href":"https:\/\/api.w.org\/{rel}","templated":true}]}}