{"id":38925,"date":"2021-09-25T02:54:21","date_gmt":"2021-09-25T02:54:21","guid":{"rendered":"https:\/\/www.sisinternational.com\/?page_id=38925"},"modified":"2026-01-25T16:53:53","modified_gmt":"2026-01-25T21:53:53","slug":"marktonderzoek-servie","status":"publish","type":"page","link":"https:\/\/www.sisinternational.com\/nl\/dekking\/europa\/marktonderzoek-servie\/","title":{"rendered":"Marktonderzoek in Servi\u00eb"},"content":{"rendered":"<h1 class=\"wp-block-heading\">Marktonderzoek in Servi\u00eb<\/h1>\n\n\n\n<figure class=\"gb-block-image gb-block-image-9a13ce2a\"><img loading=\"lazy\" decoding=\"async\" width=\"1456\" height=\"816\" class=\"gb-image gb-image-9a13ce2a\" src=\"https:\/\/www.sisinternational.com\/wp-content\/uploads\/2025\/09\/Serbia-1.jpg\" alt=\"SIS Internationaal Marktonderzoek &amp; Strategie\" title=\"Serbia (1)\" srcset=\"https:\/\/www.sisinternational.com\/wp-content\/uploads\/2025\/09\/Serbia-1.jpg 1456w, https:\/\/www.sisinternational.com\/wp-content\/uploads\/2025\/09\/Serbia-1-300x168.jpg 300w, https:\/\/www.sisinternational.com\/wp-content\/uploads\/2025\/09\/Serbia-1-1024x574.jpg 1024w, https:\/\/www.sisinternational.com\/wp-content\/uploads\/2025\/09\/Serbia-1-768x430.jpg 768w, https:\/\/www.sisinternational.com\/wp-content\/uploads\/2025\/09\/Serbia-1-18x10.jpg 18w\" sizes=\"auto, (max-width: 1456px) 100vw, 1456px\"><\/figure>\n\n\n\n<hr class=\"wp-block-separator has-alpha-channel-opacity is-style-dots\"\/>\n\n\n\n<p>Servi\u00eb is een goede bestemming voor bedrijven die op zoek zijn naar groei en uitbreiding. De strategische ligging, het geschoolde personeelsbestand en de opkomende industrie\u00ebn bieden unieke kansen voor marktonderzoek om ge\u00efnformeerde besluitvorming te stimuleren. Daarom onthult marktonderzoek in Servi\u00eb unieke zakelijke kansen en stimuleert het ge\u00efnformeerde besluitvorming.<\/p>\n\n\n\n<h2 class=\"wp-block-heading\">Wat is marktonderzoek in Servi\u00eb?<\/h2>\n\n\n\n<p>Marktonderzoek in Servi\u00eb is gericht op het begrijpen van consumentengedrag, industrietrends en concurrentielandschappen binnen de Servische markt. Het omvat een systematisch onderzoek om kansen en uitdagingen te identificeren die bedrijven kunnen tegenkomen. Door uitgebreid marktonderzoek uit te voeren, krijgen bedrijven waardevolle inzichten in klantvoorkeuren, marktvraag en regelgevingskaders, wat ge\u00efnformeerde markttoetredingsstrategie\u00ebn en product-\/serviceoptimalisaties mogelijk maakt.<\/p>\n\n\n\n<h2 class=\"wp-block-heading\">Waarom hebben bedrijven in Servi\u00eb marktonderzoek nodig?<\/h2>\n\n\n\n<p>Marktonderzoek in Servi\u00eb biedt een diepgaand inzicht in de voorkeuren, het gedrag en de kooppatronen van Servische consumenten. Door middel van marktonderzoek kunnen bedrijven onontgonnen marktsegmenten, opkomende trends en groeimogelijkheden in Servi\u00eb identificeren. Deze informatie maakt gerichte markttoetredingsstrategie\u00ebn en product-\/serviceontwikkeling mogelijk die aansluiten op de behoeften van de markt.<\/p>\n\n\n\n<p>Bovendien stelt marktonderzoek in Servi\u00eb bedrijven in staat om het concurrentielandschap te beoordelen en de strategie\u00ebn, sterktes en zwaktes van concurrenten te begrijpen. Door marktgegevens en consumententrends te analyseren, kunnen bedrijven potenti\u00eble risico&#039;s en uitdagingen op de Servische markt anticiperen. Deze proactieve aanpak maakt risicobeperking en ge\u00efnformeerde besluitvorming mogelijk.<\/p>\n\n\n\n<h2 class=\"wp-block-heading\">Wanneer moet u marktonderzoek uitvoeren in Servi\u00eb?<\/h2>\n\n\n\n<figure class=\"gb-block-image gb-block-image-5623b722\"><img loading=\"lazy\" decoding=\"async\" width=\"1456\" height=\"816\" class=\"gb-image gb-image-5623b722\" src=\"https:\/\/www.sisinternational.com\/wp-content\/uploads\/2025\/09\/Serbia-2.jpg\" alt=\"SIS Internationaal Marktonderzoek &amp; Strategie\" title=\"Serbia (2)\" srcset=\"https:\/\/www.sisinternational.com\/wp-content\/uploads\/2025\/09\/Serbia-2.jpg 1456w, https:\/\/www.sisinternational.com\/wp-content\/uploads\/2025\/09\/Serbia-2-300x168.jpg 300w, https:\/\/www.sisinternational.com\/wp-content\/uploads\/2025\/09\/Serbia-2-1024x574.jpg 1024w, https:\/\/www.sisinternational.com\/wp-content\/uploads\/2025\/09\/Serbia-2-768x430.jpg 768w, https:\/\/www.sisinternational.com\/wp-content\/uploads\/2025\/09\/Serbia-2-18x10.jpg 18w\" sizes=\"auto, (max-width: 1456px) 100vw, 1456px\"><\/figure>\n\n\n\n<p><\/p>\n\n\n\n<p>Marktonderzoek moet worden uitgevoerd in verschillende stadia van de bedrijfsontwikkeling in Servi\u00eb:<\/p>\n\n\n\n<ul class=\"wp-block-list\">\n<li><strong>Planning voor markttoetreding<\/strong>:Marktonderzoek in Servi\u00eb helpt bij het beoordelen van de marktrijpheid, het concurrentielandschap en het regelgevingsklimaat voordat de markt wordt betreden.<\/li>\n\n\n\n<li><strong>Productontwikkeling<\/strong>:Onderzoek leidt tot productaanpassing of -personalisering, zodat deze aansluit bij lokale voorkeuren en behoeften.<\/li>\n\n\n\n<li><strong>Marketingstrategie<\/strong>: Continuous <a href=\"https:\/\/www.sisinternational.com\/nl\/dekking\/europa\/market-research-the-vatican\/\" title=\"Marktonderzoek in het Vaticaan\"  data-wpil-monitor-id=\"3778\">research supports ongoing marketing<\/a> efforts, ensuring the relevance and effectiveness of campaigns.<\/li>\n<\/ul>\n\n\n\n<p>Voordat u echter begint met marktonderzoeksinitiatieven in Servi\u00eb, moeten bedrijven belangrijke vragen overwegen om effectieve planning en uitvoering te garanderen. Hier zijn essenti\u00eble vragen om te stellen:<\/p>\n\n\n\n<ul class=\"wp-block-list\">\n<li><strong>Wie zijn de doelklanten in Servi\u00eb?<\/strong><\/li>\n\n\n\n<li><strong>Wat zijn de lokale markttrends en -voorkeuren?<\/strong><\/li>\n\n\n\n<li><strong>Wie zijn de belangrijkste concurrenten op de Servische markt?<\/strong><\/li>\n\n\n\n<li><strong>Wat zijn de toetredingsdrempels of uitdagingen van concurrenten?<\/strong><\/li>\n\n\n\n<li><strong>Wat zijn de wettelijke vereisten en nalevingsnormen van Servi\u00eb?<\/strong><\/li>\n<\/ul>\n\n\n\n<h2 class=\"wp-block-heading\">Marktanalyse en aanbevelingen: Servische marktanalyse<\/h2>\n\n\n\n<p>Bij SIS International zijn we van mening dat de Servische IT-sector zal blijven groeien, gedreven door bekwaam talent en een groeiende vraag naar softwareontwikkeling en digitale oplossingen. Daarnaast blijft de automobielindustrie een hoeksteen van de industri\u00eble basis van Servi\u00eb, ondersteund door investeringen van wereldwijde spelers.<\/p>\n\n\n\n<p>Vooruitkijkend is de toekomst van Servi\u00eb veelbelovend, zij het met uitdagingen. Het EU-toetredingsproces van het land biedt potenti\u00eble marktintegratie en regelgevende afstemmingsvoordelen, wat een gunstig klimaat voor buitenlandse investeringen bevordert. Verwacht wordt dat opkomende sectoren zoals hernieuwbare energie en innovatiegedreven industrie\u00ebn aan populariteit zullen winnen, wat bijdraagt aan economische diversificatie.<\/p>\n\n\n\n<p><strong>Mogelijke ROI-overwegingen:<\/strong> Investeren in de Servische markt biedt aantrekkelijke ROI-overwegingen voor bedrijven. Kostenconcurrerende arbeid, toegang tot regionale markten en overheidsstimulansen voor buitenlandse investeerders vergroten de aantrekkelijkheid van Servi\u00eb als investeringsbestemming. ROI-overwegingen moeten echter in evenwicht worden gebracht met naleving van regelgeving en marktspecifieke uitdagingen.<\/p>\n\n\n\n<h3 class=\"wp-block-heading\">Strategische aanbevelingen:<\/h3>\n\n\n\n<ol class=\"wp-block-list\">\n<li><strong>Diversificatiestrategie<\/strong>:Wij adviseren u om mogelijkheden buiten de traditionele sectoren te onderzoeken en uw marktpositie te diversifi\u00ebren om te profiteren van opkomende sectoren zoals hernieuwbare energie, fintech en e-commerce.<\/li>\n\n\n\n<li><strong>Partnerschapsontwikkeling<\/strong>Strategische partnerschappen met lokale belanghebbenden en spelers in de industrie kunnen de toetreding tot de markt vergemakkelijken en de marktpenetratie vergroten, door gebruik te maken van lokale expertise en netwerken.<\/li>\n\n\n\n<li><strong>Innovatie en digitale transformatie<\/strong>: Omarm innovatie en initiatieven voor digitale transformatie om de operationele effici\u00ebntie, klantbetrokkenheid en marktconcurrentievermogen in het veranderende zakelijke landschap van Servi\u00eb te verbeteren.<\/li>\n\n\n\n<li><strong>Planning voor markttoetreding<\/strong>: Voer grondig uit <a href=\"https:\/\/www.sisinternational.com\/nl\/oplossingen\/sis-wereldwijde-groei\/markttoetredingsstrategie\/\">markttoetredingsplanning<\/a>, rekening houdend met wettelijke vereisten, marktsegmentatie en consumentenvoorkeuren om te optimaliseren<a href=\"https:\/\/www.sisinternational.com\/nl\/productmening-culturele-inzichten-azie-naar-europa-markttoetreding\/\"> strategie\u00ebn voor markttoetreding<\/a> en risico&#039;s beperken.<\/li>\n<\/ol>\n\n\n\n<h2 class=\"wp-block-heading\">Verwachte resultaten van de marktonderzoeksdiensten van SIS International<\/h2>\n\n\n\n<figure class=\"gb-block-image gb-block-image-0c6486ab\"><img loading=\"lazy\" decoding=\"async\" width=\"1456\" height=\"816\" class=\"gb-image gb-image-0c6486ab\" src=\"https:\/\/www.sisinternational.com\/wp-content\/uploads\/2025\/09\/Serbia-4.jpg\" alt=\"SIS Internationaal Marktonderzoek &amp; Strategie\" title=\"Serbia (4)\" srcset=\"https:\/\/www.sisinternational.com\/wp-content\/uploads\/2025\/09\/Serbia-4.jpg 1456w, https:\/\/www.sisinternational.com\/wp-content\/uploads\/2025\/09\/Serbia-4-300x168.jpg 300w, https:\/\/www.sisinternational.com\/wp-content\/uploads\/2025\/09\/Serbia-4-1024x574.jpg 1024w, https:\/\/www.sisinternational.com\/wp-content\/uploads\/2025\/09\/Serbia-4-768x430.jpg 768w, https:\/\/www.sisinternational.com\/wp-content\/uploads\/2025\/09\/Serbia-4-18x10.jpg 18w\" sizes=\"auto, (max-width: 1456px) 100vw, 1456px\"><\/figure>\n\n\n\n<p><\/p>\n\n\n\n<p><a href=\"https:\/\/www.linkedin.com\/company\/sisinternationalresearch\/\" target=\"_blank\" rel=\"noopener\"><span style=\"font-weight: 400;\">SIS Internationaal<\/span><\/a>De marktonderzoeksdiensten van zijn ontworpen om bruikbare inzichten en tastbare waarde te leveren aan bedrijven die in Servi\u00eb actief zijn. Dit zijn de verwachte resultaten en voordelen:<\/p>\n\n\n\n<p><strong>Bruikbare inzichten<\/strong>:<\/p>\n\n\n\n<p>Ons marktonderzoek biedt bedrijven bruikbare inzichten in consumentengedrag, markttrends en concurrentiedynamiek in Servi\u00eb. Deze inzichten sturen strategische besluitvorming, waardoor bedrijven marktstrategie\u00ebn kunnen optimaliseren en kunnen profiteren van groeikansen.<\/p>\n\n\n\n<p><strong>Concurrentievoordeel<\/strong>:<\/p>\n\n\n\n<p>Businesses gain a competitive advantage in Serbia by understanding the competitive landscape and market positioning. Our <a href=\"https:\/\/www.sisinternational.com\/nl\/dekking\/amerika\/marktonderzoek-in-het-caribisch-gebied\/marktonderzoek-antigua-barbuda\/\" title=\"Marktonderzoek in Antigua en Barbuda\" data-wpil-monitor-id=\"3793\">research helps identify market<\/a> gaps, emerging trends, and areas for differentiation, empowering businesses to enhance their market presence and drive success.<\/p>\n\n\n\n<p><strong>Ondersteuning bij markttoetreding<\/strong>:<\/p>\n\n\n\n<p><a href=\"https:\/\/twitter.com\/SISIntlResearch\" target=\"_blank\" rel=\"noopener\"><span style=\"font-weight: 400;\">SIS<\/span><\/a> biedt waardevolle ondersteuning bij markttoetreding voor bedrijven die de Servische markt betreden. Wij assisteren bij markt haalbaarheidsbeoordelingen, partneridentificatie, naleving van regelgeving en marktpenetratiestrategie\u00ebn, en faciliteren een soepel en succesvol markttoetredingsproces.<\/p>\n\n\n\n<p><strong>ROI-optimalisatie<\/strong>:<\/p>\n\n\n\n<p>Ons onderzoek helpt bedrijven om ROI te optimaliseren door marktsegmenten met een hoog potentieel, klantsegmenten en product-\/servicekansen te identificeren. Bedrijven kunnen duurzame groei en winstgevendheid in Servi\u00eb bereiken door marktrisico&#039;s te minimaliseren en kansen te maximaliseren.<\/p>\n\n\n\n<p><strong>Continue ondersteuning<\/strong>:<\/p>\n\n\n\n<p>Naast initi\u00eble onderzoeksprojecten biedt SIS International voortdurende ondersteuning en marktmonitoring om bedrijven op de hoogte te houden van de evoluerende marktdynamiek in Servi\u00eb. We werken samen met klanten om strategie\u00ebn aan te passen, nieuwe uitdagingen aan te pakken en nieuwe kansen te benutten, wat zorgt voor aanhoudende groei en concurrentievermogen.<\/p>\n\n\n\n<h2 class=\"wp-block-heading p3\">Belangrijkste industrie\u00ebn<\/h2>\n\n\n\n<p class=\"p2\">Servi\u00eb heeft een op diensten gebaseerde, middeninkomens, vrijemarkteconomie. De belangrijkste industrie\u00ebn zijn landbouw, automobielen, mijnbouw en energie. De belangrijkste exportproducten van het land zijn voertuigen, banden, basismetalen, chemicali\u00ebn, meubels, kleding, bewerkte voedingsmiddelen en suiker. Handel speelt een belangrijke rol in het land. De staat handelt met ten minste vijf belangrijke markten: Rusland, Duitsland, China, Itali\u00eb en de Balkanlanden.<\/p>\n\n\n\n<p class=\"p2\">Het land is overvloedig. Een vijfde van de verkoop van Servi\u00eb op de wereldmarkt komt uit agrarische export. Ze leveren bijvoorbeeld bevroren fruit aan de Franse en EU-markten. Het land is ook een belangrijke producent van ma\u00efs en tarwe. Het produceert andere agrarische producten, zoals zonnebloemen, suikerbieten, sojabonen, aardappelen, appels, varkensvlees, rundvlees, gevogelte en zuivelproducten.<\/p>\n\n\n\n<h2 class=\"wp-block-heading\">Toonaangevende spelers in de Servische industrie<\/h2>\n\n\n\n<ol class=\"wp-block-list\">\n<li><strong>Noorden<\/strong>: Nordeus is een gerenommeerd Servisch gamingbedrijf dat vooral bekend is om de ontwikkeling van &quot;Top Eleven&quot;, een populaire voetbalmanagementgame die wereldwijd door miljoenen mensen wordt gespeeld. Nordeus heeft bijgedragen aan de reputatie van Servi\u00eb als hub voor gaming en mobiele app-ontwikkeling.<\/li>\n\n\n\n<li><strong>Comtrade Groep<\/strong>: Comtrade is een toonaangevend IT-bedrijf in Servi\u00eb dat softwareoplossingen, systeemintegratie en IT-services biedt. Het bedrijf werkt samen met wereldwijde partners en speelt een cruciale rol in de digitale transformatie van Servi\u00eb.<\/li>\n\n\n\n<li><strong>Fiat Chrysler Automobiles (FCA) Servi\u00eb<\/strong>: FCA exploiteert een productielocatie in Kragujevac die Fiat-auto&#039;s produceert voor de Europese markt. De locatie is een belangrijke bijdrager aan de Servische auto-industrie en export.<\/li>\n\n\n\n<li><strong>Zastava-vrachtwagens<\/strong>: Zastava Trucks, voorheen bekend als FAP (Fabrika automobila Priboj), produceert commerci\u00eble en militaire voertuigen in Servi\u00eb. Het bedrijf is gespecialiseerd in de productie van vrachtwagens en exporteert zijn producten naar internationale markten.<\/li>\n\n\n\n<li><strong>Victoria Groep<\/strong>: Victoria Group is een toonaangevend Servisch agrarisch bedrijf in oliehoudende zadenverwerking, landbouw en handel. De activiteiten van het bedrijf omvatten gewasteelt, olieproductie en productie van diervoeder.<\/li>\n<\/ol>\n\n\n\n<h2 class=\"wp-block-heading p3\">Buurten<\/h2>\n\n\n\n<p class=\"p2\">Belgrado is de grootste, meest bevolkte en hoofdstad van Servi\u00eb en claimt de titel &quot;de stad die nooit slaapt&quot;. Hoewel de stad een van de oudste van Europa is, zit het vol met leven. Bovendien hebben de rivieren drijvende clubs die geweldige feesten organiseren. Novi Sad is de op \u00e9\u00e9n na meest bevolkte stad en wordt &quot;de liberale stad van muziek, kunst en plezier&quot; genoemd.<\/p>\n\n\n\n<h2 class=\"wp-block-heading p3\">Trends<\/h2>\n\n\n\n<figure class=\"gb-block-image gb-block-image-177e79c6\"><img loading=\"lazy\" decoding=\"async\" width=\"1456\" height=\"816\" class=\"gb-image gb-image-177e79c6\" src=\"https:\/\/www.sisinternational.com\/wp-content\/uploads\/2025\/09\/Serbia-66.jpg\" alt=\"SIS Internationaal Marktonderzoek &amp; Strategie\" title=\"Serbia 66\" srcset=\"https:\/\/www.sisinternational.com\/wp-content\/uploads\/2025\/09\/Serbia-66.jpg 1456w, https:\/\/www.sisinternational.com\/wp-content\/uploads\/2025\/09\/Serbia-66-300x168.jpg 300w, https:\/\/www.sisinternational.com\/wp-content\/uploads\/2025\/09\/Serbia-66-1024x574.jpg 1024w, https:\/\/www.sisinternational.com\/wp-content\/uploads\/2025\/09\/Serbia-66-768x430.jpg 768w, https:\/\/www.sisinternational.com\/wp-content\/uploads\/2025\/09\/Serbia-66-18x10.jpg 18w\" sizes=\"auto, (max-width: 1456px) 100vw, 1456px\"><\/figure>\n\n\n\n<p><\/p>\n\n\n\n<p class=\"p2\">Servi\u00eb heeft een hoog aantal internetgebruikers. Het heeft ook het aantal gebruikers van sociale media vergroot. Echter, mobiele verbindingen in het land zijn afgenomen.<\/p>\n\n\n\n<p class=\"p2\">Als uw bedrijf eten aanbiedt, zijn Servische basisproducten brood, vlees, fruit, groenten en zuivelproducten. Brood is een groot onderdeel van de keuken van het land. De meeste religies gebruiken het in hun diensten. In het land is het normaal dat mensen brood en zout aan gasten geven. Servi\u00eb biedt ook veel andere gerechten, waaronder vis- en vleesgerechten.<\/p>\n\n\n\n<h2 class=\"wp-block-heading p3\">Consumentenbasis<\/h2>\n\n\n\n<p class=\"p2\">The increase in fuel prices has affected the agricultural sector more than any other.&nbsp;Together with other factors, it has led to the rise in the prices of products such as wheat, soybeans, and corn. This increase came after the government had already raised the prices of corn, wheat, and other grains to support the agri sector, which was affected by the green market ban.<\/p>\n\n\n\n<p class=\"p2\">Afhankelijkheid van algemene handel en handel binnen de mondiale waardeketen (GVC) is de afgelopen decennia geen probleem geweest. Zoals veel andere economie\u00ebn heeft Servi\u00eb weinig export en veel import.<\/p>\n\n\n\n<h2 class=\"wp-block-heading\">Marktdrivers en -beperkingen in Servi\u00eb<\/h2>\n\n\n\n<p>Begrip <span class=\"removed_link\" title=\"https:\/\/www.sisinternational.com\/serbias-economy\/\">Marktdrivers van Servi\u00eb<\/span> en beperkingen zijn cruciaal voor bedrijven die overwegen om de markt te betreden of uit te breiden. Ze bieden een kort overzicht van de kansen en uitdagingen waarmee bedrijven te maken kunnen krijgen bij het betreden van deze markt.<\/p>\n\n\n\n<h3 class=\"wp-block-heading\">Marktdrivers in Servi\u00eb<\/h3>\n\n\n\n<ol class=\"wp-block-list\">\n<li><strong>Economische hervormingen en stabiliteit<\/strong>: Servi\u00eb heeft economische hervormingen doorgevoerd om het ondernemingsklimaat te verbeteren, buitenlandse investeringen aan te trekken en economische stabiliteit te bevorderen. Hervormingen omvatten begrotingsconsolidatie, privatisering van staatsbedrijven en vereenvoudiging van regelgeving.<\/li>\n\n\n\n<li><strong>Buitenlandse directe investeringen (FDI)<\/strong>: Servi\u00eb heeft aanzienlijke buitenlandse investeringen aangetrokken, met name in de productie-, automobiel- en IT-sector. FDI-instromen dragen bij aan het cre\u00ebren van banen, technologieoverdracht en exportgroei, wat de economische ontwikkeling stimuleert.<\/li>\n\n\n\n<li><strong>Regionale handelsovereenkomsten<\/strong>:Het lidmaatschap van Servi\u00eb van regionale handelsverdragen, zoals de Midden-Europese Vrijhandelsovereenkomst (CEFTA) en de preferenti\u00eble toegang tot EU-markten, vergroten de exportmogelijkheden en de markttoegang voor Servische bedrijven.<\/li>\n\n\n\n<li><strong>Infrastructuurontwikkeling<\/strong>: Lopende infrastructuurprojecten, waaronder transportnetwerken, energie-infrastructuur en digitale connectiviteit, verbeteren de logistieke effici\u00ebntie en ondersteunen de economische groei in Servi\u00eb.<\/li>\n<\/ol>\n\n\n\n<h3 class=\"wp-block-heading\">Marktbeperkingen in Servi\u00eb<\/h3>\n\n\n\n<ol class=\"wp-block-list\">\n<li><strong>Regulerende uitdagingen<\/strong>: Servi\u00eb kampt met regelgevende complexiteit en bureaucratische obstakels die een uitdaging kunnen vormen voor bedrijven, met name op het gebied van vergunningen, licenties en naleving van normen. Regelgevende hervormingen zijn gaande, maar vereisen mogelijk verdere verbeteringen.<\/li>\n\n\n\n<li><strong>Infrastructuurbeperkingen<\/strong>:Ondanks de vooruitgang moet de infrastructuur van Servi\u00eb, inclusief transport en nutsvoorzieningen, mogelijk nog steeds worden gemoderniseerd en ge\u00efnvesteerd om te kunnen voldoen aan de groeiende behoeften van het bedrijfsleven en om het concurrentievermogen te verbeteren.<\/li>\n\n\n\n<li><strong>Politieke onzekerheden<\/strong>: Politieke factoren en regionale geopolitieke dynamiek kunnen onzekerheden introduceren en het sentiment van bedrijven be\u00efnvloeden. Bedrijven moeten op de hoogte blijven van politieke ontwikkelingen en hun mogelijke implicaties voor de marktomstandigheden.<\/li>\n\n\n\n<li><strong>Markt omvang en consumentenvraag<\/strong>:De omvang van de Servische markt en de koopkracht van de consument kunnen een uitdaging vormen voor bepaalde sectoren. Dit vereist strategische marktsegmentatie en gerichte benaderingen om in te spelen op de uiteenlopende voorkeuren van consumenten.<\/li>\n<\/ol>\n\n\n\n<h2 class=\"wp-block-heading p3\">Voordelen en sterke punten van de markt<\/h2>\n\n\n\n<p class=\"p4\">Servi\u00eb heeft veel natuurlijke hulpbronnen (steenkool, bauxiet, koper, zink, goud) en genoeg voedsel. Bovendien zorgt een stabiele overeenkomst met de EU ervoor dat 93% van de producten van het land de eurozone douanevrij binnenkomen. Een ander belangrijk punt zijn de overheidshervormingen, die zijn doorgevoerd met het IMF en de EU. Bovendien is er een toename in de export van auto&#039;s. Daarnaast is het proces van toetreding tot de EU in volle gang.<\/p>\n\n\n\n<h2 class=\"wp-block-heading p3\">Redenen om uw bedrijf op de markt te laten groeien.<\/h2>\n\n\n\n<p class=\"p2\">Het land heeft topscholen, waaronder die voor hoger onderwijs, en staat wereldwijd bekend om de kwaliteit van het onderwijs. Het biedt onderwijs op alle niveaus in meerdere talen.<\/p>\n\n\n\n<ul class=\"wp-block-list\">\n<li>Belgrado, Servi\u00eb, is het commerci\u00eble en bancaire centrum van Zuidoost-Europa. Velen noemen het het \u201cZwitserland van de Balkan.\u201d<\/li>\n\n\n\n<li>De beroepsbevolking is goed opgeleid, maar de lonen zijn laag. Zo krijgen bedrijven kwaliteitsarbeiders voor lage prijzen.<\/li>\n\n\n\n<li>Servi\u00eb is onderdeel van Europa maar nog geen lid van de EU. Zo kunt u genieten van beide werelden.<\/li>\n\n\n\n<li>Servi\u00eb heeft een overzichtelijk visum- en verblijfsvergunningenbeleid en het land verwelkomt alle investeerders.<\/li>\n<\/ul>\n\n\n\n<h2 class=\"wp-block-heading\">Onze vestigingslocatie in New York<\/h2>\n\n\n\n<p>  <iframe loading=\"lazy\" src=\"https:\/\/www.google.com\/maps\/embed?pb=!1m18!1m12!1m3!1d3022.976188376966!2d-73.99130312499956!3d40.740549471389315!2m3!1f0!2f0!3f0!3m2!1i1024!2i768!4f13.1!3m3!1m2!1s0x89c259a15798c731%3A0xd695d09bdd495f25!2s11%20E%2022nd%20St%20FL%202%2C%20New%20York%2C%20NY%2010010%2C%20USA!5e0!3m2!1sen!2spe!4v1726171763526!5m2!1sen!2spe\" width=\"600\" height=\"450\" allowfullscreen=\"allowfullscreen\" data-mce-fragment=\"1\"><\/iframe>  <\/p>\n\n\n\n<h3 class=\"wp-block-heading\">11 E 22nd Street, 2e verdieping, New York, NY 10010 T: +1(212) 505-6805<\/h3>\n\n\n\n<hr class=\"wp-block-separator has-alpha-channel-opacity\"\/>\n\n\n\n<h2 class=\"wp-block-heading\"><span style=\"font-weight: 400;\">Over SIS Internationaal<\/span><\/h2>\n\n\n\n<p><a href=\"https:\/\/www.sisinternational.com\/nl\/\"><span style=\"font-weight: 400;\">SIS Internationaal<\/span><\/a><span style=\"font-weight: 400;\"> biedt kwantitatief, kwalitatief en strategisch onderzoek. Wij bieden data, tools, strategie\u00ebn, rapporten en inzichten voor besluitvorming. Wij voeren ook interviews, enqu\u00eates, focusgroepen en andere marktonderzoeksmethoden en -benaderingen uit.<\/span><a href=\"https:\/\/www.sisinternational.com\/nl\/over-sis-internationaal-onderzoek\/contact-sis-international-market-research\/\"><span style=\"font-weight: 400;\"> Neem contact met ons op<\/span><\/a><span style=\"font-weight: 400;\"> voor uw volgende marktonderzoeksproject.<\/span><\/p>\n\n\n\n<p><\/p>","protected":false},"excerpt":{"rendered":"<p>Laat uw bedrijf groeien met marktonderzoek in Servi\u00eb.<\/p>","protected":false},"author":1,"featured_media":65986,"parent":14510,"menu_order":46,"comment_status":"closed","ping_status":"closed","template":"","meta":{"footnotes":""},"class_list":["post-38925","page","type-page","status-publish","has-post-thumbnail"],"_links":{"self":[{"href":"https:\/\/www.sisinternational.com\/nl\/wp-json\/wp\/v2\/pages\/38925","targetHints":{"allow":["GET"]}}],"collection":[{"href":"https:\/\/www.sisinternational.com\/nl\/wp-json\/wp\/v2\/pages"}],"about":[{"href":"https:\/\/www.sisinternational.com\/nl\/wp-json\/wp\/v2\/types\/page"}],"author":[{"embeddable":true,"href":"https:\/\/www.sisinternational.com\/nl\/wp-json\/wp\/v2\/users\/1"}],"replies":[{"embeddable":true,"href":"https:\/\/www.sisinternational.com\/nl\/wp-json\/wp\/v2\/comments?post=38925"}],"version-history":[{"count":14,"href":"https:\/\/www.sisinternational.com\/nl\/wp-json\/wp\/v2\/pages\/38925\/revisions"}],"predecessor-version":[{"id":77981,"href":"https:\/\/www.sisinternational.com\/nl\/wp-json\/wp\/v2\/pages\/38925\/revisions\/77981"}],"up":[{"embeddable":true,"href":"https:\/\/www.sisinternational.com\/nl\/wp-json\/wp\/v2\/pages\/14510"}],"wp:featuredmedia":[{"embeddable":true,"href":"https:\/\/www.sisinternational.com\/nl\/wp-json\/wp\/v2\/media\/65986"}],"wp:attachment":[{"href":"https:\/\/www.sisinternational.com\/nl\/wp-json\/wp\/v2\/media?parent=38925"}],"curies":[{"name":"wp","href":"https:\/\/api.w.org\/{rel}","templated":true}]}}