{"id":38470,"date":"2021-08-19T17:02:33","date_gmt":"2021-08-19T17:02:33","guid":{"rendered":"https:\/\/www.sisinternational.com\/?page_id=38470"},"modified":"2025-09-15T01:36:57","modified_gmt":"2025-09-15T05:36:57","slug":"marktonderzoek-paraguay","status":"publish","type":"page","link":"https:\/\/www.sisinternational.com\/nl\/dekking\/latin-america\/marktonderzoek-latijns-amerika\/marktonderzoek-paraguay\/","title":{"rendered":"Marktonderzoek in Paraguay"},"content":{"rendered":"<h1 class=\"wp-block-heading\">Marktonderzoek in Paraguay<\/h1>\n\n\n\n<figure class=\"gb-block-image gb-block-image-7902f428\"><img loading=\"lazy\" decoding=\"async\" width=\"1456\" height=\"816\" class=\"gb-image gb-image-7902f428\" src=\"https:\/\/www.sisinternational.com\/wp-content\/uploads\/2025\/09\/Paraguay-3.jpg\" alt=\"SIS Internationaal Marktonderzoek &amp; Strategie\" title=\"Paraguay (3)\" srcset=\"https:\/\/www.sisinternational.com\/wp-content\/uploads\/2025\/09\/Paraguay-3.jpg 1456w, https:\/\/www.sisinternational.com\/wp-content\/uploads\/2025\/09\/Paraguay-3-300x168.jpg 300w, https:\/\/www.sisinternational.com\/wp-content\/uploads\/2025\/09\/Paraguay-3-1024x574.jpg 1024w, https:\/\/www.sisinternational.com\/wp-content\/uploads\/2025\/09\/Paraguay-3-768x430.jpg 768w, https:\/\/www.sisinternational.com\/wp-content\/uploads\/2025\/09\/Paraguay-3-18x10.jpg 18w\" sizes=\"auto, (max-width: 1456px) 100vw, 1456px\"><\/figure>\n\n\n\n<p><\/p>\n\n\n\n<h2 class=\"wp-block-heading\">Belangrijkste industrie\u00ebn<\/h2>\n\n\n\n<p>Landbouw is de sleutel in Paraguay. Deze sector zorgt voor een vijfde van het BBP van het land en biedt werk aan bijna de helft van de beroepsbevolking. De belangrijkste gewassen die in dit land worden geplant, zijn tarwe, ma\u00efs en cassave. Het produceert ook koffie, citrusvruchten, pinda&#039;s, rijst, suikerriet, sorghum, bonen, zoete aardappelen en zuivelproducten. Rundvlees is een andere belangrijke export, en dat geldt ook voor hout. Paraguay verwerkt hout en timmerhout op grote schaal voor brandstof.<\/p>\n\n\n\n<h2 class=\"wp-block-heading\">Buurten<\/h2>\n\n\n\n<p>Asunci\u00f3n is the capital and also the largest city in Paraguay. In addition, it has the largest population. Asunci\u00f3n is also home to many famous buildings. For example, one can find the National Pantheon of Heroes and the Hotel Guaran\u00ed here. The cathedral and the Presidential Palace are also in La Asunci\u00f3n. All four of these buildings date back to the 19th century. Asunci\u00f3n also has its own airport.<\/p>\n\n\n\n<h2 class=\"wp-block-heading\">Trends<\/h2>\n\n\n\n<p>Paraguay heeft de afgelopen jaren veel groei doorgemaakt dankzij het solide financi\u00eble systeem. Een andere motor van de groei was de armoedebestrijding en andere beleidsmaatregelen. Deze beleidsmaatregelen hebben de weg vrijgemaakt voor sociale hervormingen. De COVID-19-pandemie trof Paraguay toen het land een opwaartse trend doormaakte. De groei stond op het punt om op gang te komen na een stagnatie in 2019. Deskundigen verwachten dat de groei weer op normale niveaus zal komen naarmate de wereldeconomie herstelt.<\/p>\n\n\n\n<p>De regering van Paraguay heeft een gedurfd herstelplan aangekondigd. Het plan streeft naar publieke investeringen. Het zal ook op zoek gaan naar leninggaranties voor kleine en informele ondernemingen. Sociale transfers naar arme huishoudens zijn een ander aspect van het programma. Het stelt ook een herziening van de fiscale wetgeving voor. Het plan zal de ambtenarij en staatshervormingen invoeren. Het zal ook proberen betere systemen voor overheidsaanbestedingen te ontwikkelen. De COVID-19-crisis kan het begin zijn van een periode van diepgaande hervormingen die Paraguay op weg zetten naar een mooie toekomst.<\/p>\n\n\n\n<h2 class=\"wp-block-heading\">Voordelen en sterke punten in de markt<\/h2>\n\n\n\n<p>Paraguay is afhankelijk van landbouw. De staat heeft groei in die sector gezien vanwege de toegenomen export van sojabonen en rundvlees.<\/p>\n\n\n\n<p>Paraguay beschikt daarnaast over ongeveer 17.705 hectare biologisch land, waarop enkele duizenden biologische boerderijen actief zijn.<\/p>\n\n\n\n<p>De belangrijkste handelspartners van Paraguay zijn Brazili\u00eb, Argentini\u00eb, Chili, de Russische Federatie en Turkije.<\/p>\n\n\n\n<h2 class=\"wp-block-heading\">Consumentenbasis<\/h2>\n\n\n\n<p>Paraguay is one of the poorest countries because of the unequal division of income. Much of the state lives in poverty. People cannot buy certain goods and <a href=\"https:\/\/www.sisinternational.com\/nl\/oplossingen\/focusgroepen\/professional-focus-group-services\/\" title=\"Professional Focus Group Services\"  data-wpil-monitor-id=\"7677\">services since their main focus<\/a> is basic needs for their families.<\/p>\n\n\n\n<h2 class=\"wp-block-heading\">Redenen om uw bedrijf op de markt te laten groeien<\/h2>\n\n\n\n<p>Although Paraguay is poor, it is now in a state of healing. There are reasons why one should consider starting and <a href=\"https:\/\/www.sisinternational.com\/nl\/publicaties\/japans-mid-market-exporting\/\" title=\"Uw bedrijf laten groeien in Japan\"  data-wpil-monitor-id=\"7673\">growing their business<\/a>.<\/p>\n\n\n\n<p>In Paraguay, there are green <a href=\"https:\/\/www.sisinternational.com\/nl\/expertise\/industrieen\/energy-power-strategy-consulting-market-research\/\" title=\"Energie- en energiestrategieconsulting Marktonderzoek\"  data-wpil-monitor-id=\"7681\">energie<\/a> benefits because the country receives all its power from Itaipu Dam. For this reason, Paraguay has an adequate power supply, and it can even export. Furthermore, companies have an edge when starting up. Power is cheap and safe, and green <a href=\"https:\/\/www.sisinternational.com\/nl\/expertise\/cvs-van-ervaring\/cv-van-ervaring-in-de-chemische-en-energiesector\/\" title=\"Chemisch en energiemarktonderzoeksbedrijf\"  data-wpil-monitor-id=\"7675\">energy reduces the carbon footprint of companies<\/a>. It also fulfills their social duty. Also, starting a business in this country is very easy. Paraguay supports investment by foreign investors and business persons.<\/p>\n\n\n\n<h2 class=\"wp-block-heading\">Over marktonderzoek in Paraguay<\/h2>\n\n\n\n<p>Are you having thoughts about starting your business in Paraguay? We offer Quantitative, Qualitative, and <a href=\"https:\/\/www.sisinternational.com\/nl\/oplossingen\/reizen-toerisme-gastvrijheid-consulting\/hotel-management-company-market-research-strategy-consulting\/\" title=\"Hotel Management Company Marktonderzoek en Strategisch Advies\"  data-wpil-monitor-id=\"7672\">Strategy Research for startups and other companies<\/a>. Our methods include Interviews, Surveys, and Focus Groups. Contact us now to see how we can help you <a href=\"https:\/\/www.sisinternational.com\/nl\/setting-up-a-business-in-turkey\/\" title=\"Een bedrijf opzetten in Turkije\"  data-wpil-monitor-id=\"7679\">set up your business<\/a> in Paraguay.<\/p>\n\n\n\n<h2 class=\"wp-block-heading\">&nbsp;<\/h2>","protected":false},"excerpt":{"rendered":"<p>Ontdek hoe u uw organisatie kunt laten groeien met marktonderzoek in Paraguay.<\/p>","protected":false},"author":1,"featured_media":66335,"parent":14351,"menu_order":14,"comment_status":"closed","ping_status":"closed","template":"","meta":{"footnotes":""},"class_list":["post-38470","page","type-page","status-publish","has-post-thumbnail"],"_links":{"self":[{"href":"https:\/\/www.sisinternational.com\/nl\/wp-json\/wp\/v2\/pages\/38470","targetHints":{"allow":["GET"]}}],"collection":[{"href":"https:\/\/www.sisinternational.com\/nl\/wp-json\/wp\/v2\/pages"}],"about":[{"href":"https:\/\/www.sisinternational.com\/nl\/wp-json\/wp\/v2\/types\/page"}],"author":[{"embeddable":true,"href":"https:\/\/www.sisinternational.com\/nl\/wp-json\/wp\/v2\/users\/1"}],"replies":[{"embeddable":true,"href":"https:\/\/www.sisinternational.com\/nl\/wp-json\/wp\/v2\/comments?post=38470"}],"version-history":[{"count":4,"href":"https:\/\/www.sisinternational.com\/nl\/wp-json\/wp\/v2\/pages\/38470\/revisions"}],"predecessor-version":[{"id":81295,"href":"https:\/\/www.sisinternational.com\/nl\/wp-json\/wp\/v2\/pages\/38470\/revisions\/81295"}],"up":[{"embeddable":true,"href":"https:\/\/www.sisinternational.com\/nl\/wp-json\/wp\/v2\/pages\/14351"}],"wp:featuredmedia":[{"embeddable":true,"href":"https:\/\/www.sisinternational.com\/nl\/wp-json\/wp\/v2\/media\/66335"}],"wp:attachment":[{"href":"https:\/\/www.sisinternational.com\/nl\/wp-json\/wp\/v2\/media?parent=38470"}],"curies":[{"name":"wp","href":"https:\/\/api.w.org\/{rel}","templated":true}]}}