{"id":37835,"date":"2021-06-15T06:23:17","date_gmt":"2021-06-15T06:23:17","guid":{"rendered":"https:\/\/www.sisinternational.com\/?page_id=37835"},"modified":"2025-09-14T16:14:45","modified_gmt":"2025-09-14T20:14:45","slug":"market-research-in-guinea-bissau-africa","status":"publish","type":"page","link":"https:\/\/www.sisinternational.com\/nl\/dekking\/marktonderzoek-afrika\/market-research-in-guinea-bissau-africa\/","title":{"rendered":"Marktonderzoek in Guinee-Bissau, Afrika"},"content":{"rendered":"<h1 class=\"wp-block-heading\">Market Research in Guinea-Bissau<\/h1>\n\n\n\n<figure class=\"gb-block-image gb-block-image-74da283f\"><img loading=\"lazy\" decoding=\"async\" width=\"1456\" height=\"816\" class=\"gb-image gb-image-74da283f\" src=\"https:\/\/www.sisinternational.com\/wp-content\/uploads\/2025\/08\/Guinea-Bissau-2.jpg\" alt=\"SIS Internationaal Marktonderzoek &amp; Strategie\" title=\"Guinea-Bissau (2)\" srcset=\"https:\/\/www.sisinternational.com\/wp-content\/uploads\/2025\/08\/Guinea-Bissau-2.jpg 1456w, https:\/\/www.sisinternational.com\/wp-content\/uploads\/2025\/08\/Guinea-Bissau-2-300x168.jpg 300w, https:\/\/www.sisinternational.com\/wp-content\/uploads\/2025\/08\/Guinea-Bissau-2-1024x574.jpg 1024w, https:\/\/www.sisinternational.com\/wp-content\/uploads\/2025\/08\/Guinea-Bissau-2-768x430.jpg 768w, https:\/\/www.sisinternational.com\/wp-content\/uploads\/2025\/08\/Guinea-Bissau-2-18x10.jpg 18w\" sizes=\"auto, (max-width: 1456px) 100vw, 1456px\"><\/figure>\n\n\n\n<p><\/p>\n\n\n\n<p><a href=\"https:\/\/oec.world\/en\/profile\/country\/gnb\" target=\"_blank\" rel=\"noopener\">Guinea-Bissau is a low-lying country in Western Africa<\/a>. It is one of the smallest African nations but is home to many animals and wildlife. Its geographical composition consists of wetlands, tropical forests, and savannahs.<\/p>\n\n\n\n<p>Guinea-Bissau shares borders with Senegal, Guinea, and the Atlantic Ocean. Senegal is to the north, and Guinea is to the southeast. The Atlantic Ocean is at the west.<\/p>\n\n\n\n<h2 class=\"wp-block-heading\">Key Industries in Guinea-Bissau<\/h2>\n\n\n\n<p>Guinea-Bissau is agriculture-based. Agriculture comprises more than half of the country\u2019s Gross Domestic Product. It is a source of income for more than three-quarters of the population. Cashew is the chief crop used for commercial export, and ground provision, peanuts, and palm oil are other essential products. So are rubber, copra, and hardwood. The manufacturing industry contributes a significant portion to the country\u2019s Gross Domestic Product.<\/p>\n\n\n\n<p>Fishing is another significant industry. Most of Guinea-Bissau\u2019s exports go to Asian countries, which contributes to foreign exchange.<\/p>\n\n\n\n<p>Guinea-Bissau has potential in forestry development since forests cover about three-fifths of the land space. The locals use much of this wood for local fuel. The country also exports small amounts of sawn timber.<\/p>\n\n\n\n<h2 class=\"wp-block-heading\">Neighborhoods in Guinea-Bissau<\/h2>\n\n\n\n<p>The capital city of Guinea-Bissau is Bissau. Bissau, which means \u201cbrave as the jaguar,\u201d is on the far west bank of the Geba River. It borders the Atlantic Ocean.<\/p>\n\n\n\n<p>Bissau, the most populous city in the country, has the Osvaldo Vieira International Airport and the Bissau New Stadium. The city houses the chief port, Port Pidjiguiti. A monument designed like a giant black fist stands on the pier. The fist commemorates a massacre that took place in 1959.<\/p>\n\n\n\n<p>Bissau has many attractions. These include the primary market, Mercado de Bandim, and the National Ethnographic Museum. Fine restaurants and inviting beaches enhance the city. A mirror of the civil war is the Presidential Palace. Visitors are welcome to walk through the grounds.<\/p>\n\n\n\n<p>Bafat\u00e1 is another city located in central Guinea-Bissau. This city is the seat of the Roman Catholic Diocese of Bafat\u00e1. An airstrip, the Bafat\u00e1 Airport, serves the town. Bafat\u00e1 is famous for its brickmaking industry and trade center.<\/p>\n\n\n\n<h2 class=\"wp-block-heading\">Trends<\/h2>\n\n\n\n<p>Guinea-Bissau\u2019s unemployment rate continues to escalate. There is also a rise in COVID-19 cases. As a result, the government is trying to administer vaccines. Things are looking up, as the Africa Centers for Disease Control confirmed that treatment trials are happening.<\/p>\n\n\n\n<p>Guinea-Bissau has a fast-growing food processing industry. Firstly, investors established a rice and groundnut processing plant. Then, other investors also set up a sugar refinery, which helps with the effective production of food. It also helps with keeping the country\u2019s economy afloat.<\/p>\n\n\n\n<h2 class=\"wp-block-heading\">Voordelen en sterke punten in de markt<\/h2>\n\n\n\n<figure class=\"gb-block-image gb-block-image-630a5743\"><img loading=\"lazy\" decoding=\"async\" width=\"1024\" height=\"574\" class=\"gb-image gb-image-630a5743\" src=\"https:\/\/www.sisinternational.com\/wp-content\/uploads\/2025\/08\/Guinea-Bissau-3-1024x574.jpg\" srcset=\"https:\/\/www.sisinternational.com\/wp-content\/uploads\/2025\/08\/Guinea-Bissau-3-1024x574.jpg 1024w, https:\/\/www.sisinternational.com\/wp-content\/uploads\/2025\/08\/Guinea-Bissau-3-300x168.jpg 300w, https:\/\/www.sisinternational.com\/wp-content\/uploads\/2025\/08\/Guinea-Bissau-3-768x430.jpg 768w, https:\/\/www.sisinternational.com\/wp-content\/uploads\/2025\/08\/Guinea-Bissau-3-18x10.jpg 18w, https:\/\/www.sisinternational.com\/wp-content\/uploads\/2025\/08\/Guinea-Bissau-3.jpg 1456w\" sizes=\"auto, (max-width: 1024px) 100vw, 1024px\" alt=\"SIS Internationaal Marktonderzoek &amp; Strategie\"><\/figure>\n\n\n\n<p><\/p>\n\n\n\n<p>Guinea-Bissau has excellent agricultural potential since the country has fertile soil and high rainfall. The exotic cash crop, cashew, continues to dominate. It is gaining widespread acceptance in Guinea-Bissau\u2019s economy.<\/p>\n\n\n\n<h2 class=\"wp-block-heading\">Consumer Base in Guinea-Bissau<\/h2>\n\n\n\n<p>Guinea-Bissau is one of the poorest and most fragile countries in the world. It is an agrarian economy, and many locals work in that sector. The fishing industry is also vital to the national economy. Still, things are looking up. The economy is growing due to increased cashew production, which means more disposable income for everyone.<\/p>\n\n\n\n<h2 class=\"wp-block-heading\">Reasons to Grow Your Business with Market Research in Guinea-Bissau<\/h2>\n\n\n\n<p>Since cashew is the main cash crop, there are concerns relating to biodiversity. Economists have also questioned the sustainability and food security of the country. So, the potential exists in the growing of other food crops.<\/p>\n\n\n\n<p>Mineral production is another growing industry in Guinea-Bissau. The mining of sand and gravel is small scale. But, the country wants to develop the mining industry through foreign investments. Recently, deposits of bauxite have been discovered. The Bauxite Angola company committed to investing hundreds of millions of dollars in the exploration. Other investors are welcome in the industry.<\/p>\n\n\n\n<h2 class=\"wp-block-heading\">About Market Research in Guinea-Bissau<\/h2>\n\n\n\n<p>Investors must understand the market of Guinea-Bissau. A strength is that the country is rich with resources. In contrast, a weakness is that the country\u2019s economy is still vulnerable. Much of that vulnerability is due to political instability. Thus, focus groups play a crucial role in conducting surveys on the country to understand the market. They can also carry out interviews. <a href=\"https:\/\/www.sisinternational.com\/nl\/wat-is-kwalitatief-onderzoek\/\" target=\"_blank\" rel=\"noopener\">Kwalitatief<\/a> En <a href=\"https:\/\/www.sisinternational.com\/nl\/wat-is-kwantitatief-onderzoek\/\" target=\"_blank\" rel=\"noopener\">Kwantitatief<\/a> Research further protects investors. <a href=\"https:\/\/www.sisinternational.com\/nl\/oplossingen\/strategieconsulting\/hoe-strategisch-onderzoek-uw-prestaties-kan-verbeteren\/\" target=\"_blank\" rel=\"noopener\">Strategisch onderzoek<\/a> enables the investor to know the country\u2019s economy. This type of research is a tremendous help in business planning.<\/p>\n\n\n\n<p><\/p>","protected":false},"excerpt":{"rendered":"<p>Guinee-Bissau heeft een uitstekend landbouwpotentieel. Het land heeft vruchtbare grond, veel regenval en een snelgroeiende voedselverwerkende industrie.<\/p>","protected":false},"author":1,"featured_media":65202,"parent":14281,"menu_order":22,"comment_status":"closed","ping_status":"closed","template":"","meta":{"footnotes":""},"class_list":["post-37835","page","type-page","status-publish","has-post-thumbnail"],"_links":{"self":[{"href":"https:\/\/www.sisinternational.com\/nl\/wp-json\/wp\/v2\/pages\/37835","targetHints":{"allow":["GET"]}}],"collection":[{"href":"https:\/\/www.sisinternational.com\/nl\/wp-json\/wp\/v2\/pages"}],"about":[{"href":"https:\/\/www.sisinternational.com\/nl\/wp-json\/wp\/v2\/types\/page"}],"author":[{"embeddable":true,"href":"https:\/\/www.sisinternational.com\/nl\/wp-json\/wp\/v2\/users\/1"}],"replies":[{"embeddable":true,"href":"https:\/\/www.sisinternational.com\/nl\/wp-json\/wp\/v2\/comments?post=37835"}],"version-history":[{"count":2,"href":"https:\/\/www.sisinternational.com\/nl\/wp-json\/wp\/v2\/pages\/37835\/revisions"}],"predecessor-version":[{"id":68518,"href":"https:\/\/www.sisinternational.com\/nl\/wp-json\/wp\/v2\/pages\/37835\/revisions\/68518"}],"up":[{"embeddable":true,"href":"https:\/\/www.sisinternational.com\/nl\/wp-json\/wp\/v2\/pages\/14281"}],"wp:featuredmedia":[{"embeddable":true,"href":"https:\/\/www.sisinternational.com\/nl\/wp-json\/wp\/v2\/media\/65202"}],"wp:attachment":[{"href":"https:\/\/www.sisinternational.com\/nl\/wp-json\/wp\/v2\/media?parent=37835"}],"curies":[{"name":"wp","href":"https:\/\/api.w.org\/{rel}","templated":true}]}}