{"id":36735,"date":"2021-02-17T05:06:23","date_gmt":"2021-02-17T05:06:23","guid":{"rendered":"https:\/\/www.sisinternational.com\/?page_id=36735"},"modified":"2026-01-27T15:23:53","modified_gmt":"2026-01-27T20:23:53","slug":"marktonderzoek-in-argentinie","status":"publish","type":"page","link":"https:\/\/www.sisinternational.com\/nl\/dekking\/latin-america\/marktonderzoek-latijns-amerika\/marktonderzoek-in-argentinie\/","title":{"rendered":"Bureauonderzoek in Argentini\u00eb"},"content":{"rendered":"<h1 class=\"wp-block-heading\">Bureauonderzoek in Argentini\u00eb<\/h1>\n\n\n\n<figure class=\"gb-block-image gb-block-image-9ea6dda6\"><img loading=\"lazy\" decoding=\"async\" width=\"1456\" height=\"816\" class=\"gb-image gb-image-9ea6dda6\" src=\"https:\/\/www.sisinternational.com\/wp-content\/uploads\/2025\/09\/Argentina-1.jpg\" alt=\"SIS Internationaal Marktonderzoek &amp; Strategie\" title=\"Argentina (1)\" srcset=\"https:\/\/www.sisinternational.com\/wp-content\/uploads\/2025\/09\/Argentina-1.jpg 1456w, https:\/\/www.sisinternational.com\/wp-content\/uploads\/2025\/09\/Argentina-1-300x168.jpg 300w, https:\/\/www.sisinternational.com\/wp-content\/uploads\/2025\/09\/Argentina-1-1024x574.jpg 1024w, https:\/\/www.sisinternational.com\/wp-content\/uploads\/2025\/09\/Argentina-1-768x430.jpg 768w, https:\/\/www.sisinternational.com\/wp-content\/uploads\/2025\/09\/Argentina-1-18x10.jpg 18w\" sizes=\"auto, (max-width: 1456px) 100vw, 1456px\"><\/figure>\n\n\n\n<p><\/p>\n\n\n\n<h3 class=\"wp-block-heading\">Het begrijpen van de economische verschuivingen en diverse regionale voorkeuren in Argentini\u00eb is cruciaal. Daarom geeft deskresearch in Argentini\u00eb bedrijven de tools die ze nodig hebben om succesvol te zijn.<\/h3>\n\n\n\n<p>Het zakelijke landschap van Argentini\u00eb biedt immense kansen en desk research is een belangrijk hulpmiddel om hiervan te profiteren. De unieke culturele en economische factoren van het land vereisen een op maat gemaakte aanpak die alleen desk research kan bieden.<\/p>\n\n\n\n<h2 class=\"wp-block-heading\">Wat is desk research in Argentini\u00eb en waarom is het belangrijk?<\/h2>\n\n\n\n<p>Through desk research in Argentina, businesses can gain insights into consumer needs, preferences, and behaviors, allowing them to adjust their products and services accordingly. This ensures that offerings resonate with the local audience. <a class=\"wpil_keyword_link\" href=\"https:\/\/www.sisinternational.com\/nl\/benefits-of-desk-research-in-market-analysis\/\"   title=\"Benefits of Desk Research in Market Analysis\" data-wpil-keyword-link=\"linked\"  data-wpil-monitor-id=\"750\">Desk research<\/a> also helps companies identify industry trends, anticipate changes, and make informed strategic decisions.<\/p>\n\n\n\n<p>Desk research in <a href=\"https:\/\/www.sisinternational.com\/nl\/expertise\/industrieen\/telemetry-market-research\/\" title=\"Telemetrie Marktonderzoek\"  data-wpil-monitor-id=\"5710\">Argentini\u00eb<\/a> helps businesses accurately assess market demand, identify target audiences, and tailor their offerings to meet local preferences. Argentina&#8217;s cultural diversity means that consumer behaviors and preferences can vary significantly between regions, making it important for brands to develop campaigns that connect with different segments.<\/p>\n\n\n\n<p>Bovendien biedt deskresearch inzicht in de regelgeving, economische uitdagingen en het concurrentielandschap van Argentini\u00eb. Deze informatie helpt bedrijven om potenti\u00eble obstakels te omzeilen en zichzelf effectief te positioneren.<\/p>\n\n\n\n<h2 class=\"wp-block-heading\"><strong>Onze huidige marktbeoordeling en aanbevelingen<\/strong><\/h2>\n\n\n\n<p>Wij raden bedrijven aan hun aanbod aan te passen om kosteneffectieve opties, milieuvriendelijke praktijken en digitale betrokkenheid te benadrukken. De sectoren technologie, landbouw en toerisme vertonen een sterk groeipotentieel en deskresearch in Argentini\u00eb is cruciaal voor het identificeren van kansen binnen deze industrie\u00ebn.<\/p>\n\n\n\n<p>We also emphasize the importance of understanding Argentina&#8217;s regulatory landscape. Navigating local regulations can be challenging, and compliance is critical to avoiding setbacks. A proactive approach to regulatory <a href=\"https:\/\/www.sisinternational.com\/nl\/dekking\/marktonderzoek-azie\/market-research-nauru\/\" title=\"Marktonderzoek in Nauru\"  data-wpil-monitor-id=\"5724\">research and market<\/a> analysis will help businesses establish a successful presence in Argentina.<\/p>\n\n\n\n<h2 class=\"wp-block-heading\"><strong>Belangrijkste toeristische attracties in Argentini\u00eb<\/strong><\/h2>\n\n\n\n<p>Desk research in Argentini\u00eb benadrukt verschillende belangrijke toeristische attracties die elk jaar miljoenen bezoekers trekken. Hier zijn vijf belangrijke attracties:<\/p>\n\n\n\n<ul class=\"wp-block-list\">\n<li><strong>Buenos Aires<\/strong>:De hoofdstad Buenos Aires staat bekend om haar levendige cultuur, historische wijken zoals San Telmo en La Boca en iconische plekken zoals de Obelisk en Teatro Col\u00f3n.<\/li>\n\n\n\n<li><strong>Iguazu-watervallen<\/strong>: Een van de meest verbluffende natuurwonderen ter wereld, de Iguazu-watervallen, liggen op de grens tussen Argentini\u00eb en Brazili\u00eb. Het is een belangrijke attractie voor toeristen die op zoek zijn naar adembenemende landschappen en avontuur.<\/li>\n\n\n\n<li><strong>Patagoni\u00eb<\/strong>: Deze uitgestrekte regio biedt ongelooflijke landschappen, van gletsjers in El Calafate tot de bergen van Bariloche. Het is een topbestemming voor natuurliefhebbers en avonturiers.<\/li>\n\n\n\n<li><strong>Mendoza<\/strong>: De wijnstreek Mendoza is beroemd om zijn Malbec-wijnen en schilderachtige wijngaarden. Het trekt wijnliefhebbers en toeristen die ge\u00efnteresseerd zijn in het ervaren van de Argentijnse wijncultuur.<\/li>\n\n\n\n<li><strong>Perito Morenogletsjer<\/strong>: Gelegen in het Los Glaciares National Park, is de Perito Moreno gletsjer een van de weinige voortbewegende gletsjers ter wereld. Het is een populaire attractie voor toeristen die de zuidelijke regio&#039;s van Argentini\u00eb bezoeken.<\/li>\n<\/ul>\n\n\n\n<h2 class=\"wp-block-heading\">Strategische industrie\u00ebn van Argentini\u00eb<\/h2>\n\n\n\n<p>De economie van Argentini\u00eb draait voornamelijk op de productie-, landbouw- en dienstensector.<\/p>\n\n\n\n<h3 class=\"wp-block-heading\">Landbouw in Argentini\u00eb<\/h3>\n\n\n\n<p>Argentini\u00eb is een toonaangevende voedselproducent wereldwijd. De landbouw- en veeteeltindustrie\u00ebn van het land exporteren naar buurlanden Brazili\u00eb en Chili, evenals de Verenigde Staten, Vietnam en China.<\/p>\n\n\n\n<p>De belangrijkste exportproducten van Argentini\u00eb zijn sojameel en -olie, ma\u00efs, tarwe, zemelen en rundvlees. Veeteelt heeft de groei van huiden- en leerbedrijven be\u00efnvloed, inclusief lokale leerverwerking. Argentini\u00eb behoort ook tot de beste wijnproducenten ter wereld.<\/p>\n\n\n\n<h3 class=\"wp-block-heading\">Productie in Argentini\u00eb<\/h3>\n\n\n\n<p>De maakindustrie levert een grote bijdrage aan het BBP van Argentini\u00eb. Het produceert elektronica en huishoudelijke apparaten voor lokale en wereldwijde markten en heeft enige groei doorgemaakt. Toegenomen internetgebruik heeft de industrie verder geholpen door het klantenbestand te verbreden via e-commerce.<br>Textile manufacturing has provided growth opportunities for the clothing sector. The country has a thriving fashion industry that creates a ready <a href=\"https:\/\/www.sisinternational.com\/nl\/textile-industry-analysis\/\" title=\"Marktonderzoek textiel\"  data-wpil-monitor-id=\"7325\">market for textile<\/a> manufacturers. There have also been gains from purchases by international fashion designers.<\/p>\n\n\n\n<h3 class=\"wp-block-heading\">Toerisme in Argentini\u00eb<\/h3>\n\n\n\n<p>Toerisme wordt steeds belangrijker naarmate het land zijn dienstensector opbouwt. Buitenlandse bezoekers helpen het toerisme groeien door andere sectoren te ondersteunen, zoals hotels, tours en reizen. Top toeristische locaties zijn de watervallen van Iguazu en de skigebieden van San Carlos de Bariloche. Buenos Aires, een van de meest bevolkte steden in de regio, ontvangt toeristen die het bezoeken vanwege het culturele erfgoed en carnavals. Bezoekers die op zoek zijn naar avontuur in Argentini\u00eb, bezoeken Patagoni\u00eb en Vuurland.<\/p>\n\n\n\n<figure class=\"gb-block-image gb-block-image-17809ffc\"><img loading=\"lazy\" decoding=\"async\" width=\"1456\" height=\"816\" class=\"gb-image gb-image-17809ffc\" src=\"https:\/\/www.sisinternational.com\/wp-content\/uploads\/2025\/09\/Argentina-2.jpg\" alt=\"SIS Internationaal Marktonderzoek &amp; Strategie\" title=\"Argentina (2)\" srcset=\"https:\/\/www.sisinternational.com\/wp-content\/uploads\/2025\/09\/Argentina-2.jpg 1456w, https:\/\/www.sisinternational.com\/wp-content\/uploads\/2025\/09\/Argentina-2-300x168.jpg 300w, https:\/\/www.sisinternational.com\/wp-content\/uploads\/2025\/09\/Argentina-2-1024x574.jpg 1024w, https:\/\/www.sisinternational.com\/wp-content\/uploads\/2025\/09\/Argentina-2-768x430.jpg 768w, https:\/\/www.sisinternational.com\/wp-content\/uploads\/2025\/09\/Argentina-2-18x10.jpg 18w\" sizes=\"auto, (max-width: 1456px) 100vw, 1456px\"><\/figure>\n\n\n\n<p><\/p>\n\n\n\n<h2 class=\"wp-block-heading\">Zakelijke kansen in Argentini\u00eb<\/h2>\n\n\n\n<p>Economische problemen uit het verleden en het bedrijfsvriendelijke beleid van de overheid cre\u00ebren een kans voor buitenlandse bedrijven om te investeren in Argentini\u00eb. Investeerders hebben ook toegang tot een markt die de aangrenzende Latijns-Amerikaanse landen omvat, aangezien Argentini\u00eb lid is van Mercosur.<\/p>\n\n\n\n<h3 class=\"wp-block-heading\">Kansen in de ICT-sector<\/h3>\n\n\n\n<p>Met een bevolking van meer dan 40 miljoen, waarvan een groot deel jong en opgeleid, is Argentini\u00eb zowel een markt als een bron van menselijk kapitaal voor bedrijven. Internetpenetratie en -gebruik zijn hoog en de overheid implementeert beleid gericht op het vergroten van de technologische acceptatie.<\/p>\n\n\n\n<p>Argentijnen hebben ook veel interesse getoond in Bitcoin, wat een kans biedt voor cryptocurrencybedrijven. Stablecoins kunnen worden gebruikt om investeringen te diversifi\u00ebren, gezien de vele keren dat de Peso in waarde is gedaald.<\/p>\n\n\n\n<h3 class=\"wp-block-heading\">Productiemogelijkheden in Argentini\u00eb<\/h3>\n\n\n\n<p>Ongeveer 50% van de importen van Argentini\u00eb bestaat qua waarde uit machines en transportmiddelen. Dit wijst op onvoldoende aanbod van de lokale industrie\u00ebn, wat op zichzelf een kans is voor productiebedrijven om het gat te vullen.<\/p>\n\n\n\n<p>Internationale financi\u00eble dienstverleners hebben beloofd infrastructuurprojecten zoals nieuwe wegen, havens en nutsvoorzieningen te ondersteunen. Dit zal de logistiek verbeteren en bedrijven helpen meer lokale en internationale klanten te bereiken.<\/p>\n\n\n\n<h2 class=\"wp-block-heading\"><strong>Marktuitdagingen in Argentini\u00eb<\/strong><\/h2>\n\n\n\n<p>Ondanks de kansen identificeert desk research in Argentini\u00eb verschillende uitdagingen waar bedrijven mee te maken krijgen. Deze omvatten:<\/p>\n\n\n\n<ol start=\"1\" class=\"wp-block-list\">\n<li><strong>Economische instabiliteit<\/strong>Argentini\u00eb kampt met economische instabiliteit, met inbegrip van inflatie en valutaschommelingen, die van invloed kunnen zijn op de bedrijfsvoering.<\/li>\n\n\n\n<li><strong>Regelgevende complexiteit<\/strong>:Het kan een uitdaging zijn om je weg te vinden in de regelgeving van Argentini\u00eb, vooral voor buitenlandse bedrijven die niet bekend zijn met de lokale wetgeving.<\/li>\n\n\n\n<li><strong>Hoge belastingen<\/strong>De hoge belastingtarieven in Argentini\u00eb kunnen een belemmering vormen voor bedrijven die zich willen vestigen of hun activiteiten willen uitbreiden.<\/li>\n\n\n\n<li><strong>Toegang tot financiering<\/strong>:De toegang tot financiering kan beperkt zijn, vooral voor kleine en middelgrote ondernemingen, waardoor hun groeivermogen wordt be\u00efnvloed.<\/li>\n\n\n\n<li><strong>Uitdagingen op de arbeidsmarkt<\/strong>:De arbeidswetgeving in Argentini\u00eb kan complex zijn en bedrijven kunnen te maken krijgen met uitdagingen op het gebied van arbeidskosten en regelgeving.<\/li>\n\n\n\n<li><strong>Bureaucratie<\/strong>:Bureaucratische ineffici\u00ebnties kunnen leiden tot vertragingen in bedrijfsprocessen, wat gevolgen heeft voor de snelheid van toetreding tot de markt en de bedrijfsvoering.<\/li>\n\n\n\n<li><strong>Politieke onzekerheid<\/strong>Politieke veranderingen en onzekerheden kunnen van invloed zijn op het ondernemingsklimaat. Daarom is het belangrijk dat bedrijven op de hoogte blijven en zich hierop aanpassen.<\/li>\n<\/ol>\n\n\n\n<h2 class=\"wp-block-heading\">Topbedrijfsclusters in Argentini\u00eb<\/h2>\n\n\n\n<figure class=\"gb-block-image gb-block-image-65d442f1\"><img loading=\"lazy\" decoding=\"async\" width=\"1456\" height=\"816\" class=\"gb-image gb-image-65d442f1\" src=\"https:\/\/www.sisinternational.com\/wp-content\/uploads\/2025\/09\/Argentina-3.jpg\" alt=\"SIS Internationaal Marktonderzoek &amp; Strategie\" title=\"Argentina (3)\" srcset=\"https:\/\/www.sisinternational.com\/wp-content\/uploads\/2025\/09\/Argentina-3.jpg 1456w, https:\/\/www.sisinternational.com\/wp-content\/uploads\/2025\/09\/Argentina-3-300x168.jpg 300w, https:\/\/www.sisinternational.com\/wp-content\/uploads\/2025\/09\/Argentina-3-1024x574.jpg 1024w, https:\/\/www.sisinternational.com\/wp-content\/uploads\/2025\/09\/Argentina-3-768x430.jpg 768w, https:\/\/www.sisinternational.com\/wp-content\/uploads\/2025\/09\/Argentina-3-18x10.jpg 18w\" sizes=\"auto, (max-width: 1456px) 100vw, 1456px\"><\/figure>\n\n\n\n<p><\/p>\n\n\n\n<p>The capital, Buenos Aires, is one of the best business locations in Argentina. Apart from its financial services and tech startups, its rich cultural life, museums, and monuments, and nightlife make it one of the top tourist destinations in the country.<\/p>\n\n\n\n<p>De Pampas en Cordoba zijn strategische clusters voor respectievelijk landbouw- en productiebedrijven.<\/p>\n\n\n\n<h2 class=\"wp-block-heading\"><strong>Hoe SIS International&#039;s Desk Research in Argentini\u00eb bedrijven helpt<\/strong><\/h2>\n\n\n\n<p>Bureau van SIS International <a href=\"https:\/\/www.linkedin.com\/pulse\/how-market-research-enables-growth-ruth-stanat-phekf\/\" target=\"_blank\" rel=\"noopener\"><span style=\"font-weight: 400;\">onderzoek<\/span><\/a> in Argentini\u00eb bestrijkt belangrijke sectoren, consumentenvoorkeuren en markttrends, en helpt bedrijven strategie\u00ebn te ontwikkelen die aansluiten bij de lokale markt. Door samen te werken met SIS International kunnen bedrijven profiteren van:<\/p>\n\n\n\n<ul class=\"wp-block-list\">\n<li><strong>Verbeterd marktinzicht<\/strong>:SIS helpt bedrijven om de Argentijnse markt volledig te begrijpen, inclusief lokaal consumentengedrag en culturele invloeden.<\/li>\n\n\n\n<li><strong>Ge\u00efnformeerde besluitvorming<\/strong>:Ons team helpt bedrijven om op data gebaseerde beslissingen te nemen waarmee ze risico&#039;s beperken en hun succes op de Argentijnse markt maximaliseren.<\/li>\n\n\n\n<li><strong>Concurrentievoordeel<\/strong>:Wij helpen bedrijven bij het identificeren van nieuwe trends en kansen, zodat ze de concurrentie voorblijven en zich strategisch positioneren in Argentini\u00eb.<\/li>\n\n\n\n<li><strong>Gelokaliseerde strategieontwikkeling<\/strong>:SIS International helpt bedrijven bij het ontwikkelen van strategie\u00ebn die zijn afgestemd op de culturele en economische diversiteit van Argentini\u00eb, waarbij producten en marketing worden afgestemd op lokale voorkeuren.<\/li>\n\n\n\n<li><strong>Regelgevende richtlijnen<\/strong>:Onze experts helpen bedrijven bij het navigeren door de regelgeving in Argentini\u00eb en bieden inzicht in de naleving van nationale en regionale wetten.<\/li>\n\n\n\n<li><strong>Effectieve markttoetreding<\/strong>:Wij ondersteunen bedrijven bij het ontwikkelen van effectieve strategie\u00ebn voor markttoetreding, waaronder het identificeren van belangrijke toegangspunten en het begrijpen van distributienetwerken in Argentini\u00eb.<\/li>\n\n\n\n<li><strong>Partnerschapsidentificatie<\/strong>:Ons onderzoek helpt bedrijven bij het identificeren van lokale partners, leveranciers en distributeurs, waardoor hun marktpositie in Argentini\u00eb wordt versterkt.<\/li>\n\n\n\n<li><strong>Op maat gemaakte onderzoeksoplossingen<\/strong>: <a href=\"https:\/\/www.linkedin.com\/company\/sisinternationalresearch\/\" target=\"_blank\" rel=\"noopener\"><span style=\"font-weight: 400;\">SIS Internationaal<\/span><\/a> biedt op maat gemaakte onderzoeksoplossingen die zijn ontworpen om te voldoen aan de specifieke behoeften van elk bedrijf en die aansluiten op de lokale marktvraag.<\/li>\n\n\n\n<li><strong>Risicobeperking<\/strong>:Wij helpen bedrijven bij het identificeren van potenti\u00eble risico&#039;s, waaronder wettelijke en economische uitdagingen, en bij het ontwikkelen van strategie\u00ebn om de impact ervan op de activiteiten in Argentini\u00eb te minimaliseren.<\/li>\n\n\n\n<li><strong>Duurzame groei<\/strong>: <a href=\"https:\/\/twitter.com\/SISIntlResearch\" target=\"_blank\" rel=\"noopener\"><span style=\"font-weight: 400;\">SIS<\/span><\/a> biedt inzichten en strategie\u00ebn die gericht zijn op groei en duurzaamheid op de lange termijn. Zo kunnen bedrijven zich aansluiten bij lokale initiatieven, zoals digitale transformatie en maatschappelijke betrokkenheid.<\/li>\n<\/ul>\n\n\n\n<h2 class=\"wp-block-heading\"><strong>Over SIS Internationaal<\/strong><\/h2>\n\n\n\n<p><a href=\"https:\/\/www.sisinternational.com\/nl\/\"><span style=\"font-weight: 400;\">SIS Internationaal<\/span><\/a><span style=\"font-weight: 400;\"> biedt kwantitatief, kwalitatief en strategisch onderzoek. Wij bieden data, tools, strategie\u00ebn, rapporten en inzichten voor besluitvorming. Wij voeren ook interviews, enqu\u00eates, focusgroepen en andere marktonderzoeksmethoden en -benaderingen uit.<\/span><a href=\"https:\/\/www.sisinternational.com\/nl\/over-sis-internationaal-onderzoek\/contact-sis-international-market-research\/\"><span style=\"font-weight: 400;\"> Neem contact met ons op<\/span><\/a><span style=\"font-weight: 400;\"> voor uw volgende marktonderzoeksproject.<\/span><\/p>\n\n\n\n<p><\/p>","protected":false},"excerpt":{"rendered":"<p>Wij bieden marktonderzoek aan in Argentini\u00eb.<\/p>","protected":false},"author":1,"featured_media":66205,"parent":14351,"menu_order":3,"comment_status":"closed","ping_status":"closed","template":"","meta":{"footnotes":""},"class_list":["post-36735","page","type-page","status-publish","has-post-thumbnail"],"_links":{"self":[{"href":"https:\/\/www.sisinternational.com\/nl\/wp-json\/wp\/v2\/pages\/36735","targetHints":{"allow":["GET"]}}],"collection":[{"href":"https:\/\/www.sisinternational.com\/nl\/wp-json\/wp\/v2\/pages"}],"about":[{"href":"https:\/\/www.sisinternational.com\/nl\/wp-json\/wp\/v2\/types\/page"}],"author":[{"embeddable":true,"href":"https:\/\/www.sisinternational.com\/nl\/wp-json\/wp\/v2\/users\/1"}],"replies":[{"embeddable":true,"href":"https:\/\/www.sisinternational.com\/nl\/wp-json\/wp\/v2\/comments?post=36735"}],"version-history":[{"count":10,"href":"https:\/\/www.sisinternational.com\/nl\/wp-json\/wp\/v2\/pages\/36735\/revisions"}],"predecessor-version":[{"id":80972,"href":"https:\/\/www.sisinternational.com\/nl\/wp-json\/wp\/v2\/pages\/36735\/revisions\/80972"}],"up":[{"embeddable":true,"href":"https:\/\/www.sisinternational.com\/nl\/wp-json\/wp\/v2\/pages\/14351"}],"wp:featuredmedia":[{"embeddable":true,"href":"https:\/\/www.sisinternational.com\/nl\/wp-json\/wp\/v2\/media\/66205"}],"wp:attachment":[{"href":"https:\/\/www.sisinternational.com\/nl\/wp-json\/wp\/v2\/media?parent=36735"}],"curies":[{"name":"wp","href":"https:\/\/api.w.org\/{rel}","templated":true}]}}