{"id":33182,"date":"2019-09-21T18:25:53","date_gmt":"2019-09-21T18:25:53","guid":{"rendered":"https:\/\/www.sisinternational.com\/?page_id=33182"},"modified":"2026-01-24T14:16:50","modified_gmt":"2026-01-24T19:16:50","slug":"marktonderzoek-in-hawai","status":"publish","type":"page","link":"https:\/\/www.sisinternational.com\/nl\/dekking\/north-america\/usa-dekking\/marktonderzoek-in-hawai\/","title":{"rendered":"Marktonderzoek op Hawa\u00ef"},"content":{"rendered":"<h1 class=\"wp-block-heading\">Marktonderzoek op Hawa\u00ef<\/h1>\n\n\n\n<figure class=\"gb-block-image gb-block-image-a501de4c\"><img loading=\"lazy\" decoding=\"async\" width=\"1456\" height=\"816\" class=\"gb-image gb-image-a501de4c\" src=\"https:\/\/www.sisinternational.com\/wp-content\/uploads\/2025\/09\/Hawai-4-1.jpg\" alt=\"SIS Internationaal Marktonderzoek &amp; Strategie\" title=\"Hawai (4)\" srcset=\"https:\/\/www.sisinternational.com\/wp-content\/uploads\/2025\/09\/Hawai-4-1.jpg 1456w, https:\/\/www.sisinternational.com\/wp-content\/uploads\/2025\/09\/Hawai-4-1-300x168.jpg 300w, https:\/\/www.sisinternational.com\/wp-content\/uploads\/2025\/09\/Hawai-4-1-1024x574.jpg 1024w, https:\/\/www.sisinternational.com\/wp-content\/uploads\/2025\/09\/Hawai-4-1-768x430.jpg 768w, https:\/\/www.sisinternational.com\/wp-content\/uploads\/2025\/09\/Hawai-4-1-18x10.jpg 18w\" sizes=\"auto, (max-width: 1456px) 100vw, 1456px\"><\/figure>\n\n\n\n<p><\/p>\n\n\n\n<h2 class=\"wp-block-heading\"><span style=\"font-weight: 400;\">Hawa\u00ef is een Amerikaanse eilandstaat in de Stille Oceaan, 6000 kilometer ten westen van het Amerikaanse vasteland.<\/span><\/h2>\n\n\n\n<p><span style=\"font-weight: 400;\">Deze staat is een cluster van kleine eilanden, eilandjes, rotsen, koraalriffen en atollen. Hawa\u00ef heeft een archipel van acht grote eilanden die bijna 1,5 miljoen Amerikanen huisvesten. Alle Hawa\u00efanen zijn geboren Amerikaanse burgers, aangezien Hawa\u00ef een van de vijftig staten van de VS is.&nbsp;<\/span><\/p>\n\n\n\n<p><span style=\"font-weight: 400;\">Eilandbewoners verdienen op veel manieren hun brood. Velen maken gebruik van de natuurlijke hulpbronnen die de eilanden te bieden hebben. Ze genereren inkomsten via dezelfde primaire middelen als elke andere staat. Deze middelen omvatten landbouw, visserij, productie en de dienstverlenende sector. Natuurlijk verschillen de details per regio. Hawa\u00ef produceert andere landbouwproducten dan bijvoorbeeld Alaska of Colorado.<\/span><\/p>\n\n\n\n<h2 class=\"wp-block-heading\"><span style=\"font-weight: 400;\">Voedsel, landbouw en visserij<\/span><\/h2>\n\n\n\n<p><span style=\"font-weight: 400;\">Farmers on the islands rear animals and cultivate crops to harvest and sell to customers. In this way, they earn revenue, which they use to support their livelihood. Chickens, cattle, and hogs are the most common livestock reared and sold on the islands. Farmers also sell their by-products, such as dairy and eggs.\u00a0<\/span><\/p>\n\n\n\n<p><span style=\"font-weight: 400;\">Heb je ooit gehoord van Hawaiiaanse pizza? Het is geen uitvinding van een van de eilanden. De unieke toppings van deze pizza zijn echter ham en ananas. Ananassen zijn al heel lang een symbool van Hawa\u00ef. Daarom associ\u00ebren veel mensen ananas met de Hawa\u00efaanse eilanden. Ananassen zijn, samen met suikerriet, de meest waardevolle gewassen van Hawa\u00ef. Macadamianoten zijn ook een van de belangrijkste exportproducten. De boeren zijn echter niet in het minst beperkt in hun keuze van welke landbouwproducten ze verbouwen. Je vindt er ook avocado&#039;s, bananen, bonen, koffie en ma\u00efs. Guaves, sla, aardappelen en tomaten zijn enkele van de andere gewassen die op de eilanden worden verbouwd.<\/span><\/p>\n\n\n\n<p><span style=\"font-weight: 400;\">Omdat ze omringd zijn door de Stille Oceaan hebben vissers een onbelemmerde mogelijkheid. Velen beoefenen commerci\u00eble visserij. Garnalen, garnalen, zwaardvis en tonijn behoren tot de visserijproducten van de archipel. Eilandbewoners doen ook aan walvisjacht.<\/span><\/p>\n\n\n\n<h2 class=\"wp-block-heading\"><span style=\"font-weight: 400;\">Productie<\/span><\/h2>\n\n\n\n<p><span style=\"font-weight: 400;\">Aardolieproducten domineren de export van de staat en deze sector bracht in 2018 bijna US$300 miljoen op. Hawa\u00efanen voegen waarde toe aan veel soorten grondstoffen via het productieproces. Ze maken bijvoorbeeld vliegtuigmotoronderdelen en drukken kranten. Hawa\u00efanen produceren ook brood, snoep, frisdranken, geraffineerde suiker en sommige sappen, artikelen van steen, glas en klei en wat kleding. De staat heeft ook een levendige industrie, waarbij ananas wordt ingeblikt om de delicatesse te bewaren.&nbsp;<\/span><\/p>\n\n\n\n<h2 class=\"wp-block-heading\"><span style=\"font-weight: 400;\">Diensten Kansen<\/span><\/h2>\n\n\n\n<figure class=\"gb-block-image gb-block-image-e7f7a202\"><img loading=\"lazy\" decoding=\"async\" width=\"1456\" height=\"816\" class=\"gb-image gb-image-e7f7a202\" src=\"https:\/\/www.sisinternational.com\/wp-content\/uploads\/2025\/09\/Hawai-4.jpg\" alt=\"SIS Internationaal Marktonderzoek &amp; Strategie\" title=\"Hawai (4)\" srcset=\"https:\/\/www.sisinternational.com\/wp-content\/uploads\/2025\/09\/Hawai-4.jpg 1456w, https:\/\/www.sisinternational.com\/wp-content\/uploads\/2025\/09\/Hawai-4-300x168.jpg 300w, https:\/\/www.sisinternational.com\/wp-content\/uploads\/2025\/09\/Hawai-4-1024x574.jpg 1024w, https:\/\/www.sisinternational.com\/wp-content\/uploads\/2025\/09\/Hawai-4-768x430.jpg 768w, https:\/\/www.sisinternational.com\/wp-content\/uploads\/2025\/09\/Hawai-4-18x10.jpg 18w\" sizes=\"auto, (max-width: 1456px) 100vw, 1456px\"><\/figure>\n\n\n\n<p><\/p>\n\n\n\n<p><span style=\"font-weight: 400;\">The service sector is where Hawaiians generate most of the state\u2019s revenue. This sector makes up 9 percent of the state\u2019s gross product, with services ranging from a plethora of options. The intangible money-makers of Hawaii do include community, business, and personal services. Health care is a service; the law is one as well. Accounting, engineering, and car rentals are all service-based. Also falling in the service category are finance, insurance, and real estate. The islands also have military services like the Army, Air Force, Navy, and Marines.\u00a0<\/span><\/p>\n\n\n\n<h2 class=\"wp-block-heading\"><span style=\"font-weight: 400;\">Reizen &amp; Toerisme<\/span><\/h2>\n\n\n\n<p><span style=\"font-weight: 400;\">Een van de belangrijkste inkomsten genererende diensten in Hawa\u00ef is de toerisme-industrie. Toerisme heeft een van de meest prominente rollen gespeeld in het genereren van inkomsten. Toeristen reizen van over de hele wereld naar dit goed geadverteerde &quot;paradijs&quot;. De eilanden bieden eersteklas accommodaties. Gasten kunnen ook genieten van de verfijnde keuken van Hawa\u00ef.<\/span><\/p>\n\n\n\n<h2 class=\"wp-block-heading\"><span style=\"font-weight: 400;\">Over marktonderzoek in Hawa\u00ef<\/span><\/h2>\n\n\n\n<p><span style=\"font-weight: 400;\">For the state of Hawaii, market research aids investors. It assists them in understanding how the most prominent businesses and industries came to be. <a href=\"https:\/\/www.sisinternational.com\/nl\/oplossingen\/kwalitatieve-kwantitatieve-onderzoeksoplossingen\/discrete-choice-in-market-research\/\" title=\"Discrete Choice in Market Research\"  data-wpil-monitor-id=\"933\">Marktonderzoek<\/a> tells prospective investors why these continue to be the industries of choice for Hawaiians. It aids their understanding of the problems a sector may have. Our analysis also assists them in finding solutions to these problems. <\/span><\/p>\n\n\n\n<p><span style=\"font-weight: 400;\"><a href=\"https:\/\/www.sisinternational.com\/nl\/qualitative-research-to-enhance-customer-experience\/\" title=\"Qualitative Research to Enhance Customer Experience\"  data-wpil-monitor-id=\"9136\">Qualitative Research informs companies why customers<\/a> buy products.\u00a0 Key Qualitative methods include Focus Groups, Customer Interviews, and Online Communities.\u00a0 Quantitative <a href=\"https:\/\/www.sisinternational.com\/nl\/how-to-conduct-effective-quantitative-market-research\/\" title=\"How to Conduct Effective Quantitative Market Research\"  data-wpil-monitor-id=\"9137\">Onderzoek<\/a> measures the extent of certain buying phenomena and is often conducted by Online, Mobile, and App surveys.\u00a0 They can see the statistics and exactly how well the industry is doing. <a href=\"https:\/\/www.sisinternational.com\/nl\/the-need-for-competitive-intelligence-in-this-recession\/\" title=\"De noodzaak van concurrerende intelligentie in een recessie\"  data-wpil-monitor-id=\"9135\">Strategy Research informs companies about competition<\/a>, innovation, industries, and Go-To-Market Strategy.\u00a0 Armed with these insights, they can understand the customers\u2019 reasons for supporting that industry. They can also see precisely how they can fit themselves in and make a profit.<\/span><\/p>\n\n\n\n<p><\/p>\n\n\n\n<h2 class=\"wp-block-heading\">&nbsp;<\/h2>","protected":false},"excerpt":{"rendered":"<p>Ontdek nieuwe zakelijke kansen met marktonderzoek in Hawa\u00ef.<\/p>","protected":false},"author":1,"featured_media":68287,"parent":19303,"menu_order":41,"comment_status":"closed","ping_status":"closed","template":"","meta":{"footnotes":""},"class_list":["post-33182","page","type-page","status-publish","has-post-thumbnail"],"_links":{"self":[{"href":"https:\/\/www.sisinternational.com\/nl\/wp-json\/wp\/v2\/pages\/33182","targetHints":{"allow":["GET"]}}],"collection":[{"href":"https:\/\/www.sisinternational.com\/nl\/wp-json\/wp\/v2\/pages"}],"about":[{"href":"https:\/\/www.sisinternational.com\/nl\/wp-json\/wp\/v2\/types\/page"}],"author":[{"embeddable":true,"href":"https:\/\/www.sisinternational.com\/nl\/wp-json\/wp\/v2\/users\/1"}],"replies":[{"embeddable":true,"href":"https:\/\/www.sisinternational.com\/nl\/wp-json\/wp\/v2\/comments?post=33182"}],"version-history":[{"count":5,"href":"https:\/\/www.sisinternational.com\/nl\/wp-json\/wp\/v2\/pages\/33182\/revisions"}],"predecessor-version":[{"id":81527,"href":"https:\/\/www.sisinternational.com\/nl\/wp-json\/wp\/v2\/pages\/33182\/revisions\/81527"}],"up":[{"embeddable":true,"href":"https:\/\/www.sisinternational.com\/nl\/wp-json\/wp\/v2\/pages\/19303"}],"wp:featuredmedia":[{"embeddable":true,"href":"https:\/\/www.sisinternational.com\/nl\/wp-json\/wp\/v2\/media\/68287"}],"wp:attachment":[{"href":"https:\/\/www.sisinternational.com\/nl\/wp-json\/wp\/v2\/media?parent=33182"}],"curies":[{"name":"wp","href":"https:\/\/api.w.org\/{rel}","templated":true}]}}