{"id":32488,"date":"2019-08-10T19:15:43","date_gmt":"2019-08-10T19:15:43","guid":{"rendered":"https:\/\/www.sisinternational.com\/?page_id=32488"},"modified":"2025-09-13T20:28:03","modified_gmt":"2025-09-14T00:28:03","slug":"marktonderzoek-in-kansas","status":"publish","type":"page","link":"https:\/\/www.sisinternational.com\/nl\/dekking\/north-america\/usa-dekking\/marktonderzoek-in-kansas\/","title":{"rendered":"Marktonderzoek in Kansas"},"content":{"rendered":"<h1 class=\"wp-block-heading\"><span style=\"font-weight: 400;\">Marktonderzoek in Kansas<\/span><span style=\"font-weight: 400;\">&nbsp;<\/span><\/h1>\n\n\n\n<figure class=\"gb-block-image gb-block-image-ad412887\"><img loading=\"lazy\" decoding=\"async\" width=\"1456\" height=\"816\" class=\"gb-image gb-image-ad412887\" src=\"https:\/\/www.sisinternational.com\/wp-content\/uploads\/2025\/09\/Kansas-1.jpg\" alt=\"SIS Internationaal Marktonderzoek &amp; Strategie\" title=\"Kansas (1)\" srcset=\"https:\/\/www.sisinternational.com\/wp-content\/uploads\/2025\/09\/Kansas-1.jpg 1456w, https:\/\/www.sisinternational.com\/wp-content\/uploads\/2025\/09\/Kansas-1-300x168.jpg 300w, https:\/\/www.sisinternational.com\/wp-content\/uploads\/2025\/09\/Kansas-1-1024x574.jpg 1024w, https:\/\/www.sisinternational.com\/wp-content\/uploads\/2025\/09\/Kansas-1-768x430.jpg 768w, https:\/\/www.sisinternational.com\/wp-content\/uploads\/2025\/09\/Kansas-1-18x10.jpg 18w\" sizes=\"auto, (max-width: 1456px) 100vw, 1456px\"><\/figure>\n\n\n\n<p><\/p>\n\n\n\n<h2 class=\"wp-block-heading\"><span style=\"font-weight: 400;\">De staat Kansas, gelegen in het Middenwesten van de VS, herbergt verschillende bekende steden. <\/span><\/h2>\n\n\n\n<p><span style=\"font-weight: 400;\">De meest bevolkte gebieden zijn Wichita, Overland Park, Kansas City, Topeka en Olathe. Andere grote grootstedelijke gebieden zijn Lawrence, Shawnee, Manhattan, Lenexa en Salina. Landbouw, veeteelt, energie, luchtvaart en niet-brandstof industri\u00eble mineralen zijn de belangrijkste industrie\u00ebn en Kansas is de nummer \u00e9\u00e9n producent van tarwe in het land.<\/span><span style=\"font-weight: 400;\">&nbsp;<\/span><\/p>\n\n\n\n<p><span style=\"font-weight: 400;\">There has been a regular increase in the number of startup companies in Kansas over the years. This state provides business owners with a robust expansion foundation. It&#8217;s easy to grow an enterprise here. <a href=\"https:\/\/www.sisinternational.com\/nl\/oplossingen\/consumentenmarktonderzoek\/\" title=\"Consumer Market Research Services for Smarter Business Decisions\"  data-wpil-monitor-id=\"8074\">Business cost and taxes don&#8217;t consume<\/a> the profits of the company. Today, Kansas has a broad <a href=\"https:\/\/www.sisinternational.com\/nl\/expertise\/industrieen\/industrieel-marktonderzoek\/\" title=\"Industrieel marktonderzoek en strategie\"  data-wpil-monitor-id=\"8069\">industry base since it offers excellent marketing<\/a> advantages.<\/span><\/p>\n\n\n\n<p><span style=\"font-weight: 400;\">For Kansas, we recommend both quantitative and <a href=\"https:\/\/www.sisinternational.com\/nl\/tools-and-resources-for-qualitative-market-research\/\" title=\"Tools and Resources for Qualitative Market Research\"  data-wpil-monitor-id=\"8068\">qualitative market research<\/a>. Both types would be beneficial for people looking to establish a business here. Some of the primary advantages that companies in Kansas can leverage include:<\/span><\/p>\n\n\n\n<h2 class=\"wp-block-heading\">Vervoer<\/h2>\n\n\n\n<p><span style=\"font-weight: 400;\">Kansas offers excellent transportation advantages for business owners, and its rail, air, and highway networks are well-established. The state has a central location with quality infrastructure. It provides access to interstate rail, truck services, and air corridors. The strategic location of Kansas places it at the crossroads of the US. As a result, it is cheaper to ship to and from its cities.<\/span><\/p>\n\n\n\n<p><span style=\"font-weight: 400;\">Kansas is de thuisbasis van verschillende productiefaciliteiten, magazijnen en distributiegebieden, die een hoge winst hebben gerealiseerd in het transport van zowel afgewerkte als ruwe materialen. Het heeft een handige eerste halte voor alle belangrijke marketinglocaties. De staat staat op de tweede plaats in de VS voor het leveren van spoorwegdiensten.<\/span><\/p>\n\n\n\n<h2 class=\"wp-block-heading\">Zakelijke prikkels<\/h2>\n\n\n\n<p><span style=\"font-weight: 400;\">Wilt u een nieuwe organisatie registreren in Kansas? Er zijn verschillende incentives en programma&#039;s waar uw bedrijf van kan profiteren. Enkele van de meest voorkomende regelingen zijn:<\/span><\/p>\n\n\n\n<ul class=\"wp-block-list\">\n<li><b>Economische ontwikkelingsstimulansen:<\/b><span style=\"font-weight: 400;\"> Grants are available for eligible business owners. These concessions aim to give financing to private enterprises. They, in turn, will be able to keep and create more jobs within the state. Grants can vary in price depending on the size of the business.<\/span><\/li>\n\n\n\n<li><b>Buitenlandse handelszones:<\/b><span style=\"font-weight: 400;\"> Het doel van dit programma is om een onbeperkt belastingvrij toegangspunt te bieden. Bedrijven komen in aanmerking voor dit voordeel na registratie.<\/span><\/li>\n\n\n\n<li><b>Initiatief voor kleine bedrijven:<\/b><span style=\"font-weight: 400;\"> De Amerikaanse Treasury biedt subsidies aan nieuwe bedrijven. Het State Small Business Credit Initiative heeft ook incentives. Bedrijven komen in aanmerking voor dit voordeel na registratie. De hoeveelheid financiering kan vari\u00ebren afhankelijk van het type programma.<\/span><\/li>\n<\/ul>\n\n\n\n<h2 class=\"wp-block-heading\">Geschoolde en vaardige arbeidskrachten<\/h2>\n\n\n\n<p><span style=\"font-weight: 400;\">One <a href=\"https:\/\/www.sisinternational.com\/nl\/top-5-benefits-of-qualitative-market-research-for-businesses\/\" title=\"Top 5 Benefits of Qualitative Market Research for Businesses\"  data-wpil-monitor-id=\"8073\">benefit of doing business<\/a> in Kansas is the presence of an educated workforce. Most of the citizens live in metropolitan areas. Still, companies located in any region will find a quality workforce. The education system of Kansas is one of the best in the US, and it has produced well-skilled and trainable individuals. It is a substantial contributing <a href=\"https:\/\/www.sisinternational.com\/nl\/belangrijkste-succesfactoren-in-automotive-marktonderzoek\/\" title=\"Belangrijkste succesfactoren in marktonderzoek voor de automobielindustrie\"  data-wpil-monitor-id=\"8070\">factor to the success<\/a> of various businesses. This state is a right-to-work one. As a result, the labor cost is below the average of the nation. Additionally, there are various workforce training programs. These programs are for businesses new to Kansas with the goal of expansion.<\/span><\/p>\n\n\n\n<h2 class=\"wp-block-heading\">Betaalbaarheid van energie<\/h2>\n\n\n\n<p><span style=\"font-weight: 400;\">Kansas has a significant advantage over other states when it comes to supplying enough <a href=\"https:\/\/www.sisinternational.com\/nl\/expertise\/cvs-van-ervaring\/cv-van-ervaring-in-de-chemische-en-energiesector\/\" title=\"Chemisch en energiemarktonderzoeksbedrijf\"  data-wpil-monitor-id=\"8071\">energy to meet the needs of companies<\/a>. Kansas has one of the largest natural gas fields in the world, and it is among the leading producers of natural gas in the nation. Additionally, the statewide power costs in Kansas are competitive with the natural average. State authorities try their best to lower the <a href=\"https:\/\/www.sisinternational.com\/nl\/groen-zijn-verbetert-recessieprestaties\/\" title=\"Hoe u kosten kunt besparen in uw bedrijf\"  data-wpil-monitor-id=\"8075\">cost of residing and doing business<\/a> in Kansas. Lawmakers are always finding <a href=\"https:\/\/www.sisinternational.com\/nl\/publicaties\/scalable-business-market-research-7-ways-to-build-a-scalable-business\/\" title=\"Schaalbaar bedrijfsmarktonderzoek: 7 manieren om een schaalbaar bedrijf op te bouwen\"  data-wpil-monitor-id=\"8072\">ways to improve their business<\/a> climate.<\/span><\/p>\n\n\n\n<h2 class=\"wp-block-heading\">&nbsp;<\/h2>","protected":false},"excerpt":{"rendered":"<p>Ontdek nieuwe mogelijkheden met marktonderzoek in Kansas.<\/p>","protected":false},"author":1,"featured_media":66580,"parent":19303,"menu_order":30,"comment_status":"closed","ping_status":"closed","template":"","meta":{"footnotes":""},"class_list":["post-32488","page","type-page","status-publish","has-post-thumbnail"],"_links":{"self":[{"href":"https:\/\/www.sisinternational.com\/nl\/wp-json\/wp\/v2\/pages\/32488","targetHints":{"allow":["GET"]}}],"collection":[{"href":"https:\/\/www.sisinternational.com\/nl\/wp-json\/wp\/v2\/pages"}],"about":[{"href":"https:\/\/www.sisinternational.com\/nl\/wp-json\/wp\/v2\/types\/page"}],"author":[{"embeddable":true,"href":"https:\/\/www.sisinternational.com\/nl\/wp-json\/wp\/v2\/users\/1"}],"replies":[{"embeddable":true,"href":"https:\/\/www.sisinternational.com\/nl\/wp-json\/wp\/v2\/comments?post=32488"}],"version-history":[{"count":5,"href":"https:\/\/www.sisinternational.com\/nl\/wp-json\/wp\/v2\/pages\/32488\/revisions"}],"predecessor-version":[{"id":81360,"href":"https:\/\/www.sisinternational.com\/nl\/wp-json\/wp\/v2\/pages\/32488\/revisions\/81360"}],"up":[{"embeddable":true,"href":"https:\/\/www.sisinternational.com\/nl\/wp-json\/wp\/v2\/pages\/19303"}],"wp:featuredmedia":[{"embeddable":true,"href":"https:\/\/www.sisinternational.com\/nl\/wp-json\/wp\/v2\/media\/66580"}],"wp:attachment":[{"href":"https:\/\/www.sisinternational.com\/nl\/wp-json\/wp\/v2\/media?parent=32488"}],"curies":[{"name":"wp","href":"https:\/\/api.w.org\/{rel}","templated":true}]}}