{"id":29354,"date":"2018-12-24T20:48:22","date_gmt":"2018-12-24T20:48:22","guid":{"rendered":"https:\/\/www.sisinternational.com\/?page_id=29354"},"modified":"2026-01-25T17:09:37","modified_gmt":"2026-01-25T22:09:37","slug":"marktonderzoek-in-texas","status":"publish","type":"page","link":"https:\/\/www.sisinternational.com\/nl\/dekking\/north-america\/usa-dekking\/marktonderzoek-in-texas\/","title":{"rendered":"Marktonderzoek in Texas"},"content":{"rendered":"<h1 class=\"wp-block-heading\">Marktonderzoek in Texas<\/h1>\n\n\n\n<figure class=\"gb-block-image gb-block-image-200e2e07\"><img loading=\"lazy\" decoding=\"async\" width=\"1456\" height=\"816\" class=\"gb-image gb-image-200e2e07\" src=\"https:\/\/www.sisinternational.com\/wp-content\/uploads\/2025\/09\/Austin-Texas-4-3.jpg\" alt=\"SIS Internationaal Marktonderzoek &amp; Strategie\" title=\"Austin Texas 4 (3)\" srcset=\"https:\/\/www.sisinternational.com\/wp-content\/uploads\/2025\/09\/Austin-Texas-4-3.jpg 1456w, https:\/\/www.sisinternational.com\/wp-content\/uploads\/2025\/09\/Austin-Texas-4-3-300x168.jpg 300w, https:\/\/www.sisinternational.com\/wp-content\/uploads\/2025\/09\/Austin-Texas-4-3-1024x574.jpg 1024w, https:\/\/www.sisinternational.com\/wp-content\/uploads\/2025\/09\/Austin-Texas-4-3-768x430.jpg 768w, https:\/\/www.sisinternational.com\/wp-content\/uploads\/2025\/09\/Austin-Texas-4-3-18x10.jpg 18w\" sizes=\"auto, (max-width: 1456px) 100vw, 1456px\"><\/figure>\n\n\n\n<p><\/p>\n\n\n\n<h2 class=\"wp-block-heading\"><span style=\"font-weight: 400;\">Het belang van de economie van Texas<\/span><\/h2>\n\n\n\n<p><span style=\"font-weight: 400;\">De moderne economie van Texas is dynamisch, divers en enorm. Als de staat een onafhankelijk land was, zou het de tiende grootste economie ter wereld hebben. Het zou v\u00f3\u00f3r de Republiek Korea, Brazili\u00eb en India liggen, en net achter Canada en Spanje. <\/span><\/p>\n\n\n\n<p><span style=\"font-weight: 400;\">De steden in Texas zagen er vroeger uit zoals in de oude westerns. Toen kwamen de ontdekkingen van grote hoeveelheden olie. Deze ontdekking was de eerste in een reeks dramatische transformaties. De ontwikkeling van spoorwegen volgde, en daarna de groei van de katoenindustrie. Deze veranderingen hebben de Lone Star State tot de economische grootmacht gemaakt die het vandaag de dag is.<\/span><\/p>\n\n\n\n<p>Interestingly, Texas is promoting itself as a <a href=\"https:\/\/www.sisinternational.com\/nl\/oplossingen\/reizen-toerisme-gastvrijheid-consulting\/cultural-tourism-consulting\/\" title=\"Cultureel Toerisme Consultancy\"  data-wpil-monitor-id=\"9389\">Tourism destination and exporting its culture<\/a>.&nbsp; Now in other global cities, Texas steakhouses and Barbecue restaurants can be found.&nbsp; Austin has positioned itself as a cool, hip city for millennials.<\/p>\n\n\n\n<p><span style=\"font-weight: 400;\">Texas is increasing its importance in the US national economy. The state has mineral wealth and other resources. &nbsp;It has a large technology industry, and its service economy is growing. The state\u2019s location is also important. It is situated on the southern coast of the US and borders several Mexican states.<\/span><\/p>\n\n\n\n<h2 class=\"wp-block-heading\"><span style=\"font-weight: 400;\">Grote steden en economische centra<\/span><\/h2>\n\n\n\n<p><span style=\"font-weight: 400;\">The largest city in Texas is Houston, with a population of approximately 2.3 million. San Antonio is the second largest city with a population of 1.5 million. The third largest is Dallas, with a population of 1.3 million. Texas\u2019 capital city, Austin, has approximately 950,000 citizens. It is the state\u2019s fourth-largest city. The fifth largest is Fort Worth, with a population of 854,000.<\/span><\/p>\n\n\n\n<h2 class=\"wp-block-heading\"><span style=\"font-weight: 400;\">5 grootste industrie\u00ebn<\/span><\/h2>\n\n\n\n<ul class=\"wp-block-list\">\n<li><b><a href=\"https:\/\/www.sisinternational.com\/nl\/expertise\/industrieen\/liquefied-petroleum-gas-market-research\/\" title=\"Marktonderzoek naar vloeibaar petroleumgas\"  data-wpil-monitor-id=\"9386\">Aardolie en aardgas.<\/a> <\/b>Werknemers in dit veld winnen gas en olie die worden gebruikt voor het tanken van voertuigen. Bewoners en bedrijven gebruiken het ook voor het verwarmen van huizen en het vervaardigen van producten.<\/span><\/li>\n\n\n\n<li><b>Landbouw.<\/b><span style=\"font-weight: 400;\"> De twee belangrijkste landbouwproducten in Texas zijn katoen en vee.<\/span><\/li>\n\n\n\n<li><b>Staal.<\/b><span style=\"font-weight: 400;\"> Fabrikanten produceren dit metaal voor verschillende doeleinden, zoals het bouwen van bruggen, het produceren van voertuigen, het maken van pijpleidingen, het versterken van gebouwen en het produceren van huishoudelijke apparaten.<\/span><\/li>\n\n\n\n<li><b>Bankieren.<\/b><span style=\"font-weight: 400;\"> Texas is de thuisbasis van verschillende commerci\u00eble banken. Het heeft ook veel kredietverenigingen en spaar- en leenverenigingen.<\/span><\/li>\n\n\n\n<li><b>Toerisme.<\/b><span style=\"font-weight: 400;\"> Dankzij de natuurlijke schoonheid en beroemde geschiedenis kent Texas een bloeiende toeristenindustrie.<\/span><\/li>\n<\/ul>\n\n\n\n<h2 class=\"wp-block-heading\"><span style=\"font-weight: 400;\">Wereldwijde invloed<\/span><\/h2>\n\n\n\n<p><span style=\"font-weight: 400;\">Texas is a world dominator in the energy industry. Many sources cite Houston as the \u201cenergy capital of the world.\u201d The state also dominates the field of healthcare. The Texas Medical Centre, located in the southwest, is the largest in the world. It is home to the University of Texas Health Science Center. This center trains medical students and residents. It also includes the University of Texas M.D. Anderson Cancer Center. This Center is a <a href=\"https:\/\/www.sisinternational.com\/nl\/low-cost-carriers-in-de-luchtvaartindustrie\/\" title=\"Marktonderzoek naar goedkope luchtvaartmaatschappijen\"  data-wpil-monitor-id=\"9378\">global leader in cancer treatment and research<\/a>.<\/span><\/p>\n\n\n\n<h2 class=\"wp-block-heading\"><span style=\"font-weight: 400;\">Voordelen van investeren in Texas<\/span><\/h2>\n\n\n\n<p><span style=\"font-weight: 400;\">Texas, often and consistently, claims top rankings as one of the best states for business in the <a href=\"https:\/\/www.sisinternational.com\/nl\/dekking\/amerika\/usa-dekking\/\" title=\"Marktonderzoek in de Verenigde Staten\"  data-wpil-monitor-id=\"9382\">United<\/a> States. Texas also received the top score in infrastructure and economy. The state is also known for its economic strength and fair legal system. The taxes are low, and the quality of life high. Texas also has a skilled workforce.<\/span><\/p>\n\n\n\n<h2 class=\"wp-block-heading\"><span style=\"font-weight: 400;\">Kansen en trends in de economie van Texas<\/span><\/h2>\n\n\n\n<p><span style=\"font-weight: 400;\">The Texas economy is expanding, and the energy sector continues to boom. Jobs are increasing, with the most substantial increases in the energy sector. Small <a href=\"https:\/\/www.sisinternational.com\/nl\/oplossingen\/innovation\/how-to-scale-a-business\/\" title=\"How to Scale a Business | Achieving Exponential Growth\"  data-wpil-monitor-id=\"9390\">business owners have reported healthy growth<\/a>. This growth is especially strong in Austin, Houston, Dallas, and Fort Worth. Entrepreneurs claim that their biggest challenge is finding enough skilled workers. They need workers to keep up with the fast pace of growth. Another problem is accessing capital to fund their investments.<\/span><\/p>\n\n\n\n<h2 class=\"wp-block-heading\"><span style=\"font-weight: 400;\">Waarom marktonderzoek belangrijk is<\/span><\/h2>\n\n\n\n<p><span style=\"font-weight: 400;\">Conducting Market Research helps companies gain competitive insights. It also helps them understand consumer preferences, expectations and pain points. Market Research provides detailed insights into demographics, consumer tastes and economic shifts. It shows <a href=\"https:\/\/www.sisinternational.com\/nl\/publicaties\/buyer-behavior-after-coronavirus-new-consumer\/\" title=\"Koopgedrag na het coronavirus \u2013 Consumentenmarktonderzoek\"  data-wpil-monitor-id=\"9384\">market trends and consumer<\/a> buying patterns. <a href=\"https:\/\/www.sisinternational.com\/nl\/dekking\/amerika\/marktonderzoek-canada\/market-research-in-new-brunswick\/\" title=\"Marktonderzoek in New Brunswick, Canada\"  data-wpil-monitor-id=\"4032\">Marktkansenonderzoek<\/a> uncovers new business opportunities and areas of uncontested marketshare.&nbsp;<\/span><\/p>\n\n\n\n<h2 class=\"wp-block-heading\">Over SIS Marktonderzoek<\/h2>\n\n\n\n<p>We have over 40+ years experience in conducting Market Research in Texas.&nbsp; <a href=\"https:\/\/www.sisinternational.com\/nl\/pasen-pasen-en-het-onvermijdelijke-chocoladekonijn\/\" title=\"Marktonderzoek Pasen\"  data-wpil-monitor-id=\"9380\">SIS conducts research<\/a> often in Austin, Dallas, Houston, San Antonio, El Paso, and Fort Worth.&nbsp; We provide:<\/p>\n\n\n\n<ul class=\"wp-block-list\">\n<li>Focusgroepen<\/li>\n\n\n\n<li>Klantinterviews<\/li>\n\n\n\n<li><a href=\"https:\/\/www.sisinternational.com\/nl\/oplossingen\/b2b-online-community-market-research-company\/\" title=\"B2B Online Community Market Research Company\"  data-wpil-monitor-id=\"9388\">Online inzichtgemeenschappen<\/a><\/li>\n\n\n\n<li>Enqu\u00eates<\/li>\n\n\n\n<li>Concurrentieanalyse<\/li>\n\n\n\n<li>Strategisch onderzoek<\/li>\n\n\n\n<li>Marktkansen, omvang en instapbeoordelingen<\/li>\n<\/ul>\n\n\n\n<h2 class=\"wp-block-heading\">&nbsp;<\/h2>","protected":false},"excerpt":{"rendered":"<p>Wij voeren kwalitatief, kwantitatief en strategisch marktonderzoek uit in Texas. Meer informatie.<\/p>","protected":false},"author":1,"featured_media":66507,"parent":19303,"menu_order":17,"comment_status":"closed","ping_status":"closed","template":"","meta":{"footnotes":""},"class_list":["post-29354","page","type-page","status-publish","has-post-thumbnail"],"_links":{"self":[{"href":"https:\/\/www.sisinternational.com\/nl\/wp-json\/wp\/v2\/pages\/29354","targetHints":{"allow":["GET"]}}],"collection":[{"href":"https:\/\/www.sisinternational.com\/nl\/wp-json\/wp\/v2\/pages"}],"about":[{"href":"https:\/\/www.sisinternational.com\/nl\/wp-json\/wp\/v2\/types\/page"}],"author":[{"embeddable":true,"href":"https:\/\/www.sisinternational.com\/nl\/wp-json\/wp\/v2\/users\/1"}],"replies":[{"embeddable":true,"href":"https:\/\/www.sisinternational.com\/nl\/wp-json\/wp\/v2\/comments?post=29354"}],"version-history":[{"count":6,"href":"https:\/\/www.sisinternational.com\/nl\/wp-json\/wp\/v2\/pages\/29354\/revisions"}],"predecessor-version":[{"id":81567,"href":"https:\/\/www.sisinternational.com\/nl\/wp-json\/wp\/v2\/pages\/29354\/revisions\/81567"}],"up":[{"embeddable":true,"href":"https:\/\/www.sisinternational.com\/nl\/wp-json\/wp\/v2\/pages\/19303"}],"wp:featuredmedia":[{"embeddable":true,"href":"https:\/\/www.sisinternational.com\/nl\/wp-json\/wp\/v2\/media\/66507"}],"wp:attachment":[{"href":"https:\/\/www.sisinternational.com\/nl\/wp-json\/wp\/v2\/media?parent=29354"}],"curies":[{"name":"wp","href":"https:\/\/api.w.org\/{rel}","templated":true}]}}