{"id":27373,"date":"2018-07-15T21:45:25","date_gmt":"2018-07-15T21:45:25","guid":{"rendered":"https:\/\/www.sisinternational.com\/?page_id=27373"},"modified":"2026-01-27T16:36:32","modified_gmt":"2026-01-27T21:36:32","slug":"omnichannel-marktonderzoek","status":"publish","type":"page","link":"https:\/\/www.sisinternational.com\/nl\/oplossingen\/oplossingen-voor-merk-en-klantonderzoek\/omnichannel-marktonderzoek\/","title":{"rendered":"Omnichannel marktonderzoek"},"content":{"rendered":"<h1 class=\"wp-block-heading\"><span style=\"font-weight: 400;\">Omnichannel marktonderzoek<\/span><\/h1>\n\n\n\n<figure class=\"gb-block-image gb-block-image-dc627e5e\"><img loading=\"lazy\" decoding=\"async\" width=\"1456\" height=\"816\" class=\"gb-image gb-image-dc627e5e\" src=\"https:\/\/www.sisinternational.com\/wp-content\/uploads\/2025\/08\/Smarrtphone-5g-11.jpg\" alt=\"SIS Internationaal Marktonderzoek &amp; Strategie\" title=\"Smarrtphone 5g (11)\" srcset=\"https:\/\/www.sisinternational.com\/wp-content\/uploads\/2025\/08\/Smarrtphone-5g-11.jpg 1456w, https:\/\/www.sisinternational.com\/wp-content\/uploads\/2025\/08\/Smarrtphone-5g-11-300x168.jpg 300w, https:\/\/www.sisinternational.com\/wp-content\/uploads\/2025\/08\/Smarrtphone-5g-11-1024x574.jpg 1024w, https:\/\/www.sisinternational.com\/wp-content\/uploads\/2025\/08\/Smarrtphone-5g-11-768x430.jpg 768w, https:\/\/www.sisinternational.com\/wp-content\/uploads\/2025\/08\/Smarrtphone-5g-11-18x10.jpg 18w\" sizes=\"auto, (max-width: 1456px) 100vw, 1456px\"><\/figure>\n\n\n\n<h2 class=\"wp-block-heading\">&nbsp;<\/h2>\n\n\n\n<h2 class=\"wp-block-heading\"><span style=\"font-weight: 400;\">Omnichannel beschrijft een waardeketen voor e-commerce en detailhandel die de verschillende winkelmethoden integreert die consumenten tot hun beschikking hebben (bijvoorbeeld online, in de winkel of telefonisch).<\/span><\/h2>\n\n\n\n<p><span style=\"font-weight: 400;\">Tachtig procent van de transacties voor Omni-channel verkopers vinden plaats in de offline wereld. Omni-channel verkopen is een ge\u00efntegreerde benadering van handel. Het laat shoppers een uniforme ervaring achter via offline en online kanalen.<\/span><\/p>\n\n\n\n<p><span style=\"font-weight: 400;\">De term &quot;Omni-channel marketing&quot; suggereert een ingrijpende verandering. Bedrijven moeten nu een uniforme ervaring leveren, ongeacht het kanaal of apparaat. Best practices voor Omnichannel-strategie moedigen bedrijfsmanagers aan om in de schoenen van hun klanten te stappen. Ze moeten de ervaring testen en optimaliseren door via alle beschikbare kanalen te interacteren. Ze moeten begrijpen hoe het is om bestellingen te plaatsen, gebruiksgemak, bruikbaarheid van websites, effectiviteit van klantenservice en meer. <\/span><\/p>\n\n\n\n<p><span style=\"font-weight: 400;\">Mensen gebruiken meerdere apparaten voor \u00e9\u00e9n transactie. Een koper kan bijvoorbeeld een paar schoenen in het winkelwagentje van een winkel plaatsen vanaf een mobiel apparaat op weg naar huis van het werk. De klant kan ervoor kiezen om de transactie te voltooien vanaf een laptop thuis. Omnichannel-strategie\u00ebn openen nieuwe mogelijkheden, zodat die schoenen in het winkelwagentje liggen wanneer de koper inlogt vanaf zijn computer.<\/span><\/p>\n\n\n\n<h2 class=\"wp-block-heading\">Omnichannel versus multichannel: wat is het verschil?<\/h2>\n\n\n\n<p><span style=\"font-weight: 400;\">Bedrijven die de multichannelstrategie gebruiken, proberen de prestaties van elk kanaal te maximaliseren. Ze structureren hun organisatie in &#039;swim lanes&#039; die zich richten op elk kanaal. <span class=\"removed_link\" title=\"https:\/\/www.shopify.com\/enterprise\/omni-channel-vs-multi-channel\">Elk kanaal heeft zijn eigen structuur en omzetdoelstellingen.<\/span> De Omni-channel-aanpak is het tegenovergestelde. Het plaatst de klant, niet de bedrijfsstructuur, centraal in de strategie. Het erkent dat klanten soms tegelijkertijd kanalen gebruiken. Een klant kan bijvoorbeeld reviews op een mobiel apparaat bekijken terwijl hij in de winkel is. Deze actie helpt hen te beslissen of ze een product kopen.<\/span><\/p>\n\n\n\n<h2 class=\"wp-block-heading\">Opkomst van digitaal<\/h2>\n\n\n\n<p><span style=\"font-weight: 400;\">Bedrijven in alle sectoren onderzoeken hoe ze zich kunnen aanpassen aan de digitale wereld. Ze willen meer digitale aanbiedingen produceren. Ze willen meer digitale mogelijkheden opbouwen. Ze willen &#039;digital first&#039;-organisaties worden. Bestuurders moeten in gedachten houden dat de andere kanalen nog steeds relevant zijn.<\/span><\/p>\n\n\n\n<p><span style=\"font-weight: 400;\">Het aantal consumenten dat alleen digitaal gebruikt, is sinds 2012 verdubbeld. Tegenwoordig ligt dat cijfer op bijna de helft van alle consumenten. De omnichannel-ervaring wint aan populariteit met de opkomst van digitale betrokkenheid. De bankensector heeft het gevoeld: er is een nieuw normaal in financi\u00eble interacties. Het gebruik van fysieke vestigingen, hoewel nog steeds noodzakelijk, neemt af.<\/span><\/p>\n\n\n\n<h2 class=\"wp-block-heading\">Nieuwe technologie\u00ebn<\/h2>\n\n\n\n<p><span style=\"font-weight: 400;\">Bedrijven zien nu de voordelen van nieuwe technologie\u00ebn. Deze technologie\u00ebn omvatten 3D-printen, virtual reality en het Internet of Things. Deze nieuwe technologie\u00ebn ondersteunen omnichannelstrategie\u00ebn. Ze zijn waardevol omdat bedrijven bestuderen hoe ze toegang kunnen krijgen tot de consumentengegevens die ze hebben en deze kunnen ontwikkelen. Bedrijven gebruiken meer praktische toepassingen van virtual reality in B2B e-commerce. Deze toepassingen bieden een effectieve manier om de betrokkenheid bij hun producten te stroomlijnen en te vergroten. Ze helpen ook bij selfservicestrategie\u00ebn en verlagen de verkoopkosten.<\/span><\/p>\n\n\n\n<p>Big Data allows companies to prioritize what customers see based on the information collected to optimize revenue and Customer Satisfaction.&nbsp; Big Data allows companies to make the selling process more efficient and streamlined.<\/p>\n\n\n\n<p><span style=\"font-weight: 400;\">Retailers kunnen hun verkoop verbeteren met behulp van de nieuwe technologie\u00ebn die Omni-Channel ondersteunen. Deze technologie\u00ebn helpen hen om gerichtere, effici\u00ebntere en meetbare oplossingen te ontwikkelen. Digitaal ingeschakelde consumenten hebben doorgaans toegang tot meerdere kanalen. Ze gaan online of naar de winkel, met een computer, smartphone of persoonlijk. Ze kiezen ervoor om alle kanalen van een winkel te bekijken als \u00e9\u00e9n enkele winkelervaring van \u00e9\u00e9n merk.<\/span><\/p>\n\n\n\n<h2 class=\"wp-block-heading\">Waarom zouden bedrijven hun omnichannel-marktonderzoek moeten optimaliseren?<\/h2>\n\n\n\n<p><span style=\"font-weight: 400;\">Technology has disrupted the retail industry. Consumers are no longer loyal to a single type of shopping or a brand. They sometimes browse a marketplace before heading to a category-specific site. Alternatively, they buy on a mobile device while in a brick-and-mortar store.&nbsp; Aligning messaging and experience can strengthen customer satisfaction and branding advantages.&nbsp;&nbsp;By using Big Data and optimizing the Customer Experience,&nbsp;<\/span><span style=\"font-weight: 400;\">Omnichannelstrategie\u00ebn kunnen de loyaliteit, tevredenheid en omzet vergroten.&nbsp; &nbsp;<\/span><\/p>\n\n\n\n<p><span style=\"font-weight: 400;\">Companies should be researching Omni-channel because studies because many consumers have expectations that their experience will be consistent across channels. Customers expect to be able to shop in-person, online, and on mobile with clear messaging. They also use product reviews before visiting a store, and they may even consult video reviews on YouTube. &nbsp;Optimizing the Omnichannel experience can bring benefits of Customer Loyalty, Engagement, boosts in market share, Share of Wallet, increased Word of Mouth (WOM) marketing advantages, and increased profitability.<\/span><\/p>\n\n\n\n<h2 class=\"wp-block-heading\">Over SIS<\/h2>\n\n\n\n<p>SIS International Research is a leader in Omnichannel <a href=\"https:\/\/www.sisinternational.com\/nl\/expertise\/industrieen\/cosmetic-surgery-market-research\/\" title=\"Marktonderzoek cosmetische chirurgie\"  data-wpil-monitor-id=\"4088\">Markt<\/a> Research.&nbsp; We provide <a href=\"https:\/\/www.sisinternational.com\/nl\/oplossingen\/oplossingen-voor-merk-en-klantonderzoek\/\">Klantonderzoek<\/a> En <a href=\"https:\/\/www.sisinternational.com\/nl\/oplossingen\/strategy-research-2\/\">Strategisch onderzoek<\/a> solutions to provide our clients with a Competitive advantage in fast-changing industries.&nbsp; Our key methods include Online Communities, <a href=\"https:\/\/www.sisinternational.com\/nl\/f2f-interviews-en-online-de-voor-en-nadelen\/\" title=\"F2F-interviews en online: de voor- en nadelen\"  data-wpil-monitor-id=\"7454\">Online Video Interviews<\/a>, Focus Groups, Surveys, Customer Interviews, and Competitive Analysis.<\/p>\n\n\n\n<p><\/p>","protected":false},"excerpt":{"rendered":"<p>Het optimaliseren van meerdere klantcontactpunten biedt nieuwe kansen voor klantbetrokkenheid en winstgevendheid.<\/p>","protected":false},"author":1,"featured_media":63119,"parent":14650,"menu_order":12,"comment_status":"closed","ping_status":"closed","template":"","meta":{"footnotes":""},"class_list":["post-27373","page","type-page","status-publish","has-post-thumbnail"],"_links":{"self":[{"href":"https:\/\/www.sisinternational.com\/nl\/wp-json\/wp\/v2\/pages\/27373","targetHints":{"allow":["GET"]}}],"collection":[{"href":"https:\/\/www.sisinternational.com\/nl\/wp-json\/wp\/v2\/pages"}],"about":[{"href":"https:\/\/www.sisinternational.com\/nl\/wp-json\/wp\/v2\/types\/page"}],"author":[{"embeddable":true,"href":"https:\/\/www.sisinternational.com\/nl\/wp-json\/wp\/v2\/users\/1"}],"replies":[{"embeddable":true,"href":"https:\/\/www.sisinternational.com\/nl\/wp-json\/wp\/v2\/comments?post=27373"}],"version-history":[{"count":7,"href":"https:\/\/www.sisinternational.com\/nl\/wp-json\/wp\/v2\/pages\/27373\/revisions"}],"predecessor-version":[{"id":81085,"href":"https:\/\/www.sisinternational.com\/nl\/wp-json\/wp\/v2\/pages\/27373\/revisions\/81085"}],"up":[{"embeddable":true,"href":"https:\/\/www.sisinternational.com\/nl\/wp-json\/wp\/v2\/pages\/14650"}],"wp:featuredmedia":[{"embeddable":true,"href":"https:\/\/www.sisinternational.com\/nl\/wp-json\/wp\/v2\/media\/63119"}],"wp:attachment":[{"href":"https:\/\/www.sisinternational.com\/nl\/wp-json\/wp\/v2\/media?parent=27373"}],"curies":[{"name":"wp","href":"https:\/\/api.w.org\/{rel}","templated":true}]}}