{"id":24329,"date":"2018-02-22T06:00:57","date_gmt":"2018-02-22T06:00:57","guid":{"rendered":"https:\/\/www.sisinternational.com\/?page_id=24329"},"modified":"2026-01-25T18:23:36","modified_gmt":"2026-01-25T23:23:36","slug":"marktonderzoek-connecticut","status":"publish","type":"page","link":"https:\/\/www.sisinternational.com\/nl\/dekking\/north-america\/usa-dekking\/marktonderzoek-connecticut\/","title":{"rendered":"Marktonderzoek in Connecticut"},"content":{"rendered":"<h1 class=\"wp-block-heading\">Marktonderzoek in Connecticut<\/h1>\n\n\n\n<figure class=\"gb-block-image gb-block-image-2e314506\"><img loading=\"lazy\" decoding=\"async\" width=\"1456\" height=\"816\" class=\"gb-image gb-image-2e314506\" src=\"https:\/\/www.sisinternational.com\/wp-content\/uploads\/2025\/09\/Connecticut-1.jpg\" alt=\"SIS Internationaal Marktonderzoek &amp; Strategie\" title=\"Connecticut (1)\" srcset=\"https:\/\/www.sisinternational.com\/wp-content\/uploads\/2025\/09\/Connecticut-1.jpg 1456w, https:\/\/www.sisinternational.com\/wp-content\/uploads\/2025\/09\/Connecticut-1-300x168.jpg 300w, https:\/\/www.sisinternational.com\/wp-content\/uploads\/2025\/09\/Connecticut-1-1024x574.jpg 1024w, https:\/\/www.sisinternational.com\/wp-content\/uploads\/2025\/09\/Connecticut-1-768x430.jpg 768w, https:\/\/www.sisinternational.com\/wp-content\/uploads\/2025\/09\/Connecticut-1-18x10.jpg 18w\" sizes=\"auto, (max-width: 1456px) 100vw, 1456px\"><\/figure>\n\n\n\n<p><\/p>\n\n\n\n<h4 class=\"wp-block-heading\">Connecticut is strategisch gelegen tussen Boston en New York City. Als onderdeel van de Boston-Washington corridor heeft Connecticut verschillende economische voordelen in het noordoosten van de VS, dat wordt beschouwd als een regionale grootmacht van de Amerikaanse economie.<\/h4>\n\n\n\n<p><strong>Overzicht<\/strong><\/p>\n\n\n\n<p>Connecticut has a population of over 3.5 million people.&nbsp; Fairfield County is a prosperous area bordering New York City in the West of Connecticut.&nbsp; The area benefits from its proximity to New York City and its railroads, major airports, and highways.&nbsp; New Canaan and Darien are on the top lists of US cities with the highest median income.&nbsp; Extraordinary personal wealth resides within an hour&#8217;s commute to central Manhattan.&nbsp; Many financial services companies are based in Greenwich, Bridgeport, Darien, and Stamford in Fairfield County.<\/p>\n\n\n\n<p>De hoofdstad van Connecticut is Hartford, gelegen in het centrum van de staat. De hoofdstad heeft een groot aantal verzekeringsmaatschappijen. De staat heeft ook een grote kust die toegang biedt tot zeehavens, aquaria, kleine steden en toeristische trekpleisters.<\/p>\n\n\n\n<h2 class=\"wp-block-heading\"><span style=\"font-weight: 400;\"><strong>What is Market Research in Connecticut?<\/strong><\/span><\/h2>\n\n\n\n<p><span style=\"font-weight: 400;\">Marktonderzoek in Connecticut is gericht op het begrijpen van consumentengedrag, markttrends en concurrentiedynamiek die specifiek zijn voor Connecticut. Het stelt bedrijven in staat om kansen te identificeren, risico&#039;s te beperken en hun concurrentievoordeel te vergroten. In een staat die bekendstaat om zijn hoge levenskwaliteit en economische diversiteit, is het onmisbaar om op de hoogte te blijven via marktonderzoek.<\/span><\/p>\n\n\n\n<h2 class=\"wp-block-heading\"><span style=\"font-weight: 400;\"><strong>Voordelen van marktonderzoek in Connecticut<\/strong><\/span><\/h2>\n\n\n\n<p><span style=\"font-weight: 400;\">Marktonderzoek in Connecticut biedt talloze voordelen die de bedrijfsprestaties en strategische planning aanzienlijk kunnen verbeteren. Bedrijven kunnen hun activiteiten optimaliseren en betere resultaten behalen door lokale inzichten te benutten.<\/span><\/p>\n\n\n\n<ul class=\"wp-block-list\">\n<li><b>Verbeterde besluitvorming:<\/b><span style=\"font-weight: 400;\"> Marktonderzoek in Connecticut biedt datagedreven inzichten die ge\u00efnformeerde besluitvorming ondersteunen. Dit vermindert het risico op kostbare fouten en verbetert de effectiviteit van bedrijfsstrategie\u00ebn.<\/span><\/li>\n\n\n\n<li><b>Verbeterd inzicht in de klant:<\/b><span style=\"font-weight: 400;\"> Door inzicht te krijgen in de behoeften, voorkeuren en het gedrag van consumenten in Connecticut, kunnen bedrijven producten en diensten ontwikkelen die beter aansluiten op de vraag van de markt.&nbsp;<\/span><\/li>\n\n\n\n<li><b>Concurrentievoordeel:<\/b><span style=\"font-weight: 400;\"> Marktonderzoek helpt bedrijven om de concurrentie voor te blijven door inzicht te bieden in markttrends en concurrentiedynamiek.<\/span><\/li>\n\n\n\n<li><b>Identificatie van marktkansen:<\/b><span style=\"font-weight: 400;\"> Door grondige marktanalyse kunnen bedrijven nieuwe kansen voor groei en uitbreiding in Connecticut identificeren. <\/span><\/li>\n\n\n\n<li><b>Risicobeperking:<\/b> Market research helps businesses identify potential risks and challenges. By understanding these factors, companies can develop strategies to mitigate risks and ensure long-term stability.<\/li>\n<\/ul>\n\n\n\n<h2 class=\"wp-block-heading\"><span style=\"font-weight: 400;\"><strong>Wie maakt gebruik van marktonderzoek in Connecticut?<\/strong><\/span><\/h2>\n\n\n\n<p><b>Biotechbedrijven<\/b><span style=\"font-weight: 400;\"> also heavily depend on market research. Companies in biotechnology and <a href=\"https:\/\/www.sisinternational.com\/nl\/expertise\/industrieen\/pharmaceuticals-market-research\/\" title=\"Marktonderzoek farmaceutische producten\"  data-wpil-monitor-id=\"3478\">pharmaceuticals use market research<\/a> to optimize R&amp;D, understand market demand, and stay competitive in local and international markets. Organizations like Alexion Pharmaceuticals and Boehringer Ingelheim play significant roles in this sector.<\/span><\/p>\n\n\n\n<p><b>Onderwijsinstellingen<\/b><span style=\"font-weight: 400;\"> in Connecticut, zoals Yale University en de University of Connecticut, vertrouwen ook op marktonderzoek. Ze gebruiken het om inzicht te krijgen in de demografie van studenten, onderwijsbehoeften en markttrends, en zo curriculumontwikkeling en strategische groei te ondersteunen.<\/span><\/p>\n\n\n\n<p><b>Productiebedrijven<\/b><span style=\"font-weight: 400;\"> capitalize on market research to tailor their operations and <a href=\"https:\/\/www.sisinternational.com\/nl\/hartford-connecticuts-stadsontwikkeling\/\" title=\"Marktonderzoek in Hartford, Connecticut\"  data-wpil-monitor-id=\"1752\">marketing strategies<\/a> to Connecticut\u2019s diverse consumer base. By understanding local and global trends, manufacturers can effectively engage with their customers and enhance their market presence.<\/span><\/p>\n\n\n\n<p><b>Government agencies and <a href=\"https:\/\/www.sisinternational.com\/nl\/expertise\/industrieen\/non-profit-marktonderzoek\/\" title=\"Marktonderzoek voor non-profitorganisaties\"  data-wpil-monitor-id=\"4817\">nonprofit organizations utilize market research<\/a> to inform policy decisions and develop community programs. These insights help address local needs, allocate resources efficiently, and measure the impact of their initiatives.<\/span><\/p>\n\n\n\n<h2 class=\"wp-block-heading\"><span style=\"font-weight: 400;\"><strong>Wanneer u marktonderzoek moet uitvoeren in Connecticut<\/strong><\/span><\/h2>\n\n\n\n<p><span style=\"font-weight: 400;\">Het uitvoeren van marktonderzoek in Connecticut zou een continu proces moeten zijn, maar er zijn specifieke momenten waarop het bijzonder cruciaal wordt. Voordat ze een nieuw product of een nieuwe dienst lanceren, moeten bedrijven grondig marktonderzoek uitvoeren om de vraag te begrijpen, doelgroepen te identificeren en effectieve marketingstrategie\u00ebn te ontwikkelen. Dit zorgt ervoor dat het product of de dienst aansluit bij de behoeften en voorkeuren van de markt.<\/span><\/p>\n\n\n\n<p><span style=\"font-weight: 400;\">Wanneer bedrijven voor het eerst de markt van Connecticut betreden, moeten ze uitgebreid onderzoek doen om het lokale landschap te begrijpen. Dit omvat het analyseren van concurrenten, het identificeren van potenti\u00eble partners en het begrijpen van wettelijke vereisten. Marktonderzoek biedt de fundamentele kennis die nodig is om succesvol door deze nieuwe omgeving te navigeren.<\/span><\/p>\n\n\n\n<p><span style=\"font-weight: 400;\">Het uitbreiden van bestaande activiteiten of het openen van nieuwe locaties in Connecticut vereist ook marktonderzoek. Bedrijven moeten de lokale marktomstandigheden, het consumentengedrag en mogelijke uitdagingen begrijpen om weloverwogen uitbreidingsbeslissingen te nemen. Dit helpt bij het selecteren van optimale locaties en het ontwikkelen van strategie\u00ebn die inspelen op de lokale markt.<\/span><\/p>\n\n\n\n<h2 class=\"wp-block-heading\"><span style=\"font-weight: 400;\"><strong>Onze huidige marktbeoordeling en aanbevelingen<\/strong><\/span><\/h2>\n\n\n\n<p><span style=\"font-weight: 400;\">Wij geloven dat Connecticut groei ervaart in verschillende belangrijke sectoren, met name financi\u00ebn, gezondheidszorg en biotechnologie. De inspanningen van de staat om bedrijven aan te trekken en innovatie te bevorderen, beginnen hun vruchten af te werpen en cre\u00ebren een vruchtbare bodem voor bedrijfsontwikkeling en -uitbreiding.<\/span><\/p>\n\n\n\n<p><span style=\"font-weight: 400;\">Bijgevolg is het potenti\u00eble rendement op investeringen in Connecticut aanzienlijk voor bedrijven die effectief kunnen navigeren door de lokale marktdynamiek. Marktonderzoek biedt kritische inzichten om strategie\u00ebn te optimaliseren, risico&#039;s te verminderen en kansen te benutten. Bedrijven die investeren in Connecticut kunnen aanzienlijke winsten verwachten als ze hun activiteiten afstemmen op het groeitraject van de staat.<\/span><\/p>\n\n\n\n<h2 class=\"wp-block-heading\"><span style=\"font-weight: 400;\"><strong>Verwachte resultaten van SIS&#039;s marktonderzoek in Connecticut<\/strong><\/span><\/h2>\n\n\n\n<p><b>Verbeterde besluitvorming<\/b><span style=\"font-weight: 400;\">&nbsp;<\/span><\/p>\n\n\n\n<p><span style=\"font-weight: 400;\">Marktonderzoek in Connecticut geeft bedrijven de data en inzichten die ze nodig hebben om weloverwogen beslissingen te nemen. Door markttrends, consumentengedrag en concurrentiedynamiek te begrijpen, kunnen bedrijven effectieve en effici\u00ebnte strategie\u00ebn ontwikkelen.<\/span><\/p>\n\n\n\n<p><b>Verbeterde klanttargeting<\/b><span style=\"font-weight: 400;\">&nbsp;<\/span><\/p>\n\n\n\n<p><span style=\"font-weight: 400;\">Bedrijven kunnen hun marketinginspanningen beter richten door gedetailleerde analyses van lokale demografie en consumentenvoorkeuren. Dit leidt tot hogere betrokkenheid en verbeterde conversiepercentages, wat uiteindelijk de verkoop en inkomsten stimuleert.<\/span><\/p>\n\n\n\n<p><b>Verhoogd concurrentievoordeel<\/b><span style=\"font-weight: 400;\">&nbsp;<\/span><\/p>\n\n\n\n<p><span style=\"font-weight: 400;\">Marktonderzoek in Connecticut biedt inzicht in de sterke en zwakke punten van concurrenten. Door deze informatie te benutten, kunnen bedrijven strategie\u00ebn ontwikkelen die inspelen op marktkansen en zich onderscheiden van de concurrentie.<\/span><\/p>\n\n\n\n<p><b>Geoptimaliseerde productontwikkeling<\/b><span style=\"font-weight: 400;\">&nbsp;<\/span><\/p>\n\n\n\n<p><span style=\"font-weight: 400;\">Door de behoeften en voorkeuren van de consumenten in Connecticut te begrijpen, kunnen bedrijven producten en diensten ontwikkelen die beter voldoen aan de marktvraag. Dit vergroot de kans op productsucces en klanttevredenheid.<\/span><\/p>\n\n\n\n<p><b>Risicobeperking<\/b><span style=\"font-weight: 400;\">&nbsp;<\/span><\/p>\n\n\n\n<p><a href=\"https:\/\/www.linkedin.com\/company\/sisinternationalresearch\/\" target=\"_blank\" rel=\"noopener\"><span style=\"font-weight: 400;\">SIS Internationaal<\/span><\/a><span style=\"font-weight: 400;\"> stelt bedrijven in staat om strategie\u00ebn te ontwikkelen om deze risico&#039;s te beperken. Deze proactieve aanpak helpt om stabiliteit en succes op de lange termijn te garanderen.<\/span><\/p>\n\n\n\n<h2 class=\"wp-block-heading\"><span style=\"font-weight: 400;\"><strong>Belangrijkste industrie\u00ebn in Connecticut<\/strong><\/span><\/h2>\n\n\n\n<figure class=\"gb-block-image gb-block-image-40d7ae70\"><img loading=\"lazy\" decoding=\"async\" width=\"1456\" height=\"816\" class=\"gb-image gb-image-40d7ae70\" src=\"https:\/\/www.sisinternational.com\/wp-content\/uploads\/2025\/09\/Connecticut-3.jpg\" alt=\"SIS Internationaal Marktonderzoek &amp; Strategie\" title=\"Connecticut (3)\" srcset=\"https:\/\/www.sisinternational.com\/wp-content\/uploads\/2025\/09\/Connecticut-3.jpg 1456w, https:\/\/www.sisinternational.com\/wp-content\/uploads\/2025\/09\/Connecticut-3-300x168.jpg 300w, https:\/\/www.sisinternational.com\/wp-content\/uploads\/2025\/09\/Connecticut-3-1024x574.jpg 1024w, https:\/\/www.sisinternational.com\/wp-content\/uploads\/2025\/09\/Connecticut-3-768x430.jpg 768w, https:\/\/www.sisinternational.com\/wp-content\/uploads\/2025\/09\/Connecticut-3-18x10.jpg 18w\" sizes=\"auto, (max-width: 1456px) 100vw, 1456px\"><\/figure>\n\n\n\n<p><\/p>\n\n\n\n<p><span style=\"font-weight: 400;\">De economie van Connecticut wordt ondersteund door verschillende belangrijke industrie\u00ebn, die allemaal een belangrijke bijdrage leveren aan de groei en ontwikkeling van de staat.<\/span><\/p>\n\n\n\n<p><b>\u2022 Financi\u00ebn en verzekeringen:<\/b><span style=\"font-weight: 400;\"> Connecticut staat bekend als de &quot;Insurance Capital of the World&quot;, met grote bedrijven als Aetna, The Hartford en Travelers met hun hoofdkantoor in de staat. De financi\u00eble en verzekeringssector is een hoeksteen van de economie van Connecticut, die banen cre\u00ebert en economische activiteit stimuleert.<\/span><\/p>\n\n\n\n<p><b>\u2022 Biotechnologie en farmacie:<\/b><span style=\"font-weight: 400;\"> Biotechnologie en farmaceutica zijn snelgroeiende sectoren in Connecticut. Bedrijven als Alexion Pharmaceuticals en Boehringer Ingelheim leiden innovatie en onderzoek, ondersteund door een sterk netwerk van universiteiten en onderzoeksinstellingen.<\/span><\/p>\n\n\n\n<p><b>\u2022 Productie:<\/b><span style=\"font-weight: 400;\"> Geavanceerde productie, met name lucht- en ruimtevaart, defensie en precisie-instrumenten, blijft een vitale industrie in Connecticut. Bedrijven zoals Pratt &amp; Whitney en Sikorsky Aircraft spelen een cruciale rol in het behoud van de industri\u00eble kracht van de staat.<\/span><\/p>\n\n\n\n<p><b>\u2022 Onderwijs:<\/b><span style=\"font-weight: 400;\"> De onderwijssector van Connecticut is robuust, met prestigieuze instituten zoals Yale University en de University of Connecticut. Deze universiteiten bieden kwalitatief hoogstaand onderwijs en stimuleren onderzoek en innovatie op verschillende gebieden, wat een aanzienlijke bijdrage levert aan de lokale economie.<\/span><\/p>\n\n\n\n<p><b>\u2022 Gezondheidszorg:<\/b><span style=\"font-weight: 400;\"> Gezondheidszorg is een cruciale industrie in Connecticut, met talloze ziekenhuizen, klinieken en onderzoeksinstellingen die diensten verlenen en geavanceerd medisch onderzoek uitvoeren. Instellingen als Hartford HealthCare en Yale New Haven Health zijn belangrijke werkgevers en dragen bij aan de economie van de staat.<\/span><\/p>\n\n\n\n<h2 class=\"wp-block-heading\"><span style=\"font-weight: 400;\"><strong>Toonaangevende spelers op de markt van Connecticut<\/strong><\/span><\/h2>\n\n\n\n<p><span style=\"font-weight: 400;\">Connecticut is de thuisbasis van diverse toonaangevende spelers in uiteenlopende sectoren, die allemaal een bijdrage leveren aan het dynamische zakelijke klimaat van de staat.<\/span><\/p>\n\n\n\n<p><b>\u2022 Pratt &amp; Whitney<\/b><span style=\"font-weight: 400;\"> is een wereldleider in de lucht- en ruimtevaartindustrie. Met het hoofdkantoor in East Hartford is het bedrijf gespecialiseerd in het ontwerpen en produceren van vliegtuigmotoren. De geavanceerde productiemogelijkheden en aanzienlijke R&amp;D-investeringen van Pratt &amp; Whitney stimuleren technologische vooruitgang en economische groei in Connecticut.<\/span><\/p>\n\n\n\n<p><b>\u2022 Yale-universiteit<\/b><span style=\"font-weight: 400;\"> is een belangrijke onderwijs- en onderzoeksinstelling in Connecticut. Yale is gevestigd in New Haven en haar invloed reikt verder dan de academische wereld. Ze stimuleert economische groei door middel van onderzoeksinitiatieven, partnerschappen met de industrie en de ontwikkeling van een hooggekwalificeerde beroepsbevolking.<\/span><\/p>\n\n\n\n<p><b>\u2022 De Hartford<\/b><span style=\"font-weight: 400;\"> is een andere belangrijke speler in de verzekeringsindustrie. Als een van de oudste en grootste verzekeringsmaatschappijen in de Verenigde Staten biedt The Hartford verschillende verzekeringsproducten en -diensten aan, ter ondersteuning van particulieren en bedrijven in Connecticut en daarbuiten.<\/span><\/p>\n\n\n\n<h2 class=\"wp-block-heading\"><span style=\"font-weight: 400;\"><strong>Belangrijkste toeristische attracties in Connecticut<\/strong><\/span><\/h2>\n\n\n\n<p><span style=\"font-weight: 400;\">Connecticut staat bekend om zijn rijke geschiedenis, levendige cultuur en adembenemende natuurschoon. Het is dan ook een populaire bestemming voor toeristen over de hele wereld.&nbsp;<\/span><\/p>\n\n\n\n<ul class=\"wp-block-list\">\n<li><b> Mystieke zeehaven<\/b><span style=\"font-weight: 400;\"> is het belangrijkste maritieme museum van het land en biedt een kijkje in het zeevarende verleden van Amerika. Bezoekers kunnen historische schepen, maritieme tentoonstellingen en een nagebouwd 19e-eeuws zeevarend dorp verkennen, wat het een fascinerende bestemming maakt voor geschiedenisliefhebbers en gezinnen.<\/span><\/li>\n\n\n\n<li><b> Kunstgalerie van de Yale-universiteit<\/b><span style=\"font-weight: 400;\"> herbergt een uitgebreide kunstcollectie uit verschillende periodes en culturen. De diverse tentoonstellingen en educatieve programma&#039;s van het museum maken het een cultureel knooppunt in Connecticut.<\/span><\/li>\n\n\n\n<li><b> Gillette Kasteel Staatspark<\/b><span style=\"font-weight: 400;\"> beschikt over het middeleeuwse Gillette Castle, gebouwd door acteur William Gillette. Het park biedt schilderachtige wandelpaden, picknickplaatsen en een prachtig uitzicht op de Connecticut River, waardoor het een populaire plek is voor buitenliefhebbers.<\/span><\/li>\n\n\n\n<li><b> Mark Twain Huis &amp; Museum<\/b><span style=\"font-weight: 400;\"> biedt rondleidingen en tentoonstellingen over Twains leven en werk. Het prachtig gerestaureerde huis en de historische betekenis ervan trekken literatuurliefhebbers van over de hele wereld.<\/span><\/li>\n<\/ul>\n\n\n\n<h2 class=\"wp-block-heading\"><span style=\"font-weight: 400;\"><strong>Kansen in Connecticut voor bedrijven<\/strong><\/span><\/h2>\n\n\n\n<p><span style=\"font-weight: 400;\">Connecticut biedt talloze mogelijkheden voor bedrijven die hun aanwezigheid in deze dynamische markt willen vestigen of uitbreiden. Bedrijven kunnen aanzienlijke groei en succes bereiken door deze mogelijkheden te begrijpen en te benutten.<\/span><\/p>\n\n\n\n<ul class=\"wp-block-list\">\n<li><b>Strategische locatie:<\/b><span style=\"font-weight: 400;\"> De ligging van Connecticut in het noordoosten van de Verenigde Staten biedt gemakkelijke toegang tot belangrijke markten zoals New York City en Boston. Deze strategische positie verbetert de logistieke effici\u00ebntie en biedt toegang tot een groot consumentenbestand.<\/span><\/li>\n\n\n\n<li><b>Vakkundig personeel:<\/b><span style=\"font-weight: 400;\"> Connecticut heeft een hoogopgeleide en bekwame beroepsbevolking, met een hoge concentratie aan universiteiten en hogescholen. Bedrijven kunnen deze talentenpool aanboren om innovatie en productiviteit te stimuleren.<\/span><\/li>\n\n\n\n<li><b>Technologie en innovatie:<\/b><span style=\"font-weight: 400;\"> De techsector van Connecticut groeit, met kansen in biotechnologie, cybersecurity en softwareontwikkeling. Het ondersteunende ecosysteem van de staat voor startups en ondernemers biedt talloze bronnen voor techbedrijven om te floreren.<\/span><\/li>\n\n\n\n<li><b>Groei in de gezondheidszorg:<\/b><span style=\"font-weight: 400;\"> Doorlopende investeringen in gezondheidszorg bieden talloze zakelijke kansen in de medische en life sciences sectoren. De gezondheidszorginfrastructuur van de staat ondersteunt onderzoek en pati\u00ebntenzorg, waardoor het een aantrekkelijke markt is voor innovaties in de gezondheidszorg.<\/span><\/li>\n\n\n\n<li><b>Financi\u00eble diensten:<\/b> De robuuste financi\u00eble en verzekeringssector van Connecticut biedt kansen voor bedrijven die actief zijn in financi\u00eble diensten, fintech en verzekeringen. De gevestigde financi\u00eble instellingen en het regelgevende klimaat van de staat ondersteunen de groei van de sector.<\/li>\n<\/ul>\n\n\n\n<h2 class=\"wp-block-heading\"><span style=\"font-weight: 400;\"><strong>Marktonderzoek in Connecticut: Porter&#039;s Five Forces-analyse van de markt in Connecticut<\/strong><\/span><\/h2>\n\n\n\n<p><span style=\"font-weight: 400;\">Door de Five Forces-analyse van Porter uit te voeren, krijgen bedrijven inzicht in de concurrentiekrachten die de markt van Connecticut vormgeven. Dit biedt een compleet beeld voor strategische planning.<\/span><\/p>\n\n\n\n<p><b>Bedreiging van nieuwe toetreders<\/b><\/p>\n\n\n\n<p><span style=\"font-weight: 400;\">De dreiging van nieuwe toetreders tot de markt van Connecticut verschilt per sector. Hoge toetredingsdrempels, zoals wettelijke vereisten, aanzienlijke kapitaalinvesteringen en gevestigde concurrenten, kunnen nieuwe toetreders afschrikken, met name in de financi\u00eble, gezondheidszorg- en productiesectoren.<\/span><\/p>\n\n\n\n<p><b>Onderhandelingsmacht van leveranciers<\/b><\/p>\n\n\n\n<p><span style=\"font-weight: 400;\">De onderhandelingsmacht van leveranciers in Connecticut kan matig tot hoog zijn, afhankelijk van de sector. Leveranciers die gespecialiseerde materialen of diensten leveren, kunnen een aanzienlijke invloed hebben in sectoren zoals productie en gezondheidszorg. Bedrijven beperken deze macht echter vaak door hun leveranciersbestand te diversifi\u00ebren of verticaal te integreren.<\/span><\/p>\n\n\n\n<p><b>Onderhandelingsmacht van kopers<\/b><\/p>\n\n\n\n<p><span style=\"font-weight: 400;\">Kopers in Connecticut hebben vaak een aanzienlijke onderhandelingsmacht, vooral in concurrerende markten met veel alternatieven. Zo kunnen consumenten in de detailhandel en de dienstverlenende sector gemakkelijk wisselen tussen aanbieders, waardoor bedrijven worden aangezet om betere waarde en service te bieden om klanten te behouden.<\/span><\/p>\n\n\n\n<p><b>Bedreiging van vervangers<\/b><\/p>\n\n\n\n<p><span style=\"font-weight: 400;\">De dreiging van substituten in Connecticut varieert sterk per sector. In technologie en consumptiegoederen kan het snelle tempo van innovatie leiden tot hoge substitutierisico&#039;s. Bedrijven moeten continu innoveren om relevant te blijven en hun concurrentievoordeel te behouden.<\/span><\/p>\n\n\n\n<p><b>Concurrerende rivaliteit<\/b><\/p>\n\n\n\n<p><span style=\"font-weight: 400;\">Concurrerende rivaliteit in Connecticut is over het algemeen hoog, aangestuurd door talrijke gevestigde bedrijven en een dynamische marktomgeving. Industrie\u00ebn zoals financi\u00ebn, verzekeringen en onderwijs zien intense concurrentie, wat bedrijven ertoe aanzet zich te onderscheiden door innovatie, kwaliteit en klantenservice.<\/span><\/p>\n\n\n\n<h2 class=\"wp-block-heading\">Ons Connecticut marktonderzoeksteam<\/h2>\n\n\n\n<p>SIS voert kwalitatief veldwerk, kwantitatieve gegevensverzameling en strategisch onderzoek uit in Connecticut. Ons team profiteert van onze wereldwijde best practices, lokaal effici\u00ebnte projectuitvoering en 24-uurs klantenservice. Veel van onze teamleden wonen in Connecticut en brengen lokale kennis mee om bevindingen te analyseren en aanbevelingen te doen.<\/p>\n\n\n\n<p><\/p>","protected":false},"excerpt":{"rendered":"<p>Connecticut is strategisch gelegen tussen Boston en New York City en heeft een bevolking van 3,5 miljoen mensen. Lees meer over onze mogelijkheden in CT.<\/p>","protected":false},"author":1,"featured_media":66522,"parent":19303,"menu_order":10,"comment_status":"closed","ping_status":"closed","template":"","meta":{"footnotes":""},"class_list":["post-24329","page","type-page","status-publish","has-post-thumbnail"],"_links":{"self":[{"href":"https:\/\/www.sisinternational.com\/nl\/wp-json\/wp\/v2\/pages\/24329","targetHints":{"allow":["GET"]}}],"collection":[{"href":"https:\/\/www.sisinternational.com\/nl\/wp-json\/wp\/v2\/pages"}],"about":[{"href":"https:\/\/www.sisinternational.com\/nl\/wp-json\/wp\/v2\/types\/page"}],"author":[{"embeddable":true,"href":"https:\/\/www.sisinternational.com\/nl\/wp-json\/wp\/v2\/users\/1"}],"replies":[{"embeddable":true,"href":"https:\/\/www.sisinternational.com\/nl\/wp-json\/wp\/v2\/comments?post=24329"}],"version-history":[{"count":18,"href":"https:\/\/www.sisinternational.com\/nl\/wp-json\/wp\/v2\/pages\/24329\/revisions"}],"predecessor-version":[{"id":78774,"href":"https:\/\/www.sisinternational.com\/nl\/wp-json\/wp\/v2\/pages\/24329\/revisions\/78774"}],"up":[{"embeddable":true,"href":"https:\/\/www.sisinternational.com\/nl\/wp-json\/wp\/v2\/pages\/19303"}],"wp:featuredmedia":[{"embeddable":true,"href":"https:\/\/www.sisinternational.com\/nl\/wp-json\/wp\/v2\/media\/66522"}],"wp:attachment":[{"href":"https:\/\/www.sisinternational.com\/nl\/wp-json\/wp\/v2\/media?parent=24329"}],"curies":[{"name":"wp","href":"https:\/\/api.w.org\/{rel}","templated":true}]}}