{"id":19141,"date":"2015-10-25T18:13:12","date_gmt":"2015-10-25T18:13:12","guid":{"rendered":"https:\/\/www.sisinternational.com\/?page_id=19141"},"modified":"2026-03-12T11:54:24","modified_gmt":"2026-03-12T15:54:24","slug":"cv-van-ervaring-in-de-automobielindustrie","status":"publish","type":"page","link":"https:\/\/www.sisinternational.com\/nl\/expertise\/marktonderzoek-automobielindustrie\/cv-van-ervaring-in-de-automobielindustrie\/","title":{"rendered":"Marktonderzoeksbedrijf voor de automobielindustrie"},"content":{"rendered":"<h1 class=\"wp-block-heading\">Ervaring in marktonderzoek in de automobielindustrie<\/h1>\n\n\n\n<p><\/p>\n\n\n\n<figure class=\"gb-block-image gb-block-image-bda5eeb9\"><img loading=\"lazy\" decoding=\"async\" width=\"1456\" height=\"816\" class=\"gb-image gb-image-bda5eeb9\" src=\"https:\/\/www.sisinternational.com\/wp-content\/uploads\/2025\/09\/Automotive-Market-Research-in-Europe-1.jpg\" alt=\"SIS Internationaal Marktonderzoek &amp; Strategie\" title=\"Automotive Market Research in Europe (1)\" srcset=\"https:\/\/www.sisinternational.com\/wp-content\/uploads\/2025\/09\/Automotive-Market-Research-in-Europe-1.jpg 1456w, https:\/\/www.sisinternational.com\/wp-content\/uploads\/2025\/09\/Automotive-Market-Research-in-Europe-1-300x168.jpg 300w, https:\/\/www.sisinternational.com\/wp-content\/uploads\/2025\/09\/Automotive-Market-Research-in-Europe-1-1024x574.jpg 1024w, https:\/\/www.sisinternational.com\/wp-content\/uploads\/2025\/09\/Automotive-Market-Research-in-Europe-1-768x430.jpg 768w, https:\/\/www.sisinternational.com\/wp-content\/uploads\/2025\/09\/Automotive-Market-Research-in-Europe-1-18x10.jpg 18w\" sizes=\"auto, (max-width: 1456px) 100vw, 1456px\"><\/figure>\n\n\n\n<p><\/p>\n\n\n\n<h2 class=\"wp-block-heading\">Onze ervaring met marktonderzoek in de automobielindustrie<\/h2>\n\n\n\n<p><strong>SIS is een toonaangevend wereldwijd automotive marktonderzoeks- en strategiebedrijf. Profiteer van onze ervaring in de automotive-industrie.<\/strong><\/p>\n\n\n\n<ul class=\"wp-block-list\">\n<li>Er is een kwantitatief en kwalitatief onderzoek uitgevoerd naar de mening van consumenten over de uitrustingsprijs en de noodzaak van elke optie, de verwachte prijs, voorkeuren en idee\u00ebn voor nieuwe opties\/functies.<\/li>\n\n\n\n<li>Voerde etnografische automobielstudies uit naar luchtverfrissers in Brazili\u00eb en China.<\/li>\n\n\n\n<li>Verzorgde een grote autoclinic in New York over parkeersensortechnologie.<\/li>\n\n\n\n<li>Conducted an in-depth <a href=\"https:\/\/www.sisinternational.com\/nl\/oplossingen\/focusgroepen\/focusgroepen-in-new-york-om-producten-voor-senioren-te-testen\/\" title=\"Het inzetten van focusgroepen in NYC om producten voor senioren te testen \u00a0\"  data-wpil-monitor-id=\"10537\">focus group and ethnographic study in NYC<\/a>, LA and Seattle among Generation Y about their attitudes towards a new car concept.<\/li>\n\n\n\n<li><a href=\"https:\/\/www.sisinternational.com\/nl\/oplossingen\/focusgroep-marktonderzoek\/how-to-conduct-a-focus-group\/\" title=\"Hoe je een focusgroep organiseert\"  data-wpil-monitor-id=\"10534\">Conducted focus groups<\/a> of very low-incidence car owners in the Los Angeles area<\/li>\n\n\n\n<li>Er is een onderzoek uitgevoerd onder BMW-kopers en niet-kopers om informatie te verzamelen over behoeften en voorkeuren<\/li>\n\n\n\n<li>Heeft een wereldwijd onderzoek uitgevoerd naar hybride elektrische voertuigen (HEV), met bijzondere nadruk op Argentini\u00eb, Brazili\u00eb, Chili, Mexico, Australi\u00eb en Nieuw-Zeeland<\/li>\n\n\n\n<li><a href=\"https:\/\/www.sisinternational.com\/nl\/how-to-conduct-effective-desk-research\/\" title=\"How to Conduct Effective Desk Research\"  data-wpil-monitor-id=\"10541\">Conducted advertising effectiveness research<\/a> and CAWI interviews in NYC among high income, low incidence European automobile drivers.<\/li>\n\n\n\n<li>Kwalitatieve discussiegroepen geleid over de ervaringen van luxe autodealers onder luxe autobezitters<\/li>\n\n\n\n<li>Voerde een grootschalig onderzoek uit naar luxe auto&#039;s met een lage incidentie (F2F, CATI) in Washington DC.<\/li>\n\n\n\n<li>Werving en veldwerk uitgevoerd bij een grote autokliniek in Los Angeles voor een grote Europese autofabrikant<\/li>\n\n\n\n<li>Onderzoek gedaan naar verschillende verkoopdocumentatie vanuit het perspectief van een klant van een Europees luxe autobedrijf.<\/li>\n\n\n\n<li>Er is een concurrentieonderzoek uitgevoerd naar twee grote OEM-concurrenten die auto-onderdelen distribueren.<\/li>\n\n\n\n<li>Conducted worldwide study of auto drives.&nbsp; Conducted focus groups in the following countries: Argentina, Brazil, France, Germany, Hong Kong, Italy, Japan, Malaysia, Netherlands, Norway, Puerto Rico, Singapore, Thailand, and the UK.<\/li>\n\n\n\n<li>Voerde een Business Intelligence-onderzoek uit om de concurrentiebeoordeling van de tweede productiefase van automobielbedrijven te onderzoeken.<\/li>\n\n\n\n<li><a href=\"https:\/\/www.sisinternational.com\/nl\/how-to-conduct-in-depth-interviews-for-market-insights\/\" title=\"Hoe u diepgaande interviews kunt uitvoeren voor marktinzichten\"  data-wpil-monitor-id=\"10530\">Conducted in-depth interviews<\/a> on new advertising slogans for a high-end car.<\/li>\n\n\n\n<li>Onderzoek naar een bedrijfsimago voor reclame in de VS voor een grote Europese autofabrikant.<\/li>\n\n\n\n<li>Kwalitatieve studie voor jonge Amerikanen voor een autostudie in de VS.<\/li>\n\n\n\n<li>Conducted study in Asia for the <a href=\"https:\/\/www.sisinternational.com\/nl\/productmening-culturele-inzichten-azie-naar-europa-markttoetreding\/\" title=\"Onderzoek naar toetreding tot de automobielmarkt | Casestudy\"  data-wpil-monitor-id=\"6669\">automobiel<\/a> testing equipment market.<\/li>\n\n\n\n<li>Voerde een imagobewustmakingsadvertentieprogramma uit voor een wereldwijde autofabrikant.<\/li>\n\n\n\n<li>Concurrentiebeoordeling van een groot autobedrijf in Thailand.<\/li>\n\n\n\n<li>Kwalitatieve, diepgaande interviews met gebruikers van nieuwe SUV-modellen.<\/li>\n\n\n\n<li>Ge\u00efdentificeerde aankooptrends en consumentenautovoorkeuren van alleenstaanden in de VS<\/li>\n\n\n\n<li>Onderzoek uitgevoerd om de huidige parkeeromstandigheden op afzonderlijke parkeerplaatsen, gemeentelijke parkeerterreinen en munimeters in New York City te analyseren.<\/li>\n\n\n\n<li>Er werd diepgaand veldwerk met een lage incidentie uitgevoerd naar de tevredenheid over autodiensten middels een diepgaande CATI-studie.<\/li>\n\n\n\n<li>Onderzoek uitgevoerd naar autobezitters en dealers. De scope van dit onderzoek was om de ervaringen, het gedrag en de algehele tevredenheid van autokopers en autodealers met betrekking tot autoleningfinanciering te onderzoeken.<\/li>\n\n\n\n<li>Ik heb interviews afgenomen op de autoshow van New York om feedback te krijgen over de interesse in het merk voor toekomstige plannen.<\/li>\n\n\n\n<li>Er werden focusgroepen en huisbezoeken uitgevoerd om inzicht te krijgen in de rol van de auto in het huishouden, klantprofielen en het koop- en besluitvormingsproces.<\/li>\n\n\n\n<li>Conducted focus <a href=\"https:\/\/www.sisinternational.com\/nl\/expertise\/industrieen\/automotive-focusgroepen-marktonderzoek\/\" title=\"Marktonderzoek Automotive Focusgroepen\"  data-wpil-monitor-id=\"10536\">groups in the consumer and automotive<\/a> industry with focus in the tires category regarding emotional values linked to functional benefits.<\/li>\n\n\n\n<li>Er is een online-enqu\u00eate uitgevoerd om de houding van autobezitters ten opzichte van hun voertuigen te analyseren in het Verenigd Koninkrijk, Duitsland, Rusland en Australi\u00eb.<\/li>\n\n\n\n<li>Consumer research (purchase decision, car strengths and weaknesses, image and brand perception) in New <a href=\"https:\/\/www.sisinternational.com\/nl\/oplossingen\/focusgroepen\/focusgroepfaciliteiten-nyc\/\" title=\"New York City Focusgroepfaciliteiten\"  data-wpil-monitor-id=\"10531\">York City using focus groups<\/a>.<\/li>\n\n\n\n<li>Testen van autoconcepten in China met behulp van diepgaande interviews.<\/li>\n\n\n\n<li>Autokliniek in de Verenigde Staten om nieuwe autoconcepten in het luxesegment te testen.<\/li>\n\n\n\n<li>Voerde een marktonderzoek uit naar de markt voor aluminium velgen in de VS.<\/li>\n\n\n\n<li>Marktanalyse gemaakt van de markt voor elektrische auto&#039;s in Noord- en Zuid-Amerika.<\/li>\n\n\n\n<li>Er is een bruikbaarheidstest uitgevoerd op parkeersensoren van huurauto&#039;s.<\/li>\n\n\n\n<li>Conducted study to gain insight in <a href=\"https:\/\/www.sisinternational.com\/nl\/financial-services-consulting\/financial-services-customer-satisfaction\/\" title=\"Financial Services Customer Satisfaction\"  data-wpil-monitor-id=\"10539\">customer satisfaction with car repair services<\/a>.<\/li>\n\n\n\n<li>Interviews afgenomen bij autodealers in de Verenigde Staten.<\/li>\n\n\n\n<li>Focusgroepen geleid voor eigenaren\/potenti\u00eble klanten van Yamaha-motoren<\/li>\n\n\n\n<li>Onderzoek uitgevoerd onder Chinese autodealers<\/li>\n\n\n\n<li>Onderzoek uitgevoerd om auto&#039;s en autoconcepten te testen.<\/li>\n\n\n\n<li>Conducted a steering wheel report study in the US<\/li>\n\n\n\n<li>Conducted a <a href=\"https:\/\/www.sisinternational.com\/nl\/expertise\/industrieen\/electric-vehicle-market-research\/\" title=\"Marktonderzoek naar elektrische voertuigen\"  data-wpil-monitor-id=\"10543\">research study regarding Electric Vehicles<\/a> in the US<\/li>\n\n\n\n<li>Een benchmarkonderzoek uitgevoerd met betrekking tot de Volvo Penta<\/li>\n\n\n\n<li>Een onderzoek uitgevoerd naar de Ford Gen IV-motor<\/li>\n\n\n\n<li>Conducted an online and telephone research for machines and small engines<\/li>\n\n\n\n<li>Heeft een website-bruikbaarheidsonderzoek uitgevoerd voor een grote autofabrikant<\/li>\n<\/ul>\n\n\n\n<h3 class=\"wp-block-heading\"><b>Een voorbeeld van onze huidige en vroegere klanten<\/b><\/h3>\n\n\n\n<ul class=\"wp-block-list\">\n<li>Daimler<\/li>\n\n\n\n<li>Ford Motorbedrijf<\/li>\n\n\n\n<li>Algemene Motoren<\/li>\n\n\n\n<li>Honda<\/li>\n\n\n\n<li>MINI<\/li>\n\n\n\n<li>MTS<\/li>\n\n\n\n<li>Nissan<\/li>\n\n\n\n<li>Hyundai<\/li>\n\n\n\n<li>Jaguar<\/li>\n\n\n\n<li>Rheoforge<\/li>\n\n\n\n<li>Schelp<\/li>\n\n\n\n<li>Toyota<\/li>\n\n\n\n<li>Volvo Noord-Amerika<\/li>\n\n\n\n<li>Yamaha<\/li>\n\n\n\n<li>GMS-Net<\/li>\n\n\n\n<li>Portiek<\/li>\n\n\n\n<li>BMW<\/li>\n<\/ul>\n\n\n\n<h2 class=\"wp-block-heading\"><a href=\"https:\/\/www.sisinternational.com\/nl\/about-sis\/contact-sis-international-market-research\/\">Neem contact met ons op voor uw volgende marktonderzoek in de automobielsector.<\/a><\/h2>\n\n\n\n<p><\/p>","protected":false},"excerpt":{"rendered":"<p>Profiteer van onze ervaring in de auto-industrie.<\/p>","protected":false},"author":1,"featured_media":66388,"parent":11155,"menu_order":2,"comment_status":"closed","ping_status":"closed","template":"","meta":{"footnotes":""},"class_list":["post-19141","page","type-page","status-publish","has-post-thumbnail"],"_links":{"self":[{"href":"https:\/\/www.sisinternational.com\/nl\/wp-json\/wp\/v2\/pages\/19141","targetHints":{"allow":["GET"]}}],"collection":[{"href":"https:\/\/www.sisinternational.com\/nl\/wp-json\/wp\/v2\/pages"}],"about":[{"href":"https:\/\/www.sisinternational.com\/nl\/wp-json\/wp\/v2\/types\/page"}],"author":[{"embeddable":true,"href":"https:\/\/www.sisinternational.com\/nl\/wp-json\/wp\/v2\/users\/1"}],"replies":[{"embeddable":true,"href":"https:\/\/www.sisinternational.com\/nl\/wp-json\/wp\/v2\/comments?post=19141"}],"version-history":[{"count":5,"href":"https:\/\/www.sisinternational.com\/nl\/wp-json\/wp\/v2\/pages\/19141\/revisions"}],"predecessor-version":[{"id":81731,"href":"https:\/\/www.sisinternational.com\/nl\/wp-json\/wp\/v2\/pages\/19141\/revisions\/81731"}],"up":[{"embeddable":true,"href":"https:\/\/www.sisinternational.com\/nl\/wp-json\/wp\/v2\/pages\/11155"}],"wp:featuredmedia":[{"embeddable":true,"href":"https:\/\/www.sisinternational.com\/nl\/wp-json\/wp\/v2\/media\/66388"}],"wp:attachment":[{"href":"https:\/\/www.sisinternational.com\/nl\/wp-json\/wp\/v2\/media?parent=19141"}],"curies":[{"name":"wp","href":"https:\/\/api.w.org\/{rel}","templated":true}]}}