{"id":16467,"date":"2015-06-11T16:48:49","date_gmt":"2015-06-11T16:48:49","guid":{"rendered":"https:\/\/www.sisinternational.com\/?page_id=16467"},"modified":"2026-01-25T17:30:17","modified_gmt":"2026-01-25T22:30:17","slug":"marktonderzoek-boston","status":"publish","type":"page","link":"https:\/\/www.sisinternational.com\/nl\/dekking\/north-america\/usa-dekking\/marktonderzoek-boston\/","title":{"rendered":"Marktonderzoek in Boston"},"content":{"rendered":"<h1 class=\"wp-block-heading\">Marktonderzoek in Boston<\/h1>\n\n\n\n<figure class=\"gb-block-image gb-block-image-28758123\"><img loading=\"lazy\" decoding=\"async\" width=\"1456\" height=\"816\" class=\"gb-image gb-image-28758123\" src=\"https:\/\/www.sisinternational.com\/wp-content\/uploads\/2025\/09\/Massachussets-Boston-1.jpg\" srcset=\"https:\/\/www.sisinternational.com\/wp-content\/uploads\/2025\/09\/Massachussets-Boston-1.jpg 1456w, https:\/\/www.sisinternational.com\/wp-content\/uploads\/2025\/09\/Massachussets-Boston-1-300x168.jpg 300w, https:\/\/www.sisinternational.com\/wp-content\/uploads\/2025\/09\/Massachussets-Boston-1-1024x574.jpg 1024w, https:\/\/www.sisinternational.com\/wp-content\/uploads\/2025\/09\/Massachussets-Boston-1-768x430.jpg 768w, https:\/\/www.sisinternational.com\/wp-content\/uploads\/2025\/09\/Massachussets-Boston-1-18x10.jpg 18w\" sizes=\"auto, (max-width: 1456px) 100vw, 1456px\" alt=\"SIS Internationaal Marktonderzoek &amp; Strategie\"><\/figure>\n\n\n\n<p><\/p>\n\n\n\n<hr class=\"wp-block-separator has-alpha-channel-opacity is-style-dots\"\/>\n\n\n\n<h3 class=\"wp-block-heading\">Door de vele universiteiten en hogescholen is Boston een wereldwijd centrum van geneeskunde en hoger onderwijs geworden. Het wordt ook geprezen als een wereldleider in innovatie.<\/h3>\n\n\n\n<p><span style=\"font-weight: 400;\">Wat maakt Boston, een stad vol geschiedenis en innovatie, zo&#039;n aantrekkelijke markt voor bedrijven om te verkennen? Marktonderzoek in Boston gaat over het begrijpen van de wisselwerking tussen het rijke culturele erfgoed en vooruitstrevende industrie\u00ebn. Door zich te verdiepen in marktonderzoek kunnen bedrijven de geheimen van succes in deze dynamische en voortdurend evoluerende stad ontrafelen.<\/span><\/p>\n\n\n\n<h2 class=\"wp-block-heading\"><strong>Wat is marktonderzoek in Boston?<\/strong><\/h2>\n\n\n\n<p><span style=\"font-weight: 400;\">Marktonderzoek in Boston helpt bedrijven om weloverwogen beslissingen te nemen die hun strategie\u00ebn en activiteiten verbeteren. Het biedt gelokaliseerde inzichten die bedrijven helpen hun producten en diensten aan te passen aan de specifieke behoeften van hun doelgroep. Het biedt een uitgebreid begrip van het concurrentielandschap, waardoor bedrijven de haalbaarheid van hun markttoetredingsstrategie\u00ebn kunnen beoordelen en de beste groeimogelijkheden kunnen identificeren.<\/span><\/p>\n\n\n\n<h2 class=\"wp-block-heading\"><strong>Waarom hebben bedrijven marktonderzoek nodig in Boston?<\/strong><\/h2>\n\n\n\n<p><span style=\"font-weight: 400;\">Marktonderzoek in Boston helpt bedrijven bij het identificeren van opkomende trends en verschuivingen in consumentengedrag. Met de sterke nadruk van de stad op innovatie en technologie is het essentieel om op de hoogte te blijven van deze veranderingen om relevant te blijven en te profiteren van nieuwe kansen.&nbsp;<\/span><\/p>\n\n\n\n<p><span style=\"font-weight: 400;\">Dit marktonderzoek helpt bedrijven ook bij het beperken van risico&#039;s. Door marktgegevens en trends te analyseren, kunnen bedrijven potenti\u00eble uitdagingen identificeren en strategie\u00ebn ontwikkelen om deze effectief aan te pakken. Dit aspect van risicomanagement in marktonderzoek is waardevol voor bedrijven die willen investeren in nieuwe ondernemingen of hun activiteiten willen uitbreiden, en biedt een solide basis voor ge\u00efnformeerde besluitvorming.<\/span><\/p>\n\n\n\n<p><span style=\"font-weight: 400;\">Bovendien biedt marktonderzoek in Boston kritische inzichten in de lokale marktomstandigheden en het concurrentielandschap voor bedrijven die willen uitbreiden naar Boston. Het begrijpen van de sterke en zwakke punten van belangrijke concurrenten en het identificeren van marktlacunes kan de kans op succes van een bedrijf aanzienlijk vergroten.&nbsp;<\/span><\/p>\n\n\n\n<h2 class=\"wp-block-heading\"><strong>Wie maakt gebruik van marktonderzoek in Boston?<\/strong><\/h2>\n\n\n\n<p><b>Grote ondernemingen<\/b><span style=\"font-weight: 400;\"> vertrouwen vaak op marktonderzoek in Boston om inzicht te krijgen in consumentengedrag, concurrentiedynamiek en opkomende trends. Dit stelt hen in staat om de concurrentie voor te blijven en informeert productontwikkeling, marketingstrategie\u00ebn en bedrijfsuitbreidingsplannen.<\/span><\/p>\n\n\n\n<p><b>Kleine en middelgrote ondernemingen (KMO&#039;s)<\/b><span style=\"font-weight: 400;\"> profiteren ook enorm van marktonderzoek in Boston. Voor deze bedrijven levert marktonderzoek cruciale gegevens op die hen helpen hun doelgroep te begrijpen, hun marketinginspanningen te optimaliseren en nieuwe groeimogelijkheden te identificeren.&nbsp;<\/span><\/p>\n\n\n\n<p><b>Non-profitorganisaties<\/b><span style=\"font-weight: 400;\"> En <\/span><b>overheidsinstanties<\/b><span style=\"font-weight: 400;\"> in Boston gebruiken marktonderzoek om de gemeenschappen die zij bedienen beter te begrijpen en om programma&#039;s en beleid te ontwikkelen die inspelen op de behoeften en voorkeuren van hun doelgroepen. Marktonderzoek helpt deze organisaties om middelen effectief toe te wijzen, de impact van hun initiatieven te meten en datagestuurde beslissingen te nemen die hun effectiviteit en bereik vergroten.<\/span><\/p>\n\n\n\n<h2 class=\"wp-block-heading\"><strong>Onze huidige marktbeoordeling en aanbevelingen<\/strong><\/h2>\n\n\n\n<p><span style=\"font-weight: 400;\">Wij geloven dat Boston een significante groei doormaakt in de technologie- en gezondheidszorgsectoren. De reputatie van de stad als hub voor innovatie en onderzoek blijft toptalent en investeringen aantrekken, wat de vooruitgang in deze industrie\u00ebn stimuleert. Daarnaast blijft de vastgoedmarkt robuust, met een hoge vraag naar residenti\u00eble en commerci\u00eble panden, gedreven door bevolkingsgroei en economische ontwikkeling.<\/span><\/p>\n\n\n\n<p><span style=\"font-weight: 400;\">De toekomstige vooruitzichten voor de markt in Boston blijven positief, met verwachte aanhoudende groei in de sectoren onderwijs, biotechnologie en financi\u00eble dienstverlening. Bedrijven die investeren in het begrijpen van de marktdynamiek en zich aanpassen aan veranderingen, zullen goed gepositioneerd zijn om te floreren. We voorzien meer kansen in biotech-startups, educatieve diensten en financi\u00eble technologie.<\/span><\/p>\n\n\n\n<h2 class=\"wp-block-heading\"><strong>Verwachte resultaten van het marktonderzoek van SIS in Boston<\/strong><\/h2>\n\n\n\n<p><a href=\"https:\/\/twitter.com\/SISIntlResearch\" target=\"_blank\" rel=\"noopener\"><span style=\"font-weight: 400;\">SIS<\/span><\/a><span style=\"font-weight: 400;\"> stimuleert zakelijk succes in Boston door zakelijke voordelen te bieden zoals:&nbsp;<\/span><\/p>\n\n\n\n<p><b>Verbeterde besluitvorming:<\/b><span style=\"font-weight: 400;\">&nbsp;<\/span><\/p>\n\n\n\n<p><span style=\"font-weight: 400;\">Ons marktonderzoek in Boston biedt bedrijven robuuste gegevens en inzichten, waardoor ze weloverwogen beslissingen kunnen nemen.<\/span><\/p>\n\n\n\n<p><b>Verbeterde concurrentiepositie:<\/b><span style=\"font-weight: 400;\">&nbsp;<\/span><\/p>\n\n\n\n<p><span style=\"font-weight: 400;\">Door inzicht te krijgen in het concurrentielandschap, kunnen bedrijven strategie\u00ebn ontwikkelen waarmee ze zich onderscheiden.<\/span><\/p>\n\n\n\n<p><b>Grotere klanttevredenheid:<\/b><span style=\"font-weight: 400;\">&nbsp;<\/span><\/p>\n\n\n\n<p><span style=\"font-weight: 400;\">Dankzij inzicht in de voorkeuren en het gedrag van klanten kunnen bedrijven hun aanbod afstemmen op de vraag van de markt.<\/span><\/p>\n\n\n\n<p><b>Risicomanagement:<\/b><span style=\"font-weight: 400;\">&nbsp;<\/span><\/p>\n\n\n\n<p><span style=\"font-weight: 400;\">Door potenti\u00eble risico&#039;s en uitdagingen te identificeren, kunnen bedrijven strategie\u00ebn ontwikkelen om deze effectief te beperken.<\/span><\/p>\n\n\n\n<p><b>Marktuitbreiding:<\/b><span style=\"font-weight: 400;\">&nbsp;<\/span><\/p>\n\n\n\n<p><span style=\"font-weight: 400;\">Door inzicht te krijgen in markttrends en -kansen kunnen bedrijven nieuwe marktsegmenten verkennen en groei stimuleren.<\/span><\/p>\n\n\n\n<p><b>Innovatie:<\/b><span style=\"font-weight: 400;\">&nbsp;<\/span><\/p>\n\n\n\n<p><span style=\"font-weight: 400;\">Marktonderzoek in Boston stimuleert innovatie door onvervulde behoeften en opkomende trends te benadrukken. Zo wordt de ontwikkeling van nieuwe producten en diensten gestuurd, die de groei stimuleren en het concurrentievermogen vergroten.<\/span><\/p>\n\n\n\n<p><b>Verbeterde ROI:<\/b><span style=\"font-weight: 400;\">&nbsp;<\/span><\/p>\n\n\n\n<p><span style=\"font-weight: 400;\">Onze marktonderzoeksdiensten bieden bedrijven een hoog rendement op investering door bruikbare inzichten te leveren die strategische besluitvorming stimuleren. Bedrijven kunnen hun marketing-, productontwikkelings- en operationele strategie\u00ebn optimaliseren voor betere resultaten en hogere winstgevendheid.<\/span><\/p>\n\n\n\n<h2 class=\"wp-block-heading\"><strong>Belangrijkste industrie\u00ebn in Boston<\/strong><\/h2>\n\n\n\n<p><span style=\"font-weight: 400;\">Boston is de thuisbasis van verschillende belangrijke industrie\u00ebn die de economische groei en innovatie stimuleren. Deze industrie\u00ebn worden gekenmerkt door hun dynamische aard en significante bijdragen aan de lokale en mondiale economie.<\/span><\/p>\n\n\n\n<p><b>\u2022 Technologie:<\/b><span style=\"font-weight: 400;\"> De techsector van Boston breidt zich snel uit en richt zich op softwareontwikkeling, cybersecurity en data-analyse. Bedrijven zoals <\/span><b>Google<\/b><span style=\"font-weight: 400;\"> En <\/span><b>Microsoft<\/b><span style=\"font-weight: 400;\"> hebben belangrijke activiteiten in de stad, stimuleren technologische vooruitgang en cre\u00ebren innovatieve oplossingen die de economie van de staat stimuleren.<\/span><\/p>\n\n\n\n<p><b>\u2022 Gezondheidszorg en biotechnologie:<\/b><span style=\"font-weight: 400;\"> De gezondheidszorg- en biotechsectoren van Boston zijn prominent aanwezig, met instellingen zoals <\/span><b>Algemeen ziekenhuis van Massachusetts<\/b><span style=\"font-weight: 400;\"> En <\/span><b>Biogeen<\/b><span style=\"font-weight: 400;\"> voorop. Deze industrie\u00ebn richten zich op medisch onderzoek, farmaceutische ontwikkeling en geavanceerde gezondheidszorgoplossingen, en dragen aanzienlijk bij aan de economie van de staat en de vooruitgang in de volksgezondheid.<\/span><\/p>\n\n\n\n<p><b>\u2022 Onderwijs:<\/b><span style=\"font-weight: 400;\"> Boston staat bekend om zijn onderwijsinstellingen van wereldklasse, waaronder <\/span><b>Harvard-universiteit<\/b><span style=\"font-weight: 400;\"> En <\/span><b>MIT<\/b><span style=\"font-weight: 400;\">Deze instellingen bieden onderwijs en stimuleren onderzoek en innovatie op verschillende gebieden, wat een aanzienlijke impact heeft op de lokale economie.<\/span><\/p>\n\n\n\n<p><b>\u2022 Financi\u00eble diensten:<\/b><span style=\"font-weight: 400;\"> De financi\u00eble dienstensector van Boston is robuust, met belangrijke spelers zoals <\/span><b>Fidelity-investeringen<\/b><span style=\"font-weight: 400;\"> En <\/span><b>Staatsstraat Corporation<\/b><span style=\"font-weight: 400;\"> leidend. Deze bedrijven bieden verschillende financi\u00eble diensten aan, die bijdragen aan de economische stabiliteit en groei van de staat.<\/span><\/p>\n\n\n\n<p><b>\u2022 Toerisme en gastvrijheid:<\/b><span style=\"font-weight: 400;\"> Toerisme is een vitale industrie in Boston, die jaarlijks miljoenen bezoekers trekt naar de historische locaties en culturele attracties. Bedrijven zoals <\/span><b>Marriott Internationaal<\/b><span style=\"font-weight: 400;\"> En <\/span><b>Hilton<\/b><span style=\"font-weight: 400;\"> bieden luxe accommodaties aan, terwijl talloze lokale bedrijven unieke ervaringen voor toeristen aanbieden.<\/span><\/p>\n\n\n\n<h2 class=\"wp-block-heading\"><strong>Belangrijkste toeristische attracties in Boston<\/strong><\/h2>\n\n\n\n<p><span style=\"font-weight: 400;\">Boston staat bekend om zijn rijke geschiedenis, cultureel erfgoed en levendige attracties, waardoor het een populaire toeristische bestemming is. Deze attracties laten de unieke charme van de stad zien en dragen aanzienlijk bij aan de economie.<\/span><\/p>\n\n\n\n<ul class=\"wp-block-list\">\n<li><b>Vrijheidspad:<\/b><span style=\"font-weight: 400;\"> Dit 2,5 mijl lange pad door het centrum van Boston loopt langs 16 belangrijke historische locaties, waaronder Paul Revere&#039;s House en de Boston Common. Het biedt een fascinerende reis door de geschiedenis van de Onafhankelijkheidsoorlog van de stad.<\/span><\/li>\n\n\n\n<li><b>Fenway Park:<\/b><span style=\"font-weight: 400;\"> Fenway Park, de thuisbasis van de Boston Red Sox, is het oudste Major League Baseball-stadion dat nog steeds in gebruik is. Het is een must-visit voor sportfans en biedt tours die inzicht bieden in de geschiedenis van het stadion.<\/span><\/li>\n\n\n\n<li><b>Museum voor Schone Kunsten:<\/b><span style=\"font-weight: 400;\"> Een van de grootste musea in de Verenigde Staten, het Museum of Fine Arts, herbergt een uitgebreide collectie kunstwerken van over de hele wereld. De diverse tentoonstellingen van het museum trekken kunstliefhebbers en cultuurliefhebbers.<\/span><\/li>\n\n\n\n<li><b>Aquarium van New England:<\/b><span style=\"font-weight: 400;\"> Het New England Aquarium heeft een grote verscheidenheid aan zeeleven, waaronder een gigantische oceaantank en een IMAX-theater. Het is een populaire attractie voor gezinnen en liefhebbers van mariene biologie.<\/span><\/li>\n\n\n\n<li><b>Openbare tuin van Boston:<\/b><span style=\"font-weight: 400;\"> De eerste openbare botanische tuin van Amerika, de Boston Public Garden, staat bekend om zijn prachtige landschappen, zwanenboten en seizoensgebonden bloemententoonstellingen. Het is een serene ontsnapping in het hart van de stad.<\/span><\/li>\n\n\n\n<li><b>Schepen en museum van de Boston Tea Party:<\/b><span style=\"font-weight: 400;\"> Dit interactieve museum vertelt het verhaal van de Boston Tea Party door middel van live-reenactments, multimedia-exposities en historische artefacten. Het biedt een boeiende ervaring voor geschiedenisliefhebbers en bezoekers van alle leeftijden.<\/span><\/li>\n\n\n\n<li><b>Quincy-markt:<\/b><span style=\"font-weight: 400;\"> Quincy Market is een bruisend food-, shopping- en entertainmentcentrum. De diverse eetstalletjes en unieke winkels maken het een favoriete plek voor locals en toeristen.<\/span><\/li>\n<\/ul>\n\n\n\n<figure class=\"gb-block-image gb-block-image-cf2c49fd\"><img loading=\"lazy\" decoding=\"async\" width=\"1456\" height=\"816\" class=\"gb-image gb-image-cf2c49fd\" src=\"https:\/\/www.sisinternational.com\/wp-content\/uploads\/2025\/09\/Massachussets-Boston-4.jpg\" srcset=\"https:\/\/www.sisinternational.com\/wp-content\/uploads\/2025\/09\/Massachussets-Boston-4.jpg 1456w, https:\/\/www.sisinternational.com\/wp-content\/uploads\/2025\/09\/Massachussets-Boston-4-300x168.jpg 300w, https:\/\/www.sisinternational.com\/wp-content\/uploads\/2025\/09\/Massachussets-Boston-4-1024x574.jpg 1024w, https:\/\/www.sisinternational.com\/wp-content\/uploads\/2025\/09\/Massachussets-Boston-4-768x430.jpg 768w, https:\/\/www.sisinternational.com\/wp-content\/uploads\/2025\/09\/Massachussets-Boston-4-18x10.jpg 18w\" sizes=\"auto, (max-width: 1456px) 100vw, 1456px\" alt=\"SIS Internationaal Marktonderzoek &amp; Strategie\"><\/figure>\n\n\n\n<p><\/p>\n\n\n\n<h3 class=\"wp-block-heading\">De belangrijkste zeehaven is de haven van Boston, die grenst aan de stad en in de haven van Boston ligt.<\/h3>\n\n\n\n<p>De belangrijkste vrachtafhandelingsfaciliteiten bevinden zich nu in de wijken East en South Boston, Charlestown en Everett, een naburige stad.<\/p>\n\n\n\n<p>Boston is de oudste nog actieve haven van Noord- en Zuid-Amerika.<\/p>\n\n\n\n<p>De belangrijkste luchthaven van de stad is Logan International, maar ook Beverly Municipal Airport, Worcester Regional Airport, Norwood Memorial Airport en Bedford Hanscom Field vliegen erheen.<\/p>\n\n\n\n<h3 class=\"wp-block-heading\">Boston is multicultureel<\/h3>\n\n\n\n<p>Meer dan een derde van de inwoners van de stad spreekt thuis een andere taal dan Engels.<\/p>\n\n\n\n<p>De belangrijkste gesproken vreemde taal is Spaans. Andere veel gesproken talen zijn Aziatische talen, zoals Portugees, Frans en Frans Creools.<\/p>\n\n\n\n<p>De bevolking van Boston is de afgelopen decennia gegroeid, van een dieptepunt van 563.000 in 1980 tot ongeveer 600.000. Het is meer gegroeid dan dat van verschillende andere grote steden, waaronder New York en San Francisco. Boston is een jonge en diverse stad met een van de hoogst opgeleide bevolkingsgroepen van alle grote Amerikaanse steden.<\/p>\n\n\n\n<h3 class=\"wp-block-heading\">Boston wordt gezien als een wereldstad vanwege de bloeiende technologiesector en economie.<\/h3>\n\n\n\n<p>Opmerkzame zakenmensen en -vrouwen worden zich er snel van bewust dat als ze de kracht van internet niet inzetten voor reclame, ze winstgevende zakendeals zullen mislopen. Desondanks zijn tijdschriften en kranten nog steeds de grote winnaars als het gaat om reclame in Boston.<\/p>\n\n\n\n<p>De voorstedelijke economie is gespecialiseerd in defensie en geavanceerde technologie, terwijl de stedelijke economie zich richt op zakelijke en professionele dienstverlening, geneeskunde, onderwijs en financi\u00ebn.<\/p>\n\n\n\n<h2 class=\"wp-block-heading\"><strong>Kansen in Boston voor bedrijven<\/strong><\/h2>\n\n\n\n<p><span style=\"font-weight: 400;\">Marktonderzoek in Boston onthult talloze kansen voor bedrijven in verschillende sectoren. Inzicht in deze kansen kan bedrijven helpen bij het maken van strategie\u00ebn en het kapitaliseren op de dynamische marktomgeving van de stad.<\/span><\/p>\n\n\n\n<ul class=\"wp-block-list\">\n<li><span style=\"font-weight: 400;\"><b>Technologie en innovatie: <\/b>De techsector in Boston groeit snel en biedt aanzienlijke kansen op het gebied van softwareontwikkeling, cyberbeveiliging en data-analyse.<\/span><span style=\"font-weight: 400;\">&nbsp;<\/span><\/li>\n\n\n\n<li><b>Gezondheidszorg en biotechnologie:<\/b><span style=\"font-weight: 400;\"> De vraag naar geavanceerde oplossingen voor de gezondheidszorg en biotechnologische innovaties neemt toe. Bedrijven die zich richten op medisch onderzoek, farmaceutische ontwikkeling en gezondheidszorgtechnologie kunnen floreren in de robuuste gezondheidszorgsector van Boston.<\/span><\/li>\n\n\n\n<li><b>Onderwijs en onderzoek:<\/b><span style=\"font-weight: 400;\"> De gerenommeerde onderwijsinstellingen van Boston bieden zakelijke kansen in educatieve diensten, onderzoekspartnerschappen en commercialisering van technologie. Bedrijven kunnen samenwerken met universiteiten om innovatie en ontwikkeling te stimuleren.<\/span><\/li>\n<\/ul>\n\n\n\n<h2 class=\"wp-block-heading\"><strong>Uitdagingen van marktonderzoek in Boston voor bedrijven<\/strong><\/h2>\n\n\n\n<p><span style=\"font-weight: 400;\">Hoewel marktonderzoek in Boston talloze kansen biedt, moeten bedrijven ook verschillende uitdagingen overwinnen om succesvol te zijn. Het begrijpen van deze uitdagingen is cruciaal voor het ontwikkelen van strategie\u00ebn die risico&#039;s beperken en obstakels overwinnen.<\/span><\/p>\n\n\n\n<ul class=\"wp-block-list\">\n<li><b>Hoge kosten:<\/b><span style=\"font-weight: 400;\"> Het uitvoeren van uitgebreid marktonderzoek kan kostbaar zijn, met name voor kleine en middelgrote ondernemingen. Bedrijven moeten voldoende middelen vrijmaken om nauwkeurige en zinvolle gegevens te verzamelen, wat budgetten kan belasten.<\/span><\/li>\n\n\n\n<li><b>Concurrerende markt:<\/b><span style=\"font-weight: 400;\"> De dynamische markt van Boston is zeer competitief, met talloze gevestigde spelers en opkomende startups. Bedrijven moeten continu innoveren en zich onderscheiden om hun concurrentievoordeel te behouden.<\/span><\/li>\n<\/ul>\n\n\n\n<h2 class=\"wp-block-heading\"><strong>Hoe het marktonderzoek van SIS International in Boston bedrijven helpt<\/strong><\/h2>\n\n\n\n<p><span style=\"font-weight: 400;\">De marktonderzoeksdiensten van SIS International in Boston bieden uitgebreide ondersteuning aan bedrijven, helpen hen te navigeren door de complexiteit van de markt van Boston en hun strategische doelen te bereiken. Onze expertise in marktonderzoek biedt bedrijven waardevolle inzichten die groei en innovatie stimuleren.<\/span><\/p>\n\n\n\n<p><b>Risicoreductie:<\/b><span style=\"font-weight: 400;\">&nbsp;<\/span><\/p>\n\n\n\n<p><a href=\"https:\/\/www.linkedin.com\/company\/sisinternationalresearch\/\" target=\"_blank\" rel=\"noopener\"><span style=\"font-weight: 400;\">SIS Internationaal<\/span><\/a><span style=\"font-weight: 400;\"> helpt bedrijven potenti\u00eble risico&#039;s te identificeren en strategie\u00ebn te ontwikkelen om deze te beperken. Inzicht in de marktdynamiek en het consumentengedrag stelt bedrijven in staat om weloverwogen beslissingen te nemen die onzekerheden minimaliseren en de stabiliteit vergroten.<\/span><\/p>\n\n\n\n<p><b>Omzetverhoging:<\/b><span style=\"font-weight: 400;\">&nbsp;<\/span><\/p>\n\n\n\n<p><span style=\"font-weight: 400;\">Wij stellen bedrijven in staat om nieuwe kansen te ontdekken en hun strategie\u00ebn te optimaliseren om de omzet te verhogen. Door markttrends en klantvoorkeuren te analyseren, bieden we bruikbare inzichten die bedrijven helpen producten en diensten te ontwikkelen die voldoen aan de vraag van de markt.<\/span><\/p>\n\n\n\n<p><b>Kostenbesparing:<\/b><span style=\"font-weight: 400;\">&nbsp;<\/span><\/p>\n\n\n\n<p><span style=\"font-weight: 400;\">Marktonderzoek helpt bedrijven hun activiteiten te stroomlijnen en middelen effici\u00ebnter toe te wijzen. Door marktomstandigheden en concurrentiedynamiek te begrijpen, kunnen bedrijven kostbare fouten vermijden en zich richten op initiatieven met een grote impact die groei stimuleren.<\/span><\/p>\n\n\n\n<p><b>Tijdsbesparing:<\/b><span style=\"font-weight: 400;\">&nbsp;<\/span><\/p>\n\n\n\n<p><span style=\"font-weight: 400;\">De expertise en middelen van SIS International stellen bedrijven in staat om marktonderzoek effici\u00ebnter uit te voeren. Onze uitgebreide analyses en strategische aanbevelingen besparen bedrijven tijd en moeite, waardoor ze zich kunnen richten op kernactiviteiten en strategische initiatieven.<\/span><\/p>\n\n\n\n<p><b>Versnelde groei en innovatie:<\/b><span style=\"font-weight: 400;\">&nbsp;<\/span><\/p>\n\n\n\n<p><span style=\"font-weight: 400;\">Door gebruik te maken van SIS-marktonderzoeksdiensten kunnen bedrijven vooroplopen op markttrends en innovatie stimuleren. Onze inzichten in opkomende kansen en consumentenbehoeften sturen de ontwikkeling van nieuwe producten en diensten die groei stimuleren en het concurrentievermogen verbeteren.<\/span><\/p>\n\n\n\n<p><b>Verbeterde ROI:<\/b><span style=\"font-weight: 400;\">&nbsp;<\/span><\/p>\n\n\n\n<p><span style=\"font-weight: 400;\">Ons marktonderzoek in Boston levert bedrijven een hoog rendement op investering op door bruikbare inzichten te leveren die strategische besluitvorming stimuleren. Bedrijven kunnen hun marketing-, productontwikkelings- en operationele strategie\u00ebn optimaliseren voor betere resultaten en hogere winstgevendheid.<\/span><\/p>\n\n\n\n<h2 class=\"wp-block-heading\">Over marktonderzoek in Boston<\/h2>\n\n\n\n<p><a href=\"https:\/\/www.sisinternational.com\/nl\/\"><span style=\"font-weight: 400;\">SIS Internationaal<\/span><\/a> provides full-service solutions in Consumer, B2B, Industrial, Healthcare, and other industries. We offer Focus Groups, Customer Interviews, Ethnography, Surveys, Online Communities, Competitive Analysis, and <a href=\"https:\/\/www.sisinternational.com\/nl\/dekking\/amerika\/usa-dekking\/marktonderzoek-guam\/\" title=\"Marktonderzoek op Guam\" data-wpil-monitor-id=\"4245\">Market Opportunity research<\/a>. SIS can help you stay competitive by delivering full insight into the business landscape.<\/p>\n\n\n\n<p><\/p>\n\n\n\n<h2 class=\"wp-block-heading\">&nbsp;<\/h2>","protected":false},"excerpt":{"rendered":"<p>Boston wordt gezien als een wereldstad vanwege de bloeiende technologiesector en de sterke economie. <\/p>","protected":false},"author":1,"featured_media":66602,"parent":19303,"menu_order":3,"comment_status":"closed","ping_status":"closed","template":"","meta":{"footnotes":""},"class_list":["post-16467","page","type-page","status-publish","has-post-thumbnail"],"_links":{"self":[{"href":"https:\/\/www.sisinternational.com\/nl\/wp-json\/wp\/v2\/pages\/16467","targetHints":{"allow":["GET"]}}],"collection":[{"href":"https:\/\/www.sisinternational.com\/nl\/wp-json\/wp\/v2\/pages"}],"about":[{"href":"https:\/\/www.sisinternational.com\/nl\/wp-json\/wp\/v2\/types\/page"}],"author":[{"embeddable":true,"href":"https:\/\/www.sisinternational.com\/nl\/wp-json\/wp\/v2\/users\/1"}],"replies":[{"embeddable":true,"href":"https:\/\/www.sisinternational.com\/nl\/wp-json\/wp\/v2\/comments?post=16467"}],"version-history":[{"count":13,"href":"https:\/\/www.sisinternational.com\/nl\/wp-json\/wp\/v2\/pages\/16467\/revisions"}],"predecessor-version":[{"id":78329,"href":"https:\/\/www.sisinternational.com\/nl\/wp-json\/wp\/v2\/pages\/16467\/revisions\/78329"}],"up":[{"embeddable":true,"href":"https:\/\/www.sisinternational.com\/nl\/wp-json\/wp\/v2\/pages\/19303"}],"wp:featuredmedia":[{"embeddable":true,"href":"https:\/\/www.sisinternational.com\/nl\/wp-json\/wp\/v2\/media\/66602"}],"wp:attachment":[{"href":"https:\/\/www.sisinternational.com\/nl\/wp-json\/wp\/v2\/media?parent=16467"}],"curies":[{"name":"wp","href":"https:\/\/api.w.org\/{rel}","templated":true}]}}