{"id":12926,"date":"2015-01-18T14:38:14","date_gmt":"2015-01-18T14:38:14","guid":{"rendered":"https:\/\/www.sisinternational.com\/?page_id=12926"},"modified":"2026-03-12T21:35:57","modified_gmt":"2026-03-13T01:35:57","slug":"producttest-marktonderzoek","status":"publish","type":"page","link":"https:\/\/www.sisinternational.com\/nl\/expertise\/producttest-marktonderzoek\/","title":{"rendered":"Producttesten Marktonderzoek"},"content":{"rendered":"<h1 class=\"wp-block-heading\">Producttesten Marktonderzoek<\/h1>\n\n\n\n<p><\/p>\n\n\n\n<figure class=\"gb-block-image gb-block-image-32cb63f2\"><img loading=\"lazy\" decoding=\"async\" width=\"1350\" height=\"736\" class=\"gb-image gb-image-32cb63f2\" src=\"https:\/\/www.sisinternational.com\/wp-content\/uploads\/2025\/09\/Sensory-testing-1.1.jpg\" alt=\"SIS Internationaal Marktonderzoek &amp; Strategie\" title=\"Sensory testing (1).1\" srcset=\"https:\/\/www.sisinternational.com\/wp-content\/uploads\/2025\/09\/Sensory-testing-1.1.jpg 1350w, https:\/\/www.sisinternational.com\/wp-content\/uploads\/2025\/09\/Sensory-testing-1.1-300x164.jpg 300w, https:\/\/www.sisinternational.com\/wp-content\/uploads\/2025\/09\/Sensory-testing-1.1-1024x558.jpg 1024w, https:\/\/www.sisinternational.com\/wp-content\/uploads\/2025\/09\/Sensory-testing-1.1-768x419.jpg 768w, https:\/\/www.sisinternational.com\/wp-content\/uploads\/2025\/09\/Sensory-testing-1.1-18x10.jpg 18w\" sizes=\"auto, (max-width: 1350px) 100vw, 1350px\"><\/figure>\n\n\n\n<h2 class=\"wp-block-heading p1\">Het doorlopen van de conceptfase van een product kan een lastig proces zijn in een complexe en voortdurend veranderende markt.<\/h2>\n\n\n\n<p>Conducting comprehensive and insight-rich testing with targeted stakeholders and consumers is crucial to mitigating the risks associated with launching a new product.&nbsp;We take a unique and innovative approach to conducting product tests and delivering critical pre-launch consumer analysis to clients.<\/p>\n\n\n\n<h2 class=\"wp-block-heading\">Wat is producttestmarktonderzoek?<\/h2>\n\n\n\n<p>Producttestmarktonderzoek is een essentieel onderdeel van productontwikkeling. Door inzichten en gegevens van potenti\u00eble klanten te verzamelen, kunnen bedrijven meer leren over de prestaties, bruikbaarheid en wenselijkheid van een product.<\/p>\n\n\n\n<p>With these findings, companies have the information necessary to make wise decisions about their products, increasing <a href=\"https:\/\/www.sisinternational.com\/nl\/improving-customer-relations\/\" title=\"Hoe u de klanttevredenheid kunt verbeteren en ontevreden klanten tevreden kunt stellen\"  data-wpil-monitor-id=\"10718\">customer satisfaction while simultaneously improving<\/a> sales.<\/p>\n\n\n\n<h2 class=\"wp-block-heading p5\">Waarom is marktonderzoek naar producttesten zo belangrijk?<\/h2>\n\n\n\n<p class=\"p3\">Product testing market research is critical for making sure the products truly matter to customers. This is because you can study market trends and current consumer preferences that may change from year to year depending on the <a href=\"https:\/\/www.sisinternational.com\/nl\/low-cost-carriers-in-de-luchtvaartindustrie\/\" title=\"Marktonderzoek naar goedkope luchtvaartmaatschappijen\"  data-wpil-monitor-id=\"10713\">wereldwijd<\/a> market and its trends.<\/p>\n\n\n\n<p class=\"p3\">Bedrijven moeten daarom marktonderzoek naar producttesten uitvoeren om te begrijpen hoe potenti\u00eble klanten hun producten ervaren, eventuele problemen of zorgen van consumenten te ontdekken en deze dienovereenkomstig aan te passen. Zonder dit onderzoek lopen bedrijven het risico producten te lanceren die niet aan de verwachtingen van de klant voldoen. <span class=\"s1\">\u2013<\/span> en dit kan leiden tot lage verkopen en schade aan de reputatie van het merk.<\/p>\n\n\n\n<p class=\"p3\">Bovendien kunnen deze inzichten bedrijven helpen bij het ontwikkelen van verfijnde strategie\u00ebn voor hun producten, waarmee ze zich kunnen onderscheiden van de concurrentie. Zo krijgen bedrijven een concurrentievoordeel.<\/p>\n\n\n\n<h2 class=\"wp-block-heading p5\">Kansen en uitdagingen van marktonderzoek naar producttesten<\/h2>\n\n\n\n<p class=\"p6\">Producttestmarktonderzoek biedt bedrijven grote kansen. Er moet echter ook rekening mee worden gehouden dat deze studie een aantal uitdagingen met zich meebrengt om een accuraat beeld te krijgen van de smaak van consumenten in een specifieke markt.<\/p>\n\n\n\n<h3 class=\"wp-block-heading p6\">Mogelijkheden<\/h3>\n\n\n\n<ul class=\"wp-block-list ul1\">\n<li><b>Innovatie<\/b>: Product testing <a href=\"https:\/\/www.sisinternational.com\/nl\/oplossingen\/kwalitatieve-kwantitatieve-onderzoeksoplossingen\/wine-taste-testing\/\" title=\"Wine Taste Testing\"  data-wpil-monitor-id=\"1245\">marktonderzoek<\/a> delivers valuable insights into customer demands and tastes, helping companies identify potential areas for innovation and differentiate their products from those of their competitors.<\/li>\n\n\n\n<li><b>Aanpassing<\/b>: Bedrijven kunnen de loyaliteit en tevredenheid van klanten vergroten door producten te maken die direct inspelen op de behoeften van klanten. Door in te spelen op wat hun voorkeuren drijft, bouwen bedrijven vertrouwen op en cre\u00ebren ze op maat gemaakte oplossingen die voldoen aan elke unieke vereiste.<\/li>\n\n\n\n<li><b>Merknaam<\/b>: Marktonderzoek naar producttesten biedt enorm veel inzicht in hoe consumenten de producten van het bedrijf ervaren. Het stelt het beslissingsteam in staat de merkidentiteit te verfijnen.<\/li>\n\n\n\n<li><b>Kostenreductie<\/b>Bedrijven kunnen de kosten van productverbeteringen na de lancering verlagen door problemen v\u00f3\u00f3r de lancering op te lossen. Dit resulteert in een betere effici\u00ebntie en hogere winsten.<\/li>\n\n\n\n<li><b>Marktuitbreiding<\/b>: <a href=\"https:\/\/www.sisinternational.com\/nl\/publicaties\/scalable-business-market-research-7-ways-to-build-a-scalable-business\/\" title=\"Schaalbaar bedrijfsmarktonderzoek: 7 manieren om een schaalbaar bedrijf op te bouwen\"  data-wpil-monitor-id=\"10720\">Marktonderzoek<\/a> can uncover untapped potential for businesses, unveiling fresh and unexplored market opportunities that could lead to expansive growth.<\/li>\n\n\n\n<li><b><a href=\"https:\/\/www.sisinternational.com\/nl\/multi-channel-marketingcampagne\/\" title=\"Optimaliseren van multi-channel marketingstrategie\u00ebn voor een betere marktpenetratie\"  data-wpil-monitor-id=\"10717\">Verbeterde marketingstrategie\u00ebn<\/a><\/b>Door feedback van klanten te benutten, kunnen bedrijven diepgaande inzichten verkrijgen waarmee ze hun marketingstrategie\u00ebn kunnen aanpassen en een groter publiek en meer potenti\u00eble klanten kunnen bereiken.<\/li>\n<\/ul>\n\n\n\n<h3 class=\"wp-block-heading p8\">Uitdagingen<\/h3>\n\n\n\n<p class=\"p3\">Marktonderzoek naar producttesten kan nuttig zijn voor bedrijven, maar er zijn een paar uitdagingen die zich voordoen bij het uitvoeren van dit type onderzoek:<\/p>\n\n\n\n<ul class=\"wp-block-list ul1\">\n<li>Het uitvoeren van marktonderzoek naar producttesten kan langdurig en kostbaar zijn als het bedrijf meerdere producten wil testen of van plan is om meerdere markten tegelijk te betreden. Bedrijven moeten de nodige tijd en geld investeren om ervoor te zorgen dat het onderzoek nauwkeurig wordt uitgevoerd.<\/li>\n\n\n\n<li>Het vinden van geschikte deelnemers voor onderzoek kan een uitdaging zijn, afhankelijk van de specifieke kenmerken van de doelgroep.<\/li>\n\n\n\n<li>Bedrijven moeten garanderen dat de steekproefomvang van hun onderzoek ruim voldoende is om geldige resultaten te verkrijgen. Anders kunnen ze geen betrouwbare conclusies trekken uit de verzamelde gegevens.<\/li>\n\n\n\n<li>Consultancybedrijven moeten vooroordelen tijdens producttesten en marktonderzoek beperken. Als de moderator deelnemers niet vraagt om hun antwoorden toe te lichten, kunnen deelnemers sociale druk voelen en soortgelijke antwoorden geven.<\/li>\n\n\n\n<li>Interpreting the research results may be a complex task if there are multiple <a href=\"https:\/\/www.sisinternational.com\/nl\/dekking\/marktonderzoek-afrika\/market-research-cameroon\/\" title=\"Marktonderzoek in Kameroen\"  data-wpil-monitor-id=\"5275\">products<\/a> for different market segments. Companies must carefully evaluate the data they receive and use it to make effective product development decisions.<\/li>\n<\/ul>\n\n\n\n<h2 class=\"wp-block-heading p1\">Onze aanpak<\/h2>\n\n\n\n<p><\/p>\n\n\n\n<figure class=\"gb-block-image gb-block-image-1622b002\"><img loading=\"lazy\" decoding=\"async\" width=\"1456\" height=\"816\" class=\"gb-image gb-image-1622b002\" src=\"https:\/\/www.sisinternational.com\/wp-content\/uploads\/2025\/09\/Sensory-testing-3.jpg\" alt=\"SIS Internationaal Marktonderzoek &amp; Strategie\" title=\"Sensory testing (3)\" srcset=\"https:\/\/www.sisinternational.com\/wp-content\/uploads\/2025\/09\/Sensory-testing-3.jpg 1456w, https:\/\/www.sisinternational.com\/wp-content\/uploads\/2025\/09\/Sensory-testing-3-300x168.jpg 300w, https:\/\/www.sisinternational.com\/wp-content\/uploads\/2025\/09\/Sensory-testing-3-1024x574.jpg 1024w, https:\/\/www.sisinternational.com\/wp-content\/uploads\/2025\/09\/Sensory-testing-3-768x430.jpg 768w, https:\/\/www.sisinternational.com\/wp-content\/uploads\/2025\/09\/Sensory-testing-3-18x10.jpg 18w\" sizes=\"auto, (max-width: 1456px) 100vw, 1456px\"><\/figure>\n\n\n\n<p class=\"p1\">Onze gelaagde concepttesttechnieken zijn gericht op het identificeren van consumentenrelaties, bronnen van emotionele connecties, onvervulde behoeften en productvoorkeuren. De beste en meest effectieve concepttests gebruiken vaak een hybride methodologie, waarbij zowel kwalitatieve discussies als grootschalige kwantitatieve onderzoeken worden gebruikt. Uiteindelijk bieden onze oplossingen rijke lagen van bruikbare gegevens aan onze klanten die de resultaten van hun nieuwe producten op de markt aansturen.<\/p>\n\n\n\n<h2 class=\"wp-block-heading\">Casestudy: Producttesten op DSLR-cameralenzen<\/h2>\n\n\n\n<h3 class=\"wp-block-heading\">Achtergrond en onderzoeksdoelen<\/h3>\n\n\n\n<p>De klant, een fabrikant van DSLR-cameralenzen, wilde de redenen begrijpen achter de meningen van Amerikaanse consumenten over de esthetische elementen van middenklasse- en high-end DSLR-cameralenzen. De interesse lag specifiek in de visuele, tactiele en auditieve aspecten van de lenzen, in plaats van de fotokwaliteit die ze produceerden. De houding van consumenten ten opzichte van het uiterlijk, gevoel en de structuur van lenzen is enigszins over het hoofd gezien in eerder onderzoek op dit gebied, dat zich voornamelijk richtte op de functionele aspecten van de kwaliteit van lenzen.<\/p>\n\n\n\n<p><strong>Methodologie<\/strong><\/p>\n\n\n\n<p>Er werden 23 respondenten geselecteerd op basis van drie hoofdcriteria:<\/p>\n\n\n\n<ol class=\"wp-block-list\">\n<li>Bezit van high-end en mid-range Canon en Nikon digitale camera&#039;s<\/li>\n\n\n\n<li>Bezit van minimaal 3 DSLR-cameralenzen<\/li>\n\n\n\n<li>Minimaal vijf keer per week foto&#039;s maken met een DSLR-camera.<\/li>\n<\/ol>\n\n\n\n<p>These respondents were invited to a Manhattan photo studio where they provided their in-depth opinions on 14 different DSLR camera lenses. The lenses, each from different manufacturers, were selected to represent different aesthetic styles and choices that designers make, e.g. the location of labels and controls on the lens, the ease or difficulty with which the focus and zoom rings can be turned, and the feeling of the material the lens is made of. Each respondent completed one hand-written survey per lens, which included both scale-ranking questions as well as open-ended, qualitative questions. The results of these surveys were then analyzed on both a quantitative and <a href=\"https:\/\/www.sisinternational.com\/nl\/future-trends-in-qualitative-market-research\/\" title=\"Future Trends in Qualitative Market Research\"  data-wpil-monitor-id=\"10719\">qualitative level to uncover market trends<\/a>.<\/p>\n\n\n\n<p><strong>Bevindingen en conclusies<\/strong><\/p>\n\n\n\n<p>Uit de analyse van deze vragenlijsten kwamen een aantal belangrijke bevindingen naar voren, waaronder:<\/p>\n\n\n\n<p>De klant realiseerde zich de kans die schuilt in het produceren van zoom- en focusringen die minimale inspanning vereisen om aan te passen, terwijl ze toch een gevoel van precisie en stevigheid behouden. Dit kwam voort uit de verrassende bevinding dat dit de grootste bepalende factor was voor de algehele lenskwaliteit. Diepte-interviews met geselecteerde respondenten lieten zien dat er behoefte is aan lenzen die zo min mogelijk geluid maken bij het werken in professionele omgevingen, om de aandacht van de fotografe niet af te leiden, wat een kans vertegenwoordigt om stille lenzen op de markt te brengen voor professionele fotografen. De analyse van het onderzoek liet zien dat het gewicht van de lens een sterke bepalende factor is voor het algehele gevoel van duurzaamheid. Omdat deze lenzen een aanzienlijke investering zijn - veel high-end lenzen worden verkocht voor meer dan $1.000 - willen consumenten het gevoel hebben dat ze een product kopen dat lang meegaat. De klant kon toen de waarde herkennen in de boodschap van een sterke, duurzame lens die een leven lang meegaat.<\/p>\n\n\n\n<h2 class=\"wp-block-heading\">Over SIS Product Testing Marktonderzoek<\/h2>\n\n\n\n<p><a href=\"https:\/\/twitter.com\/SISIntlResearch\" target=\"_blank\" rel=\"noopener\"><span style=\"font-weight: 400;\">SIS<\/span><\/a> is een toonaangevend marktonderzoeksbedrijf. We hebben duizenden tests uitgevoerd in de Verenigde Staten en over de hele wereld. Producttests zijn detailgericht en vereisen ervaring om ervoor te zorgen dat ze effectief worden uitgevoerd. Wij bieden die ervaring.<\/p>\n\n\n\n<h3 class=\"wp-block-heading\">Onze productonderzoeksoplossingen omvatten:<\/h3>\n\n\n\n<ul class=\"wp-block-list\">\n<li>Sequenti\u00eble monadische producttests<\/li>\n\n\n\n<li>Monadische producttesten<\/li>\n\n\n\n<li>Etnografie<\/li>\n\n\n\n<li>Gebruikstesten thuis<\/li>\n\n\n\n<li><a href=\"https:\/\/www.sisinternational.com\/nl\/oplossingen\/kwalitatieve-kwantitatieve-onderzoeksoplossingen\/centrale-locatietesten-versus-focusgroepen\/\" title=\"Centrale locatietesten versus focusgroepen\" data-wpil-monitor-id=\"10715\">Centrale locatietesten<\/a><\/li>\n\n\n\n<li>Focusgroepen<\/li>\n\n\n\n<li>Mobiele etnografie<\/li>\n<\/ul>\n\n\n\n<p><a href=\"https:\/\/www.linkedin.com\/company\/sisinternationalresearch\/\" target=\"_blank\" rel=\"noopener\"><span style=\"font-weight: 400;\">SIS Internationaal<\/span><\/a> offers Quantitative, Qualitative, and Strategy Research. We provide data, tools, strategies, reports, and insights for decision-making. We also conduct interviews, surveys, focus groups, and many other <a href=\"https:\/\/www.sisinternational.com\/nl\/quantitative-market-research-methods-and-techniques\/\" title=\"Quantitative Market Research Methods and Techniques\" data-wpil-monitor-id=\"10714\">Market Research methods<\/a> and approaches. Contact us for your <a href=\"https:\/\/www.sisinternational.com\/nl\/expertise\/industrieen\/next-generation-technologies-market-research\/\" title=\"Marktonderzoek naar technologie\u00ebn van de volgende generatie\" data-wpil-monitor-id=\"10716\">next Market Research<\/a> project.<\/p>","protected":false},"excerpt":{"rendered":"<p>SIS is een toonaangevend marktonderzoeksbedrijf. Marktonderzoek naar producttesten biedt inzichten en gegevens aan bedrijven die nieuwe producten lanceren.<\/p>","protected":false},"author":1,"featured_media":66987,"parent":14514,"menu_order":1,"comment_status":"closed","ping_status":"closed","template":"","meta":{"footnotes":""},"class_list":["post-12926","page","type-page","status-publish","has-post-thumbnail"],"_links":{"self":[{"href":"https:\/\/www.sisinternational.com\/nl\/wp-json\/wp\/v2\/pages\/12926","targetHints":{"allow":["GET"]}}],"collection":[{"href":"https:\/\/www.sisinternational.com\/nl\/wp-json\/wp\/v2\/pages"}],"about":[{"href":"https:\/\/www.sisinternational.com\/nl\/wp-json\/wp\/v2\/types\/page"}],"author":[{"embeddable":true,"href":"https:\/\/www.sisinternational.com\/nl\/wp-json\/wp\/v2\/users\/1"}],"replies":[{"embeddable":true,"href":"https:\/\/www.sisinternational.com\/nl\/wp-json\/wp\/v2\/comments?post=12926"}],"version-history":[{"count":8,"href":"https:\/\/www.sisinternational.com\/nl\/wp-json\/wp\/v2\/pages\/12926\/revisions"}],"predecessor-version":[{"id":81756,"href":"https:\/\/www.sisinternational.com\/nl\/wp-json\/wp\/v2\/pages\/12926\/revisions\/81756"}],"up":[{"embeddable":true,"href":"https:\/\/www.sisinternational.com\/nl\/wp-json\/wp\/v2\/pages\/14514"}],"wp:featuredmedia":[{"embeddable":true,"href":"https:\/\/www.sisinternational.com\/nl\/wp-json\/wp\/v2\/media\/66987"}],"wp:attachment":[{"href":"https:\/\/www.sisinternational.com\/nl\/wp-json\/wp\/v2\/media?parent=12926"}],"curies":[{"name":"wp","href":"https:\/\/api.w.org\/{rel}","templated":true}]}}