{"id":37590,"date":"2021-05-08T20:51:28","date_gmt":"2021-05-08T20:51:28","guid":{"rendered":"https:\/\/www.sisinternational.com\/?page_id=37590"},"modified":"2025-09-14T00:55:55","modified_gmt":"2025-09-14T04:55:55","slug":"%eb%b2%a0%eb%83%89-%ec%8b%9c%ec%9e%a5-%ec%a1%b0%ec%82%ac","status":"publish","type":"page","link":"https:\/\/www.sisinternational.com\/ko\/%ec%a0%81%ec%9a%a9-%eb%b2%94%ec%9c%84\/%ec%8b%9c%ec%9e%a5-%ec%a1%b0%ec%82%ac-%ec%95%84%ed%94%84%eb%a6%ac%ec%b9%b4\/%eb%b2%a0%eb%83%89-%ec%8b%9c%ec%9e%a5-%ec%a1%b0%ec%82%ac\/","title":{"rendered":"\ubca0\ub0c9 \uc2dc\uc7a5 \uc870\uc0ac"},"content":{"rendered":"<h1 class=\"wp-block-heading p1\"><span class=\"s1\">\ubca0\ub0c9 \uc2dc\uc7a5 \uc870\uc0ac<\/span><\/h1>\n\n\n\n<figure class=\"gb-block-image gb-block-image-3b7abe27\"><img loading=\"lazy\" decoding=\"async\" width=\"1456\" height=\"816\" class=\"gb-image gb-image-3b7abe27\" src=\"https:\/\/www.sisinternational.com\/wp-content\/uploads\/2025\/08\/Benin-1.jpg\" alt=\"SIS \uad6d\uc81c\uc2dc\uc7a5 \uc870\uc0ac \ubc0f \uc804\ub7b5\" title=\"Benin (1)\" srcset=\"https:\/\/www.sisinternational.com\/wp-content\/uploads\/2025\/08\/Benin-1.jpg 1456w, https:\/\/www.sisinternational.com\/wp-content\/uploads\/2025\/08\/Benin-1-300x168.jpg 300w, https:\/\/www.sisinternational.com\/wp-content\/uploads\/2025\/08\/Benin-1-1024x574.jpg 1024w, https:\/\/www.sisinternational.com\/wp-content\/uploads\/2025\/08\/Benin-1-768x430.jpg 768w, https:\/\/www.sisinternational.com\/wp-content\/uploads\/2025\/08\/Benin-1-18x10.jpg 18w\" sizes=\"auto, (max-width: 1456px) 100vw, 1456px\"><\/figure>\n\n\n\n<p><\/p>\n\n\n\n<h2 class=\"wp-block-heading p1\">\ubca0\ub0c9\uc740 \uc11c\uc544\ud504\ub9ac\uce74\uc5d0 \uc704\uce58\ud55c \uc791\uc740 \uacf5\ud654\uad6d\uc774\ub2e4.<\/h2>\n\n\n\n<p class=\"p1\">\uc778\uc811\ud55c \ub300\ub959\uc73c\ub85c\ub294 \ud1a0\uace0, \ub098\uc774\uc9c0\ub9ac\uc544, \ubd80\ub974\ud0a4\ub098\ud30c\uc18c, \ub2c8\uc81c\ub974\uac00 \uc788\uc2b5\ub2c8\ub2e4. \uad6d\uac00\uc758 \uacf5\uc2dd \uc5b8\uc5b4\ub294 \ud504\ub791\uc2a4\uc5b4\uc774\uc9c0\ub9cc, \ucd1d 38\uac1c\uc758 \uad6d\uc5b4\uac00 \uc788\uc2b5\ub2c8\ub2e4. \uc5ec\uae30\uc5d0\ub294 \uc601\uc5b4, \uc544\ub78d\uc5b4, \uc694\ub8e8\ubc14\uc5b4\uc640 \uac19\uc740 \uc778\uae30 \uc788\ub294 \uc5b8\uc5b4\uac00 \ud3ec\ud568\ub429\ub2c8\ub2e4.<\/p>\n\n\n\n<h2 class=\"wp-block-heading p3\">\ud575\uc2ec\uc0b0\uc5c5<\/h2>\n\n\n\n<p class=\"p1\">\ubca0\ub0c9\uc758 \uc8fc\uc694 \uc0b0\uc5c5\uc740 \ub18d\uc5c5\uc774\ub2e4. \ubca0\ub0c9\uc778\ub4e4\uc740 \uc0dd\uacc4 \ub18d\uc5c5\uc744 \uc2e4\ucc9c\ud569\ub2c8\ub2e4. \ub18d\ubd80\ub4e4\uc740 \uac00\uc871\uacfc \uc9c0\uc5ed\uc758 \ud544\uc694\ub97c \uba3c\uc800 \ucda9\uc871\uc2dc\ud0b5\ub2c8\ub2e4. \uadf8\ub7f0 \ub2e4\uc74c \uc9c0\uc5ed \ub610\ub294 \uad6d\uc81c \uc2dc\uc7a5\uc5d0 \uc81c\uacf5\ub429\ub2c8\ub2e4. \uc774 \ub18d\ubd80\ub4e4\uc740 \ud658\uae08\uc791\ubb3c\uc744 \uc2ec\uace0 \uacfc\uc77c\uacfc \uacac\uacfc\ub958\ub97c \uc7ac\ubc30\ud569\ub2c8\ub2e4. \uadf8\ub4e4\uc740 \uba74\ud654\uc640 \ubaa9\ud654\uc528\ub97c \uc218\ucd9c\ud569\ub2c8\ub2e4. \uae30\ud0c0 \uc218\ucd9c\ud488\uc73c\ub85c\ub294 \uce90\uc288\ub11b, \uc2dc\uc5b4 \ubc84\ud130, \uc2dd\uc6a9\uc720, \ubaa9\uc7ac \ub4f1\uc774 \uc788\uc2b5\ub2c8\ub2e4.<\/p>\n\n\n\n<h2 class=\"wp-block-heading p1\">\uc774\uc6c3<\/h2>\n\n\n\n<p class=\"p2\">Hogbonu \ub610\ub294 \u00c0j\u00e1sh\u00e9 Il\u00e9\ub77c\uace0\ub3c4 \ubd88\ub9ac\ub294 Porto-Novo\ub294 \ubca0\ub0c9\uc758 \uc218\ub3c4\uc785\ub2c8\ub2e4. \ud3ec\ub974\ud1a0\ub178\ubcf4\ub294 \ubca0\ub0c9\uc758 \ubb38\ud654\uc640 \uc5ed\uc0ac\uc5d0 \ub300\ud574 \ub9ce\uc740 \uac83\uc744 \ub9d0\ud574 \uc904 \uc218 \uc788\uc2b5\ub2c8\ub2e4. \ud3ec\ub974\ud1a0 \ub178\ubcf4(Porto Novo)\uc5d0\ub294 \uc778\uc0c1\uc801\uc778 \uc694\ub8e8\ubc14 \ub9c8\uc2a4\ud06c \uceec\ub809\uc158\uc744 \uc18c\uc7a5\ud558\uace0 \uc788\ub294 \ubbfc\uc871\uc9c0\ud559 \ubc15\ubb3c\uad00(Museum of Ethnography)\uc774 \uc788\uc2b5\ub2c8\ub2e4. \ubc15\ubb3c\uad00\uc5d0\ub294 \ub610\ud55c \ub9ce\uc740 \uc720\ubb3c\uc774 \uc788\uc2b5\ub2c8\ub2e4.<\/p>\n\n\n\n<p class=\"p2\">\ud1a0\ud30c \uc655\uc758 \uad81\uc804\uc740 \uc544\ud504\ub9ac\uce74 \uc655\uc871\uc758 \uc0dd\ud65c \ubc29\uc2dd\uc744 \ubb18\uc0ac\ud569\ub2c8\ub2e4. Jardin Place Jean Bayol\uc5d0\ub294 \ud3ec\ub974\ud1a0\ub178\ubcf4\uc758 \uccab \ubc88\uc9f8 \uc655\uc758 \ub3d9\uc0c1\uc774 \uc788\uc2b5\ub2c8\ub2e4. \ub2e4 \uc2e4\ubc14 \ubc15\ubb3c\uad00(Da Silva Museum)\uacfc \uc774\uc138\ubc14\uc608 \uc7ac\ub2e8(Is\u00e9bay\u00e9 Foundation)\uc740 \ubca0\ub0c9\uc758 \uc5ed\uc0ac\ub97c \uc804\uc2dc\ud569\ub2c8\ub2e4. \ub610\ud55c \uc774 \ub098\ub77c\uc758 \ud1a0\ucc29 \uc885\uad50\uc778 \ubd80\ub450(Voodoo)\uc5d0 \ub300\ud55c \uc804\uc2dc\ubb3c\ub3c4 \uc788\uc2b5\ub2c8\ub2e4.<\/p>\n\n\n\n<p class=\"p2\">\ucf54\ud1a0\ub204\ub294 \ubca0\ub0c9\uc758 \uac00\uc7a5 \ud070 \ub3c4\uc2dc\uc785\ub2c8\ub2e4. \uc218\ub3c4\uac00 \uc544\ub2d9\ub2c8\ub2e4. \uadf8\ub7ec\ub098 \uc815\ubd80 \uc18c\uc7ac\uc9c0\ub294 \ucf54\ud1a0\ub204\uc5d0 \uc788\uc2b5\ub2c8\ub2e4. \uc5ec\ub7ec \uc815\ubd80 \uac74\ubb3c\uacfc \uc11c\ube44\uc2a4\ub3c4 \ub9c8\ucc2c\uac00\uc9c0\uc785\ub2c8\ub2e4. \ub9ce\uc740 \uc0ac\ub78c\ub4e4\uc740 \uc774 \ub3c4\uc2dc\ub97c \ubca0\ub0c9\uc758 \u201c\uacbd\uc81c \uc218\ub3c4\u201d\ub85c \uc0dd\uac01\ud569\ub2c8\ub2e4.<\/p>\n\n\n\n<h2 class=\"wp-block-heading p1\">\ub3d9\ud5a5<\/h2>\n\n\n\n<p class=\"p2\">\uc608\uc220\uc740 \ubca0\ub0c9 \ubb38\ud654\uc5d0\uc11c \uc911\uc694\ud55c \uc5ed\ud560\uc744 \ud569\ub2c8\ub2e4. \uc5b4\ub290 \ub9c8\uc744\uc5d0\uc11c\ub098 \uc870\uac01\ud488, \ub3c4\uc790\uae30, \ub098\ubb34 \uc870\uac01\ud488, \uac00\uba74, \ud0dc\ud53c\uc2a4\ud2b8\ub9ac\ub97c \ucc3e\uc744 \uc218 \uc788\uc2b5\ub2c8\ub2e4. \ubca0\ub0c9 \uc0ac\ub78c\ub4e4\uc740 \uc608\uc220\uc744 \ud1b5\ud574 \uc2dd\ubbfc\uc9c0 \uc774\uc804 \ubb38\ud654\ub97c \ubcf4\uc874\ud558\uace0 \uc788\uc2b5\ub2c8\ub2e4. \ud504\ub791\uc2a4 \ubb38\ud654\ub97c \uc811\ubaa9\ud55c \ubc29\uc2dd\uc774\uae30\ub3c4 \ud569\ub2c8\ub2e4.<\/p>\n\n\n\n<h2 class=\"wp-block-heading p1\">\uc2dc\uc7a5 \uae30\ud68c<\/h2>\n\n\n\n<p class=\"p2\">The Autonomous Port of Cotonou is the greatest strength of Benin&#8217;s Economy. It facilitates trade with Europe and the American continent and provides a gateway to Asia and other <a href=\"https:\/\/www.sisinternational.com\/ko\/%ec%a0%81%ec%9a%a9-%eb%b2%94%ec%9c%84\/%ec%8b%9c%ec%9e%a5-%ec%a1%b0%ec%82%ac-%ec%95%84%ed%94%84%eb%a6%ac%ec%b9%b4\/%eb%aa%a8%eb%a1%9c%ec%bd%94-%eb%b6%81%ec%95%84%ed%94%84%eb%a6%ac%ec%b9%b4-%ec%8b%9c%ec%9e%a5-%ec%a1%b0%ec%82%ac\/\" title=\"\ubd81\uc11c\uc544\ud504\ub9ac\uce74 \ub300\ub959 \ubaa8\ub85c\ucf54 \uc2dc\uc7a5\uc870\uc0ac\"  data-wpil-monitor-id=\"7707\">African<\/a> countries. This port is the fourth most important on the entire continent of Africa. It facilitates about 90% of Benin&#8217;s international trade.<\/p>\n\n\n\n<h2 class=\"wp-block-heading p1\">\uc18c\ube44\uc790 \uae30\ubc18<\/h2>\n\n\n\n<p class=\"p2\">The people of Benin buy most of their meat and perishable items from <a href=\"https:\/\/www.sisinternational.com\/ko\/%ec%a0%84%eb%ac%b8%ec%a0%81-%ec%a7%80%ec%8b%9d\/%ec%82%b0%ec%97%85\/%ec%a4%91%ec%86%8c%ea%b8%b0%ec%97%85-%ec%8b%9c%ec%9e%a5-%ec%a1%b0%ec%82%ac\/\" title=\"\uc911\uc18c\uae30\uc5c5 \uc2dc\uc7a5\uc870\uc0ac\"  data-wpil-monitor-id=\"7705\">small wet markets<\/a>, which you will find in many of the villages. The shops and big markets or dry <a href=\"https:\/\/www.sisinternational.com\/ko\/%ec%b6%9c%ed%8c%90%eb%ac%bc\/%ec%bd%94%eb%a1%9c%eb%82%98%eb%b0%94%ec%9d%b4%eb%9f%ac%ec%8a%a4-%ec%8b%a0%ea%b7%9c-%ec%86%8c%eb%b9%84%ec%9e%90-%ec%9d%b4%ed%9b%84-%ea%b5%ac%eb%a7%a4%ec%9e%90-%ed%96%89%eb%8f%99\/\" title=\"\ucf54\ub85c\ub098\ubc14\uc774\ub7ec\uc2a4 \uc774\ud6c4 \uad6c\ub9e4\uc790 \ud589\ub3d9 \u2013 \uc18c\ube44\uc790 \uc2dc\uc7a5 \uc870\uc0ac\"  data-wpil-monitor-id=\"7699\">markets provide consumers<\/a> with nonperishable items. Benin imports most of these nonperishable items. Because Benin is dependent on subsistence farming, these small <a href=\"https:\/\/www.sisinternational.com\/ko\/%ec%a0%84%eb%ac%b8%ec%a0%81-%ec%a7%80%ec%8b%9d\/%ec%82%b0%ec%97%85\/%ed%95%ad%ea%b3%b5%ec%82%ac-%ea%b8%b0%eb%82%b4%ec%8b%9d-%ec%bc%80%ec%9d%b4%ed%84%b0%eb%a7%81-%ec%8b%9c%ec%9e%a5-%ec%a1%b0%ec%82%ac\/\" title=\"\ud56d\uacf5 \uc2dd\ud488 \ubc0f \uae30\ub0b4 \ucf00\uc774\ud130\ub9c1 \uc2dc\uc7a5 \uc870\uc0ac\"  data-wpil-monitor-id=\"7701\">markets are enough to cater<\/a> to the needs of the people.<\/p>\n\n\n\n<h2 class=\"wp-block-heading p1\">\ubca0\ub0c9\uc5d0\uc11c \uc0ac\uc5c5\uc744 \uc131\uc7a5\uc2dc\ucf1c\uc57c \ud558\ub294 \uc774\uc720<\/h2>\n\n\n\n<p class=\"p2\">\ubca0\ub0c9\uc740 \uc2e4\uc81c\ub85c \uc138\uacc4 \ubb34\ub300\uc5d0\uc11c \uac00\uc7a5 \ucd5c\uadfc\uc5d0 \ud0c4\uc0dd\ud55c \uc0c8\ub85c\uc6b4 \uad6d\uac00 \uc911 \ud558\ub098\uc785\ub2c8\ub2e4. 1960\ub144\uc5d0 \ud504\ub791\uc2a4\ub85c\ubd80\ud130 \ub3c5\ub9bd\ud588\uc2b5\ub2c8\ub2e4. \ubca0\ub0c9\uc758 \uc778\uad6c\ub294 \uc99d\uac00\ud558\uace0 \uc788\uc2b5\ub2c8\ub2e4. \uacbd\uc81c\ub3c4 \ub9c8\ucc2c\uac00\uc9c0\ub2e4.<\/p>\n\n\n\n<p class=\"p2\">\ubca0\ub0c9\uc5d0\ub294 \ubc1c\uc804\ud560 \uc5ec\uc9c0\uac00 \ub9ce\uc2b5\ub2c8\ub2e4. \ubca0\ub0c9 \uc0ac\ub78c\ub4e4\uc5d0\uac8c \uc81c\uacf5\ud560 \uc218 \uc788\ub294 \uc0c1\ud488\uacfc \uc11c\ube44\uc2a4\uac00 \ub9ce\uc774 \uc788\uc2b5\ub2c8\ub2e4. \ud2b9\ud788 \uadc0\ud558\uac00 \uc774 \uc11c\ube44\uc2a4\ub098 \uc0c1\ud488\uc744 \ub2e8\ub3c5\uc73c\ub85c \uc81c\uacf5\ud558\ub294 \uacbd\uc6b0\uc5d0\ub294 \uc0ac\uc5c5\uc774 \uc131\uc0ac\ub420 \uac83\uc785\ub2c8\ub2e4. \uad6d\uac00\uac00 \ubc1c\uc804\ud558\ub354\ub77c\ub3c4 \uadc0\ud558\ub294 \uc774\ubbf8 \ub3d9\uc885 \uc5c5\uacc4 \ucd5c\ucd08\uc758 \uae30\uc5c5 \uc911 \ud558\ub098\ub85c \ucda9\uc131\ub3c4 \ub192\uc740 \uace0\uac1d \uae30\ubc18\uc744 \uad6c\ucd95\ud558\uac8c \ub420 \uac83\uc785\ub2c8\ub2e4. \uc77c\ucc0d \uc77c\uc5b4\ub098\ub294 \uc0ac\ub78c\uc774 \ub418\uba74 \ube44\uc988\ub2c8\uc2a4\uac00 \uc624\ub798 \uc9c0\uc18d\ub420 \uc218 \uc788\uc2b5\ub2c8\ub2e4. \ubca0\ub0c9\uc758 \uacbd\uc81c\uc640 \uc778\uad6c\uac00 \uc131\uc7a5\ud568\uc5d0 \ub530\ub77c \uadc0\ud558\uc758 \uc0ac\uc5c5\ub3c4 \ubc88\uc131\ud560 \uac83\uc785\ub2c8\ub2e4.<\/p>\n\n\n\n<h2 class=\"wp-block-heading\">\ubca0\ub0c9 \uc2dc\uc7a5 \uc870\uc0ac \uc815\ubcf4<\/h2>\n\n\n\n<p>If you&#8217;re a business owner or executive interested in doing business in Benin, we\u2019ve got you. We organize <a href=\"https:\/\/www.sisinternational.com\/ko\/%ec%86%94%eb%a3%a8%ec%85%98\/%ed%8f%ac%ec%bb%a4%ec%8a%a4-%ea%b7%b8%eb%a3%b9-%ec%8b%9c%ec%9e%a5-%ec%a1%b0%ec%82%ac\/\" title=\"\ud3ec\ucee4\uc2a4 \uadf8\ub8f9 \uc2dc\uc7a5 \uc870\uc0ac\"  data-wpil-monitor-id=\"7694\">Focus Groups in the different African markets<\/a>. We can also undertake Quantitative, Qualitative, and <a href=\"https:\/\/www.sisinternational.com\/ko\/%ec%86%94%eb%a3%a8%ec%85%98\/%ec%97%ac%ed%96%89-%ea%b4%80%ea%b4%91-%ed%99%98%eb%8c%80-%ec%bb%a8%ec%84%a4%ed%8c%85\/%ed%98%b8%ed%85%94-%ea%b4%80%eb%a6%ac-%ed%9a%8c%ec%82%ac-%ec%8b%9c%ec%9e%a5-%ec%a1%b0%ec%82%ac-%ec%a0%84%eb%9e%b5-%ec%bb%a8%ec%84%a4%ed%8c%85\/\" title=\"\ud638\ud154 \uad00\ub9ac \ud68c\uc0ac \uc2dc\uc7a5 \uc870\uc0ac \ubc0f \uc804\ub7b5 \ucee8\uc124\ud305\"  data-wpil-monitor-id=\"7697\">Strategy Research for your company<\/a>. This information is pertinent for goal-making. It&#8217;s the first step to the <a href=\"https:\/\/www.sisinternational.com\/ko\/predictive-analytics\/\" title=\"Predictive Analytics: Your Crystal Ball for Business Success\"  data-wpil-monitor-id=\"7703\">success of your business<\/a> in Benin. We dig through survey findings, articles, statistics, and more, then we compile essential information for you and your business. We hope this article gives you the answers you&#8217;re looking for in your investment in Benin.<\/p>\n\n\n\n<p><\/p>","protected":false},"excerpt":{"rendered":"<p>\ubca0\ub0c9\uc758 \uc2dc\uc7a5 \uc870\uc0ac\ub97c \ud1b5\ud574 \uc544\ud504\ub9ac\uce74\uc5d0\uc11c \ube44\uc988\ub2c8\uc2a4\ub97c \uc131\uc7a5\uc2dc\ud0a4\uc138\uc694.<\/p>","protected":false},"author":1,"featured_media":65247,"parent":14281,"menu_order":2,"comment_status":"closed","ping_status":"closed","template":"","meta":{"footnotes":""},"class_list":["post-37590","page","type-page","status-publish","has-post-thumbnail"],"_links":{"self":[{"href":"https:\/\/www.sisinternational.com\/ko\/wp-json\/wp\/v2\/pages\/37590","targetHints":{"allow":["GET"]}}],"collection":[{"href":"https:\/\/www.sisinternational.com\/ko\/wp-json\/wp\/v2\/pages"}],"about":[{"href":"https:\/\/www.sisinternational.com\/ko\/wp-json\/wp\/v2\/types\/page"}],"author":[{"embeddable":true,"href":"https:\/\/www.sisinternational.com\/ko\/wp-json\/wp\/v2\/users\/1"}],"replies":[{"embeddable":true,"href":"https:\/\/www.sisinternational.com\/ko\/wp-json\/wp\/v2\/comments?post=37590"}],"version-history":[{"count":5,"href":"https:\/\/www.sisinternational.com\/ko\/wp-json\/wp\/v2\/pages\/37590\/revisions"}],"predecessor-version":[{"id":81297,"href":"https:\/\/www.sisinternational.com\/ko\/wp-json\/wp\/v2\/pages\/37590\/revisions\/81297"}],"up":[{"embeddable":true,"href":"https:\/\/www.sisinternational.com\/ko\/wp-json\/wp\/v2\/pages\/14281"}],"wp:featuredmedia":[{"embeddable":true,"href":"https:\/\/www.sisinternational.com\/ko\/wp-json\/wp\/v2\/media\/65247"}],"wp:attachment":[{"href":"https:\/\/www.sisinternational.com\/ko\/wp-json\/wp\/v2\/media?parent=37590"}],"curies":[{"name":"wp","href":"https:\/\/api.w.org\/{rel}","templated":true}]}}