{"id":54508,"date":"2024-12-04T05:24:02","date_gmt":"2024-12-04T10:24:02","guid":{"rendered":"https:\/\/www.sisinternational.com\/?page_id=54508"},"modified":"2026-01-24T20:52:37","modified_gmt":"2026-01-25T01:52:37","slug":"mock-jury-market-research-3","status":"publish","type":"page","link":"https:\/\/www.sisinternational.com\/it\/soluzioni\/legal-market-research\/mock-jury-market-research-3\/","title":{"rendered":"La migliore societ\u00e0 di ricerche di mercato con giuria simulata"},"content":{"rendered":"<h1 class=\"wp-block-heading\">La migliore societ\u00e0 di ricerche di mercato con giuria simulata<\/h1>\n\n\n\n<figure class=\"gb-block-image gb-block-image-b36c2504\"><img loading=\"lazy\" decoding=\"async\" width=\"1456\" height=\"816\" class=\"gb-image gb-image-b36c2504\" src=\"https:\/\/www.sisinternational.com\/wp-content\/uploads\/2025\/08\/Mock-Jury-4.jpg\" alt=\"Ricerca e strategia di mercato internazionale SIS\" title=\"Mock Jury (4)\" srcset=\"https:\/\/www.sisinternational.com\/wp-content\/uploads\/2025\/08\/Mock-Jury-4.jpg 1456w, https:\/\/www.sisinternational.com\/wp-content\/uploads\/2025\/08\/Mock-Jury-4-300x168.jpg 300w, https:\/\/www.sisinternational.com\/wp-content\/uploads\/2025\/08\/Mock-Jury-4-1024x574.jpg 1024w, https:\/\/www.sisinternational.com\/wp-content\/uploads\/2025\/08\/Mock-Jury-4-768x430.jpg 768w, https:\/\/www.sisinternational.com\/wp-content\/uploads\/2025\/08\/Mock-Jury-4-18x10.jpg 18w\" sizes=\"auto, (max-width: 1456px) 100vw, 1456px\"><\/figure>\n\n\n\n<hr class=\"wp-block-separator has-alpha-channel-opacity is-style-dots\"\/>\n\n\n\n<p><\/p>\n\n\n\n<h3 class=\"gb-headline gb-headline-bfa84fa8 gb-headline-text\">\u2026 Questa ricerca apporta contributi significativi consentendo agli avvocati di simulare le loro possibili argomentazioni prima del tribunale sulla base dei dati demografici dei giurati passati.&nbsp;<\/h3>\n\n\n\n<p>Cosa fa o distrugge un caso? A volte \u00e8 il modo in cui i giurati vedono le prove, le argomentazioni e la presentazione. SIS International \u00e8 un fornitore leader di servizi di ricerca di giurie simulate che consentono ai team legali di sviluppare e testare le proprie strategie in modo completo ed efficace. Collaboriamo da anni con studi legali e aziende per rivelare approfondimenti fruibili che li preparino anche per i processi pi\u00f9 rischiosi.<\/p>\n\n\n\n<p>We are a <a href=\"https:\/\/www.sisinternational.com\/it\/azienda-leader-nella-strategia-di-marketing\/\" title=\"Azienda di strategia di marketing di alto livello\"  data-wpil-monitor-id=\"988\">top mock jury market research company<\/a> \u2013 and by simulating realistic jury deliberation processes, we offer insights into how you can win hearts and minds with a jury.<\/p>\n\n\n\n<h2 class=\"wp-block-heading\">Cos&#039;\u00e8 la ricerca di mercato con giuria simulata?<\/h2>\n\n\n\n<figure class=\"gb-block-image gb-block-image-226f9f3f\"><img loading=\"lazy\" decoding=\"async\" width=\"1456\" height=\"816\" class=\"gb-image gb-image-226f9f3f\" src=\"https:\/\/www.sisinternational.com\/wp-content\/uploads\/2025\/08\/Mock-Jury-6.jpg\" alt=\"Ricerca e strategia di mercato internazionale SIS\" title=\"Mock Jury (6)\" srcset=\"https:\/\/www.sisinternational.com\/wp-content\/uploads\/2025\/08\/Mock-Jury-6.jpg 1456w, https:\/\/www.sisinternational.com\/wp-content\/uploads\/2025\/08\/Mock-Jury-6-300x168.jpg 300w, https:\/\/www.sisinternational.com\/wp-content\/uploads\/2025\/08\/Mock-Jury-6-1024x574.jpg 1024w, https:\/\/www.sisinternational.com\/wp-content\/uploads\/2025\/08\/Mock-Jury-6-768x430.jpg 768w, https:\/\/www.sisinternational.com\/wp-content\/uploads\/2025\/08\/Mock-Jury-6-18x10.jpg 18w\" sizes=\"auto, (max-width: 1456px) 100vw, 1456px\"><\/figure>\n\n\n\n<p><\/p>\n\n\n\n<p>Mock jury <a href=\"https:\/\/www.sisinternational.com\/it\/soluzioni\/legal-market-research\/\" title=\"Legal Market Research\"  data-wpil-monitor-id=\"2957\">market research provides legal<\/a> teams and businesses with a roadmap for success by allowing them to course-correct before they ever stand before a real jury.&nbsp;<\/p>\n\n\n\n<p>Reclutiamo un gruppo di persone, selezionate in modo rappresentativo della giuria effettiva, per le osservazioni e le deliberazioni su prove, argomentazioni e presentazioni.&nbsp;<\/p>\n\n\n\n<p>Comporta la presentazione di dichiarazioni di apertura, alcuni elementi chiave di prova, testimonianze di testimoni e argomentazioni conclusive. I partecipanti sono quindi invitati a deliberare come farebbero in un vero processo e a fornire un feedback su ci\u00f2 che ha informato le loro decisioni.&nbsp;<\/p>\n\n\n\n<p>In SIS, disponiamo di una serie di strumenti all&#039;avanguardia, tra cui analisi in tempo reale e interviste post-delibera, che ci consentono di catturare ogni sfumatura delle reazioni dei giurati. Con queste informazioni, i nostri clienti possono ottimizzare i loro messaggi, affinare le loro argomentazioni e affrontare le vulnerabilit\u00e0.<\/p>\n\n\n\n<h2 class=\"wp-block-heading\">L&#039;importanza fondamentale del reclutamento nella ricerca sulla giuria simulata oggi<\/h2>\n\n\n\n<figure class=\"gb-block-image gb-block-image-2d94f51d\"><img loading=\"lazy\" decoding=\"async\" width=\"1456\" height=\"816\" class=\"gb-image gb-image-2d94f51d\" src=\"https:\/\/www.sisinternational.com\/wp-content\/uploads\/2025\/08\/Mock-Jury-2.jpg\" alt=\"Ricerca e strategia di mercato internazionale SIS\" title=\"Mock Jury (2)\" srcset=\"https:\/\/www.sisinternational.com\/wp-content\/uploads\/2025\/08\/Mock-Jury-2.jpg 1456w, https:\/\/www.sisinternational.com\/wp-content\/uploads\/2025\/08\/Mock-Jury-2-300x168.jpg 300w, https:\/\/www.sisinternational.com\/wp-content\/uploads\/2025\/08\/Mock-Jury-2-1024x574.jpg 1024w, https:\/\/www.sisinternational.com\/wp-content\/uploads\/2025\/08\/Mock-Jury-2-768x430.jpg 768w, https:\/\/www.sisinternational.com\/wp-content\/uploads\/2025\/08\/Mock-Jury-2-18x10.jpg 18w\" sizes=\"auto, (max-width: 1456px) 100vw, 1456px\"><\/figure>\n\n\n\n<p><\/p>\n\n\n\n<p>Avendo trascorso decenni a condurre ricerche presso SIS International Research, posso dire che l&#039;accuratezza e l&#039;affidabilit\u00e0 delle intuizioni derivate da una giuria simulata dipendono interamente dai partecipanti giusti. Ottenere giurati che siano un vero riflesso degli attributi demografici, psicografici e geografici del pubblico di riferimento \u00e8 ancora l&#039;elemento fondamentale che determina il successo o il fallimento dello studio.<\/p>\n\n\n\n<p>Un buon reclutamento dovrebbe consentire alla giuria simulata di essere il pi\u00f9 possibile vicina alla giuria effettiva. Se un caso va a processo in una contea specifica, ad esempio, \u00e8 fondamentale reperire membri del panel da quella localit\u00e0 che rappresentino la sezione trasversale culturale, sociale ed economica della comunit\u00e0 in generale. Tale rappresentanza \u00e8 importante perch\u00e9 espone pregiudizi, prospettive individuali e tendenze decisionali che potrebbero manifestarsi durante il processo.<\/p>\n\n\n\n<p>Un altro ingrediente chiave \u00e8 la diversit\u00e0, non solo in termini di etnia e genere, ma anche di prospettive, professioni ed esperienze di vita. Le giurie vere sono composte da persone provenienti da percorsi di vita diversi, e imparare come queste differenze si manifestano nella sala deliberativa aggiunge qualcosa di essenziale.&nbsp;<\/p>\n\n\n\n<h2 class=\"wp-block-heading\">Inizia con la ricerca internazionale SIS<\/h2>\n\n\n\n<p>Rendiamo la simulazione di una giuria veloce, facile e collaborativa tra te e il tuo team legale. Ecco come ci assicuriamo che ogni progetto sia intenzionalmente progettato ed eseguito per soddisfare i tuoi obiettivi specifici:<\/p>\n\n\n\n<p><strong>Consulenza iniziale<\/strong><\/p>\n\n\n\n<p>Durante la prima fase, ci impegniamo con il tuo team legale per conoscere nel dettaglio il tuo caso, ad esempio dove si terr\u00e0 il processo, le argomentazioni legali e quale risultato vorresti. Queste informazioni ci aiutano a progettare uno studio di giuria simulato su misura per le tue esigenze specifiche.<\/p>\n\n\n\n<p><strong>Progettazione dello studio di ricerca<\/strong><\/p>\n\n\n\n<p>Creiamo un piano di ricerca dettagliato, che include la selezione simulata della giuria, il modo in cui verr\u00e0 presentato il caso, i metodi di raccolta dati, ecc. Ci assicuriamo che lo studio rappresenti le sfumature del tuo caso, ma che assomigli il pi\u00f9 possibile a una giuria del mondo reale.<\/p>\n\n\n\n<p><strong>Reclutamento dei partecipanti<\/strong><\/p>\n\n\n\n<p>Utilizzando la nostra vasta rete di reclutamento e la nostra esperienza, reclutiamo e selezioniamo gli individui che corrispondono pi\u00f9 da vicino ai profili demografici e geografici dell&#039;effettivo pool di giuria. Ci\u00f2 garantisce l&#039;affidabilit\u00e0 delle intuizioni raccolte e la loro rappresentanza.<\/p>\n\n\n\n<p><strong>Esecuzione dello studio della giuria simulata<\/strong><\/p>\n\n\n\n<p>Organizziamo sessioni di giuria simulate nelle nostre strutture all&#039;avanguardia con i nostri moderatori esperti per ricreare il pi\u00f9 possibile l&#039;ambiente del processo per valutare come i giurati rispondono a vari elementi delle argomentazioni, prove e presentazioni. Otteniamo dati tramite strumenti di feedback in tempo reale e deliberazioni registrate<\/p>\n\n\n\n<h2 class=\"wp-block-heading\">Cosa rende SIS International una delle migliori societ\u00e0 di ricerche di mercato sulle giurie simulate?<\/h2>\n\n\n\n<figure class=\"gb-block-image gb-block-image-0e7c0ded\"><img decoding=\"async\" class=\"gb-image gb-image-0e7c0ded\" src=\"https:\/\/www.sisinternational.com\/wp-content\/uploads\/2019\/07\/Mock-Jury-Market-Research-Lawyer.jpg\" alt=\"Ricerca simulata della giuria\" title=\"Avvocato per ricerche di mercato con giuria simulata\"\/><\/figure>\n\n\n\n<p><\/p>\n\n\n\n<p>With decades of experience and dedication to excellence, SIS is recognized as one of the industry&#8217;s <a href=\"https:\/\/www.sisinternational.com\/it\/la-migliore-azienda-di-ricerca-qualitativa-al-mondo\/\" title=\"La migliore azienda di ricerca qualitativa a livello mondiale\"  data-wpil-monitor-id=\"1033\">top mock jury market research<\/a> companies\u2026 But what sets us apart? It\u2019s our unique ability to integrate expertise, innovation, and personalized service to create results that exceed expectations.<\/p>\n\n\n<p>\n\n\n<\/p>\n<p style=\"padding-left: 40px;\"><strong>Competenza senza pari<\/strong><\/p>\n<p style=\"padding-left: 40px;\">\n\n\n\n<\/p>\n<p style=\"padding-left: 40px;\">Dopo oltre 40 anni nel <a href=\"https:\/\/www.linkedin.com\/pulse\/how-market-research-enables-growth-ruth-stanat-phekf\/\" target=\"_blank\" rel=\"noopener\">ricerca di mercato<\/a> marketplace, conducendo innumerevoli giurie simulate per clienti di ogni forma e dimensione, dalle aziende Fortune 500 agli studi legali boutique, abbiamo visto il problema come sistematico. Abbiamo una competenza unica nella psicologia della giuria e le nostre competenze sono sia legali che aziendali, quindi presentiamo ai nostri clienti informazioni su cui possono fare affidamento.<\/p>\n<p style=\"padding-left: 40px;\">\n\n\n\n<\/p>\n<p style=\"padding-left: 40px;\"><strong>Master in Globalizzazione e Localizzazione<\/strong><\/p>\n<p style=\"padding-left: 40px;\">\n\n\n\n<\/p>\n<p style=\"padding-left: 40px;\">Con una presenza in oltre 135 paesi, possiamo assistere casi internazionali che necessitano di approfondimenti transfrontalieri. Tuttavia, per gli studi di giuria simulata, reclutiamo a un livello di accuratezza locale senza pari rispetto a qualsiasi altra societ\u00e0 di panel; reclutiamo partecipanti che rispecchiano la precisa composizione demografica e geografica del pool di giuria desiderato.<\/p>\n<p style=\"padding-left: 40px;\">\n\n\n\n<\/p>\n<p style=\"padding-left: 40px;\"><strong>Strumenti e tecnologie avanzate<\/strong><\/p>\n<p style=\"padding-left: 40px;\">\n\n\n\n<\/p>\n<p style=\"padding-left: 40px;\">I nostri consulenti processuali utilizzano strumenti all&#039;avanguardia, tra cui streaming video in diretta, analisi in tempo reale e software di heat mapping, per catturare le risposte dei giurati. Ci\u00f2 ci consente di fornire un&#039;analisi oggettiva e basata sui dati di come vengono recepite la tua logica e le tue prove.<\/p>\n<p style=\"padding-left: 40px;\">\n\n\n\n<\/p>\n<p style=\"padding-left: 40px;\"><strong>Supporto clienti eccezionale<\/strong><\/p>\n<p style=\"padding-left: 40px;\">\n\n\n\n<\/p>\n<p style=\"padding-left: 40px;\"><a href=\"https:\/\/twitter.com\/SISIntlResearch\" target=\"_blank\" rel=\"noopener\">La nostra squadra<\/a> lavora con voi dalla prima consulenza fino alla consegna di insight e report, assicurandosi che i pitch siano allineati con la vostra strategia. Molti dei nostri clienti tornano da noi per progetti multipli; l&#039;affidabilit\u00e0, la competenza e lo spirito collaborativo del nostro team si sono dimostrati ineguagliabili.<\/p>\n<p>\n\n\n<\/p>\n<p>\n\n\n<\/p>\n<h2 class=\"wp-block-heading\">Domande frequenti<\/h2>\n<p>\n\n\n\n<\/p>\n<h3 class=\"wp-block-heading\" style=\"padding-left: 40px;\">D: Cosa sono i test di usabilit\u00e0 e quanto sono importanti?<\/h3>\n<p style=\"padding-left: 40px;\">\n\n\n\n<\/p>\n<p style=\"padding-left: 40px;\">Il suo scopo \u00e8 individuare eventuali problemi di usabilit\u00e0, comprendere il comportamento degli utenti e ottenere informazioni sulla facilit\u00e0 o difficolt\u00e0 con cui il pubblico di riferimento pu\u00f2 interagire con un prodotto.<\/p>\n<p style=\"padding-left: 40px;\">\n\n\n\n<\/p>\n<h3 class=\"wp-block-heading\" style=\"padding-left: 40px;\">D: In che modo i test di usabilit\u00e0 possono aumentare la soddisfazione del cliente?<\/h3>\n<p style=\"padding-left: 40px;\">\n\n\n\n<\/p>\n<p style=\"padding-left: 40px;\">I test di usabilit\u00e0 offrono un feedback diretto da parte degli utenti finali in merito alla loro esperienza con un prodotto, aiutando le aziende a individuare punti critici, frustrazioni e confusione.\u00a0<\/p>\n<p style=\"padding-left: 40px;\">\n\n\n\n<\/p>\n<h3 class=\"wp-block-heading\" style=\"padding-left: 40px;\">D: Per quali prodotti \u00e8 possibile utilizzare i test di usabilit\u00e0?<\/h3>\n<p style=\"padding-left: 40px;\">\n\n\n\n<\/p>\n<p style=\"padding-left: 40px;\">Il test di usabilit\u00e0 \u00e8 un metodo versatile che pu\u00f2 essere utilizzato per vari tipi di prodotti e servizi in diversi settori. Il test di usabilit\u00e0 \u00e8 un passaggio essenziale in quasi tutti i settori, dai siti Web e applicazioni mobili ai beni fisici e alle interfacce software, per garantire che un prodotto sia intuitivo e operativo.<\/p>\n<p style=\"padding-left: 40px;\">\n\n\n\n<\/p>\n<h3 class=\"wp-block-heading\" style=\"padding-left: 40px;\">D: Come possiamo ottenere risultati corretti dai test di usabilit\u00e0?<\/h3>\n<p style=\"padding-left: 40px;\">\n\n\n\n<\/p>\n<p style=\"padding-left: 40px;\">Esegui il test su una piattaforma in cui probabilmente otterrai risultati accurati e affidabili. SIS International utilizza un lungo processo di verifica per garantire l&#039;accuratezza in tutte le fasi del test, dal reclutamento degli individui da sottoporre al test all&#039;analisi dei dati stessi.<\/p>\n<p style=\"padding-left: 40px;\">\n\n\n\n<\/p>\n<p style=\"padding-left: 40px;\">I partecipanti vengono selezionati in modo che rispecchino il pi\u00f9 possibile il target group del prodotto. Dopodich\u00e9, elaboriamo scenari e attivit\u00e0 realistiche rappresentative di utenti effettivi che utilizzano il prodotto in un contesto reale. Prendiamo i dati dal test e facciamo delle analisi qualitative e quantitative, cercando modelli e intuizioni che possano portare a miglioramenti significativi del prodotto.<\/p>\n<p style=\"padding-left: 40px;\">\n\n\n\n<\/p>\n<p style=\"padding-left: 40px;\">Il nostro team di esperti garantisce che ogni sessione di test di usabilit\u00e0 venga condotta con il minimo margine di errore possibile, in modo che sia accurata e praticabile.<\/p>\n<p style=\"padding-left: 40px;\">\n\n\n\n<\/p>\n<h3 class=\"wp-block-heading\" style=\"padding-left: 40px;\">D: Quale impatto hanno i test di usabilit\u00e0 sul ROI del mio prodotto?<\/h3>\n<p style=\"padding-left: 40px;\">\n\n\n\n<\/p>\n<p style=\"padding-left: 40px;\">I test di usabilit\u00e0 possono influenzare immediatamente in modo positivo il ROI del tuo prodotto, consentendo un&#039;interazione efficace con l&#039;utente. Prodotti facili da usare e pertinenti portano a un maggiore coinvolgimento, tassi di abbandono pi\u00f9 bassi e la massima fedelt\u00e0 del cliente.<\/p>\n<p style=\"padding-left: 40px;\">\n\n\n\n<\/p>\n<h3 class=\"wp-block-heading\" style=\"padding-left: 40px;\">D: Come vengono elaborati i dati dei test di usabilit\u00e0?<\/h3>\n<p style=\"padding-left: 40px;\">\n\n\n\n<\/p>\n<p style=\"padding-left: 40px;\">La valutazione dei dati dei test di usabilit\u00e0 \u00e8 tanto cruciale quanto il test stesso. SIS International adotta un approccio qualitativo-quantitativo all&#039;analisi. Riconoscere schemi, tracciare come gli utenti interagiscono con il tuo prodotto e confrontare i dati con altre sessioni.<\/p>\n<p style=\"padding-left: 40px;\">\n\n\n\n<\/p>\n<p style=\"padding-left: 40px;\">Creiamo quindi report approfonditi che mostrano importanti scoperte, individuano problemi di usabilit\u00e0 e forniscono suggerimenti pratici. La nostra competenza consiste nel tradurre dati grezzi in informazioni fruibili per migliorare il modo in cui i nostri clienti possono migliorare i loro prodotti in base all&#039;approccio di progettazione impiegato.<\/p>\n<h2>La nostra sede a New York<\/h2>\n<p>\n\n\n\n<iframe loading=\"lazy\" src=\"https:\/\/www.google.com\/maps\/embed?pb=!1m18!1m12!1m3!1d3022.976188376966!2d-73.99130312499956!3d40.740549471389315!2m3!1f0!2f0!3f0!3m2!1i1024!2i768!4f13.1!3m3!1m2!1s0x89c259a15798c731%3A0xd695d09bdd495f25!2s11%20E%2022nd%20St%20FL%202%2C%20New%20York%2C%20NY%2010010%2C%20USA!5e0!3m2!1sen!2spe!4v1726171763526!5m2!1sen!2spe\" width=\"600\" height=\"450\" allowfullscreen=\"allowfullscreen\" data-mce-fragment=\"1\"><\/iframe>\n\n\n\n<\/p>\n<h3 class=\"wp-block-heading\">11 E 22nd Street, Piano 2, New York, NY 10010 T: +1(212) 505-6805<\/h3>\n<hr \/>\n<h2><span style=\"font-weight: 400;\">A proposito di SIS Internazionale<\/span><\/h2>\n<p><a href=\"https:\/\/www.sisinternational.com\/it\/\"><span style=\"font-weight: 400;\">SIS Internazionale<\/span><\/a><span style=\"font-weight: 400;\"> offre ricerca quantitativa, qualitativa e strategica. Forniamo dati, strumenti, strategie, report e approfondimenti per il processo decisionale. Conduciamo anche interviste, sondaggi, focus group e altri metodi e approcci di ricerca di mercato.<\/span><a href=\"https:\/\/www.sisinternational.com\/it\/sulla-sua-ricerca-internazionale\/contact-sis-international-market-research\/\"><span style=\"font-weight: 400;\"> Contattaci<\/span><\/a><span style=\"font-weight: 400;\"> per il tuo prossimo progetto di ricerca di mercato.<\/span><\/p>\n<p>\n\n\n\n<h2 class=\"wp-block-heading\"><\/h2>","protected":false},"excerpt":{"rendered":"<p>Top Mock Jury Market Research Company &#8230; This research makes significant contributions by allowing attorneys to simulate their prospective arguments in advance of court based on data from past juror demographics.&nbsp; What makes or breaks a case? Sometimes it\u2019s how jurors see the evidence, arguments and presentation. SIS International is a leading provider of mock &#8230; <a title=\"La migliore societ\u00e0 di ricerche di mercato con giuria simulata\" class=\"read-more\" href=\"https:\/\/www.sisinternational.com\/it\/soluzioni\/legal-market-research\/mock-jury-market-research-3\/\" aria-label=\"Per saperne di pi\u00f9 su Top Mock Jury Market Research Company\">Leggi tutto<\/a><\/p>","protected":false},"author":1,"featured_media":64886,"parent":54987,"menu_order":2,"comment_status":"closed","ping_status":"closed","template":"","meta":{"footnotes":""},"class_list":["post-54508","page","type-page","status-publish","has-post-thumbnail"],"_links":{"self":[{"href":"https:\/\/www.sisinternational.com\/it\/wp-json\/wp\/v2\/pages\/54508","targetHints":{"allow":["GET"]}}],"collection":[{"href":"https:\/\/www.sisinternational.com\/it\/wp-json\/wp\/v2\/pages"}],"about":[{"href":"https:\/\/www.sisinternational.com\/it\/wp-json\/wp\/v2\/types\/page"}],"author":[{"embeddable":true,"href":"https:\/\/www.sisinternational.com\/it\/wp-json\/wp\/v2\/users\/1"}],"replies":[{"embeddable":true,"href":"https:\/\/www.sisinternational.com\/it\/wp-json\/wp\/v2\/comments?post=54508"}],"version-history":[{"count":11,"href":"https:\/\/www.sisinternational.com\/it\/wp-json\/wp\/v2\/pages\/54508\/revisions"}],"predecessor-version":[{"id":77283,"href":"https:\/\/www.sisinternational.com\/it\/wp-json\/wp\/v2\/pages\/54508\/revisions\/77283"}],"up":[{"embeddable":true,"href":"https:\/\/www.sisinternational.com\/it\/wp-json\/wp\/v2\/pages\/54987"}],"wp:featuredmedia":[{"embeddable":true,"href":"https:\/\/www.sisinternational.com\/it\/wp-json\/wp\/v2\/media\/64886"}],"wp:attachment":[{"href":"https:\/\/www.sisinternational.com\/it\/wp-json\/wp\/v2\/media?parent=54508"}],"curies":[{"name":"wp","href":"https:\/\/api.w.org\/{rel}","templated":true}]}}