{"id":54504,"date":"2024-12-05T05:18:46","date_gmt":"2024-12-05T10:18:46","guid":{"rendered":"https:\/\/www.sisinternational.com\/?page_id=54504"},"modified":"2026-03-13T01:22:14","modified_gmt":"2026-03-13T05:22:14","slug":"azienda-leader-nei-test-di-posizione-centrale","status":"publish","type":"page","link":"https:\/\/www.sisinternational.com\/it\/central-location-tests-clt-page\/azienda-leader-nei-test-di-posizione-centrale\/","title":{"rendered":"Azienda leader nei test in posizione centrale"},"content":{"rendered":"<h1 class=\"wp-block-heading\">Azienda leader nei test in posizione centrale<\/h1>\n\n\n\n<figure class=\"gb-block-image gb-block-image-c1b014a4\"><img loading=\"lazy\" decoding=\"async\" width=\"1456\" height=\"816\" class=\"gb-image gb-image-c1b014a4\" src=\"https:\/\/www.sisinternational.com\/wp-content\/uploads\/2018\/05\/Product-testing-1.jpg\" alt=\"Ricerca e strategia di mercato internazionale SIS\" title=\"Product testing (1)\" srcset=\"https:\/\/www.sisinternational.com\/wp-content\/uploads\/2018\/05\/Product-testing-1.jpg 1456w, https:\/\/www.sisinternational.com\/wp-content\/uploads\/2018\/05\/Product-testing-1-300x168.jpg 300w, https:\/\/www.sisinternational.com\/wp-content\/uploads\/2018\/05\/Product-testing-1-1024x574.jpg 1024w, https:\/\/www.sisinternational.com\/wp-content\/uploads\/2018\/05\/Product-testing-1-768x430.jpg 768w, https:\/\/www.sisinternational.com\/wp-content\/uploads\/2018\/05\/Product-testing-1-18x10.jpg 18w\" sizes=\"auto, (max-width: 1456px) 100vw, 1456px\"><\/figure>\n\n\n\n<hr class=\"wp-block-separator has-alpha-channel-opacity is-style-dots\"\/>\n\n\n\n<p>Il test di localizzazione centrale (CLT) \u00e8 uno dei modi pi\u00f9 efficaci con cui le aziende apprendono i pensieri, i sentimenti e i desideri dei consumatori. In SIS International Research, abbiamo perfezionato questa metodologia negli ultimi 40 anni, collaborando con clienti come IBM, Toyota e Samsung per fornire dati rivoluzionari che informano le decisioni.<\/p>\n\n\n\n<h2 class=\"wp-block-heading\">Che cosa sono i test di localizzazione centrale e perch\u00e9 sono importanti?<\/h2>\n\n\n\n<p>Il test della posizione centrale invita i partecipanti in un ambiente controllato per testare il prodotto, visualizzare annunci pubblicitari o fornire feedback su altri servizi. In SIS, abbiamo perfezionato questo approccio, guidando clienti come PepsiCo, Samsung e Toyota verso scelte pi\u00f9 consapevoli che portano al successo.<\/p>\n\n\n\n<p>\u2026 But, why does CLT matter? It gives you an in-depth look at the target audience\u2019s perception of your brand, product, or service and the insights that surveys or an online study cannot provide. Being a <a href=\"https:\/\/www.sisinternational.com\/it\/la-migliore-azienda-di-analisi-del-settore-a-new-york\/\" title=\"La migliore azienda di analisi del settore a New York\"  data-wpil-monitor-id=\"1121\">top central location testing market research company<\/a> in New York, we focus on providing a comfortable, distraction-free setting for your participants to give you honest, meaningful feedback.<\/p>\n\n\n\n<h2 class=\"wp-block-heading\">Perch\u00e9 effettuiamo i test a New York?<\/h2>\n\n\n\n<figure class=\"gb-block-image gb-block-image-2c2e4cb8\"><img loading=\"lazy\" decoding=\"async\" width=\"1456\" height=\"816\" class=\"gb-image gb-image-2c2e4cb8\" src=\"https:\/\/www.sisinternational.com\/wp-content\/uploads\/2025\/08\/Focus-group-meeting-11.jpg\" alt=\"Ricerca e strategia di mercato internazionale SIS\" title=\"Focus group &amp; meeting (11)\" srcset=\"https:\/\/www.sisinternational.com\/wp-content\/uploads\/2025\/08\/Focus-group-meeting-11.jpg 1456w, https:\/\/www.sisinternational.com\/wp-content\/uploads\/2025\/08\/Focus-group-meeting-11-300x168.jpg 300w, https:\/\/www.sisinternational.com\/wp-content\/uploads\/2025\/08\/Focus-group-meeting-11-1024x574.jpg 1024w, https:\/\/www.sisinternational.com\/wp-content\/uploads\/2025\/08\/Focus-group-meeting-11-768x430.jpg 768w, https:\/\/www.sisinternational.com\/wp-content\/uploads\/2025\/08\/Focus-group-meeting-11-18x10.jpg 18w\" sizes=\"auto, (max-width: 1456px) 100vw, 1456px\"><\/figure>\n\n\n\n<p><\/p>\n\n\n\n<p>Quando ho fondato SIS International Research, ero fermamente convinto che New York City sarebbe stata una parte fondamentale della nostra storia. New York ha una diversit\u00e0 demografica, che consente a ogni azienda qui di raggiungere un micro-sottoinsieme di mercati globali. Ho visto come questa diversit\u00e0 ha aiutato i marchi ad affinare i loro prodotti e le loro strategie per raggiungere un&#039;ampia gamma di consumatori.<\/p>\n\n\n\n<p>Abbiamo una struttura interna disponibile nel cuore della citt\u00e0 per i partecipanti, i moderatori e i clienti. Non posso dirti quante volte i clienti dicono di essere grati di poter fare ricerche cos\u00ec facilmente qui. L&#039;eccellente sistema di trasporto pubblico della citt\u00e0 porta i partecipanti da noi e l&#039;energia della citt\u00e0 ispira creativit\u00e0 e innovazione in ogni progetto.<\/p>\n\n\n\n<h2 class=\"wp-block-heading\">Cosa distingue un&#039;azienda leader nei test in posizione centrale dalle altre?<\/h2>\n\n\n\n<p>Posso assicurarvi che quando si confronta un fornitore CLT di prim&#039;ordine con un fornitore qualunque, tutto si riduce ad alcuni fattori principali... Non si tratta solo di eseguire il test; si tratta della qualit\u00e0 delle informazioni, dei metodi per reclutare un partecipante e della conoscenza di come adattare la ricerca alle esigenze di un cliente.&nbsp;<\/p>\n\n\n\n<h3 class=\"wp-block-heading\">Interpretazione dei dati e modellazione avanzata<\/h3>\n\n\n\n<p>While many companies can collect data, the best stand out from the rest by interpreting it in a suitable manner. Some of the most important insights come from beneath the surface: At a <a href=\"https:\/\/www.sisinternational.com\/it\/azienda-leader-nel-benchmarking-dei-concorrenti\/\" title=\"Azienda di benchmarking dei principali concorrenti\"  data-wpil-monitor-id=\"1194\">top CLT company<\/a>, researchers identify patterns, underlying trends, and then offer actionable insights that enable businesses to act accordingly.&nbsp;<\/p>\n\n\n\n<h3 class=\"wp-block-heading\">Progettazione della ricerca su misura<\/h3>\n\n\n\n<p>UN <a href=\"https:\/\/www.sisinternational.com\/it\/la-migliore-azienda-di-ricerca-qualitativa-al-mondo\/\" title=\"La migliore azienda di ricerca qualitativa a livello mondiale\"  data-wpil-monitor-id=\"1023\">azienda leader nei test di posizione centrale<\/a> offers customized research methods to suit the specific business objectives of each client, as they understand how every client is different. From testing a new product concept to collecting feedback on a marketing campaign or measuring customer preferences, a high-quality CLT company customizes the study design to guarantee the research performed will yield the most relevant and useful data.&nbsp;<\/p>\n\n\n\n<h3 class=\"wp-block-heading\">Informazioni complete su reclutamento e demografia<\/h3>\n\n\n\n<p>UN <a href=\"https:\/\/www.sisinternational.com\/it\/azienda-leader-nel-focus-group-globale\/\" title=\"La migliore azienda di focus group globale\"  data-wpil-monitor-id=\"1022\">azienda leader nei test di posizione centrale<\/a> finds the appropriate consumer groups to identify and ensure a representative sample of the general market demographics you want to test. This provides companies with accurate feedback from various cultural, socio-economic, and age groups, making the data more reflective of the market.<\/p>\n\n\n\n<h3 class=\"wp-block-heading\">Concentrarsi sul percorso del consumatore<\/h3>\n\n\n\n<p>UN <a href=\"https:\/\/www.sisinternational.com\/it\/azienda-leader-di-intelligence-competitiva\/\" title=\"La migliore azienda di intelligence competitiva\"  data-wpil-monitor-id=\"1270\">azienda leader nei test di posizione centrale<\/a> knows consumer buying behavior is shaped by more than one thing, it\u2019s a combination of emotional ties and practical demands. Only the leading agencies drill down deeper into the \u201cwhy\u201d behind consumer decision-making, exploring how each touchpoint \u2014 from advertising to product packaging \u2014 relate to the overall experience.&nbsp;<\/p>\n\n\n\n<h3 class=\"wp-block-heading\">Raccomandazioni strategiche che generano risultati concreti<\/h3>\n\n\n\n<p>At the end of the day, a top <a href=\"https:\/\/www.sisinternational.com\/it\/soluzioni\/soluzioni-di-ricerca-quantitativa-qualitativa\/test-di-posizione-centrale-vs-focus-group\/\" title=\"Test di posizione centrale vs focus group\"  data-wpil-monitor-id=\"1578\">central location testing<\/a> company does more than serve up data \u2014 they serve up results. It offers clients intelligence and strategic advice \u2014 a concrete way to move forward. It\u2019s about figuring out what information will help adjust a marketing campaign, refine a product, or enter an additional market.&nbsp;<\/p>\n\n\n\n<figure class=\"gb-block-image gb-block-image-14f8a9c6\"><img loading=\"lazy\" decoding=\"async\" width=\"1456\" height=\"816\" class=\"gb-image gb-image-14f8a9c6\" src=\"https:\/\/www.sisinternational.com\/wp-content\/uploads\/2025\/08\/Strategy-consulting-28.jpg\" alt=\"Ricerca e strategia di mercato internazionale SIS\" title=\"Strategy consulting (28)\" srcset=\"https:\/\/www.sisinternational.com\/wp-content\/uploads\/2025\/08\/Strategy-consulting-28.jpg 1456w, https:\/\/www.sisinternational.com\/wp-content\/uploads\/2025\/08\/Strategy-consulting-28-300x168.jpg 300w, https:\/\/www.sisinternational.com\/wp-content\/uploads\/2025\/08\/Strategy-consulting-28-1024x574.jpg 1024w, https:\/\/www.sisinternational.com\/wp-content\/uploads\/2025\/08\/Strategy-consulting-28-768x430.jpg 768w, https:\/\/www.sisinternational.com\/wp-content\/uploads\/2025\/08\/Strategy-consulting-28-18x10.jpg 18w\" sizes=\"auto, (max-width: 1456px) 100vw, 1456px\"><\/figure>\n\n\n\n<p><\/p>\n\n\n\n<h2 class=\"gb-headline gb-headline-f4fb4cf1 gb-headline-text\"><strong>Domande frequenti sui test in posizione centrale a New York<\/strong><\/h2>\n\n\n<p>\n\n\n<\/p>\n<h3 class=\"wp-block-heading\" style=\"padding-left: 40px;\">Che cosa sono i test di localizzazione centrale?<\/h3>\n<p style=\"padding-left: 40px;\">\n\n\n\n<\/p>\n<p style=\"padding-left: 40px;\">Il test centralizzato \u00e8 una forma di ricerca di mercato in cui individui selezionati valutano prodotti, servizi o idee in condizioni controllate in una posizione prestabilita. Viene applicato per misurare le reazioni dei consumatori a nuovi prodotti, marketing o concetti di branding, prima di immetterli sul mercato.<\/p>\n<p style=\"padding-left: 40px;\">\n\n\n\n<\/p>\n<h3 class=\"wp-block-heading\" style=\"padding-left: 40px;\">Qual \u00e8 l&#039;importanza dei test in sede centrale a New York?<\/h3>\n<p style=\"padding-left: 40px;\">\n\n\n\n<\/p>\n<p style=\"padding-left: 40px;\">Le aziende si affidano ai Central Location Testing per prevedere il comportamento dei consumatori in diversi gruppi socioeconomici, culturali e demografici, per ottenere un quadro completo delle preferenze dei consumatori in tutti i segmenti di mercato.\u00a0<\/p>\n<p style=\"padding-left: 40px;\">\n\n\n\n<\/p>\n<h3 class=\"wp-block-heading\" style=\"padding-left: 40px;\">Cos&#039;\u00e8 il Central Location Testing o in che cosa si differenzia dagli altri tipi di ricerche di mercato?<\/h3>\n<p style=\"padding-left: 40px;\">\n\n\n\n<\/p>\n<p style=\"padding-left: 40px;\">I test in posizione centrale offrono ai ricercatori la possibilit\u00e0 di testare prodotti o concetti in condizioni reali, il che pu\u00f2 fornire informazioni pi\u00f9 accurate sul modo in cui i consumatori reagiranno in un ambiente reale.\u00a0<\/p>\n<p style=\"padding-left: 40px;\">\n\n\n\n<\/p>\n<h3 class=\"wp-block-heading\" style=\"padding-left: 40px;\">Quali tipi di prodotti o servizi vengono testati con il CLT?<\/h3>\n<p style=\"padding-left: 40px;\">\n\n\n\n<\/p>\n<p style=\"padding-left: 40px;\">Pu\u00f2 essere utilizzato per testare una serie di prodotti e servizi diversi, tra cui beni di consumo, nuovi tipi di prodotti alimentari o bevande, campagne pubblicitarie, design di imballaggi, applicazioni digitali (inclusi siti Web) e concetti di vendita al dettaglio. Aiuta le aziende a testare i concetti di prodotto prima di costruire linee di produzione su larga scala in modo che lancino offerte che soddisfino le aspettative dei consumatori.<\/p>\n<p style=\"padding-left: 40px;\">\n\n\n\n<\/p>\n<h3 class=\"wp-block-heading\" style=\"padding-left: 40px;\">Quali sono i principali vantaggi dell&#039;utilizzo del CLT a New York?<\/h3>\n<p style=\"padding-left: 40px;\">\n\n\n\n<\/p>\n<p style=\"padding-left: 40px;\">Using <a href=\"https:\/\/www.sisinternational.com\/it\/soluzioni\/soluzioni-di-ricerca-quantitativa-qualitativa\/test-di-posizioni-centrali-a-new-york-city\/\" title=\"Test di sedi centrali a New York City: vantaggi per i test di prodotto\"  data-wpil-monitor-id=\"1590\">Central Location Testing in New York<\/a> has several advantages: the first is that businesses receive access to the city\u2019s unique consumer population, allowing for more comprehensive and representative data. Due to the high foot traffic in commercial areas, it is easy to find study participants quickly. In addition, businesses obtain data on consumer behavior and preferences in a real-world, urban setting, which is vital for products made for large markets in cosmopolitan cities.<\/p>\n<p style=\"padding-left: 40px;\">\n\n\n\n<\/p>\n<h3 class=\"wp-block-heading\" style=\"padding-left: 40px;\">Come vengono selezionati i partecipanti al CLT a New York?<\/h3>\n<p style=\"padding-left: 40px;\">\n\n\n\n<\/p>\n<p style=\"padding-left: 40px;\">I partecipanti vengono solitamente scelti in base a caratteristiche demografiche e psicografiche che corrispondono al pubblico di riferimento per il prodotto o il servizio. Possono essere raggiunti in aree commerciali affollate, panel online o database in cui le societ\u00e0 di ricerca possono trovare rapidamente rispondenti idonei.<\/p>\n<p>\n\n<\/p>\n<h2 class=\"wp-block-heading\">Cosa rende SIS International Research la migliore azienda di test in posizione centrale a New York?<\/h2>\n<p>\u00a0<\/p>\n<p><img loading=\"lazy\" decoding=\"async\" class=\"alignnone size-full wp-image-54528\" src=\"https:\/\/www.sisinternational.com\/wp-content\/uploads\/2024\/12\/Central-location-testing-2.jpeg\" alt=\"Azienda leader nei test in posizione centrale\" width=\"1312\" height=\"736\" \/><\/p>\n<p>\n\n \n\n<\/p>\n<p>\u00a0<\/p>\n<p>As a <a href=\"https:\/\/www.sisinternational.com\/it\/migliore-azienda-di-ottimizzazione-delle-vendite-b2b\/\" title=\"La migliore azienda di ottimizzazione delle vendite B2B\"  data-wpil-monitor-id=\"1677\">azienda leader nei test di posizione centrale<\/a> in New York, we own our spaces, which allows us to keep costs down but also lets us manage each part of the research process. An example I can think of is a project we worked on with a global consumer goods company that had a team attending with them. They were delighted with how seamless everything was because we didn&#8217;t need to use external facilities or coordinators.<\/p>\n<p>\n\n \n\n<\/p>\n<h3 class=\"wp-block-heading\" style=\"padding-left: 40px;\">Un vasto bacino di talenti<\/h3>\n<p style=\"padding-left: 40px;\">\n\n \n\n<\/p>\n<p style=\"padding-left: 40px;\">Ho sempre pensato che una grande ricerca inizia con grandi persone. Abbiamo esperti del settore con anni di esperienza e conoscenza del dominio nella ricerca di mercato.\u00a0<\/p>\n<p style=\"padding-left: 40px;\">\n\n \n\n<\/p>\n<h3 class=\"wp-block-heading\" style=\"padding-left: 40px;\">Competenza e Track Record<\/h3>\n<p style=\"padding-left: 40px;\">\n\n \n\n<\/p>\n<p style=\"padding-left: 40px;\">Abbiamo lavorato con alcuni dei marchi pi\u00f9 rispettati al mondo, tra cui IBM, Nestl\u00e9 e Samsung. Tutti chiedono informazioni in pi\u00f9 punti di contatto. Gli anni di esperienza che portiamo in ogni progetto ti danno la certezza che i nostri esperti conoscono il tuo settore.<\/p>\n<p style=\"padding-left: 40px;\">\n\n \n\n<\/p>\n<h3 class=\"wp-block-heading\" style=\"padding-left: 40px;\">Strutture all&#039;avanguardia<\/h3>\n<p style=\"padding-left: 40px;\">\n\n \n\n<\/p>\n<p style=\"padding-left: 40px;\"><a href=\"https:\/\/www.linkedin.com\/company\/sisinternationalresearch\/\" target=\"_blank\" rel=\"noopener\">La nostra struttura di New York<\/a> \u00e8 dotato di strumenti e tecnologie all&#039;avanguardia, tra cui sistemi di eye tracking e analisi dei dati in tempo reale.<\/p>\n<p style=\"padding-left: 40px;\">\n\n \n\n<\/p>\n<h3 class=\"wp-block-heading\" style=\"padding-left: 40px;\">Reclutamento dei partecipanti<\/h3>\n<p style=\"padding-left: 40px;\">\n\n \n\n<\/p>\n<p style=\"padding-left: 40px;\">Il mix demografico misto di New York \u00e8 una miniera d&#039;oro per le ricerche di mercato; tuttavia, non tutti i marketer sanno come sfruttarne il potenziale. Il nostro efficiente processo di reclutamento presso SIS garantisce un campione rappresentativo strettamente allineato al tuo pubblico di riferimento.<\/p>\n<p style=\"padding-left: 40px;\">\n\n \n\n<\/p>\n<h3 class=\"wp-block-heading\" style=\"padding-left: 40px;\">Personalizzazione e flessibilit\u00e0<\/h3>\n<p style=\"padding-left: 40px;\">\n\n \n\n<\/p>\n<p style=\"padding-left: 40px;\">Le tue esigenze di ricerca sono uniche nel loro genere e il tuo partner di testing dovrebbe essere in grado di adattarsi di conseguenza. Qualunque sia il tuo obiettivo di testing, un nuovo prodotto, una campagna pubblicitaria o un concetto, <a href=\"https:\/\/twitter.com\/SISIntlResearch\" target=\"_blank\" rel=\"noopener\">SIS<\/a> ha soluzioni personalizzate per supportare i tuoi obiettivi.<\/p>\n<p style=\"padding-left: 40px;\">\n\n \n\n<\/p>\n<h3 class=\"wp-block-heading\" style=\"padding-left: 40px;\">Trasparenza e comunicazione\u00a0<\/h3>\n<p style=\"padding-left: 40px;\">\n\n \n\n<\/p>\n<p style=\"padding-left: 40px;\">A <a href=\"https:\/\/medium.com\/@sisinternational\/sis-international-c17160da8fac\" target=\"_blank\" rel=\"noopener\">SIS<\/a>, crediamo che ogni relazione con il cliente debba essere una partnership. Lavoriamo insieme ai clienti, dalla pianificazione del progetto alla consegna finale, in modo che possano essere sicuri dei risultati.<\/p>\n<h2>La nostra sede a New York<\/h2>\n<p>\n\n \n\n<iframe loading=\"lazy\" src=\"https:\/\/www.google.com\/maps\/embed?pb=!1m18!1m12!1m3!1d3022.976188376966!2d-73.99130312499956!3d40.740549471389315!2m3!1f0!2f0!3f0!3m2!1i1024!2i768!4f13.1!3m3!1m2!1s0x89c259a15798c731%3A0xd695d09bdd495f25!2s11%20E%2022nd%20St%20FL%202%2C%20New%20York%2C%20NY%2010010%2C%20USA!5e0!3m2!1sen!2spe!4v1726171763526!5m2!1sen!2spe\" width=\"600\" height=\"450\" allowfullscreen=\"allowfullscreen\" data-mce-fragment=\"1\"><\/iframe>\n\n \n\n<\/p>\n<h3 class=\"wp-block-heading\">11 E 22nd Street, Piano 2, New York, NY 10010 T: +1(212) 505-6805<\/h3>\n<hr \/>\n<h2><span style=\"font-weight: 400;\">A proposito di SIS Internazionale<\/span><\/h2>\n<p><a href=\"https:\/\/www.sisinternational.com\/it\/\"><span style=\"font-weight: 400;\">SIS Internazionale<\/span><\/a><span style=\"font-weight: 400;\"> offre ricerca quantitativa, qualitativa e strategica. Forniamo dati, strumenti, strategie, report e approfondimenti per il processo decisionale. Conduciamo anche interviste, sondaggi, focus group e altri metodi e approcci di ricerca di mercato.<\/span><a href=\"https:\/\/www.sisinternational.com\/it\/sulla-sua-ricerca-internazionale\/contact-sis-international-market-research\/\"><span style=\"font-weight: 400;\"> Contattaci<\/span><\/a><span style=\"font-weight: 400;\"> per il tuo prossimo progetto di ricerca di mercato.<\/span><\/p>\n<hr \/>\n<p>\u00a0<\/p>\n<p>\n\n<\/p>\n<p>\n\n\n<\/p>\n\n\n<h2 class=\"wp-block-heading\"><\/h2>","protected":false},"excerpt":{"rendered":"<p>Top Central Location Testing Company Central location testing (CLT) is one of the most powerful ways businesses learn about consumers&#8217; thoughts, feelings, and desires. At SIS International Research, we\u2019ve refined this methodology over the past 40 years, collaborating with clients such as IBM, Toyota, and Samsung to deliver game-changing data that informs decisions. What is &#8230; <a title=\"Azienda leader nei test in posizione centrale\" class=\"read-more\" href=\"https:\/\/www.sisinternational.com\/it\/central-location-tests-clt-page\/azienda-leader-nei-test-di-posizione-centrale\/\" aria-label=\"Per saperne di pi\u00f9 su Top Central Location Testing Company\">Leggi tutto<\/a><\/p>","protected":false},"author":1,"featured_media":69345,"parent":84538,"menu_order":33,"comment_status":"closed","ping_status":"closed","template":"","meta":{"footnotes":""},"class_list":["post-54504","page","type-page","status-publish","has-post-thumbnail"],"_links":{"self":[{"href":"https:\/\/www.sisinternational.com\/it\/wp-json\/wp\/v2\/pages\/54504","targetHints":{"allow":["GET"]}}],"collection":[{"href":"https:\/\/www.sisinternational.com\/it\/wp-json\/wp\/v2\/pages"}],"about":[{"href":"https:\/\/www.sisinternational.com\/it\/wp-json\/wp\/v2\/types\/page"}],"author":[{"embeddable":true,"href":"https:\/\/www.sisinternational.com\/it\/wp-json\/wp\/v2\/users\/1"}],"replies":[{"embeddable":true,"href":"https:\/\/www.sisinternational.com\/it\/wp-json\/wp\/v2\/comments?post=54504"}],"version-history":[{"count":11,"href":"https:\/\/www.sisinternational.com\/it\/wp-json\/wp\/v2\/pages\/54504\/revisions"}],"predecessor-version":[{"id":76044,"href":"https:\/\/www.sisinternational.com\/it\/wp-json\/wp\/v2\/pages\/54504\/revisions\/76044"}],"up":[{"embeddable":true,"href":"https:\/\/www.sisinternational.com\/it\/wp-json\/wp\/v2\/pages\/84538"}],"wp:featuredmedia":[{"embeddable":true,"href":"https:\/\/www.sisinternational.com\/it\/wp-json\/wp\/v2\/media\/69345"}],"wp:attachment":[{"href":"https:\/\/www.sisinternational.com\/it\/wp-json\/wp\/v2\/media?parent=54504"}],"curies":[{"name":"wp","href":"https:\/\/api.w.org\/{rel}","templated":true}]}}