{"id":54501,"date":"2024-12-06T05:12:56","date_gmt":"2024-12-06T10:12:56","guid":{"rendered":"https:\/\/www.sisinternational.com\/?page_id=54501"},"modified":"2026-01-27T16:45:52","modified_gmt":"2026-01-27T21:45:52","slug":"top-automotive-market-research-company","status":"publish","type":"page","link":"https:\/\/www.sisinternational.com\/it\/competenza\/ricerche-di-mercato-automobilistiche\/top-automotive-market-research-company\/","title":{"rendered":"Principale societ\u00e0 di ricerche di mercato nel settore automobilistico"},"content":{"rendered":"<h1 class=\"gb-headline gb-headline-814e869a gb-headline-text\">Principale societ\u00e0 di ricerche di mercato nel settore automobilistico<\/h1>\n\n\n\n<figure class=\"gb-block-image gb-block-image-05220a99\"><img loading=\"lazy\" decoding=\"async\" width=\"1456\" height=\"816\" class=\"gb-image gb-image-05220a99\" src=\"https:\/\/www.sisinternational.com\/wp-content\/uploads\/2025\/08\/Automotive-6.jpg\" alt=\"Ricerca e strategia di mercato internazionale SIS\" title=\"Automotive (6)\" srcset=\"https:\/\/www.sisinternational.com\/wp-content\/uploads\/2025\/08\/Automotive-6.jpg 1456w, https:\/\/www.sisinternational.com\/wp-content\/uploads\/2025\/08\/Automotive-6-300x168.jpg 300w, https:\/\/www.sisinternational.com\/wp-content\/uploads\/2025\/08\/Automotive-6-1024x574.jpg 1024w, https:\/\/www.sisinternational.com\/wp-content\/uploads\/2025\/08\/Automotive-6-768x430.jpg 768w, https:\/\/www.sisinternational.com\/wp-content\/uploads\/2025\/08\/Automotive-6-18x10.jpg 18w\" sizes=\"auto, (max-width: 1456px) 100vw, 1456px\"><\/figure>\n\n\n\n<hr class=\"wp-block-separator has-alpha-channel-opacity is-style-dots\"\/>\n\n\n\n<h3 class=\"wp-block-heading\">L&#039;attuale mercato automobilistico non si limita pi\u00f9 solo alla produzione di automobili; si tratta di comprendere le esigenze profonde e in continua evoluzione dei consumatori, prevedere i cambiamenti del mercato e adottare le tecnologie emergenti.<\/h3>\n\n\n\n<p>In qualit\u00e0 di azienda leader nella ricerca di mercato nel settore automobilistico, abbiamo avuto la fortuna di collaborare con alcuni dei marchi automobilistici pi\u00f9 noti al mondo, tra cui Ford, Toyota, BMW e Volkswagen. Consentiamo a queste potenze di rimanere un passo avanti in uno spazio in continua evoluzione e ora, con l&#039;emergere di veicoli elettrici, tecnologia di guida autonoma e veicoli connessi, li aiutiamo a comprendere come l&#039;atteggiamento del mercato stia cambiando pi\u00f9 che mai.<\/p>\n\n\n\n<h2 class=\"wp-block-heading\">Ricerca di mercato nel settore automobilistico: cos&#039;\u00e8 e perch\u00e9 \u00e8 importante?<\/h2>\n\n\n\n<p>Settore automobilistico <a href=\"https:\/\/www.linkedin.com\/pulse\/how-market-research-enables-growth-ruth-stanat-phekf\/\" target=\"_blank\" rel=\"noopener\">ricerca di mercato<\/a> implica la comprensione del motivo per cui i consumatori acquistano auto, le influenze sulle loro scelte e cosa determiner\u00e0 le loro scelte in futuro. Consente alle aziende di ottenere informazioni critiche e rimanere competitive in un ambiente di cambiamento costante.<\/p>\n\n\n\n<p>Questo <a href=\"https:\/\/www.sisinternational.com\/it\/soluzioni\/legal-market-research\/mock-jury-market-research-3\/\" title=\"La migliore societ\u00e0 di ricerche di mercato con giuria simulata\" data-wpil-monitor-id=\"916\">market research captures the data enabling companies<\/a> to adapt to changing consumer behavior. For example, consumers are becoming more environmentally aware and gravitating toward EVs and more fuel-efficient vehicles.<\/p>\n\n\n\n<h2 class=\"wp-block-heading\">Quali sono le migliori tecniche di ricerca di mercato nel settore automobilistico<\/h2>\n\n\n\n<figure class=\"gb-block-image gb-block-image-26fc4209\"><img loading=\"lazy\" decoding=\"async\" width=\"1456\" height=\"816\" class=\"gb-image gb-image-26fc4209\" src=\"https:\/\/www.sisinternational.com\/wp-content\/uploads\/2025\/09\/Automotive-Market-Research-in-Europe-1.jpg\" alt=\"Ricerca e strategia di mercato internazionale SIS\" title=\"Automotive Market Research in Europe (1)\" srcset=\"https:\/\/www.sisinternational.com\/wp-content\/uploads\/2025\/09\/Automotive-Market-Research-in-Europe-1.jpg 1456w, https:\/\/www.sisinternational.com\/wp-content\/uploads\/2025\/09\/Automotive-Market-Research-in-Europe-1-300x168.jpg 300w, https:\/\/www.sisinternational.com\/wp-content\/uploads\/2025\/09\/Automotive-Market-Research-in-Europe-1-1024x574.jpg 1024w, https:\/\/www.sisinternational.com\/wp-content\/uploads\/2025\/09\/Automotive-Market-Research-in-Europe-1-768x430.jpg 768w, https:\/\/www.sisinternational.com\/wp-content\/uploads\/2025\/09\/Automotive-Market-Research-in-Europe-1-18x10.jpg 18w\" sizes=\"auto, (max-width: 1456px) 100vw, 1456px\"><\/figure>\n\n\n\n<p><\/p>\n\n\n\n<p>To help you understand how we provide deep, actionable insights, let me give you some <a href=\"https:\/\/www.sisinternational.com\/it\/la-migliore-azienda-di-ricerca-qualitativa-al-mondo\/\" title=\"La migliore azienda di ricerca qualitativa a livello mondiale\" data-wpil-monitor-id=\"1037\">top automotive market research<\/a> methods we use:<\/p>\n\n\n<p>\n\n\n<\/p>\n<h4 class=\"wp-block-heading\">Sondaggi sui consumatori e focus group\u00a0<\/h4>\n<p>Questi metodi ci consentono di accedere a informazioni di prima mano da parte degli acquirenti di auto in merito alle loro preferenze, opinioni e comportamenti. Come le procedure possono essere utilizzate per rispondere a domande chiave (ad esempio tramite sondaggi strutturati e discussioni guidate di focus group):<\/p>\n<p>\n\n\n\n<\/p>\n<ul class=\"wp-block-list\">\n\n<li>Quali sono le priorit\u00e0 dei consumatori quando si tratta di veicoli?<\/li>\n\n \n\n<li>\u00a0In che modo la preoccupazione per l&#039;ambiente influisce sulle loro decisioni di acquisto?<\/li>\n\n \n\n<li>Cosa innesca la fedelt\u00e0 al marchio automobilistico?<\/li>\n\n<\/ul>\n<p>\n\n\n\n<\/p>\n<p>Quando abbiamo lavorato con Toyota, ad esempio, per comprendere meglio l&#039;interesse dei consumatori per i veicoli ibridi, abbiamo condotto sondaggi e focus group in molte regioni. Questi dati hanno consentito a Toyota di perfezionare le sue offerte di prodotti e le strategie di marketing, portando a un allineamento pi\u00f9 stretto tra produttori e clienti.<\/p>\n<p>\n\n\n\n<\/p>\n<h4 class=\"wp-block-heading\">Analisi competitiva<\/h4>\n<p>\n\n\n\n<\/p>\n<p>Conduciamo un&#039;analisi competitiva dettagliata per determinare i punti di forza, le debolezze, le opportunit\u00e0 e le minacce dei principali attori del settore. Ad esempio, quando Volkswagen ha lanciato un nuovo modello di veicolo elettrico, li abbiamo aiutati a capire come i loro concorrenti stavano posizionando i loro EV, cosa volevano i consumatori e dove c&#039;erano lacune nel mercato.<\/p>\n<p>\n\n\n\n<\/p>\n<p>Ha aiutato la Volkswagen a personalizzare le sue campagne di marketing e a garantire che il suo prodotto soddisfacesse le esigenze specifiche dei consumatori.<\/p>\n<p>\n\n\n\n<\/p>\n<h4 class=\"wp-block-heading\">Previsioni di tendenza, dati e analisi<\/h4>\n<p>\n\n\n\n<\/p>\n<p>Possiamo prevedere nuove tendenze nel comportamento dei consumatori, progressi tecnologici e cambiamenti di mercato. Ci\u00f2 consente ai nostri clienti di anticipare i cambiamenti e di agire come pionieri nel loro settore.<\/p>\n<p>\n\n\n\n<\/p>\n<p>Ad esempio, abbiamo lavorato con BMW per studiare il sentiment dei consumatori sulla guida autonoma. Sfruttando analisi avanzate dei dati, siamo stati in grado di misurare il polso del consumatore e identificare diversi punti critici generali per i consumatori, come sicurezza, convenienza e ambiente normativo, che hanno informato la strategia di marketing e sviluppo del prodotto di BMW.\u00a0<\/p>\n<p>\n\n\n<\/p>\n\n\n<h2 class=\"wp-block-heading\">Perch\u00e9 hai bisogno di una societ\u00e0 leader nelle ricerche di mercato nel settore automobilistico?<\/h2>\n\n\n\n<p>In fact, from what I\u2019ve seen, there\u2019s a stark contrast between just collecting data and actually <a href=\"https:\/\/www.sisinternational.com\/it\/competenza\/industrie\/ricerche-di-mercato-sulle-utilities\/\" title=\"Ricerche di mercato sulle utilities\" data-wpil-monitor-id=\"4040\">utilizing market research<\/a> to achieve legitimate business success. SIS helps automotive companies advance their insights, providing solutions that revolutionize decision-making, drive growth, and allow our clients to navigate the intricacies of the automotive industry with certainty.<\/p>\n\n\n\n<h4 class=\"wp-block-heading\">Processo decisionale basato sui dati<\/h4>\n\n\n\n<p>Una delle parti migliori del mio lavoro \u00e8 vedere in prima persona come analizzare e interpretare correttamente i dati possa cambiare il corso di un&#039;azienda. Ho visto aziende passare dalla confusione alla chiarezza, dove le decisioni si basano su prove concrete piuttosto che su intuizioni o supposizioni.<\/p>\n\n\n\n<h4 class=\"wp-block-heading\">Profonda comprensione del comportamento del consumatore<\/h4>\n\n\n\n<p>Da tempo sostengo che il &quot;perch\u00e9&quot; dietro al comportamento dei consumatori \u00e8 tanto critico quanto il &quot;cosa&quot;. La nostra ricerca rivela le motivazioni, gli atteggiamenti e le preferenze sottostanti dei consumatori.<\/p>\n\n\n\n<p>Dati pi\u00f9 approfonditi rendono pi\u00f9 facile per i nostri clienti entrare in contatto con il loro pubblico in modo migliore a livello emotivo e pratico. Per me, si tratta di sapere cosa ci dicono i dati e come la storia dietro di essi pu\u00f2 portare a decisioni aziendali pi\u00f9 intelligenti.<\/p>\n\n\n\n<h4 class=\"wp-block-heading\">Distinguersi dalla concorrenza<\/h4>\n\n\n\n<p>Il settore automobilistico \u00e8 altamente competitivo, e lo so per esperienza; diventare leader di mercato in un mercato cos\u00ec saturo pu\u00f2 essere una bella sfida. Ecco perch\u00e9 conduciamo analisi competitive approfondite per scoprire opportunit\u00e0 che aiutino i nostri clienti a distinguersi.&nbsp;<\/p>\n\n\n\n<h4 class=\"wp-block-heading\">Riconoscere i cambiamenti e le tendenze del mercato<\/h4>\n\n\n\n<p>I\u2019ve been in this business long enough to see how quickly the automotive landscape changes. Trends are always changing, from the jump of electric <a href=\"https:\/\/www.sisinternational.com\/it\/competenza\/industrie\/ricerche-di-mercato-automobilistiche\/quali-sono-le-preoccupazioni-dei-consumatori-sulle-auto-a-guida-autonoma\/\" title=\"What Are Consumers&#8217; Concerns About Self-Driving Cars?\" data-wpil-monitor-id=\"1573\">cars to the growing significance of self-driving<\/a> cars.<\/p>\n\n\n\n<h2 class=\"wp-block-heading\">Pro e contro delle cliniche automobilistiche<\/h2>\n\n\n\n<p><\/p>\n\n\n\n<figure class=\"gb-block-image gb-block-image-f3f55f29\"><img loading=\"lazy\" decoding=\"async\" width=\"1456\" height=\"816\" class=\"gb-image gb-image-f3f55f29\" src=\"https:\/\/www.sisinternational.com\/wp-content\/uploads\/2025\/09\/Automotive-Market-Research-in-Europe-4.jpg\" alt=\"Ricerca e strategia di mercato internazionale SIS\" title=\"Automotive Market Research in Europe (4)\" srcset=\"https:\/\/www.sisinternational.com\/wp-content\/uploads\/2025\/09\/Automotive-Market-Research-in-Europe-4.jpg 1456w, https:\/\/www.sisinternational.com\/wp-content\/uploads\/2025\/09\/Automotive-Market-Research-in-Europe-4-300x168.jpg 300w, https:\/\/www.sisinternational.com\/wp-content\/uploads\/2025\/09\/Automotive-Market-Research-in-Europe-4-1024x574.jpg 1024w, https:\/\/www.sisinternational.com\/wp-content\/uploads\/2025\/09\/Automotive-Market-Research-in-Europe-4-768x430.jpg 768w, https:\/\/www.sisinternational.com\/wp-content\/uploads\/2025\/09\/Automotive-Market-Research-in-Europe-4-18x10.jpg 18w\" sizes=\"auto, (max-width: 1456px) 100vw, 1456px\"><\/figure>\n\n\n\n<p><\/p>\n\n\n\n<p>Car clinics represent a specialized form of consumer <a href=\"https:\/\/www.sisinternational.com\/it\/competenza\/industrie\/ricerche-di-mercato-automobilistiche\/ricerca-sui-consumatori-di-veicoli-elettrici\/\" title=\"Perch\u00e9 la ricerca sui consumatori nel settore automobilistico \u00e8 cos\u00ec importante oggi, con il futuro dei veicoli elettrici\" data-wpil-monitor-id=\"2130\">ricerca<\/a> that provides in-depth insight into vehicle design, features, and overall consumer sentiment. Having worked closely with various automotive brands to conduct car clinics, I\u2019ve seen this method&#8217;s significant benefits and potential drawbacks.&nbsp;<\/p>\n\n\n\n<h3 class=\"wp-block-heading\">I pro delle cliniche per auto<\/h3>\n\n\n\n<p><strong>1. Reazioni dei consumatori in tempo reale<\/strong><\/p>\n\n\n\n<p>A differenza dei sondaggi tradizionali o dei focus group, le cliniche automobilistiche spesso prevedono prototipi fisici o virtuali, che consentono ai partecipanti di interagire direttamente con il veicolo. Questa esperienza pratica fornisce preziosi spunti sui sentimenti dei consumatori riguardo a determinate caratteristiche, design o tecnologie prima che arrivino sul mercato.<\/p>\n\n\n\n<p><strong>2. Test pi\u00f9 accurati dei concetti di prodotto<\/strong><\/p>\n\n\n\n<p>Le cliniche automobilistiche offrono l&#039;opportunit\u00e0 di testare concetti di prodotti reali o quasi finali in un modo che i metodi di ricerca pi\u00f9 astratti non possono.&nbsp;<\/p>\n\n\n\n<p>Il vantaggio qui \u00e8 chiaro: i concetti di prodotto possono essere perfezionati prima che inizi la produzione di massa, riducendo la probabilit\u00e0 di costosi errori o passi falsi. Dalla mia esperienza, questo feedback dettagliato \u00e8 inestimabile per perfezionare i prodotti all&#039;inizio del processo di sviluppo.<\/p>\n\n\n\n<p><strong>3. Helps Identify <a href=\"https:\/\/www.sisinternational.com\/it\/pubblicita-shock-e-marketing-shock\/\" title=\"Pubblicit\u00e0 shock e marketing shock\" data-wpil-monitor-id=\"7569\">Brand Perceptions and Market<\/a> Posizionamento<\/strong><\/p>\n\n\n\n<p>Oltre a testare specifiche caratteristiche o concetti di veicoli, le cliniche automobilistiche aiutano anche le aziende a valutare la percezione del loro marchio sul mercato. Ai partecipanti alle cliniche automobilistiche vengono spesso poste domande relative all&#039;immagine del marchio, ai prezzi e ai concorrenti, offrendo spunti su dove si colloca un&#039;azienda agli occhi dei consumatori. Ci\u00f2 \u00e8 particolarmente utile quando si lancia un nuovo modello o si effettua il rebranding di uno esistente.<\/p>\n\n\n\n<h3 class=\"wp-block-heading\">Gli svantaggi delle cliniche automobilistiche<\/h3>\n\n\n\n<p><strong>Costi e risorse elevati<\/strong><\/p>\n\n\n\n<p>Ci sono spese per reclutare i partecipanti, affittare uno spazio e condurre l&#039;evento. Parlando dal punto di vista di un CEO, ho visto come questi costi possono accumularsi rapidamente, quindi \u00e8 fondamentale per le aziende considerare attentamente se le intuizioni che stanno perseguendo meritano la spesa.<\/p>\n\n\n\n<p>Supponiamo che un marchio abbia un budget limitato. In tal caso, potrebbe essere pi\u00f9 fattibile utilizzare metodi di ricerca pi\u00f9 economici, come sondaggi o focus group, e rimandare la clinica automobilistica fino a quando una ricerca iniziale sufficiente giustifichi il processo pi\u00f9 complesso della clinica automobilistica.<\/p>\n\n\n\n<p><strong>Pool di partecipanti limitati<\/strong><\/p>\n\n\n\n<p>Le cliniche automobilistiche tendono ad avere meno partecipanti rispetto alla maggior parte delle tecniche di ricerca di mercato. Sebbene questi gruppi pi\u00f9 piccoli e distinti possano offrire spunti sfumati e tattici, non sempre riflettono la gamma di prospettive all&#039;interno del mercato di riferimento pi\u00f9 ampio.&nbsp;<\/p>\n\n\n\n<p><strong>Bias di ricerca<\/strong><\/p>\n\n\n\n<p>I moderatori possono inavvertitamente inquadrare le risposte dei partecipanti, guidandoli verso certe convinzioni o reazioni e, a parte le dinamiche di gruppo, i partecipanti possono avvertire una pressione sociale a dare risposte accettabili. Mentre noi di SIS International prendiamo ogni precauzione per mitigare questo pregiudizio con moderatori esperti, \u00e8 qualcosa da ricordare in qualsiasi clinica automobilistica.<\/p>\n\n\n\n<h2 class=\"wp-block-heading\">Domande frequenti sulla ricerca di mercato nel settore automobilistico<\/h2>\n\n\n<p>\n\n\n<\/p>\n<h3 class=\"wp-block-heading\" style=\"padding-left: 40px;\">1. Che cosa sono le ricerche di mercato nel settore automobilistico e perch\u00e9 sono importanti?<\/h3>\n<p style=\"padding-left: 40px;\">\n\n\n\n<\/p>\n<p style=\"padding-left: 40px;\"><a href=\"https:\/\/www.sisinternational.com\/it\/competenza\/industrie\/ricerche-di-mercato-automobilistiche\/cliniche-di-auto-statiche-vs-dinamiche\/\" title=\"Market Research Methods for Automotive Research &#8211; Static vs Dynamic Car Clinics\" data-wpil-monitor-id=\"1547\">Automotive market research<\/a> allows businesses to better understand their customers and make more informed decisions as technological advancements evolve and consumer needs change.<\/p>\n<p style=\"padding-left: 40px;\">\n\n\n\n<\/p>\n<h3 class=\"wp-block-heading\" style=\"padding-left: 40px;\">2. In che modo la ricerca di mercato nel settore automobilistico aiuta le aziende a distinguersi a vicenda in un mercato competitivo?<\/h3>\n<p style=\"padding-left: 40px;\">\n\n\n\n<\/p>\n<p style=\"padding-left: 40px;\"><a href=\"https:\/\/www.sisinternational.com\/it\/mercato-globale-dei-sensori-automobilistici\/\" title=\"Ricerche di mercato sui sensori automobilistici\" data-wpil-monitor-id=\"1776\">Automotive market research<\/a> empowers organizations to anticipate shifts in consumer desires, competitor movements, and market dynamics \u2014 all of which inspire innovation. It helps the business to recognize new possibilities, prevent risks, and produce goods that satisfy consumer needs, allowing them to gain an advantage in the market.<\/p>\n<p style=\"padding-left: 40px;\">\n\n\n\n<\/p>\n<h3 class=\"wp-block-heading\" style=\"padding-left: 40px;\">3. In che modo il comportamento dei consumatori \u00e8 parte integrante della ricerca di mercato nel settore automobilistico?<\/h3>\n<p style=\"padding-left: 40px;\">\n\n\n\n<\/p>\n<p style=\"padding-left: 40px;\"><a href=\"https:\/\/www.sisinternational.com\/it\/fattori-chiave-di-successo-nelle-ricerche-di-mercato-automobilistiche\/\" title=\"Fattori chiave di successo nelle ricerche di mercato automobilistiche\" data-wpil-monitor-id=\"2507\">Automotive market research<\/a> heavily relies on consumer behavior, which is essential for the success of every business. For example, growing concern about environmental sustainability is boosting demand for electric and hybrid vehicles.<\/p>\n<p style=\"padding-left: 40px;\">\n\n\n\n<\/p>\n<h3 class=\"wp-block-heading\" style=\"padding-left: 40px;\">4. Perch\u00e9 la sostenibilit\u00e0 \u00e8 importante nella ricerca di mercato nel settore automobilistico?<\/h3>\n<p style=\"padding-left: 40px;\">\n\n\n\n<\/p>\n<p style=\"padding-left: 40px;\">More and more consumers are looking for environmentally friendly options, which has resulted in a surge of electric and hybrid vehicles. Automotive <a href=\"https:\/\/www.sisinternational.com\/it\/la-migliore-azienda-di-ricerche-di-mercato-quantitative-a-livello-mondiale\/\" title=\"La migliore societ\u00e0 di ricerche di mercato quantitative a livello mondiale\" data-wpil-monitor-id=\"1048\">market research companies<\/a> use sustainability to understand how it impacts the decision-making process and obtain relevant features according to what consumers value, such as fuel efficiency, low emissions, or recyclable materials.<\/p>\n<p style=\"padding-left: 40px;\">\n\n\n\n<\/p>\n<h3 class=\"wp-block-heading\" style=\"padding-left: 40px;\">5. In che modo la ricerca di mercato influenza le strategie di marketing e pubblicit\u00e0?<\/h3>\n<p style=\"padding-left: 40px;\">\n\n\n\n<\/p>\n<p style=\"padding-left: 40px;\">Comprendere cosa influenza le decisioni di acquisto, dal prezzo alla sicurezza o alle prestazioni, consente alle aziende di personalizzare le proprie campagne per connettersi con il pubblico desiderato. Guida inoltre l&#039;ottimizzazione dei canali pubblicitari e dei messaggi per aumentare l&#039;engagement.<\/p>\n<p>\n\n\n<\/p>\n\n\n<h2 class=\"wp-block-heading\">Perch\u00e9 SIS International \u00e8 una delle principali societ\u00e0 di ricerche di mercato nel settore automobilistico?<\/h2>\n\n\n\n<p>Da oltre 40 anni, <a href=\"https:\/\/www.linkedin.com\/company\/sisinternationalresearch\/\" target=\"_blank\" rel=\"noopener\">SIS Internazionale<\/a> ha aiutato i marchi automobilistici a destreggiarsi tra le complessit\u00e0 globali. Ho lavorato a fianco di un gruppo di specialisti molto talentuosi, tutti uniti in un unico obiettivo: far s\u00ec che i nostri clienti abbiano successo offrendo loro informazioni altamente affidabili e fruibili.<\/p>\n\n\n<h3 class=\"wp-block-heading\" style=\"padding-left: 40px;\">Decenni di esperienza equivalgono a competenza<\/h3>\n\n<p style=\"padding-left: 40px;\">Abbiamo lavorato con marchi leader, sfruttando la nostra vasta competenza nel settore automobilistico per fornire soluzioni di ricerca personalizzate. Nel corso della mia carriera, ho visto il settore automobilistico subire cambiamenti sismici: nuove tecnologie, esigenze dei consumatori in evoluzione e tendenze globali emergenti... Ma una cosa non \u00e8 cambiata: la nostra dedizione alla produzione di ricerche che ottengano risultati: un impatto aziendale reale.<\/p>\n\n<h3 class=\"wp-block-heading\" style=\"padding-left: 40px;\">Portata globale, competenza locale<\/h3>\n\n<p style=\"padding-left: 40px;\">The automotive market is worldwide, but each market has its characteristics, preferences, and challenges. We have a range of specialists globally with in-depth knowledge of their respective <a href=\"https:\/\/www.sisinternational.com\/it\/opinione-sul-prodotto-approfondimenti-culturali-dallasia-alleuropa-ingresso-nel-mercato\/\" title=\"Ricerca sull&#039;ingresso nel mercato automobilistico | Argomento di studio\" data-wpil-monitor-id=\"6665\">markets and strong automotive<\/a> experience. Our grounding in local expertise and global footprint provide regionally relevant and globally informed insights.<\/p>\n\n<h3 class=\"wp-block-heading\" style=\"padding-left: 40px;\">Metodologie di ricerca di nuova generazione<\/h3>\n\n<p style=\"padding-left: 40px;\">Implementiamo strumenti e tecniche moderni per raccogliere i migliori dati possibili. Ci impegniamo a fornire ai nostri clienti le informazioni pi\u00f9 accurate e fruibili attraverso diverse metodologie. Questa combinazione di metodologie ci consente di navigare efficacemente nel settore automobilistico e generare informazioni che informano i design dei prodotti, i messaggi del marchio e le strategie di marketing.<\/p>\n\n<h3 class=\"wp-block-heading\" style=\"padding-left: 40px;\">Informazioni personalizzate e fruibili<\/h3>\n\n<p style=\"padding-left: 40px;\">Sono molto orgoglioso del modo in cui abbiamo sempre fornito approfondimenti personalizzati e fruibili. Sappiamo che i clienti sono diversi e hanno i loro obiettivi, sfide ed esigenze. Ecco perch\u00e9 ogni progetto che completiamo \u00e8 personalizzato.<\/p>\n<h2>\u00a0<\/h2>\n\n<h2>La nostra sede a New York<\/h2>\n<p><!-- \/wp:post-content --> <!-- wp:html --> <iframe loading=\"lazy\" src=\"https:\/\/www.google.com\/maps\/embed?pb=!1m18!1m12!1m3!1d3022.976188376966!2d-73.99130312499956!3d40.740549471389315!2m3!1f0!2f0!3f0!3m2!1i1024!2i768!4f13.1!3m3!1m2!1s0x89c259a15798c731%3A0xd695d09bdd495f25!2s11%20E%2022nd%20St%20FL%202%2C%20New%20York%2C%20NY%2010010%2C%20USA!5e0!3m2!1sen!2spe!4v1726171763526!5m2!1sen!2spe\" width=\"600\" height=\"450\" allowfullscreen=\"allowfullscreen\" data-mce-fragment=\"1\"><\/iframe> <!-- \/wp:html --> <!-- wp:paragraph --><\/p>\n<h3 class=\"wp-block-heading\">11 E 22nd Street, Piano 2, New York, NY 10010 T: +1(212) 505-6805<\/h3>\n<hr \/>\n<h2><span style=\"font-weight: 400;\">A proposito di SIS Internazionale<\/span><\/h2>\n<p><a href=\"https:\/\/www.sisinternational.com\/it\/\"><span style=\"font-weight: 400;\">SIS Internazionale<\/span><\/a><span style=\"font-weight: 400;\"> offre ricerca quantitativa, qualitativa e strategica. Forniamo dati, strumenti, strategie, report e approfondimenti per il processo decisionale. Conduciamo anche interviste, sondaggi, focus group e altri metodi e approcci di ricerca di mercato.<\/span><a href=\"https:\/\/www.sisinternational.com\/it\/sulla-sua-ricerca-internazionale\/contact-sis-international-market-research\/\"><span style=\"font-weight: 400;\"> Contattaci<\/span><\/a><span style=\"font-weight: 400;\"> per il tuo prossimo progetto di ricerca di mercato.<\/span><\/p>\n<hr \/>","protected":false},"excerpt":{"rendered":"<p>Top Automotive Market Research Company Today\u2019s automotive market is no longer just about building cars; it\u2019s about understanding consumers&#8217; deep, ever-changing needs, predicting market shifts, and embracing emerging technologies. As a top automotive market research company, we have been fortunate to partner with some of the best-known automotive brands globally, including Ford, Toyota, BMW, and &#8230; <a title=\"Principale societ\u00e0 di ricerche di mercato nel settore automobilistico\" class=\"read-more\" href=\"https:\/\/www.sisinternational.com\/it\/competenza\/ricerche-di-mercato-automobilistiche\/top-automotive-market-research-company\/\" aria-label=\"Per saperne di pi\u00f9 su Top Automotive Market Research Company\">Leggi tutto<\/a><\/p>","protected":false},"author":1,"featured_media":62611,"parent":11155,"menu_order":4,"comment_status":"closed","ping_status":"closed","template":"","meta":{"footnotes":""},"class_list":["post-54501","page","type-page","status-publish","has-post-thumbnail"],"_links":{"self":[{"href":"https:\/\/www.sisinternational.com\/it\/wp-json\/wp\/v2\/pages\/54501","targetHints":{"allow":["GET"]}}],"collection":[{"href":"https:\/\/www.sisinternational.com\/it\/wp-json\/wp\/v2\/pages"}],"about":[{"href":"https:\/\/www.sisinternational.com\/it\/wp-json\/wp\/v2\/types\/page"}],"author":[{"embeddable":true,"href":"https:\/\/www.sisinternational.com\/it\/wp-json\/wp\/v2\/users\/1"}],"replies":[{"embeddable":true,"href":"https:\/\/www.sisinternational.com\/it\/wp-json\/wp\/v2\/comments?post=54501"}],"version-history":[{"count":19,"href":"https:\/\/www.sisinternational.com\/it\/wp-json\/wp\/v2\/pages\/54501\/revisions"}],"predecessor-version":[{"id":81192,"href":"https:\/\/www.sisinternational.com\/it\/wp-json\/wp\/v2\/pages\/54501\/revisions\/81192"}],"up":[{"embeddable":true,"href":"https:\/\/www.sisinternational.com\/it\/wp-json\/wp\/v2\/pages\/11155"}],"wp:featuredmedia":[{"embeddable":true,"href":"https:\/\/www.sisinternational.com\/it\/wp-json\/wp\/v2\/media\/62611"}],"wp:attachment":[{"href":"https:\/\/www.sisinternational.com\/it\/wp-json\/wp\/v2\/media?parent=54501"}],"curies":[{"name":"wp","href":"https:\/\/api.w.org\/{rel}","templated":true}]}}