{"id":54498,"date":"2024-12-07T05:04:51","date_gmt":"2024-12-07T10:04:51","guid":{"rendered":"https:\/\/www.sisinternational.com\/?page_id=54498"},"modified":"2026-03-11T10:54:48","modified_gmt":"2026-03-11T14:54:48","slug":"la-migliore-azienda-di-ricerche-di-mercato-sullusabilita","status":"publish","type":"page","link":"https:\/\/www.sisinternational.com\/it\/competenza\/ricerche-di-mercato-per-test-di-prodotto\/la-migliore-azienda-di-ricerche-di-mercato-sullusabilita\/","title":{"rendered":"Usability testing Company"},"content":{"rendered":"<h1 class=\"wp-block-heading\">Usability testing Company<\/h1>\n\n\n\n<figure class=\"gb-block-image gb-block-image-3bf7016a\"><img loading=\"lazy\" decoding=\"async\" width=\"1456\" height=\"816\" class=\"gb-image gb-image-3bf7016a\" src=\"https:\/\/www.sisinternational.com\/wp-content\/uploads\/2025\/08\/Computer-Assisted-Telephone-Interviewing.jpg\" alt=\"Ricerca e strategia di mercato internazionale SIS\" title=\"Computer Assisted Telephone Interviewing\" srcset=\"https:\/\/www.sisinternational.com\/wp-content\/uploads\/2025\/08\/Computer-Assisted-Telephone-Interviewing.jpg 1456w, https:\/\/www.sisinternational.com\/wp-content\/uploads\/2025\/08\/Computer-Assisted-Telephone-Interviewing-300x168.jpg 300w, https:\/\/www.sisinternational.com\/wp-content\/uploads\/2025\/08\/Computer-Assisted-Telephone-Interviewing-1024x574.jpg 1024w, https:\/\/www.sisinternational.com\/wp-content\/uploads\/2025\/08\/Computer-Assisted-Telephone-Interviewing-768x430.jpg 768w, https:\/\/www.sisinternational.com\/wp-content\/uploads\/2025\/08\/Computer-Assisted-Telephone-Interviewing-18x10.jpg 18w\" sizes=\"auto, (max-width: 1456px) 100vw, 1456px\"><\/figure>\n\n\n\n<hr class=\"wp-block-separator has-alpha-channel-opacity is-style-dots\"\/>\n\n\n\n<h3 class=\"wp-block-heading\">&quot;La potenza dei test di usabilit\u00e0 risiede nella loro capacit\u00e0 di colmare il divario tra innovazione ed esperienza utente.&quot;<\/h3>\n\n\n\n<p>Come si crea un prodotto rilevante per persone con esperienze di vita diverse in tutto il mondo... mantenendolo allo stesso tempo attuale e competitivo? La chiave, credo, \u00e8 usare i migliori metodi e strumenti quando si eseguono test di usabilit\u00e0.<\/p>\n\n\n\n<p>We have spent over 40 years providing insight after insight, allowing businesses to succeed across a variety of sectors. Actually, we have been working with some of the biggest brands such as Microsoft, Pfizer and Coca-Cola to design products that their audiences are after \u2013 which makes us a <a href=\"https:\/\/www.sisinternational.com\/it\/soluzioni\/legal-market-research\/mock-jury-market-research-3\/\" title=\"La migliore societ\u00e0 di ricerche di mercato con giuria simulata\" data-wpil-monitor-id=\"906\">la migliore azienda di ricerche di mercato sull&#039;usabilit\u00e0<\/a>.<\/p>\n\n\n\n<h2 class=\"wp-block-heading\">Quindi... cosa sono i test di usabilit\u00e0?<\/h2>\n\n\n\n<p>Il test di usabilit\u00e0 \u00e8 una tecnica per verificare l&#039;usabilit\u00e0 di un prodotto o servizio osservando l&#039;interazione di utenti reali. Valuta la facilit\u00e0 con cui gli utenti riescono a svolgere i loro compiti. Questo processo spesso include un moderatore che mostra agli utenti campione come svolgere vari compiti, pone domande di follow-up e richiede feedback.<\/p>\n\n\n\n<p>Una delle cose pi\u00f9 potenti della mia carriera \u00e8 come i primi test di usabilit\u00e0 possano spostare un intero sviluppo lontano dalla creazione del prodotto sbagliato. Sfortunatamente, molte aziende spenderanno migliaia di dollari (anche milioni) per sviluppare e progettare prodotti che non funzioneranno realmente nella vita reale.<\/p>\n\n\n\n<p>Avendo lavorato con organizzazioni come Nike, Pfizer e Unilever, dimostriamo come piccoli cambiamenti si traducano in grandi guadagni nella soddisfazione degli utenti e nella qualit\u00e0 del prodotto. Le informazioni ricavate dal feedback possono essere utilizzate per risolvere i problemi degli utenti, migliorare il coinvolgimento degli utenti e i tassi di conversione e aumentare la fedelt\u00e0 dei clienti.<\/p>\n\n\n\n<h2 class=\"wp-block-heading\">Ma\u2026 Perch\u00e9 i test di usabilit\u00e0 sono un MUST per le aziende?<\/h2>\n\n\n\n<figure class=\"gb-block-image gb-block-image-7bb3944b\"><img loading=\"lazy\" decoding=\"async\" width=\"1456\" height=\"816\" class=\"gb-image gb-image-7bb3944b\" src=\"https:\/\/www.sisinternational.com\/wp-content\/uploads\/2025\/08\/Computer-Assisted-Telephone-Interviewing-2.jpg\" alt=\"Ricerca e strategia di mercato internazionale SIS\" title=\"Computer Assisted Telephone Interviewing (2)\" srcset=\"https:\/\/www.sisinternational.com\/wp-content\/uploads\/2025\/08\/Computer-Assisted-Telephone-Interviewing-2.jpg 1456w, https:\/\/www.sisinternational.com\/wp-content\/uploads\/2025\/08\/Computer-Assisted-Telephone-Interviewing-2-300x168.jpg 300w, https:\/\/www.sisinternational.com\/wp-content\/uploads\/2025\/08\/Computer-Assisted-Telephone-Interviewing-2-1024x574.jpg 1024w, https:\/\/www.sisinternational.com\/wp-content\/uploads\/2025\/08\/Computer-Assisted-Telephone-Interviewing-2-768x430.jpg 768w, https:\/\/www.sisinternational.com\/wp-content\/uploads\/2025\/08\/Computer-Assisted-Telephone-Interviewing-2-18x10.jpg 18w\" sizes=\"auto, (max-width: 1456px) 100vw, 1456px\"><\/figure>\n\n\n\n<p><\/p>\n\n\n\n<p>I metodi e gli strumenti di test di usabilit\u00e0 sono utili alle aziende per comprendere come i loro utenti interagiscono con i loro prodotti e rilevare gli ostacoli che interromperanno il flusso dell&#039;utente. Inoltre, il feedback dei test di usabilit\u00e0 ha un impatto enorme sul design poich\u00e9 aiuta le aziende a pensare fuori dagli schemi e a comprendere l&#039;uso reale dei loro prodotti.<\/p>\n\n\n\n<p>At SIS International, as one of the best usability <a href=\"https:\/\/www.sisinternational.com\/it\/la-migliore-azienda-di-ricerche-di-mercato-quantitative-a-livello-mondiale\/\" title=\"La migliore societ\u00e0 di ricerche di mercato quantitative a livello mondiale\" data-wpil-monitor-id=\"1049\">market research companies<\/a> in New York; we have conducted usability testing for clients such as Unilever and Coca-Cola to capture fresh insights that delivered more functional and engaging products. Poor usability is expensive \u2014 products that fail to meet user needs will likely experience low sales, high abandonment rates and negative customer reviews.<\/p>\n\n\n\n<h2 class=\"wp-block-heading\">Metodi comuni di test di usabilit\u00e0<\/h2>\n\n\n\n<p>Scegliere il metodo di testing giusto pu\u00f2 fare la differenza tra raccogliere feedback di impatto e non. Ogni metodo fornisce diversi tipi di informazioni e ha le sue ricompense a seconda degli obiettivi del progetto. Ecco alcuni dei metodi che utilizziamo e i motivi per cui penso che funzionino cos\u00ec bene:<\/p>\n\n\n\n<h3 class=\"wp-block-heading\">Test di usabilit\u00e0 moderati<\/h3>\n\n\n\n<p>Questo \u00e8 un concetto ampio che ritengo sia il migliore di tutti i metodi. In un caso di test moderato, avrai il facilitatore che guida gli utenti attraverso compiti specifici ponendo domande e spingendoli a pensare ad alta voce, anche addentrandosi pi\u00f9 a fondo nella loro esperienza. Questo ti consentir\u00e0 di guardare cosa fanno e come reagiscono in tempo reale, e aiuter\u00e0 a fornire un contesto che sarebbe altrimenti impossibile.<\/p>\n\n\n\n<p>\u00c8 particolarmente utile per prodotti sofisticati quando si desidera comprendere il problema nel percorso utente e come gli utenti potrebbero essere confusi mentre cercano di interagire con un prodotto. Un buon moderatore aiuta a dare agli utenti la sicurezza di parlare di s\u00e9 e delle proprie esperienze.<\/p>\n\n\n\n<h3 class=\"wp-block-heading\">Test di usabilit\u00e0 non moderato<\/h3>\n\n\n\n<p>Utilizzando questo metodo, gli utenti eseguono le attivit\u00e0 da soli, senza la presenza di un moderatore, solitamente nel loro ambiente naturale. Questo approccio pu\u00f2 essere molto economico, specialmente quando si cerca un input da un&#039;ampia gamma di utenti.<\/p>\n\n\n\n<p>Ci\u00f2 che preferisco osservare sui test non moderati \u00e8 che generano risposte pi\u00f9 naturali, in cui gli utenti interagiscono con il prodotto come farebbero normalmente.&nbsp;<\/p>\n\n\n\n<h3 class=\"wp-block-heading\">Test A\/B<\/h3>\n\n\n\n<p>Questo \u00e8 uno dei nostri approcci pi\u00f9 intensivi in termini di dati. Potrebbe comportare la visualizzazione di due versioni di un prodotto (ad esempio, due diversi layout di siti Web o varianti di funzionalit\u00e0 per dispositivi mobili), il confronto delle loro prestazioni e l&#039;acquisizione di informazioni su quale versione gli utenti preferiscono.<\/p>\n\n\n\n<p>&nbsp;Ho sperimentato i test A\/B su alcuni dei nostri clienti pi\u00f9 grandi. Abbiamo aiutato Nike a ottimizzare la sua piattaforma di e-commerce e, tramite i test A\/B, abbiamo modificato il processo di pagamento in modo molto leggero, in modo che vedessero tassi di conversione pi\u00f9 elevati. Ci\u00f2 che rende i test A\/B cos\u00ec preziosi \u00e8 che eliminano le congetture dalle tue operazioni e ti forniscono informazioni semplici e affidabili su cosa funziona e cosa no.<\/p>\n\n\n\n<h3 class=\"wp-block-heading\">Test di usabilit\u00e0 a distanza<\/h3>\n\n\n\n<p>I test di usabilit\u00e0 da remoto ci consentono di testare gli utenti da qualsiasi parte del mondo. Ci consentono di ottenere utenti nei loro ambienti naturali e sono pi\u00f9 propensi a interagire con il prodotto come in uno scenario del mondo reale.<\/p>\n\n\n\n<h3 class=\"wp-block-heading\">Test di usabilit\u00e0 in presenza<\/h3>\n\n\n\n<p>C&#039;\u00e8 qualcosa di molto magico nel guardare un utente interagire con un prodotto, sia ci\u00f2 che dice sia come si emoziona. Il test faccia a faccia \u00e8 un&#039;esperienza molto pi\u00f9 ricca in confronto, poich\u00e9 il moderatore pu\u00f2 affrontare immediatamente qualsiasi problema non appena si presenta.&nbsp;<\/p>\n\n\n<p>\n\n\n<\/p>\n<h2 class=\"wp-block-heading\">E quali sono i migliori strumenti per i test di usabilit\u00e0?<\/h2>\n<h3 class=\"wp-block-heading\" style=\"padding-left: 40px;\"><span style=\"color: var(--global-color-9); font-family: inherit; font-size: 24px; font-style: inherit; background-color: var(--base-3);\">Test utente<\/span><\/h3>\n<p>\n\n\n\n<\/p>\n<p style=\"padding-left: 40px;\">Consiglio UserTesting a tutti i nostri clienti. \u00c8 una piattaforma molto user-friendly per eseguire test di usabilit\u00e0 moderati e non moderati.<\/p>\n<p style=\"padding-left: 40px;\">\n\n\n\n<\/p>\n<p style=\"padding-left: 40px;\">Una delle caratteristiche pi\u00f9 forti che ho trovato in UserTesting sono le registrazioni video e il feedback dettagliato. Non solo puoi guardare gli utenti interagire con il tuo prodotto in tempo reale, ma lo strumento raccoglie anche metriche come il tasso di completamento delle attivit\u00e0, il tempo dedicato alle attivit\u00e0 e la soddisfazione degli utenti per te.<\/p>\n<h3 style=\"padding-left: 40px;\">Guardare indietro<\/h3>\n<p>\n\n\n\n<\/p>\n<p style=\"padding-left: 40px;\">Adoro in particolar modo il fatto che Lookback abbia una collaborazione in tempo reale, cos\u00ec i membri del team possono effettivamente guardare le sessioni utente insieme in diretta e chattare sui risultati. Ci\u00f2 rende il processo di testing pi\u00f9 collaborativo ed efficace, in particolare per i team in sedi diverse.<\/p>\n<p style=\"padding-left: 40px;\">\n\n\n\n<\/p>\n<p style=\"padding-left: 40px;\">La registrazione dell&#039;interazione dell&#039;utente tramite video e audio \u00e8 un vantaggio fondamentale di Lookback. Ci\u00f2 aiuta a fornire a noi e ai nostri clienti dati contestuali e approfonditi che ci consentono di identificare i punti critici e approfondire il motivo per cui questi utenti fanno ci\u00f2 che fanno.<\/p>\n<p style=\"padding-left: 40px;\"><span style=\"color: var(--global-color-9); font-family: inherit; font-size: 24px; font-style: inherit; font-weight: bold; background-color: var(--base-3);\">Uovo Pazzo<\/span><\/p>\n<p>\n\n\n\n<\/p>\n<p style=\"padding-left: 40px;\">Questo software di heat mapping ci ha permesso di verificare molto facilmente il comportamento degli utenti in aree specifiche del sito web, ad esempio annotando dove gli utenti hanno cliccato e hanno scorrizzato su determinate pagine e come si spostano tra le diverse pagine.<\/p>\n<p style=\"padding-left: 40px;\">\n\n\n\n<\/p>\n<p style=\"padding-left: 40px;\">Ci\u00f2 significa che se gli utenti ignorano un invito all&#039;azione fondamentale o abbandonano la procedura di pagamento, puoi rapidamente isolare e modificare tali aree.<\/p>\n<h3 style=\"padding-left: 40px;\">barattolo caldo<\/h3>\n<p>\n\n\n\n<\/p>\n<p style=\"padding-left: 40px;\">Consiglio vivamente anche Hotjar, un fantastico strumento di feedback che consente di creare sondaggi, votazioni e mappe di calore. Ha anche un ottimo strumento di registrazione delle sessioni: puoi guardare le persone che visitano le tue pagine e vedere dove\/perch\u00e9 potrebbero rimanere bloccate.\u00a0<\/p>\n<p style=\"padding-left: 40px;\">\n\n\n\n<\/p>\n<p style=\"padding-left: 40px;\">Abbiamo ottenuto ottimi risultati utilizzando Hotjar con clienti nei settori della vendita al dettaglio e dei servizi per migliorare il design dei siti web, le landing page e gli elementi del servizio clienti, offrendo esperienze utente pi\u00f9 fluide.<\/p>\n<p>\n\n\n\n<p><\/p>\n\n\n\n<h2 class=\"wp-block-heading\">Cosa rende SIS International una delle principali aziende di ricerche di mercato sull&#039;usabilit\u00e0?<\/h2>\n\n\n\n<p>We, as a <a href=\"https:\/\/www.sisinternational.com\/it\/azienda-leader-nella-strategia-di-marketing\/\" title=\"Azienda di strategia di marketing di alto livello\" data-wpil-monitor-id=\"990\">la migliore azienda di ricerche di mercato sull&#039;usabilit\u00e0<\/a> in New York, have helped clients build better strategies and products for their businesses and cultivated an unrivaled reputation for excellence. This is why our clients keep coming back to us for their usability testing needs :<\/p>\n\n\n\n<h3 class=\"wp-block-heading\">Siamo proprietari della nostra struttura a New York<\/h3>\n\n\n\n<p>La nostra struttura all&#039;avanguardia \u00e8 un elemento fondamentale della nostra attivit\u00e0. Le aziende hanno accesso a tecniche e strumenti di test di usabilit\u00e0 all&#039;avanguardia e gli utenti vengono pagati per il loro tempo senza che le aziende debbano pagare gli eccessivi costi generali che le societ\u00e0 di ricerca di solito trasferiscono all&#039;affitto dei loro spazi.<\/p>\n\n\n\n<h3 class=\"wp-block-heading\">Sito di prova in posizione centrale<\/h3>\n\n\n\n<p>Situata nel cuore di New York City, la nostra struttura \u00e8 accessibile a una popolazione eterogenea e rappresenta l&#039;intero spettro della diversit\u00e0 culturale e socioeconomica.&nbsp;<\/p>\n\n\n\n<h3 class=\"wp-block-heading\">Tecnologia all&#039;avanguardia<\/h3>\n\n\n\n<p>Il nostro pacchetto include gli strumenti e i metodi pi\u00f9 recenti per creare una profonda comprensione del comportamento degli utenti. Questi includono la tecnologia di eye-tracking, mappe di calore e analisi basate sull&#039;intelligenza artificiale.<\/p>\n\n\n\n<h3 class=\"wp-block-heading\">Portata globale e competenza<\/h3>\n\n\n\n<p>La nostra sede di New York \u00e8 la nostra base, ma le nostre operazioni sono in tutto il mondo. Con operazioni in oltre 135 paesi, possiamo eseguire test di usabilit\u00e0 in qualsiasi regione e tenere conto delle sfumature culturali.<\/p>\n\n\n\n<h3 class=\"wp-block-heading\">Esperienza comprovata con i migliori clienti<\/h3>\n\n\n\n<p><a href=\"https:\/\/www.linkedin.com\/company\/sisinternationalresearch\/\" target=\"_blank\" rel=\"noopener\">Noi<\/a> abbiamo stretto partnership con giganti del settore come Google, Nestle e Sony. Con una pratica flessibile su metodi e tecnologie, siamo diventati il partner di fiducia il cui approccio funziona e si adatta bene alle operazioni dei nostri clienti.<\/p>\n\n\n<h2>\n<h2 class=\"wp-block-heading\">Domande frequenti<\/h2>\n<h3 class=\"wp-block-heading\" style=\"padding-left: 40px;\">Cosa sono i test di usabilit\u00e0 e quanto sono importanti?<\/h3>\n<p style=\"padding-left: 40px;\">Il suo scopo \u00e8 individuare eventuali problemi di usabilit\u00e0, comprendere il comportamento degli utenti e ottenere informazioni sulla facilit\u00e0 o difficolt\u00e0 con cui il pubblico di riferimento pu\u00f2 interagire con un prodotto.<\/p>\n<h3 class=\"wp-block-heading\" style=\"padding-left: 40px;\">In che modo i test di usabilit\u00e0 possono aumentare la soddisfazione del cliente?<\/h3>\n<p style=\"padding-left: 40px;\">I test di usabilit\u00e0 offrono un feedback diretto da parte degli utenti finali in merito alla loro esperienza con un prodotto, aiutando le aziende a individuare punti critici, frustrazioni e confusione.\u00a0<\/p>\n<h3 class=\"wp-block-heading\" style=\"padding-left: 40px;\">Per quali prodotti \u00e8 possibile utilizzare i test di usabilit\u00e0?<\/h3>\n<p style=\"padding-left: 40px;\">Il test di usabilit\u00e0 \u00e8 un metodo versatile che pu\u00f2 essere utilizzato per vari tipi di prodotti e servizi in diversi settori. Il test di usabilit\u00e0 \u00e8 un passaggio essenziale in quasi tutti i settori, dai siti Web e applicazioni mobili ai beni fisici e alle interfacce software, per garantire che un prodotto sia intuitivo e operativo.<\/p>\n<h3 class=\"wp-block-heading\" style=\"padding-left: 40px;\">Come possiamo ottenere risultati corretti dai test di usabilit\u00e0?<\/h3>\n<p style=\"padding-left: 40px;\">Esegui il test su una piattaforma in cui probabilmente otterrai risultati accurati e affidabili. SIS International utilizza un lungo processo di verifica per garantire l&#039;accuratezza in tutte le fasi del test, dal reclutamento degli individui da sottoporre al test all&#039;analisi dei dati stessi.<\/p>\n<p style=\"padding-left: 40px;\">I partecipanti vengono selezionati in modo che rispecchino il pi\u00f9 possibile il target group del prodotto. Dopodich\u00e9, elaboriamo scenari e attivit\u00e0 realistiche rappresentative di utenti effettivi che utilizzano il prodotto in un contesto reale. Prendiamo i dati dal test e facciamo delle analisi qualitative e quantitative, cercando modelli e intuizioni che possano portare a miglioramenti significativi del prodotto.<\/p>\n<p style=\"padding-left: 40px;\">Il nostro team di esperti garantisce che ogni sessione di test di usabilit\u00e0 venga condotta con il minimo margine di errore possibile, in modo che sia accurata e praticabile.<\/p>\n<h3 class=\"wp-block-heading\" style=\"padding-left: 40px;\">Quale impatto hanno i test di usabilit\u00e0 sul ROI del mio prodotto?<\/h3>\n<p style=\"padding-left: 40px;\">I test di usabilit\u00e0 possono influenzare immediatamente in modo positivo il ROI del tuo prodotto, consentendo un&#039;interazione efficace con l&#039;utente. Prodotti facili da usare e pertinenti portano a un maggiore coinvolgimento, tassi di abbandono pi\u00f9 bassi e la massima fedelt\u00e0 del cliente.<\/p>\n<h3 class=\"wp-block-heading\" style=\"padding-left: 40px;\">Come vengono elaborati i dati dei test di usabilit\u00e0?<\/h3>\n<p style=\"padding-left: 40px;\">La valutazione dei dati dei test di usabilit\u00e0 \u00e8 tanto cruciale quanto il test stesso. SIS International adotta un approccio qualitativo-quantitativo all&#039;analisi. Riconoscere schemi, tracciare come gli utenti interagiscono con il tuo prodotto e confrontare i dati con altre sessioni.<\/p>\n<p style=\"padding-left: 40px;\">Creiamo quindi report approfonditi che mostrano importanti scoperte, individuano problemi di usabilit\u00e0 e forniscono suggerimenti pratici. La nostra competenza consiste nel tradurre dati grezzi in informazioni fruibili per migliorare il modo in cui i nostri clienti possono migliorare i loro prodotti in base all&#039;approccio di progettazione impiegato.<\/p>\n<\/h2>\n<h2>La nostra sede a New York<\/h2>\n<p><!-- \/wp:post-content --> <!-- wp:html --> <iframe loading=\"lazy\" src=\"https:\/\/www.google.com\/maps\/embed?pb=!1m18!1m12!1m3!1d3022.976188376966!2d-73.99130312499956!3d40.740549471389315!2m3!1f0!2f0!3f0!3m2!1i1024!2i768!4f13.1!3m3!1m2!1s0x89c259a15798c731%3A0xd695d09bdd495f25!2s11%20E%2022nd%20St%20FL%202%2C%20New%20York%2C%20NY%2010010%2C%20USA!5e0!3m2!1sen!2spe!4v1726171763526!5m2!1sen!2spe\" width=\"600\" height=\"450\" allowfullscreen=\"allowfullscreen\" data-mce-fragment=\"1\"><\/iframe> <!-- \/wp:html --> <!-- wp:paragraph --><\/p>\n<h3 class=\"wp-block-heading\">11 E 22nd Street, Piano 2, New York, NY 10010 T: +1(212) 505-6805<\/h3>\n<hr \/>\n<h2><strong>A proposito di SIS Internazionale<\/strong><\/h2>\n<p><a href=\"https:\/\/www.sisinternational.com\/it\/\"><span style=\"font-weight: 400;\">SIS Internazionale<\/span><\/a><span style=\"font-weight: 400;\"> offre ricerca quantitativa, qualitativa e strategica. Forniamo dati, strumenti, strategie, report e approfondimenti per il processo decisionale. Conduciamo anche interviste, sondaggi, focus group e altri metodi e approcci di ricerca di mercato.<\/span><a href=\"https:\/\/www.sisinternational.com\/it\/sulla-sua-ricerca-internazionale\/contact-sis-international-market-research\/\"><span style=\"font-weight: 400;\"> Contattaci<\/span><\/a><span style=\"font-weight: 400;\"> per il tuo prossimo progetto di ricerca di mercato.<\/span><\/p>\n<hr \/>\n<p><!-- wp:paragraph --><\/p>\n<p><!-- \/wp:paragraph --><\/p>","protected":false},"excerpt":{"rendered":"<p>Usability testing Company \u201cThe power of usability testing lies in its ability to bridge the gap between innovation and user experience.\u201d How do you craft a product relevant to people with diverse life experiences around the world\u2026 while simultaneously keeping it sharp and competitive? The key, I believe, is using the best methods and tools &#8230; <a title=\"Usability testing Company\" class=\"read-more\" href=\"https:\/\/www.sisinternational.com\/it\/competenza\/ricerche-di-mercato-per-test-di-prodotto\/la-migliore-azienda-di-ricerche-di-mercato-sullusabilita\/\" aria-label=\"Per saperne di pi\u00f9 su Usability testing Company\">Leggi tutto<\/a><\/p>","protected":false},"author":1,"featured_media":64210,"parent":12926,"menu_order":34,"comment_status":"closed","ping_status":"closed","template":"","meta":{"footnotes":""},"class_list":["post-54498","page","type-page","status-publish","has-post-thumbnail"],"_links":{"self":[{"href":"https:\/\/www.sisinternational.com\/it\/wp-json\/wp\/v2\/pages\/54498","targetHints":{"allow":["GET"]}}],"collection":[{"href":"https:\/\/www.sisinternational.com\/it\/wp-json\/wp\/v2\/pages"}],"about":[{"href":"https:\/\/www.sisinternational.com\/it\/wp-json\/wp\/v2\/types\/page"}],"author":[{"embeddable":true,"href":"https:\/\/www.sisinternational.com\/it\/wp-json\/wp\/v2\/users\/1"}],"replies":[{"embeddable":true,"href":"https:\/\/www.sisinternational.com\/it\/wp-json\/wp\/v2\/comments?post=54498"}],"version-history":[{"count":11,"href":"https:\/\/www.sisinternational.com\/it\/wp-json\/wp\/v2\/pages\/54498\/revisions"}],"predecessor-version":[{"id":79545,"href":"https:\/\/www.sisinternational.com\/it\/wp-json\/wp\/v2\/pages\/54498\/revisions\/79545"}],"up":[{"embeddable":true,"href":"https:\/\/www.sisinternational.com\/it\/wp-json\/wp\/v2\/pages\/12926"}],"wp:featuredmedia":[{"embeddable":true,"href":"https:\/\/www.sisinternational.com\/it\/wp-json\/wp\/v2\/media\/64210"}],"wp:attachment":[{"href":"https:\/\/www.sisinternational.com\/it\/wp-json\/wp\/v2\/media?parent=54498"}],"curies":[{"name":"wp","href":"https:\/\/api.w.org\/{rel}","templated":true}]}}