{"id":54475,"date":"2024-12-08T21:11:02","date_gmt":"2024-12-09T02:11:02","guid":{"rendered":"https:\/\/www.sisinternational.com\/?page_id=54475"},"modified":"2026-01-27T16:45:54","modified_gmt":"2026-01-27T21:45:54","slug":"market-research-in-germany-2","status":"publish","type":"page","link":"https:\/\/www.sisinternational.com\/it\/copertura\/europa\/market-research-in-germany-2\/","title":{"rendered":"Ricerca di mercato in Germania"},"content":{"rendered":"<h1 class=\"wp-block-heading\">Ricerca di mercato in Germania<\/h1>\n\n\n\n<figure class=\"gb-block-image gb-block-image-8c635337\"><img loading=\"lazy\" decoding=\"async\" width=\"1456\" height=\"816\" class=\"gb-image gb-image-8c635337\" src=\"https:\/\/www.sisinternational.com\/wp-content\/uploads\/2025\/09\/Germany-4.jpg\" alt=\"Ricerca e strategia di mercato internazionale SIS\" title=\"Germany (4)\" srcset=\"https:\/\/www.sisinternational.com\/wp-content\/uploads\/2025\/09\/Germany-4.jpg 1456w, https:\/\/www.sisinternational.com\/wp-content\/uploads\/2025\/09\/Germany-4-300x168.jpg 300w, https:\/\/www.sisinternational.com\/wp-content\/uploads\/2025\/09\/Germany-4-1024x574.jpg 1024w, https:\/\/www.sisinternational.com\/wp-content\/uploads\/2025\/09\/Germany-4-768x430.jpg 768w, https:\/\/www.sisinternational.com\/wp-content\/uploads\/2025\/09\/Germany-4-18x10.jpg 18w\" sizes=\"auto, (max-width: 1456px) 100vw, 1456px\"><\/figure>\n\n\n\n<hr class=\"wp-block-separator has-alpha-channel-opacity is-style-dots\"\/>\n\n\n\n<h3 class=\"wp-block-heading\">Le ricerche di mercato in Germania sono fondamentali per qualsiasi azienda che voglia affermarsi in uno dei mercati pi\u00f9 competitivi e sofisticati d&#039;Europa.<\/h3>\n\n\n\n<p>Conosci il mercato tedesco meglio di quanto pensi? Come CEO di SIS International, ho osservato che troppe aziende ignorano la realt\u00e0 dell&#039;ingresso o della crescita in Germania. Si tratta in realt\u00e0 delle sottigliezze del comportamento dei consumatori, delle aspettative culturali e degli ambienti normativi. Ecco perch\u00e9 la nostra portata globale e la nostra competenza esperta aiutano le aziende a navigare nei dati e a convertirli in strategie praticabili.<\/p>\n\n\n\n<h2 class=\"wp-block-heading\">Perch\u00e9 \u00e8 essenziale effettuare una ricerca di mercato in Germania?<\/h2>\n\n\n\n<p>At SIS International, we\u2019ve been in the market <a href=\"https:\/\/www.sisinternational.com\/it\/soluzioni\/soluzioni-di-ricerca-quantitativa-qualitativa\/quantitative-research-in-germany\/\" title=\"Quantitative Research in Germany\"  data-wpil-monitor-id=\"862\">research business in Germany<\/a> for decades, and one thing is perfectly clear: Germany is a dynamic market with its unique demands and challenges.&nbsp;<\/p>\n\n\n\n<p><strong>I gusti dei consumatori tedeschi sono un mix di praticit\u00e0 della vecchia scuola e novit\u00e0 della nuova scuola<\/strong>. Con la sua stabilit\u00e0 economica, l&#039;elevato potere d&#039;acquisto e l&#039;eccellente base industriale, la Germania \u00e8 un mercato attraente per l&#039;espansione internazionale... Ma non \u00e8 un contesto &quot;taglia unica&quot;. In Germania, il comportamento dei consumatori pu\u00f2 variare sostanzialmente a seconda della regione, dell&#039;et\u00e0 e del background socio-economico.<\/p>\n\n\n\n<p><strong>La Germania ha anche uno degli ambienti normativi pi\u00f9 severi in Europa<\/strong>Se la tua azienda sta lanciando un prodotto o sta entrando in un mercato, devi conoscere le leggi, gli standard e le tutele dei consumatori locali.<\/p>\n\n\n\n<h2 class=\"wp-block-heading\">L&#039;obiettivo \u00e8 ottimizzare l&#039;offerta di prodotti e servizi<\/h2>\n\n\n\n<figure class=\"gb-block-image gb-block-image-b8adb562\"><img loading=\"lazy\" decoding=\"async\" width=\"1456\" height=\"816\" class=\"gb-image gb-image-b8adb562\" src=\"https:\/\/www.sisinternational.com\/wp-content\/uploads\/2025\/09\/Germany-1.jpg\" alt=\"Ricerca e strategia di mercato internazionale SIS\" title=\"Germany (1)\" srcset=\"https:\/\/www.sisinternational.com\/wp-content\/uploads\/2025\/09\/Germany-1.jpg 1456w, https:\/\/www.sisinternational.com\/wp-content\/uploads\/2025\/09\/Germany-1-300x168.jpg 300w, https:\/\/www.sisinternational.com\/wp-content\/uploads\/2025\/09\/Germany-1-1024x574.jpg 1024w, https:\/\/www.sisinternational.com\/wp-content\/uploads\/2025\/09\/Germany-1-768x430.jpg 768w, https:\/\/www.sisinternational.com\/wp-content\/uploads\/2025\/09\/Germany-1-18x10.jpg 18w\" sizes=\"auto, (max-width: 1456px) 100vw, 1456px\"><\/figure>\n\n\n\n<p><\/p>\n\n\n\n<p>La Germania \u00e8 un mercato unico in cui innovazione, precisione e fedelt\u00e0 dei clienti determinano il successo. Le aziende devono capire cosa spinge i consumatori tedeschi e cosa vogliono e si aspettano. Molte aziende dimenticano di localizzare il loro prodotto quando lo lanciano in Germania. Attraverso un&#039;ampia ricerca di mercato, guidiamo le aziende su quali caratteristiche, strutture di prezzo e servizi colpiranno con precisione la clientela locale.<\/p>\n\n\n\n<p>A titolo esemplificativo, il nostro team ha lavorato con un cliente del settore automobilistico che desiderava saperne di pi\u00f9 sulle preferenze degli acquirenti di auto tedesche. La ricerca qualitativa e quantitativa ha fornito preziose informazioni sugli elementi che guidano le decisioni di acquisto, dall&#039;efficienza nei consumi alle caratteristiche di sicurezza e alla fedelt\u00e0 al marchio.<\/p>\n\n\n\n<h2 class=\"wp-block-heading\">Opportunit\u00e0 nel mercato tedesco<\/h2>\n\n\n\n<p>La Germania rappresenta un&#039;eccellente opportunit\u00e0 per le aziende che vogliono espandersi e diversificarsi in Europa. Il mercato tedesco offre una gamma unica di opportunit\u00e0 di crescita... Ma per accedere a queste opportunit\u00e0, bisogna essere dentro e conoscere le dinamiche del mercato locale, il comportamento dei consumatori e le tendenze emergenti.<\/p>\n\n\n\n<figure class=\"gb-block-image gb-block-image-5f95954b\"><img loading=\"lazy\" decoding=\"async\" width=\"1024\" height=\"844\" class=\"gb-image gb-image-5f95954b\" src=\"https:\/\/www.sisinternational.com\/wp-content\/uploads\/2024\/12\/Market-research-in-germany-1024x844.png\" srcset=\"https:\/\/www.sisinternational.com\/wp-content\/uploads\/2024\/12\/Market-research-in-germany-1024x844.png 1024w, https:\/\/www.sisinternational.com\/wp-content\/uploads\/2024\/12\/Market-research-in-germany-300x247.png 300w, https:\/\/www.sisinternational.com\/wp-content\/uploads\/2024\/12\/Market-research-in-germany-768x633.png 768w, https:\/\/www.sisinternational.com\/wp-content\/uploads\/2024\/12\/Market-research-in-germany-1536x1266.png 1536w, https:\/\/www.sisinternational.com\/wp-content\/uploads\/2024\/12\/Market-research-in-germany-15x12.png 15w, https:\/\/www.sisinternational.com\/wp-content\/uploads\/2024\/12\/Market-research-in-germany.png 1638w\" sizes=\"auto, (max-width: 1024px) 100vw, 1024px\" alt=\"Ricerca e strategia di mercato internazionale SIS\"><\/figure>\n\n\n\n<p><\/p>\n\n\n\n<h3 class=\"wp-block-heading\">Tecnologia e innovazione<\/h3>\n\n\n\n<p>La Germania \u00e8 all&#039;avanguardia nell&#039;innovazione. Con l&#039;attenzione rivolta all&#039;Industria 4.0, alla trasformazione digitale e alla transizione verso tecnologie pi\u00f9 ecologiche, le aziende del settore tecnologico hanno un enorme potenziale di crescita nel Paese. Dalle start-up alle multinazionali, il nostro lavoro consente ai nostri clienti di adottare le tecnologie prima che diventino mainstream in Germania.<\/p>\n\n\n\n<h3 class=\"wp-block-heading\">Innovazione verde e sostenibilit\u00e0<\/h3>\n\n\n\n<p>La Germania \u00e8 spesso celebrata come leader nella sostenibilit\u00e0. Il paese \u00e8 all&#039;avanguardia in numerosi settori, dalle energie rinnovabili ai prodotti eco-compatibili e ai processi di produzione ecologici. Questo impegno per la sostenibilit\u00e0 apre grandi opportunit\u00e0 per le aziende che forniscono prodotti o servizi ecologici.<\/p>\n\n\n\n<h3 class=\"wp-block-heading\">E-commerce e vendita al dettaglio digitale<\/h3>\n\n\n\n<p>L&#039;Europa ha uno dei pi\u00f9 grandi mercati di e-commerce al mondo e la Germania \u00e8 uno dei paesi leader con il mercato al dettaglio digitale in pi\u00f9 rapida crescita. Con un numero crescente di consumatori che fanno acquisti online, pi\u00f9 che mai prima, le aziende di moda, elettronica e beni di consumo hanno ora un&#039;opportunit\u00e0 esponenziale di sfruttare il passaggio digitale.<\/p>\n\n\n\n<h3 class=\"wp-block-heading\">Assistenza sanitaria e invecchiamento della popolazione<\/h3>\n\n\n\n<p>L&#039;invecchiamento demografico della Germania offre particolari prospettive nel settore dei dispositivi medici, e la Germania ha un mercato in crescita per servizi, prodotti e tecnologie incentrati sul supporto di una popolazione anziana. Il cambiamento genera nuove idee in settori quali l&#039;assistenza agli anziani, la tecnologia sanitaria, i prodotti farmaceutici e i dispositivi medici.<\/p>\n\n\n\n<h2 class=\"wp-block-heading\">Sfide per la conduzione di ricerche di mercato in Germania<\/h2>\n\n\n\n<h3 class=\"wp-block-heading\">Navigare nella diversit\u00e0 regionale<\/h3>\n\n\n\n<p>Understanding the regional diversity is one of the <a href=\"https:\/\/www.sisinternational.com\/it\/copertura\/le-americhe\/copertura-degli-stati-uniti\/ricerche-di-mercato-nel-maine\/\" title=\"Ricerche di mercato nel Maine\"  data-wpil-monitor-id=\"5436\">main difficulties in the market research<\/a> in Germany. Because Germany is a large country with 16 federal states, there will be considerable differences in cultural attitudes, economic conditions, and consumer behavior. What works in Berlin isn\u2019t necessarily going to work in Munich or Hamburg. Indeed, regions in the south and east of Germany can have quite different product type preferences as well as pricing or even advertising styles.<\/p>\n\n\n\n<p>Nel corso degli anni, SIS ha sviluppato competenze di prim&#039;ordine nella segmentazione del mercato tedesco a livello regionale e nell&#039;aiutare l&#039;azienda ad affrontare le esigenze specifiche di vari gruppi di consumatori. Si tratta di andare oltre i grandi clich\u00e9 e apprendere le vere motivazioni e i punti dolenti dei consumatori in ogni regione.<\/p>\n\n\n\n<h3 class=\"wp-block-heading\">Come muoversi tra le rigide normative<\/h3>\n\n\n\n<p>Condurre <a href=\"https:\/\/www.sisinternational.com\/it\/soluzioni\/legal-market-research\/\" title=\"Legal Market Research\"  data-wpil-monitor-id=\"2959\">ricerca di mercato<\/a> can be a big hurdle for companies in Germany due to its legal and regulatory landscape. Much of the country has strict privacy laws and regulations \u2014 most famously the General Data Protection Regulation (GDPR) \u2014 which curtails how companies collect, store, and use consumer data. For businesses engaged in market research, GDPR compliance is essential, with violations resulting in serious fines and reputation damage.<\/p>\n\n\n\n<h3 class=\"wp-block-heading\">Consapevolezza ambientale e tradizioni locali<\/h3>\n\n\n\n<p>Mercato <a href=\"https:\/\/www.sisinternational.com\/it\/competenza\/industrie\/ricerca-estrema-sulla-persona\/\" title=\"Ricerca estrema sulle persone\"  data-wpil-monitor-id=\"3364\">research in Germany must be extremely<\/a> sensitive to local values, attitudes, and preferences. A marketing campaign or product that suits another European market may fall flat in Germany even if it fits local tastes.<\/p>\n\n\n\n<p>L&#039;umorismo e gli appelli emotivi nella pubblicit\u00e0 possono funzionare in paesi come il Regno Unito o la Francia, ma non in Germania, dove i consumatori tendono ad apprezzare approcci semplici e fattuali.<\/p>\n\n\n\n<h3 class=\"wp-block-heading\">Mercato altamente competitivo<\/h3>\n\n\n\n<p>La sfida pi\u00f9 grande in Germania \u00e8 il livello di concorrenza in molti settori. I settori sono affollati di attori locali affermati e richiederanno una comprensione del comportamento dei consumatori e della concorrenza per sfondare e conquistare quote di mercato. In questo panorama competitivo, una ricerca di mercato efficace implica metodi sofisticati e un occhio attento alle opportunit\u00e0 di mercato e alle tendenze nascenti.<\/p>\n\n\n\n<h2 class=\"wp-block-heading\">Perch\u00e9 scegliere SIS International come partner di fiducia per le ricerche di mercato in Germania?<\/h2>\n\n\n\n<figure class=\"gb-block-image gb-block-image-c4753d37\"><img loading=\"lazy\" decoding=\"async\" width=\"1456\" height=\"816\" class=\"gb-image gb-image-c4753d37\" src=\"https:\/\/www.sisinternational.com\/wp-content\/uploads\/2025\/09\/Germany-3.jpg\" alt=\"Ricerca e strategia di mercato internazionale SIS\" title=\"Germany (3)\" srcset=\"https:\/\/www.sisinternational.com\/wp-content\/uploads\/2025\/09\/Germany-3.jpg 1456w, https:\/\/www.sisinternational.com\/wp-content\/uploads\/2025\/09\/Germany-3-300x168.jpg 300w, https:\/\/www.sisinternational.com\/wp-content\/uploads\/2025\/09\/Germany-3-1024x574.jpg 1024w, https:\/\/www.sisinternational.com\/wp-content\/uploads\/2025\/09\/Germany-3-768x430.jpg 768w, https:\/\/www.sisinternational.com\/wp-content\/uploads\/2025\/09\/Germany-3-18x10.jpg 18w\" sizes=\"auto, (max-width: 1456px) 100vw, 1456px\"><\/figure>\n\n\n\n<p><\/p>\n\n\n\n<p>SIS International \u00e8 pi\u00f9 di un semplice fornitore di ricerche di mercato; siamo un partner che aiuta le aziende a crescere e ad avere successo in contesti di mercato complessi come la Germania. Con oltre 40 anni di esperienza, presenza in oltre 135 mercati a livello globale e un team di specialisti in sintonia con i mercati locali, sappiamo cosa serve per prosperare in uno degli ambienti pi\u00f9 competitivi e diversificati d&#039;Europa.<\/p>\n\n\n\n<h3 class=\"wp-block-heading\">Successo con i giganti del settore<\/h3>\n\n\n\n<p>Another reason SIS International is one of the best companies for market <a href=\"https:\/\/www.sisinternational.com\/it\/marca-di-pneumatici-monitorarci-germania-brasile\/\" title=\"Ricerca sul marchio dei pneumatici negli Stati Uniti, in Germania e in Brasile\"  data-wpil-monitor-id=\"6603\">research in Germany<\/a> is our track record. We have delivered insights to some of the most influential brands in the world, such as Fortune 500 companies, startups, and government agencies, assisting them in making data-informed decisions in Germany\u2019s fast progressing market.&nbsp;<\/p>\n\n\n\n<h3 class=\"wp-block-heading\">Elevata competenza nel mercato tedesco<\/h3>\n\n\n\n<p>Eccelliamo nel &quot;decifrare&quot; il comportamento dei consumatori locali, gli sviluppi regionali e l&#039;osmosi nel settore in Germania, il che ci distingue da qualsiasi societ\u00e0 di ricerche di mercato media. Il nostro approccio non consiste solo nel grattare la superficie; conduciamo ricerche qualitative e quantitative per garantire che tutte le raccomandazioni che facciamo siano basate su solide basi, pur essendo il pi\u00f9 possibile attuabili.<\/p>\n\n\n\n<h3 class=\"wp-block-heading\">Soluzioni locali con portata globale<\/h3>\n\n\n\n<p>Grazie alla nostra vasta conoscenza dell&#039;ambiente e della comunit\u00e0 locale, la nostra metodologia sfrutta i pi\u00f9 recenti progressi nelle tecniche di ricerca per un approccio personalizzato, volto a garantire che il nostro lavoro soddisfi le esigenze dei clienti.&nbsp;<\/p>\n\n\n\n<h3 class=\"wp-block-heading\">Strumenti e metodologie tradizionali per la ricerca avanzata<\/h3>\n\n\n\n<p>Applichiamo una variet\u00e0 di metodi e strumenti di ricerca all&#039;avanguardia. Raccogliamo dati da studi sui consumatori a sondaggi estesi e focus group, dati approfonditi. Ci\u00f2 ci consente di fornire una comprensione completa del mercato al nostro cliente, consentendogli di prendere le migliori decisioni in base a dati consolidati.<\/p>\n\n\n\n<h3 class=\"wp-block-heading\">Soluzioni personalizzate per una crescita sostenibile<\/h3>\n\n\n\n<p>A <a href=\"https:\/\/twitter.com\/SISIntlResearch\" target=\"_blank\" rel=\"noopener\">SIS<\/a> sappiamo che essenzialmente, <a href=\"https:\/\/www.linkedin.com\/pulse\/how-market-research-enables-growth-ruth-stanat-phekf\/\" target=\"_blank\" rel=\"noopener\">ricerca di mercato<\/a> non significa nulla senza la capacit\u00e0 di applicarlo per facilitare una crescita sostenibile a lungo termine. Dall&#039;analisi alla strategia, forniamo approfondimenti che aiutano le aziende a navigare tra le sfide e le opportunit\u00e0 che le attendono.&nbsp;<\/p>\n\n\n\n<h2 class=\"wp-block-heading\">FAQ: Ricerca di mercato in Germania<\/h2>\n\n\n\n<h3 class=\"wp-block-heading\">1. Perch\u00e9 la ricerca di mercato in Germania \u00e8 essenziale per qualsiasi azienda?<\/h3>\n\n\n\n<p>La Germania \u00e8 la pi\u00f9 grande economia d&#039;Europa e un centro per settori quali automotive, tecnologia, produzione e finanza. Approfondimenti sul comportamento dei consumatori locali, disparit\u00e0 regionali e panorama normativo possono aiutare le aziende a elaborare strategie su misura, individuare tendenze emergenti e mitigare i rischi.<\/p>\n\n\n\n<h3 class=\"wp-block-heading\">2. Quali sono le difficolt\u00e0 che le aziende incontrano quando conducono analisi di mercato in Germania?<\/h3>\n\n\n\n<p>La Germania ha una diversit\u00e0 regionale, un panorama normativo complesso e differenze culturali che pongono alcune sfide alle aziende che eseguono ricerche di mercato. I comportamenti dei consumatori tedeschi sono diversi nelle varie regioni, il che rende importante condurre ricerche a livello regionale.&nbsp;<\/p>\n\n\n\n<h3 class=\"wp-block-heading\">3. In quali settori SIS International conduce ricerche di mercato in Germania?<\/h3>\n\n\n\n<p><a href=\"https:\/\/www.linkedin.com\/company\/sisinternationalresearch\/\" target=\"_blank\" rel=\"noopener\">SIS Internazionale<\/a>&#8216;s market research services cover a diverse range of industries in Germany, including automotive, technology, consumer goods, healthcare, finance, energy, and manufacturing. We&#8217;ve been working for global <a href=\"https:\/\/www.sisinternational.com\/it\/pubblicita-shock-e-marketing-shock\/\" title=\"Pubblicit\u00e0 shock e marketing shock\" data-wpil-monitor-id=\"7570\">brands<\/a> to help them develop a sense of local market behavior and gain consumer insights to come up with the most relevant approach to entering the German Market.&nbsp;<\/p>\n\n\n\n<h3 class=\"wp-block-heading\">4. In che modo le ricerche di mercato in Germania possono mantenere competitiva la mia attivit\u00e0?<\/h3>\n\n\n\n<p>Comprendere il comportamento dei consumatori, le nuove tendenze di mercato e le strategie dei concorrenti \u00e8 fondamentale per rimanere competitivi nella ricerca di mercato in Germania. Ci\u00f2 consente di individuare le lacune del mercato, le strategie di prezzo efficaci e quale marketing funziona meglio per il tuo prodotto. Aiutiamo le aziende a capitalizzare in modo innovativo queste opportunit\u00e0 fornendo preziose informazioni di ricerca aggiornate, consentendo loro di monitorare le tendenze di mercato e reagire in modo efficace e tempestivo.<\/p>\n\n\n\n<h2 class=\"wp-block-heading\">La nostra sede a New York<\/h2>\n\n\n\n<p>\n\n\n\n<iframe loading=\"lazy\" src=\"https:\/\/www.google.com\/maps\/embed?pb=!1m18!1m12!1m3!1d3022.976188376966!2d-73.99130312499956!3d40.740549471389315!2m3!1f0!2f0!3f0!3m2!1i1024!2i768!4f13.1!3m3!1m2!1s0x89c259a15798c731%3A0xd695d09bdd495f25!2s11%20E%2022nd%20St%20FL%202%2C%20New%20York%2C%20NY%2010010%2C%20USA!5e0!3m2!1sen!2spe!4v1726171763526!5m2!1sen!2spe\" width=\"600\" height=\"450\" allowfullscreen=\"allowfullscreen\" data-mce-fragment=\"1\"><\/iframe>\n\n\n\n<\/p>\n\n\n\n<h3 class=\"wp-block-heading\">11 E 22nd Street, piano 2, New York, NY 10010 T: +1(212) 505-6805<\/h3>\n\n\n\n<hr class=\"wp-block-separator has-alpha-channel-opacity\"\/>\n\n\n\n<h2 class=\"wp-block-heading\"><span style=\"font-weight: 400;\">A proposito di SIS Internazionale<\/span><\/h2>\n\n\n\n<p><a href=\"https:\/\/www.sisinternational.com\/it\/\"><span style=\"font-weight: 400;\">SIS Internazionale<\/span><\/a><span style=\"font-weight: 400;\"> offre ricerca quantitativa, qualitativa e strategica. Forniamo dati, strumenti, strategie, report e approfondimenti per il processo decisionale. Conduciamo anche interviste, sondaggi, focus group e altri metodi e approcci di ricerca di mercato.<\/span><a href=\"https:\/\/www.sisinternational.com\/it\/sulla-sua-ricerca-internazionale\/contact-sis-international-market-research\/\"><span style=\"font-weight: 400;\"> Contattaci<\/span><\/a><span style=\"font-weight: 400;\"> per il tuo prossimo progetto di ricerca di mercato.<\/span><\/p>\n\n\n\n<hr class=\"wp-block-separator has-alpha-channel-opacity\"\/>","protected":false},"excerpt":{"rendered":"<p>Market Research in Germany Market research in Germany is crucial for any company looking to establish itself in one of Europe\u2019s most competitive and sophisticated markets. Do you know the German market as well as you think? As the CEO of SIS International, I have observed that too many companies ignore the realities of entering &#8230; <a title=\"Ricerca di mercato in Germania\" class=\"read-more\" href=\"https:\/\/www.sisinternational.com\/it\/copertura\/europa\/market-research-in-germany-2\/\" aria-label=\"Per saperne di pi\u00f9 su Market Research in Germany\">Leggi tutto<\/a><\/p>","protected":false},"author":1,"featured_media":65834,"parent":14510,"menu_order":76,"comment_status":"closed","ping_status":"closed","template":"","meta":{"footnotes":""},"class_list":["post-54475","page","type-page","status-publish","has-post-thumbnail"],"_links":{"self":[{"href":"https:\/\/www.sisinternational.com\/it\/wp-json\/wp\/v2\/pages\/54475","targetHints":{"allow":["GET"]}}],"collection":[{"href":"https:\/\/www.sisinternational.com\/it\/wp-json\/wp\/v2\/pages"}],"about":[{"href":"https:\/\/www.sisinternational.com\/it\/wp-json\/wp\/v2\/types\/page"}],"author":[{"embeddable":true,"href":"https:\/\/www.sisinternational.com\/it\/wp-json\/wp\/v2\/users\/1"}],"replies":[{"embeddable":true,"href":"https:\/\/www.sisinternational.com\/it\/wp-json\/wp\/v2\/comments?post=54475"}],"version-history":[{"count":15,"href":"https:\/\/www.sisinternational.com\/it\/wp-json\/wp\/v2\/pages\/54475\/revisions"}],"predecessor-version":[{"id":81193,"href":"https:\/\/www.sisinternational.com\/it\/wp-json\/wp\/v2\/pages\/54475\/revisions\/81193"}],"up":[{"embeddable":true,"href":"https:\/\/www.sisinternational.com\/it\/wp-json\/wp\/v2\/pages\/14510"}],"wp:featuredmedia":[{"embeddable":true,"href":"https:\/\/www.sisinternational.com\/it\/wp-json\/wp\/v2\/media\/65834"}],"wp:attachment":[{"href":"https:\/\/www.sisinternational.com\/it\/wp-json\/wp\/v2\/media?parent=54475"}],"curies":[{"name":"wp","href":"https:\/\/api.w.org\/{rel}","templated":true}]}}