{"id":54262,"date":"2024-11-27T02:03:05","date_gmt":"2024-11-27T07:03:05","guid":{"rendered":"https:\/\/www.sisinternational.com\/?page_id=54262"},"modified":"2026-01-26T18:54:05","modified_gmt":"2026-01-26T23:54:05","slug":"test-di-prodotti-al-dettaglio-a-new-york","status":"publish","type":"page","link":"https:\/\/www.sisinternational.com\/it\/competenza\/ricerche-di-mercato-per-test-di-prodotto\/test-di-prodotti-al-dettaglio-a-new-york\/","title":{"rendered":"Test di prodotti al dettaglio a New York"},"content":{"rendered":"<h1 class=\"wp-block-heading\">Test di prodotti al dettaglio a New York<\/h1>\n\n\n\n<p><\/p>\n\n\n\n<figure class=\"gb-block-image gb-block-image-59ea15d5\"><img loading=\"lazy\" decoding=\"async\" width=\"1456\" height=\"816\" class=\"gb-image gb-image-59ea15d5\" src=\"https:\/\/www.sisinternational.com\/wp-content\/uploads\/2025\/08\/Retail-22.jpg\" alt=\"Ricerca e strategia di mercato internazionale SIS\" title=\"Retail (22)\" srcset=\"https:\/\/www.sisinternational.com\/wp-content\/uploads\/2025\/08\/Retail-22.jpg 1456w, https:\/\/www.sisinternational.com\/wp-content\/uploads\/2025\/08\/Retail-22-300x168.jpg 300w, https:\/\/www.sisinternational.com\/wp-content\/uploads\/2025\/08\/Retail-22-1024x574.jpg 1024w, https:\/\/www.sisinternational.com\/wp-content\/uploads\/2025\/08\/Retail-22-768x430.jpg 768w, https:\/\/www.sisinternational.com\/wp-content\/uploads\/2025\/08\/Retail-22-18x10.jpg 18w\" sizes=\"auto, (max-width: 1456px) 100vw, 1456px\"><\/figure>\n\n\n\n<hr class=\"wp-block-separator has-alpha-channel-opacity is-style-dots\"\/>\n\n\n\n<h3 class=\"wp-block-heading\">Testare i prodotti al dettaglio a New York non \u00e8 solo un&#039;opzione: \u00e8 una necessit\u00e0 per le aziende che vogliono prosperare in questo mercato dinamico e competitivo.<\/h3>\n\n\n\n<p><span style=\"font-weight: 400;\">Come pu\u00f2 la tua azienda garantire che i suoi prodotti risuonino con una delle basi di consumatori pi\u00f9 diversificate al mondo? I test sui prodotti al dettaglio a New York offrono approfondimenti senza pari per perfezionare le tue offerte e garantire il successo sul mercato.<\/span><\/p>\n\n\n\n<h2 class=\"wp-block-heading\"><strong>Perch\u00e9 New York \u00e8 il banco di prova ideale<\/strong><\/h2>\n\n\n\n<p><span style=\"font-weight: 400;\"><a href=\"https:\/\/sisaisolutions.com\/application-of-ai-in-retail\/\" target=\"_blank\" rel=\"noopener\">Retail product testing<\/a> in New York allows businesses to gather insights from this diverse population, ensuring their products appeal to a broad audience. What succeeds in New York often sets the tone for broader market success \u2013 and retail trends that originate here frequently influence national and international markets.&nbsp;<\/span><\/p>\n\n\n\n<p><span style=\"font-weight: 400;\">Furthermore, each borough in New <a href=\"https:\/\/www.sisinternational.com\/it\/soluzioni\/prova-del-gusto\/strutture-per-la-prova-del-sapore-a-new-york\/\" title=\"Strutture per la prova del sapore a New York\" data-wpil-monitor-id=\"7124\">York presents unique opportunities for testing<\/a>. Manhattan\u2019s fast-paced environment is ideal for gauging the appeal of <a href=\"https:\/\/www.sisinternational.com\/it\/mystery-shopping-for-luxury-products\/\" title=\"Mystery Shopping for Luxury Products\" data-wpil-monitor-id=\"1272\">luxury and innovative products<\/a>. Brooklyn\u2019s creative culture supports the testing of artisanal and trend-focused items. Meanwhile, Queens provides access to ethnically diverse consumers, Staten Island offers insights into suburban preferences, and the Bronx highlights opportunities in underserved urban markets.<\/span><\/p>\n\n\n\n<h2 class=\"wp-block-heading\"><strong>Componenti chiave per un test efficace dei prodotti al dettaglio<\/strong><\/h2>\n\n\n\n<figure class=\"gb-block-image gb-block-image-df48b267\"><img loading=\"lazy\" decoding=\"async\" width=\"1456\" height=\"816\" class=\"gb-image gb-image-df48b267\" src=\"https:\/\/www.sisinternational.com\/wp-content\/uploads\/2025\/08\/Retail-6.jpg\" alt=\"Ricerca e strategia di mercato internazionale SIS\" title=\"Retail (6)\" srcset=\"https:\/\/www.sisinternational.com\/wp-content\/uploads\/2025\/08\/Retail-6.jpg 1456w, https:\/\/www.sisinternational.com\/wp-content\/uploads\/2025\/08\/Retail-6-300x168.jpg 300w, https:\/\/www.sisinternational.com\/wp-content\/uploads\/2025\/08\/Retail-6-1024x574.jpg 1024w, https:\/\/www.sisinternational.com\/wp-content\/uploads\/2025\/08\/Retail-6-768x430.jpg 768w, https:\/\/www.sisinternational.com\/wp-content\/uploads\/2025\/08\/Retail-6-18x10.jpg 18w\" sizes=\"auto, (max-width: 1456px) 100vw, 1456px\"><\/figure>\n\n\n\n<p><\/p>\n\n\n\n<p><span style=\"font-weight: 400;\">Per sfruttare al meglio questi test, le aziende devono concentrarsi su diversi componenti chiave che producono risultati significativi.<\/span><\/p>\n\n\n\n<ul class=\"wp-block-list\">\n<li><b>Utilizzo di focus group e sondaggi<\/b><b><br><\/b><span style=\"font-weight: 400;\">Questi metodi consentono alle aziende di raccogliere feedback qualitativi e quantitativi da un gruppo eterogeneo di consumatori. Dalle opinioni sul packaging alla funzionalit\u00e0 del prodotto, queste intuizioni aiutano le aziende ad allineare le loro offerte alle aspettative dei consumatori.<\/span><\/li>\n\n\n\n<li><b>Condurre esperimenti in negozio<\/b><b><br><\/b><span style=\"font-weight: 400;\">Questi esperimenti consentono alle aziende di osservare il comportamento dei consumatori in tempo reale e di valutare il posizionamento del prodotto, l&#039;attrattiva del packaging e le strategie di prezzo.\u00a0<\/span><\/li>\n\n\n\n<li><b>Sfruttare i dati per il perfezionamento del prodotto<\/b><b><br><\/b><span style=\"font-weight: 400;\">The insights gathered through retail <a href=\"https:\/\/www.sisinternational.com\/it\/soluzioni\/soluzioni-di-ricerca-quantitativa-qualitativa\/il-vantaggio-di-testare-i-prodotti-a-new-york-rispetto-a-los-angeles\/\" title=\"Il vantaggio di testare i prodotti a New York rispetto a Los Angeles\" data-wpil-monitor-id=\"1593\">Prodotto<\/a> testing in New York must be analyzed and used to refine products.\u00a0<\/span><\/li>\n\n\n\n<li><b>Allineamento con le tendenze locali<\/b><b><br><\/b><span style=\"font-weight: 400;\">Successful testing involves incorporating these trends into product development. Retail product testing in New <a href=\"https:\/\/www.sisinternational.com\/it\/analisi-della-soddisfazione-del-cliente\/\" title=\"8 modi per aumentare la soddisfazione del cliente nel commercio al dettaglio\" data-wpil-monitor-id=\"5455\">York helps businesses stay ahead of consumer<\/a> preferences, from sustainable packaging to tech-integrated solutions.<\/span><\/li>\n<\/ul>\n\n\n\n<h2 class=\"wp-block-heading\"><strong>Chi utilizza i test sui prodotti al dettaglio a New York?<\/strong><\/h2>\n\n\n\n<p>I test sui prodotti al dettaglio a New York attraggono molte aziende e organizzazioni che cercano di ottenere preziose informazioni sui consumatori e di garantire che i loro prodotti prosperino nel mercato competitivo. Di seguito sono riportati alcuni dei gruppi chiave che utilizzano questi servizi:<\/p>\n\n\n\n<p><strong>1. Produttori di beni di consumo<\/strong><br>Dagli articoli per la casa ai prodotti per la cura della persona, i produttori di beni di consumo si affidano ai test dei prodotti al dettaglio per perfezionare le loro offerte. Testando i loro prodotti a New York, queste aziende hanno accesso a una base di consumatori diversificata, il che le aiuta a garantire che i loro prodotti soddisfino le esigenze di un vasto pubblico prima di un lancio su larga scala.<\/p>\n\n\n\n<p><strong>2. Aziende alimentari e delle bevande<\/strong><br>Food and beverage brands often use <a href=\"https:\/\/www.sisinternational.com\/it\/brand-audit-in-new-york-the-complete-guide-to-strengthening-your-brand\/\" title=\"Brand Audit in New York: The Complete Guide to Strengthening Your Brand\" data-wpil-monitor-id=\"1366\">retail product testing<\/a> in New York to assess taste, packaging, and market appeal. With the city\u2019s diverse demographics, companies can evaluate how their products resonate with various cultural and dietary preferences, optimizing them for broader market success.<\/p>\n\n\n\n<p><strong>3. Marchi di moda e abbigliamento<\/strong><br>Le aziende di moda e abbigliamento utilizzano spesso test di prodotto al dettaglio per valutare le reazioni dei consumatori alle nuove collezioni o ai design innovativi. La posizione di New York come polo della moda la rende un luogo ideale per raccogliere spunti dai consumatori attenti alle tendenze.<\/p>\n\n\n\n<p><strong>4. Aziende tecnologiche ed elettroniche<\/strong><br>Le aziende tecnologiche testano prodotti come gadget, elettrodomestici e dispositivi intelligenti in contesti di vendita al dettaglio per ottenere feedback degli utenti su funzionalit\u00e0, design e facilit\u00e0 d&#039;uso. La popolazione esperta di tecnologia di New York fornisce spunti preziosi, aiutando i marchi a perfezionare le loro offerte.<\/p>\n\n\n\n<p><strong>5. Startup e imprenditori<\/strong><br>Le startup e gli imprenditori utilizzano i test di prodotto al dettaglio a New York per convalidare i loro concetti di prodotto prima di scalare la produzione. Questi test aiutano le piccole aziende a prendere decisioni basate sui dati, riducendo al minimo i rischi e aumentando la probabilit\u00e0 di successo nel mercato competitivo.<\/p>\n\n\n\n<p><strong>6. Catene di vendita al dettaglio e supermercati<\/strong><br>Le catene di vendita al dettaglio e i supermercati testano i prodotti a marchio privato per garantire che soddisfino le aspettative dei clienti. Queste aziende si affidano ai test sui prodotti per mantenere elevati standard e costruire la fiducia dei clienti.<\/p>\n\n\n\n<p><strong>7. Agenzie di marketing e pubblicit\u00e0<\/strong><br>Agencies involved in product launches use <a href=\"https:\/\/www.sisinternational.com\/it\/sconti-presso-rivenditori-super-lusso\/\" title=\"Sconti presso i rivenditori di lusso\" data-wpil-monitor-id=\"2091\">retail product testing to refine marketing strategies<\/a> and ensure messaging aligns with consumer preferences.&nbsp;<\/p>\n\n\n\n<h2 class=\"wp-block-heading\"><strong>Sfide e soluzioni per i test sui prodotti al dettaglio a New York<\/strong><\/h2>\n\n\n\n<figure class=\"gb-block-image gb-block-image-540b4a2b\"><img loading=\"lazy\" decoding=\"async\" width=\"1456\" height=\"816\" class=\"gb-image gb-image-540b4a2b\" src=\"https:\/\/www.sisinternational.com\/wp-content\/uploads\/2025\/08\/Retail-17.jpg\" alt=\"Ricerca e strategia di mercato internazionale SIS\" title=\"Retail (17)\" srcset=\"https:\/\/www.sisinternational.com\/wp-content\/uploads\/2025\/08\/Retail-17.jpg 1456w, https:\/\/www.sisinternational.com\/wp-content\/uploads\/2025\/08\/Retail-17-300x168.jpg 300w, https:\/\/www.sisinternational.com\/wp-content\/uploads\/2025\/08\/Retail-17-1024x574.jpg 1024w, https:\/\/www.sisinternational.com\/wp-content\/uploads\/2025\/08\/Retail-17-768x430.jpg 768w, https:\/\/www.sisinternational.com\/wp-content\/uploads\/2025\/08\/Retail-17-18x10.jpg 18w\" sizes=\"auto, (max-width: 1456px) 100vw, 1456px\"><\/figure>\n\n\n\n<p><\/p>\n\n\n\n<p><span style=\"font-weight: 400;\">Sebbene i test sui prodotti al dettaglio a New York offrano opportunit\u00e0 senza pari, comportano anche sfide uniche che le aziende devono affrontare per avere successo.&nbsp;<\/span><\/p>\n\n\n\n<h3 class=\"wp-block-heading\"><span style=\"font-weight: 400;\">Gestire la forte concorrenza<\/span><\/h3>\n\n\n\n<p><span style=\"font-weight: 400;\">New York \u00e8 uno dei mercati al dettaglio pi\u00f9 competitivi al mondo. I marchi affrontano la sfida di distinguersi in un panorama affollato. Fortunatamente, i test sui prodotti al dettaglio a New York aiutano le aziende a perfezionare i loro prodotti per allinearli alle preferenze dei consumatori e differenziarsi dai concorrenti.&nbsp;<\/span><\/p>\n\n\n\n<h3 class=\"wp-block-heading\"><span style=\"font-weight: 400;\">Gestire le complessit\u00e0 logistiche<\/span><\/h3>\n\n\n\n<p><span style=\"font-weight: 400;\">New York\u2019s urban environment presents logistical challenges, such as limited space for testing and high operating costs. Retail <a href=\"https:\/\/www.sisinternational.com\/it\/competenza\/industrie\/ricerche-di-mercato-sui-cosmetici\/testare-profumi-e-prodotti-per-la-cura-della-persona-a-new-york\/\" title=\"Il vantaggio strategico di testare profumi e prodotti per la cura della persona a New York\" data-wpil-monitor-id=\"1888\">product testing in New York requires careful<\/a> planning to optimize resources.&nbsp;<\/span><\/p>\n\n\n\n<h3 class=\"wp-block-heading\"><span style=\"font-weight: 400;\">Adattarsi alle tendenze in rapida evoluzione<\/span><\/h3>\n\n\n\n<p><span style=\"font-weight: 400;\">La natura frenetica del mercato di New York implica che le tendenze possano cambiare quasi da un giorno all&#039;altro. I test sui prodotti al dettaglio a New York consentono alle aziende di rimanere agili e adattare i propri prodotti per soddisfare le mutevoli esigenze dei consumatori.&nbsp;<\/span><\/p>\n\n\n\n<\/p>\n<h3 class=\"wp-block-heading\"><strong>Ubicazione della struttura: New York City<\/strong><\/h3>\n<p>\n\n\n\n<iframe loading=\"lazy\" src=\"https:\/\/www.google.com\/maps\/embed?pb=!1m18!1m12!1m3!1d3022.976188376966!2d-73.99130312499956!3d40.740549471389315!2m3!1f0!2f0!3f0!3m2!1i1024!2i768!4f13.1!3m3!1m2!1s0x89c259a15798c731%3A0xd695d09bdd495f25!2s11%20E%2022nd%20St%20FL%202%2C%20New%20York%2C%20NY%2010010%2C%20USA!5e0!3m2!1sen!2spe!4v1726171763526!5m2!1sen!2spe\" width=\"600\" height=\"450\" allowfullscreen=\"allowfullscreen\" data-mce-fragment=\"1\"><\/iframe>\n\n\n\n<\/p>\n<p>\u00a0<\/p>\n<p>\n\n\n\n<\/p>\n<h3 class=\"wp-block-heading\">11 E 22nd Street, Piano 2, New York, NY 10010 T: +1(212) 505-6805<\/h3>\n<p>\n\n\n\n<\/p>\n<h4 class=\"wp-block-heading\"><strong>Punti salienti della posizione:<\/strong><\/h4>\n<p>\n\n\n\n<\/p>\n<ul class=\"wp-block-list\">\n\n<li>Flatiron District a Manhattan, a pochi passi dallo storico edificio Flatiron e vicino a Madison Square Park e Union Square<\/li>\n\n \n\n<li>Situato in posizione centrale nel cuore di New York City, una delle principali citt\u00e0 globali e la pi\u00f9 grande citt\u00e0 degli Stati Uniti<\/li>\n\n \n\n<li>Comodo per numerose opzioni di trasporto<\/li>\n\n \n\n<li>Situato tra Broadway e Park Avenue sulla 22esima strada, vicino alla \u201cKey Bank\u201d<\/li>\n\n \n\n<li>Treno locale R di Broadway \u2013 Stazione 22\/23<\/li>\n\n \n\n<li>Treno locale 6 di Eastside - 23rd e stazione di Park Ave<\/li>\n\n \n\n<li>Treno locale 1 di Westside \u2013 Stazione 23rd e 6th Avenue<\/li>\n\n<\/ul>\n<p>\n\n\n<\/p>\n<h2><strong>Cosa rende SIS International una delle principali aziende di test sui prodotti al dettaglio a New York<\/strong><\/h2>\n<p><span style=\"font-weight: 400;\"><a href=\"https:\/\/www.linkedin.com\/company\/sisinternationalresearch\/\" target=\"_blank\" rel=\"noopener\">SIS Internazionale<\/a> \u00e8 un leader esperto, che offre alle aziende gli strumenti, le intuizioni e le competenze di cui hanno bisogno per avere successo. Con oltre 40 anni di esperienza, un impegno per l&#039;innovazione e un focus sulla fornitura di valore, SIS International si distingue come il partner di riferimento per le ricerche di mercato.<\/span><\/p>\n<h3 style=\"padding-left: 40px;\"><b>Oltre 40 anni di eccellenza nella ricerca di mercato<\/b><b><br \/><\/b><\/h3>\n<p style=\"padding-left: 40px;\"><span style=\"font-weight: 400;\"><a href=\"https:\/\/twitter.com\/SISIntlResearch\" target=\"_blank\" rel=\"noopener\">SIS<\/a> has been a pioneer in the market research industry for decades. Our deep understanding of New York\u2019s retail landscape enables us to provide businesses with unmatched insights into <a href=\"https:\/\/www.sisinternational.com\/it\/i-nuovi-trend-di-analisi-dei-consumatori-americani-che-si-presentano-a-noi-retailer\/\" title=\"La nuova analisi dei consumatori americani: tendenze dei rivenditori statunitensi\" data-wpil-monitor-id=\"2719\">consumatore<\/a> behavior and trends.<\/span><\/p>\n<h3 style=\"padding-left: 40px;\"><b>Soluzioni di ricerca su misura per ogni azienda<\/b><\/h3>\n<p style=\"padding-left: 40px;\"><span style=\"font-weight: 400;\">SIS designs customized <a href=\"https:\/\/www.sisinternational.com\/it\/migliori-pratiche-nella-vendita-al-dettaglio\/\" title=\"Migliori pratiche nella vendita al dettaglio\" data-wpil-monitor-id=\"2663\">retail product testing strategies<\/a> that address each client&#8217;s unique goals, ensuring actionable and impactful results.<\/span><\/p>\n<h3 style=\"padding-left: 40px;\"><b>Strumenti e tecnologie avanzate<\/b><\/h3>\n<p style=\"padding-left: 40px;\"><span style=\"font-weight: 400;\">I nostri strumenti all&#039;avanguardia, tra cui analisi basate sull&#039;intelligenza artificiale, sondaggi geotargettizzati e test VR, garantiscono ai nostri clienti di ricevere i dati pi\u00f9 accurati e pertinenti. Queste tecnologie consentono alle aziende di prendere decisioni basate sui dati che ottimizzano le loro strategie di vendita al dettaglio.<\/span><\/p>\n<h3 style=\"padding-left: 40px;\"><b>Accesso alla diversificata base di consumatori di New York<\/b><\/h3>\n<p style=\"padding-left: 40px;\"><span style=\"font-weight: 400;\">Grazie a una rete che abbraccia le diverse fasce demografiche di New York, SIS offre un accesso senza pari ai diversi gruppi di consumatori della citt\u00e0.\u00a0<\/span><\/p>\n<h3 style=\"padding-left: 40px;\"><b>La soluzione pi\u00f9 conveniente a New York<\/b><b><br \/><\/b><\/h3>\n<p style=\"padding-left: 40px;\"><span style=\"font-weight: 400;\">A <a href=\"https:\/\/medium.com\/@sisinternational\/sis-international-c17160da8fac\" target=\"_blank\" rel=\"noopener\">SIS<\/a>, siamo orgogliosi di essere il fornitore di ricerche di mercato pi\u00f9 conveniente a New York. I nostri processi semplificati e le nostre metodologie innovative ci consentono di fornire soluzioni di test di prodotti al dettaglio di alta qualit\u00e0 a un prezzo che si adatta al tuo budget.<\/span><\/p>\n<h3 style=\"padding-left: 40px;\"><b>Successo comprovato nei test sui prodotti al dettaglio<\/b><b><br \/><\/b><\/h3>\n<p style=\"padding-left: 40px;\"><span style=\"font-weight: 400;\">La nostra esperienza nell&#039;aiutare le aziende a perfezionare e lanciare prodotti di successo a New York parla da sola. Dalle grandi aziende ai marchi emergenti, abbiamo supportato clienti di tutti i settori nel raggiungimento di risultati misurabili.<\/span><\/p>\n<h3 style=\"padding-left: 40px;\"><b>Impegno per la soddisfazione del cliente<\/b><b><br \/><\/b><\/h3>\n<p style=\"padding-left: 40px;\"><span style=\"font-weight: 400;\">In SIS, diamo priorit\u00e0 al successo del cliente sopra ogni altra cosa. Il nostro team dedicato lavora a stretto contatto con ogni cliente per garantire che le sue esigenze specifiche siano soddisfatte e offre un supporto completo durante tutto il processo di test del prodotto al dettaglio.<\/span><\/p>\n\n\n<h2 class=\"wp-block-heading\">A proposito di SIS Internazionale<\/h2>\n\n\n\n<p><a href=\"https:\/\/www.sisinternational.com\/it\/\">SIS Internazionale<\/a> offre ricerca quantitativa, qualitativa e strategica. Forniamo dati, strumenti, strategie, report e approfondimenti per il processo decisionale. Conduciamo anche interviste, sondaggi, focus group e altri metodi e approcci di ricerca di mercato.<a href=\"https:\/\/www.sisinternational.com\/it\/sulla-sua-ricerca-internazionale\/contact-sis-international-market-research\/\"> Contattaci<\/a> per il tuo prossimo progetto di ricerca di mercato.<\/p>\n\n\n\n<hr class=\"wp-block-separator has-alpha-channel-opacity\"\/>\n\n\n\n<p><\/p>","protected":false},"excerpt":{"rendered":"<p>Retail Product Testing in New York Retail product testing in New York isn\u2019t just an option\u2014it\u2019s necessary for businesses that want to thrive in this dynamic and competitive market. How can your business ensure its products resonate with one of the world&#8217;s most diverse consumer bases? Retail product testing in New York offers unparalleled insights &#8230; <a title=\"Test di prodotti al dettaglio a New York\" class=\"read-more\" href=\"https:\/\/www.sisinternational.com\/it\/competenza\/ricerche-di-mercato-per-test-di-prodotto\/test-di-prodotti-al-dettaglio-a-new-york\/\" aria-label=\"Per saperne di pi\u00f9 su Retail Product Testing in New York\">Leggi tutto<\/a><\/p>","protected":false},"author":1,"featured_media":62497,"parent":12926,"menu_order":2,"comment_status":"closed","ping_status":"closed","template":"","meta":{"footnotes":""},"class_list":["post-54262","page","type-page","status-publish","has-post-thumbnail"],"_links":{"self":[{"href":"https:\/\/www.sisinternational.com\/it\/wp-json\/wp\/v2\/pages\/54262","targetHints":{"allow":["GET"]}}],"collection":[{"href":"https:\/\/www.sisinternational.com\/it\/wp-json\/wp\/v2\/pages"}],"about":[{"href":"https:\/\/www.sisinternational.com\/it\/wp-json\/wp\/v2\/types\/page"}],"author":[{"embeddable":true,"href":"https:\/\/www.sisinternational.com\/it\/wp-json\/wp\/v2\/users\/1"}],"replies":[{"embeddable":true,"href":"https:\/\/www.sisinternational.com\/it\/wp-json\/wp\/v2\/comments?post=54262"}],"version-history":[{"count":20,"href":"https:\/\/www.sisinternational.com\/it\/wp-json\/wp\/v2\/pages\/54262\/revisions"}],"predecessor-version":[{"id":80687,"href":"https:\/\/www.sisinternational.com\/it\/wp-json\/wp\/v2\/pages\/54262\/revisions\/80687"}],"up":[{"embeddable":true,"href":"https:\/\/www.sisinternational.com\/it\/wp-json\/wp\/v2\/pages\/12926"}],"wp:featuredmedia":[{"embeddable":true,"href":"https:\/\/www.sisinternational.com\/it\/wp-json\/wp\/v2\/media\/62497"}],"wp:attachment":[{"href":"https:\/\/www.sisinternational.com\/it\/wp-json\/wp\/v2\/media?parent=54262"}],"curies":[{"name":"wp","href":"https:\/\/api.w.org\/{rel}","templated":true}]}}