{"id":54222,"date":"2024-11-25T05:10:19","date_gmt":"2024-11-25T10:10:19","guid":{"rendered":"https:\/\/www.sisinternational.com\/?page_id=54222"},"modified":"2026-03-06T19:49:43","modified_gmt":"2026-03-07T00:49:43","slug":"interviste-f2f-e-online-i-pro-e-i-contro","status":"publish","type":"page","link":"https:\/\/www.sisinternational.com\/it\/soluzioni\/soluzioni-di-ricerca-quantitativa-qualitativa\/interviste-f2f-e-online-i-pro-e-i-contro\/","title":{"rendered":"Interviste F2F e online: pro e contro"},"content":{"rendered":"<h1 class=\"wp-block-heading\">Interviste F2F e online: pro e contro<\/h1>\n\n\n\n<figure class=\"gb-block-image gb-block-image-fd5665a2\"><img loading=\"lazy\" decoding=\"async\" width=\"1456\" height=\"816\" class=\"gb-image gb-image-fd5665a2\" src=\"https:\/\/www.sisinternational.com\/wp-content\/uploads\/2025\/08\/Interview-5.jpg\" alt=\"Ricerca e strategia di mercato internazionale SIS\" title=\"Interview (5)\" srcset=\"https:\/\/www.sisinternational.com\/wp-content\/uploads\/2025\/08\/Interview-5.jpg 1456w, https:\/\/www.sisinternational.com\/wp-content\/uploads\/2025\/08\/Interview-5-300x168.jpg 300w, https:\/\/www.sisinternational.com\/wp-content\/uploads\/2025\/08\/Interview-5-1024x574.jpg 1024w, https:\/\/www.sisinternational.com\/wp-content\/uploads\/2025\/08\/Interview-5-768x430.jpg 768w, https:\/\/www.sisinternational.com\/wp-content\/uploads\/2025\/08\/Interview-5-18x10.jpg 18w\" sizes=\"auto, (max-width: 1456px) 100vw, 1456px\"><\/figure>\n\n\n\n<hr class=\"wp-block-separator has-alpha-channel-opacity\"\/>\n\n\n\n<h3 class=\"wp-block-heading\">Sebbene i colloqui faccia a faccia siano stati la norma per decenni, i colloqui online stanno diventando pi\u00f9 efficienti e convenienti.<\/h3>\n\n\n\n<p>Perch\u00e9 attenersi a metodi obsoleti quando la tecnologia offre un modo migliore? Il dibattito tra interviste F2F e online non riguarda pi\u00f9 la convenienza, ma la massimizzazione del valore.&nbsp;<\/p>\n\n\n\n<h2 class=\"wp-block-heading\">Cosa sono i colloqui F2F e i colloqui online?<\/h2>\n\n\n\n<p>Comprendere la differenza tra interviste F2F e online \u00e8 fondamentale per determinare il metodo pi\u00f9 efficace per la ricerca di mercato. Entrambi gli approcci mirano a raccogliere informazioni, ma la loro esecuzione, scalabilit\u00e0 e praticit\u00e0 li distinguono.<\/p>\n\n\n\n<p>F2F interviews are conducted in person, typically in controlled environments such as offices, <a href=\"https:\/\/www.sisinternational.com\/it\/soluzioni\/focus-group\/strutture-per-focus-group-a-new-york\/\" title=\"Strutture del focus group di New York City\"  data-wpil-monitor-id=\"10545\">focus group facilities<\/a>, or on-site locations. Their traditional nature has long been considered a gold standard for qualitative data collection, particularly for studies requiring deep emotional engagement or sensitive topics.<\/p>\n\n\n\n<p>Le interviste online, d&#039;altro canto, sfruttano strumenti digitali come Zoom, Microsoft Teams o piattaforme di sondaggi specializzate per facilitare le interazioni da remoto. Partecipanti e intervistatori si collegano da diverse sedi, spesso a livello globale, utilizzando comunicazioni video, audio o persino testuali.&nbsp;<\/p>\n\n\n\n<h2 class=\"wp-block-heading\">Quindi... qual \u00e8 la discussione?<\/h2>\n\n\n\n<p><\/p>\n\n\n\n<figure class=\"gb-block-image gb-block-image-214d9a8f\"><img loading=\"lazy\" decoding=\"async\" width=\"1456\" height=\"816\" class=\"gb-image gb-image-214d9a8f\" src=\"https:\/\/www.sisinternational.com\/wp-content\/uploads\/2025\/08\/Interview-8.jpg\" alt=\"Ricerca e strategia di mercato internazionale SIS\" title=\"Interview (8)\" srcset=\"https:\/\/www.sisinternational.com\/wp-content\/uploads\/2025\/08\/Interview-8.jpg 1456w, https:\/\/www.sisinternational.com\/wp-content\/uploads\/2025\/08\/Interview-8-300x168.jpg 300w, https:\/\/www.sisinternational.com\/wp-content\/uploads\/2025\/08\/Interview-8-1024x574.jpg 1024w, https:\/\/www.sisinternational.com\/wp-content\/uploads\/2025\/08\/Interview-8-768x430.jpg 768w, https:\/\/www.sisinternational.com\/wp-content\/uploads\/2025\/08\/Interview-8-18x10.jpg 18w\" sizes=\"auto, (max-width: 1456px) 100vw, 1456px\"><\/figure>\n\n\n\n<p><\/p>\n\n\n\n<p>Confrontando le interviste F2F e quelle online, la distinzione principale sta nell&#039;accessibilit\u00e0 e nell&#039;efficienza. Le interviste F2F richiedono una pianificazione logistica significativa, tra cui programmazione, organizzazione del viaggio e costi della sede. Ci\u00f2 pu\u00f2 limitare la partecipazione a intervistati locali o regionali e aumentare il costo complessivo del progetto di ricerca. Al contrario, le interviste online eliminano i vincoli geografici, consentendo alle aziende di coinvolgere diverse fasce demografiche con un investimento di tempo e spese minime.<\/p>\n\n\n\n<p>Un&#039;altra differenza critica \u00e8 il ruolo della tecnologia. Le interviste online offrono trascrizione automatica, acquisizione dati in tempo reale e analisi avanzate, che semplificano il processo di ricerca e ne migliorano l&#039;accuratezza. Al contrario, le interviste F2F si basano su processi manuali, il che le rende pi\u00f9 dispendiose in termini di risorse.<\/p>\n\n\n\n<h2 class=\"wp-block-heading\">I vantaggi dei colloqui online<\/h2>\n\n\n\n<p>Online interviews have revolutionized the <a href=\"https:\/\/www.sisinternational.com\/it\/pubblicazioni\/ricerche-di-mercato-per-un-business-scalabile-7-modi-per-costruire-un-business-scalabile\/\" title=\"Ricerche di mercato per aziende scalabili: 7 modi per costruire un business scalabile\"  data-wpil-monitor-id=\"10546\">way businesses approach market research<\/a>. Their advantages are not just about convenience\u2014they represent a fundamental shift in how insights are gathered, analyzed, and utilized.<\/p>\n\n\n\n<p><\/p>\n\n\n<div class=\"wp-block-image\">\n<figure class=\"aligncenter size-large is-resized\"><img loading=\"lazy\" decoding=\"async\" width=\"1024\" height=\"663\" src=\"https:\/\/www.sisinternational.com\/wp-content\/uploads\/2024\/11\/F2F-Interviews-and-Online-1024x663.png\" alt=\"Ricerca e strategia di mercato internazionale SIS\" class=\"wp-image-54223\" style=\"width:800px\" srcset=\"https:\/\/www.sisinternational.com\/wp-content\/uploads\/2024\/11\/F2F-Interviews-and-Online-1024x663.png 1024w, https:\/\/www.sisinternational.com\/wp-content\/uploads\/2024\/11\/F2F-Interviews-and-Online-300x194.png 300w, https:\/\/www.sisinternational.com\/wp-content\/uploads\/2024\/11\/F2F-Interviews-and-Online-768x497.png 768w, https:\/\/www.sisinternational.com\/wp-content\/uploads\/2024\/11\/F2F-Interviews-and-Online-1536x995.png 1536w, https:\/\/www.sisinternational.com\/wp-content\/uploads\/2024\/11\/F2F-Interviews-and-Online-18x12.png 18w, https:\/\/www.sisinternational.com\/wp-content\/uploads\/2024\/11\/F2F-Interviews-and-Online.png 1600w\" sizes=\"auto, (max-width: 1024px) 100vw, 1024px\" \/><\/figure>\n<\/div>\n\n\n<p><\/p>\n\n\n\n<h4 class=\"wp-block-heading\"><strong>1. Rapporto costo-efficacia<\/strong><\/h4>\n\n\n\n<p>Uno dei vantaggi pi\u00f9 significativi delle interviste online \u00e8 la loro capacit\u00e0 di ridurre al minimo i costi. A differenza delle interviste F2F, che richiedono spese di viaggio, affitto di sedi e logistica per gli intervistatori, le interviste online eliminano queste spese generali.&nbsp;<\/p>\n\n\n\n<h4 class=\"wp-block-heading\"><strong>2. Portata globale<\/strong><\/h4>\n\n\n\n<p>Where F2F interviews are limited to local or regional participants, online <a href=\"https:\/\/www.sisinternational.com\/it\/quantitative-market-research-methods-and-techniques\/\" title=\"Quantitative Market Research Methods and Techniques\"  data-wpil-monitor-id=\"10549\">methods enable researchers<\/a> to access a diverse pool of respondents worldwide. This is particularly valuable for businesses operating in <a href=\"https:\/\/www.sisinternational.com\/it\/global-beverage-market\/\" title=\"Global Beverage Market: Market Dynamics, Growth Projections &amp; Consumer Insights\"  data-wpil-monitor-id=\"10547\">global markets or seeking insights<\/a> from multicultural audiences.&nbsp;<\/p>\n\n\n\n<h4 class=\"wp-block-heading\"><strong>3. Comodit\u00e0 e flessibilit\u00e0<\/strong><\/h4>\n\n\n\n<p>Sia per i partecipanti che per i ricercatori, le interviste online offrono una flessibilit\u00e0 senza pari. I partecipanti possono partecipare alle interviste comodamente da casa o dall&#039;ufficio, riducendo i conflitti di programmazione e aumentando i tassi di partecipazione.&nbsp;<\/p>\n\n\n\n<h4 class=\"wp-block-heading\"><strong>4. Raccolta dati avanzata<\/strong><\/h4>\n\n\n\n<p>Integrating <a href=\"https:\/\/www.sisinternational.com\/it\/soluzioni\/innovazione\/intelligenza-tecnologica\/\" title=\"Ricerche di mercato nel campo della tecnologia e dell&#039;IT\"  data-wpil-monitor-id=\"10550\">technology in online interviews provides researchers<\/a> with tools unavailable in traditional F2F interviews. Features such as real-time transcription, recording, and screen-sharing improve the quality and depth of data collection.&nbsp;<\/p>\n\n\n\n<h4 class=\"wp-block-heading\"><strong>5. Scalabile per studi su larga scala<\/strong><\/h4>\n\n\n\n<p>Le interviste online sono altamente scalabili, il che le rende ideali per studi su larga scala. Le aziende possono coinvolgere centinaia, o persino migliaia, di partecipanti senza le sfide logistiche associate al coordinamento delle interviste F2F.&nbsp;<\/p>\n\n\n\n<h4 class=\"wp-block-heading\"><strong>6. Impatto ambientale ridotto<\/strong><\/h4>\n\n\n\n<p>L&#039;eliminazione di viaggi e utilizzo di sedi riduce significativamente l&#039;impronta di carbonio del processo di ricerca. In un mondo sempre pi\u00f9 incentrato sulla sostenibilit\u00e0, i metodi online si allineano con gli obiettivi di responsabilit\u00e0 sociale aziendale, offrendo un&#039;alternativa ecologica ai tradizionali approcci faccia a faccia.<\/p>\n\n\n\n<h2 class=\"wp-block-heading\">Gli svantaggi delle interviste F2F<\/h2>\n\n\n\n<p><\/p>\n\n\n\n<figure class=\"gb-block-image gb-block-image-b51c10c4\"><img decoding=\"async\" class=\"gb-image gb-image-b51c10c4\" src=\"https:\/\/www.sisinternational.com\/wp-content\/uploads\/2024\/08\/How-to-Conduct-In-Depth-Interviews-for-Market-Insights.jpg\" alt=\"Ricerca e strategia di mercato internazionale SIS\" title=\"Come condurre interviste approfondite per ottenere informazioni di mercato\"><\/figure>\n\n\n\n<p><\/p>\n\n\n\n<p>Nel dibattito in corso tra interviste F2F e online, i metodi faccia a faccia, sebbene storicamente popolari, presentano diversi svantaggi significativi che li rendono meno attraenti nella moderna ricerca di mercato. Queste limitazioni spesso superano i loro vantaggi, soprattutto se confrontati con l&#039;efficienza e la scalabilit\u00e0 delle interviste online.<\/p>\n\n\n\n<h4 class=\"wp-block-heading\"><strong>1. Costi elevati<\/strong><\/h4>\n\n\n\n<p>F2F interviews are notoriously expensive. Costs include <a href=\"https:\/\/www.sisinternational.com\/it\/competenza\/industrie\/turismo-di-viaggio\/\" title=\"Ricerche di mercato sui viaggi e sul turismo\"  data-wpil-monitor-id=\"10551\">travel for researchers<\/a> and participants, venue rentals, equipment, and additional logistical support. For businesses conducting large-scale studies, these expenses can quickly escalate, making F2F interviews an inefficient option compared to the cost-effectiveness of online alternatives.<\/p>\n\n\n\n<h4 class=\"wp-block-heading\"><strong>2. Limitazioni geografiche<\/strong><\/h4>\n\n\n\n<p>Le interviste faccia a faccia sono limitate a luoghi specifici, riducendo la diversit\u00e0 e la portata dei pool di partecipanti. I ricercatori sono spesso limitati a intervistati vicini al luogo dell&#039;intervista, il che pu\u00f2 distorcere i dati e non rappresentare dati demografici pi\u00f9 ampi. Al contrario, le interviste online eliminano queste barriere geografiche, consentendo l&#039;accesso a un pubblico globale.<\/p>\n\n\n\n<h4 class=\"wp-block-heading\"><strong>3. Richiede molto tempo<\/strong><\/h4>\n\n\n\n<p>Coordinare e condurre interviste F2F \u00e8 un processo che richiede molto tempo. Dalla programmazione dei partecipanti all&#039;organizzazione del viaggio, fino all&#039;allestimento delle sedi e alla gestione della logistica, il tempo richiesto pu\u00f2 ritardare notevolmente le tempistiche del progetto. Le interviste online semplificano questi processi, consentendo ai ricercatori di raccogliere informazioni molto pi\u00f9 rapidamente.<\/p>\n\n\n\n<h4 class=\"wp-block-heading\"><strong>4. Disponibilit\u00e0 limitata dei partecipanti<\/strong><\/h4>\n\n\n\n<p>I partecipanti alle interviste F2F devono ritagliarsi del tempo dai loro programmi per recarsi in luoghi designati. Questo requisito spesso si traduce in tassi di partecipazione pi\u00f9 bassi, in particolare per gli individui con impegni di lavoro o responsabilit\u00e0 familiari impegnativi. Le interviste online offrono la comodit\u00e0 di partecipare da qualsiasi luogo, aumentando significativamente l&#039;accessibilit\u00e0 e la disponibilit\u00e0 degli intervistati.<\/p>\n\n\n\n<h4 class=\"wp-block-heading\"><strong>5. Problemi di salute e sicurezza<\/strong><\/h4>\n\n\n\n<p>Anche oltre le pandemie, le preoccupazioni per la salute e la sicurezza possono rendere le interviste F2F meno praticabili, soprattutto nei settori con rigidi protocolli di sicurezza. Le interviste online offrono un&#039;alternativa sicura, garantendo la continuit\u00e0 della ricerca senza compromettere il benessere del partecipante o del ricercatore.<\/p>\n\n\n\n<h4 class=\"wp-block-heading\"><strong>6. Complessit\u00e0 logistiche<\/strong><\/h4>\n\n\n\n<p>Coordinating schedules, securing appropriate venues, and managing on-site support can create bottlenecks in the research process. These complexities add layers of stress and inefficiency, which are <a href=\"https:\/\/www.sisinternational.com\/it\/competenza\/industrie\/ricerca-di-mercato-per-assistente-infermiere-virtuale\/\" title=\"Ricerche di mercato sull&#039;assistente infermiere virtuale\"  data-wpil-monitor-id=\"10552\">virtually eliminated in online research<\/a> setups.<\/p>\n\n\n\n<h4 class=\"wp-block-heading\"><strong>7. Mancanza di scalabilit\u00e0<\/strong><\/h4>\n\n\n\n<p>L&#039;ampliamento delle interviste F2F per studi pi\u00f9 ampi \u00e8 impegnativo e costoso. Ogni partecipante aggiuntivo aumenta le richieste e le spese logistiche. Le interviste online, d&#039;altro canto, possono gestire numeri significativi di partecipanti con il minimo sforzo aggiuntivo, rendendole ideali per la ricerca che richiede un&#039;ampia rappresentanza.<\/p>\n\n\n\n<h2 class=\"wp-block-heading\">Fattori chiave da considerare quando si sceglie tra interviste F2F e online<\/h2>\n\n\n\n<p>Quando si decide tra interviste F2F e online, le aziende devono valutare i propri obiettivi specifici, il pubblico e i requisiti del progetto. Mentre entrambi i metodi mirano a scoprire spunti preziosi, comprendere i fattori chiave che li differenziano \u00e8 essenziale per selezionare l&#039;approccio giusto.<\/p>\n\n\n\n<h4 class=\"wp-block-heading\"><strong>1. Vincoli di bilancio<\/strong><\/h4>\n\n\n\n<p>Le interviste online sono la scelta pi\u00f9 pratica per le organizzazioni con budget limitati. I risparmi sui costi derivanti da questi metodi possono essere reindirizzati verso un reclutamento pi\u00f9 ampio dei partecipanti o un&#039;analisi avanzata dei dati.<\/p>\n\n\n\n<h4 class=\"wp-block-heading\"><strong>2. Portata geografica<\/strong><\/h4>\n\n\n\n<p>Le interviste online consentono alle aziende di entrare in contatto con partecipanti da tutto il mondo, fornendo dati pi\u00f9 completi e rappresentativi.<\/p>\n\n\n\n<h4 class=\"wp-block-heading\"><strong>3. Cronologia del progetto<\/strong><\/h4>\n\n\n\n<p>La facilit\u00e0 di programmazione e conduzione delle interviste accelera virtualmente il processo di ricerca. Le interviste F2F, con le loro complessit\u00e0 logistiche e i tempi di preparazione pi\u00f9 lunghi, sono pi\u00f9 adatte a studi pi\u00f9 piccoli e localizzati piuttosto che a progetti urgenti.<\/p>\n\n\n\n<h4 class=\"wp-block-heading\"><strong>4. Natura della ricerca<\/strong><\/h4>\n\n\n\n<p>Per progetti che richiedono segnali non verbali, come il linguaggio del corpo o sottili reazioni emotive, le interviste F2F possono ancora avere valore. Tuttavia, i progressi nella tecnologia delle videoconferenze ora consentono ai metodi online di catturare efficacemente molte di queste sfumature.<\/p>\n\n\n\n<h4 class=\"wp-block-heading\"><strong>5. Accessibilit\u00e0 dei partecipanti<\/strong><\/h4>\n\n\n\n<p>Le interviste online offrono una comodit\u00e0 senza pari, consentendo ai partecipanti di partecipare da casa o dal posto di lavoro. Al contrario, le interviste F2F richiedono spostamenti, scoraggiando la partecipazione e limitando la dimensione del campione.<\/p>\n\n\n\n<h4 class=\"wp-block-heading\"><strong>6. Raccolta e analisi dei dati<\/strong><\/h4>\n\n\n\n<p>Le interviste online si integrano perfettamente con i moderni strumenti di analisi dei dati, offrendo funzionalit\u00e0 come la trascrizione in tempo reale, l&#039;analisi dei sentimenti e l&#039;archiviazione cloud delle registrazioni.&nbsp;<\/p>\n\n\n\n<h4 class=\"wp-block-heading\"><strong>7. Impatto ambientale<\/strong><\/h4>\n\n\n\n<p>La scelta tra interviste F2F e online ha anche implicazioni di sostenibilit\u00e0. Le interviste online riducono l&#039;impronta di carbonio associata ai viaggi e all&#039;uso delle risorse, allineandosi con la crescente attenzione alle pratiche aziendali ecologicamente responsabili.<\/p>\n\n\n\n<h2 class=\"wp-block-heading\">Cosa rende SIS International una delle migliori aziende di colloqui online<\/h2>\n\n\n\n<p><a href=\"https:\/\/www.linkedin.com\/company\/sisinternationalresearch\/\" target=\"_blank\" rel=\"noopener\">SIS Internazionale<\/a> si \u00e8 guadagnata la reputazione di leader nelle interviste online combinando tecnologia all&#039;avanguardia, portata globale e decenni di esperienza nella ricerca di mercato. Mentre le aziende danno sempre pi\u00f9 priorit\u00e0 ai metodi online rispetto alle interviste F2F, SIS International fornisce soluzioni ineguagliabili su misura per soddisfare le esigenze della ricerca moderna.<\/p>\n\n\n<p>\n\n\n<\/p>\n<h4 class=\"wp-block-heading\" style=\"padding-left: 40px;\"><strong>1. Piattaforme digitali avanzate<\/strong><\/h4>\n<p style=\"padding-left: 40px;\">\n\n\n\n<\/p>\n<p style=\"padding-left: 40px;\"><a href=\"https:\/\/twitter.com\/SISIntlResearch\" target=\"_blank\" rel=\"noopener\">SIS<\/a> utilizza piattaforme online all&#039;avanguardia per condurre interviste fluide ed efficienti. Queste piattaforme hanno funzionalit\u00e0 quali trascrizione in tempo reale, registrazione automatica, analisi del sentiment e archiviazione sicura dei dati.\u00a0<\/p>\n<p style=\"padding-left: 40px;\">\n\n\n\n<\/p>\n<h4 class=\"wp-block-heading\" style=\"padding-left: 40px;\"><strong>2. Portata globale e diversit\u00e0 dei partecipanti<\/strong><\/h4>\n<p style=\"padding-left: 40px;\">\n\n\n\n<\/p>\n<p style=\"padding-left: 40px;\">SIS International \u00e8 specializzata nel raggiungere partecipanti in tutto il mondo. Che il tuo pubblico di riferimento sia in Nord America, Europa, Asia o altrove, SIS assicura la rappresentanza di diverse fasce demografiche, consentendo alle aziende di ottenere informazioni complete e culturalmente rilevanti.<\/p>\n<p style=\"padding-left: 40px;\">\n\n\n\n<\/p>\n<h4 class=\"wp-block-heading\" style=\"padding-left: 40px;\"><strong>3. Competenza nella moderazione online<\/strong><\/h4>\n<p style=\"padding-left: 40px;\">\n\n\n\n<\/p>\n<p style=\"padding-left: 40px;\">Il team di moderatori esperti di SIS International sa come coinvolgere i partecipanti, porre domande di approfondimento e adattarsi alle dinamiche delle interazioni virtuali. Questa competenza garantisce che le interviste online siano coinvolgenti e perspicaci tanto quanto le loro controparti faccia a faccia.<\/p>\n<p style=\"padding-left: 40px;\">\n\n\n\n<\/p>\n<h4 class=\"wp-block-heading\" style=\"padding-left: 40px;\"><strong>4. Soluzioni convenienti<\/strong><\/h4>\n<p style=\"padding-left: 40px;\">\n\n\n\n<\/p>\n<p style=\"padding-left: 40px;\">I metodi online di SIS International garantiscono risparmi significativi eliminando spese di viaggio, affitto di sedi e logistica. Consentiamo alle aziende di allocare i loro budget in modo pi\u00f9 strategico, offrendo al contempo risultati di alta qualit\u00e0.<\/p>\n<p style=\"padding-left: 40px;\">\n\n\n\n<\/p>\n<h4 class=\"wp-block-heading\" style=\"padding-left: 40px;\"><strong>5. Informazioni e analisi in tempo reale<\/strong><\/h4>\n<p style=\"padding-left: 40px;\">\n\n\n\n<\/p>\n<p style=\"padding-left: 40px;\"><a href=\"https:\/\/medium.com\/@sisinternational\/sis-international-c17160da8fac\" target=\"_blank\" rel=\"noopener\">SIS<\/a> integra strumenti di analisi avanzati nelle interviste online, fornendo informazioni in tempo reale che aiutano le aziende a prendere decisioni pi\u00f9 rapide. Dall&#039;analisi del sentiment alla mappatura tematica, questi strumenti assicurano ai clienti di ricavare il massimo valore dai loro dati di ricerca senza ritardi.<\/p>\n<p style=\"padding-left: 40px;\">\n\n\n\n<\/p>\n<h4 class=\"wp-block-heading\" style=\"padding-left: 40px;\"><strong>6. Gestione sicura dei dati<\/strong><\/h4>\n<p style=\"padding-left: 40px;\">\n\n\n\n<\/p>\n<p style=\"padding-left: 40px;\">Our platforms comply with global data protection regulations, such as GDPR and CCPA, ensuring that sensitive participant and client information is protected. Unlike traditional F2F interviews, where physical data storage poses risks, <a href=\"https:\/\/www.sisinternational.com\/it\/sis-lancia-nuove-soluzioni-di-ricerca-digitale\/\" title=\"SIS lancia nuove soluzioni di Ricerca Digitale\" data-wpil-monitor-id=\"10548\">SIS\u2019s secure digital solutions<\/a> offer peace of mind.<\/p>\n<p style=\"padding-left: 40px;\">\n\n\n\n<\/p>\n<h4 class=\"wp-block-heading\" style=\"padding-left: 40px;\"><strong>7. Ampia esperienza nel settore<\/strong><\/h4>\n<p style=\"padding-left: 40px;\">\n\n\n\n<\/p>\n<p style=\"padding-left: 40px;\">Con oltre 40 anni di esperienza in ricerche di mercato, SIS International ha collaborato con aziende di vari settori, tra cui tecnologia, sanit\u00e0, finanza e beni di consumo. Questa esperienza consente loro di adattare le loro strategie di intervista online per soddisfare le esigenze uniche di diversi settori.<\/p>\n<p>\n\n\n<\/p>\n\n\n<h2 class=\"wp-block-heading\">A proposito di SIS Internazionale<\/h2>\n\n\n\n<p><a href=\"https:\/\/www.sisinternational.com\/it\/\">SIS Internazionale<\/a> offre ricerca quantitativa, qualitativa e strategica. Forniamo dati, strumenti, strategie, report e approfondimenti per il processo decisionale. Conduciamo anche interviste, sondaggi, focus group e altri metodi e approcci di ricerca di mercato.<a href=\"https:\/\/www.sisinternational.com\/it\/sulla-sua-ricerca-internazionale\/contact-sis-international-market-research\/\"> Contattaci<\/a> per il tuo prossimo progetto di ricerca di mercato.<\/p>\n\n\n\n<hr class=\"wp-block-separator has-alpha-channel-opacity\"\/>\n\n\n\n<h2 class=\"wp-block-heading has-text-align-center\"><\/h2>","protected":false},"excerpt":{"rendered":"<p>F2F Interviews and Online: The Pros and the Cons While traditional F2F interviews have been the norm for decades, online interviews are becoming more efficient and cost-effective. Why stick to outdated methods when technology offers a better way? The debate of F2F interviews and online is no longer about convenience\u2014it\u2019s about maximizing value.&nbsp; What Are &#8230; <a title=\"Interviste F2F e online: pro e contro\" class=\"read-more\" href=\"https:\/\/www.sisinternational.com\/it\/soluzioni\/soluzioni-di-ricerca-quantitativa-qualitativa\/interviste-f2f-e-online-i-pro-e-i-contro\/\" aria-label=\"Per saperne di pi\u00f9 su F2F Interviews and Online: The Pros and the Cons\">Leggi tutto<\/a><\/p>","protected":false},"author":1,"featured_media":62679,"parent":14660,"menu_order":61,"comment_status":"closed","ping_status":"closed","template":"","meta":{"footnotes":""},"class_list":["post-54222","page","type-page","status-publish","has-post-thumbnail"],"_links":{"self":[{"href":"https:\/\/www.sisinternational.com\/it\/wp-json\/wp\/v2\/pages\/54222","targetHints":{"allow":["GET"]}}],"collection":[{"href":"https:\/\/www.sisinternational.com\/it\/wp-json\/wp\/v2\/pages"}],"about":[{"href":"https:\/\/www.sisinternational.com\/it\/wp-json\/wp\/v2\/types\/page"}],"author":[{"embeddable":true,"href":"https:\/\/www.sisinternational.com\/it\/wp-json\/wp\/v2\/users\/1"}],"replies":[{"embeddable":true,"href":"https:\/\/www.sisinternational.com\/it\/wp-json\/wp\/v2\/comments?post=54222"}],"version-history":[{"count":9,"href":"https:\/\/www.sisinternational.com\/it\/wp-json\/wp\/v2\/pages\/54222\/revisions"}],"predecessor-version":[{"id":81732,"href":"https:\/\/www.sisinternational.com\/it\/wp-json\/wp\/v2\/pages\/54222\/revisions\/81732"}],"up":[{"embeddable":true,"href":"https:\/\/www.sisinternational.com\/it\/wp-json\/wp\/v2\/pages\/14660"}],"wp:featuredmedia":[{"embeddable":true,"href":"https:\/\/www.sisinternational.com\/it\/wp-json\/wp\/v2\/media\/62679"}],"wp:attachment":[{"href":"https:\/\/www.sisinternational.com\/it\/wp-json\/wp\/v2\/media?parent=54222"}],"curies":[{"name":"wp","href":"https:\/\/api.w.org\/{rel}","templated":true}]}}