{"id":54219,"date":"2024-11-23T05:06:50","date_gmt":"2024-11-23T10:06:50","guid":{"rendered":"https:\/\/www.sisinternational.com\/?page_id=54219"},"modified":"2026-03-05T23:08:05","modified_gmt":"2026-03-06T04:08:05","slug":"momenti-della-verita-ricerche-di-mercato","status":"publish","type":"page","link":"https:\/\/www.sisinternational.com\/it\/competenza\/momenti-della-verita-ricerche-di-mercato\/","title":{"rendered":"Ricerca di mercato sui momenti della verit\u00e0"},"content":{"rendered":"<h1 class=\"wp-block-heading\">Ricerca di mercato sui momenti della verit\u00e0<\/h1>\n\n\n\n<p><\/p>\n\n\n\n<figure class=\"gb-block-image gb-block-image-cf1baa2d\"><img loading=\"lazy\" decoding=\"async\" width=\"1456\" height=\"816\" class=\"gb-image gb-image-cf1baa2d\" src=\"https:\/\/www.sisinternational.com\/wp-content\/uploads\/2025\/08\/Retail-6.jpg\" alt=\"Ricerca e strategia di mercato internazionale SIS\" title=\"Retail (6)\" srcset=\"https:\/\/www.sisinternational.com\/wp-content\/uploads\/2025\/08\/Retail-6.jpg 1456w, https:\/\/www.sisinternational.com\/wp-content\/uploads\/2025\/08\/Retail-6-300x168.jpg 300w, https:\/\/www.sisinternational.com\/wp-content\/uploads\/2025\/08\/Retail-6-1024x574.jpg 1024w, https:\/\/www.sisinternational.com\/wp-content\/uploads\/2025\/08\/Retail-6-768x430.jpg 768w, https:\/\/www.sisinternational.com\/wp-content\/uploads\/2025\/08\/Retail-6-18x10.jpg 18w\" sizes=\"auto, (max-width: 1456px) 100vw, 1456px\"><\/figure>\n\n\n\n<hr class=\"wp-block-separator has-alpha-channel-opacity is-style-dots\"\/>\n\n\n\n<h3 class=\"wp-block-heading\">Questo approccio di ricerca consente alle aziende di prendere decisioni tempestive e di impatto, individuando con precisione i momenti esatti in cui le percezioni dei consumatori cambiano. L&#039;esperienza di SIS International garantisce che le intuizioni siano allineate con le ultime esigenze e aspettative del mercato.<\/h3>\n\n\n\n<p>Cosa serve per prendere decisioni efficaci e in tempo reale nel mercato frenetico di oggi? La ricerca di mercato Moments of truth \u00e8 la soluzione su cui si affidano i marchi pi\u00f9 importanti quando precisione e intuito sono essenziali. Questo approccio mirato aiuta le aziende a catturare i momenti decisionali critici, sia che si tratti di entrare in nuovi mercati o di ottimizzare le strategie attuali.<\/p>\n\n\n\n<h2 class=\"wp-block-heading\"><strong>Che cosa sono le ricerche di mercato Moments of Truth?<\/strong><\/h2>\n\n\n\n<p>La ricerca di mercato sui momenti della verit\u00e0 si concentra sulla comprensione dei momenti cruciali in cui i consumatori prendono decisioni che definiscono la loro esperienza con un marchio. Questi &quot;momenti della verit\u00e0&quot; sono i punti critici nel percorso del cliente che modellano la fedelt\u00e0, la soddisfazione e l&#039;impegno a lungo termine. Questo approccio \u00e8 particolarmente prezioso per le aziende che affrontano una forte concorrenza, dove riconoscere sottili cambiamenti nel comportamento dei clienti \u00e8 fondamentale per mantenere la pertinenza. Analizzando questi momenti, SIS International fornisce ai clienti strategie praticabili che si allineano alle esigenze del mercato in tempo reale.<\/p>\n\n\n\n<h2 class=\"wp-block-heading\"><strong>Perch\u00e9 le aziende hanno bisogno delle ricerche di mercato sui &quot;momenti della verit\u00e0&quot;?<\/strong><\/h2>\n\n\n\n<figure class=\"gb-block-image gb-block-image-0132acc8\"><img loading=\"lazy\" decoding=\"async\" width=\"1456\" height=\"816\" class=\"gb-image gb-image-0132acc8\" src=\"https:\/\/www.sisinternational.com\/wp-content\/uploads\/2025\/08\/Retail-15.jpg\" alt=\"Ricerca e strategia di mercato internazionale SIS\" title=\"Retail (15)\" srcset=\"https:\/\/www.sisinternational.com\/wp-content\/uploads\/2025\/08\/Retail-15.jpg 1456w, https:\/\/www.sisinternational.com\/wp-content\/uploads\/2025\/08\/Retail-15-300x168.jpg 300w, https:\/\/www.sisinternational.com\/wp-content\/uploads\/2025\/08\/Retail-15-1024x574.jpg 1024w, https:\/\/www.sisinternational.com\/wp-content\/uploads\/2025\/08\/Retail-15-768x430.jpg 768w, https:\/\/www.sisinternational.com\/wp-content\/uploads\/2025\/08\/Retail-15-18x10.jpg 18w\" sizes=\"auto, (max-width: 1456px) 100vw, 1456px\"><\/figure>\n\n\n\n<p><\/p>\n\n\n\n<p>Capire quando e perch\u00e9 i clienti prendono decisioni cruciali pu\u00f2 dare alle aziende un vantaggio significativo. Ecco perch\u00e9 la ricerca di mercato sui momenti della verit\u00e0 aiuta le aziende a individuare queste congiunture critiche, consentendo loro di rispondere in modo efficace alle esigenze dei consumatori e alle richieste del mercato.&nbsp;<\/p>\n\n\n\n<p>Per settori con scenari altamente competitivi, come il commercio al dettaglio, la tecnologia e la finanza, un singolo &quot;momento della verit\u00e0&quot; pu\u00f2 determinare se un cliente rimane con un marchio o esplora alternative. Nella tecnologia, ad esempio, i clienti sono spesso sopraffatti dalle scelte e la loro fedelt\u00e0 pu\u00f2 dipendere da quanto bene un marchio anticipa e soddisfa le loro esigenze in punti specifici.&nbsp;<\/p>\n\n\n\n<p>Furthermore, this research approach is invaluable for companies operating in diverse global <a href=\"https:\/\/www.sisinternational.com\/it\/copertura\/le-americhe\/ricerche-di-mercato-in-america-latina\/ricerche-di-mercato-in-bolivia\/\" title=\"Ricerche di mercato in Bolivia\"  data-wpil-monitor-id=\"4570\">markets<\/a>, where consumer behaviors and expectations vary significantly by region. Moments of truth market research allows businesses to adjust their strategies to resonate with local customer preferences.&nbsp;<\/p>\n\n\n\n<h2 class=\"wp-block-heading\"><strong>La nostra attuale revisione del mercato e raccomandazioni<\/strong><\/h2>\n\n\n\n<p>In SIS International, riconosciamo che i marchi hanno bisogno di approfondimenti tempestivi in questi momenti per modellare efficacemente le proprie strategie. La nostra analisi mostra che le aziende che danno priorit\u00e0 attiva alla comprensione di queste congiunture critiche godono di una maggiore fidelizzazione dei clienti, una maggiore fedelt\u00e0 al marchio e una migliore posizione competitiva. Crediamo che questo possa consentire ai marchi di prendere decisioni basate sui dati che risuonano profondamente con il loro pubblico, promuovendo la fedelt\u00e0 a lungo termine.<\/p>\n\n\n\n<h2 class=\"wp-block-heading\"><strong>Segmenti in maggiore crescita<\/strong><\/h2>\n\n\n\n<p>Nella ricerca di mercato sui momenti della verit\u00e0, diversi segmenti stanno vivendo una rapida crescita a causa dei cambiamenti nel comportamento dei consumatori, dei progressi tecnologici e della crescente necessit\u00e0 di coinvolgimento personalizzato. Questi segmenti sono definiti dalla loro capacit\u00e0 di catturare e analizzare efficacemente le interazioni critiche dei consumatori, aiutando i marchi ad adattarsi in un mercato dinamico.<\/p>\n\n\n<div class=\"wp-block-image\">\n<figure class=\"aligncenter is-resized\"><img decoding=\"async\" src=\"https:\/\/lh7-rt.googleusercontent.com\/docsz\/AD_4nXfw_4bMQc_p31zcmefRTIACprdJle68geUfXxgmTvxwSgMNXvtxeLfPnDMqBV_-ctQJw3tLgh0ToppI6WhK_oN7bkRAK-_kzzXOzKuZZ5fuip_a9vjwuVEW0-q-Lli4z9FLz8qLHQ?key=d2pIYbKk51A57OV7aLKAXom3\" alt=\"Ricerca e strategia di mercato internazionale SIS\" style=\"width:687px;height:auto\"><\/figure>\n<\/div>\n\n\n<ol class=\"wp-block-list\">\n<li><strong>Analisi dell&#039;esperienza del cliente<\/strong> \u2013 Le aziende investono molto in strumenti per comprendere le interazioni con i clienti, rendendo questo uno dei segmenti in pi\u00f9 rapida crescita.<\/li>\n\n\n\n<li><strong>Intelligenza artificiale e apprendimento automatico<\/strong> \u2013 L\u2019analisi dei dati dei clienti basata sull\u2019intelligenza artificiale migliora la precisione nell\u2019identificazione dei \u201cmomenti della verit\u00e0\u201d.<\/li>\n\n\n\n<li><strong>Soluzioni di personalizzazione<\/strong> \u2013 Il marketing personalizzato e il servizio clienti sono essenziali per catturare i momenti cruciali, soprattutto nei settori in cui il digitale \u00e8 al primo posto.<\/li>\n\n\n\n<li><strong>Segmentazione comportamentale<\/strong> \u2013 La comprensione dei tratti comportamentali pi\u00f9 sfumati aiuta i marchi a identificare le esigenze specifiche del loro pubblico.<\/li>\n\n\n\n<li><strong>Analisi predittiva<\/strong> \u2013 Sfruttare i dati storici per prevedere le decisioni dei consumatori \u00e8 uno strumento potente per i marchi che vogliono rimanere proattivi.<\/li>\n\n\n\n<li><strong>Programmi Voice of Customer<\/strong> \u2013 I programmi di raccolta del feedback dei clienti aiutano le aziende a concentrarsi su informazioni in tempo reale derivanti da interazioni dirette.<\/li>\n\n\n\n<li><strong>Mappatura del percorso del cliente<\/strong> \u2013 Questo segmento consente alle aziende di mappare i punti decisionali chiave e di affrontare efficacemente i punti critici.<\/li>\n\n\n\n<li><strong>Strumenti di coinvolgimento omnicanale<\/strong> \u2013 Garantire un&#039;esperienza fluida su pi\u00f9 piattaforme \u00e8 sempre pi\u00f9 essenziale per i marchi.<\/li>\n\n\n\n<li><strong>Modelli di previsione del tasso di abbandono<\/strong> \u2013 Le aziende utilizzano questi modelli per identificare i clienti a rischio, consentendo loro di affrontare tempestivamente l\u2019insoddisfazione.<\/li>\n\n\n\n<li><strong>Analisi del sentimento<\/strong> \u2013 Analizzare il sentimento dei consumatori offre ai marchi informazioni pi\u00f9 approfondite sui fattori motivazionali emotivi nei momenti della verit\u00e0.<\/li>\n<\/ol>\n\n\n\n<h2 class=\"wp-block-heading\"><strong>Approfondimenti regionali<\/strong><\/h2>\n\n\n\n<p>In <strong>Nord America<\/strong>, le aspettative dei consumatori sono spesso incentrate sulla praticit\u00e0 e sulla personalizzazione. I marchi devono dare priorit\u00e0 ai momenti che semplificano il percorso del cliente, in particolare nell&#039;e-commerce, dove il servizio rapido e la personalizzazione sono molto apprezzati. Inoltre, la sostenibilit\u00e0 sta diventando un fattore decisionale significativo, soprattutto tra i consumatori pi\u00f9 giovani.<\/p>\n\n\n\n<p>In <strong>Europa<\/strong>, c&#039;\u00e8 una forte attenzione alla trasparenza e alle pratiche etiche, con i clienti che attribuiscono un valore elevato alla responsabilit\u00e0 ambientale e sociale delle aziende. Per i marchi che operano in Europa, le ricerche di mercato sui momenti della verit\u00e0 possono evidenziare come questi valori influenzano le decisioni dei consumatori, aiutando le aziende ad allineare le proprie strategie con un pubblico pi\u00f9 coscienzioso.<\/p>\n\n\n\n<p><strong>Asia-Pacifico<\/strong> rappresenta una delle regioni pi\u00f9 dinamiche, con una rapida adozione digitale e una base di consumatori sempre pi\u00f9 esperta di tecnologia. I momenti di verit\u00e0 basati sui dispositivi mobili sono essenziali qui, principalmente perch\u00e9 i consumatori si affidano molto ai social media e alle app mobili per lo shopping e l&#039;engagement con il marchio.&nbsp;<\/p>\n\n\n\n<p>In <strong>America Latina<\/strong>, economic factors often play a larger role in consumer decision-making moments. Price sensitivity and value-based purchasing are crucial in these markets, making Moments of Truth <a href=\"https:\/\/www.sisinternational.com\/it\/soluzioni\/ricerca-di-consulenza-strategica-fintech\/ricerche-di-mercato-sui-prezzi-delle-materie-prime\/\" title=\"Ricerche di mercato sui prezzi delle materie prime\"  data-wpil-monitor-id=\"5493\">Market Research vital for understanding price<\/a> perception and its influence on brand loyalty.<\/p>\n\n\n\n<h2 class=\"wp-block-heading\"><strong>Opportunit\u00e0 per le imprese<\/strong><\/h2>\n\n\n\n<figure class=\"gb-block-image gb-block-image-361d6fb0\"><img loading=\"lazy\" decoding=\"async\" width=\"1456\" height=\"816\" class=\"gb-image gb-image-361d6fb0\" src=\"https:\/\/www.sisinternational.com\/wp-content\/uploads\/2025\/09\/Quantitative-research-19.jpg\" alt=\"Ricerca e strategia di mercato internazionale SIS\" title=\"Quantitative research (19)\" srcset=\"https:\/\/www.sisinternational.com\/wp-content\/uploads\/2025\/09\/Quantitative-research-19.jpg 1456w, https:\/\/www.sisinternational.com\/wp-content\/uploads\/2025\/09\/Quantitative-research-19-300x168.jpg 300w, https:\/\/www.sisinternational.com\/wp-content\/uploads\/2025\/09\/Quantitative-research-19-1024x574.jpg 1024w, https:\/\/www.sisinternational.com\/wp-content\/uploads\/2025\/09\/Quantitative-research-19-768x430.jpg 768w, https:\/\/www.sisinternational.com\/wp-content\/uploads\/2025\/09\/Quantitative-research-19-18x10.jpg 18w\" sizes=\"auto, (max-width: 1456px) 100vw, 1456px\"><\/figure>\n\n\n\n<p><\/p>\n\n\n\n<p>La ricerca di mercato sui momenti della verit\u00e0 offre alle aziende opportunit\u00e0 uniche per migliorare la loro comprensione del comportamento dei clienti e perfezionare le loro strategie. Sfruttando le intuizioni di questi momenti cruciali, le aziende possono aprire le porte alla crescita, alla fedelt\u00e0 e alla differenziazione del mercato.<\/p>\n\n\n\n<ul class=\"wp-block-list\">\n<li><strong>Migliorare la fedelt\u00e0 dei clienti<\/strong> \u2013 Le aziende possono creare esperienze che promuovano una fedelt\u00e0 pi\u00f9 profonda identificando i punti decisionali critici. Quando le aziende riconoscono cosa spinge gli acquisti ripetuti, possono coltivare relazioni a lungo termine che portano alla promozione del marchio.<\/li>\n\n\n\n<li><strong>Personalizzazione del percorso del cliente<\/strong> \u2013 Moments of truth <a href=\"https:\/\/www.sisinternational.com\/it\/cosa-sono-le-pubbliche-relazioni\/\" title=\"Pubbliche relazioni e ricerche di mercato\"  data-wpil-monitor-id=\"2241\">market research allows brands<\/a> to create personalized interactions that resonate with individual customers. Personalized engagement builds stronger connections, increasing the likelihood of conversions and repeat interactions.<\/li>\n\n\n\n<li><strong>Identificazione di nuovi flussi di entrate<\/strong> \u2013 Comprendere i momenti della verit\u00e0 pu\u00f2 far emergere esigenze insoddisfatte dei clienti, guidando le aziende a sviluppare nuovi prodotti o servizi che colmino queste lacune. Questo approccio apre opportunit\u00e0 per canali di fatturato diversificati ed espansione del mercato.<\/li>\n\n\n\n<li><strong>Migliorare la fidelizzazione dei clienti<\/strong> \u2013 La ricerca dei momenti della verit\u00e0 aiuta le aziende ad affrontare in modo proattivo i potenziali punti critici, riducendo l&#039;abbandono dei clienti. Le aziende possono migliorare i tassi di soddisfazione e fidelizzazione rispondendo in modo efficace nei momenti decisionali chiave.<\/li>\n\n\n\n<li><strong>Ottenere un vantaggio competitivo<\/strong> \u2013 Nei mercati competitivi, i momenti della verit\u00e0 forniscono spunti che consentono ai marchi di differenziarsi. Concentrandosi su questi momenti decisivi, le aziende possono offrire proposte di valore uniche che le distinguono dai concorrenti.<\/li>\n\n\n\n<li><strong>Ottimizzazione delle strategie di marketing<\/strong> \u2013 La ricerca di mercato Moments of truth informa gli sforzi di marketing evidenziando i messaggi e i canali pi\u00f9 efficaci. Allineando le campagne ai punti decisionali dei clienti, le aziende possono massimizzare l&#039;impatto delle loro iniziative di marketing.<\/li>\n\n\n\n<li><strong>Migliorare la percezione del marchio<\/strong> \u2013 Le interazioni positive nei momenti chiave possono avere un impatto significativo sul modo in cui i clienti percepiscono un marchio. I momenti di verit\u00e0 consentono alle aziende di modellare queste percezioni in modo favorevole, creando fiducia e una reputazione positiva.<\/li>\n<\/ul>\n\n\n\n<h2 class=\"wp-block-heading\"><strong>Cosa rende SIS International una delle migliori societ\u00e0 di ricerche di mercato<\/strong><\/h2>\n\n\n\n<p><a href=\"https:\/\/www.linkedin.com\/company\/sisinternationalresearch\/\" target=\"_blank\" rel=\"noopener\">SIS Internazionale<\/a> \u00e8 ben noto come leader nella ricerca di mercato del momento della verit\u00e0, offrendo competenza e risorse senza pari per aiutare i marchi ad avere successo in mercati complessi e competitivi. Ecco 10 elementi che distinguono SIS International:<\/p>\n\n\n\n<ul class=\"wp-block-list\">\n<li><strong>Portata globale<\/strong> \u2013 Grazie alla presenza nei mercati chiave in tutto il mondo, offriamo approfondimenti che riflettono diverse tendenze regionali e sfumature culturali.<\/li>\n\n\n\n<li><strong>Conoscenza approfondita del settore<\/strong> \u2013 Il nostro team \u00e8 specializzato in diversi settori, dalla tecnologia alla finanza, dai beni di consumo all\u2019assistenza sanitaria, garantendo approfondimenti personalizzati per ogni settore.<\/li>\n\n\n\n<li><strong>Strumenti di analisi avanzati<\/strong> \u2013 Utilizziamo strumenti e tecnologie all\u2019avanguardia per catturare e analizzare il comportamento dei clienti, rendendo le nostre intuizioni dettagliate e fruibili.<\/li>\n\n\n\n<li><strong>Team di esperti esperti<\/strong> \u2013 Il nostro team \u00e8 composto da ricercatori, analisti e strateghi esperti che forniscono una consulenza di alta qualit\u00e0 basata su anni di esperienza.<\/li>\n\n\n\n<li><strong>Approccio incentrato sul cliente<\/strong> \u2013 Diamo priorit\u00e0 alla comprensione delle esigenze specifiche dei clienti, creando soluzioni di ricerca in linea con i loro obiettivi e le loro sfide specifiche.<\/li>\n\n\n\n<li><strong>Tecniche di ricerca innovative<\/strong> \u2013 <a href=\"https:\/\/medium.com\/@sisinternational\/sis-international-c17160da8fac\" target=\"_blank\" rel=\"noopener\">SIS<\/a> sfrutta metodologie innovative, tra cui l&#039;analisi predittiva e l&#039;analisi del sentiment, per catturare i momenti chiave della verit\u00e0.<\/li>\n\n\n\n<li><strong>Impegno per la privacy dei dati<\/strong> \u2013 Rispettiamo rigorosi standard sulla privacy dei dati, assicurando che la nostra ricerca sia etica e conforme alle normative vigenti.<\/li>\n\n\n\n<li><strong>Reporting completo<\/strong> \u2013 I nostri report sono progettati per essere chiari, concisi e fruibili, consentendo ai clienti di prendere decisioni informate con sicurezza.<\/li>\n\n\n\n<li><strong>Enfasi sulle informazioni in tempo reale<\/strong> \u2013 L&#039;attenzione di SIS International sui dati in tempo reale consente ai marchi di rispondere tempestivamente alle attuali condizioni e ai cambiamenti del mercato.<\/li>\n\n\n\n<li><strong>Esperienza comprovata<\/strong> \u2013 Grazie a una storia di partnership di successo e ricerche di impatto, SIS International \u00e8 considerata dai principali marchi globali come la societ\u00e0 che fornisce approfondimenti significativi.<\/li>\n<\/ul>\n\n\n\n<h2 class=\"wp-block-heading\">A proposito di SIS Internazionale<\/h2>\n\n\n\n<p><a href=\"https:\/\/www.sisinternational.com\/it\/\">SIS Internazionale<\/a> offre ricerca quantitativa, qualitativa e strategica. Forniamo dati, strumenti, strategie, report e approfondimenti per il processo decisionale. Conduciamo anche interviste, sondaggi, focus group e altri metodi e approcci di ricerca di mercato.<a href=\"https:\/\/www.sisinternational.com\/it\/sulla-sua-ricerca-internazionale\/contact-sis-international-market-research\/\"> Contattaci<\/a> per il tuo prossimo progetto di ricerca di mercato.<\/p>\n\n\n\n<hr class=\"wp-block-separator has-alpha-channel-opacity\"\/>","protected":false},"excerpt":{"rendered":"<p>Moments of Truth Market Research This research approach empowers businesses to make timely, impactful decisions by pinpointing the exact moments when consumer perceptions shift. SIS International\u2019s expertise ensures that insights are aligned with the market\u2019s latest needs and expectations. What does it take to make impactful, real-time decisions in today\u2019s fast-paced market? Moments of truth &#8230; <a title=\"Ricerca di mercato sui momenti della verit\u00e0\" class=\"read-more\" href=\"https:\/\/www.sisinternational.com\/it\/competenza\/momenti-della-verita-ricerche-di-mercato\/\" aria-label=\"Per saperne di pi\u00f9 su Moments of Truth Market Research\">Leggi tutto<\/a><\/p>","protected":false},"author":1,"featured_media":62509,"parent":14514,"menu_order":472,"comment_status":"closed","ping_status":"closed","template":"","meta":{"footnotes":""},"class_list":["post-54219","page","type-page","status-publish","has-post-thumbnail"],"_links":{"self":[{"href":"https:\/\/www.sisinternational.com\/it\/wp-json\/wp\/v2\/pages\/54219","targetHints":{"allow":["GET"]}}],"collection":[{"href":"https:\/\/www.sisinternational.com\/it\/wp-json\/wp\/v2\/pages"}],"about":[{"href":"https:\/\/www.sisinternational.com\/it\/wp-json\/wp\/v2\/types\/page"}],"author":[{"embeddable":true,"href":"https:\/\/www.sisinternational.com\/it\/wp-json\/wp\/v2\/users\/1"}],"replies":[{"embeddable":true,"href":"https:\/\/www.sisinternational.com\/it\/wp-json\/wp\/v2\/comments?post=54219"}],"version-history":[{"count":9,"href":"https:\/\/www.sisinternational.com\/it\/wp-json\/wp\/v2\/pages\/54219\/revisions"}],"predecessor-version":[{"id":79266,"href":"https:\/\/www.sisinternational.com\/it\/wp-json\/wp\/v2\/pages\/54219\/revisions\/79266"}],"up":[{"embeddable":true,"href":"https:\/\/www.sisinternational.com\/it\/wp-json\/wp\/v2\/pages\/14514"}],"wp:featuredmedia":[{"embeddable":true,"href":"https:\/\/www.sisinternational.com\/it\/wp-json\/wp\/v2\/media\/62509"}],"wp:attachment":[{"href":"https:\/\/www.sisinternational.com\/it\/wp-json\/wp\/v2\/media?parent=54219"}],"curies":[{"name":"wp","href":"https:\/\/api.w.org\/{rel}","templated":true}]}}