{"id":54215,"date":"2024-11-22T05:03:22","date_gmt":"2024-11-22T10:03:22","guid":{"rendered":"https:\/\/www.sisinternational.com\/?page_id=54215"},"modified":"2026-03-05T23:13:04","modified_gmt":"2026-03-06T04:13:04","slug":"azienda-leader-nella-strategia-di-marketing","status":"publish","type":"page","link":"https:\/\/www.sisinternational.com\/it\/soluzioni\/consulenza-strategica\/azienda-leader-nella-strategia-di-marketing\/","title":{"rendered":"Azienda di strategia di marketing di alto livello"},"content":{"rendered":"<h1 class=\"wp-block-heading\">Azienda di strategia di marketing di alto livello<\/h1>\n\n\n\n<p><\/p>\n\n\n\n<figure class=\"gb-block-image gb-block-image-3ca30460\"><img loading=\"lazy\" decoding=\"async\" width=\"1456\" height=\"816\" class=\"gb-image gb-image-3ca30460\" src=\"https:\/\/www.sisinternational.com\/wp-content\/uploads\/2025\/08\/Strategy-consulting-20.jpg\" alt=\"Ricerca e strategia di mercato internazionale SIS\" title=\"Strategy consulting (20)\" srcset=\"https:\/\/www.sisinternational.com\/wp-content\/uploads\/2025\/08\/Strategy-consulting-20.jpg 1456w, https:\/\/www.sisinternational.com\/wp-content\/uploads\/2025\/08\/Strategy-consulting-20-300x168.jpg 300w, https:\/\/www.sisinternational.com\/wp-content\/uploads\/2025\/08\/Strategy-consulting-20-1024x574.jpg 1024w, https:\/\/www.sisinternational.com\/wp-content\/uploads\/2025\/08\/Strategy-consulting-20-768x430.jpg 768w, https:\/\/www.sisinternational.com\/wp-content\/uploads\/2025\/08\/Strategy-consulting-20-18x10.jpg 18w\" sizes=\"auto, (max-width: 1456px) 100vw, 1456px\"><\/figure>\n\n\n\n<hr class=\"wp-block-separator has-alpha-channel-opacity is-style-dots\"\/>\n\n\n\n<h3 class=\"wp-block-heading\">Una strategia di marketing ben definita \u00e8 il fondamento di qualsiasi attivit\u00e0 di successo. In qualit\u00e0 di azienda leader nella strategia di marketing, SIS International collabora con le aziende per creare strategie basate sui dati che raggiungano risultati misurabili.<\/h3>\n\n\n\n<p>Cosa differenzia i marchi di successo da quelli che hanno difficolt\u00e0? La risposta sta nell&#039;avere una strategia di marketing chiara ed efficace. SIS International, una delle principali societ\u00e0 di strategia di marketing, fornisce le informazioni e la pianificazione necessarie per entrare in contatto con il pubblico di riferimento e guidare la crescita.<\/p>\n\n\n\n<h2 class=\"wp-block-heading\">Perch\u00e9 la strategia di marketing \u00e8 essenziale nell&#039;attuale panorama aziendale globale?<\/h2>\n\n\n\n<p><a href=\"https:\/\/www.sisinternational.com\/it\/azienda-leader-nella-strategia-di-mercato-b2b\/\" title=\"La migliore azienda di strategia di mercato B2B\"  data-wpil-monitor-id=\"1361\">Marketing strategy defines how a company<\/a> reaches its target audience, communicates its value proposition, and drives sales and growth. That\u2019s why companies need a comprehensive marketing strategy to ensure that their messages are heard, their brands are recognized, and their products resonate with consumers.<\/p>\n\n\n\n<p>Whether a company is launching a new product, entering a new market, or rebranding, having a robust <a href=\"https:\/\/www.sisinternational.com\/it\/what-to-expect-in-your-first-year-entering-a-new-market-5-essential-strategies\/\" title=\"What to Expect in Your First Year Entering a New Market: 5 Essential Strategies\"  data-wpil-monitor-id=\"1082\">marketing strategy is essential<\/a> to navigating challenges and seizing opportunities. A <a href=\"https:\/\/www.sisinternational.com\/it\/la-migliore-societa-di-valutazione-della-strategia-aziendale\/\" title=\"La migliore societ\u00e0 di valutazione della strategia aziendale\"  data-wpil-monitor-id=\"1490\">top marketing strategy firm<\/a> provides the expertise to craft tailored strategies that resonate with consumers, create meaningful connections, and drive long-term success.<\/p>\n\n\n\n<h2 class=\"wp-block-heading\">Servizi che puoi aspettarti da una delle migliori aziende di strategia di marketing<\/h2>\n\n\n\n<figure class=\"gb-block-image gb-block-image-d54be9ae\"><img loading=\"lazy\" decoding=\"async\" width=\"1456\" height=\"816\" class=\"gb-image gb-image-d54be9ae\" src=\"https:\/\/www.sisinternational.com\/wp-content\/uploads\/2025\/08\/Strategy-consulting-25.jpg\" alt=\"Ricerca e strategia di mercato internazionale SIS\" title=\"Strategy consulting (25)\" srcset=\"https:\/\/www.sisinternational.com\/wp-content\/uploads\/2025\/08\/Strategy-consulting-25.jpg 1456w, https:\/\/www.sisinternational.com\/wp-content\/uploads\/2025\/08\/Strategy-consulting-25-300x168.jpg 300w, https:\/\/www.sisinternational.com\/wp-content\/uploads\/2025\/08\/Strategy-consulting-25-1024x574.jpg 1024w, https:\/\/www.sisinternational.com\/wp-content\/uploads\/2025\/08\/Strategy-consulting-25-768x430.jpg 768w, https:\/\/www.sisinternational.com\/wp-content\/uploads\/2025\/08\/Strategy-consulting-25-18x10.jpg 18w\" sizes=\"auto, (max-width: 1456px) 100vw, 1456px\"><\/figure>\n\n\n\n<p><\/p>\n\n\n\n<p>UN <a href=\"https:\/\/www.sisinternational.com\/it\/soluzioni\/legal-market-research\/mock-jury-market-research-3\/\" title=\"La migliore societ\u00e0 di ricerche di mercato con giuria simulata\"  data-wpil-monitor-id=\"934\">top marketing strategy<\/a> firm offers a <strong>ricerche e analisi di mercato<\/strong>, che implica la raccolta e l&#039;analisi dei dati per comprendere il comportamento dei consumatori, le tendenze di mercato e le dinamiche competitive. Queste informazioni sono la base per creare strategie di marketing informate che si allineano alle opportunit\u00e0 di mercato e alle esigenze dei consumatori.<\/p>\n\n\n\n<p><strong>Sviluppo della strategia del marchio<\/strong> \u00e8 un altro servizio essenziale, incentrato sulla definizione dell&#039;identit\u00e0, dei valori e del posizionamento di un marchio. Una strategia di marchio forte aiuta le aziende a stabilire una presenza unica sul mercato, a costruire la fedelt\u00e0 al marchio e a differenziarsi dai concorrenti.&nbsp;<\/p>\n\n\n\n<p><strong>Pianificazione ed esecuzione della campagna<\/strong> are critical <a href=\"https:\/\/www.sisinternational.com\/it\/strategia-di-marketing-nei-servizi-educativi\/\" title=\"Strategia di marketing nei servizi educativi\"  data-wpil-monitor-id=\"2089\">services top marketing strategy<\/a> firms provide. From digital marketing to traditional media, these firms help businesses plan and execute marketing campaigns that reach the right audiences at the right time.&nbsp;<\/p>\n\n\n\n<h3 class=\"wp-block-heading\">Servizi principali forniti da una delle principali societ\u00e0 di strategia di marketing:<\/h3>\n\n\n\n<p><\/p>\n\n\n<div class=\"wp-block-image\">\n<figure class=\"aligncenter size-full is-resized\"><img loading=\"lazy\" decoding=\"async\" width=\"819\" height=\"685\" src=\"https:\/\/www.sisinternational.com\/wp-content\/uploads\/2024\/11\/Top-Marketing-Strategy-Company.png\" alt=\"Ricerca e strategia di mercato internazionale SIS\" class=\"wp-image-54216\" style=\"width:694px;height:auto\" srcset=\"https:\/\/www.sisinternational.com\/wp-content\/uploads\/2024\/11\/Top-Marketing-Strategy-Company.png 819w, https:\/\/www.sisinternational.com\/wp-content\/uploads\/2024\/11\/Top-Marketing-Strategy-Company-300x251.png 300w, https:\/\/www.sisinternational.com\/wp-content\/uploads\/2024\/11\/Top-Marketing-Strategy-Company-768x642.png 768w, https:\/\/www.sisinternational.com\/wp-content\/uploads\/2024\/11\/Top-Marketing-Strategy-Company-14x12.png 14w\" sizes=\"auto, (max-width: 819px) 100vw, 819px\" \/><\/figure>\n<\/div>\n\n\n<p><\/p>\n\n\n\n<ul class=\"wp-block-list\">\n<li><strong>Ricerche e analisi di mercato:<\/strong> Condurre ricerche approfondite per comprendere le tendenze del mercato, il comportamento dei consumatori e le dinamiche della concorrenza.<\/li>\n\n\n\n<li><strong>Sviluppo della strategia del marchio:<\/strong> Creare un&#039;identit\u00e0 e un posizionamento del marchio unici, che siano in sintonia con il pubblico di riferimento e creino fedelt\u00e0 al marchio.<\/li>\n\n\n\n<li><strong>Pianificazione ed esecuzione della campagna:<\/strong> Sviluppo ed esecuzione di campagne di marketing che raggiungano e coinvolgano efficacemente il pubblico target su pi\u00f9 canali.<\/li>\n\n\n\n<li><strong>Segmentazione e targeting dei clienti:<\/strong> Identificare i segmenti chiave della clientela e adattare gli sforzi di marketing per soddisfare le loro esigenze e preferenze specifiche.<\/li>\n\n\n\n<li><strong>Strategia di marketing digitale:<\/strong> Creazione di strategie di marketing digitale che sfruttano i canali online, tra cui social media, SEO e pubblicit\u00e0 a pagamento, per aumentare la notoriet\u00e0 del marchio e il coinvolgimento.<\/li>\n\n\n\n<li><strong>Marketing dei contenuti e storytelling:<\/strong> Sviluppare contenuti accattivanti che raccontino la storia del marchio e creino un legame emotivo con i consumatori.<\/li>\n\n\n\n<li><strong>Misurazione e ottimizzazione delle prestazioni:<\/strong> Misurare l&#039;efficacia delle campagne di marketing e apportare modifiche basate sui dati per massimizzare il ROI.<\/li>\n<\/ul>\n\n\n\n<h2 class=\"wp-block-heading\">Quali sono i vantaggi di collaborare con un&#039;azienda leader nella strategia di marketing?<\/h2>\n\n\n\n<p>Working with a <a href=\"https:\/\/www.sisinternational.com\/it\/azienda-leader-nel-focus-group-globale\/\" title=\"La migliore azienda di focus group globale\"  data-wpil-monitor-id=\"1042\">top marketing strategy<\/a> firm provides numerous advantages significantly enhancing a company&#8217;s ability to compete in the global marketplace. These firms bring expertise, resources, and insights that help businesses craft effective marketing strategies and achieve their business goals.<\/p>\n\n\n\n<ul class=\"wp-block-list\">\n<li><strong>Competenza strategica:<\/strong> Avrai accesso a esperti del settore che conoscono le dinamiche del mercato, il comportamento dei consumatori e le strategie di marketing efficaci.<\/li>\n\n\n\n<li><strong>Processo decisionale basato sui dati:<\/strong> Le migliori aziende di strategie di marketing utilizzano dati e informazioni per creare strategie di marketing in linea con le opportunit\u00e0 di mercato e le esigenze dei consumatori.<\/li>\n\n\n\n<li><strong>Differenziazione del marchio:<\/strong> Sviluppano una forte identit\u00e0 di marca che si distingue in un mercato affollato e incontra il pubblico di riferimento.<\/li>\n\n\n\n<li><strong>Sviluppo di strategie localizzate:<\/strong> Queste aziende ti aiutano ad adattare le strategie di marketing per adattarle alle sfumature culturali e sociali delle diverse regioni, migliorando il coinvolgimento dei consumatori.<\/li>\n\n\n\n<li><strong>Ottimizzazione continua:<\/strong> Ti aiutano a misurare le prestazioni della campagna e ad apportare modifiche basate sui dati per migliorarne l&#039;efficacia e raggiungere gli obiettivi aziendali.<\/li>\n<\/ul>\n\n\n\n<h2 class=\"wp-block-heading\">In che modo la strategia di marketing stimola la crescita e l&#039;innovazione aziendale?<\/h2>\n\n\n\n<p><\/p>\n\n\n\n<figure class=\"gb-block-image gb-block-image-cfc4777c\"><img decoding=\"async\" class=\"gb-image gb-image-cfc4777c\" src=\"https:\/\/www.sisinternational.com\/wp-content\/uploads\/2024\/11\/B2B-1-1.jpg\" alt=\"Ricerca e strategia di mercato internazionale SIS\" title=\"Commercio al dettaglio 1 (1)\"><\/figure>\n\n\n\n<p><\/p>\n\n\n\n<p>La strategia di marketing aiuta le aziende a raggiungere i propri obiettivi e a prosperare in un ambiente competitivo, fornendo una chiara tabella di marcia per raggiungere il pubblico di riferimento, comunicare valore e differenziarsi dalla concorrenza.<\/p>\n\n\n\n<p><strong>Identificazione delle opportunit\u00e0 di mercato e delle esigenze dei consumatori<\/strong><\/p>\n\n\n\n<p>UN <a href=\"https:\/\/www.sisinternational.com\/it\/la-migliore-azienda-di-analisi-del-settore-a-new-york\/\" title=\"La migliore azienda di analisi del settore a New York\"  data-wpil-monitor-id=\"1117\">top marketing strategy<\/a> firm helps businesses identify market opportunities and consumer needs by conducting in-depth research and analysis. These insights help companies create products, services, and campaigns that address specific consumer needs and provide value to their target audiences. For example, <a href=\"https:\/\/www.linkedin.com\/pulse\/how-market-research-enables-growth-ruth-stanat-phekf\/\" target=\"_blank\" rel=\"noopener\">ricerca di mercato<\/a> potrebbe rivelare un segmento di consumatori sottoservito con bisogni insoddisfatti.&nbsp;<\/p>\n\n\n\n<p><strong>Guidare lo sviluppo del prodotto e il posizionamento sul mercato<\/strong><\/p>\n\n\n\n<p>Marketing strategy is instrumental in guiding product development and market positioning. A <a href=\"https:\/\/www.sisinternational.com\/it\/azienda-leader-nel-benchmarking-dei-concorrenti\/\" title=\"Azienda di benchmarking dei principali concorrenti\" data-wpil-monitor-id=\"1198\">top marketing strategy firm helps companies<\/a> define their unique value proposition and communicate it in a way that resonates with consumers.<\/p>\n\n\n\n<p>In addition to product development, <a href=\"https:\/\/www.sisinternational.com\/it\/diventando-un-campione-nascosto-nel-marketing-di-nicchia\/\" title=\"Strategia di marketing dei campioni nascosti e marketing di nicchia\" data-wpil-monitor-id=\"1976\">marketing strategy is crucial in brand<\/a> positioning. By defining a brand&#8217;s identity, values, and messaging, businesses can create a strong brand presence that differentiates them from competitors and builds lasting relationships with consumers.<\/p>\n\n\n\n<p><strong>Supporto alle decisioni aziendali strategiche<\/strong><\/p>\n\n\n\n<p>La strategia di marketing supporta anche decisioni aziendali strategiche pi\u00f9 ampie, come l&#039;ingresso nel mercato, l&#039;espansione e il rebranding. Una societ\u00e0 di strategia di marketing di alto livello fornisce le informazioni necessarie per prendere decisioni informate su quali mercati entrare, come posizionare un marchio e come adattare gli sforzi di marketing a diverse regioni.&nbsp;<\/p>\n\n\n\n<h2 class=\"wp-block-heading\">Cosa rende SIS International una delle migliori aziende di strategia di marketing<\/h2>\n\n\n\n<p><a href=\"https:\/\/www.linkedin.com\/company\/sisinternationalresearch\/\" target=\"_blank\" rel=\"noopener\">SIS Internazionale<\/a> ha un approccio unico, competenza globale e impegno nel fornire approfondimenti fruibili. La nostra capacit\u00e0 di comprendere le dinamiche di mercato e il comportamento dei consumatori e di tradurli in opportunit\u00e0 strategiche ci rende un partner affidabile per le aziende che cercano di avere successo in un mercato globale sempre pi\u00f9 complesso.<\/p>\n\n\n\n<ul class=\"wp-block-list\">\n<li><strong>Strategie di marketing personalizzate:<\/strong> Progettiamo strategie di marketing che soddisfano le esigenze di ogni cliente, assicurando che le nostre intuizioni siano significative e attuabili.<\/li>\n\n\n\n<li><strong>Competenza globale e locale:<\/strong> Il nostro team di esperti del settore offre prospettive globali e approfondimenti locali, aiutando le aziende a orientarsi tra le sfumature dei diversi mercati.<\/li>\n\n\n\n<li><strong>Ricerca di mercato completa:<\/strong> Conduciamo ricerche approfondite per comprendere le tendenze del mercato, il comportamento dei consumatori e le dinamiche della concorrenza, gettando le basi per strategie di marketing efficaci.<\/li>\n\n\n\n<li><strong>Pianificazione innovativa della campagna:<\/strong> <a href=\"https:\/\/twitter.com\/SISIntlResearch\" target=\"_blank\" rel=\"noopener\">SIS<\/a> L&#039;impegno di International verso l&#039;innovazione si traduce nell&#039;impiego degli strumenti e delle tecnologie pi\u00f9 recenti per sviluppare e realizzare campagne di marketing che coinvolgono i consumatori e generano risultati.<\/li>\n\n\n\n<li><strong>Approfondimenti basati sui dati:<\/strong> Dalla segmentazione dei clienti all&#039;ottimizzazione delle campagne, forniamo informazioni basate sui dati che aiutano i nostri clienti a prendere decisioni strategiche informate.<\/li>\n\n\n\n<li><strong>Guida e supporto degli esperti:<\/strong> Il nostro team fornisce consulenza e supporto esperti durante l&#039;intero processo di marketing, dallo sviluppo della strategia all&#039;esecuzione e all&#039;ottimizzazione.<\/li>\n\n\n\n<li><strong>Integrazione cross-channel efficace:<\/strong> Garantiamo che le strategie di marketing siano perfettamente integrate su pi\u00f9 canali, offrendo ai consumatori un&#039;esperienza di marca coerente.<\/li>\n\n\n\n<li><strong>Raccomandazioni attuabili:<\/strong> Le nostre intuizioni non sono solo informative, ma anche pratiche, poich\u00e9 forniscono ai nostri clienti passaggi chiari per migliorare l&#039;efficacia delle loro azioni di marketing.<\/li>\n\n\n\n<li><strong>Maggiore visibilit\u00e0 del marchio:<\/strong> Le nostre strategie sono progettate per aumentare la visibilit\u00e0 e il riconoscimento del marchio, garantendo che i marchi dei nostri clienti siano al primo posto nei pensieri del loro pubblico di riferimento.<\/li>\n<\/ul>\n\n\n\n<h2 class=\"wp-block-heading\">A proposito di SIS Internazionale<\/h2>\n\n\n\n<p><a href=\"https:\/\/www.sisinternational.com\/it\/\">SIS Internazionale<\/a> offre ricerca quantitativa, qualitativa e strategica. Forniamo dati, strumenti, strategie, report e approfondimenti per il processo decisionale. Conduciamo anche interviste, sondaggi, focus group e altri metodi e approcci di ricerca di mercato.<a href=\"https:\/\/www.sisinternational.com\/it\/sulla-sua-ricerca-internazionale\/contact-sis-international-market-research\/\"> Contattaci<\/a> per il tuo prossimo progetto di ricerca di mercato.<\/p>\n\n\n\n<hr class=\"wp-block-separator has-alpha-channel-opacity\"\/>","protected":false},"excerpt":{"rendered":"<p>Top Marketing Strategy Company A well-defined marketing strategy is the foundation of any successful business. As a top marketing strategy firm, SIS International works with companies to create data-driven strategies that achieve measurable results. What differentiates successful brands from those that struggle? The answer lies in having a clear and effective marketing strategy. SIS International, &#8230; <a title=\"Azienda di strategia di marketing di alto livello\" class=\"read-more\" href=\"https:\/\/www.sisinternational.com\/it\/soluzioni\/consulenza-strategica\/azienda-leader-nella-strategia-di-marketing\/\" aria-label=\"Per saperne di pi\u00f9 su Top Marketing Strategy Company\">Leggi tutto<\/a><\/p>","protected":false},"author":1,"featured_media":62554,"parent":14567,"menu_order":51,"comment_status":"closed","ping_status":"closed","template":"","meta":{"footnotes":""},"class_list":["post-54215","page","type-page","status-publish","has-post-thumbnail"],"_links":{"self":[{"href":"https:\/\/www.sisinternational.com\/it\/wp-json\/wp\/v2\/pages\/54215","targetHints":{"allow":["GET"]}}],"collection":[{"href":"https:\/\/www.sisinternational.com\/it\/wp-json\/wp\/v2\/pages"}],"about":[{"href":"https:\/\/www.sisinternational.com\/it\/wp-json\/wp\/v2\/types\/page"}],"author":[{"embeddable":true,"href":"https:\/\/www.sisinternational.com\/it\/wp-json\/wp\/v2\/users\/1"}],"replies":[{"embeddable":true,"href":"https:\/\/www.sisinternational.com\/it\/wp-json\/wp\/v2\/comments?post=54215"}],"version-history":[{"count":15,"href":"https:\/\/www.sisinternational.com\/it\/wp-json\/wp\/v2\/pages\/54215\/revisions"}],"predecessor-version":[{"id":76455,"href":"https:\/\/www.sisinternational.com\/it\/wp-json\/wp\/v2\/pages\/54215\/revisions\/76455"}],"up":[{"embeddable":true,"href":"https:\/\/www.sisinternational.com\/it\/wp-json\/wp\/v2\/pages\/14567"}],"wp:featuredmedia":[{"embeddable":true,"href":"https:\/\/www.sisinternational.com\/it\/wp-json\/wp\/v2\/media\/62554"}],"wp:attachment":[{"href":"https:\/\/www.sisinternational.com\/it\/wp-json\/wp\/v2\/media?parent=54215"}],"curies":[{"name":"wp","href":"https:\/\/api.w.org\/{rel}","templated":true}]}}