{"id":54194,"date":"2024-11-27T02:27:10","date_gmt":"2024-11-27T07:27:10","guid":{"rendered":"https:\/\/www.sisinternational.com\/?page_id=54194"},"modified":"2026-03-11T11:45:06","modified_gmt":"2026-03-11T15:45:06","slug":"new-product-testing-in-new-york","status":"publish","type":"page","link":"https:\/\/www.sisinternational.com\/it\/competenza\/ricerche-di-mercato-per-test-di-prodotto\/new-product-testing-in-new-york\/","title":{"rendered":"Test di nuovi prodotti a New York"},"content":{"rendered":"<h1 class=\"gb-headline gb-headline-4dcf0be8 gb-headline-text\">Test di nuovi prodotti a New York<\/h1>\n\n\n\n<figure class=\"gb-block-image gb-block-image-631a0d8e\"><img loading=\"lazy\" decoding=\"async\" width=\"1456\" height=\"816\" class=\"gb-image gb-image-631a0d8e\" src=\"https:\/\/www.sisinternational.com\/wp-content\/uploads\/2025\/09\/Usability-testing-2.jpg\" alt=\"Ricerca e strategia di mercato internazionale SIS\" title=\"Usability testing (2)\" srcset=\"https:\/\/www.sisinternational.com\/wp-content\/uploads\/2025\/09\/Usability-testing-2.jpg 1456w, https:\/\/www.sisinternational.com\/wp-content\/uploads\/2025\/09\/Usability-testing-2-300x168.jpg 300w, https:\/\/www.sisinternational.com\/wp-content\/uploads\/2025\/09\/Usability-testing-2-1024x574.jpg 1024w, https:\/\/www.sisinternational.com\/wp-content\/uploads\/2025\/09\/Usability-testing-2-768x430.jpg 768w, https:\/\/www.sisinternational.com\/wp-content\/uploads\/2025\/09\/Usability-testing-2-18x10.jpg 18w\" sizes=\"auto, (max-width: 1456px) 100vw, 1456px\"><\/figure>\n\n\n\n<hr class=\"wp-block-separator has-alpha-channel-opacity is-style-dots\"\/>\n\n\n\n<h3 class=\"wp-block-heading\"><span style=\"font-weight: 400;\">Testare efficacemente i nuovi prodotti a New York \u00e8 fondamentale per capire cosa funziona in uno dei mercati pi\u00f9 esigenti al mondo.&nbsp;<\/span><\/h3>\n\n\n\n<p><span style=\"font-weight: 400;\">Perch\u00e9 New York \u00e8 una sede chiave per testare nuovi prodotti? Con consumatori di ogni estrazione sociale, funge da banco di prova ideale per valutare come il tuo prodotto si comporter\u00e0 con vari gruppi demografici. I test in questo mercato competitivo forniscono feedback pertinenti e in tempo reale che aiutano a perfezionare la tua offerta e a ottimizzarne l&#039;attrattiva per il pubblico di destinazione.<\/span><\/p>\n\n\n\n<h2 class=\"wp-block-heading\"><strong>L&#039;importanza dei test sui nuovi prodotti a New York<\/strong><\/h2>\n\n\n\n<p><span style=\"font-weight: 400;\">New York \u00e8 spesso considerata un barometro per le tendenze e le preferenze dei consumatori, il che la rende un mercato essenziale per i test di prodotto. Testare il tuo nuovo prodotto qui offre diversi vantaggi chiave:<\/span><\/p>\n\n\n\n<ul class=\"wp-block-list\">\n<li><b>Base di consumatori diversificata<\/b><span style=\"font-weight: 400;\">: Con oltre 8 milioni di residenti con background diversi, New York offre un&#039;opportunit\u00e0 unica per raccogliere feedback da diversi gruppi demografici. Questa diversit\u00e0 assicura che l&#039;attrattiva del tuo prodotto venga testata su pi\u00f9 segmenti di consumatori, fornendo approfondimenti pi\u00f9 completi.<\/span><\/li>\n\n\n\n<li><b>Mercato che detta le tendenze<\/b><span style=\"font-weight: 400;\">: New York stabilisce spesso tendenze che si propagano negli Stati Uniti e a livello internazionale. I prodotti che hanno successo qui spesso guadagnano terreno in altri mercati, rendendo i test di New York inestimabili per valutare la fattibilit\u00e0 a lungo termine del prodotto.<\/span><\/li>\n\n\n\n<li><b>Panorama competitivo<\/b>: New York\u2019s crowded market means your <a href=\"https:\/\/www.sisinternational.com\/it\/soluzioni\/prova-del-gusto\/strutture-per-la-prova-del-sapore-a-new-york\/\" title=\"Strutture per la prova del sapore a New York\"  data-wpil-monitor-id=\"4735\">product will be tested<\/a> against high competition. This allows you to evaluate how your offering stands out, whether through features, pricing, or branding, in a city entire of options for consumers.<\/span><\/li>\n<\/ul>\n\n\n\n<h2 class=\"wp-block-heading\"><b>Principali vantaggi dei test sui nuovi prodotti a New York<\/b><\/h2>\n\n\n\n<figure class=\"gb-block-image gb-block-image-48c420f9\"><img loading=\"lazy\" decoding=\"async\" width=\"1456\" height=\"816\" class=\"gb-image gb-image-48c420f9\" src=\"https:\/\/www.sisinternational.com\/wp-content\/uploads\/2018\/05\/Product-testing-11.jpg\" alt=\"Ricerca e strategia di mercato internazionale SIS\" title=\"Product testing (11)\" srcset=\"https:\/\/www.sisinternational.com\/wp-content\/uploads\/2018\/05\/Product-testing-11.jpg 1456w, https:\/\/www.sisinternational.com\/wp-content\/uploads\/2018\/05\/Product-testing-11-300x168.jpg 300w, https:\/\/www.sisinternational.com\/wp-content\/uploads\/2018\/05\/Product-testing-11-1024x574.jpg 1024w, https:\/\/www.sisinternational.com\/wp-content\/uploads\/2018\/05\/Product-testing-11-768x430.jpg 768w, https:\/\/www.sisinternational.com\/wp-content\/uploads\/2018\/05\/Product-testing-11-18x10.jpg 18w\" sizes=\"auto, (max-width: 1456px) 100vw, 1456px\"><\/figure>\n\n\n\n<p><\/p>\n\n\n\n<p><span style=\"font-weight: 400;\">Uno dei vantaggi pi\u00f9 importanti dei test a New York \u00e8 l&#039;<\/span><b> velocit\u00e0 con cui puoi raccogliere feedback<\/b><span style=\"font-weight: 400;\">Il mercato in rapida evoluzione della citt\u00e0 implica che i consumatori reagiscono rapidamente e puoi adattare il tuo prodotto prima di lanciarlo su larga scala.&nbsp;<\/span><\/p>\n\n\n\n<p><span style=\"font-weight: 400;\">Un altro vantaggio fondamentale dei test effettuati a New York \u00e8 l&#039; <\/span><b>convalida del mercato<\/b><span style=\"font-weight: 400;\"> fornisce. Se il tuo prodotto riesce ad avere successo in uno dei mercati pi\u00f9 competitivi al mondo, \u00e8 probabile che abbia successo anche in altre aree. L&#039;influenza di New York si estende oltre i suoi confini, quindi la convalida che ottieni qui pu\u00f2 darti la sicurezza di espandere il tuo lancio in altre regioni.<\/span><\/p>\n\n\n\n<p><span style=\"font-weight: 400;\">Oltre alla convalida del mercato, i test a New York ti danno un <\/span><b>vantaggio competitivo<\/b><span style=\"font-weight: 400;\">La citt\u00e0 ospita innumerevoli prodotti che competono per catturare l&#039;attenzione dei consumatori e distinguersi qui significa che il tuo prodotto ha il potenziale per avere successo ovunque. <\/span><b>New York \u00e8 anche un epicentro culturale<\/b><span style=\"font-weight: 400;\">, il che significa che il tuo prodotto verr\u00e0 testato in una delle citt\u00e0 pi\u00f9 culturalmente diverse del mondo. Se il tuo prodotto pu\u00f2 piacere ai newyorkesi, \u00e8 probabile che abbia un appeal internazionale.&nbsp;<\/span><\/p>\n\n\n\n<h2 class=\"wp-block-heading\"><strong>Come i test sui nuovi prodotti a New York possono aiutare il tuo marchio<\/strong><\/h2>\n\n\n\n<p><span style=\"font-weight: 400;\">Testing your new product in New York provides insights that can shape both the product and your overall marketing strategy. Here\u2019s how <a href=\"https:\/\/www.sisinternational.com\/it\/soluzioni\/soluzioni-di-ricerca-quantitativa-qualitativa\/test-di-posizioni-centrali-a-new-york-city\/\" title=\"Test di sedi centrali a New York City: vantaggi per i test di prodotto\"  data-wpil-monitor-id=\"1594\">product testing in this city can benefit<\/a> your brand:<\/span><\/p>\n\n\n\n<ul class=\"wp-block-list\">\n<li><b>Feedback immediato del consumatore<\/b><span style=\"font-weight: 400;\">:Con uno stile di vita frenetico e una base di consumatori in continua evoluzione, i newyorkesi reagiscono immediatamente ai nuovi prodotti.&nbsp;<\/span><\/li>\n\n\n\n<li><b>Approfondimenti comportamentali<\/b><span style=\"font-weight: 400;\">: Comprendere il modo in cui i newyorkesi interagiscono con il tuo prodotto pu\u00f2 aiutarti a scoprire preferenze o preoccupazioni nascoste che potrebbero non essere immediatamente evidenti in altri mercati.&nbsp;<\/span><\/li>\n\n\n\n<li><b>Differenziazione del mercato<\/b><span style=\"font-weight: 400;\">:In un mercato competitivo come quello di New York, dove i consumatori hanno l&#039;imbarazzo della scelta, i test consentono di identificare i punti di forza esclusivi del prodotto e le aree di miglioramento.&nbsp;<\/span><\/li>\n\n\n\n<li><b>Processo decisionale informato<\/b><span style=\"font-weight: 400;\">: I test a New York riducono al minimo il rischio di fallimento del mercato, fornendo informazioni accurate e basate sui dati. Con chiare preferenze dei consumatori e punti critici, puoi prendere decisioni informate sulle modifiche al prodotto prima che raggiunga un pubblico nazionale o globale.<\/span><\/li>\n<\/ul>\n\n\n\n<h2 class=\"wp-block-heading\"><strong>Come i test sui nuovi prodotti a New York migliorano la prontezza del mercato<\/strong><\/h2>\n\n\n\n<figure class=\"gb-block-image gb-block-image-4bfeaa7f\"><img loading=\"lazy\" decoding=\"async\" width=\"1456\" height=\"816\" class=\"gb-image gb-image-4bfeaa7f\" src=\"https:\/\/www.sisinternational.com\/wp-content\/uploads\/2025\/08\/Product-testing-1.jpg\" alt=\"Ricerca e strategia di mercato internazionale SIS\" title=\"Product testing (1)\" srcset=\"https:\/\/www.sisinternational.com\/wp-content\/uploads\/2025\/08\/Product-testing-1.jpg 1456w, https:\/\/www.sisinternational.com\/wp-content\/uploads\/2025\/08\/Product-testing-1-300x168.jpg 300w, https:\/\/www.sisinternational.com\/wp-content\/uploads\/2025\/08\/Product-testing-1-1024x574.jpg 1024w, https:\/\/www.sisinternational.com\/wp-content\/uploads\/2025\/08\/Product-testing-1-768x430.jpg 768w, https:\/\/www.sisinternational.com\/wp-content\/uploads\/2025\/08\/Product-testing-1-18x10.jpg 18w\" sizes=\"auto, (max-width: 1456px) 100vw, 1456px\"><\/figure>\n\n\n\n<p><\/p>\n\n\n\n<p><span style=\"font-weight: 400;\">Testare il tuo nuovo prodotto a New York pu\u00f2 migliorare significativamente la sua prontezza per il mercato pi\u00f9 ampio. Con la sua vasta base di consumatori, questa citt\u00e0 \u00e8 un banco di prova ideale per valutare il potenziale di un prodotto prima di un lancio su larga scala. Ecco come i test basati a New York possono contribuire alla prontezza del tuo prodotto per il mercato:<\/span><\/p>\n\n\n\n<ul class=\"wp-block-list\">\n<li><b>Identificare precocemente i punti critici dei consumatori<\/b><span style=\"font-weight: 400;\">:&nbsp;<\/span><\/li>\n<\/ul>\n\n\n\n<p><span style=\"font-weight: 400;\">I newyorkesi sono esigenti, quindi il loro feedback evidenzier\u00e0 probabilmente le aree in cui il tuo prodotto necessita di miglioramenti. L&#039;identificazione precoce di questi problemi significa che puoi apportare rapidamente delle modifiche prima di distribuire il prodotto a un pubblico pi\u00f9 ampio.<\/span><\/p>\n\n\n\n<ul class=\"wp-block-list\">\n<li><b>Garantire la rilevanza culturale<\/b><span style=\"font-weight: 400;\">:&nbsp;<\/span><\/li>\n<\/ul>\n\n\n\n<p><span style=\"font-weight: 400;\">Data la diversit\u00e0 culturale di New York, testare qui aiuta a garantire che il tuo prodotto sia culturalmente sensibile e pertinente a vari gruppi demografici. I newyorkesi sono esposti a un&#039;ampia gamma di influenze culturali e le loro risposte possono far luce sul fatto che il tuo prodotto avr\u00e0 un appeal di massa o se deve essere adattato per soddisfare meglio le esigenze culturali di un mercato pi\u00f9 ampio.<\/span><\/p>\n\n\n\n<ul class=\"wp-block-list\">\n<li><b>Preparazione al lancio nazionale<\/b><span style=\"font-weight: 400;\">:<\/span><\/li>\n<\/ul>\n\n\n\n<p><span style=\"font-weight: 400;\">I test in citt\u00e0 ti consentono di risolvere eventuali problemi prima di espanderti ad altri mercati. Quando il tuo prodotto raggiunge un pubblico pi\u00f9 ampio, sar\u00e0 meglio allineato alle aspettative dei consumatori, dandogli le migliori possibilit\u00e0 di successo a livello nazionale.<\/span><\/p>\n\n\n\n<ul class=\"wp-block-list\">\n<li><b>Costruire la fiducia dei consumatori<\/b><span style=\"font-weight: 400;\">:&nbsp;<\/span><\/li>\n<\/ul>\n\n\n\n<p><span style=\"font-weight: 400;\"><a href=\"https:\/\/www.sisinternational.com\/it\/product-testing-that-turns-ideas-into-market-ready-success\/\" title=\"Product Testing That Turns Ideas into Market-Ready Success\"  data-wpil-monitor-id=\"1561\">Successful product testing<\/a> in New York can help build brand credibility. When your product is well-received in such a competitive and demanding market, it sends a strong signal to potential customers that it is trustworthy and well-developed. Positive testing results can be used in marketing materials to further boost consumer confidence.<\/span><\/p>\n\n\n\n<h2 class=\"wp-block-heading\">Qual \u00e8 il ruolo del feedback dei consumatori nei test sui nuovi prodotti?<\/h2>\n\n\n\n<p><span style=\"font-weight: 400;\">I consumatori forniscono informazioni preziose che possono distinguere tra il successo o il fallimento di un prodotto. Comprendere e agire su questo feedback \u00e8 essenziale per perfezionare e preparare il tuo prodotto per un mercato pi\u00f9 ampio.<\/span><\/p>\n\n\n\n<ul class=\"wp-block-list\">\n<li><b>Ottenere una chiara comprensione delle preferenze dei consumatori<\/b><span style=\"font-weight: 400;\">: Il feedback di un&#039;ampia gamma di persone ti aiuta a capire cosa piace e cosa non piace ai consumatori e cosa potrebbero aspettarsi da prodotti simili.&nbsp;<\/span><\/li>\n\n\n\n<li><b>Evidenziare i punti di forza e di debolezza del prodotto<\/b><span style=\"font-weight: 400;\">: Il feedback positivo pu\u00f2 rivelare i punti di forza del tuo prodotto, mentre il feedback negativo evidenzia le aree che necessitano di miglioramento. Comprendendo entrambi, puoi perfezionare il tuo prodotto per massimizzarne l&#039;attrattiva.<\/span><\/li>\n\n\n\n<li><b>Aumentare il coinvolgimento e la fedelt\u00e0 dei consumatori<\/b><span style=\"font-weight: 400;\">: Quando i consumatori vedono che il loro feedback viene preso in considerazione, ci\u00f2 contribuisce a creare fiducia e lealt\u00e0 verso il marchio. Sentono che le loro opinioni contano, il che pu\u00f2 tradursi in una pi\u00f9 forte advocacy del marchio quando il prodotto viene lanciato ufficialmente.<\/span><\/li>\n\n\n\n<li><b>Test dei messaggi di marketing<\/b>: Consumers will offer thoughts on how well they understand your messaging, whether the <a href=\"https:\/\/www.sisinternational.com\/it\/what-is-a-value-proposition-canvas-the-game-changing-framework-that-prevents-product-failures\/\" title=\"What Is a Value Proposition Canvas? &#091;The Game-Changing Framework That Prevents Product Failures&#093;\"  data-wpil-monitor-id=\"1458\">product\u2019s value proposition<\/a> is clear, and how it aligns with their needs. Their opinions can guide you in shaping a marketing campaign that truly resonates with your target audience.<\/span><\/li>\n\n\n\n<li><b>Prendere decisioni basate sui dati<\/b><span style=\"font-weight: 400;\">: Raccogliere feedback dai consumatori tramite sondaggi, focus group o panel di test ti fornisce i dati necessari per prendere decisioni informate. Pi\u00f9 feedback raccogli, pi\u00f9 chiara diventa l&#039;immagine, consentendoti di basare le tue decisioni su esperienze reali dei consumatori anzich\u00e9 su supposizioni o sensazioni istintive.<\/span><\/li>\n<\/ul>\n\n\n\n<h3 class=\"wp-block-heading\"><strong>Ubicazione della struttura: New York City<\/strong><\/h3>\n\n\n\n<p>\n\n\n\n<iframe loading=\"lazy\" src=\"https:\/\/www.google.com\/maps\/embed?pb=!1m18!1m12!1m3!1d3022.976188376966!2d-73.99130312499956!3d40.740549471389315!2m3!1f0!2f0!3f0!3m2!1i1024!2i768!4f13.1!3m3!1m2!1s0x89c259a15798c731%3A0xd695d09bdd495f25!2s11%20E%2022nd%20St%20FL%202%2C%20New%20York%2C%20NY%2010010%2C%20USA!5e0!3m2!1sen!2spe!4v1726171763526!5m2!1sen!2spe\" width=\"600\" height=\"450\" allowfullscreen=\"allowfullscreen\" data-mce-fragment=\"1\"><\/iframe>\n\n\n\n<\/p>\n\n\n\n<h3 class=\"wp-block-heading\">11 E 22nd Street, piano 2, New York, NY 10010 T: +1(212) 505-6805<\/h3>\n\n\n\n<p>\n\n\n\n<\/p>\n\n\n\n<h4 class=\"wp-block-heading\"><strong>Punti salienti della posizione:<\/strong><\/h4>\n\n\n\n<p>\n\n\n\n<\/p>\n\n\n\n<ul class=\"wp-block-list\">\n<li>\n<ul class=\"wp-block-list\">\n<li>Flatiron District a Manhattan, a pochi passi dallo storico edificio Flatiron e vicino a Madison Square Park e Union Square<\/li>\n<\/ul>\n<\/li>\n<\/ul>\n\n\n\n<p>\n\n\n\n<\/p>\n\n\n\n<ul class=\"wp-block-list\">\n<li>\n<ul class=\"wp-block-list\">\n<li>Situato in posizione centrale nel cuore di New York City, una delle principali citt\u00e0 globali e la pi\u00f9 grande citt\u00e0 degli Stati Uniti<\/li>\n<\/ul>\n<\/li>\n<\/ul>\n\n\n\n<p>\n\n\n\n<\/p>\n\n\n\n<ul class=\"wp-block-list\">\n<li>\n<ul class=\"wp-block-list\">\n<li>Comodo per numerose opzioni di trasporto<\/li>\n<\/ul>\n<\/li>\n<\/ul>\n\n\n\n<p>\n\n\n\n<\/p>\n\n\n\n<ul class=\"wp-block-list\">\n<li>\n<ul class=\"wp-block-list\">\n<li>Situato tra Broadway e Park Avenue sulla 22esima strada, vicino alla \u201cKey Bank\u201d<\/li>\n<\/ul>\n<\/li>\n<\/ul>\n\n\n\n<p>\n\n\n\n<\/p>\n\n\n\n<ul class=\"wp-block-list\">\n<li>\n<ul class=\"wp-block-list\">\n<li>Treno locale R di Broadway \u2013 Stazione 22\/23<\/li>\n<\/ul>\n<\/li>\n<\/ul>\n\n\n\n<p>\n\n\n\n<\/p>\n\n\n\n<ul class=\"wp-block-list\">\n<li>\n<ul class=\"wp-block-list\">\n<li>Treno locale 6 di Eastside - 23rd e stazione di Park Ave<\/li>\n<\/ul>\n<\/li>\n<\/ul>\n\n\n\n<p>\n\n\n\n<\/p>\n\n\n\n<ul class=\"wp-block-list\">\n<li>Treno locale 1 di Westside \u2013 Stazione 23rd e 6th Avenue<\/li>\n<\/ul>\n\n\n\n<h2 class=\"wp-block-heading\"><strong>Perch\u00e9 SIS International \u00e8 la scelta migliore per i test sui nuovi prodotti a New York?<\/strong><\/h2>\n\n\n\n<p><span style=\"font-weight: 400;\">A <a href=\"https:\/\/www.linkedin.com\/company\/sisinternationalresearch\/\" target=\"_blank\" rel=\"noopener\">SIS Internazionale<\/a>, comprendiamo l&#039;importanza critica di test efficaci sui nuovi prodotti. La vasta esperienza e gli approcci innovativi del nostro team ci rendono un partner affidabile per le aziende che desiderano testare nuovi prodotti a New York. Ecco perch\u00e9 siamo la scelta migliore:<\/span><\/p>\n\n\n\n<ul class=\"wp-block-list\">\n<li><b>Competenza comprovata nei test di prodotto<\/b><span style=\"font-weight: 400;\">: Con oltre 40 anni di esperienza in ricerche di mercato e test di prodotto, il nostro team ha le conoscenze e le competenze per garantire che i test del tuo nuovo prodotto siano efficaci ed efficienti. Sfruttiamo le best practice del settore per fornire approfondimenti di alta qualit\u00e0 che aiutano a guidare il processo di sviluppo del tuo prodotto.<\/span><\/li>\n\n\n\n<li><b>Accesso a diversi segmenti di consumatori<\/b><span style=\"font-weight: 400;\">: New York \u00e8 una citt\u00e0 eterogenea e possiamo attingere a un&#039;ampia gamma di segmenti di consumatori. La nostra vasta rete di partecipanti garantisce che il tuo prodotto riceva feedback dal pubblico giusto, sia che tu stia prendendo di mira dati demografici specifici o un&#039;ampia base di consumatori.<\/span><\/li>\n\n\n\n<li><b>Metodologie di test personalizzate<\/b><span style=\"font-weight: 400;\">: We don\u2019t believe in a one-size-fits-all approach at SIS. Our team customizes testing methodologies to suit your product and business objectives.&nbsp;<\/span><\/li>\n\n\n\n<li><b>Raccolta e analisi dei dati in tempo reale<\/b><span style=\"font-weight: 400;\">: I nostri strumenti avanzati di raccolta e analisi dei dati ci consentono di raccogliere informazioni in tempo reale, cos\u00ec puoi prendere decisioni rapidamente. Con <a href=\"https:\/\/medium.com\/@sisinternational\/sis-international-c17160da8fac\" target=\"_blank\" rel=\"noopener\">SIS<\/a>puoi essere certo di lavorare sempre con le informazioni pi\u00f9 aggiornate, il che \u00e8 essenziale per lo sviluppo agile dei prodotti.<\/span><\/li>\n\n\n\n<li><b>Strutture di collaudo all&#039;avanguardia<\/b><span style=\"font-weight: 400;\">: Offriamo accesso a strutture di collaudo all&#039;avanguardia dotate delle ultime tecnologie. Le nostre strutture sono progettate per supportare un&#039;ampia gamma di esigenze di collaudo dei prodotti, dalle valutazioni sensoriali ai test di utilizzo dei prodotti pi\u00f9 complessi. Ci\u00f2 garantisce che il tuo prodotto riceva la valutazione approfondita che merita.<\/span><\/li>\n\n\n\n<li><b>Opzioni di test flessibili<\/b><span style=\"font-weight: 400;\">: Sappiamo che ogni prodotto e mercato \u00e8 unico, quindi offriamo opzioni di test flessibili che possono essere adattate alle tue esigenze. Che tu abbia bisogno di sondaggi online, focus group di persona o test in negozio, abbiamo gli strumenti giusti per catturare il feedback di cui hai bisogno.<\/span><\/li>\n\n\n\n<li><b>Posizione strategica a New York<\/b><span style=\"font-weight: 400;\">: New York \u00e8 uno dei mercati pi\u00f9 influenti al mondo e la nostra presenza in citt\u00e0 offre un accesso senza pari a una base di consumatori urbana eterogenea. Eseguendo i test a New York, ottieni informazioni che possono essere applicate ai mercati locali e globali.<\/span><\/li>\n\n\n\n<li><b>Approccio incentrato sul consumatore<\/b><span style=\"font-weight: 400;\">: A <a href=\"https:\/\/twitter.com\/SISIntlResearch\" target=\"_blank\" rel=\"noopener\">SIS<\/a>, il consumatore \u00e8 al centro di tutto ci\u00f2 che facciamo. Diamo priorit\u00e0 alla comprensione delle sue esigenze, dei suoi comportamenti e delle sue preferenze, il che ci consente di fornire approfondimenti che guidano migliori strategie di sviluppo del prodotto e di marketing.<\/span><\/li>\n\n\n\n<li><b>Partenariato collaborativo<\/b><span style=\"font-weight: 400;\">: Crediamo nella costruzione di relazioni a lungo termine con i nostri clienti. Come partner nei test di prodotto, lavoriamo a stretto contatto con voi per garantire che i vostri obiettivi siano raggiunti e che vi sentiate supportati durante tutto il processo. Ci impegniamo per il successo del vostro prodotto.<\/span><\/li>\n\n\n\n<li><b>Reporting completo<\/b><span style=\"font-weight: 400;\">: I nostri report dettagliati forniscono informazioni chiare e fruibili che puoi utilizzare per prendere decisioni basate sui dati. Presentiamo i risultati in un modo che \u00e8 facile da capire e su misura per le tue esigenze specifiche, dandoti le informazioni di cui hai bisogno per andare avanti con sicurezza.<\/span><\/li>\n<\/ul>\n\n\n\n<h2 class=\"wp-block-heading\"><strong>A proposito di SIS Internazionale<\/strong><\/h2>\n\n\n\n<p><a href=\"https:\/\/www.sisinternational.com\/it\/\"><span style=\"font-weight: 400;\">SIS Internazionale<\/span><\/a><span style=\"font-weight: 400;\"> offre ricerca quantitativa, qualitativa e strategica. Forniamo dati, strumenti, strategie, report e approfondimenti per il processo decisionale. Conduciamo anche interviste, sondaggi, focus group e altri metodi e approcci di ricerca di mercato.<\/span><a href=\"https:\/\/www.sisinternational.com\/it\/sulla-sua-ricerca-internazionale\/contact-sis-international-market-research\/\"><span style=\"font-weight: 400;\"> Contattaci<\/span><\/a><span style=\"font-weight: 400;\"> per il tuo prossimo progetto di ricerca di mercato.<\/span><\/p>\n\n\n\n<hr class=\"wp-block-separator has-alpha-channel-opacity\"\/>\n\n\n\n<p>\n\n\n<\/p>\n<p><!-- \/wp:post-content --><\/p>\n<p><!-- wp:paragraph --><\/p>\n<p><!-- wp:paragraph --><\/p>\n<p><!-- \/wp:paragraph --><\/p>\n<p><!-- wp:paragraph --><\/p>\n<p><!-- \/wp:paragraph --><\/p>\n<p><!-- \/wp:paragraph --><\/p>\n<p><!-- wp:paragraph --><\/p>\n<p><!-- \/wp:paragraph --><\/p>","protected":false},"excerpt":{"rendered":"<p>New Product Testing in New York Effective new product testing in New York is vital to understanding what works in one of the world\u2019s most demanding markets.&nbsp; Why is New York a key location for new product testing? With consumers from all walks of life, it serves as an ideal testing ground to gauge how &#8230; <a title=\"Test di nuovi prodotti a New York\" class=\"read-more\" href=\"https:\/\/www.sisinternational.com\/it\/competenza\/ricerche-di-mercato-per-test-di-prodotto\/new-product-testing-in-new-york\/\" aria-label=\"Per saperne di pi\u00f9 su Test di nuovi prodotti a New York\">Leggi tutto<\/a><\/p>","protected":false},"author":1,"featured_media":66995,"parent":12926,"menu_order":31,"comment_status":"closed","ping_status":"closed","template":"","meta":{"footnotes":""},"class_list":["post-54194","page","type-page","status-publish","has-post-thumbnail"],"_links":{"self":[{"href":"https:\/\/www.sisinternational.com\/it\/wp-json\/wp\/v2\/pages\/54194","targetHints":{"allow":["GET"]}}],"collection":[{"href":"https:\/\/www.sisinternational.com\/it\/wp-json\/wp\/v2\/pages"}],"about":[{"href":"https:\/\/www.sisinternational.com\/it\/wp-json\/wp\/v2\/types\/page"}],"author":[{"embeddable":true,"href":"https:\/\/www.sisinternational.com\/it\/wp-json\/wp\/v2\/users\/1"}],"replies":[{"embeddable":true,"href":"https:\/\/www.sisinternational.com\/it\/wp-json\/wp\/v2\/comments?post=54194"}],"version-history":[{"count":12,"href":"https:\/\/www.sisinternational.com\/it\/wp-json\/wp\/v2\/pages\/54194\/revisions"}],"predecessor-version":[{"id":78698,"href":"https:\/\/www.sisinternational.com\/it\/wp-json\/wp\/v2\/pages\/54194\/revisions\/78698"}],"up":[{"embeddable":true,"href":"https:\/\/www.sisinternational.com\/it\/wp-json\/wp\/v2\/pages\/12926"}],"wp:featuredmedia":[{"embeddable":true,"href":"https:\/\/www.sisinternational.com\/it\/wp-json\/wp\/v2\/media\/66995"}],"wp:attachment":[{"href":"https:\/\/www.sisinternational.com\/it\/wp-json\/wp\/v2\/media?parent=54194"}],"curies":[{"name":"wp","href":"https:\/\/api.w.org\/{rel}","templated":true}]}}