{"id":54189,"date":"2024-11-27T02:27:01","date_gmt":"2024-11-27T07:27:01","guid":{"rendered":"https:\/\/www.sisinternational.com\/?page_id=54189"},"modified":"2026-03-11T09:52:41","modified_gmt":"2026-03-11T13:52:41","slug":"test-di-prodotti-di-consumo-a-new-york","status":"publish","type":"page","link":"https:\/\/www.sisinternational.com\/it\/competenza\/ricerche-di-mercato-per-test-di-prodotto\/test-di-prodotti-di-consumo-a-new-york\/","title":{"rendered":"Test di prodotti di consumo a New York"},"content":{"rendered":"<h1 class=\"gb-headline gb-headline-e0ae9896 gb-headline-text\">Test di prodotti di consumo a New York<\/h1>\n\n\n\n<figure class=\"gb-block-image gb-block-image-bd2aa86d\"><img loading=\"lazy\" decoding=\"async\" width=\"1456\" height=\"816\" class=\"gb-image gb-image-bd2aa86d\" src=\"https:\/\/www.sisinternational.com\/wp-content\/uploads\/2025\/08\/Food-taste-testing-4.jpg\" alt=\"Ricerca e strategia di mercato internazionale SIS\" title=\"Food taste testing (4)\" srcset=\"https:\/\/www.sisinternational.com\/wp-content\/uploads\/2025\/08\/Food-taste-testing-4.jpg 1456w, https:\/\/www.sisinternational.com\/wp-content\/uploads\/2025\/08\/Food-taste-testing-4-300x168.jpg 300w, https:\/\/www.sisinternational.com\/wp-content\/uploads\/2025\/08\/Food-taste-testing-4-1024x574.jpg 1024w, https:\/\/www.sisinternational.com\/wp-content\/uploads\/2025\/08\/Food-taste-testing-4-768x430.jpg 768w, https:\/\/www.sisinternational.com\/wp-content\/uploads\/2025\/08\/Food-taste-testing-4-18x10.jpg 18w\" sizes=\"auto, (max-width: 1456px) 100vw, 1456px\"><\/figure>\n\n\n\n<hr class=\"wp-block-separator has-alpha-channel-opacity is-style-dots\"\/>\n\n\n\n<h3 class=\"wp-block-heading\"><span style=\"font-weight: 400;\">I test sui prodotti di consumo a New York offrono alle aziende un accesso diretto a opinioni diverse e a informazioni pratiche, creando le basi per lanci di prodotti di grande impatto e un successo di mercato a lungo termine.<\/span><\/h3>\n\n\n\n<p><span style=\"font-weight: 400;\">Come fai a garantire che il tuo prodotto catturi i cuori del tuo pubblico di riferimento? Condurre test sui prodotti di consumo a New York \u00e8 la chiave per sbloccare informazioni preziose.<\/span><\/p>\n\n\n\n<h2 class=\"wp-block-heading\"><strong>L&#039;importanza dei test sui prodotti di consumo a New York<\/strong><\/h2>\n\n\n\n<p><span style=\"font-weight: 400;\">I test sui prodotti di consumo a New York sono essenziali per le aziende che mirano a lanciare prodotti di successo. Offrono approfondimenti che vanno oltre le tradizionali analisi di mercato, aiutando le aziende a creare offerte che risuonano davvero con il loro pubblico di riferimento.<\/span><\/p>\n\n\n\n<ul class=\"wp-block-list\">\n<li><b>Comprendere le preferenze dei consumatori<\/b><b><br><\/b><span style=\"font-weight: 400;\">I test consentono alle aziende di scoprire cosa vogliono e si aspettano i consumatori dai loro prodotti. Questi dati aiutano a perfezionare caratteristiche, design e funzionalit\u00e0 per soddisfare le richieste del mercato.<\/span><\/li>\n\n\n\n<li><b>Minimizzare i rischi<\/b><b><br><\/b><span style=\"font-weight: 400;\">I test sui prodotti di consumo identificano potenziali problemi prima che un prodotto arrivi sul mercato. Affrontando questi problemi in anticipo, le aziende possono risparmiare tempo, risorse e la reputazione del loro marchio.<\/span><\/li>\n\n\n\n<li><b>Ottimizzazione dell&#039;adattamento al mercato<\/b><b><br><\/b><span style=\"font-weight: 400;\">Le informazioni ricavate dai test aiutano ad allineare i prodotti alle preferenze e alle esigenze del pubblico di riferimento. Questo allineamento aumenta la probabilit\u00e0 di adozione e soddisfazione del prodotto.<\/span><\/li>\n\n\n\n<li><b>Adattarsi alle tendenze locali<\/b><b><br><\/b><span style=\"font-weight: 400;\">New York \u00e8 una citt\u00e0 che detta le tendenze, il che la rende una location ideale per i test sui consumatori. Le aziende possono identificare le tendenze emergenti e adattare i loro prodotti per restare un passo avanti rispetto ai concorrenti.<\/span><\/li>\n\n\n\n<li><b>Costruire la fiducia dei consumatori<\/b><b><br><\/b><span style=\"font-weight: 400;\">Le aziende creano fiducia e lealt\u00e0 quando dimostrano di apprezzare il feedback dei consumatori. Questa connessione favorisce relazioni pi\u00f9 forti con i clienti e migliora la percezione del marchio.<\/span><\/li>\n<\/ul>\n\n\n\n<h2 class=\"wp-block-heading\"><strong>Perch\u00e9 New York \u00e8 ideale per testare i prodotti di consumo<\/strong><\/h2>\n\n\n\n<figure class=\"gb-block-image gb-block-image-aaae6115\"><img loading=\"lazy\" decoding=\"async\" width=\"1456\" height=\"816\" class=\"gb-image gb-image-aaae6115\" src=\"https:\/\/www.sisinternational.com\/wp-content\/uploads\/2025\/08\/Food-taste-testing-19.jpg\" alt=\"Ricerca e strategia di mercato internazionale SIS\" title=\"Food taste testing (19)\" srcset=\"https:\/\/www.sisinternational.com\/wp-content\/uploads\/2025\/08\/Food-taste-testing-19.jpg 1456w, https:\/\/www.sisinternational.com\/wp-content\/uploads\/2025\/08\/Food-taste-testing-19-300x168.jpg 300w, https:\/\/www.sisinternational.com\/wp-content\/uploads\/2025\/08\/Food-taste-testing-19-1024x574.jpg 1024w, https:\/\/www.sisinternational.com\/wp-content\/uploads\/2025\/08\/Food-taste-testing-19-768x430.jpg 768w, https:\/\/www.sisinternational.com\/wp-content\/uploads\/2025\/08\/Food-taste-testing-19-18x10.jpg 18w\" sizes=\"auto, (max-width: 1456px) 100vw, 1456px\"><\/figure>\n\n\n\n<p><\/p>\n\n\n\n<p><span style=\"font-weight: 400;\">New York offre una combinazione unica di fattori, rendendola un hub senza pari per i test sui prodotti di consumo. Le aziende possono sfruttare le caratteristiche distintive della citt\u00e0 per raccogliere informazioni di impatto e perfezionare i loro prodotti.<\/span><\/p>\n\n\n\n<h3 class=\"wp-block-heading\"><span style=\"font-weight: 400;\">Base di consumatori diversificata<\/span><\/h3>\n\n\n\n<p><span style=\"font-weight: 400;\">La popolazione multiculturale di New York abbraccia diverse fasce d&#039;et\u00e0, livelli di reddito e background culturali. Questa diversit\u00e0 garantisce alle aziende di testare i propri prodotti con un&#039;ampia gamma di profili di consumatori, fornendo feedback preziosi e completi.<\/span><\/p>\n\n\n\n<h3 class=\"wp-block-heading\"><span style=\"font-weight: 400;\">Ambiente di tendenza<\/span><\/h3>\n\n\n\n<p><span style=\"font-weight: 400;\">As a global influencer in fashion, technology, food, and more, New York is where trends begin. Conducting consumer product testing here allows businesses to gauge how their <a href=\"https:\/\/www.sisinternational.com\/it\/73903-2\/\" title=\"Turn Consumer Flavor Preferences Into Winning Products\"  data-wpil-monitor-id=\"1544\">products align with emerging consumer preferences<\/a>.<\/span><\/p>\n\n\n\n<h3 class=\"wp-block-heading\"><span style=\"font-weight: 400;\">Condizioni di mercato dinamiche<\/span><\/h3>\n\n\n\n<p><span style=\"font-weight: 400;\">La natura frenetica e competitiva del mercato di New York spinge le aziende a innovare e perfezionare la propria offerta, assicurandosi di soddisfare gli elevati standard richiesti dai consumatori locali.<\/span><\/p>\n\n\n\n<h3 class=\"wp-block-heading\"><span style=\"font-weight: 400;\">Accesso a strutture all&#039;avanguardia<\/span><\/h3>\n\n\n\n<p><span style=\"font-weight: 400;\">New <a href=\"https:\/\/www.sisinternational.com\/it\/soluzioni\/prova-del-gusto\/strutture-per-la-prova-del-sapore-a-new-york\/\" title=\"Strutture per la prova del sapore a New York\"  data-wpil-monitor-id=\"4741\">York<\/a> has advanced research facilities supporting various testing methodologies, such as sensory evaluations, focus groups, and usability studies. These facilities provide businesses with the tools to conduct thorough and practical testing.<\/span><\/p>\n\n\n\n<h3 class=\"wp-block-heading\"><span style=\"font-weight: 400;\">Applicazione nel mondo reale<\/span><\/h3>\n\n\n\n<p><span style=\"font-weight: 400;\">Il vivace paesaggio urbano della citt\u00e0 offre opportunit\u00e0 per scenari di test del mondo reale, come progetti pilota di negozi al dettaglio, negozi pop-up e raccolta di feedback in strada. Questi metodi forniscono approfondimenti pratici che le impostazioni di laboratorio potrebbero non catturare.<\/span><\/p>\n\n\n\n<h3 class=\"wp-block-heading\"><span style=\"font-weight: 400;\">Rilevanza globale<\/span><\/h3>\n\n\n\n<p><span style=\"font-weight: 400;\">Grazie alla sua influenza internazionale, le intuizioni raccolte a New York spesso si traducono bene in altri mercati importanti. Le aziende possono utilizzare le scoperte di New York per dare forma a strategie in altri mercati urbani e globali.<\/span><\/p>\n\n\n\n<h2 class=\"wp-block-heading\"><b>Vantaggi dei test sui prodotti di consumo a New York<\/b><\/h2>\n\n\n\n<figure class=\"gb-block-image gb-block-image-76e7c55c\"><img loading=\"lazy\" decoding=\"async\" width=\"1456\" height=\"816\" class=\"gb-image gb-image-76e7c55c\" src=\"https:\/\/www.sisinternational.com\/wp-content\/uploads\/2025\/08\/Food-taste-testing-3.jpg\" alt=\"Ricerca e strategia di mercato internazionale SIS\" title=\"Food taste testing (3)\" srcset=\"https:\/\/www.sisinternational.com\/wp-content\/uploads\/2025\/08\/Food-taste-testing-3.jpg 1456w, https:\/\/www.sisinternational.com\/wp-content\/uploads\/2025\/08\/Food-taste-testing-3-300x168.jpg 300w, https:\/\/www.sisinternational.com\/wp-content\/uploads\/2025\/08\/Food-taste-testing-3-1024x574.jpg 1024w, https:\/\/www.sisinternational.com\/wp-content\/uploads\/2025\/08\/Food-taste-testing-3-768x430.jpg 768w, https:\/\/www.sisinternational.com\/wp-content\/uploads\/2025\/08\/Food-taste-testing-3-18x10.jpg 18w\" sizes=\"auto, (max-width: 1456px) 100vw, 1456px\"><\/figure>\n\n\n\n<p><\/p>\n\n\n\n<p><span style=\"font-weight: 400;\">Conducting consumer <a href=\"https:\/\/www.sisinternational.com\/it\/soluzioni\/soluzioni-di-ricerca-quantitativa-qualitativa\/il-vantaggio-di-testare-i-prodotti-a-new-york-rispetto-a-los-angeles\/\" title=\"Il vantaggio di testare i prodotti a New York rispetto a Los Angeles\"  data-wpil-monitor-id=\"1589\">product testing in New York<\/a> offers numerous advantages that can help businesses fine-tune their offerings, improve consumer satisfaction, and ensure long-term market success \u2013 and here are some key benefits:<\/span><\/p>\n\n\n\n<ul class=\"wp-block-list\">\n<li><b>Informazioni utili per i consumatori<\/b><b><br><\/b><span style=\"font-weight: 400;\">Effettuando test in un mercato diversificato e guidato dalle tendenze, le aziende acquisiscono informazioni approfondite sul modo in cui i consumatori percepiscono e interagiscono con i loro prodotti.&nbsp;<\/span><\/li>\n\n\n\n<li><b>Maggiore coinvolgimento dei consumatori<\/b><b><br><\/b><span style=\"font-weight: 400;\">I newyorkesi sono noti per la loro partecipazione attiva a iniziative di testing come sondaggi, prove di prodotti e sessioni di feedback.&nbsp;<\/span><\/li>\n\n\n\n<li><b>Identificazione precoce dei problemi<\/b><b><br><\/b><span style=\"font-weight: 400;\">I test in condizioni reali aiutano a individuare difetti o debolezze in un prodotto prima che venga lanciato su larga scala.&nbsp;<\/span><\/li>\n\n\n\n<li><b>Maggiore fiducia nelle decisioni di lancio<\/b><b><br><\/b><span style=\"font-weight: 400;\">Quando un prodotto \u00e8 stato testato e perfezionato sulla base del feedback dei consumatori, le aziende possono procedere con maggiore sicurezza nella loro strategia di lancio, sapendo che il prodotto \u00e8 in linea con le esigenze e le aspettative dei consumatori.<\/span><\/li>\n\n\n\n<li><b>Strategie di marketing convenienti<\/b><b><br><\/b><span style=\"font-weight: 400;\">Comprendere le preferenze dei consumatori attraverso i test consente alle aziende di creare campagne di marketing mirate che si rivolgono direttamente al loro pubblico, con conseguenti sforzi di marketing pi\u00f9 efficaci e convenienti.<\/span><\/li>\n\n\n\n<li><b>Vantaggio competitivo<\/b><b><br><\/b><span style=\"font-weight: 400;\">Condurre test sui prodotti di consumo a New York pu\u00f2 dare alle aziende un vantaggio sui concorrenti. I dati raccolti possono essere utilizzati per differenziare i loro prodotti sul mercato, facendoli risaltare agli occhi dei consumatori.<\/span><\/li>\n\n\n\n<li><b>Fedelt\u00e0 e fiducia al marchio<\/b><b><br><\/b><span style=\"font-weight: 400;\">Mostrare ai consumatori che il loro feedback \u00e8 prezioso aiuta a creare lealt\u00e0 e fiducia. Questa connessione pu\u00f2 tradursi in affari ripetuti e raccomandazioni positive tramite passaparola, inestimabili per il successo a lungo termine del marchio.<\/span><\/li>\n<\/ul>\n\n\n\n<h3 class=\"wp-block-heading\"><strong>Ubicazione della struttura: New York City<\/strong><\/h3>\n\n\n\n<p>\n\n\n\n<iframe loading=\"lazy\" src=\"https:\/\/www.google.com\/maps\/embed?pb=!1m18!1m12!1m3!1d3022.976188376966!2d-73.99130312499956!3d40.740549471389315!2m3!1f0!2f0!3f0!3m2!1i1024!2i768!4f13.1!3m3!1m2!1s0x89c259a15798c731%3A0xd695d09bdd495f25!2s11%20E%2022nd%20St%20FL%202%2C%20New%20York%2C%20NY%2010010%2C%20USA!5e0!3m2!1sen!2spe!4v1726171763526!5m2!1sen!2spe\" width=\"600\" height=\"450\" allowfullscreen=\"allowfullscreen\" data-mce-fragment=\"1\"><\/iframe>\n\n\n\n<\/p>\n\n\n\n<h3 class=\"wp-block-heading\">11 E 22nd Street, piano 2, New York, NY 10010 T: +1(212) 505-6805<\/h3>\n\n\n\n<p>\n\n\n\n<\/p>\n\n\n\n<h4 class=\"wp-block-heading\"><strong>Punti salienti della posizione:<\/strong><\/h4>\n\n\n\n<p>\n\n\n\n<\/p>\n\n\n\n<ul class=\"wp-block-list\">\n<li>\n<ul class=\"wp-block-list\">\n<li>Flatiron District a Manhattan, a pochi passi dallo storico edificio Flatiron e vicino a Madison Square Park e Union Square<\/li>\n<\/ul>\n<\/li>\n<\/ul>\n\n\n\n<p>\n\n\n\n<\/p>\n\n\n\n<ul class=\"wp-block-list\">\n<li>\n<ul class=\"wp-block-list\">\n<li>Situato in posizione centrale nel cuore di New York City, una delle principali citt\u00e0 globali e la pi\u00f9 grande citt\u00e0 degli Stati Uniti<\/li>\n<\/ul>\n<\/li>\n<\/ul>\n\n\n\n<p>\n\n\n\n<\/p>\n\n\n\n<ul class=\"wp-block-list\">\n<li>\n<ul class=\"wp-block-list\">\n<li>Comodo per numerose opzioni di trasporto<\/li>\n<\/ul>\n<\/li>\n<\/ul>\n\n\n\n<p>\n\n\n\n<\/p>\n\n\n\n<ul class=\"wp-block-list\">\n<li>\n<ul class=\"wp-block-list\">\n<li>Situato tra Broadway e Park Avenue sulla 22esima strada, vicino alla \u201cKey Bank\u201d<\/li>\n<\/ul>\n<\/li>\n<\/ul>\n\n\n\n<p>\n\n\n\n<\/p>\n\n\n\n<ul class=\"wp-block-list\">\n<li>\n<ul class=\"wp-block-list\">\n<li>Treno locale R di Broadway \u2013 Stazione 22\/23<\/li>\n<\/ul>\n<\/li>\n<\/ul>\n\n\n\n<p>\n\n\n\n<\/p>\n\n\n\n<ul class=\"wp-block-list\">\n<li>\n<ul class=\"wp-block-list\">\n<li>Treno locale 6 di Eastside - 23rd e stazione di Park Ave<\/li>\n<\/ul>\n<\/li>\n<\/ul>\n\n\n\n<p>\n\n\n\n<\/p>\n\n\n\n<ul class=\"wp-block-list\">\n<li>Treno locale 1 di Westside \u2013 Stazione 23rd e 6th Avenue<\/li>\n<\/ul>\n\n\n\n<h2 class=\"wp-block-heading\"><b>Cosa rende SIS International un&#039;azienda leader nei test sui prodotti di consumo?<\/b><\/h2>\n\n\n\n<p><span style=\"font-weight: 400;\">A <a href=\"https:\/\/www.linkedin.com\/company\/sisinternationalresearch\/\" target=\"_blank\" rel=\"noopener\">SIS Internazionale<\/a>, forniamo servizi completi di test sui prodotti di consumo che consentono alle aziende di prendere decisioni informate e migliorare i loro prodotti. Il nostro team di esperti sfrutta decenni di esperienza e un approccio strategico per aiutare i marchi ad avere successo sul mercato. Ecco perch\u00e9 SIS \u00e8 il partner migliore per le tue esigenze di test sui prodotti di consumo a New York:<\/span><\/p>\n\n\n\n<h3 class=\"wp-block-heading\"><span style=\"font-weight: 400;\">40 anni di esperienza<\/span><\/h3>\n\n\n\n<p><span style=\"font-weight: 400;\">Con oltre quattro decenni di esperienza nel settore, SIS International porta sul tavolo una competenza senza pari. Comprendiamo le complessit\u00e0 del comportamento dei consumatori e le dinamiche di mercato, assicurando che i nostri metodi di test forniscano informazioni affidabili e fruibili.<\/span><\/p>\n\n\n\n<h3 class=\"wp-block-heading\"><span style=\"font-weight: 400;\">Accesso a diversi panel di consumatori<\/span><\/h3>\n\n\n\n<p><span style=\"font-weight: 400;\"><a href=\"https:\/\/twitter.com\/SISIntlResearch\" target=\"_blank\" rel=\"noopener\">SIS<\/a> ha accesso a una vasta gamma di panel di consumatori a New York, consentendoti di interagire con il tuo target demografico esatto. Il nostro ampio bacino di partecipanti aiuta a garantire che i tuoi test siano rappresentativi e forniscano risultati significativi.<\/span><\/p>\n\n\n\n<h3 class=\"wp-block-heading\"><span style=\"font-weight: 400;\">Strutture di collaudo all&#039;avanguardia<\/span><\/h3>\n\n\n\n<p><span style=\"font-weight: 400;\">Utilizziamo strutture all&#039;avanguardia e tecnologie di test avanzate per fornire informazioni accurate e approfondite. I nostri laboratori sono attrezzati per gestire varie metodologie di test, dalle valutazioni sensoriali ai focus group e alle interviste approfondite.<\/span><\/p>\n\n\n\n<h3 class=\"wp-block-heading\"><span style=\"font-weight: 400;\">Ambienti di test nel mondo reale<\/span><\/h3>\n\n\n\n<p><span style=\"font-weight: 400;\">A <a href=\"https:\/\/medium.com\/@sisinternational\/sis-international-c17160da8fac\" target=\"_blank\" rel=\"noopener\">SIS<\/a>, sappiamo che i fattori del mondo reale spesso influenzano il comportamento dei consumatori. Per fornire approfondimenti pi\u00f9 autentici e pratici, i nostri metodi di test includono scenari di vita reale, come prove di prodotti in casa, test in negozio e sondaggi su strada.<\/span><\/p>\n\n\n\n<h3 class=\"wp-block-heading\"><span style=\"font-weight: 400;\">Approfondimenti basati sui dati<\/span><\/h3>\n\n\n\n<p><span style=\"font-weight: 400;\">Il nostro team utilizza strumenti di analisi avanzati per trasformare dati grezzi in informazioni fruibili. Con la nostra analisi completa, comprenderai meglio il comportamento dei consumatori e prenderai decisioni pi\u00f9 consapevoli per il successo del tuo prodotto.<\/span><\/p>\n\n\n\n<h3 class=\"wp-block-heading\"><span style=\"font-weight: 400;\">Portata globale con competenza locale<\/span><\/h3>\n\n\n\n<p><span style=\"font-weight: 400;\">SIS International unisce competenza globale a una profonda conoscenza del mercato di New York. Forniamo servizi di testing che offrono rilevanza locale e approfondimenti pi\u00f9 ampi applicabili ai mercati internazionali.<\/span><\/p>\n\n\n\n<h3 class=\"wp-block-heading\"><span style=\"font-weight: 400;\">Impegno verso gli standard etici<\/span><\/h3>\n\n\n\n<p><span style=\"font-weight: 400;\">Diamo priorit\u00e0 alla trasparenza, alla riservatezza e alle pratiche etiche in tutti i nostri processi di testing. I nostri partecipanti si fidano di noi perch\u00e9 rispettiamo la loro privacy e ci assicuriamo che il loro feedback venga utilizzato in modo responsabile.<\/span><\/p>\n\n\n\n<h3 class=\"wp-block-heading\"><span style=\"font-weight: 400;\">Record comprovato di successi<\/span><\/h3>\n\n\n\n<p><span style=\"font-weight: 400;\">Over the years, we have helped numerous brands launch successful products in New York and beyond. Our consistent success and client satisfaction speaks to the effectiveness of our consumer <a class=\"wpil_keyword_link\" href=\"https:\/\/www.sisinternational.com\/it\/soluzioni\/prova-del-gusto\/product-testing-services\/\" title=\"Product Testing Services\" data-wpil-keyword-link=\"linked\" data-wpil-monitor-id=\"174\">product testing services<\/a>.<\/span><\/p>\n\n\n\n<h2 class=\"wp-block-heading\"><strong>A proposito di SIS Internazionale<\/strong><\/h2>\n\n\n\n<p><a href=\"https:\/\/www.sisinternational.com\/it\/\"><span style=\"font-weight: 400;\">SIS Internazionale<\/span><\/a><span style=\"font-weight: 400;\"> offre ricerca quantitativa, qualitativa e strategica. Forniamo dati, strumenti, strategie, report e approfondimenti per il processo decisionale. Conduciamo anche interviste, sondaggi, focus group e altri metodi e approcci di ricerca di mercato.<\/span><a href=\"https:\/\/www.sisinternational.com\/it\/sulla-sua-ricerca-internazionale\/contact-sis-international-market-research\/\"><span style=\"font-weight: 400;\"> Contattaci<\/span><\/a><span style=\"font-weight: 400;\"> per il tuo prossimo progetto di ricerca di mercato.<\/span><\/p>\n\n\n\n<hr class=\"wp-block-separator has-alpha-channel-opacity\"\/>\n\n\n\n<p>\n\n\n<\/p>\n<p><!-- \/wp:post-content --><\/p>\n<p><!-- wp:paragraph --><\/p>\n<p><!-- wp:paragraph --><\/p>\n<p><!-- \/wp:paragraph --><\/p>\n<p><!-- wp:paragraph --><\/p>\n<p><!-- \/wp:paragraph --><\/p>\n<p><!-- \/wp:paragraph --><\/p>","protected":false},"excerpt":{"rendered":"<p>Consumer Product Testing in New York Consumer product testing in New York gives companies direct access to diverse opinions and actionable insights, setting the stage for impactful product launches and long-term market success. How do you ensure your product captures the hearts of your target audience? Conducting consumer product testing in New York is the &#8230; <a title=\"Test di prodotti di consumo a New York\" class=\"read-more\" href=\"https:\/\/www.sisinternational.com\/it\/competenza\/ricerche-di-mercato-per-test-di-prodotto\/test-di-prodotti-di-consumo-a-new-york\/\" aria-label=\"Per saperne di pi\u00f9 su Consumer Product Testing in New York\">Leggi tutto<\/a><\/p>","protected":false},"author":1,"featured_media":64707,"parent":12926,"menu_order":3,"comment_status":"closed","ping_status":"closed","template":"","meta":{"footnotes":""},"class_list":["post-54189","page","type-page","status-publish","has-post-thumbnail"],"_links":{"self":[{"href":"https:\/\/www.sisinternational.com\/it\/wp-json\/wp\/v2\/pages\/54189","targetHints":{"allow":["GET"]}}],"collection":[{"href":"https:\/\/www.sisinternational.com\/it\/wp-json\/wp\/v2\/pages"}],"about":[{"href":"https:\/\/www.sisinternational.com\/it\/wp-json\/wp\/v2\/types\/page"}],"author":[{"embeddable":true,"href":"https:\/\/www.sisinternational.com\/it\/wp-json\/wp\/v2\/users\/1"}],"replies":[{"embeddable":true,"href":"https:\/\/www.sisinternational.com\/it\/wp-json\/wp\/v2\/comments?post=54189"}],"version-history":[{"count":13,"href":"https:\/\/www.sisinternational.com\/it\/wp-json\/wp\/v2\/pages\/54189\/revisions"}],"predecessor-version":[{"id":78703,"href":"https:\/\/www.sisinternational.com\/it\/wp-json\/wp\/v2\/pages\/54189\/revisions\/78703"}],"up":[{"embeddable":true,"href":"https:\/\/www.sisinternational.com\/it\/wp-json\/wp\/v2\/pages\/12926"}],"wp:featuredmedia":[{"embeddable":true,"href":"https:\/\/www.sisinternational.com\/it\/wp-json\/wp\/v2\/media\/64707"}],"wp:attachment":[{"href":"https:\/\/www.sisinternational.com\/it\/wp-json\/wp\/v2\/media?parent=54189"}],"curies":[{"name":"wp","href":"https:\/\/api.w.org\/{rel}","templated":true}]}}