{"id":54183,"date":"2024-11-27T02:26:53","date_gmt":"2024-11-27T07:26:53","guid":{"rendered":"https:\/\/www.sisinternational.com\/?page_id=54183"},"modified":"2026-03-11T11:44:45","modified_gmt":"2026-03-11T15:44:45","slug":"nuova-ricerca-di-prodotto-a-new-york","status":"publish","type":"page","link":"https:\/\/www.sisinternational.com\/it\/competenza\/ricerche-di-mercato-per-test-di-prodotto\/nuova-ricerca-di-prodotto-a-new-york\/","title":{"rendered":"Ricerca di nuovi prodotti a New York"},"content":{"rendered":"<h1 class=\"gb-headline gb-headline-99e6bcf2 gb-headline-text\">Ricerca di nuovi prodotti a New York<\/h1>\n\n\n\n<figure class=\"gb-block-image gb-block-image-c831a46b\"><img loading=\"lazy\" decoding=\"async\" width=\"1456\" height=\"816\" class=\"gb-image gb-image-c831a46b\" src=\"https:\/\/www.sisinternational.com\/wp-content\/uploads\/2025\/09\/Beauty-product-2.jpg\" alt=\"Ricerca e strategia di mercato internazionale SIS\" title=\"Beauty product (2)\" srcset=\"https:\/\/www.sisinternational.com\/wp-content\/uploads\/2025\/09\/Beauty-product-2.jpg 1456w, https:\/\/www.sisinternational.com\/wp-content\/uploads\/2025\/09\/Beauty-product-2-300x168.jpg 300w, https:\/\/www.sisinternational.com\/wp-content\/uploads\/2025\/09\/Beauty-product-2-1024x574.jpg 1024w, https:\/\/www.sisinternational.com\/wp-content\/uploads\/2025\/09\/Beauty-product-2-768x430.jpg 768w, https:\/\/www.sisinternational.com\/wp-content\/uploads\/2025\/09\/Beauty-product-2-18x10.jpg 18w\" sizes=\"auto, (max-width: 1456px) 100vw, 1456px\"><\/figure>\n\n\n\n<hr class=\"wp-block-separator has-alpha-channel-opacity is-style-dots\"\/>\n\n\n\n<h3 class=\"wp-block-heading\"><span style=\"font-weight: 400;\">La ricerca sui nuovi prodotti a New York coniuga la dinamica base di consumatori della citt\u00e0 con metodologie all&#039;avanguardia per aiutare le aziende a convalidare i concetti, ottimizzare le offerte e ridurre al minimo i rischi.<\/span><\/h3>\n\n\n\n<p><span style=\"font-weight: 400;\">Cosa rende un prodotto un successo? La risposta sta nel comprendere il tuo pubblico e il mercato. Ecco dove entra in gioco la ricerca di nuovi prodotti a New York. Con il suo vivace mix di culture e una base di consumatori di tendenza, New York offre l&#039;ambiente perfetto per raccogliere informazioni utili.&nbsp;<\/span><\/p>\n\n\n\n<h2 class=\"wp-block-heading\"><strong>Perch\u00e9 la ricerca di nuovi prodotti \u00e8 essenziale<\/strong><\/h2>\n\n\n\n<p><span style=\"font-weight: 400;\">In un mercato frenetico in cui l&#039;innovazione \u00e8 fondamentale, le aziende devono garantire che i dati e le intuizioni supportino le loro idee. La ricerca di nuovi prodotti a New York aiuta le aziende a creare prodotti che risuonano con il loro pubblico di riferimento e si distinguono dai concorrenti. Consente principalmente alle aziende di:<\/span><\/p>\n\n\n\n<figure class=\"gb-block-image gb-block-image-37cfcccb\"><img loading=\"lazy\" decoding=\"async\" width=\"1024\" height=\"762\" class=\"gb-image gb-image-37cfcccb\" src=\"https:\/\/www.sisinternational.com\/wp-content\/uploads\/2024\/11\/New-Product-Research-1024x762.png\" srcset=\"https:\/\/www.sisinternational.com\/wp-content\/uploads\/2024\/11\/New-Product-Research-1024x762.png 1024w, https:\/\/www.sisinternational.com\/wp-content\/uploads\/2024\/11\/New-Product-Research-300x223.png 300w, https:\/\/www.sisinternational.com\/wp-content\/uploads\/2024\/11\/New-Product-Research-768x571.png 768w, https:\/\/www.sisinternational.com\/wp-content\/uploads\/2024\/11\/New-Product-Research-1536x1143.png 1536w, https:\/\/www.sisinternational.com\/wp-content\/uploads\/2024\/11\/New-Product-Research-16x12.png 16w, https:\/\/www.sisinternational.com\/wp-content\/uploads\/2024\/11\/New-Product-Research.png 1894w\" sizes=\"auto, (max-width: 1024px) 100vw, 1024px\" alt=\"Ricerca e strategia di mercato internazionale SIS\"><\/figure>\n\n\n\n<p><\/p>\n\n\n\n<h3 class=\"wp-block-heading\">&nbsp;<\/h3>\n\n\n\n<h3 class=\"wp-block-heading\"><span style=\"font-weight: 400;\">Minimizzare il rischio<\/span><\/h3>\n\n\n\n<p><span style=\"font-weight: 400;\">New product <a href=\"https:\/\/www.sisinternational.com\/it\/soluzioni\/consulenza-strategica\/prova-della-ricerca-concettuale\/\" title=\"Prova della ricerca concettuale\"  data-wpil-monitor-id=\"6824\">research reduces uncertainty by validating concepts<\/a>, ensuring that businesses invest in ideas with real market potential.<\/span><\/p>\n\n\n\n<h3 class=\"wp-block-heading\"><span style=\"font-weight: 400;\">Comprendere le esigenze dei consumatori<\/span><\/h3>\n\n\n\n<p><span style=\"font-weight: 400;\">Le aziende possono progettare prodotti che offrano soluzioni concrete e valore comprendendo i loro punti deboli.<\/span><\/p>\n\n\n\n<h3 class=\"wp-block-heading\"><span style=\"font-weight: 400;\">Ottimizzazione delle funzionalit\u00e0 del prodotto<\/span><\/h3>\n\n\n\n<p><span style=\"font-weight: 400;\">Le aziende possono perfezionare gli attributi del prodotto, quali funzionalit\u00e0, design e prezzo, attraverso test e analisi.&nbsp;<\/span><\/p>\n\n\n\n<h3 class=\"wp-block-heading\"><span style=\"font-weight: 400;\">Vantaggio competitivo<\/span><\/h3>\n\n\n\n<p><span style=\"font-weight: 400;\">La ricerca fornisce approfondimenti sui prodotti della concorrenza, sulle lacune del mercato e sulle tendenze emergenti. Queste informazioni consentono alle aziende di differenziare le proprie offerte e posizionarsi strategicamente.<\/span><\/p>\n\n\n\n<h3 class=\"wp-block-heading\"><span style=\"font-weight: 400;\">Prontezza del mercato<\/span><\/h3>\n\n\n\n<p><span style=\"font-weight: 400;\">New <a href=\"https:\/\/www.sisinternational.com\/it\/copertura\/le-americhe\/copertura-degli-stati-uniti\/ricerche-di-mercato-in-iowa\/\" title=\"Ricerche di mercato in Iowa\"  data-wpil-monitor-id=\"5574\">Prodotto<\/a> research ensures products are fully aligned with market demands before launch.&nbsp;<\/span><\/p>\n\n\n\n<h2 class=\"wp-block-heading\"><strong>Componenti chiave per una ricerca efficace sui nuovi prodotti<\/strong><\/h2>\n\n\n\n<figure class=\"gb-block-image gb-block-image-db5cc1fb\"><img loading=\"lazy\" decoding=\"async\" width=\"1456\" height=\"816\" class=\"gb-image gb-image-db5cc1fb\" src=\"https:\/\/www.sisinternational.com\/wp-content\/uploads\/2025\/08\/Food-taste-testing-7.jpg\" alt=\"Ricerca e strategia di mercato internazionale SIS\" title=\"Food taste testing (7)\" srcset=\"https:\/\/www.sisinternational.com\/wp-content\/uploads\/2025\/08\/Food-taste-testing-7.jpg 1456w, https:\/\/www.sisinternational.com\/wp-content\/uploads\/2025\/08\/Food-taste-testing-7-300x168.jpg 300w, https:\/\/www.sisinternational.com\/wp-content\/uploads\/2025\/08\/Food-taste-testing-7-1024x574.jpg 1024w, https:\/\/www.sisinternational.com\/wp-content\/uploads\/2025\/08\/Food-taste-testing-7-768x430.jpg 768w, https:\/\/www.sisinternational.com\/wp-content\/uploads\/2025\/08\/Food-taste-testing-7-18x10.jpg 18w\" sizes=\"auto, (max-width: 1456px) 100vw, 1456px\"><\/figure>\n\n\n\n<p><\/p>\n\n\n\n<p><span style=\"font-weight: 400;\">La ricerca di nuovi prodotti a New York richiede un approccio strutturato per raccogliere informazioni significative. Questi componenti valutano in modo esaustivo il potenziale del prodotto e il suo adattamento al mercato.<\/span><\/p>\n\n\n\n<ol class=\"wp-block-list\">\n<li><b> Analisi di mercato<\/b><\/li>\n<\/ol>\n\n\n\n<p><span style=\"font-weight: 400;\">Questa fase comporta la valutazione delle tendenze del settore, dei comportamenti dei consumatori e degli scenari competitivi per identificare opportunit\u00e0 e minacce rilevanti per il loro prodotto.<\/span><\/p>\n\n\n\n<ol start=\"2\" class=\"wp-block-list\">\n<li><b> Intuizioni dei consumatori<\/b><\/li>\n<\/ol>\n\n\n\n<p><span style=\"font-weight: 400;\">Raccogliere feedback direttamente dal pubblico di riferimento \u00e8 fondamentale. Metodi come sondaggi, interviste e focus group aiutano a scoprire esigenze, preferenze e punti deboli dei consumatori.<\/span><\/p>\n\n\n\n<ol start=\"3\" class=\"wp-block-list\">\n<li><b> Test di concetto<\/b><\/li>\n<\/ol>\n\n\n\n<p><span style=\"font-weight: 400;\">Prima dello sviluppo, le aziende possono testare i concetti di prodotto per determinarne l&#039;attrattiva e perfezionare le idee. In seguito, si concentreranno sulle caratteristiche che contano di pi\u00f9 per i consumatori.<\/span><\/p>\n\n\n\n<ol start=\"4\" class=\"wp-block-list\">\n<li><b> Prototipazione e test di prodotto<\/b><\/li>\n<\/ol>\n\n\n\n<p><span style=\"font-weight: 400;\">La creazione di prototipi consente alle aziende di valutare la funzionalit\u00e0, il design e l&#039;usabilit\u00e0 del prodotto, garantendo cos\u00ec che soddisfino le aspettative dei consumatori e forniscano valore.<\/span><\/p>\n\n\n\n<ol start=\"5\" class=\"wp-block-list\">\n<li><b> Analisi della strategia di prezzo<\/b><\/li>\n<\/ol>\n\n\n\n<p><span style=\"font-weight: 400;\">La ricerca aiuta le aziende a determinare i prezzi ottimali analizzando la disponibilit\u00e0 a pagare dei consumatori e le strutture tariffarie competitive.<\/span><\/p>\n\n\n\n<ol start=\"6\" class=\"wp-block-list\">\n<li><b> Feedback su imballaggio e marchio<\/b><\/li>\n<\/ol>\n\n\n\n<p><span style=\"font-weight: 400;\">Research in this area ensures the <a href=\"https:\/\/www.sisinternational.com\/it\/copertura\/le-americhe\/copertura-degli-stati-uniti\/ricerche-di-mercato-nel-kansas\/\" title=\"Ricerche di mercato in Kansas\"  data-wpil-monitor-id=\"5591\">product\u2019s<\/a> visual identity aligns with consumer preferences and enhances market appeal.<\/span><\/p>\n\n\n\n<ol start=\"7\" class=\"wp-block-list\">\n<li><b> Benchmarking competitivo<\/b><\/li>\n<\/ol>\n\n\n\n<p><span style=\"font-weight: 400;\">Confrontando il nuovo prodotto con i concorrenti esistenti vengono evidenziati punti di forza esclusivi e aree di miglioramento, garantendo la differenziazione sul mercato.<\/span><\/p>\n\n\n\n<ol start=\"8\" class=\"wp-block-list\">\n<li><b> Test e perfezionamento iterativi<\/b><\/li>\n<\/ol>\n\n\n\n<p><span style=\"font-weight: 400;\">Le aziende possono testare e perfezionare ripetutamente il prodotto in base al feedback, assicurandosi che sia pronto per il mercato prima del lancio.<\/span><\/p>\n\n\n\n<h3 class=\"wp-block-heading\"><strong>Ubicazione della struttura: New York City<\/strong><\/h3>\n\n\n\n<p>\n\n\n\n<iframe loading=\"lazy\" src=\"https:\/\/www.google.com\/maps\/embed?pb=!1m18!1m12!1m3!1d3022.976188376966!2d-73.99130312499956!3d40.740549471389315!2m3!1f0!2f0!3f0!3m2!1i1024!2i768!4f13.1!3m3!1m2!1s0x89c259a15798c731%3A0xd695d09bdd495f25!2s11%20E%2022nd%20St%20FL%202%2C%20New%20York%2C%20NY%2010010%2C%20USA!5e0!3m2!1sen!2spe!4v1726171763526!5m2!1sen!2spe\" width=\"600\" height=\"450\" allowfullscreen=\"allowfullscreen\" data-mce-fragment=\"1\"><\/iframe>\n\n\n\n<\/p>\n\n\n\n<h3 class=\"wp-block-heading\">11 E 22nd Street, piano 2, New York, NY 10010 T: +1(212) 505-6805<\/h3>\n\n\n\n<p>\n\n\n\n<\/p>\n\n\n\n<h4 class=\"wp-block-heading\"><strong>Punti salienti della posizione:<\/strong><\/h4>\n\n\n\n<p>\n\n\n\n<\/p>\n\n\n\n<ul class=\"wp-block-list\">\n<li>\n<ul class=\"wp-block-list\">\n<li>Flatiron District a Manhattan, a pochi passi dallo storico edificio Flatiron e vicino a Madison Square Park e Union Square<\/li>\n<\/ul>\n<\/li>\n<\/ul>\n\n\n\n<p>\n\n\n\n<\/p>\n\n\n\n<ul class=\"wp-block-list\">\n<li>\n<ul class=\"wp-block-list\">\n<li>Situato in posizione centrale nel cuore di New York City, una delle principali citt\u00e0 globali e la pi\u00f9 grande citt\u00e0 degli Stati Uniti<\/li>\n<\/ul>\n<\/li>\n<\/ul>\n\n\n\n<p>\n\n\n\n<\/p>\n\n\n\n<ul class=\"wp-block-list\">\n<li>\n<ul class=\"wp-block-list\">\n<li>Comodo per numerose opzioni di trasporto<\/li>\n<\/ul>\n<\/li>\n<\/ul>\n\n\n\n<p>\n\n\n\n<\/p>\n\n\n\n<ul class=\"wp-block-list\">\n<li>\n<ul class=\"wp-block-list\">\n<li>Situato tra Broadway e Park Avenue sulla 22esima strada, vicino alla \u201cKey Bank\u201d<\/li>\n<\/ul>\n<\/li>\n<\/ul>\n\n\n\n<p>\n\n\n\n<\/p>\n\n\n\n<ul class=\"wp-block-list\">\n<li>\n<ul class=\"wp-block-list\">\n<li>Treno locale R di Broadway \u2013 Stazione 22\/23<\/li>\n<\/ul>\n<\/li>\n<\/ul>\n\n\n\n<p>\n\n\n\n<\/p>\n\n\n\n<ul class=\"wp-block-list\">\n<li>\n<ul class=\"wp-block-list\">\n<li>Treno locale 6 di Eastside - 23rd e stazione di Park Ave<\/li>\n<\/ul>\n<\/li>\n<\/ul>\n\n\n\n<p>\n\n\n\n<\/p>\n\n\n\n<ul class=\"wp-block-list\">\n<li>Treno locale 1 di Westside \u2013 Stazione 23rd e 6th Avenue<\/li>\n<\/ul>\n\n\n\n<h2 class=\"wp-block-heading\"><strong>Cosa rende SIS International un fornitore leader nella ricerca di nuovi prodotti?<\/strong><\/h2>\n\n\n\n<p><span style=\"font-weight: 400;\">Il nostro team fornisce le informazioni necessarie per aiutare le aziende a sviluppare prodotti che risuonano con il loro pubblico di riferimento e ad avere successo nei mercati competitivi. Ecco perch\u00e9 <a href=\"https:\/\/www.linkedin.com\/company\/sisinternationalresearch\/\" target=\"_blank\" rel=\"noopener\">SIS Internazionale<\/a> \u00e8 la scelta ideale per la ricerca di nuovi prodotti:<\/span><\/p>\n\n\n\n<h3 class=\"wp-block-heading\"><span style=\"font-weight: 400;\">Decenni di comprovata esperienza<\/span><\/h3>\n\n\n\n<p><span style=\"font-weight: 400;\">Con oltre 40 anni di esperienza nelle ricerche di mercato, SIS International vanta una solida esperienza nel fornire informazioni fruibili alle aziende di tutti i settori.<\/span><\/p>\n\n\n\n<h3 class=\"wp-block-heading\"><span style=\"font-weight: 400;\">Soluzioni di ricerca su misura<\/span><\/h3>\n\n\n\n<p><span style=\"font-weight: 400;\">Il nostro team collabora a stretto contatto con i clienti per progettare strategie di ricerca personalizzate, in linea con i loro obiettivi e le loro sfide specifiche.<\/span><\/p>\n\n\n\n<h3 class=\"wp-block-heading\"><span style=\"font-weight: 400;\">Reclutamento di partecipanti diversi<\/span><\/h3>\n\n\n\n<p><span style=\"font-weight: 400;\">Sfruttando la popolazione multiculturale di New York, SIS garantisce l&#039;accesso a un bacino rappresentativo di partecipanti, fornendo approfondimenti che riflettono i mercati del mondo reale.<\/span><\/p>\n\n\n\n<h3 class=\"wp-block-heading\"><span style=\"font-weight: 400;\">Strutture all&#039;avanguardia<\/span><\/h3>\n\n\n\n<p><span style=\"font-weight: 400;\"><a href=\"https:\/\/twitter.com\/SISIntlResearch\" target=\"_blank\" rel=\"noopener\">SIS<\/a> offre strutture di ricerca all&#039;avanguardia per focus group, test di prodotto e valutazioni sensoriali, garantendo le condizioni ottimali per una ricerca di impatto.<\/span><\/p>\n\n\n\n<h3 class=\"wp-block-heading\"><span style=\"font-weight: 400;\">Team di esperti specialisti<\/span><\/h3>\n\n\n\n<p><span style=\"font-weight: 400;\">I nostri ricercatori, moderatori e analisti esperti apportano a ogni progetto la loro conoscenza del settore e competenze avanzate.<\/span><\/p>\n\n\n\n<h3 class=\"wp-block-heading\"><span style=\"font-weight: 400;\">Approfondimenti completi sul mercato<\/span><\/h3>\n\n\n\n<p><span style=\"font-weight: 400;\"><a href=\"https:\/\/medium.com\/@sisinternational\/sis-international-c17160da8fac\" target=\"_blank\" rel=\"noopener\">SIS<\/a> va oltre i dati grezzi, fornendo analisi dettagliate e raccomandazioni che consentono ai clienti di prendere decisioni consapevoli.<\/span><\/p>\n\n\n\n<h3 class=\"wp-block-heading\"><span style=\"font-weight: 400;\">Scalabilit\u00e0 per tutte le aziende<\/span><\/h3>\n\n\n\n<p><span style=\"font-weight: 400;\">Che si tratti di lavorare con startup o multinazionali, SIS fornisce soluzioni di ricerca scalabili per soddisfare esigenze e budget diversi.<\/span><\/p>\n\n\n\n<h3 class=\"wp-block-heading\"><span style=\"font-weight: 400;\">Posizione strategica a New York<\/span><\/h3>\n\n\n\n<p><span style=\"font-weight: 400;\">Situato in una delle citt\u00e0 pi\u00f9 dinamiche del mondo, SIS offre un accesso senza pari a mercati diversificati e a comportamenti di consumo all&#039;avanguardia.<\/span><\/p>\n\n\n\n<h3 class=\"wp-block-heading\"><span style=\"font-weight: 400;\">Impegno per la qualit\u00e0 e la precisione<\/span><\/h3>\n\n\n\n<p><span style=\"font-weight: 400;\">In SIS diamo priorit\u00e0 alla precisione e all&#039;affidabilit\u00e0 in ogni progetto di ricerca, assicurandoci che i clienti ricevano informazioni di cui possono fidarsi.<\/span><\/p>\n\n\n\n<h3 class=\"wp-block-heading\"><span style=\"font-weight: 400;\">Successo comprovato con i migliori marchi<\/span><\/h3>\n\n\n\n<p><span style=\"font-weight: 400;\">SIS International is a trusted partner to leading global brands, delivering <a href=\"https:\/\/www.sisinternational.com\/it\/copertura\/le-americhe\/copertura-degli-stati-uniti\/ricerche-di-mercato-alle-hawaii\/\" title=\"Ricerche di mercato alle Hawaii\" data-wpil-monitor-id=\"5608\">research that drives product innovation and market<\/a> success.<\/span><\/p>\n\n\n\n<h2 class=\"wp-block-heading\"><strong>A proposito di SIS Internazionale<\/strong><\/h2>\n\n\n\n<p><a href=\"https:\/\/www.sisinternational.com\/it\/\"><span style=\"font-weight: 400;\">SIS Internazionale<\/span><\/a><span style=\"font-weight: 400;\"> offre ricerca quantitativa, qualitativa e strategica. Forniamo dati, strumenti, strategie, report e approfondimenti per il processo decisionale. Conduciamo anche interviste, sondaggi, focus group e altri metodi e approcci di ricerca di mercato.<\/span><a href=\"https:\/\/www.sisinternational.com\/it\/sulla-sua-ricerca-internazionale\/contact-sis-international-market-research\/\"><span style=\"font-weight: 400;\"> Contattaci<\/span><\/a><span style=\"font-weight: 400;\"> per il tuo prossimo progetto di ricerca di mercato.<\/span><\/p>\n\n\n\n<hr class=\"wp-block-separator has-alpha-channel-opacity\"\/>\n\n\n\n<p>\n\n\n<\/p>\n<p><!-- \/wp:post-content --><\/p>","protected":false},"excerpt":{"rendered":"<p>New Product Research in New York New product research in New York combines the city\u2019s dynamic consumer base with cutting-edge methodologies to help businesses validate concepts, optimize offerings, and minimize risks. What makes a product a hit? The answer lies in understanding your audience and the market. That\u2019s where new product research in New York &#8230; <a title=\"Ricerca di nuovi prodotti a New York\" class=\"read-more\" href=\"https:\/\/www.sisinternational.com\/it\/competenza\/ricerche-di-mercato-per-test-di-prodotto\/nuova-ricerca-di-prodotto-a-new-york\/\" aria-label=\"Per saperne di pi\u00f9 su New Product Research in New York\">Leggi tutto<\/a><\/p>","protected":false},"author":1,"featured_media":68805,"parent":12926,"menu_order":28,"comment_status":"closed","ping_status":"closed","template":"","meta":{"footnotes":""},"class_list":["post-54183","page","type-page","status-publish","has-post-thumbnail"],"_links":{"self":[{"href":"https:\/\/www.sisinternational.com\/it\/wp-json\/wp\/v2\/pages\/54183","targetHints":{"allow":["GET"]}}],"collection":[{"href":"https:\/\/www.sisinternational.com\/it\/wp-json\/wp\/v2\/pages"}],"about":[{"href":"https:\/\/www.sisinternational.com\/it\/wp-json\/wp\/v2\/types\/page"}],"author":[{"embeddable":true,"href":"https:\/\/www.sisinternational.com\/it\/wp-json\/wp\/v2\/users\/1"}],"replies":[{"embeddable":true,"href":"https:\/\/www.sisinternational.com\/it\/wp-json\/wp\/v2\/comments?post=54183"}],"version-history":[{"count":14,"href":"https:\/\/www.sisinternational.com\/it\/wp-json\/wp\/v2\/pages\/54183\/revisions"}],"predecessor-version":[{"id":80400,"href":"https:\/\/www.sisinternational.com\/it\/wp-json\/wp\/v2\/pages\/54183\/revisions\/80400"}],"up":[{"embeddable":true,"href":"https:\/\/www.sisinternational.com\/it\/wp-json\/wp\/v2\/pages\/12926"}],"wp:featuredmedia":[{"embeddable":true,"href":"https:\/\/www.sisinternational.com\/it\/wp-json\/wp\/v2\/media\/68805"}],"wp:attachment":[{"href":"https:\/\/www.sisinternational.com\/it\/wp-json\/wp\/v2\/media?parent=54183"}],"curies":[{"name":"wp","href":"https:\/\/api.w.org\/{rel}","templated":true}]}}