{"id":54178,"date":"2024-11-27T02:26:00","date_gmt":"2024-11-27T07:26:00","guid":{"rendered":"https:\/\/www.sisinternational.com\/?page_id=54178"},"modified":"2026-01-26T18:54:07","modified_gmt":"2026-01-26T23:54:07","slug":"focus-group-per-degustazioni-a-new-york","status":"publish","type":"page","link":"https:\/\/www.sisinternational.com\/it\/soluzioni\/prova-del-gusto\/focus-group-per-degustazioni-a-new-york\/","title":{"rendered":"Gruppi di discussione per la degustazione a New York"},"content":{"rendered":"<h1 class=\"wp-block-heading\">Gruppi di discussione per la degustazione a New York<\/h1>\n\n\n\n<figure class=\"gb-block-image gb-block-image-baef9ce2\"><img loading=\"lazy\" decoding=\"async\" width=\"1456\" height=\"816\" class=\"gb-image gb-image-baef9ce2\" src=\"https:\/\/www.sisinternational.com\/wp-content\/uploads\/2025\/09\/Focus-group-4-13.jpg\" alt=\"Ricerca e strategia di mercato internazionale SIS\" title=\"Focus group 4 (13)\" srcset=\"https:\/\/www.sisinternational.com\/wp-content\/uploads\/2025\/09\/Focus-group-4-13.jpg 1456w, https:\/\/www.sisinternational.com\/wp-content\/uploads\/2025\/09\/Focus-group-4-13-300x168.jpg 300w, https:\/\/www.sisinternational.com\/wp-content\/uploads\/2025\/09\/Focus-group-4-13-1024x574.jpg 1024w, https:\/\/www.sisinternational.com\/wp-content\/uploads\/2025\/09\/Focus-group-4-13-768x430.jpg 768w, https:\/\/www.sisinternational.com\/wp-content\/uploads\/2025\/09\/Focus-group-4-13-18x10.jpg 18w\" sizes=\"auto, (max-width: 1456px) 100vw, 1456px\"><\/figure>\n\n\n\n<hr class=\"wp-block-separator has-alpha-channel-opacity is-style-dots\"\/>\n\n\n\n<h3 class=\"wp-block-heading\"><span style=\"font-weight: 400;\">I focus group dedicati alle degustazioni a New York offrono un&#039;opportunit\u00e0 unica per raccogliere informazioni preziose e qualitative direttamente da un pubblico eterogeneo.<\/span><\/h3>\n\n\n\n<p><span style=\"font-weight: 400;\">Per lanciare un prodotto alimentare di successo non basta solo il buon gusto: \u00e8 necessaria una profonda comprensione delle preferenze dei consumatori. \u00c8 qui che entrano in gioco i focus group per i test del gusto a New York. Essendo una delle citt\u00e0 pi\u00f9 diversificate al mondo, New York offre accesso a un ampio spettro di opinioni e prospettive culturali, il che la rende una sede ideale per la ricerca sui test del gusto.&nbsp;<\/span><\/p>\n\n\n\n<h2 class=\"wp-block-heading\"><strong>Il ruolo dei focus group nella degustazione<\/strong><\/h2>\n\n\n\n<figure class=\"gb-block-image gb-block-image-9e3171a3\"><img loading=\"lazy\" decoding=\"async\" width=\"1456\" height=\"816\" class=\"gb-image gb-image-9e3171a3\" src=\"https:\/\/www.sisinternational.com\/wp-content\/uploads\/2025\/09\/Focus-group-4-18.jpg\" alt=\"Ricerca e strategia di mercato internazionale SIS\" title=\"Focus group 4 (18)\" srcset=\"https:\/\/www.sisinternational.com\/wp-content\/uploads\/2025\/09\/Focus-group-4-18.jpg 1456w, https:\/\/www.sisinternational.com\/wp-content\/uploads\/2025\/09\/Focus-group-4-18-300x168.jpg 300w, https:\/\/www.sisinternational.com\/wp-content\/uploads\/2025\/09\/Focus-group-4-18-1024x574.jpg 1024w, https:\/\/www.sisinternational.com\/wp-content\/uploads\/2025\/09\/Focus-group-4-18-768x430.jpg 768w, https:\/\/www.sisinternational.com\/wp-content\/uploads\/2025\/09\/Focus-group-4-18-18x10.jpg 18w\" sizes=\"auto, (max-width: 1456px) 100vw, 1456px\"><\/figure>\n\n\n\n<p><\/p>\n\n\n\n<p><span style=\"font-weight: 400;\">I focus group promuovono discussioni dinamiche in cui i partecipanti condividono le proprie opinioni, emozioni e contesti culturali che influenzano le loro preferenze. Ci\u00f2 li rende strumenti inestimabili per comprendere il &quot;perch\u00e9&quot; dietro le scelte dei consumatori.<\/span><\/p>\n\n\n\n<p><span style=\"font-weight: 400;\">I partecipanti sono spesso incoraggiati a descrivere sapori, consistenze e retrogusti in dettaglio, il che aiuta i marchi a identificare gli attributi chiave che risuonano con il loro pubblico. Un altro vantaggio dei focus group \u00e8 la loro capacit\u00e0 di simulare condizioni del mondo reale. Incorporando elementi come branding, packaging o abbinamenti suggeriti, le aziende possono comprendere meglio come il loro prodotto si comporter\u00e0 in un mercato competitivo.<\/span><\/p>\n\n\n\n<h2 class=\"wp-block-heading\"><strong>Perch\u00e9 New York \u00e8 ideale per i focus group<\/strong><\/h2>\n\n\n\n<p><span style=\"font-weight: 400;\">New York is an exceptional location for conducting <a href=\"https:\/\/www.sisinternational.com\/it\/soluzioni\/soluzioni-di-ricerca-quantitativa-qualitativa\/test-di-posizione-centrale-vs-focus-group\/\" title=\"Test di posizione centrale vs focus group\"  data-wpil-monitor-id=\"1582\">focus groups for taste testing<\/a> due to its unmatched diversity and culinary influence. It offers the following benefits:<\/span><\/p>\n\n\n\n<figure class=\"gb-block-image gb-block-image-24c4da74\"><img loading=\"lazy\" decoding=\"async\" width=\"2081\" height=\"1633\" class=\"gb-image gb-image-24c4da74\" src=\"https:\/\/www.sisinternational.com\/wp-content\/uploads\/2024\/11\/Culinary-insights.png\" srcset=\"https:\/\/www.sisinternational.com\/wp-content\/uploads\/2024\/11\/Culinary-insights.png 2081w, https:\/\/www.sisinternational.com\/wp-content\/uploads\/2024\/11\/Culinary-insights-300x235.png 300w, https:\/\/www.sisinternational.com\/wp-content\/uploads\/2024\/11\/Culinary-insights-1024x804.png 1024w, https:\/\/www.sisinternational.com\/wp-content\/uploads\/2024\/11\/Culinary-insights-768x603.png 768w, https:\/\/www.sisinternational.com\/wp-content\/uploads\/2024\/11\/Culinary-insights-1536x1205.png 1536w, https:\/\/www.sisinternational.com\/wp-content\/uploads\/2024\/11\/Culinary-insights-2048x1607.png 2048w, https:\/\/www.sisinternational.com\/wp-content\/uploads\/2024\/11\/Culinary-insights-15x12.png 15w\" sizes=\"auto, (max-width: 2081px) 100vw, 2081px\" alt=\"Ricerca e strategia di mercato internazionale SIS\"><\/figure>\n\n\n\n<p><\/p>\n\n\n\n<ol class=\"wp-block-list\">\n<li><b> Un panorama demografico diversificato<\/b><\/li>\n<\/ol>\n\n\n\n<p><span style=\"font-weight: 400;\">New York ospita un&#039;ampia gamma di culture, etnie e fasce d&#039;et\u00e0. Questa diversit\u00e0 consente ai focus group di catturare spunti da vari segmenti di consumatori, garantendo una comprensione completa di come i diversi pubblici percepiscono gusto, sapore e consistenza.<\/span><\/p>\n\n\n\n<ol start=\"2\" class=\"wp-block-list\">\n<li><b> Un hub di tendenze culinarie<\/b><\/li>\n<\/ol>\n\n\n\n<p><span style=\"font-weight: 400;\">Conducting focus groups here means tapping into a consumer base often exposed to new trends, making it ideal for <a href=\"https:\/\/www.sisinternational.com\/it\/soluzioni\/prova-del-gusto\/strutture-per-la-prova-del-sapore-a-new-york\/\" title=\"Strutture per la prova del sapore a New York\"  data-wpil-monitor-id=\"7132\">testing cutting-edge flavors<\/a> and concepts.<\/span><\/p>\n\n\n\n<ol start=\"3\" class=\"wp-block-list\">\n<li><b> Accesso ad appassionati ed esperti di cibo<\/b><\/li>\n<\/ol>\n\n\n\n<p><span style=\"font-weight: 400;\">La citt\u00e0 pullula di amanti del cibo, professionisti della cucina e amanti del cibo avventurosi che forniscono preziosi spunti durante i focus group. Il loro feedback pu\u00f2 essere determinante nel perfezionamento di prodotti gourmet o nell&#039;introduzione di nuove cucine.<\/span><\/p>\n\n\n\n<ol start=\"4\" class=\"wp-block-list\">\n<li><b> Vicinanza ai principali mercati di consumo<\/b><\/li>\n<\/ol>\n\n\n\n<p><span style=\"font-weight: 400;\">La posizione di New York offre un facile accesso ai mercati di consumo limitrofi, tra cui il pubblico urbano e suburbano. Ci\u00f2 consente di testare prodotti con una portata pi\u00f9 ampia, mantenendo al contempo la convenienza logistica.<\/span><\/p>\n\n\n\n<ol start=\"5\" class=\"wp-block-list\">\n<li><b> Riflettente dei mercati globali<\/b><\/li>\n<\/ol>\n\n\n\n<p><span style=\"font-weight: 400;\">Le opinioni diverse raccolte a New York spesso rispecchiano tendenze globali pi\u00f9 ampie, rendendo le intuizioni applicabili ad altre regioni. I test qui danno alle aziende un vantaggio nella preparazione per i mercati internazionali.<\/span><\/p>\n\n\n\n<h2 class=\"wp-block-heading\"><strong>Approfondimenti chiave ottenuti dai focus group<\/strong><\/h2>\n\n\n\n<figure class=\"gb-block-image gb-block-image-f033a0a5\"><img loading=\"lazy\" decoding=\"async\" width=\"1456\" height=\"816\" class=\"gb-image gb-image-f033a0a5\" src=\"https:\/\/www.sisinternational.com\/wp-content\/uploads\/2025\/09\/Focus-group-4-3.jpg\" alt=\"Ricerca e strategia di mercato internazionale SIS\" title=\"Focus group 4 (3)\" srcset=\"https:\/\/www.sisinternational.com\/wp-content\/uploads\/2025\/09\/Focus-group-4-3.jpg 1456w, https:\/\/www.sisinternational.com\/wp-content\/uploads\/2025\/09\/Focus-group-4-3-300x168.jpg 300w, https:\/\/www.sisinternational.com\/wp-content\/uploads\/2025\/09\/Focus-group-4-3-1024x574.jpg 1024w, https:\/\/www.sisinternational.com\/wp-content\/uploads\/2025\/09\/Focus-group-4-3-768x430.jpg 768w, https:\/\/www.sisinternational.com\/wp-content\/uploads\/2025\/09\/Focus-group-4-3-18x10.jpg 18w\" sizes=\"auto, (max-width: 1456px) 100vw, 1456px\"><\/figure>\n\n\n\n<p><\/p>\n\n\n\n<p><span style=\"font-weight: 400;\">Focus groups offer a deeper understanding of consumer behaviors, expectations, and emotional connections to products. Here are the primary types of insights gained through <a href=\"https:\/\/www.sisinternational.com\/it\/soluzioni\/focus-group\/gruppi-di-discussione-di-new-york-per-testare-prodotti-per-anziani\/\" title=\"Sfruttare i focus group di New York per testare prodotti per anziani \u00a0\"  data-wpil-monitor-id=\"1865\">focus groups for taste testing<\/a> in New York:<\/span><\/p>\n\n\n\n<ul class=\"wp-block-list\">\n<li><b>Preferenze di sapore e consistenza: <\/b><span style=\"font-weight: 400;\">I partecipanti forniscono un feedback dettagliato sui profili aromatici, sulla consistenza e sulle esperienze gustative complessive.&nbsp;<\/span><\/li>\n\n\n\n<li><b>Influenze culturali ed emotive: <\/b><span style=\"font-weight: 400;\">I focus group rivelano come i background culturali, le esperienze personali e le emozioni influenzino le preferenze di gusto.&nbsp;<\/span><\/li>\n\n\n\n<li><b>Bisogni insoddisfatti e lacune del mercato: <\/b><span style=\"font-weight: 400;\">Le discussioni spesso mettono in luce esigenze insoddisfatte o insoddisfazione nei confronti delle attuali offerte del mercato.&nbsp;<\/span><\/li>\n\n\n\n<li><b>Reazioni alle varianti del prodotto: <\/b><span style=\"font-weight: 400;\">Testare pi\u00f9 varianti di prodotto in un&#039;unica sessione consente alle aziende di individuare la versione pi\u00f9 gradita ai partecipanti.&nbsp;<\/span><\/li>\n\n\n\n<li><b>Percezioni del marchio e del packaging: <\/b><span style=\"font-weight: 400;\">L&#039;inserimento di elementi di marca o di imballaggi nelle sessioni di focus group fornisce spunti su come questi fattori influenzano le decisioni dei consumatori.&nbsp;<\/span><\/li>\n\n\n\n<li><b>Analisi comparativa dei prodotti: <\/b><span style=\"font-weight: 400;\">Le aziende possono individuare i propri punti di forza e di debolezza confrontando un prodotto con l&#039;offerta della concorrenza.&nbsp;<\/span><\/li>\n\n\n\n<li><b>Risposte emotive al gusto: <\/b><span style=\"font-weight: 400;\">I focus group aiutano a catturare le risposte emotive che sono difficili da quantificare nei sondaggi. Frasi come &quot;confortante&quot;, &quot;eccitante&quot; o &quot;rinfrescante&quot; forniscono approfondimenti qualitativi su come un prodotto risuona a un livello pi\u00f9 profondo.<\/span><\/li>\n<\/ul>\n\n\n\n<h3 class=\"wp-block-heading\"><strong>Ubicazione della struttura: New York City<\/strong><\/h3>\n\n\n\n<p>\n\n\n\n<iframe loading=\"lazy\" src=\"https:\/\/www.google.com\/maps\/embed?pb=!1m18!1m12!1m3!1d3022.976188376966!2d-73.99130312499956!3d40.740549471389315!2m3!1f0!2f0!3f0!3m2!1i1024!2i768!4f13.1!3m3!1m2!1s0x89c259a15798c731%3A0xd695d09bdd495f25!2s11%20E%2022nd%20St%20FL%202%2C%20New%20York%2C%20NY%2010010%2C%20USA!5e0!3m2!1sen!2spe!4v1726171763526!5m2!1sen!2spe\" width=\"600\" height=\"450\" allowfullscreen=\"allowfullscreen\" data-mce-fragment=\"1\"><\/iframe>\n\n\n\n<\/p>\n\n\n\n<h3 class=\"wp-block-heading\">11 E 22nd Street, piano 2, New York, NY 10010 T: +1(212) 505-6805<\/h3>\n\n\n\n<p>\n\n\n\n<\/p>\n\n\n\n<h4 class=\"wp-block-heading\"><strong>Punti salienti della posizione:<\/strong><\/h4>\n\n\n\n<p>\n\n\n\n<\/p>\n\n\n\n<ul class=\"wp-block-list\">\n<li>\n<ul class=\"wp-block-list\">\n<li>Flatiron District a Manhattan, a pochi passi dallo storico edificio Flatiron e vicino a Madison Square Park e Union Square<\/li>\n<\/ul>\n<\/li>\n<\/ul>\n\n\n\n<p>\n\n\n\n<\/p>\n\n\n\n<ul class=\"wp-block-list\">\n<li>\n<ul class=\"wp-block-list\">\n<li>Situato in posizione centrale nel cuore di New York City, una delle principali citt\u00e0 globali e la pi\u00f9 grande citt\u00e0 degli Stati Uniti<\/li>\n<\/ul>\n<\/li>\n<\/ul>\n\n\n\n<p>\n\n\n\n<\/p>\n\n\n\n<ul class=\"wp-block-list\">\n<li>\n<ul class=\"wp-block-list\">\n<li>Comodo per numerose opzioni di trasporto<\/li>\n<\/ul>\n<\/li>\n<\/ul>\n\n\n\n<p>\n\n\n\n<\/p>\n\n\n\n<ul class=\"wp-block-list\">\n<li>\n<ul class=\"wp-block-list\">\n<li>Situato tra Broadway e Park Avenue sulla 22esima strada, vicino alla \u201cKey Bank\u201d<\/li>\n<\/ul>\n<\/li>\n<\/ul>\n\n\n\n<p>\n\n\n\n<\/p>\n\n\n\n<ul class=\"wp-block-list\">\n<li>\n<ul class=\"wp-block-list\">\n<li>Treno locale R di Broadway \u2013 Stazione 22\/23<\/li>\n<\/ul>\n<\/li>\n<\/ul>\n\n\n\n<p>\n\n\n\n<\/p>\n\n\n\n<ul class=\"wp-block-list\">\n<li>\n<ul class=\"wp-block-list\">\n<li>Treno locale 6 di Eastside - 23rd e stazione di Park Ave<\/li>\n<\/ul>\n<\/li>\n<\/ul>\n\n\n\n<p>\n\n\n\n<\/p>\n\n\n\n<ul class=\"wp-block-list\">\n<li>Treno locale 1 di Westside \u2013 Stazione 23rd e 6th Avenue<\/li>\n<\/ul>\n\n\n\n<h2 class=\"wp-block-heading\"><strong>Cosa rende SIS International un fornitore leader di focus group?<\/strong><\/h2>\n\n\n\n<p><span style=\"font-weight: 400;\"><a href=\"https:\/\/www.linkedin.com\/company\/sisinternationalresearch\/\" target=\"_blank\" rel=\"noopener\">SIS Internazionale<\/a> si \u00e8 affermata come leader affidabile nella conduzione di focus group per degustazioni a New York. Con decenni di esperienza e una comprovata esperienza, SIS offre approfondimenti e risultati senza pari per le aziende che mirano a perfezionare la propria offerta di cibo e bevande. Ecco perch\u00e9 SIS si distingue:<\/span><\/p>\n\n\n\n<h3 class=\"wp-block-heading\"><span style=\"font-weight: 400;\">Decenni di competenza<\/span><\/h3>\n\n\n\n<p><span style=\"font-weight: 400;\">Con oltre 40 anni di esperienza nel settore delle ricerche di mercato, <a href=\"https:\/\/twitter.com\/SISIntlResearch\" target=\"_blank\" rel=\"noopener\">SIS<\/a> ha perfezionato le proprie metodologie per fornire informazioni precise e fruibili, su misura per le esigenze dei clienti.<\/span><\/p>\n\n\n\n<h3 class=\"wp-block-heading\"><span style=\"font-weight: 400;\">Strutture all&#039;avanguardia<\/span><\/h3>\n\n\n\n<p><span style=\"font-weight: 400;\">Our state-of-the-art <a href=\"https:\/\/www.sisinternational.com\/it\/soluzioni\/focus-group\/focus-group-a-new-york-per-testare-i-prodotti-della-generazione-z\/\" title=\"Sfruttare i focus group a New York per testare i prodotti della Generazione Z\" data-wpil-monitor-id=\"1881\">focus group facilities in New York<\/a> are designed for comfort and efficiency. From modern tasting rooms to advanced recording technology, every detail enhances the research experience.<\/span><\/p>\n\n\n\n<h3 class=\"wp-block-heading\"><span style=\"font-weight: 400;\">Reclutamento di partecipanti senza pari<\/span><\/h3>\n\n\n\n<p><span style=\"font-weight: 400;\"><a href=\"https:\/\/medium.com\/@sisinternational\/sis-international-c17160da8fac\" target=\"_blank\" rel=\"noopener\">SIS<\/a> sfrutta un&#039;ampia rete per reclutare partecipanti diversificati e qualificati che rispecchino il tuo pubblico di riferimento, garantendo approfondimenti solidi e rappresentativi.<\/span><\/p>\n\n\n\n<h3 class=\"wp-block-heading\"><span style=\"font-weight: 400;\">Competenze diversificate e inclusive<\/span><\/h3>\n\n\n\n<p><span style=\"font-weight: 400;\">SIS \u00e8 specializzata nel lavorare con la popolazione eterogenea di New York, cogliendo le ricche prospettive che rendono la citt\u00e0 un banco di prova ideale per nuovi prodotti.<\/span><\/p>\n\n\n\n<h3 class=\"wp-block-heading\"><span style=\"font-weight: 400;\">Moderatori altamente qualificati<\/span><\/h3>\n\n\n\n<p><span style=\"font-weight: 400;\">I nostri moderatori esperti sono formati per promuovere discussioni coinvolgenti, analizzare pi\u00f9 a fondo le risposte e gestire le dinamiche di gruppo per ottenere le informazioni pi\u00f9 preziose.<\/span><\/p>\n\n\n\n<h3 class=\"wp-block-heading\"><span style=\"font-weight: 400;\">Soluzioni di ricerca personalizzate<\/span><\/h3>\n\n\n\n<p><span style=\"font-weight: 400;\">Non crediamo in una soluzione unica per tutti. SIS adatta ogni progetto di focus group in modo che sia in linea con i tuoi obiettivi unici, che si tratti di perfezionare una ricetta o di esplorare nuove opportunit\u00e0 di mercato.<\/span><\/p>\n\n\n\n<h3 class=\"wp-block-heading\"><span style=\"font-weight: 400;\">Convenienza senza compromessi<\/span><\/h3>\n\n\n\n<p><span style=\"font-weight: 400;\">Pur offrendo servizi di alta qualit\u00e0, garantiamo soluzioni convenienti che offrono un valore eccezionale per aziende di tutte le dimensioni.<\/span><\/p>\n\n\n\n<h3 class=\"wp-block-heading\"><span style=\"font-weight: 400;\">Posizione strategica<\/span><\/h3>\n\n\n\n<p><span style=\"font-weight: 400;\">Situate nel cuore di New York, le nostre strutture sono facilmente accessibili ai partecipanti provenienti da tutti i quartieri e dalle aree limitrofe, massimizzando la praticit\u00e0 e i tassi di partecipazione.<\/span><\/p>\n\n\n\n<h3 class=\"wp-block-heading\"><span style=\"font-weight: 400;\">Analisi e reporting completi<\/span><\/h3>\n\n\n\n<p><span style=\"font-weight: 400;\">SIS non si limita a raccogliere dati, li trasforma in informazioni fruibili. I nostri report dettagliati evidenziano i risultati chiave e offrono raccomandazioni strategiche per guidare le decisioni.<\/span><\/p>\n\n\n\n<h3 class=\"wp-block-heading\"><span style=\"font-weight: 400;\">Di fiducia dei migliori marchi in tutto il mondo<\/span><\/h3>\n\n\n\n<p><span style=\"font-weight: 400;\">Dalle startup alle multinazionali, le aziende leader si affidano a SIS International per ottenere le informazioni di cui hanno bisogno per avere successo nei mercati competitivi.<\/span><\/p>\n\n\n\n<h2 class=\"wp-block-heading\"><strong>A proposito di SIS Internazionale<\/strong><\/h2>\n\n\n\n<p><a href=\"https:\/\/www.sisinternational.com\/it\/\"><span style=\"font-weight: 400;\">SIS Internazionale<\/span><\/a><span style=\"font-weight: 400;\"> offre ricerca quantitativa, qualitativa e strategica. Forniamo dati, strumenti, strategie, report e approfondimenti per il processo decisionale. Conduciamo anche interviste, sondaggi, focus group e altri metodi e approcci di ricerca di mercato.<\/span><a href=\"https:\/\/www.sisinternational.com\/it\/sulla-sua-ricerca-internazionale\/contact-sis-international-market-research\/\"><span style=\"font-weight: 400;\"> Contattaci<\/span><\/a><span style=\"font-weight: 400;\"> per il tuo prossimo progetto di ricerca di mercato.<\/span><\/p>\n\n\n\n<hr class=\"wp-block-separator has-alpha-channel-opacity\"\/>\n\n\n\n<p>\n\n\n<\/p>\n<p><!-- \/wp:post-content --><\/p>","protected":false},"excerpt":{"rendered":"<p>Focus Groups for Taste Testing in New York Focus groups for taste testing in New York offer an unparalleled opportunity to gather rich, qualitative insights directly from diverse audiences. Launching a successful food product requires more than just good taste\u2014it demands a deep understanding of consumer preferences. This is where focus groups for taste testing &#8230; <a title=\"Gruppi di discussione per la degustazione a New York\" class=\"read-more\" href=\"https:\/\/www.sisinternational.com\/it\/soluzioni\/prova-del-gusto\/focus-group-per-degustazioni-a-new-york\/\" aria-label=\"Per saperne di pi\u00f9 su Focus Groups for Taste Testing in New York\">Leggi tutto<\/a><\/p>","protected":false},"author":1,"featured_media":66900,"parent":47794,"menu_order":27,"comment_status":"closed","ping_status":"closed","template":"","meta":{"footnotes":""},"class_list":["post-54178","page","type-page","status-publish","has-post-thumbnail"],"_links":{"self":[{"href":"https:\/\/www.sisinternational.com\/it\/wp-json\/wp\/v2\/pages\/54178","targetHints":{"allow":["GET"]}}],"collection":[{"href":"https:\/\/www.sisinternational.com\/it\/wp-json\/wp\/v2\/pages"}],"about":[{"href":"https:\/\/www.sisinternational.com\/it\/wp-json\/wp\/v2\/types\/page"}],"author":[{"embeddable":true,"href":"https:\/\/www.sisinternational.com\/it\/wp-json\/wp\/v2\/users\/1"}],"replies":[{"embeddable":true,"href":"https:\/\/www.sisinternational.com\/it\/wp-json\/wp\/v2\/comments?post=54178"}],"version-history":[{"count":11,"href":"https:\/\/www.sisinternational.com\/it\/wp-json\/wp\/v2\/pages\/54178\/revisions"}],"predecessor-version":[{"id":80696,"href":"https:\/\/www.sisinternational.com\/it\/wp-json\/wp\/v2\/pages\/54178\/revisions\/80696"}],"up":[{"embeddable":true,"href":"https:\/\/www.sisinternational.com\/it\/wp-json\/wp\/v2\/pages\/47794"}],"wp:featuredmedia":[{"embeddable":true,"href":"https:\/\/www.sisinternational.com\/it\/wp-json\/wp\/v2\/media\/66900"}],"wp:attachment":[{"href":"https:\/\/www.sisinternational.com\/it\/wp-json\/wp\/v2\/media?parent=54178"}],"curies":[{"name":"wp","href":"https:\/\/api.w.org\/{rel}","templated":true}]}}