{"id":54090,"date":"2024-11-20T05:54:28","date_gmt":"2024-11-20T10:54:28","guid":{"rendered":"https:\/\/www.sisinternational.com\/?page_id=54090"},"modified":"2026-03-05T23:14:18","modified_gmt":"2026-03-06T04:14:18","slug":"la-migliore-azienda-di-ricerca-qualitativa-al-mondo","status":"publish","type":"page","link":"https:\/\/www.sisinternational.com\/it\/soluzioni\/soluzioni-di-ricerca-quantitativa-qualitativa\/la-migliore-azienda-di-ricerca-qualitativa-al-mondo\/","title":{"rendered":"La migliore azienda di ricerca qualitativa a livello mondiale"},"content":{"rendered":"<h1 class=\"wp-block-heading\">La migliore azienda di ricerca qualitativa a livello mondiale<\/h1>\n\n\n\n<figure class=\"gb-block-image gb-block-image-95f12ab5\"><img decoding=\"async\" class=\"gb-image gb-image-95f12ab5\" src=\"https:\/\/www.sisinternational.com\/wp-content\/uploads\/2025\/07\/How-to-Design-Effective-Surveys-for-Quantitative-Research-1.jpg\" alt=\"How to Design Effective Surveys for Quantitative Research\" title=\"How to Design Effective Surveys for Quantitative Research (1)\"\/><\/figure>\n\n\n\n<p><\/p>\n\n\n\n<h3 class=\"wp-block-heading\">Principale azienda di ricerca qualitativa a livello mondiale: per le aziende che operano nel mercato globale, la partnership con una delle principali aziende di ricerca qualitativa a livello mondiale come SIS International garantisce loro di ottenere le informazioni necessarie per creare connessioni significative con i consumatori.<\/h3>\n\n\n\n<p>Come si fa a comprendere veramente cosa guida il comportamento dei consumatori in un mercato globale? La ricerca qualitativa \u00e8 la chiave per scoprire le emozioni, le motivazioni e le percezioni alla base delle decisioni dei clienti. In qualit\u00e0 di principale societ\u00e0 di ricerca qualitativa globale, SIS International aiuta le aziende a sbloccare queste intuizioni cruciali per dare forma a strategie efficaci.<\/p>\n\n\n\n<h2 class=\"wp-block-heading\">Perch\u00e9 la ricerca di mercato qualitativa \u00e8 cos\u00ec importante nell&#039;ambiente aziendale globale<\/h2>\n\n\n\n<p>Qualitativo <a href=\"https:\/\/www.linkedin.com\/pulse\/how-market-research-enables-growth-ruth-stanat-phekf\/\" target=\"_blank\" rel=\"noopener\">ricerca di mercato<\/a> \u00e8 essenziale per comprendere il &quot;perch\u00e9&quot; dietro i comportamenti, le motivazioni e gli atteggiamenti dei consumatori. Fornisce una comprensione pi\u00f9 ricca e sfumata delle prospettive dei consumatori e delle dinamiche di mercato, aiutando le aziende a capire cosa stanno facendo i consumatori e perch\u00e9 fanno certe scelte, come percepiscono i marchi e quali fattori emozionali influenzano le loro decisioni.<\/p>\n\n\n\n<p>UN <a href=\"https:\/\/www.sisinternational.com\/it\/la-migliore-azienda-di-ricerche-di-mercato-quantitative-a-livello-mondiale\/\" title=\"La migliore societ\u00e0 di ricerche di mercato quantitative a livello mondiale\" data-wpil-monitor-id=\"1051\">top global qualitative research<\/a> firm, such as SIS International, employs advanced qualitative methodologies to explore these underlying motivations. This type of research involves tools such as in-depth interviews, focus, and online communities to gather insights directly from consumers in their environments, providing a clearer view of their experiences and attitudes.<\/p>\n\n\n\n<p>So, by uncovering what truly matters to customers, <a href=\"https:\/\/www.sisinternational.com\/it\/ricerca-su-larga-scala-per-le-piccole-imprese\/\" title=\"Ricerca su larga scala per le piccole imprese\" data-wpil-monitor-id=\"2339\">companies can develop strategies<\/a> that resonate with their target audience on an emotional level. These insights help craft effective messaging, improve product development, and enhance the customer experience.<\/p>\n\n\n\n<h2 class=\"wp-block-heading\">Quali sono i servizi offerti da una delle principali societ\u00e0 di ricerca qualitativa a livello mondiale?<\/h2>\n\n\n\n<figure class=\"gb-block-image gb-block-image-a3af59ad\"><img loading=\"lazy\" decoding=\"async\" width=\"1456\" height=\"816\" class=\"gb-image gb-image-a3af59ad\" src=\"https:\/\/www.sisinternational.com\/wp-content\/uploads\/2025\/09\/Quantitative-research-14.jpg\" alt=\"Ricerca e strategia di mercato internazionale SIS\" title=\"Quantitative research (14)\" srcset=\"https:\/\/www.sisinternational.com\/wp-content\/uploads\/2025\/09\/Quantitative-research-14.jpg 1456w, https:\/\/www.sisinternational.com\/wp-content\/uploads\/2025\/09\/Quantitative-research-14-300x168.jpg 300w, https:\/\/www.sisinternational.com\/wp-content\/uploads\/2025\/09\/Quantitative-research-14-1024x574.jpg 1024w, https:\/\/www.sisinternational.com\/wp-content\/uploads\/2025\/09\/Quantitative-research-14-768x430.jpg 768w, https:\/\/www.sisinternational.com\/wp-content\/uploads\/2025\/09\/Quantitative-research-14-18x10.jpg 18w\" sizes=\"auto, (max-width: 1456px) 100vw, 1456px\"><\/figure>\n\n\n\n<p><\/p>\n\n\n\n<p>Uno dei servizi principali sono le interviste approfondite, in cui i ricercatori conducono discussioni individuali con i consumatori per esplorare in dettaglio i loro pensieri, sentimenti e motivazioni. Questo metodo \u00e8 particolarmente utile per comprendere complessi processi decisionali e scoprire emozioni nascoste che influenzano il comportamento dei consumatori.<\/p>\n\n\n\n<p>Un&#039;altra offerta chiave sono i focus group. I focus group consentono ai ricercatori di osservare le dinamiche di gruppo e identificare temi comuni, prospettive diverse e i trigger emotivi che guidano il comportamento. Questo approccio aiuta le aziende a comprendere come i consumatori percepiscono i loro prodotti e servizi e come possono migliorarli per soddisfare meglio le esigenze dei clienti.<\/p>\n\n\n\n<h2 class=\"wp-block-heading\">L&#039;importanza delle sfumature regionali nello sviluppo della strategia<\/h2>\n\n\n\n<p>Understanding regional nuances is crucial for developing effective market entry strategies, product positioning, and marketing campaigns. A <a href=\"https:\/\/www.sisinternational.com\/it\/top-5-benefits-of-qualitative-market-research-for-businesses\/\" title=\"Top 5 Benefits of Qualitative Market Research for Businesses\" data-wpil-monitor-id=\"1848\">top global qualitative research<\/a> firm like SIS International helps businesses identify the cultural, economic, and social factors that impact consumer behavior in each region.<\/p>\n\n\n\n<p>La comprensione delle sfumature regionali \u00e8 fondamentale per il successo quando si lancia un nuovo prodotto, si fa un rebranding o si entra in un nuovo mercato. L&#039;esperienza di SIS International nel catturare queste sfumature consente alle aziende di prendere decisioni informate, creare campagne culturalmente rilevanti e costruire relazioni durature con i consumatori in diversi mercati.<\/p>\n\n\n\n<h2 class=\"wp-block-heading\">Quindi... Quali sono i vantaggi di lavorare con una delle principali societ\u00e0 di ricerca qualitativa a livello mondiale?<\/h2>\n\n\n\n<p>Working with a <a href=\"https:\/\/www.sisinternational.com\/it\/soluzioni\/legal-market-research\/mock-jury-market-research-3\/\" title=\"La migliore societ\u00e0 di ricerche di mercato con giuria simulata\" data-wpil-monitor-id=\"928\">top global qualitative research<\/a> firm provides businesses many benefits beyond traditional market analysis. These firms offer deep, contextually rich insights that help businesses create meaningful connections with consumers and make informed strategic decisions.<\/p>\n\n\n<div class=\"wp-block-image\">\n<figure class=\"aligncenter size-full\"><img loading=\"lazy\" decoding=\"async\" width=\"792\" height=\"445\" src=\"https:\/\/www.sisinternational.com\/wp-content\/uploads\/2024\/11\/Top-Global-Qualitative-Research-Company.png\" alt=\"Ricerca e strategia di mercato internazionale SIS\" class=\"wp-image-54091\" srcset=\"https:\/\/www.sisinternational.com\/wp-content\/uploads\/2024\/11\/Top-Global-Qualitative-Research-Company.png 792w, https:\/\/www.sisinternational.com\/wp-content\/uploads\/2024\/11\/Top-Global-Qualitative-Research-Company-300x169.png 300w, https:\/\/www.sisinternational.com\/wp-content\/uploads\/2024\/11\/Top-Global-Qualitative-Research-Company-768x432.png 768w, https:\/\/www.sisinternational.com\/wp-content\/uploads\/2024\/11\/Top-Global-Qualitative-Research-Company-18x10.png 18w\" sizes=\"auto, (max-width: 792px) 100vw, 792px\" \/><\/figure>\n<\/div>\n\n\n<p><\/p>\n\n\n\n<ul class=\"wp-block-list\">\n<li><strong>Profonda comprensione del consumatore:<\/strong> Ottieni informazioni sulle emozioni, le motivazioni e gli atteggiamenti che guidano il comportamento dei consumatori.<\/li>\n\n\n\n<li><strong>Sensibilit\u00e0 culturale e localizzazione:<\/strong> Sviluppare strategie culturalmente rilevanti comprendendo i fattori sociali e culturali unici che influenzano le preferenze dei consumatori.<\/li>\n\n\n\n<li><strong>Sviluppo prodotto migliorato:<\/strong> Utilizzare il feedback dei consumatori per orientare lo sviluppo dei prodotti, assicurandosi che le offerte soddisfino le esigenze e le aspettative del pubblico di riferimento.<\/li>\n\n\n\n<li><strong>Miglioramento del messaggio del marchio:<\/strong> Crea messaggi accattivanti che trovino riscontro nei consumatori, facendogli capire cosa conta davvero per loro.<\/li>\n\n\n\n<li><strong>Migliore esperienza del cliente:<\/strong> Mappare il percorso del cliente per identificare i punti critici e le aree di miglioramento, per offrire un&#039;esperienza pi\u00f9 soddisfacente al cliente.<\/li>\n\n\n\n<li><strong>Ingresso strategico nel mercato:<\/strong> Esplora nuovi mercati con sicurezza, comprendendo le sfumature regionali e le aspettative dei consumatori.<\/li>\n<\/ul>\n\n\n\n<h2 class=\"wp-block-heading\">Come la ricerca qualitativa guida l&#039;innovazione e le decisioni strategiche<\/h2>\n\n\n\n<p>La ricerca qualitativa \u00e8 un motore fondamentale per l&#039;innovazione e il processo decisionale strategico, poich\u00e9 svela intuizioni approfondite e basate sulla narrazione che aiutano le aziende a comprendere i propri clienti a livello personale.<\/p>\n\n\n\n<h3 class=\"wp-block-heading\">Identificazione delle esigenze dei consumatori e delle lacune del mercato<\/h3>\n\n\n\n<p>La ricerca qualitativa \u00e8 fondamentale per identificare le esigenze insoddisfatte dei consumatori e le lacune del mercato. Queste intuizioni aiutano le aziende a identificare opportunit\u00e0 di innovazione e a sviluppare prodotti che affrontano specifici punti critici, creando valore sia per l&#039;azienda che per il consumatore.<\/p>\n\n\n\n<p>For instance, a <a href=\"https:\/\/www.sisinternational.com\/it\/competenza\/curriculum-di-esperienza\/ricerca-sul-marchio\/\" title=\"Societ\u00e0 di ricerca sul marchio\" data-wpil-monitor-id=\"6301\">company might use ethnographic research<\/a> to observe how consumers use a particular product daily. This type of research can reveal usability issues, unmet needs, or opportunities for improvement that may not be apparent through quantitative data alone.&nbsp;<\/p>\n\n\n\n<h3 class=\"wp-block-heading\">Guidare l&#039;innovazione di prodotti e servizi<\/h3>\n\n\n\n<p><a href=\"https:\/\/www.sisinternational.com\/it\/sampling-techniques-in-qualitative-research-the-complete-guide-to-choosing-the-right-method\/\" title=\"Sampling Techniques in Qualitative Research: The Complete Guide to Choosing the Right Method\" data-wpil-monitor-id=\"1471\">Qualitative research guides<\/a> the product development process, from ideation to launch. It involves consumers in concept testing and co-creation workshops, businesses can gather valuable feedback that informs the design and functionality of new products. This collaborative approach ensures that products are designed with the end-user in mind, increasing the likelihood of market success.<\/p>\n\n\n\n<h3 class=\"wp-block-heading\">Supporto alle decisioni aziendali strategiche<\/h3>\n\n\n\n<p>Oltre allo sviluppo del prodotto, la ricerca qualitativa fornisce le informazioni necessarie per prendere decisioni aziendali strategiche. Che si tratti di entrare in un nuovo mercato, di effettuare un rebranding o di lanciare una nuova campagna di marketing, la ricerca qualitativa aiuta le aziende a comprendere il contesto in cui operano.&nbsp;<\/p>\n\n\n\n<h2 class=\"wp-block-heading\">Cosa rende SIS International una delle principali societ\u00e0 di ricerca qualitativa a livello mondiale<\/h2>\n\n\n\n<p><a href=\"https:\/\/www.linkedin.com\/company\/sisinternationalresearch\/\" target=\"_blank\" rel=\"noopener\">SIS Internazionale<\/a> \u00e8 classificata come una delle principali societ\u00e0 di ricerca qualitativa a livello mondiale grazie al suo approccio unico, alla competenza globale e all&#039;impegno nel fornire approfondimenti fruibili. La nostra capacit\u00e0 di comprendere le complessit\u00e0 del comportamento dei consumatori e di tradurle in opportunit\u00e0 strategiche ci rende un partner affidabile per le aziende che cercano di avere successo in un mercato globale sempre pi\u00f9 complesso.<\/p>\n\n\n\n<ul class=\"wp-block-list\">\n<li><strong>Tailored <\/strong><a href=\"https:\/\/www.sisinternational.com\/it\/soluzioni\/soluzioni-di-ricerca-quantitativa-qualitativa\/quando-utilizzare-la-ricerca-qualitativa\/\" title=\"Quando utilizzare la ricerca qualitativa?\" data-wpil-monitor-id=\"1516\">Qualitative Methodologies: We design our research<\/a> to meet each client&#8217;s needs, ensuring our insights are meaningful and actionable.<\/li>\n\n\n\n<li><strong>Competenza globale e locale:<\/strong> Il nostro team di ricercatori esperti fornisce una prospettiva globale e approfondimenti locali, aiutando le aziende a orientarsi tra le sfumature dei diversi mercati.<\/li>\n\n\n\n<li><strong>Informazioni dettagliate sui consumatori:<\/strong> <a href=\"https:\/\/medium.com\/@sisinternational\/sis-international-c17160da8fac\" target=\"_blank\" rel=\"noopener\">SIS<\/a> utilizza tecniche qualitative avanzate per scoprire le emozioni, le motivazioni e gli atteggiamenti che guidano il comportamento dei consumatori, offrendo ai clienti una comprensione pi\u00f9 approfondita del loro pubblico.<\/li>\n\n\n\n<li><strong>Approccio collaborativo:<\/strong> Collaboriamo con i nostri clienti durante tutto il processo di ricerca, assicurandoci che le informazioni raccolte siano in linea con i loro obiettivi strategici.<\/li>\n\n\n\n<li><strong>Comprensione completa del mercato:<\/strong> Dalla mappatura del percorso del cliente agli studi sulla percezione del marchio, forniamo una visione completa dello scenario di mercato, consentendo ai nostri clienti di prendere decisioni strategiche informate.<\/li>\n\n\n\n<li><strong>Soluzioni di ricerca innovative:<\/strong> Il nostro impegno per l&#039;innovazione si traduce nell&#039;utilizzo degli strumenti e delle tecnologie pi\u00f9 recenti per fornire approfondimenti di alta qualit\u00e0 che aiutino i nostri clienti a rimanere un passo avanti rispetto alla concorrenza.<\/li>\n<\/ul>\n\n\n\n<h2 class=\"wp-block-heading\">A proposito di SIS Internazionale<\/h2>\n\n\n\n<p><a href=\"https:\/\/www.sisinternational.com\/it\/\">SIS Internazionale<\/a> offre ricerca quantitativa, qualitativa e strategica. Forniamo dati, strumenti, strategie, report e approfondimenti per il processo decisionale. Conduciamo anche interviste, sondaggi, focus group e altri metodi e approcci di ricerca di mercato.<a href=\"https:\/\/www.sisinternational.com\/it\/sulla-sua-ricerca-internazionale\/contact-sis-international-market-research\/\"> Contattaci<\/a> per il tuo prossimo progetto di ricerca di mercato.<\/p>\n\n\n\n<hr class=\"wp-block-separator has-alpha-channel-opacity\"\/>\n\n\n\n<p><\/p>","protected":false},"excerpt":{"rendered":"<p>Top Global Qualitative Research Company Top Global Qualitative Research Company &#8211; For businesses operating in the global market, partnering with a top global qualitative research firm like SIS International ensures they gain the insights needed to build meaningful consumer connections. How do you truly understand what drives consumer behavior in a global marketplace? Qualitative research &#8230; <a title=\"La migliore azienda di ricerca qualitativa a livello mondiale\" class=\"read-more\" href=\"https:\/\/www.sisinternational.com\/it\/soluzioni\/soluzioni-di-ricerca-quantitativa-qualitativa\/la-migliore-azienda-di-ricerca-qualitativa-al-mondo\/\" aria-label=\"Per saperne di pi\u00f9 su Top Global Qualitative Research Company\">Leggi tutto<\/a><\/p>","protected":false},"author":1,"featured_media":0,"parent":14660,"menu_order":59,"comment_status":"closed","ping_status":"closed","template":"","meta":{"footnotes":""},"class_list":["post-54090","page","type-page","status-publish"],"_links":{"self":[{"href":"https:\/\/www.sisinternational.com\/it\/wp-json\/wp\/v2\/pages\/54090","targetHints":{"allow":["GET"]}}],"collection":[{"href":"https:\/\/www.sisinternational.com\/it\/wp-json\/wp\/v2\/pages"}],"about":[{"href":"https:\/\/www.sisinternational.com\/it\/wp-json\/wp\/v2\/types\/page"}],"author":[{"embeddable":true,"href":"https:\/\/www.sisinternational.com\/it\/wp-json\/wp\/v2\/users\/1"}],"replies":[{"embeddable":true,"href":"https:\/\/www.sisinternational.com\/it\/wp-json\/wp\/v2\/comments?post=54090"}],"version-history":[{"count":12,"href":"https:\/\/www.sisinternational.com\/it\/wp-json\/wp\/v2\/pages\/54090\/revisions"}],"predecessor-version":[{"id":79884,"href":"https:\/\/www.sisinternational.com\/it\/wp-json\/wp\/v2\/pages\/54090\/revisions\/79884"}],"up":[{"embeddable":true,"href":"https:\/\/www.sisinternational.com\/it\/wp-json\/wp\/v2\/pages\/14660"}],"wp:attachment":[{"href":"https:\/\/www.sisinternational.com\/it\/wp-json\/wp\/v2\/media?parent=54090"}],"curies":[{"name":"wp","href":"https:\/\/api.w.org\/{rel}","templated":true}]}}