{"id":54082,"date":"2024-11-18T05:42:28","date_gmt":"2024-11-18T10:42:28","guid":{"rendered":"https:\/\/www.sisinternational.com\/?page_id=54082"},"modified":"2026-03-05T23:15:14","modified_gmt":"2026-03-06T04:15:14","slug":"la-migliore-azienda-di-analisi-del-settore-a-new-york","status":"publish","type":"page","link":"https:\/\/www.sisinternational.com\/it\/copertura\/north-america\/copertura-degli-stati-uniti\/la-migliore-azienda-di-analisi-del-settore-a-new-york\/","title":{"rendered":"La migliore azienda di analisi del settore a New York"},"content":{"rendered":"<h1 class=\"wp-block-heading\">La migliore azienda di analisi del settore a New York<\/h1>\n\n\n\n<figure class=\"gb-block-image gb-block-image-829de2af\"><img loading=\"lazy\" decoding=\"async\" width=\"1456\" height=\"816\" class=\"gb-image gb-image-829de2af\" src=\"https:\/\/www.sisinternational.com\/wp-content\/uploads\/2025\/09\/New-York-12.jpg\" alt=\"Ricerca e strategia di mercato internazionale SIS\" title=\"New York (12)\" srcset=\"https:\/\/www.sisinternational.com\/wp-content\/uploads\/2025\/09\/New-York-12.jpg 1456w, https:\/\/www.sisinternational.com\/wp-content\/uploads\/2025\/09\/New-York-12-300x168.jpg 300w, https:\/\/www.sisinternational.com\/wp-content\/uploads\/2025\/09\/New-York-12-1024x574.jpg 1024w, https:\/\/www.sisinternational.com\/wp-content\/uploads\/2025\/09\/New-York-12-768x430.jpg 768w, https:\/\/www.sisinternational.com\/wp-content\/uploads\/2025\/09\/New-York-12-18x10.jpg 18w\" sizes=\"auto, (max-width: 1456px) 100vw, 1456px\"><\/figure>\n\n\n\n<p><\/p>\n\n\n\n<p>New York \u00e8 uno degli ambienti commerciali pi\u00f9 competitivi al mondo, e le aziende hanno bisogno di una profonda comprensione delle tendenze del settore, delle dinamiche della concorrenza e delle esigenze dei clienti per avere successo qui. \u00c8 qui che una delle principali societ\u00e0 di analisi del settore a New York diventa un partner inestimabile!<\/p>\n\n\n\n<h2 class=\"wp-block-heading\">Che cosa \u00e8 l&#039;analisi di settore?<\/h2>\n\n\n\n<p>L&#039;analisi di settore \u00e8 una valutazione completa dell&#039;ambiente economico di un&#039;azienda. Esamina le tendenze di mercato, le dinamiche competitive e i principali driver del settore per aiutare le aziende a prendere decisioni consapevoli. L&#039;analisi di settore offre alle aziende una visione a 360 gradi dell&#039;ambiente competitivo, coprendo vari aspetti come la comprensione del panorama competitivo, la valutazione delle esigenze dei clienti, la valutazione dei progressi tecnologici e il monitoraggio dei cambiamenti normativi.&nbsp;<\/p>\n\n\n\n<h2 class=\"wp-block-heading\">Perch\u00e9 l&#039;analisi di settore \u00e8 importante?<\/h2>\n\n\n\n<p>Per le aziende in un mercato diversificato e in rapida evoluzione come quello di New York, l&#039;analisi di settore \u00e8 fondamentale per il successo. Ecco alcuni motivi per cui l&#039;analisi di settore \u00e8 cos\u00ec fondamentale:<\/p>\n\n\n\n<p><strong>1. Pianificazione strategica informata<\/strong><strong><br><\/strong>By knowing the current state of the market, anticipated trends, and potential disruptions, businesses can make informed decisions about where to allocate resources, which segments to target, and how to position their products. Working with a <a href=\"https:\/\/www.sisinternational.com\/it\/azienda-leader-nel-benchmarking-dei-concorrenti\/\" title=\"Azienda di benchmarking dei principali concorrenti\"  data-wpil-monitor-id=\"1204\">top industry analysis company<\/a> in NY ensures businesses have access to accurate data that forms the foundation of effective strategic planning.<\/p>\n\n\n\n<p><strong>2. Identificazione delle opportunit\u00e0 di crescita<\/strong><strong><br><\/strong>Industry analysis helps businesses uncover emerging opportunities that may not be immediately apparent. For example, shifts in consumer preferences, technological advancements, or regulatory changes can create new market segments. A <a href=\"https:\/\/www.sisinternational.com\/it\/azienda-leader-di-intelligence-competitiva\/\" title=\"La migliore azienda di intelligence competitiva\"  data-wpil-monitor-id=\"1276\">top industry analysis company<\/a> in NY can help identify these opportunities early, giving businesses a competitive advantage.<\/p>\n\n\n\n<p><strong>3. Benchmarking competitivo<\/strong><strong><br><\/strong>L&#039;analisi di settore fornisce informazioni sui punti di forza e di debolezza dei concorrenti, consentendo alle aziende di confrontare le proprie prestazioni e identificare aree di miglioramento. Comprendendo le strategie dei concorrenti, i prezzi, le offerte di prodotti e la quota di mercato, le aziende possono apportare modifiche strategiche che le aiutano a rimanere in vantaggio.<\/p>\n\n\n\n<p><strong>4. Decisioni basate sui dati<\/strong><strong><br><\/strong>In today\u2019s business world, decisions need to be backed by data. Industry analysis provides the necessary data to make decisions confidently and effectively. A <a href=\"https:\/\/www.sisinternational.com\/it\/azienda-leader-nella-previsione-delle-tendenze-del-settore-b2b\/\" title=\"Principali previsioni sulle tendenze del settore B2B\"  data-wpil-monitor-id=\"1612\">top industry analysis company<\/a> in NY delivers accurate and timely data, helping companies navigate the complexities of the market and make choices that align with their goals.<\/p>\n\n\n\n<h2 class=\"wp-block-heading\">Qualit\u00e0 chiave di una delle migliori societ\u00e0 di analisi del settore a New York<\/h2>\n\n\n\n<p>Choosing the right industry <a href=\"https:\/\/www.sisinternational.com\/it\/opportunita-e-ostacoli-del-sistema-bancario-islamico-per-il-settore-finanziario-statunitense\/\" title=\"Sistema bancario islamico: opportunit\u00e0 e ostacoli per l&#039;industria finanziaria statunitense\"  data-wpil-monitor-id=\"6707\">analysis company<\/a> can be the difference between strategic success and missed opportunities. When it comes to navigating the fast-paced and competitive business environment of New York, companies need a partner that not only understands the landscape but also brings the right expertise, tools, and insights. Here are the key qualities that define a top industry analysis company in NY:<\/p>\n\n\n<div class=\"wp-block-image\">\n<figure class=\"aligncenter size-full\"><img loading=\"lazy\" decoding=\"async\" width=\"792\" height=\"624\" src=\"https:\/\/www.sisinternational.com\/wp-content\/uploads\/2024\/11\/Top-Industry-Analysis-Company-in-NY.png\" alt=\"Ricerca e strategia di mercato internazionale SIS\" class=\"wp-image-54083\" srcset=\"https:\/\/www.sisinternational.com\/wp-content\/uploads\/2024\/11\/Top-Industry-Analysis-Company-in-NY.png 792w, https:\/\/www.sisinternational.com\/wp-content\/uploads\/2024\/11\/Top-Industry-Analysis-Company-in-NY-300x236.png 300w, https:\/\/www.sisinternational.com\/wp-content\/uploads\/2024\/11\/Top-Industry-Analysis-Company-in-NY-768x605.png 768w, https:\/\/www.sisinternational.com\/wp-content\/uploads\/2024\/11\/Top-Industry-Analysis-Company-in-NY-15x12.png 15w\" sizes=\"auto, (max-width: 792px) 100vw, 792px\" \/><\/figure>\n<\/div>\n\n\n<p><\/p>\n\n\n\n<p><strong>1. Competenza del mercato locale<\/strong><strong><br><\/strong>New York \u00e8 un mercato unico con i suoi driver economici, la demografia dei clienti e il panorama competitivo. Una delle principali societ\u00e0 di analisi del settore a New York dovrebbe possedere una conoscenza approfondita dell&#039;ambiente aziendale locale, inclusa una comprensione delle tendenze specifiche del settore, delle dinamiche del mercato regionale e delle sfide chiave che le aziende della citt\u00e0 devono affrontare.&nbsp;<\/p>\n\n\n\n<p><strong>2. Analisi completa dei dati<\/strong><strong><br><\/strong>Il fondamento di un&#039;analisi di settore efficace \u00e8 l&#039;accesso a dati di alta qualit\u00e0 e la capacit\u00e0 di trasformare tali dati in informazioni fruibili. Una delle principali societ\u00e0 di analisi di settore deve essere esperta in analisi dei dati, utilizzando dati quantitativi e qualitativi per fornire un quadro completo del mercato. Ci\u00f2 include l&#039;utilizzo di tecnologie avanzate come dashboard AI e PowerBi per raccogliere, elaborare e visualizzare i dati in modo significativo.&nbsp;<\/p>\n\n\n\n<p><strong>3. Approfondimenti e soluzioni personalizzate<\/strong><strong><br><\/strong>Una delle principali societ\u00e0 di analisi di settore di New York adotta un approccio incentrato sul cliente, fornendo approfondimenti e soluzioni personalizzate che soddisfano le esigenze uniche di ogni cliente. Che si tratti di valutare nuove opportunit\u00e0 di mercato, confrontare le prestazioni con i concorrenti o identificare segmenti di clienti per un marketing mirato, un approccio personalizzato garantisce che le aziende ricevano le informazioni specifiche di cui hanno bisogno per avere successo.&nbsp;<\/p>\n\n\n\n<p><strong>4. Esperienza comprovata di successo<\/strong><strong><br><\/strong>L&#039;esperienza \u00e8 importante, soprattutto quando si sceglie un partner per l&#039;analisi di settore. Una delle migliori societ\u00e0 di analisi di settore a New York dovrebbe avere una comprovata esperienza nel fornire risultati per un&#039;ampia gamma di clienti, dalle piccole start-up alle aziende Fortune 500.&nbsp;<\/p>\n\n\n\n<p><strong>5. Concentrarsi su informazioni utili<\/strong><strong><br><\/strong>A top industry <a href=\"https:\/\/www.sisinternational.com\/it\/venezuela-oil-mining-industry-potential-strategic-forecast-2026-2036\/\" title=\"Venezuela Oil &amp; Mining Industry Potential: Strategic Forecast 2026-2036\"  data-wpil-monitor-id=\"6923\">analysis company<\/a> goes beyond simply reporting numbers\u2014it provides strategic recommendations that help businesses act on the insights it receives. This includes identifying growth opportunities, suggesting operational improvements, and outlining strategic actions to enhance competitiveness.&nbsp;<\/p>\n\n\n\n<h2 class=\"wp-block-heading\">Come l&#039;analisi del settore guida il successo aziendale<\/h2>\n\n\n\n<figure class=\"gb-block-image gb-block-image-db9da224\"><img loading=\"lazy\" decoding=\"async\" width=\"1456\" height=\"816\" class=\"gb-image gb-image-db9da224\" src=\"https:\/\/www.sisinternational.com\/wp-content\/uploads\/2025\/08\/CEO-CIO-manager-8.jpg\" alt=\"Ricerca e strategia di mercato internazionale SIS\" title=\"CEO CIO manager (8)\" srcset=\"https:\/\/www.sisinternational.com\/wp-content\/uploads\/2025\/08\/CEO-CIO-manager-8.jpg 1456w, https:\/\/www.sisinternational.com\/wp-content\/uploads\/2025\/08\/CEO-CIO-manager-8-300x168.jpg 300w, https:\/\/www.sisinternational.com\/wp-content\/uploads\/2025\/08\/CEO-CIO-manager-8-1024x574.jpg 1024w, https:\/\/www.sisinternational.com\/wp-content\/uploads\/2025\/08\/CEO-CIO-manager-8-768x430.jpg 768w, https:\/\/www.sisinternational.com\/wp-content\/uploads\/2025\/08\/CEO-CIO-manager-8-18x10.jpg 18w\" sizes=\"auto, (max-width: 1456px) 100vw, 1456px\"><\/figure>\n\n\n\n<p><\/p>\n\n\n\n<p>Collaborando con una delle principali societ\u00e0 di analisi di settore a New York, le aziende possono ottenere preziose informazioni che guidano la crescita strategica e danno loro un vantaggio sulla concorrenza. Ecco come l&#039;analisi di settore contribuisce al successo aziendale:<\/p>\n\n\n\n<p><strong>1. Identificazione delle opportunit\u00e0 di crescita<br><\/strong>One of the primary benefits of industry analysis is its ability to uncover growth opportunities. Companies can identify areas where demand increases or new emerging markets by examining market trends, consumer preferences, and competitive dynamics. This information allows businesses to create targeted strategies to capitalize on these opportunities. For example, a <a href=\"https:\/\/www.sisinternational.com\/it\/la-migliore-societa-di-valutazione-della-strategia-aziendale\/\" title=\"La migliore societ\u00e0 di valutazione della strategia aziendale\"  data-wpil-monitor-id=\"1503\">top industry analysis company in NY<\/a> can help a company determine whether expanding into a specific segment or launching a new product line would be a viable growth strategy.&nbsp;<\/p>\n\n\n\n<p><strong>2. Ottenere un vantaggio competitivo<\/strong><strong><br><\/strong>Valutando i punti di forza, le debolezze, le strategie e la quota di mercato dei concorrenti, le aziende possono identificare le aree in cui hanno un vantaggio o opportunit\u00e0 per differenziarsi. Ad esempio, un&#039;azienda potrebbe scoprire che un concorrente eccelle nel servizio clienti ma \u00e8 in ritardo nell&#039;innovazione di prodotto.&nbsp;<\/p>\n\n\n\n<p><strong>3. Attenuazione dei rischi<\/strong><strong><br><\/strong>L&#039;analisi di settore svolge un ruolo cruciale nella mitigazione del rischio, identificando potenziali sfide prima che diventino problemi significativi. Ad esempio, supponiamo che un&#039;analisi di settore riveli che un particolare segmento di mercato sta diventando saturo o che una nuova regolamentazione avr\u00e0 un impatto sul settore. In tal caso, le aziende possono adottare misure proattive per adattare le proprie strategie di conseguenza.&nbsp;<\/p>\n\n\n\n<p><strong>4. Pianificazione strategica e allocazione delle risorse<\/strong><strong><br><\/strong>Comprendendo le dinamiche di mercato, le pressioni competitive e le tendenze emergenti, le aziende possono creare piani strategici che si allineano alle realt\u00e0 di mercato e capitalizzare le opportunit\u00e0. Ci\u00f2 include decidere come allocare le risorse, investendo in nuove tecnologie, espandendosi in nuovi mercati o aumentando gli sforzi di marketing.&nbsp;<\/p>\n\n\n\n<p><strong>5. Migliorare l&#039;efficienza operativa<br><\/strong>Oltre a informare le decisioni strategiche, l&#039;analisi di settore pu\u00f2 aiutare a migliorare l&#039;efficienza operativa. Le aziende possono identificare aree per ottimizzare le loro operazioni e ridurre i costi analizzando i benchmark e le best practice del settore. Una delle principali societ\u00e0 di analisi di settore a New York fornisce approfondimenti sulle best practice operative, consentendo alle aziende di migliorare l&#039;efficienza, ridurre gli sprechi e migliorare le prestazioni complessive.<\/p>\n\n\n\n<p><strong>6. Facilitare l&#039;ingresso e l&#039;espansione del mercato<\/strong><strong><br><\/strong>L&#039;analisi di settore \u00e8 uno strumento prezioso per le aziende che vogliono entrare in nuovi mercati. Le aiuta a comprendere le condizioni di mercato, le preferenze dei clienti e le potenziali sfide. Una delle principali societ\u00e0 di analisi di settore a New York pu\u00f2 aiutare le aziende a valutare la fattibilit\u00e0 di entrare in un nuovo mercato, identificare i segmenti pi\u00f9 promettenti e sviluppare una strategia di ingresso nel mercato efficace.&nbsp;<\/p>\n\n\n\n<h2 class=\"wp-block-heading\">Cosa rende SIS International una delle principali societ\u00e0 di analisi del settore a New York<\/h2>\n\n\n\n<p>Da oltre 40 anni, <a href=\"https:\/\/medium.com\/@sisinternational\/sis-international-c17160da8fac\" target=\"_blank\" rel=\"noopener\">SIS<\/a> \u00e8 un partner di fiducia per le aziende che cercano analisi complete del settore e approfondimenti strategici. La nostra esperienza abbraccia oltre 120 paesi e abbiamo lavorato con alcune delle aziende pi\u00f9 influenti al mondo, tra cui oltre 70% delle Fortune 500. Ecco perch\u00e9 SIS International \u00e8 riconosciuta come una delle principali societ\u00e0 di analisi del settore a New York:<\/p>\n\n\n<p>\n\n\n<\/p>\n<h3 class=\"wp-block-heading\" style=\"padding-left: 40px;\">Esperienza comprovata con aziende Fortune 500<\/h3>\n<p style=\"padding-left: 40px;\">\n\n\n\n<\/p>\n<p style=\"padding-left: 40px;\">La nostra comprovata esperienza parla da sola: abbiamo assistito alcune delle pi\u00f9 grandi e influenti aziende del mondo, tra cui oltre 70% delle Fortune 500. Sia che lavoriamo con start-up o multinazionali, forniamo costantemente approfondimenti preziosi che guidano le decisioni strategiche e favoriscono la crescita aziendale. La nostra esperienza in vari settori ci consente di fornire approfondimenti pertinenti e attuabili che aiutano le aziende a prosperare in un mercato competitivo.<\/p>\n<p style=\"padding-left: 40px;\">\n\n\n\n<\/p>\n<h3 class=\"wp-block-heading\" style=\"padding-left: 40px;\">Soluzioni complete per ogni esigenza aziendale<\/h3>\n<p style=\"padding-left: 40px;\">\n\n\n\n<\/p>\n<p style=\"padding-left: 40px;\">We offer a wide range of solutions that cater to the different aspects of business growth and strategy. Our services include Brand Consulting, <a class=\"wpil_keyword_link\" href=\"https:\/\/www.sisinternational.com\/it\/analisi-della-soddisfazione-del-cliente\/\" title=\"8 modi per aumentare la soddisfazione del cliente nel commercio al dettaglio\" data-wpil-keyword-link=\"linked\" data-wpil-monitor-id=\"178\">Customer Satisfaction Analysis<\/a>, Market Entry Strategy, Sales Growth Consulting, Focus Groups, and Qualitative and quantitative Research. By offering comprehensive solutions, we ensure our clients have everything they need to understand their industry, refine their strategies, and achieve their business goals.\u00a0<\/p>\n<p style=\"padding-left: 40px;\">\n\n\n\n<\/p>\n<h3 class=\"wp-block-heading\" style=\"padding-left: 40px;\">Integrazione tecnologica all&#039;avanguardia<\/h3>\n<p style=\"padding-left: 40px;\">\n\n\n\n<\/p>\n<p style=\"padding-left: 40px;\">La tecnologia \u00e8 al centro di ci\u00f2 che facciamo. A <a href=\"https:\/\/twitter.com\/SISIntlResearch\" target=\"_blank\" rel=\"noopener\">SIS<\/a>, sfruttiamo le ultime tecnologie, tra cui AI, blockchain e dashboard PowerBi, per fornire informazioni pi\u00f9 accurate, dettagliate e fruibili. L&#039;AI ci aiuta a elaborare grandi volumi di dati in modo efficiente e fornisce analisi predittive, mentre la blockchain garantisce la sicurezza e la trasparenza dei dati. Le nostre dashboard PowerBi consentono ai clienti di visualizzare dati complessi in un formato di facile comprensione, consentendo un migliore processo decisionale.\u00a0<\/p>\n<p style=\"padding-left: 40px;\">\n\n\n\n<\/p>\n<h3 class=\"wp-block-heading\" style=\"padding-left: 40px;\">Team esperto e diversificato<\/h3>\n<p style=\"padding-left: 40px;\">\n\n\n\n<\/p>\n<p style=\"padding-left: 40px;\">Il nostro successo \u00e8 guidato da oltre 150 dipendenti e collaboratori che apportano competenze diverse a ogni progetto. Da specialisti di ricerche di mercato ad analisti di dati e consulenti strategici, il nostro team \u00e8 impegnato a fornire eccellenza nell&#039;analisi di settore. Questa competenza diversificata ci consente di affrontare i problemi da pi\u00f9 prospettive, assicurando ai nostri clienti soluzioni complete ed efficaci che rispondano alle loro esigenze.<\/p>\n<p style=\"padding-left: 40px;\">\n\n\n\n<\/p>\n<h2 class=\"wp-block-heading\" style=\"padding-left: 40px;\">Approccio incentrato sul cliente e soluzioni personalizzate<\/h2>\n<p style=\"padding-left: 40px;\">\n\n\n\n<\/p>\n<p style=\"padding-left: 40px;\">A <a href=\"https:\/\/www.linkedin.com\/company\/sisinternationalresearch\/\" target=\"_blank\" rel=\"noopener\">SIS Internazionale<\/a>, adottiamo un approccio incentrato sul cliente per ogni progetto. Sappiamo che non esistono due aziende uguali, quindi forniamo soluzioni personalizzate su misura per le esigenze uniche di ogni cliente. Che si tratti di aiutare una start-up a entrare in un nuovo mercato o di assistere un&#039;azienda Fortune 500 nel perfezionamento della sua strategia, lavoriamo a stretto contatto con i nostri clienti per garantire che le nostre intuizioni siano in linea con i loro obiettivi aziendali. La nostra attenzione alla personalizzazione garantisce che i nostri clienti ricevano il massimo valore dai nostri servizi di analisi di settore.<\/p>\n<p>\n\n\n<\/p>\n\n\n<h2 class=\"wp-block-heading\">A proposito di SIS Internazionale<\/h2>\n\n\n\n<p><a href=\"https:\/\/www.sisinternational.com\/it\/\">SIS Internazionale<\/a> offre ricerca quantitativa, qualitativa e strategica. Forniamo dati, strumenti, strategie, report e approfondimenti per il processo decisionale. Conduciamo anche interviste, sondaggi, focus group e altri metodi e approcci di ricerca di mercato.<a href=\"https:\/\/www.sisinternational.com\/it\/sulla-sua-ricerca-internazionale\/contact-sis-international-market-research\/\"> Contattaci<\/a> per il tuo prossimo progetto di ricerca di mercato.<\/p>\n\n\n\n<hr class=\"wp-block-separator has-alpha-channel-opacity\"\/>","protected":false},"excerpt":{"rendered":"<p>Top Industry Analysis Company in NY New York is one of the most competitive business environments in the world \u2013 and companies need a deep understanding of industry trends, competitor dynamics, and customer needs to succeed here. This is where a top industry analysis company in NY becomes an invaluable partner! What is Industry Analysis? &#8230; <a title=\"La migliore azienda di analisi del settore a New York\" class=\"read-more\" href=\"https:\/\/www.sisinternational.com\/it\/copertura\/north-america\/copertura-degli-stati-uniti\/la-migliore-azienda-di-analisi-del-settore-a-new-york\/\" aria-label=\"Per saperne di pi\u00f9 su Top Industry Analysis Company in NY\">Leggi tutto<\/a><\/p>","protected":false},"author":1,"featured_media":66478,"parent":19303,"menu_order":79,"comment_status":"closed","ping_status":"closed","template":"","meta":{"footnotes":""},"class_list":["post-54082","page","type-page","status-publish","has-post-thumbnail"],"_links":{"self":[{"href":"https:\/\/www.sisinternational.com\/it\/wp-json\/wp\/v2\/pages\/54082","targetHints":{"allow":["GET"]}}],"collection":[{"href":"https:\/\/www.sisinternational.com\/it\/wp-json\/wp\/v2\/pages"}],"about":[{"href":"https:\/\/www.sisinternational.com\/it\/wp-json\/wp\/v2\/types\/page"}],"author":[{"embeddable":true,"href":"https:\/\/www.sisinternational.com\/it\/wp-json\/wp\/v2\/users\/1"}],"replies":[{"embeddable":true,"href":"https:\/\/www.sisinternational.com\/it\/wp-json\/wp\/v2\/comments?post=54082"}],"version-history":[{"count":12,"href":"https:\/\/www.sisinternational.com\/it\/wp-json\/wp\/v2\/pages\/54082\/revisions"}],"predecessor-version":[{"id":80491,"href":"https:\/\/www.sisinternational.com\/it\/wp-json\/wp\/v2\/pages\/54082\/revisions\/80491"}],"up":[{"embeddable":true,"href":"https:\/\/www.sisinternational.com\/it\/wp-json\/wp\/v2\/pages\/19303"}],"wp:featuredmedia":[{"embeddable":true,"href":"https:\/\/www.sisinternational.com\/it\/wp-json\/wp\/v2\/media\/66478"}],"wp:attachment":[{"href":"https:\/\/www.sisinternational.com\/it\/wp-json\/wp\/v2\/media?parent=54082"}],"curies":[{"name":"wp","href":"https:\/\/api.w.org\/{rel}","templated":true}]}}