{"id":54074,"date":"2024-11-14T05:18:04","date_gmt":"2024-11-14T10:18:04","guid":{"rendered":"https:\/\/www.sisinternational.com\/?page_id=54074"},"modified":"2026-03-25T01:00:39","modified_gmt":"2026-03-25T05:00:39","slug":"azienda-leader-nel-benchmarking-dei-concorrenti","status":"publish","type":"page","link":"https:\/\/www.sisinternational.com\/it\/soluzioni\/consulenza-strategica\/azienda-leader-nel-benchmarking-dei-concorrenti\/","title":{"rendered":"Azienda di benchmarking dei principali concorrenti"},"content":{"rendered":"<h1 class=\"wp-block-heading\">Azienda di benchmarking dei principali concorrenti<\/h1>\n\n\n\n<figure class=\"gb-block-image gb-block-image-bc59f4fd\"><img loading=\"lazy\" decoding=\"async\" width=\"1456\" height=\"816\" class=\"gb-image gb-image-bc59f4fd\" src=\"https:\/\/www.sisinternational.com\/wp-content\/uploads\/2025\/09\/Research-17.jpg\" alt=\"Ricerca e strategia di mercato internazionale SIS\" title=\"Research (17)\" srcset=\"https:\/\/www.sisinternational.com\/wp-content\/uploads\/2025\/09\/Research-17.jpg 1456w, https:\/\/www.sisinternational.com\/wp-content\/uploads\/2025\/09\/Research-17-300x168.jpg 300w, https:\/\/www.sisinternational.com\/wp-content\/uploads\/2025\/09\/Research-17-1024x574.jpg 1024w, https:\/\/www.sisinternational.com\/wp-content\/uploads\/2025\/09\/Research-17-768x430.jpg 768w, https:\/\/www.sisinternational.com\/wp-content\/uploads\/2025\/09\/Research-17-18x10.jpg 18w\" sizes=\"auto, (max-width: 1456px) 100vw, 1456px\"><\/figure>\n\n\n\n<p><\/p>\n\n\n\n<h3 class=\"wp-block-heading\">Collaborare con una delle principali societ\u00e0 di benchmarking della concorrenza come SIS International pu\u00f2 aiutarti a individuare opportunit\u00e0 di crescita, miglioramento dell&#039;efficienza e maggiore soddisfazione del cliente.<\/h3>\n\n\n\n<p>Come pu\u00f2 la tua azienda rimanere in vantaggio nell&#039;attuale panorama competitivo? Il benchmarking dei competitor \u00e8 la chiave per sbloccare informazioni sulle prestazioni del settore, i punti di forza dei competitor e le aree in cui la tua azienda pu\u00f2 ottenere un vantaggio. La partnership con una delle principali aziende di benchmarking dei competitor fornisce alle aziende gli strumenti e le informazioni basate sui dati per migliorare il processo decisionale strategico e mantenere la competitivit\u00e0.<\/p>\n\n\n\n<h2 class=\"wp-block-heading\">Cos&#039;\u00e8 il benchmarking della concorrenza?<\/h2>\n\n\n\n<p>Il benchmarking dei competitor consente alle aziende di valutare le proprie prestazioni rispetto ai principali attori del settore. Le aziende possono ottenere informazioni che guidano miglioramenti e innovazione comprendendo cosa stanno facendo bene i competitor e dove potrebbero fallire. Questo processo aiuta le aziende a identificare le best practice, a comprendere la propria posizione competitiva e a riconoscere le aree di miglioramento.<\/p>\n\n\n\n<p>UN <a href=\"https:\/\/www.sisinternational.com\/it\/la-migliore-azienda-di-analisi-del-settore-a-new-york\/\" title=\"La migliore azienda di analisi del settore a New York\"  data-wpil-monitor-id=\"1128\">azienda leader nel benchmarking dei concorrenti<\/a> utilizes various metrics such as financial performance, customer satisfaction, operational efficiency, and marketing effectiveness, to analyze competitors&#8217; strengths and weaknesses.&nbsp;<\/p>\n\n\n\n<h2 class=\"wp-block-heading\">Principali vantaggi del benchmarking della concorrenza<\/h2>\n\n\n\n<figure class=\"gb-block-image gb-block-image-5755d0dc\"><img loading=\"lazy\" decoding=\"async\" width=\"1456\" height=\"816\" class=\"gb-image gb-image-5755d0dc\" src=\"https:\/\/www.sisinternational.com\/wp-content\/uploads\/2025\/09\/Research-4.jpg\" alt=\"Ricerca e strategia di mercato internazionale SIS\" title=\"Research (4)\" srcset=\"https:\/\/www.sisinternational.com\/wp-content\/uploads\/2025\/09\/Research-4.jpg 1456w, https:\/\/www.sisinternational.com\/wp-content\/uploads\/2025\/09\/Research-4-300x168.jpg 300w, https:\/\/www.sisinternational.com\/wp-content\/uploads\/2025\/09\/Research-4-1024x574.jpg 1024w, https:\/\/www.sisinternational.com\/wp-content\/uploads\/2025\/09\/Research-4-768x430.jpg 768w, https:\/\/www.sisinternational.com\/wp-content\/uploads\/2025\/09\/Research-4-18x10.jpg 18w\" sizes=\"auto, (max-width: 1456px) 100vw, 1456px\"><\/figure>\n\n\n\n<p><\/p>\n\n\n\n<p>Collaborare con una delle principali aziende di benchmarking della concorrenza offre diversi vantaggi che possono avere un impatto significativo sulla crescita e sul successo aziendale:<\/p>\n\n\n\n<ul class=\"wp-block-list\">\n<li><strong>Identificazione delle migliori pratiche<\/strong>:Analizzando le strategie e le pratiche dei principali concorrenti, le aziende possono determinare cosa funziona bene nel settore e adottare approcci simili per migliorare le proprie prestazioni.<\/li>\n\n\n\n<li><strong>Scoprire opportunit\u00e0 di miglioramento<\/strong>: Il benchmarking dei competitor evidenzia le aree in cui un&#039;azienda potrebbe fallire rispetto ai suoi competitor. Queste intuizioni consentono alle aziende di apportare modifiche strategiche e migliorare l&#039;efficienza.<\/li>\n\n\n\n<li><strong>Miglioramento del processo decisionale<\/strong>: Grazie all&#039;accesso a dati dettagliati sulla concorrenza, le aziende possono prendere decisioni pi\u00f9 consapevoli sullo sviluppo dei prodotti, sulle strategie di marketing, sui prezzi e sul servizio clienti.<\/li>\n\n\n\n<li><strong>Rafforzamento della posizione competitiva<\/strong>:Comprendere i punti di forza e di debolezza dei tuoi concorrenti ti consente di creare strategie che sfruttano le loro vulnerabilit\u00e0, sfruttando al contempo i tuoi punti di forza.<\/li>\n\n\n\n<li><strong>Guidare l&#039;innovazione<\/strong>: Il benchmarking dei competitor incoraggia l&#039;innovazione identificando le lacune nel mercato o le aree in cui i competitor potrebbero non soddisfare pienamente le esigenze dei clienti. Ci\u00f2 offre opportunit\u00e0 per sviluppare nuovi prodotti o servizi che colmino queste lacune.<\/li>\n<\/ul>\n\n\n\n<h2 class=\"wp-block-heading\">Servizi offerti dalle principali societ\u00e0 di benchmarking dei concorrenti<\/h2>\n\n\n\n<p><a href=\"https:\/\/www.sisinternational.com\/it\/azienda-leader-di-intelligence-competitiva\/\" title=\"La migliore azienda di intelligence competitiva\"  data-wpil-monitor-id=\"1257\">Top competitor benchmarking companies<\/a> like SIS provide a wide range of services that allow businesses to thoroughly understand their competitive landscape. These services offer actionable insights that enhance strategic planning, optimize operations, and improve customer experiences. The key services provided include:<\/p>\n\n\n\n<p>Le principali aziende di benchmarking dei competitor offrono un&#039;ampia gamma di servizi per aiutare le aziende a ottenere informazioni preziose sul loro panorama competitivo. Questi servizi includono:<\/p>\n\n\n\n<ul class=\"wp-block-list\">\n<li><strong>Analisi delle metriche delle prestazioni<\/strong>: Valutazione degli indicatori chiave di prestazione (KPI), quali crescita del fatturato, margini di profitto e quota di mercato, per comprendere come la tua azienda si confronta con i concorrenti.<\/li>\n\n\n\n<li><strong>Benchmarking dell&#039;esperienza del cliente<\/strong>: Analizzare il feedback dei clienti, i punteggi di soddisfazione e le metriche di fedelt\u00e0 per comprendere come i clienti percepiscono i tuoi concorrenti e identificare le aree di miglioramento.<\/li>\n\n\n\n<li><strong>Valutazione dell&#039;efficienza operativa<\/strong>:Confrontare i processi operativi, i costi di produzione e l&#039;utilizzo delle risorse per identificare opportunit\u00e0 di miglioramento dell&#039;efficienza e riduzione dei costi.<\/li>\n\n\n\n<li><strong>Benchmarking della strategia di marketing e vendita<\/strong>: Valutare le campagne di marketing, le strategie di vendita e i modelli di prezzo dei concorrenti per identificare tattiche efficaci e aree in cui la tua azienda pu\u00f2 differenziarsi.<\/li>\n\n\n\n<li><strong>Confronto di prodotti e servizi<\/strong>: Analizzare le caratteristiche, i prezzi e la qualit\u00e0 dei prodotti e dei servizi della concorrenza per determinare il livello della tua offerta e identificare gli ambiti di miglioramento.<\/li>\n<\/ul>\n\n\n\n<h2 class=\"wp-block-heading\">Come il benchmarking della concorrenza informa il processo decisionale strategico<\/h2>\n\n\n\n<p>Confrontando performance, processi e percezioni dei clienti con quelle dei principali concorrenti, le aziende ottengono informazioni che informano un&#039;ampia gamma di scelte strategiche, dallo sviluppo del prodotto al prezzo. Ecco come il benchmarking dei concorrenti informa direttamente il processo decisionale strategico.<\/p>\n\n\n\n<p><\/p>\n\n\n<div class=\"wp-block-image\">\n<figure class=\"aligncenter size-full\"><img loading=\"lazy\" decoding=\"async\" width=\"655\" height=\"457\" src=\"https:\/\/www.sisinternational.com\/wp-content\/uploads\/2024\/11\/Top-Competitor-Benchmarking-Company.png\" alt=\"Ricerca e strategia di mercato internazionale SIS\" class=\"wp-image-54075\" srcset=\"https:\/\/www.sisinternational.com\/wp-content\/uploads\/2024\/11\/Top-Competitor-Benchmarking-Company.png 655w, https:\/\/www.sisinternational.com\/wp-content\/uploads\/2024\/11\/Top-Competitor-Benchmarking-Company-300x209.png 300w, https:\/\/www.sisinternational.com\/wp-content\/uploads\/2024\/11\/Top-Competitor-Benchmarking-Company-18x12.png 18w\" sizes=\"auto, (max-width: 655px) 100vw, 655px\" \/><\/figure>\n<\/div>\n\n\n<p><\/p>\n\n\n\n<p><strong>Guidare lo sviluppo e l&#039;innovazione dei prodotti<\/strong><strong><br><\/strong>Il benchmarking dei competitor fornisce una visione dettagliata delle caratteristiche, delle tecnologie e delle innovazioni che guidano il successo di mercato. Analizzando le offerte di prodotti dei competitor, le aziende possono identificare quali caratteristiche o vantaggi sono pi\u00f9 apprezzati dai clienti e dove esistono lacune o opportunit\u00e0 di differenziazione. Ad esempio, se il benchmarking rivela che i competitor si concentrano su materiali ecocompatibili o soluzioni personalizzabili, un&#039;azienda pu\u00f2 incorporare queste caratteristiche per attrarre le preferenze dei clienti in evoluzione.&nbsp;<\/p>\n\n\n\n<p><strong>Modellare la strategia dei prezzi per un vantaggio competitivo<\/strong><strong><br><\/strong>Il prezzo \u00e8 un aspetto critico della competitivit\u00e0 e il benchmarking dei concorrenti \u00e8 essenziale per stabilire prezzi che massimizzino i ricavi pur rimanendo attraenti per i clienti. Attraverso il benchmarking dei prezzi, le aziende capiscono come i loro prezzi si confrontano con quelli dei concorrenti e possono adeguarsi di conseguenza. Se un&#039;azienda scopre che i suoi prezzi sono significativamente pi\u00f9 alti senza offrire valore aggiuntivo, pu\u00f2 decidere di rivedere la sua struttura dei prezzi o introdurre opzioni a livelli.&nbsp;<\/p>\n\n\n\n<p><strong>Migliorare l&#039;esperienza e la soddisfazione del cliente<\/strong><strong><br><\/strong>Una componente chiave del benchmarking dei competitor \u00e8 la valutazione del modo in cui i competitor coinvolgono e fidelizzano i propri clienti. Analizzando le recensioni dei clienti, il feedback e le metriche di soddisfazione, le aziende ottengono informazioni su ci\u00f2 che i clienti apprezzano o non apprezzano dei servizi dei competitor. Questa comprensione consente alle aziende di perfezionare le proprie strategie di customer experience.&nbsp;<\/p>\n\n\n\n<p><strong>Migliorare l&#039;efficacia del marketing e delle vendite<\/strong><strong><br><\/strong>Il benchmarking dei competitor aiuta le aziende a comprendere quali messaggi, canali e tattiche risuonano con il pubblico di riferimento. Ad esempio, se le campagne sui social media di un competitor generano un elevato coinvolgimento, un&#039;azienda pu\u00f2 migliorare la propria strategia sui social media per rimanere rilevante. Allo stesso modo, se il benchmarking rivela che il content marketing di un competitor sta attirando lead, un&#039;azienda pu\u00f2 adottare strategie simili per aumentare la propria portata.&nbsp;<\/p>\n\n\n\n<p><strong>Ottimizzazione dell&#039;efficienza operativa<\/strong><strong><br><\/strong>Oltre alle aree rivolte al cliente, il benchmarking dei competitor informa anche i miglioramenti dei processi interni che migliorano l&#039;efficienza operativa complessiva. Una delle principali societ\u00e0 di benchmarking dei competitor fornisce informazioni sulle best practice operative, consentendo alle aziende di ridurre i costi, migliorare la produttivit\u00e0 e allocare le risorse in modo pi\u00f9 efficace.<\/p>\n\n\n\n<p><strong>Informare l&#039;allocazione strategica delle risorse<\/strong><strong><br><\/strong>Il benchmarking fornisce una visione chiara di dove i concorrenti investono le loro risorse, che si tratti di R&amp;S, marketing o tecnologia. Comprendendo queste allocazioni, le aziende possono determinare se stanno investendo in modo appropriato o se sono necessari aggiustamenti per tenere il passo. Ad esempio, se i concorrenti assegnano risorse significative alla trasformazione digitale, un&#039;azienda pu\u00f2 decidere di investire in modo simile per rimanere competitiva.&nbsp;<\/p>\n\n\n\n<p><strong>Identificazione delle opportunit\u00e0 di crescita e delle lacune del mercato<\/strong><strong><br><\/strong>Analizzando i punti deboli dei competitor o i segmenti di clientela non adeguatamente serviti, le aziende possono sviluppare strategie per colmare queste lacune. Ad esempio, se un competitor non ha offerte per le piccole imprese, un&#039;azienda potrebbe creare un prodotto o un servizio mirato per soddisfare questa domanda. Identificare e perseguire queste opportunit\u00e0 di crescita consente alle aziende di differenziarsi e di attingere a nuovi flussi di entrate, rafforzando il loro posizionamento competitivo.<\/p>\n\n\n\n<h2 class=\"wp-block-heading\">Scegliere il partner giusto per il benchmarking della concorrenza<\/h2>\n\n\n\n<figure class=\"gb-block-image gb-block-image-5f756c12\"><img loading=\"lazy\" decoding=\"async\" width=\"1456\" height=\"816\" class=\"gb-image gb-image-5f756c12\" src=\"https:\/\/www.sisinternational.com\/wp-content\/uploads\/2025\/09\/Focus-group-recruitment-5.jpg\" alt=\"Ricerca e strategia di mercato internazionale SIS\" title=\"Focus group recruitment (5)\" srcset=\"https:\/\/www.sisinternational.com\/wp-content\/uploads\/2025\/09\/Focus-group-recruitment-5.jpg 1456w, https:\/\/www.sisinternational.com\/wp-content\/uploads\/2025\/09\/Focus-group-recruitment-5-300x168.jpg 300w, https:\/\/www.sisinternational.com\/wp-content\/uploads\/2025\/09\/Focus-group-recruitment-5-1024x574.jpg 1024w, https:\/\/www.sisinternational.com\/wp-content\/uploads\/2025\/09\/Focus-group-recruitment-5-768x430.jpg 768w, https:\/\/www.sisinternational.com\/wp-content\/uploads\/2025\/09\/Focus-group-recruitment-5-18x10.jpg 18w\" sizes=\"auto, (max-width: 1456px) 100vw, 1456px\"><\/figure>\n\n\n\n<p><\/p>\n\n\n\n<p>Selezionare il partner giusto per il benchmarking dei competitor \u00e8 fondamentale per le aziende che cercano una visione chiara e praticabile della propria posizione di mercato. Una delle principali societ\u00e0 di benchmarking dei competitor fornisce dati e approfondimenti preziosi che guidano le decisioni strategiche e il vantaggio competitivo, ed ecco i fattori chiave da considerare quando si sceglie un partner per il benchmarking dei competitor.<\/p>\n\n\n\n<p><strong>Valutare la loro competenza nel settore e il loro track record<\/strong><strong><br><\/strong>La competenza specifica del settore \u00e8 essenziale nel benchmarking dei competitor, poich\u00e9 ogni settore ha dinamiche, comportamenti dei clienti e requisiti normativi unici. Una delle principali societ\u00e0 di benchmarking dei competitor dovrebbe avere esperienza di lavoro con aziende che affrontano sfide simili, consentendo loro di fornire approfondimenti contestualmente rilevanti che guidino i miglioramenti strategici.<\/p>\n\n\n\n<p><strong>Valutare l&#039;accuratezza dei dati e le metodologie<\/strong><strong><br><\/strong>Scegli un partner che dia priorit\u00e0 all&#039;accuratezza dei dati e utilizzi fonti affidabili per raccogliere informazioni sulla concorrenza. Un&#039;azienda leader nel benchmarking dei concorrenti utilizzer\u00e0 una combinazione di analisi dei dati, ricerche di mercato e strumenti proprietari per garantire informazioni affidabili e significative. Le metodologie trasparenti dimostrano l&#039;impegno dell&#039;azienda nel fornire dati imparziali e fruibili di cui ti puoi fidare.<\/p>\n\n\n\n<p><strong>Considerare l&#039;uso di strumenti e tecnologie avanzate<\/strong><strong><br><\/strong>Scegli un partner che sfrutti tecnologie avanzate come piattaforme di analisi dei dati, analisi del sentiment e strumenti di monitoraggio dei social media per acquisire informazioni in tempo reale e tendenze emergenti. Gli strumenti avanzati consentono inoltre al tuo partner di fornire confronti pi\u00f9 accurati e dettagliati, con conseguente comprensione completa della tua posizione competitiva.<\/p>\n\n\n\n<p><strong>Valutare le loro pratiche di reporting e comunicazione<\/strong><strong><br><\/strong>Il valore delle intuizioni di benchmarking dipende da quanto sono chiaramente comunicate. Scegli un partner di benchmarking che offra report strutturati e facili da comprendere e che sia aperto a comunicazioni regolari. Una comunicazione efficace include riunioni per discutere i risultati, rispondere alle domande e garantire che tutti gli stakeholder comprendano le intuizioni fornite.<\/p>\n\n\n\n<p><strong>Cerca un partner con una mentalit\u00e0 collaborativa a lungo termine<\/strong><strong><br><\/strong>I migliori partner di benchmarking dei competitor si considerano collaboratori a lungo termine, che supportano la crescita della tua azienda nel tempo. Cerca un&#039;azienda che offra supporto continuo, sessioni di follow-up e revisioni periodiche per tenerti aggiornato sui cambiamenti nel panorama competitivo.&nbsp;<\/p>\n\n\n\n<p><strong>Dare priorit\u00e0 alla riservatezza e agli standard etici<\/strong><strong><br><\/strong>Lavorare con un partner che aderisca a elevati standard etici e mantenga una stretta riservatezza sui tuoi dati e approfondimenti \u00e8 essenziale. Chiedi informazioni sulle loro politiche etiche e sull&#039;impegno per la protezione dei dati per garantire che le tue informazioni siano gestite in modo responsabile. Un&#039;azienda di benchmarking della concorrenza affidabile avr\u00e0 stabilito pratiche per salvaguardare i tuoi dati e mantenere la professionalit\u00e0 in tutti gli aspetti dell&#039;analisi competitiva.<\/p>\n\n\n\n<h2 class=\"wp-block-heading\">Perch\u00e9 SIS International \u00e8 la migliore azienda di benchmarking della concorrenza per la tua attivit\u00e0<\/h2>\n\n\n\n<p><a href=\"https:\/\/www.linkedin.com\/company\/sisinternationalresearch\/\" target=\"_blank\" rel=\"noopener\">SIS Internazionale<\/a> \u00e8 la scelta principale per le aziende che sfruttano il benchmarking della concorrenza per ottenere un vantaggio competitivo. Con la nostra vasta esperienza, strumenti avanzati e un approccio incentrato sul cliente, forniamo le informazioni che guidano il successo aziendale. Ecco perch\u00e9 SIS International si distingue come la migliore azienda di benchmarking della concorrenza:<\/p>\n\n\n\n<ul class=\"wp-block-list\">\n<li><strong>Ampia esperienza e comprovata competenza<\/strong>: Con oltre 40 anni di esperienza nel benchmarking dei concorrenti, <a href=\"https:\/\/medium.com\/@sisinternational\/sis-international-c17160da8fac\" target=\"_blank\" rel=\"noopener\">SIS<\/a> ha aiutato alcune delle aziende di maggior successo al mondo a migliorare la propria posizione competitiva.<br><\/li>\n\n\n\n<li><strong>Approccio basato sui dati<\/strong>: Utilizziamo tecnologie avanzate, tra cui intelligenza artificiale, analisi dei dati e dashboard in tempo reale, per fornire informazioni accurate e tempestive che aiutano i nostri clienti a rimanere un passo avanti rispetto alla concorrenza.<br><\/li>\n\n\n\n<li><strong>Soluzioni di benchmarking personalizzate<\/strong>: Sappiamo che ogni azienda \u00e8 unica. SIS International offre soluzioni di benchmarking personalizzate che soddisfano le esigenze specifiche di ogni cliente, garantendo che le informazioni fornite siano pertinenti e fruibili.<br><\/li>\n\n\n\n<li><strong>Portata globale e diversit\u00e0 del settore<\/strong>: La nostra esperienza abbraccia oltre 135 paesi e vari settori, dalle piccole start-up alle aziende Fortune 500. Questa vasta portata ci consente di fornire preziose informazioni rilevanti per diversi mercati.<br><\/li>\n\n\n\n<li><strong>Impegno per il successo del cliente<\/strong>: A <a href=\"https:\/\/twitter.com\/SISIntlResearch\" target=\"_blank\" rel=\"noopener\">SIS<\/a>, diamo priorit\u00e0 alla fornitura di valore ai nostri clienti. Il nostro approccio incentrato sul cliente garantisce che ogni soluzione che forniamo sia allineata con gli obiettivi e le sfide uniche del cliente, aiutandolo a raggiungere i suoi obiettivi strategici.<\/li>\n<\/ul>\n\n\n\n<h2 class=\"wp-block-heading\">A proposito di SIS Internazionale<\/h2>\n\n\n\n<p><a href=\"https:\/\/www.sisinternational.com\/it\/\">SIS Internazionale<\/a> offre ricerca quantitativa, qualitativa e strategica. Forniamo dati, strumenti, strategie, report e approfondimenti per il processo decisionale. Conduciamo anche interviste, sondaggi, focus group e altri metodi e approcci di ricerca di mercato.<a href=\"https:\/\/www.sisinternational.com\/it\/sulla-sua-ricerca-internazionale\/contact-sis-international-market-research\/\"> Contattaci<\/a> per il tuo prossimo progetto di ricerca di mercato.<\/p>\n\n\n\n<hr class=\"wp-block-separator has-alpha-channel-opacity\"\/>","protected":false},"excerpt":{"rendered":"<p>Top Competitor Benchmarking Company Working with a top competitor benchmarking company like SIS International can help you identify opportunities for growth, efficiency improvement, and enhanced customer satisfaction. How can your business stay ahead in today\u2019s competitive landscape? Competitor benchmarking is the key to unlocking insights into industry performance, competitor strengths, and areas where your company &#8230; <a title=\"Azienda di benchmarking dei principali concorrenti\" class=\"read-more\" href=\"https:\/\/www.sisinternational.com\/it\/soluzioni\/consulenza-strategica\/azienda-leader-nel-benchmarking-dei-concorrenti\/\" aria-label=\"Per saperne di pi\u00f9 su Top Competitor Benchmarking Company\">Leggi tutto<\/a><\/p>","protected":false},"author":1,"featured_media":69512,"parent":14567,"menu_order":47,"comment_status":"closed","ping_status":"closed","template":"","meta":{"footnotes":""},"class_list":["post-54074","page","type-page","status-publish","has-post-thumbnail"],"_links":{"self":[{"href":"https:\/\/www.sisinternational.com\/it\/wp-json\/wp\/v2\/pages\/54074","targetHints":{"allow":["GET"]}}],"collection":[{"href":"https:\/\/www.sisinternational.com\/it\/wp-json\/wp\/v2\/pages"}],"about":[{"href":"https:\/\/www.sisinternational.com\/it\/wp-json\/wp\/v2\/types\/page"}],"author":[{"embeddable":true,"href":"https:\/\/www.sisinternational.com\/it\/wp-json\/wp\/v2\/users\/1"}],"replies":[{"embeddable":true,"href":"https:\/\/www.sisinternational.com\/it\/wp-json\/wp\/v2\/comments?post=54074"}],"version-history":[{"count":9,"href":"https:\/\/www.sisinternational.com\/it\/wp-json\/wp\/v2\/pages\/54074\/revisions"}],"predecessor-version":[{"id":75637,"href":"https:\/\/www.sisinternational.com\/it\/wp-json\/wp\/v2\/pages\/54074\/revisions\/75637"}],"up":[{"embeddable":true,"href":"https:\/\/www.sisinternational.com\/it\/wp-json\/wp\/v2\/pages\/14567"}],"wp:featuredmedia":[{"embeddable":true,"href":"https:\/\/www.sisinternational.com\/it\/wp-json\/wp\/v2\/media\/69512"}],"wp:attachment":[{"href":"https:\/\/www.sisinternational.com\/it\/wp-json\/wp\/v2\/media?parent=54074"}],"curies":[{"name":"wp","href":"https:\/\/api.w.org\/{rel}","templated":true}]}}